{"id":14533,"date":"2018-08-21T10:08:33","date_gmt":"2018-08-21T09:08:33","guid":{"rendered":"https:\/\/lottohoy.com\/?page_id=14533"},"modified":"2025-03-17T11:44:28","modified_gmt":"2025-03-17T11:44:28","slug":"joaca-la-primitiva","status":"publish","type":"page","link":"https:\/\/lottohoy.com\/ro\/joaca-la-loterie-online\/joaca-la-primitiva\/","title":{"rendered":"Joac\u0103 La Primitiva"},"content":{"rendered":"<p>Ceea ce \u0219tim ast\u0103zi ca \u201eLa primitiva\u201d este cel mai vechi joc de loterie din Spania. De la crearea sa \u00een 1763, dezvoltarea sa a fost foarte asem\u0103n\u0103toare cu sistemul actual, 4 numere trebuind s\u0103 fie alese dintr-un total de 90, din acest motiv era cunoscut\u0103 sub numele de \u201eLoteria dup\u0103 numere\u201d.<\/p>\n<p>Aceast\u0103 loterie a fost redenumit\u0103 definitiv La Primitiva, ca urmare a cre\u0103rii unei noi loterie care a fost comercializat\u0103 prin tichete care aveau imprimat un num\u0103r pentru a participa la extrageri. Ceea ce \u0219tim ast\u0103zi ca Loteria Na\u021bional\u0103.<\/p>\n<p>\u00cen 1862, guvernul vremii a hot\u0103r\u00e2t s\u0103 suprime extragerea primitiv\u0103 pentru a acorda o importan\u021b\u0103 mai mare loteriei dup\u0103 numere, deoarece aceasta avea o mare acceptare; \u0219i abia a trecut pu\u021bin peste un secol, \u00een 1985, c\u00e2nd loteria primitiv\u0103 a reap\u0103rut cu ajutorul <strong>Loter\u00edas y Apuesta del Estado (LAE),<\/strong> care este organismul responsabil de loteriile din Spania.<\/p>\n<h3>Varia\u021bii ale reglement\u0103rilor p\u00e2n\u0103 \u00een prezent<\/h3>\n<p>S-a trecut de la o tragere s\u0103pt\u0103m\u00e2nal\u0103 la dou\u0103 extrageri (joi \u0219i s\u00e2mb\u0103t\u0103, din mai 1990)<br \/>\nPre\u021bul ini\u021bial de 25 Ptas (aproximativ 0,15 \u20ac) a crescut pu\u021bin c\u00e2te pu\u021bin, p\u00e2n\u0103 la pre\u021bul actual.<br \/>\n\u00cen 1991, o minge suplimentar\u0103 \u201ereintegro\u201d a fost ad\u0103ugat\u0103 jocului.<br \/>\n\u00cen 2012, a fost ad\u0103ugat\u0103 \u00eenc\u0103 o posibilitate de a juca \u00een extragerea primitiv\u0103 cu o extragere op\u021bional\u0103 asociat\u0103 aceluia\u0219i bilet primitiv, \u201eJocker\u201d.<br \/>\nCoincidend cu acea dat\u0103, \u00een regulament se stabile\u0219te c\u0103 doar acele bilete care, pe l\u00e2ng\u0103 potrivirea combina\u021biei celor 6 bile, lovesc \u0219i mingea extra rambursat\u0103, vor fi eligibile pentru pot.<\/p>\n<h2>Cum joci Primitiva?<\/h2>\n<p>Pentru a juca primitivul trebuie doar s\u0103 alegi 6 numere dintr-o coloan\u0103 format\u0103 dintr-un total de 49 (numerotate de la 1 la 49). Pre\u021bul pariului simplu este de 2 euro.<\/p>\n<p>Exist\u0103 mai multe moduri de a plasa pariuri: pariuri simple, multiple \u0219i reduse<\/p>\n<p style=\"padding-left: 40px;\">Pariu simplu: se folosesc c\u00e2te coloane de joc se dore\u0219te cu minim 1 \u0219i maxim 8 coloane. C\u00e2nd juca\u021bi online pute\u021bi paria c\u00e2te coloane dore\u0219te juc\u0103torul.<br \/>\nPariul multiplu: \u00cen acest caz, va fi folosit\u0103 doar prima coloan\u0103 a biletului \u0219i pot fi marcate de la 7 numere la 11.<br \/>\nCu c\u00e2t bifa\u021bi mai multe casete cu numere, cu at\u00e2t este mai mare num\u0103rul de pariuri la care participa\u021bi.<br \/>\nMiza redus\u0103: Acest pariu este oferit de sistemul \u00eensu\u0219i \u0219i este, \u00een general, utilizat exclusiv pe biletul fizic.<\/p>\n<h2>Cum func\u021bioneaz\u0103 desenul Primitiva?<\/h2>\n<p>Extragerea se efectueaz\u0103 folosind dou\u0103 tobe. Una dintre ele con\u021bine cele 49 de bile numerotate din care vor fi extrase cele 6 numere pentru combina\u021bia c\u00e2\u0219tig\u0103toare, plus o a \u0219aptea bil\u0103 care se va numi \u201ecea complementar\u0103\u201d.<\/p>\n<p>Acest num\u0103r complementar nu este marcat pe bilet \u0219i, a\u0219a cum indic\u0103 \u0219i numele, serve\u0219te pentru a completa acele pariuri care se potrivesc cu 5 din cele 6 numere ale combina\u021biei c\u00e2\u0219tig\u0103toare. Premiu pentru a doua categorie de 5 numere plus cea complementar\u0103.<\/p>\n<p>Bila de rambursare este extras\u0103 din al doilea tambur. Astfel, acest num\u0103r de rambursare serve\u0219te pentru a recompensa exclusiv acei juc\u0103tori care ghicesc corect acest num\u0103r, primind cu titlu de premiu suma pariului simplu.<\/p>\n<h2>\u00cen ce zile se joac\u0103 La Primitiva?<\/h2>\n<p>La Primitiva este s\u0103rb\u0103torit\u0103 de dou\u0103 ori pe s\u0103pt\u0103m\u00e2n\u0103, joia \u0219i s\u00e2mb\u0103ta. Tragerea la sor\u021bi are loc la ora 21:40. din Spania, \u00eentr-un eveniment public \u00een salonul Loteriilor \u0219i Pariurilor de Stat (LAE) din Madrid.<\/p>\n<p>Reglement\u0103rile Primitiva prev\u0103d posibilitatea de a modifica locul, ziua \u0219i ora extragerii sau de a modifica datele.<\/p>\n<h2>C\u00e2t cost\u0103 Primitiva?<\/h2>\n<p>La LottoHoy po\u021bi juca Primitiva de la un pre\u021b de 2,50\u20ac pe coloan\u0103.<\/p>\n<p>De\u0219i oficial doar reziden\u021bii din Spania pot accesa acest joc, ast\u0103zi \u0219i prin intermediul platformelor online, pute\u021bi accesa achizi\u021bia de bilete \u0219i <span style=\"color: #3366ff;\"><a style=\"color: #3366ff;\" href=\"https:\/\/lottohoy.com\/ro\/rezultate-la-loterie\/rezultatele-la-primitiva\/\">pute\u021bi consulta rezultatele<\/a><\/span> primei runde din orice \u021bar\u0103.<\/p>\n<h2>Cum s\u0103 cumperi Primitiva?<\/h2>\n<p>Efectuarea achizi\u021biei \u0219i participarea la tombolele Primitiva prin platforma noastr\u0103 este foarte simpl\u0103, u\u0219oar\u0103 \u0219i confortabil\u0103.<\/p>\n<p>C\u00e2nd accesa\u021bi pagina de joc, pute\u021bi plasa pariul sau pariurile dorite folosind coloanele de joc (numite \u0219i linii) afi\u0219ate. Ini\u021bial, apar 5 coloane, dar acestea pot fi extinse de c\u00e2te ori se dore\u0219te pur \u0219i simplu f\u0103c\u00e2nd clic pe caseta \u201eMai multe linii\u201d.<\/p>\n<p>\u00cen fiecare coloan\u0103 vor fi marcate 6 numere pentru a configura jocul. Aceast\u0103 combina\u021bie poate fi f\u0103cut\u0103 manual sau permi\u021b\u00e2nd sistemului \u00eensu\u0219i s\u0103 aleag\u0103 o combina\u021bie aleatorie pentru juc\u0103tor. Aceast\u0103 selec\u021bie aleatorie se face prin plasarea cursorului \u00een coloan\u0103 \u0219i apare o caset\u0103 de sus care indic\u0103 \u201eselec\u021bie rapid\u0103\u201d.<\/p>\n<p>Odat\u0103 ce num\u0103rul de coloane (pariuri) pe care juc\u0103torul dore\u0219te s\u0103 le joace a fost determinat, \u00een partea de jos apare caseta verde cu cuv\u00e2ntul \u201econtinuare\u201d.<\/p>\n<p>Odat\u0103 ajuns \u00een co\u0219, se deschide un nou ecran care ne arat\u0103 o serie de metode de plat\u0103: de la carduri de credit \u0219i sisteme cunoscute precum Skrill sau Neteller, p\u00e2n\u0103 la o mare varietate de mijloace, inclusiv criptomonede.<\/p>\n<h2>Premii Primitiva<\/h2>\n<p>55% din \u00eencas\u0103rile din fiecare extragere sunt alocate pl\u0103\u021bii premiilor, 10% sunt alocate pl\u0103\u021bii ramburs\u0103rii, iar suma corespunz\u0103toare pl\u0103\u021bii fixe de 8 \u20ac pentru fiecare c\u00e2\u0219tig\u0103tor din categoria a 5-a va fi separat\u0103 de restul de 45%, iar restul este repartizat \u00eentre cele 4 categorii principale plus categoria special\u0103.<\/p>\n<p style=\"padding-left: 40px;\">O categorie special\u0103, pentru cei care ghicesc combina\u021bia complet\u0103 c\u00e2\u0219tig\u0103toare (6 numere + rambursarea). Aceast\u0103 categorie ia aproximativ 6,18% din colec\u021bie plus suma jackpotului acumulat, dac\u0103 este cazul. Este garantat minim 2 milioane de euro.<br \/>\nPrima categorie, pentru cei care ghicesc combina\u021bia principal\u0103 a celor 6 numere. 12,04% din \u00eencas\u0103ri sunt alocate acestei categorii, care vor fi distribuite \u00eentre to\u021bi c\u00e2\u0219tig\u0103torii din aceast\u0103 categorie.<br \/>\nA doua categorie, pentru cei care ghicesc 5 numere plus cel complementar. La aceast\u0103 categorie, c\u00e2\u0219tig\u0103torii \u00eempart 1,80% din \u00eencas\u0103ri.<br \/>\nA treia categorie, pentru cei care ghicesc 5 numere, \u0219i distribuie 3,91%.<br \/>\nCategoria a patra, pentru cei care ob\u021bin 4 numere corecte \u0219i distribuie 6,32%.<br \/>\nCategoria a cincea, pentru cei care ob\u021bin corect 3 numere, au un premiu fix de 8\u20ac fiecare \u0219i asta \u00eenseamn\u0103 aproximativ 14,12% din colec\u021bie.<br \/>\nReintegrarea, pentru cei care au ghicit num\u0103rul considerat rambursare, a fost creat un fond cu 10% din \u00eencas\u0103rile din fiecare extragere pentru a face efectiv\u0103 plata fix\u0103 \u200b\u200bechivalent\u0103 cu suma unui pariu simplu.<\/p>\n<p>Suma premiilor ob\u021binute este introdus\u0103 direct \u00een contul utilizatorilor \u00eenregistra\u021bi.<\/p>\n","protected":false},"excerpt":{"rendered":"<p>Ceea ce \u0219tim ast\u0103zi ca \u201eLa primitiva\u201d este cel mai vechi joc de loterie din Spania. De la crearea sa \u00een 1763, dezvoltarea sa a fost foarte asem\u0103n\u0103toare cu sistemul actual, 4 numere trebuind s\u0103 fie alese dintr-un total de 90, din acest motiv era cunoscut\u0103 sub numele de \u201eLoteria dup\u0103 numere\u201d. Aceast\u0103 loterie a [&hellip;]<\/p>\n","protected":false},"author":2,"featured_media":0,"parent":14386,"menu_order":6,"comment_status":"closed","ping_status":"closed","template":"la-primitiva.php","meta":{"_et_pb_use_builder":"","_et_pb_old_content":"","_et_gb_content_width":"","exclude_from_search":false,"footnotes":""},"class_list":["post-14533","page","type-page","status-publish","hentry"],"yoast_head":"<!-- This site is optimized with the Yoast SEO plugin v23.7 - https:\/\/yoast.com\/wordpress\/plugins\/seo\/ -->\n<title>Joac\u0103 La Primitiva - Lottohoy<\/title>\n<meta name=\"description\" content=\"Joac\u0103 La Primitiva de acas\u0103, selecteaz\u0103-\u021bi cele 6 numere preferate dintr-o coloan\u0103 cu un total de 49 de numere. Cel mai simplu \u0219i mai rapid mod de a c\u00e2\u0219tiga online.\" \/>\n<meta name=\"robots\" content=\"index, follow, max-snippet:-1, max-image-preview:large, max-video-preview:-1\" \/>\n<link rel=\"canonical\" href=\"https:\/\/lottohoy.com\/ro\/joaca-la-loterie-online\/joaca-la-primitiva\/\" \/>\n<meta property=\"og:locale\" content=\"ro_RO\" \/>\n<meta property=\"og:type\" content=\"article\" \/>\n<meta property=\"og:title\" content=\"Joac\u0103 La Primitiva - Lottohoy\" \/>\n<meta property=\"og:description\" content=\"Joac\u0103 La Primitiva de acas\u0103, selecteaz\u0103-\u021bi cele 6 numere preferate dintr-o coloan\u0103 cu un total de 49 de numere. Cel mai simplu \u0219i mai rapid mod de a c\u00e2\u0219tiga online.\" \/>\n<meta property=\"og:url\" content=\"https:\/\/lottohoy.com\/ro\/joaca-la-loterie-online\/joaca-la-primitiva\/\" \/>\n<meta property=\"og:site_name\" content=\"Lottohoy\" \/>\n<meta property=\"article:modified_time\" content=\"2025-03-17T11:44:28+00:00\" \/>\n<meta name=\"twitter:card\" content=\"summary_large_image\" \/>\n<meta name=\"twitter:label1\" content=\"Timp estimat pentru citire\" \/>\n\t<meta name=\"twitter:data1\" content=\"5 minute\" \/>\n<script type=\"application\/ld+json\" class=\"yoast-schema-graph\">{\"@context\":\"https:\/\/schema.org\",\"@graph\":[{\"@type\":\"WebPage\",\"@id\":\"https:\/\/lottohoy.com\/ro\/joaca-la-loterie-online\/joaca-la-primitiva\/\",\"url\":\"https:\/\/lottohoy.com\/ro\/joaca-la-loterie-online\/joaca-la-primitiva\/\",\"name\":\"Joac\u0103 La Primitiva - Lottohoy\",\"isPartOf\":{\"@id\":\"https:\/\/lottohoy.com\/ro\/#website\"},\"datePublished\":\"2018-08-21T09:08:33+00:00\",\"dateModified\":\"2025-03-17T11:44:28+00:00\",\"description\":\"Joac\u0103 La Primitiva de acas\u0103, selecteaz\u0103-\u021bi cele 6 numere preferate dintr-o coloan\u0103 cu un total de 49 de numere. Cel mai simplu \u0219i mai rapid mod de a c\u00e2\u0219tiga online.\",\"breadcrumb\":{\"@id\":\"https:\/\/lottohoy.com\/ro\/joaca-la-loterie-online\/joaca-la-primitiva\/#breadcrumb\"},\"inLanguage\":\"ro-RO\",\"potentialAction\":[{\"@type\":\"ReadAction\",\"target\":[\"https:\/\/lottohoy.com\/ro\/joaca-la-loterie-online\/joaca-la-primitiva\/\"]}]},{\"@type\":\"BreadcrumbList\",\"@id\":\"https:\/\/lottohoy.com\/ro\/joaca-la-loterie-online\/joaca-la-primitiva\/#breadcrumb\",\"itemListElement\":[{\"@type\":\"ListItem\",\"position\":1,\"name\":\"Home\",\"item\":\"https:\/\/lottohoy.com\/ro\/\"},{\"@type\":\"ListItem\",\"position\":2,\"name\":\"Joac\u0103 la loterie online\",\"item\":\"https:\/\/lottohoy.com\/ro\/joaca-la-loterie-online\/\"},{\"@type\":\"ListItem\",\"position\":3,\"name\":\"Joac\u0103 La Primitiva\"}]},{\"@type\":\"WebSite\",\"@id\":\"https:\/\/lottohoy.com\/ro\/#website\",\"url\":\"https:\/\/lottohoy.com\/ro\/\",\"name\":\"Lottohoy\",\"description\":\"\",\"potentialAction\":[{\"@type\":\"SearchAction\",\"target\":{\"@type\":\"EntryPoint\",\"urlTemplate\":\"https:\/\/lottohoy.com\/ro\/?s={search_term_string}\"},\"query-input\":{\"@type\":\"PropertyValueSpecification\",\"valueRequired\":true,\"valueName\":\"search_term_string\"}}],\"inLanguage\":\"ro-RO\"}]}<\/script>\n<!-- \/ Yoast SEO plugin. -->","yoast_head_json":{"title":"Joac\u0103 La Primitiva - Lottohoy","description":"Joac\u0103 La Primitiva de acas\u0103, selecteaz\u0103-\u021bi cele 6 numere preferate dintr-o coloan\u0103 cu un total de 49 de numere. Cel mai simplu \u0219i mai rapid mod de a c\u00e2\u0219tiga online.","robots":{"index":"index","follow":"follow","max-snippet":"max-snippet:-1","max-image-preview":"max-image-preview:large","max-video-preview":"max-video-preview:-1"},"canonical":"https:\/\/lottohoy.com\/ro\/joaca-la-loterie-online\/joaca-la-primitiva\/","og_locale":"ro_RO","og_type":"article","og_title":"Joac\u0103 La Primitiva - Lottohoy","og_description":"Joac\u0103 La Primitiva de acas\u0103, selecteaz\u0103-\u021bi cele 6 numere preferate dintr-o coloan\u0103 cu un total de 49 de numere. Cel mai simplu \u0219i mai rapid mod de a c\u00e2\u0219tiga online.","og_url":"https:\/\/lottohoy.com\/ro\/joaca-la-loterie-online\/joaca-la-primitiva\/","og_site_name":"Lottohoy","article_modified_time":"2025-03-17T11:44:28+00:00","twitter_card":"summary_large_image","twitter_misc":{"Timp estimat pentru citire":"5 minute"},"schema":{"@context":"https:\/\/schema.org","@graph":[{"@type":"WebPage","@id":"https:\/\/lottohoy.com\/ro\/joaca-la-loterie-online\/joaca-la-primitiva\/","url":"https:\/\/lottohoy.com\/ro\/joaca-la-loterie-online\/joaca-la-primitiva\/","name":"Joac\u0103 La Primitiva - Lottohoy","isPartOf":{"@id":"https:\/\/lottohoy.com\/ro\/#website"},"datePublished":"2018-08-21T09:08:33+00:00","dateModified":"2025-03-17T11:44:28+00:00","description":"Joac\u0103 La Primitiva de acas\u0103, selecteaz\u0103-\u021bi cele 6 numere preferate dintr-o coloan\u0103 cu un total de 49 de numere. Cel mai simplu \u0219i mai rapid mod de a c\u00e2\u0219tiga online.","breadcrumb":{"@id":"https:\/\/lottohoy.com\/ro\/joaca-la-loterie-online\/joaca-la-primitiva\/#breadcrumb"},"inLanguage":"ro-RO","potentialAction":[{"@type":"ReadAction","target":["https:\/\/lottohoy.com\/ro\/joaca-la-loterie-online\/joaca-la-primitiva\/"]}]},{"@type":"BreadcrumbList","@id":"https:\/\/lottohoy.com\/ro\/joaca-la-loterie-online\/joaca-la-primitiva\/#breadcrumb","itemListElement":[{"@type":"ListItem","position":1,"name":"Home","item":"https:\/\/lottohoy.com\/ro\/"},{"@type":"ListItem","position":2,"name":"Joac\u0103 la loterie online","item":"https:\/\/lottohoy.com\/ro\/joaca-la-loterie-online\/"},{"@type":"ListItem","position":3,"name":"Joac\u0103 La Primitiva"}]},{"@type":"WebSite","@id":"https:\/\/lottohoy.com\/ro\/#website","url":"https:\/\/lottohoy.com\/ro\/","name":"Lottohoy","description":"","potentialAction":[{"@type":"SearchAction","target":{"@type":"EntryPoint","urlTemplate":"https:\/\/lottohoy.com\/ro\/?s={search_term_string}"},"query-input":{"@type":"PropertyValueSpecification","valueRequired":true,"valueName":"search_term_string"}}],"inLanguage":"ro-RO"}]}},"_links":{"self":[{"href":"https:\/\/lottohoy.com\/ro\/wp-json\/wp\/v2\/pages\/14533","targetHints":{"allow":["GET"]}}],"collection":[{"href":"https:\/\/lottohoy.com\/ro\/wp-json\/wp\/v2\/pages"}],"about":[{"href":"https:\/\/lottohoy.com\/ro\/wp-json\/wp\/v2\/types\/page"}],"author":[{"embeddable":true,"href":"https:\/\/lottohoy.com\/ro\/wp-json\/wp\/v2\/users\/2"}],"replies":[{"embeddable":true,"href":"https:\/\/lottohoy.com\/ro\/wp-json\/wp\/v2\/comments?post=14533"}],"version-history":[{"count":3,"href":"https:\/\/lottohoy.com\/ro\/wp-json\/wp\/v2\/pages\/14533\/revisions"}],"predecessor-version":[{"id":15691,"href":"https:\/\/lottohoy.com\/ro\/wp-json\/wp\/v2\/pages\/14533\/revisions\/15691"}],"up":[{"embeddable":true,"href":"https:\/\/lottohoy.com\/ro\/wp-json\/wp\/v2\/pages\/14386"}],"wp:attachment":[{"href":"https:\/\/lottohoy.com\/ro\/wp-json\/wp\/v2\/media?parent=14533"}],"curies":[{"name":"wp","href":"https:\/\/api.w.org\/{rel}","templated":true}]}}