{"id":14529,"date":"2018-05-03T14:23:27","date_gmt":"2018-05-03T13:23:27","guid":{"rendered":"https:\/\/lottohoy.com\/?page_id=14529"},"modified":"2025-03-17T11:38:27","modified_gmt":"2025-03-17T11:38:27","slug":"joaca-superenalotto","status":"publish","type":"page","link":"https:\/\/lottohoy.com\/ro\/joaca-la-loterie-online\/joaca-superenalotto\/","title":{"rendered":"Joac\u0103 SuperEnalotto"},"content":{"rendered":"<h2>Joac\u0103 Superenalotto online<\/h2>\n<p>Superenalotto este cel mai cunoscut joc din Italia \u0219i, \u00een acela\u0219i timp, unul dintre cele mai importante din toat\u0103 Europa, datorit\u0103 jackpot-urilor mari la care se ajunge.<\/p>\n<p>Modul de joc este foarte simplu: dintr-o mas\u0103 care este format\u0103 din 90 de casete, numerotate de la 1 la 90, trebuie s\u0103 selectezi 6 \u0219i s\u0103 ob\u021bii astfel combina\u021bia c\u00e2\u0219tig\u0103toare a potului.<\/p>\n<p>Extragerea acestor numere se face prin dou\u0103 ma\u0219ini. Din prima se extrag bilele numerotate (6 principale + 1 extra pentru wild card sau Jolly Ball) iar din cealalta masina se extrage o bila pentru a determina numarul Super Star.<\/p>\n<p>Acest num\u0103r suplimentar sau jolly wild card poate fi ales de juc\u0103tor \u00eensu\u0219i sau permis de sistem s\u0103-l aleag\u0103 la \u00eent\u00e2mplare \u0219i implic\u0103 un cost suplimentar.<\/p>\n<h2>Cum s\u0103 joci Superenalotto online?<\/h2>\n<p>Jocul Superenalotto online este foarte u\u0219or, trebuie pur \u0219i simplu s\u0103-\u021bi creezi un cont de utilizator \u00een LottoHoy pentru a putea accesa toate informa\u021biile despre \u00eencas\u0103ri, pl\u0103\u021bi, abonamente, bilete achizi\u021bionate, statistici etc&#8230;<\/p>\n<p>Pe aceea\u0219i pagin\u0103 sunt afi\u0219ate cinci coloane de joc, fiecare dintre cele 5 coloane av\u00e2nd casete numerotate de la 1 la 90 \u0219i pute\u021bi completa c\u00e2te dori\u021bi. Fiecare coloan\u0103 se refer\u0103 la un pariu simplu al c\u0103rui pre\u021b este de 3,00 Euro.<\/p>\n<p>\u00cen aceste coloane sau r\u00e2nduri de 90 de numere este locul unde trebuie f\u0103cut\u0103 prognoza dorit\u0103, presupun\u00e2nd c\u0103 trebuie marcate 6 numere pentru o simpl\u0103 joc.<br \/>\nSistemul ne permite s\u0103 complet\u0103m manual aceste casete sau, folosind caseta de selec\u021bie rapid\u0103, care apare deasupra fiec\u0103rei tabl\u0103, s\u0103 l\u0103s\u0103m sistemul \u00eensu\u0219i s\u0103 aleag\u0103 aleatoriu combina\u021bia pariului nostru.<\/p>\n<p>Odat\u0103 ce s-a f\u0103cut selec\u021bia numerelor \u00eentr-una sau mai multe coloane, merge\u021bi la caseta CONTINUARE \u0219i trece\u021bi la plata. Este at\u00e2t de simplu.<\/p>\n<h2>Premiile Superenalotto Italia<\/h2>\n<p>Superenalotto are diverse moduri de distribuire a premiilor, p\u00e2n\u0103 la un total de 15, inclusiv premiile principale, premiile Super Star \u0219i Win Instantly. Valoarea premiilor ce urmeaz\u0103 a fi distribuit\u0103 \u00eentre diferitele categorii variaz\u0103 \u00een func\u021bie de sumele str\u00e2nse.<\/p>\n<p>Aici ne vom concentra pe principalele premii care pot fi accesate de pe platforma online.<\/p>\n<p>Exist\u0103 \u0219ase categorii pentru <span style=\"color: #3366ff;\"><a style=\"color: #3366ff;\" href=\"https:\/\/lottohoy.com\/ro\/rezultate-la-loterie\/rezultate-superenalotto\/\">rezultatele Superenalotto<\/a><\/span>:<\/p>\n<p style=\"padding-left: 40px;\">Prima categorie: Pentru cei care ghicesc corect cele 6 numere ale combina\u021biei.<br \/>\nA doua categorie: 5 lovituri plus mingea wild card, numit\u0103 \u0219i Jolly.<br \/>\nA treia categorie: 5 lovituri ale combina\u021biei.<br \/>\nCategoria a patra: 4 lovituri ale combina\u021biei.<br \/>\nCategoria a cincea: 3 lovituri ale combina\u021biei.<br \/>\nCategoria a \u0219asea: pentru cei care ghicesc 2 numere ale combina\u021biei.<\/p>\n<h2>C\u00e2nd se extrage Superenalotto?<\/h2>\n<p>\u00cen mod obi\u0219nuit, extragerile loteriei Superenalotto au loc \u00een fiecare mar\u021bi, joi \u0219i s\u00e2mb\u0103t\u0103 la ora 20:00 GTM.<br \/>\nCu toate acestea, unele dintre aceste date pot fi \u00eenlocuite dac\u0103 coincide cu o dat\u0103 desemnat\u0103 ca s\u0103rb\u0103toare general\u0103 (Ziua Republicii, Ziua Tuturor Sfin\u021bilor, Imaculata Concep\u021bie, Cr\u0103ciun etc.).<\/p>\n<p>\u00centruc\u00e2t acestea sunt extrageri \u00een astfel de zile consecutive (mar\u021bi-joi-s\u00e2mb\u0103t\u0103), poate ap\u0103rea \u00eemprejurarea c\u0103 nu este posibil\u0103 mutarea extragerii \u00eentr-o zi anterioar\u0103 sau urm\u0103toare, iar \u00een acest caz mai multe date ale extragerii trebuie modificate \u00een acela\u0219i timp. De obicei, \u00een aceste cazuri, extragerile sunt reprogramate \u00een avans.<\/p>\n<h2>C\u00e2t cost\u0103 s\u0103 joci Superenalotto?<\/h2>\n<p>Pre\u021bul fiec\u0103rui bilet SuperEnalotto pe LottoHoy \u00eencepe de la 3 EUR \u0219i include toate costurile de gestionare \u0219i gestionarea achizi\u021biilor prin v\u00e2nz\u0103tori oficiali \u0219i\/sau similari.<\/p>\n","protected":false},"excerpt":{"rendered":"<p>Joac\u0103 Superenalotto online Superenalotto este cel mai cunoscut joc din Italia \u0219i, \u00een acela\u0219i timp, unul dintre cele mai importante din toat\u0103 Europa, datorit\u0103 jackpot-urilor mari la care se ajunge. Modul de joc este foarte simplu: dintr-o mas\u0103 care este format\u0103 din 90 de casete, numerotate de la 1 la 90, trebuie s\u0103 selectezi 6 [&hellip;]<\/p>\n","protected":false},"author":2,"featured_media":0,"parent":14386,"menu_order":5,"comment_status":"closed","ping_status":"closed","template":"superenalotto.php","meta":{"_et_pb_use_builder":"","_et_pb_old_content":"","_et_gb_content_width":"","exclude_from_search":false,"footnotes":""},"class_list":["post-14529","page","type-page","status-publish","hentry"],"yoast_head":"<!-- This site is optimized with the Yoast SEO plugin v23.7 - https:\/\/yoast.com\/wordpress\/plugins\/seo\/ -->\n<title>Joac\u0103 SuperEnalotto - Lottohoy<\/title>\n<meta name=\"description\" content=\"Superenalotto este cel mai cunoscut joc din Italia \u0219i unul dintre cele mai importante din Europa datorit\u0103 jackpoturilor uria\u0219e pe care le ofer\u0103.\" \/>\n<meta name=\"robots\" content=\"index, follow, max-snippet:-1, max-image-preview:large, max-video-preview:-1\" \/>\n<link rel=\"canonical\" href=\"https:\/\/lottohoy.com\/ro\/joaca-la-loterie-online\/joaca-superenalotto\/\" \/>\n<meta property=\"og:locale\" content=\"ro_RO\" \/>\n<meta property=\"og:type\" content=\"article\" \/>\n<meta property=\"og:title\" content=\"Joac\u0103 SuperEnalotto - Lottohoy\" \/>\n<meta property=\"og:description\" content=\"Superenalotto este cel mai cunoscut joc din Italia \u0219i unul dintre cele mai importante din Europa datorit\u0103 jackpoturilor uria\u0219e pe care le ofer\u0103.\" \/>\n<meta property=\"og:url\" content=\"https:\/\/lottohoy.com\/ro\/joaca-la-loterie-online\/joaca-superenalotto\/\" \/>\n<meta property=\"og:site_name\" content=\"Lottohoy\" \/>\n<meta property=\"article:modified_time\" content=\"2025-03-17T11:38:27+00:00\" \/>\n<meta name=\"twitter:card\" content=\"summary_large_image\" \/>\n<meta name=\"twitter:label1\" content=\"Timp estimat pentru citire\" \/>\n\t<meta name=\"twitter:data1\" content=\"3 minute\" \/>\n<script type=\"application\/ld+json\" class=\"yoast-schema-graph\">{\"@context\":\"https:\/\/schema.org\",\"@graph\":[{\"@type\":\"WebPage\",\"@id\":\"https:\/\/lottohoy.com\/ro\/joaca-la-loterie-online\/joaca-superenalotto\/\",\"url\":\"https:\/\/lottohoy.com\/ro\/joaca-la-loterie-online\/joaca-superenalotto\/\",\"name\":\"Joac\u0103 SuperEnalotto - Lottohoy\",\"isPartOf\":{\"@id\":\"https:\/\/lottohoy.com\/ro\/#website\"},\"datePublished\":\"2018-05-03T13:23:27+00:00\",\"dateModified\":\"2025-03-17T11:38:27+00:00\",\"description\":\"Superenalotto este cel mai cunoscut joc din Italia \u0219i unul dintre cele mai importante din Europa datorit\u0103 jackpoturilor uria\u0219e pe care le ofer\u0103.\",\"breadcrumb\":{\"@id\":\"https:\/\/lottohoy.com\/ro\/joaca-la-loterie-online\/joaca-superenalotto\/#breadcrumb\"},\"inLanguage\":\"ro-RO\",\"potentialAction\":[{\"@type\":\"ReadAction\",\"target\":[\"https:\/\/lottohoy.com\/ro\/joaca-la-loterie-online\/joaca-superenalotto\/\"]}]},{\"@type\":\"BreadcrumbList\",\"@id\":\"https:\/\/lottohoy.com\/ro\/joaca-la-loterie-online\/joaca-superenalotto\/#breadcrumb\",\"itemListElement\":[{\"@type\":\"ListItem\",\"position\":1,\"name\":\"Home\",\"item\":\"https:\/\/lottohoy.com\/ro\/\"},{\"@type\":\"ListItem\",\"position\":2,\"name\":\"Joac\u0103 la loterie online\",\"item\":\"https:\/\/lottohoy.com\/ro\/joaca-la-loterie-online\/\"},{\"@type\":\"ListItem\",\"position\":3,\"name\":\"Joac\u0103 SuperEnalotto\"}]},{\"@type\":\"WebSite\",\"@id\":\"https:\/\/lottohoy.com\/ro\/#website\",\"url\":\"https:\/\/lottohoy.com\/ro\/\",\"name\":\"Lottohoy\",\"description\":\"\",\"potentialAction\":[{\"@type\":\"SearchAction\",\"target\":{\"@type\":\"EntryPoint\",\"urlTemplate\":\"https:\/\/lottohoy.com\/ro\/?s={search_term_string}\"},\"query-input\":{\"@type\":\"PropertyValueSpecification\",\"valueRequired\":true,\"valueName\":\"search_term_string\"}}],\"inLanguage\":\"ro-RO\"}]}<\/script>\n<!-- \/ Yoast SEO plugin. -->","yoast_head_json":{"title":"Joac\u0103 SuperEnalotto - Lottohoy","description":"Superenalotto este cel mai cunoscut joc din Italia \u0219i unul dintre cele mai importante din Europa datorit\u0103 jackpoturilor uria\u0219e pe care le ofer\u0103.","robots":{"index":"index","follow":"follow","max-snippet":"max-snippet:-1","max-image-preview":"max-image-preview:large","max-video-preview":"max-video-preview:-1"},"canonical":"https:\/\/lottohoy.com\/ro\/joaca-la-loterie-online\/joaca-superenalotto\/","og_locale":"ro_RO","og_type":"article","og_title":"Joac\u0103 SuperEnalotto - Lottohoy","og_description":"Superenalotto este cel mai cunoscut joc din Italia \u0219i unul dintre cele mai importante din Europa datorit\u0103 jackpoturilor uria\u0219e pe care le ofer\u0103.","og_url":"https:\/\/lottohoy.com\/ro\/joaca-la-loterie-online\/joaca-superenalotto\/","og_site_name":"Lottohoy","article_modified_time":"2025-03-17T11:38:27+00:00","twitter_card":"summary_large_image","twitter_misc":{"Timp estimat pentru citire":"3 minute"},"schema":{"@context":"https:\/\/schema.org","@graph":[{"@type":"WebPage","@id":"https:\/\/lottohoy.com\/ro\/joaca-la-loterie-online\/joaca-superenalotto\/","url":"https:\/\/lottohoy.com\/ro\/joaca-la-loterie-online\/joaca-superenalotto\/","name":"Joac\u0103 SuperEnalotto - Lottohoy","isPartOf":{"@id":"https:\/\/lottohoy.com\/ro\/#website"},"datePublished":"2018-05-03T13:23:27+00:00","dateModified":"2025-03-17T11:38:27+00:00","description":"Superenalotto este cel mai cunoscut joc din Italia \u0219i unul dintre cele mai importante din Europa datorit\u0103 jackpoturilor uria\u0219e pe care le ofer\u0103.","breadcrumb":{"@id":"https:\/\/lottohoy.com\/ro\/joaca-la-loterie-online\/joaca-superenalotto\/#breadcrumb"},"inLanguage":"ro-RO","potentialAction":[{"@type":"ReadAction","target":["https:\/\/lottohoy.com\/ro\/joaca-la-loterie-online\/joaca-superenalotto\/"]}]},{"@type":"BreadcrumbList","@id":"https:\/\/lottohoy.com\/ro\/joaca-la-loterie-online\/joaca-superenalotto\/#breadcrumb","itemListElement":[{"@type":"ListItem","position":1,"name":"Home","item":"https:\/\/lottohoy.com\/ro\/"},{"@type":"ListItem","position":2,"name":"Joac\u0103 la loterie online","item":"https:\/\/lottohoy.com\/ro\/joaca-la-loterie-online\/"},{"@type":"ListItem","position":3,"name":"Joac\u0103 SuperEnalotto"}]},{"@type":"WebSite","@id":"https:\/\/lottohoy.com\/ro\/#website","url":"https:\/\/lottohoy.com\/ro\/","name":"Lottohoy","description":"","potentialAction":[{"@type":"SearchAction","target":{"@type":"EntryPoint","urlTemplate":"https:\/\/lottohoy.com\/ro\/?s={search_term_string}"},"query-input":{"@type":"PropertyValueSpecification","valueRequired":true,"valueName":"search_term_string"}}],"inLanguage":"ro-RO"}]}},"_links":{"self":[{"href":"https:\/\/lottohoy.com\/ro\/wp-json\/wp\/v2\/pages\/14529","targetHints":{"allow":["GET"]}}],"collection":[{"href":"https:\/\/lottohoy.com\/ro\/wp-json\/wp\/v2\/pages"}],"about":[{"href":"https:\/\/lottohoy.com\/ro\/wp-json\/wp\/v2\/types\/page"}],"author":[{"embeddable":true,"href":"https:\/\/lottohoy.com\/ro\/wp-json\/wp\/v2\/users\/2"}],"replies":[{"embeddable":true,"href":"https:\/\/lottohoy.com\/ro\/wp-json\/wp\/v2\/comments?post=14529"}],"version-history":[{"count":3,"href":"https:\/\/lottohoy.com\/ro\/wp-json\/wp\/v2\/pages\/14529\/revisions"}],"predecessor-version":[{"id":15688,"href":"https:\/\/lottohoy.com\/ro\/wp-json\/wp\/v2\/pages\/14529\/revisions\/15688"}],"up":[{"embeddable":true,"href":"https:\/\/lottohoy.com\/ro\/wp-json\/wp\/v2\/pages\/14386"}],"wp:attachment":[{"href":"https:\/\/lottohoy.com\/ro\/wp-json\/wp\/v2\/media?parent=14529"}],"curies":[{"name":"wp","href":"https:\/\/api.w.org\/{rel}","templated":true}]}}