{"id":14518,"date":"2018-05-03T14:23:25","date_gmt":"2018-05-03T13:23:25","guid":{"rendered":"https:\/\/lottohoy.com\/?page_id=14518"},"modified":"2025-03-17T11:32:46","modified_gmt":"2025-03-17T11:32:46","slug":"joaca-eurojackpot","status":"publish","type":"page","link":"https:\/\/lottohoy.com\/ro\/joaca-la-loterie-online\/joaca-eurojackpot\/","title":{"rendered":"Joac\u0103 Eurojackpot"},"content":{"rendered":"<p>Eurojackpot este un joc cu caracteristici similare cu <span style=\"color: #3366ff;\"><a style=\"color: #3366ff;\" href=\"https:\/\/lottohoy.com\/ro\/joaca-la-loterie-online\/joaca-euromillions\/\">EuroMillions<\/a><\/span>. Const\u0103 \u00een alegerea a cel pu\u021bin <strong>5 numere<\/strong> din cutiile incluse \u0219i numerotate de la 1 la 50 respectiv \u00een primul corp al biletelor de loterie.<\/p>\n<p>De asemenea, este obligatoriu alegerea a <strong>2 numere suplimentare<\/strong>, numite \u201esori\u201d din al doilea corp cu casete numerotate de la 1 la 12 inclusiv.<\/p>\n<p>Cu c\u00e2t potrivi\u021bi mai multe numere \u0219i sori, cu at\u00e2t mai mare este premiul pe care \u00eel pute\u021bi c\u00e2\u0219tiga la extragerea Eurojackpot.<\/p>\n<p>Exist\u0103 <strong>un premiu special pentru ghicitorul de prima categorie<\/strong> cu cele 5 numere principale \u0219i doi sori <span style=\"color: #3366ff;\"><a style=\"color: #3366ff;\" href=\"https:\/\/lottohoy.com\/ro\/rezultate-la-loterie\/\">(jackpot-ul<\/a><\/span>) \u0219i alte 11 categorii de premii inferioare.<\/p>\n<p><strong>Eurojackpot<\/strong> este o loterie european\u0103 care se joac\u0103 \u00een toat\u0103 Europa, dar \u00een organiza\u021bia sa au participat 18 \u021b\u0103ri: Germania, Croa\u021bia, Danemarca, Slovacia, Slovenia, Spania, Estonia, Finlanda, Ungaria, Italia, Islanda, Lituania, Letonia, Norvegia, Olanda, Polinia, Cehia \u0219i Suedia.<\/p>\n<p>Extragerile au loc \u00een fiecare vineri \u00een ora\u0219ul Helsinki, Finlanda.<\/p>\n<h2>Cum s\u0103 joci Eurojackpot?<\/h2>\n<p>Plasarea unui pariu <strong>simplu pe Eurojackpot<\/strong> este foarte simpl\u0103. Trebuie doar s\u0103 creezi o combina\u021bie a celor <strong>5 numere<\/strong> preferate \u00eentre 1 \u0219i 50 \u0219i alte <strong>2 numere<\/strong> \u00eentre 1 \u0219i 12.<\/p>\n<p>Cump\u0103rarea biletelor Eurojackpot este u\u0219or, f\u0103c\u00e2nd-o prin LottoHoy. Pre\u021bul unui singur pariu este de doar 3,95 euro.<\/p>\n<p>Pentru a juca avem 5 coloane ini\u021biale pe linie (extensibile p\u00e2n\u0103 la 8, folosind caseta <strong>MAI MULTE LINII)<\/strong>.<\/p>\n<p>Selectarea numerelor se poate face direct prin marcarea numerelor alese astfel \u00eenc\u00e2t acestea s\u0103 fie reflectate \u00een culoare, sau l\u0103s\u00e2nd sistemul \u00eensu\u0219i s\u0103 aleag\u0103, aleatoriu, numerele unei combina\u021bii folosind c\u0103su\u021ba <strong>SELECTARE RAPIDA<\/strong>.<\/p>\n<p>Odat\u0103 ce coloana sau coloanele \u00een care dori\u021bi s\u0103 participa\u021bi au fost completate, pur \u0219i simplu facem clic pe continua \u0219i trecem la plata pariurilor noastre. <span style=\"color: #3366ff;\"><a style=\"color: #3366ff;\" href=\"https:\/\/lottohoy.com\/ro\/registration\/\">Deschide-\u021bi contul<\/a><\/span> \u0219i particip\u0103 la urm\u0103toarea extragere Eurojackpot. Cu c\u00e2t plasezi mai multe pariuri, cu at\u00e2t ai mai multe \u0219anse s\u0103 c\u00e2\u0219tigi.<\/p>\n<h2>Pariuri multiple la Eurojackpot<\/h2>\n<p>Spre deosebire de <strong>pariul simplu<\/strong> \u00een care sunt marcate 5 + 2 numere \u00een fiecare dintre coloanele sau biletele \u00een care dori\u021bi s\u0103 juca\u021bi, \u00een <strong>pariul multiplu<\/strong> se va folosi doar prima coloan\u0103 a biletului, iar 5, 6, 7, 8, 9 sau 10 numere din c\u0103su\u021bele cuprinse \u00eentre 1 \u0219i 50 din matricea principal\u0103.<\/p>\n<p>De asemenea, pute\u021bi marca 2, 3, 4 sau 5 numere \u00een prima coloan\u0103, dar din matricea secundar\u0103, sorii.<\/p>\n<p>Urm\u0103torul tabel arat\u0103 combina\u021biile posibile \u0219i <strong>pariurile totale<\/strong> care alc\u0103tuiesc fiecare combina\u021bie de numere \u0219i sori.<\/p>\n<table summary=\"apuestas autorizadas euromillones\" width=\"384\">\n<thead>\n<tr>\n<th class=\"centrov\" style=\"text-align: center; width: 61.1719px;\" rowspan=\"2\">Stars<\/th>\n<th style=\"text-align: center; width: 306.828px;\" colspan=\"6\">Numbers<\/th>\n<\/tr>\n<tr>\n<th class=\"clnumero\" style=\"text-align: center; width: 45.125px;\">5<\/th>\n<th class=\"clnumero\" style=\"text-align: center; width: 39.1094px;\">6<\/th>\n<th class=\"clnumero\" style=\"text-align: center; width: 46.125px;\">7<\/th>\n<th class=\"clnumero\" style=\"text-align: center; width: 44.125px;\">8<\/th>\n<th class=\"clnumero\" style=\"text-align: center; width: 40.1094px;\">9<\/th>\n<th class=\"clnumero\" style=\"text-align: center; width: 62.2344px;\">10<\/th>\n<\/tr>\n<\/thead>\n<tbody>\n<tr>\n<td class=\"clestrella\" style=\"text-align: center; width: 61.1719px;\">2<\/td>\n<td style=\"text-align: center; width: 45.125px;\">\u2013<\/td>\n<td style=\"text-align: center; width: 39.1094px;\">6<\/td>\n<td style=\"text-align: center; width: 46.125px;\">21<\/td>\n<td style=\"text-align: center; width: 44.125px;\">56<\/td>\n<td style=\"text-align: center; width: 40.1094px;\">126<\/td>\n<td style=\"text-align: center; width: 62.2344px;\">252<\/td>\n<\/tr>\n<tr>\n<td class=\"clestrella\" style=\"text-align: center; width: 61.1719px;\">3<\/td>\n<td style=\"text-align: center; width: 45.125px;\">3<\/td>\n<td style=\"text-align: center; width: 39.1094px;\">18<\/td>\n<td style=\"text-align: center; width: 46.125px;\">63<\/td>\n<td style=\"text-align: center; width: 44.125px;\">168<\/td>\n<td style=\"text-align: center; width: 40.1094px;\">378<\/td>\n<td style=\"text-align: center; width: 62.2344px;\">756<\/td>\n<\/tr>\n<tr>\n<td class=\"clestrella\" style=\"text-align: center; width: 61.1719px;\">4<\/td>\n<td style=\"text-align: center; width: 45.125px;\">6<\/td>\n<td style=\"text-align: center; width: 39.1094px;\">36<\/td>\n<td style=\"text-align: center; width: 46.125px;\">126<\/td>\n<td style=\"text-align: center; width: 44.125px;\">336<\/td>\n<td style=\"text-align: center; width: 40.1094px;\">756<\/td>\n<td style=\"text-align: center; width: 62.2344px;\">1.512<\/td>\n<\/tr>\n<tr>\n<td class=\"clestrella\" style=\"text-align: center; width: 61.1719px;\">5<\/td>\n<td style=\"text-align: center; width: 45.125px;\">10<\/td>\n<td style=\"text-align: center; width: 39.1094px;\">60<\/td>\n<td style=\"text-align: center; width: 46.125px;\">210<\/td>\n<td style=\"text-align: center; width: 44.125px;\">560<\/td>\n<td style=\"text-align: center; width: 40.1094px;\">1.260<\/td>\n<td style=\"text-align: center; width: 62.2344px;\">2.520<\/td>\n<\/tr>\n<\/tbody>\n<\/table>\n<h2>Premii Eurojackpot<\/h2>\n<p>Eurojackpot stabile\u0219te un jackpot <strong>ini\u021bial minim de 10.000.000 EUR.<\/strong> Dac\u0103 nu exist\u0103 c\u00e2\u0219tig\u0103tori \u00een prima categorie, suma respectiv\u0103 se acumuleaz\u0103 pentru urm\u0103toarea extragere.<\/p>\n<p>50% din totalul str\u00e2ns este alocat premiilor care urmeaz\u0103 s\u0103 fie distribuite \u00eentre cele 12 categorii de premii conform regulamentului.<\/p>\n<p>La fel se va \u00eent\u00e2mpla \u0219i cu sumele alocate pentru urm\u0103toarele categorii, adic\u0103 dac\u0103 nu exist\u0103 un c\u00e2\u0219tig\u0103tor \u00een niciuna dintre ele, acea sum\u0103 se acumuleaz\u0103 pentru aceea\u0219i categorie a urm\u0103toarei extrageri.<\/p>\n<p>In acest fel se poate obtine cate o barca pentru fiecare categorie.<\/p>\n<h3>Masa cu premii Eurojackpot<\/h3>\n<p>Exist\u0103 dou\u0103sprezece categorii de premii \u00een <span style=\"color: #3366ff;\"><a style=\"color: #3366ff;\" href=\"https:\/\/lottohoy.com\/ro\/rezultate-la-loterie\/rezultatele-eurojackpot\/\">rezultatele eurojackpot<\/a> <\/span>distribuite dup\u0103 cum urmeaz\u0103:<\/p>\n<table class=\"table table-results-detailed aligncenter\" style=\"height: 391px;\" width=\"341\">\n<tbody>\n<tr>\n<td style=\"width: 90px;\"><strong>Categorie<\/strong><\/td>\n<td style=\"width: 104.25px;\"><strong>Combina\u021bii<\/strong><\/td>\n<td style=\"width: 117px;\"><strong>Premii estimate<\/strong><\/td>\n<\/tr>\n<tr>\n<td style=\"width: 90px;\">I<\/td>\n<td style=\"width: 104.25px;\">5+2<\/td>\n<td style=\"width: 117px;\">Jackpot<\/td>\n<\/tr>\n<tr>\n<td style=\"width: 90px;\">II<\/td>\n<td style=\"width: 104.25px;\">5+1<\/td>\n<td style=\"width: 117px;\">811.146\u20ac<\/td>\n<\/tr>\n<tr>\n<td style=\"width: 90px;\">III<\/td>\n<td style=\"width: 104.25px;\">5+0<\/td>\n<td style=\"width: 117px;\">150.558\u20ac<\/td>\n<\/tr>\n<tr>\n<td style=\"width: 90px;\">IV<\/td>\n<td style=\"width: 104.25px;\">4+2<\/td>\n<td style=\"width: 117px;\">4.733\u20ac<\/td>\n<\/tr>\n<tr>\n<td style=\"width: 90px;\">V<\/td>\n<td style=\"width: 104.25px;\">4+1<\/td>\n<td style=\"width: 117px;\">249\u20ac<\/td>\n<\/tr>\n<tr>\n<td style=\"width: 90px;\">VI<\/td>\n<td style=\"width: 104.25px;\">4+0<\/td>\n<td style=\"width: 117px;\">111\u20ac<\/td>\n<\/tr>\n<tr>\n<td style=\"width: 90px;\">VII<\/td>\n<td style=\"width: 104.25px;\">3+2<\/td>\n<td style=\"width: 117px;\">61\u20ac<\/td>\n<\/tr>\n<tr>\n<td style=\"width: 90px;\">VIII<\/td>\n<td style=\"width: 104.25px;\">2+2<\/td>\n<td style=\"width: 117px;\">22\u20ac<\/td>\n<\/tr>\n<tr>\n<td style=\"width: 90px;\">IX<\/td>\n<td style=\"width: 104.25px;\">3+1<\/td>\n<td style=\"width: 117px;\">18\u20ac<\/td>\n<\/tr>\n<tr>\n<td style=\"width: 90px;\">X<\/td>\n<td style=\"width: 104.25px;\">3+0<\/td>\n<td style=\"width: 117px;\">15\u20ac<\/td>\n<\/tr>\n<tr>\n<td style=\"width: 90px;\">XI<\/td>\n<td style=\"width: 104.25px;\">1+2<\/td>\n<td style=\"width: 117px;\">10\u20ac<\/td>\n<\/tr>\n<tr>\n<td style=\"width: 90px;\">XII<\/td>\n<td style=\"width: 104.25px;\">2+1<\/td>\n<td style=\"width: 117px;\">8\u20ac<\/td>\n<\/tr>\n<\/tbody>\n<\/table>\n<p>Din suma total\u0103 str\u00e2ns\u0103, 12% este rezervat\u0103 unui fond de amplificare care s\u0103 garanteze jackpot-ul minim de 10 milioane de euro.<\/p>\n<h2>Jackpot-uri Eurojackpot<\/h2>\n<p>Jocul de loterie Eurojackpot stabile\u0219te un jackpot minim de 10 milioane de euro pentru plata premiilor de prim\u0103 clas\u0103.<\/p>\n<p>La fel, regulamentul indic\u0103 faptul c\u0103 premiul pentru categoria I cu jackpot-uri acumulate nu poate dep\u0103\u0219i 120 de milioane de euro. Dac\u0103 aceast\u0103 sum\u0103 este dep\u0103\u0219it\u0103 la o tragere la sor\u021bi, suma dep\u0103\u0219it\u0103 va fi folosit\u0103 pentru a cre\u0219te premiul la a doua categorie de premii.<\/p>\n<p>Mai jos sunt c\u00e2teva dintre cele mai mari <span style=\"color: #3366ff;\"><a style=\"color: #3366ff;\" href=\"https:\/\/lottohoy.com\/ro\/jackpot-uri-la-loterie\/\">jackpot-uri la loterie<\/a> <\/span>acordate:<\/p>\n<ul>\n<li>Vineri, 6 decembrie 2024 120.000.000 \u20ac<\/li>\n<li>Mar\u021bi, 4 iunie 2024 120.000.000 \u20ac<\/li>\n<li>Mar\u021bi, 23 aprilie 2024 120.000.000 \u20ac<\/li>\n<li>Mar\u021bi, 16 ianuarie 2024 120.000.000 \u20ac<\/li>\n<li>Vineri, 23 iunie 2023 120.000.000 \u20ac<\/li>\n<li>Mar\u021bi, 8 noiembrie 2022 120.000.000 EUR<\/li>\n<li>Vineri, 22 iulie 2022 120.000.000 \u20ac<\/li>\n<li>Vineri, 13 august 2021 90.000.000 \u20ac<\/li>\n<\/ul>\n<p>Dac\u0103 \u00een 12 extrageri consecutive nu exist\u0103 niciun c\u00e2\u0219tig\u0103tor de prim\u0103 clas\u0103, \u00een urm\u0103toarea extragere <strong>jackpot-ul total acumulat<\/strong> p\u00e2n\u0103 la acea dat\u0103 va fi distribuit \u00een mod obligatoriu.<\/p>\n<p>Primul <strong>jackpot Eurojackpot<\/strong> a fost c\u00e2\u0219tigat de un cet\u0103\u021bean german pe 11 mai 2012, lu\u00e2nd acas\u0103 frumoasa sum\u0103 de <strong>19,2 milioane de euro.<\/strong><\/p>\n<p>\u0218i, de asemenea, Juc\u0103torii din <strong>Argentina, Brazilia, Chile, Costa Rica, El Salvador, Honduras, Panama, Paraguay, Peru, Uruguay, Venezuela<\/strong>&#8230; fac deja parte din familia LottoHoy.com.<\/p>\n<p>Serviciile noastre sunt disponibile juc\u0103torilor din America Latin\u0103, pentru a le oferi posibilitatea de a participa la diferite loterie mondiale, precum \u0219i la loteria Eurojackpot.<\/p>\n<p>Acum pute\u021bi s\u0103 cump\u0103ra\u021bi bilete \u0219i s\u0103 juca\u021bi online la loteria Eurojackpot, s\u0103 fi\u021bi unul dintre c\u00e2\u0219tig\u0103tori \u0219i s\u0103 ob\u021bine\u021bi milioane de euro cu premiul jackpot-ului.<\/p>\n","protected":false},"excerpt":{"rendered":"<p>Eurojackpot este un joc cu caracteristici similare cu EuroMillions. Const\u0103 \u00een alegerea a cel pu\u021bin 5 numere din cutiile incluse \u0219i numerotate de la 1 la 50 respectiv \u00een primul corp al biletelor de loterie. De asemenea, este obligatoriu alegerea a 2 numere suplimentare, numite \u201esori\u201d din al doilea corp cu casete numerotate de la [&hellip;]<\/p>\n","protected":false},"author":2,"featured_media":0,"parent":14386,"menu_order":4,"comment_status":"closed","ping_status":"closed","template":"eurojackpot.php","meta":{"_et_pb_use_builder":"","_et_pb_old_content":"","_et_gb_content_width":"","exclude_from_search":false,"footnotes":""},"class_list":["post-14518","page","type-page","status-publish","hentry"],"yoast_head":"<!-- This site is optimized with the Yoast SEO plugin v23.7 - https:\/\/yoast.com\/wordpress\/plugins\/seo\/ -->\n<title>Joac\u0103 Eurojackpot - Lottohoy<\/title>\n<meta name=\"description\" content=\"Acum este posibil s\u0103 joci Eurojackpot online. Ob\u021bine-\u021bi biletul rapid \u0219i sigur. Juca\u021bi Eurojackpot la \u0219i c\u00e2\u0219tiga\u021bi premii mari!\" \/>\n<meta name=\"robots\" content=\"index, follow, max-snippet:-1, max-image-preview:large, max-video-preview:-1\" \/>\n<link rel=\"canonical\" href=\"https:\/\/lottohoy.com\/ro\/joaca-la-loterie-online\/joaca-eurojackpot\/\" \/>\n<meta property=\"og:locale\" content=\"ro_RO\" \/>\n<meta property=\"og:type\" content=\"article\" \/>\n<meta property=\"og:title\" content=\"Joac\u0103 Eurojackpot - Lottohoy\" \/>\n<meta property=\"og:description\" content=\"Acum este posibil s\u0103 joci Eurojackpot online. Ob\u021bine-\u021bi biletul rapid \u0219i sigur. Juca\u021bi Eurojackpot la \u0219i c\u00e2\u0219tiga\u021bi premii mari!\" \/>\n<meta property=\"og:url\" content=\"https:\/\/lottohoy.com\/ro\/joaca-la-loterie-online\/joaca-eurojackpot\/\" \/>\n<meta property=\"og:site_name\" content=\"Lottohoy\" \/>\n<meta property=\"article:modified_time\" content=\"2025-03-17T11:32:46+00:00\" \/>\n<meta name=\"twitter:card\" content=\"summary_large_image\" \/>\n<meta name=\"twitter:label1\" content=\"Timp estimat pentru citire\" \/>\n\t<meta name=\"twitter:data1\" content=\"4 minute\" \/>\n<script type=\"application\/ld+json\" class=\"yoast-schema-graph\">{\"@context\":\"https:\/\/schema.org\",\"@graph\":[{\"@type\":\"WebPage\",\"@id\":\"https:\/\/lottohoy.com\/ro\/joaca-la-loterie-online\/joaca-eurojackpot\/\",\"url\":\"https:\/\/lottohoy.com\/ro\/joaca-la-loterie-online\/joaca-eurojackpot\/\",\"name\":\"Joac\u0103 Eurojackpot - Lottohoy\",\"isPartOf\":{\"@id\":\"https:\/\/lottohoy.com\/ro\/#website\"},\"datePublished\":\"2018-05-03T13:23:25+00:00\",\"dateModified\":\"2025-03-17T11:32:46+00:00\",\"description\":\"Acum este posibil s\u0103 joci Eurojackpot online. Ob\u021bine-\u021bi biletul rapid \u0219i sigur. Juca\u021bi Eurojackpot la \u0219i c\u00e2\u0219tiga\u021bi premii mari!\",\"breadcrumb\":{\"@id\":\"https:\/\/lottohoy.com\/ro\/joaca-la-loterie-online\/joaca-eurojackpot\/#breadcrumb\"},\"inLanguage\":\"ro-RO\",\"potentialAction\":[{\"@type\":\"ReadAction\",\"target\":[\"https:\/\/lottohoy.com\/ro\/joaca-la-loterie-online\/joaca-eurojackpot\/\"]}]},{\"@type\":\"BreadcrumbList\",\"@id\":\"https:\/\/lottohoy.com\/ro\/joaca-la-loterie-online\/joaca-eurojackpot\/#breadcrumb\",\"itemListElement\":[{\"@type\":\"ListItem\",\"position\":1,\"name\":\"Home\",\"item\":\"https:\/\/lottohoy.com\/ro\/\"},{\"@type\":\"ListItem\",\"position\":2,\"name\":\"Joac\u0103 la loterie online\",\"item\":\"https:\/\/lottohoy.com\/ro\/joaca-la-loterie-online\/\"},{\"@type\":\"ListItem\",\"position\":3,\"name\":\"Joac\u0103 Eurojackpot\"}]},{\"@type\":\"WebSite\",\"@id\":\"https:\/\/lottohoy.com\/ro\/#website\",\"url\":\"https:\/\/lottohoy.com\/ro\/\",\"name\":\"Lottohoy\",\"description\":\"\",\"potentialAction\":[{\"@type\":\"SearchAction\",\"target\":{\"@type\":\"EntryPoint\",\"urlTemplate\":\"https:\/\/lottohoy.com\/ro\/?s={search_term_string}\"},\"query-input\":{\"@type\":\"PropertyValueSpecification\",\"valueRequired\":true,\"valueName\":\"search_term_string\"}}],\"inLanguage\":\"ro-RO\"}]}<\/script>\n<!-- \/ Yoast SEO plugin. -->","yoast_head_json":{"title":"Joac\u0103 Eurojackpot - Lottohoy","description":"Acum este posibil s\u0103 joci Eurojackpot online. Ob\u021bine-\u021bi biletul rapid \u0219i sigur. Juca\u021bi Eurojackpot la \u0219i c\u00e2\u0219tiga\u021bi premii mari!","robots":{"index":"index","follow":"follow","max-snippet":"max-snippet:-1","max-image-preview":"max-image-preview:large","max-video-preview":"max-video-preview:-1"},"canonical":"https:\/\/lottohoy.com\/ro\/joaca-la-loterie-online\/joaca-eurojackpot\/","og_locale":"ro_RO","og_type":"article","og_title":"Joac\u0103 Eurojackpot - Lottohoy","og_description":"Acum este posibil s\u0103 joci Eurojackpot online. Ob\u021bine-\u021bi biletul rapid \u0219i sigur. Juca\u021bi Eurojackpot la \u0219i c\u00e2\u0219tiga\u021bi premii mari!","og_url":"https:\/\/lottohoy.com\/ro\/joaca-la-loterie-online\/joaca-eurojackpot\/","og_site_name":"Lottohoy","article_modified_time":"2025-03-17T11:32:46+00:00","twitter_card":"summary_large_image","twitter_misc":{"Timp estimat pentru citire":"4 minute"},"schema":{"@context":"https:\/\/schema.org","@graph":[{"@type":"WebPage","@id":"https:\/\/lottohoy.com\/ro\/joaca-la-loterie-online\/joaca-eurojackpot\/","url":"https:\/\/lottohoy.com\/ro\/joaca-la-loterie-online\/joaca-eurojackpot\/","name":"Joac\u0103 Eurojackpot - Lottohoy","isPartOf":{"@id":"https:\/\/lottohoy.com\/ro\/#website"},"datePublished":"2018-05-03T13:23:25+00:00","dateModified":"2025-03-17T11:32:46+00:00","description":"Acum este posibil s\u0103 joci Eurojackpot online. Ob\u021bine-\u021bi biletul rapid \u0219i sigur. Juca\u021bi Eurojackpot la \u0219i c\u00e2\u0219tiga\u021bi premii mari!","breadcrumb":{"@id":"https:\/\/lottohoy.com\/ro\/joaca-la-loterie-online\/joaca-eurojackpot\/#breadcrumb"},"inLanguage":"ro-RO","potentialAction":[{"@type":"ReadAction","target":["https:\/\/lottohoy.com\/ro\/joaca-la-loterie-online\/joaca-eurojackpot\/"]}]},{"@type":"BreadcrumbList","@id":"https:\/\/lottohoy.com\/ro\/joaca-la-loterie-online\/joaca-eurojackpot\/#breadcrumb","itemListElement":[{"@type":"ListItem","position":1,"name":"Home","item":"https:\/\/lottohoy.com\/ro\/"},{"@type":"ListItem","position":2,"name":"Joac\u0103 la loterie online","item":"https:\/\/lottohoy.com\/ro\/joaca-la-loterie-online\/"},{"@type":"ListItem","position":3,"name":"Joac\u0103 Eurojackpot"}]},{"@type":"WebSite","@id":"https:\/\/lottohoy.com\/ro\/#website","url":"https:\/\/lottohoy.com\/ro\/","name":"Lottohoy","description":"","potentialAction":[{"@type":"SearchAction","target":{"@type":"EntryPoint","urlTemplate":"https:\/\/lottohoy.com\/ro\/?s={search_term_string}"},"query-input":{"@type":"PropertyValueSpecification","valueRequired":true,"valueName":"search_term_string"}}],"inLanguage":"ro-RO"}]}},"_links":{"self":[{"href":"https:\/\/lottohoy.com\/ro\/wp-json\/wp\/v2\/pages\/14518","targetHints":{"allow":["GET"]}}],"collection":[{"href":"https:\/\/lottohoy.com\/ro\/wp-json\/wp\/v2\/pages"}],"about":[{"href":"https:\/\/lottohoy.com\/ro\/wp-json\/wp\/v2\/types\/page"}],"author":[{"embeddable":true,"href":"https:\/\/lottohoy.com\/ro\/wp-json\/wp\/v2\/users\/2"}],"replies":[{"embeddable":true,"href":"https:\/\/lottohoy.com\/ro\/wp-json\/wp\/v2\/comments?post=14518"}],"version-history":[{"count":3,"href":"https:\/\/lottohoy.com\/ro\/wp-json\/wp\/v2\/pages\/14518\/revisions"}],"predecessor-version":[{"id":15686,"href":"https:\/\/lottohoy.com\/ro\/wp-json\/wp\/v2\/pages\/14518\/revisions\/15686"}],"up":[{"embeddable":true,"href":"https:\/\/lottohoy.com\/ro\/wp-json\/wp\/v2\/pages\/14386"}],"wp:attachment":[{"href":"https:\/\/lottohoy.com\/ro\/wp-json\/wp\/v2\/media?parent=14518"}],"curies":[{"name":"wp","href":"https:\/\/api.w.org\/{rel}","templated":true}]}}