{"id":14490,"date":"2018-05-03T14:23:26","date_gmt":"2018-05-03T13:23:26","guid":{"rendered":"https:\/\/lottohoy.com\/?page_id=14490"},"modified":"2025-06-13T16:37:50","modified_gmt":"2025-06-13T15:37:50","slug":"joaca-euromillions","status":"publish","type":"page","link":"https:\/\/lottohoy.com\/ro\/joaca-la-loterie-online\/joaca-euromillions\/","title":{"rendered":"Joac\u0103 EuroMillions"},"content":{"rendered":"<h2>Joac\u0103 EuroMillions online<\/h2>\n<p><strong>EuroMillion<\/strong>s este loteria la care joac\u0103 majoritatea oamenilor din Europa. Este organizat de cele 9 organiza\u021bii care se ocup\u0103 de loteriile din urm\u0103toarele \u021b\u0103ri: Spania (State Lottery and Betting), Fran\u021ba (La Fran\u00e7aise des Jeux) \u0219i Marea Britanie (National Lottery), care au fost cei trei pionieri, c\u0103rora li s-au al\u0103turat c\u00e2teva luni mai t\u00e2rziu: Austria, Belgia, Irlanda, Luxemburg, Portugalia \u0219i Elve\u021bia.<\/p>\n<p>Este evident c\u0103 vremurile merg \u00eenainte \u0219i c\u0103 noile tehnologii faciliteaz\u0103 multe activit\u0103\u021bi, cum ar fi <strong>jocul EuroMillions<\/strong> pentru a ob\u021bine mai mult\u0103 comoditate, a economisi timp \u0219i securitate.<\/p>\n<p>\u00cen acest sens, deschidem posibilitatea de a juca online la loteria EuroMillions, prin intermediul platformei noastre, bucur\u00e2ndu-se de avantajele pe care aceasta le presupune. Premiile tale!<\/p>\n<p>\u0218ansele de a c\u00e2\u0219tiga orice premiu atunci c\u00e2nd v\u0103 arunca\u021bi biletul EuroMillions pentru extragerea de mar\u021bi sau vineri, <span style=\"color: #ff6600\">inclusiv jackpot-urile mari<\/span> de milioane de euro, sunt exact acelea\u0219i dac\u0103 juca\u021bi online ca \u0219i juca\u021bi printr-un bilet de loterie fizic achizi\u021bionat de la o administra\u021bie autorizat\u0103 de loterie.<\/p>\n<h2>Cum s\u0103 joci EuroMillions online?<\/h2>\n<p>Jocul EuroMillions online este cu adev\u0103rat u\u0219or, trebuie pur \u0219i simplu s\u0103-\u021bi <span style=\"color: #ff6600\">creezi un cont de utilizator la LottoHoy,<\/span> iar astfel vei avea acces la toate informa\u021biile despre \u00eencas\u0103ri, pl\u0103\u021bi, credite, statistici, biletele tale etc. \u0219i v\u0103 pute\u021bi plasa pariurile la EuroMillions, cre\u00e2nd chiar \u0219i combina\u021bii aleatorii.<\/p>\n<p>\u00cen partea de sus a aceleia\u0219i sec\u021biuni, apare o bar\u0103 de meniu cu patru op\u021biuni:<\/p>\n<p><strong>Joac\u0103 EuroMillions<\/strong>: Sec\u021biune \u00een care po\u021bi selecta numerele tale preferate pentru pariuri simple.<br \/>\n<strong><span style=\"color: #ff6600\">Rezultate EuroMillions<\/span>:<\/strong> Cu informa\u021biile, verifica\u021bi loteria despre ultima extragere organizat\u0103, combina\u021bia c\u00e2\u0219tig\u0103toare \u0219i distribuirea premiilor \u00een diferitele categorii. De asemenea, pute\u021bi accesa informa\u021bii de la extragerile anterioare \u0219i sumele premiilor acestora.<br \/>\n<strong>Informa\u021bii EuroMillions<\/strong>: Toate informa\u021biile legate de biletele tale la acest joc, categoriile de premii, procentele de colectare alocate fiec\u0103rei categorii \u0219i \u0219ansele de a c\u00e2\u0219tiga extragerea la fiecare categorie.<br \/>\n<strong>\u0218tiri Euromillions:<\/strong> Tot ce \u021bine de \u0219tirile despre acest tip de loterie, rezultate \u0219i premiile Euromillions.<br \/>\nMai jos este prima linie de joc, format\u0103 din cinci coloane (sau bilete). Pute\u021bi juca o singur\u0103 coloan\u0103 sau c\u00e2te dori\u021bi, pute\u021bi chiar s\u0103 ad\u0103uga\u021bi mai multe r\u00e2nduri dac\u0103 dori\u021bi s\u0103 juca\u021bi mai multe numere.<\/p>\n<p>Fiecare dintre biletele EuroMillions cost\u0103 4,25 EURO \u0219i este numerotat de la 1 la 50, iar chiar sub alte 12 cutii rezervate vedetelor.<\/p>\n<p>Pe aceste plan\u0219e de 50 de numere \u0219i 12 stele este locul unde trebuie f\u0103cut\u0103 predic\u021bia dorit\u0103, presupun\u00e2nd c\u0103 pentru un joc <strong>simplu trebuie marcate 5 casete sau numere \u0219i 2 stele.<\/strong><\/p>\n<p>Sistemul ne permite s\u0103 <strong>complet\u0103m manual<\/strong> aceste casete cu numerele noastre preferate sau utiliz\u00e2nd op\u021biunea de selec\u021bie rapid\u0103 care apare deasupra fiec\u0103rei tabl\u0103. \u00cen acest fel, sistemul \u00een sine este cel care alege <strong>aleatoriu combina\u021bia<\/strong> cu care ne vom juca.<\/p>\n<p>Dup\u0103 cum \u0219ti\u021bi deja, aceasta este cea mai mare loterie din Europa \u0219i cea care acord\u0103 cele mai multe premii. Prin urmare, este important s\u0103 cunoa\u0219te\u021bi diferitele<strong> tipuri de pariuri EuroMillions<\/strong> pe care le pute\u021bi face pentru a v\u0103 cre\u0219te \u0219ansele de a c\u00e2\u0219tiga cel mai mare premiu.<\/p>\n<p>Exist\u0103 mai multe moduri de joc:<\/p>\n<h3>Pariu simplu EuroMillions<\/h3>\n<p><strong>Pariul simplu<\/strong> const\u0103 \u00een folosirea fiec\u0103rei tabl\u0103 sau coloan\u0103 individual pentru a juca un pariu. Trebuie doar s\u0103 bifa\u021bi <strong>5 casete sau numere \u0219i 2 stele.<\/strong><\/p>\n<p>Pute\u021bi completa at\u00e2tea coloane sau bilete c\u00e2te pariuri dori\u021bi s\u0103 plasa\u021bi. \u0218i, de asemenea, ave\u021bi op\u021biunea de a ad\u0103uga mai multe linii. Pariul unic EuroMillions cost\u0103 4,25 EUR c\u00e2nd joci la Lottohoy.<\/p>\n<h3>pariu multiplu Euromillions<\/h3>\n<p>Pentru a plasa mai multe pariuri, trebuie pur \u0219i simplu s\u0103 completa\u021bi minimum 6 numere \u0219i p\u00e2n\u0103 la maximum 10 numere \u00een fiecare coloan\u0103. \u0218i de la 2 stele p\u00e2n\u0103 la maxim 6.<\/p>\n<table summary=\"apuestas autorizadas euromillones\" width=\"369\">\n<thead>\n<tr>\n<th class=\"centrov\" rowspan=\"2\">Estrellas<\/th>\n<th colspan=\"6\">N\u00fameros<\/th>\n<\/tr>\n<tr>\n<th class=\"clnumero\">5<\/th>\n<th class=\"clnumero\">6<\/th>\n<th class=\"clnumero\">7<\/th>\n<th class=\"clnumero\">8<\/th>\n<th class=\"clnumero\">9<\/th>\n<th class=\"clnumero\">10<\/th>\n<\/tr>\n<\/thead>\n<tbody>\n<tr>\n<td class=\"clestrella\">2<\/td>\n<td>\u2013<\/td>\n<td>6<\/td>\n<td>21<\/td>\n<td>56<\/td>\n<td>126<\/td>\n<td>252<\/td>\n<\/tr>\n<tr>\n<td class=\"clestrella\">3<\/td>\n<td>3<\/td>\n<td>18<\/td>\n<td>63<\/td>\n<td>168<\/td>\n<td>378<\/td>\n<td>756<\/td>\n<\/tr>\n<tr>\n<td class=\"clestrella\">4<\/td>\n<td>6<\/td>\n<td>36<\/td>\n<td>126<\/td>\n<td>336<\/td>\n<td>756<\/td>\n<td>1.512<\/td>\n<\/tr>\n<tr>\n<td class=\"clestrella\">5<\/td>\n<td>10<\/td>\n<td>60<\/td>\n<td>210<\/td>\n<td>560<\/td>\n<td>1.260<\/td>\n<td>2.520<\/td>\n<\/tr>\n<\/tbody>\n<\/table>\n<p>Pre\u021bul rezultat este acela al \u00eenmul\u021birii num\u0103rului de pariuri rezultat cu suma unitar\u0103 a fiec\u0103rui pariu.<\/p>\n<p>Lu\u0103m ca exemple:<\/p>\n<p>O combina\u021bie multipl\u0103 de 7 numere \u0219i 3 stele este echivalent\u0103 cu 63 de pariuri.<br \/>\nO combina\u021bie multipl\u0103 de 9 numere \u0219i 5 stele este echivalent\u0103 cu 1.260 de pariuri.<br \/>\nExact ca \u0219i \u00een cazul pariului unic, \u0219i \u00een mai multe pariuri EuroMillion po\u021bi alege ca sistemul s\u0103 aleag\u0103 aleatoriu jocurile.<\/p>\n<p>Mul\u021bi juc\u0103tori folosesc pariuri multiple pentru a-\u0219i cre\u0219te \u0219ansele de a c\u00e2\u0219tiga extragerea sau, cel pu\u021bin, de a c\u00e2\u0219tiga.<\/p>\n<h3>C\u00e2t cost\u0103 pariul multiplu EuroMillions?<\/h3>\n<p>Suma total\u0103 de pariuri care pot fi jucate provine din combinarea predic\u021biilor din tabelul de numere \u0219i stele de mai jos:<\/p>\n<h3>Miza redus\u0103 pentru EuroMillions<\/h3>\n<p><strong>Sistemul de pariuri reduse pentru EuroMillions<\/strong> const\u0103 \u00een ceva la fel de simplu ca s\u0103 c\u0103ut\u0103m combina\u021bii care ne permit s\u0103 juc\u0103m mai multe numere pentru mai pu\u021bini bani.<\/p>\n<p>Reducerile posibile sunt urmatoarele:<\/p>\n<p><strong>Marcarea a 10 numere \u0219i 2<\/strong> stele echivaleaz\u0103 cu 14 pariuri (comparativ cu 252 de pariuri directe)<br \/>\n<strong>Marcarea a 10 numere \u0219i a 4<\/strong> stele este echivalent\u0103 cu 28 de pariuri (comparativ cu 1512 pariuri directe)<br \/>\n<strong>Marcarea a 10 numere \u0219i a 3<\/strong> stele este echivalent\u0103 cu 84 de pariuri (comparativ cu 1512 pariuri directe)<br \/>\n<strong>Marcarea a 12 numere \u0219i a 3<\/strong> stele este echivalent\u0103 cu 114 pariuri (comparativ cu 2376 pariuri directe)<br \/>\n<strong>Marcarea a 15 numere \u0219i a 4<\/strong> stele este echivalent\u0103 cu 30 de pariuri (comparativ cu 18018 pariuri directe)<\/p>\n<h2><strong>\u00cen ce zile se extrage loteria Euromillions?<\/strong><\/h2>\n<p><strong>Extragerea EuroMillions<\/strong> are loc \u00een fiecare <strong>mar\u021bi \u0219i vineri la 21:30 (ora Europei Centrale)<\/strong> \u0219i se desf\u0103\u0219oar\u0103 din Paris, combina\u021bia c\u00e2\u0219tig\u0103toare \u0219i num\u0103rarea fiind comune pentru toate \u021b\u0103rile participante.<\/p>\n<p>Pute\u021bi participa la tragere la sor\u021bi cump\u0103r\u00e2nd pariul sau pariurile cu p\u00e2n\u0103 la o or\u0103 \u00eenainte de extragere. De asemenea, pute\u021bi juca dou\u0103 extrageri printr-un abonament s\u0103pt\u0103m\u00e2nal sau pentru c\u00e2te extrageri EuroMillions dori\u021bi.<\/p>\n<p>Inevitabil, primul pariu din aceste extrageri trebuie validat cu o or\u0103 \u00eenainte de data primei dintre ele, \u00een timp ce restul extragerilor vor fi validate automat \u0219i nu va mai trebui s\u0103 v\u0103 face\u021bi griji pentru nimic altceva.<\/p>\n<p>Combina\u021bia c\u00e2\u0219tig\u0103toare const\u0103 \u00een dou\u0103 faze: Pe de o parte, potrivirea celor 5 numere corespunz\u0103toare a 5 bile numerotate \u00eentre 1 \u0219i 50 depuse \u00eentr-un vas \u0219i, pe de alt\u0103 parte, potrivirea altor 2 numere corespunz\u0103toare stelelor unui alt pot special care sunt \u0219i ele numerotate de la 1 la 12.<\/p>\n<p>Adic\u0103, pentru a ob\u021bine combina\u021bia c\u00e2\u0219tig\u0103toare \u00een prima sa categorie, trebuie s\u0103 se potriveasc\u0103 \u00een total 7 semne (5 numere plus 2 stele).<\/p>\n<h2>P\u00e2n\u0103 la ce or\u0103 po\u021bi juca Euromillion?<\/h2>\n<p>Exist\u0103 dou\u0103 extrageri s\u0103pt\u0103m\u00e2nale ale EuroMillions, mar\u021bi \u0219i vineri, care au loc la ora 20:30. GMT. Cu o or\u0103 \u00eenainte, la 19:30. GMT, admiterea biletelor pentru extragerea din acea zi este \u00eenchis\u0103 (Euromillions mar\u021bi sau vineri)<\/p>\n<p>Odat\u0103 ce tragerea la sor\u021bi a avut loc \u0219i pariurile c\u00e2\u0219tig\u0103toare au fost dezv\u0103luite, \u00eencep\u00e2nd cu ora 22:00. Organiza\u021bia accept\u0103 \u00eenc\u0103 o dat\u0103 achizi\u021bionarea \u0219i validarea biletelor pentru urm\u0103toarele extrageri.<\/p>\n<p>Jocul EuroMillions online are, printre altele, avantajul c\u0103 <strong>este deschis 24\/7<\/strong> \u0219i c\u0103 poate fi jucat \u00een orice moment al zilei.<\/p>\n<p>De asemenea, pute\u021bi face achizi\u021bia \u00een mod recurent pentru diverse extrageri, f\u0103r\u0103 a fi nevoie s\u0103 v\u0103 adapta\u021bi la o anumit\u0103 zi \u0219i s\u0103 extrage\u021bi.<\/p>\n<p>\u00centotdeauna, bine\u00een\u021beles \u00een conformitate cu programul oficial al organizatorului, dac\u0103 achizi\u021bia se face \u00een afara orului maxim programat pentru o extragere, achizi\u021bia \u0219i biletul EuroMillions corespunz\u0103tor vor fi validate pentru urm\u0103toarea extragere, dar \u00een acelea\u0219i condi\u021bii.<\/p>\n<h2><strong>Avantajele achizi\u021biei online de bilete la EuroMillions<\/strong><\/h2>\n<p>Pe zi ce trece, avantajele <span style=\"color: #ff6600\">jocului la loterie online<\/span> devin tot mai evidente, iar acest lucru se datoreaz\u0103, pe de o parte, tendin\u021bei \u0219i noilor obiceiuri ale consumatorilor, iar pe de alt\u0103 parte, confortului \u0219i avantajelor pe care le faciliteaz\u0103 acest mod.<\/p>\n<p>Singura cerin\u021b\u0103 este s\u0103 ai cel pu\u021bin<strong> v\u00e2rsta legal\u0103<\/strong> de joc \u00een \u021bara de re\u0219edin\u021b\u0103. \u00cen majoritatea \u021b\u0103rilor, aceast\u0103 v\u00e2rst\u0103 este de 18 sau 21 de ani.<\/p>\n<p>Exist\u0103 multe avantaje de a cump\u0103ra Euromillions online. Enumer\u0103m c\u00e2teva:<\/p>\n<p><strong>Securitate \u00een tranzac\u021bii<\/strong>: Achizi\u021bia securizat\u0103 este oferit\u0103 prin protocolul HTTPS:\/\/, re\u021bin\u00e2nd c\u0103 \u201es\u201d indic\u0103 faptul c\u0103 este un site securizat (\u201esecure\u201d \u00een englez\u0103). Este important s\u0103 verifica\u021bi acest punct.<br \/>\n<strong>Diverse sisteme de plat\u0103<\/strong> \u0219i retragere cu \u00eencredere deplin\u0103, disponibile la conven\u021bia dvs.<br \/>\n<strong>Pute\u021bi cump\u0103ra bilete 24\/7<\/strong> \u00een fiecare zi a anului: nu va fi necesar s\u0103 fi\u021bi cu ochii pe orele de deschidere \u0219i de \u00eenchidere ale administra\u021biilor de loterie. C\u00e2nd joci online, fereastra ta este deschis\u0103 24 de ore pe zi, \u00een fiecare zi a anului.<br \/>\n<strong>De oriunde, f\u0103r\u0103 cozi sau c\u0103l\u0103torii:<\/strong> pur \u0219i simplu av\u00e2nd un dispozitiv mobil, o tablet\u0103 sau un desktop cu conexiune la internet \u0219i din orice punct. Nu mai exist\u0103 bariere geografice pentru a putea juca EuroMillions.<br \/>\n<strong>Nu vei pierde niciodat\u0103 biletul, acesta r\u0103m\u00e2ne \u00eentotdeauna \u00een contul t\u0103u<\/strong><br \/>\n<strong>Prime\u0219ti imediat premiile c\u00e2\u0219tigate \u00een contul t\u0103u de utilizator<\/strong>: Dup\u0103 tragerea la sor\u021bi \u0219i dup\u0103 efectuarea controlului corespunz\u0103tor, sumele c\u00e2\u0219tigate vor fi introduse \u00een contul t\u0103u de utilizator.<br \/>\n<strong>Fi\u021bi informat despre<span style=\"color: #ff6600\"> jackpot-urile<\/span> acumulate \u0219i extragerile extraordinare<\/strong>: fie prin intermediul site-ului nostru web, fie prin e-mail. Astfel vei putea cunoa\u0219te din timp cele mai importante jackpot-uri \u0219i \u00ee\u021bi vei putea ajusta pariul pentru a ob\u021bine un jackpot super milionar.<br \/>\n<strong>V\u0103 \u021bine la curent cu rezultatele extragerii EuroMillions<\/strong> automat datorit\u0103 sistemului nostru de informa\u021bii prin e-mail.<\/p>\n","protected":false},"excerpt":{"rendered":"<p>Joac\u0103 EuroMillions online EuroMillions este loteria la care joac\u0103 majoritatea oamenilor din Europa. Este organizat de cele 9 organiza\u021bii care se ocup\u0103 de loteriile din urm\u0103toarele \u021b\u0103ri: Spania (State Lottery and Betting), Fran\u021ba (La Fran\u00e7aise des Jeux) \u0219i Marea Britanie (National Lottery), care au fost cei trei pionieri, c\u0103rora li s-au al\u0103turat c\u00e2teva luni mai [&hellip;]<\/p>\n","protected":false},"author":2,"featured_media":0,"parent":14386,"menu_order":3,"comment_status":"closed","ping_status":"closed","template":"euromillions-at.php","meta":{"_et_pb_use_builder":"","_et_pb_old_content":"","_et_gb_content_width":"","exclude_from_search":false,"footnotes":""},"class_list":["post-14490","page","type-page","status-publish","hentry"],"yoast_head":"<!-- This site is optimized with the Yoast SEO plugin v23.7 - https:\/\/yoast.com\/wordpress\/plugins\/seo\/ -->\n<title>Joac\u0103 EuroMillions - Lottohoy<\/title>\n<meta name=\"description\" content=\"Ia-\u021bi biletul pentru urm\u0103toarea extragere Euromillions rapid, u\u0219or \u0219i sigur \u2612 Ce mai a\u0219tep\u021bi s\u0103 c\u00e2\u0219tigi?\" \/>\n<meta name=\"robots\" content=\"index, follow, max-snippet:-1, max-image-preview:large, max-video-preview:-1\" \/>\n<link rel=\"canonical\" href=\"https:\/\/lottohoy.com\/ro\/joaca-la-loterie-online\/joaca-euromillions\/\" \/>\n<meta property=\"og:locale\" content=\"ro_RO\" \/>\n<meta property=\"og:type\" content=\"article\" \/>\n<meta property=\"og:title\" content=\"Joac\u0103 EuroMillions - Lottohoy\" \/>\n<meta property=\"og:description\" content=\"Ia-\u021bi biletul pentru urm\u0103toarea extragere Euromillions rapid, u\u0219or \u0219i sigur \u2612 Ce mai a\u0219tep\u021bi s\u0103 c\u00e2\u0219tigi?\" \/>\n<meta property=\"og:url\" content=\"https:\/\/lottohoy.com\/ro\/joaca-la-loterie-online\/joaca-euromillions\/\" \/>\n<meta property=\"og:site_name\" content=\"Lottohoy\" \/>\n<meta property=\"article:modified_time\" content=\"2025-06-13T15:37:50+00:00\" \/>\n<meta name=\"twitter:card\" content=\"summary_large_image\" \/>\n<meta name=\"twitter:label1\" content=\"Timp estimat pentru citire\" \/>\n\t<meta name=\"twitter:data1\" content=\"7 minute\" \/>\n<script type=\"application\/ld+json\" class=\"yoast-schema-graph\">{\"@context\":\"https:\/\/schema.org\",\"@graph\":[{\"@type\":\"WebPage\",\"@id\":\"https:\/\/lottohoy.com\/ro\/joaca-la-loterie-online\/joaca-euromillions\/\",\"url\":\"https:\/\/lottohoy.com\/ro\/joaca-la-loterie-online\/joaca-euromillions\/\",\"name\":\"Joac\u0103 EuroMillions - Lottohoy\",\"isPartOf\":{\"@id\":\"https:\/\/lottohoy.com\/ro\/#website\"},\"datePublished\":\"2018-05-03T13:23:26+00:00\",\"dateModified\":\"2025-06-13T15:37:50+00:00\",\"description\":\"Ia-\u021bi biletul pentru urm\u0103toarea extragere Euromillions rapid, u\u0219or \u0219i sigur \u2612 Ce mai a\u0219tep\u021bi s\u0103 c\u00e2\u0219tigi?\",\"breadcrumb\":{\"@id\":\"https:\/\/lottohoy.com\/ro\/joaca-la-loterie-online\/joaca-euromillions\/#breadcrumb\"},\"inLanguage\":\"ro-RO\",\"potentialAction\":[{\"@type\":\"ReadAction\",\"target\":[\"https:\/\/lottohoy.com\/ro\/joaca-la-loterie-online\/joaca-euromillions\/\"]}]},{\"@type\":\"BreadcrumbList\",\"@id\":\"https:\/\/lottohoy.com\/ro\/joaca-la-loterie-online\/joaca-euromillions\/#breadcrumb\",\"itemListElement\":[{\"@type\":\"ListItem\",\"position\":1,\"name\":\"Home\",\"item\":\"https:\/\/lottohoy.com\/ro\/\"},{\"@type\":\"ListItem\",\"position\":2,\"name\":\"Joac\u0103 la loterie online\",\"item\":\"https:\/\/lottohoy.com\/ro\/joaca-la-loterie-online\/\"},{\"@type\":\"ListItem\",\"position\":3,\"name\":\"Joac\u0103 EuroMillions\"}]},{\"@type\":\"WebSite\",\"@id\":\"https:\/\/lottohoy.com\/ro\/#website\",\"url\":\"https:\/\/lottohoy.com\/ro\/\",\"name\":\"Lottohoy\",\"description\":\"\",\"potentialAction\":[{\"@type\":\"SearchAction\",\"target\":{\"@type\":\"EntryPoint\",\"urlTemplate\":\"https:\/\/lottohoy.com\/ro\/?s={search_term_string}\"},\"query-input\":{\"@type\":\"PropertyValueSpecification\",\"valueRequired\":true,\"valueName\":\"search_term_string\"}}],\"inLanguage\":\"ro-RO\"}]}<\/script>\n<!-- \/ Yoast SEO plugin. -->","yoast_head_json":{"title":"Joac\u0103 EuroMillions - Lottohoy","description":"Ia-\u021bi biletul pentru urm\u0103toarea extragere Euromillions rapid, u\u0219or \u0219i sigur \u2612 Ce mai a\u0219tep\u021bi s\u0103 c\u00e2\u0219tigi?","robots":{"index":"index","follow":"follow","max-snippet":"max-snippet:-1","max-image-preview":"max-image-preview:large","max-video-preview":"max-video-preview:-1"},"canonical":"https:\/\/lottohoy.com\/ro\/joaca-la-loterie-online\/joaca-euromillions\/","og_locale":"ro_RO","og_type":"article","og_title":"Joac\u0103 EuroMillions - Lottohoy","og_description":"Ia-\u021bi biletul pentru urm\u0103toarea extragere Euromillions rapid, u\u0219or \u0219i sigur \u2612 Ce mai a\u0219tep\u021bi s\u0103 c\u00e2\u0219tigi?","og_url":"https:\/\/lottohoy.com\/ro\/joaca-la-loterie-online\/joaca-euromillions\/","og_site_name":"Lottohoy","article_modified_time":"2025-06-13T15:37:50+00:00","twitter_card":"summary_large_image","twitter_misc":{"Timp estimat pentru citire":"7 minute"},"schema":{"@context":"https:\/\/schema.org","@graph":[{"@type":"WebPage","@id":"https:\/\/lottohoy.com\/ro\/joaca-la-loterie-online\/joaca-euromillions\/","url":"https:\/\/lottohoy.com\/ro\/joaca-la-loterie-online\/joaca-euromillions\/","name":"Joac\u0103 EuroMillions - Lottohoy","isPartOf":{"@id":"https:\/\/lottohoy.com\/ro\/#website"},"datePublished":"2018-05-03T13:23:26+00:00","dateModified":"2025-06-13T15:37:50+00:00","description":"Ia-\u021bi biletul pentru urm\u0103toarea extragere Euromillions rapid, u\u0219or \u0219i sigur \u2612 Ce mai a\u0219tep\u021bi s\u0103 c\u00e2\u0219tigi?","breadcrumb":{"@id":"https:\/\/lottohoy.com\/ro\/joaca-la-loterie-online\/joaca-euromillions\/#breadcrumb"},"inLanguage":"ro-RO","potentialAction":[{"@type":"ReadAction","target":["https:\/\/lottohoy.com\/ro\/joaca-la-loterie-online\/joaca-euromillions\/"]}]},{"@type":"BreadcrumbList","@id":"https:\/\/lottohoy.com\/ro\/joaca-la-loterie-online\/joaca-euromillions\/#breadcrumb","itemListElement":[{"@type":"ListItem","position":1,"name":"Home","item":"https:\/\/lottohoy.com\/ro\/"},{"@type":"ListItem","position":2,"name":"Joac\u0103 la loterie online","item":"https:\/\/lottohoy.com\/ro\/joaca-la-loterie-online\/"},{"@type":"ListItem","position":3,"name":"Joac\u0103 EuroMillions"}]},{"@type":"WebSite","@id":"https:\/\/lottohoy.com\/ro\/#website","url":"https:\/\/lottohoy.com\/ro\/","name":"Lottohoy","description":"","potentialAction":[{"@type":"SearchAction","target":{"@type":"EntryPoint","urlTemplate":"https:\/\/lottohoy.com\/ro\/?s={search_term_string}"},"query-input":{"@type":"PropertyValueSpecification","valueRequired":true,"valueName":"search_term_string"}}],"inLanguage":"ro-RO"}]}},"_links":{"self":[{"href":"https:\/\/lottohoy.com\/ro\/wp-json\/wp\/v2\/pages\/14490","targetHints":{"allow":["GET"]}}],"collection":[{"href":"https:\/\/lottohoy.com\/ro\/wp-json\/wp\/v2\/pages"}],"about":[{"href":"https:\/\/lottohoy.com\/ro\/wp-json\/wp\/v2\/types\/page"}],"author":[{"embeddable":true,"href":"https:\/\/lottohoy.com\/ro\/wp-json\/wp\/v2\/users\/2"}],"replies":[{"embeddable":true,"href":"https:\/\/lottohoy.com\/ro\/wp-json\/wp\/v2\/comments?post=14490"}],"version-history":[{"count":3,"href":"https:\/\/lottohoy.com\/ro\/wp-json\/wp\/v2\/pages\/14490\/revisions"}],"predecessor-version":[{"id":20505,"href":"https:\/\/lottohoy.com\/ro\/wp-json\/wp\/v2\/pages\/14490\/revisions\/20505"}],"up":[{"embeddable":true,"href":"https:\/\/lottohoy.com\/ro\/wp-json\/wp\/v2\/pages\/14386"}],"wp:attachment":[{"href":"https:\/\/lottohoy.com\/ro\/wp-json\/wp\/v2\/media?parent=14490"}],"curies":[{"name":"wp","href":"https:\/\/api.w.org\/{rel}","templated":true}]}}