{"id":14435,"date":"2018-05-03T14:23:26","date_gmt":"2018-05-03T13:23:26","guid":{"rendered":"https:\/\/lottohoy.com\/?page_id=14435"},"modified":"2025-05-27T17:31:16","modified_gmt":"2025-05-27T16:31:16","slug":"joaca-mega-millions","status":"publish","type":"page","link":"https:\/\/lottohoy.com\/ro\/joaca-la-loterie-online\/joaca-mega-millions\/","title":{"rendered":"Joac\u0103 Mega Millions"},"content":{"rendered":"<h1 data-start=\"150\" data-end=\"182\"><strong data-start=\"152\" data-end=\"182\">Joac\u0103 Mega Millions online<\/strong><\/h1>\n<p data-start=\"184\" data-end=\"443\">Loteria <strong data-start=\"192\" data-end=\"209\">Mega Millions<\/strong>, \u00eempreun\u0103 cu <a href=\"https:\/\/lottohoy.com\/ro\/joaca-la-loterie-online\/joaca-powerball-online\/\"><strong data-start=\"223\" data-end=\"236\">Powerball<\/strong><\/a>, este una dintre loteriile care ofer\u0103 cele mai mari premii c\u00e2\u0219tig\u0103torilor din prima categorie. Iar acum, cu noua reformulare a jocului, c\u00e2\u0219tigurile din categoriile de sub jackpot pot <strong data-start=\"420\" data-end=\"442\">cre\u0219te exponen\u021bial<\/strong>.<\/p>\n<p data-start=\"445\" data-end=\"655\">\u00cen aceast\u0103 nou\u0103 etap\u0103, toate biletele includ automat un <strong data-start=\"501\" data-end=\"518\">multiplicator<\/strong>, selectat aleatoriu de sistem. Asta \u00eenseamn\u0103 c\u0103 premiile (cu excep\u021bia jackpotului) pot fi \u00eenmul\u021bite cu <strong data-start=\"622\" data-end=\"654\">x2, x3, x4, x5 sau chiar x10<\/strong>.<\/p>\n<p data-start=\"657\" data-end=\"935\">Prin intermediul platformei <strong data-start=\"685\" data-end=\"741\"><a class=\"\" href=\"https:\/\/lottohoy.com\/ro\/joaca-la-loterie-online\/\" target=\"_new\" rel=\"noopener\" data-start=\"687\" data-end=\"739\">LottoHoy<\/a><\/strong>, po\u021bi juca online \u0219i beneficia de avantaje precum: <strong data-start=\"793\" data-end=\"814\">tranzac\u021bii sigure<\/strong>, <strong data-start=\"816\" data-end=\"849\">asisten\u021b\u0103 rapid\u0103 \u0219i eficient\u0103<\/strong> \u0219i, cel mai important \u2013 <strong data-start=\"874\" data-end=\"915\">nu este necesar s\u0103 c\u0103l\u0103tore\u0219ti \u00een SUA<\/strong> pentru a participa.<\/p>\n<p data-start=\"937\" data-end=\"1181\">A juca Mega Millions este foarte simplu: trebuie doar s\u0103 selectezi <strong data-start=\"1004\" data-end=\"1030\">5 numere \u00eentre 1 \u0219i 70<\/strong> \u0219i un num\u0103r special numit <strong data-start=\"1057\" data-end=\"1070\">Mega Ball<\/strong>, \u00eentre 1 \u0219i 25. Ai nevoie doar de o conexiune la internet \u0219i de un dispozitiv \u2013 telefon, tablet\u0103 sau computer.<\/p>\n<p data-start=\"1183\" data-end=\"1297\">Pre\u021bul unei pariuri simple este de <strong data-start=\"1218\" data-end=\"1229\">11 EURO<\/strong> (acest pre\u021b poate varia \u00een func\u021bie de cursul de schimb dolar\/euro).<\/p>\n<p data-start=\"1299\" data-end=\"1445\">\u0218i cel mai important: <strong data-start=\"1321\" data-end=\"1365\">premiile de p\u00e2n\u0103 la aproximativ $\/\u20ac2.500<\/strong> sunt <strong data-start=\"1371\" data-end=\"1417\">creditate automat \u00een contul utilizatorului<\/strong>, fiind disponibile imediat.<\/p>\n<h2 data-start=\"1452\" data-end=\"1481\"><strong data-start=\"1455\" data-end=\"1481\">Premiile Mega Millions<\/strong><\/h2>\n<p data-start=\"1483\" data-end=\"1648\">Premiul ini\u021bial pentru c\u00e2\u0219tig\u0103torii jackpotului (5 numere + Mega Ball) porne\u0219te de la <strong data-start=\"1569\" data-end=\"1597\">20 de milioane de dolari<\/strong>. \u00cen prezent, este de <strong data-start=\"1619\" data-end=\"1647\">50 de milioane de dolari<\/strong>.<\/p>\n<p data-start=\"1650\" data-end=\"1823\">Aceast\u0103 sum\u0103 cre\u0219te \u00een func\u021bie de totalul \u00eencas\u0103rilor pentru extragere \u0219i, dac\u0103 nu exist\u0103 c\u00e2\u0219tig\u0103tor la prima categorie, <strong data-start=\"1771\" data-end=\"1822\">suma este reportat\u0103 pentru extragerea urm\u0103toare<\/strong>.<\/p>\n<p data-start=\"1825\" data-end=\"1962\">Spre deosebire de alte loterii, Mega Millions <strong data-start=\"1871\" data-end=\"1912\">nu are un plafon maxim pentru jackpot<\/strong>, a\u0219a c\u0103 sumele pot atinge <strong data-start=\"1939\" data-end=\"1961\">valori astronomice<\/strong>.<\/p>\n<p data-start=\"1964\" data-end=\"2076\">Pe l\u00e2ng\u0103 jackpot, Mega Millions are <strong data-start=\"2000\" data-end=\"2030\">alte 8 categorii de premii<\/strong>, cu <strong data-start=\"2035\" data-end=\"2050\">valori fixe<\/strong> pentru fiecare categorie.<\/p>\n<div class=\"_tableContainer_16hzy_1\">\n<div class=\"_tableWrapper_16hzy_14 group flex w-fit flex-col-reverse\">\n<table class=\"w-fit min-w-(--thread-content-width)\" style=\"width: 291px\" data-start=\"2120\" data-end=\"2647\">\n<thead data-start=\"2120\" data-end=\"2167\">\n<tr data-start=\"2120\" data-end=\"2167\">\n<th style=\"width: 68.0625px\" data-start=\"2120\" data-end=\"2132\" data-col-size=\"sm\">Categoria<\/th>\n<th style=\"width: 97.7812px\" data-start=\"2132\" data-end=\"2149\" data-col-size=\"sm\">Numere corecte<\/th>\n<th style=\"width: 103.156px\" data-start=\"2149\" data-end=\"2167\" data-col-size=\"sm\">Premiu<\/th>\n<\/tr>\n<\/thead>\n<tbody data-start=\"2216\" data-end=\"2647\">\n<tr data-start=\"2216\" data-end=\"2263\">\n<td style=\"width: 68.0625px\" data-start=\"2216\" data-end=\"2228\" data-col-size=\"sm\">I<\/td>\n<td style=\"width: 97.7812px\" data-col-size=\"sm\" data-start=\"2228\" data-end=\"2245\">5 + 1<\/td>\n<td style=\"width: 103.156px\" data-col-size=\"sm\" data-start=\"2245\" data-end=\"2263\">Jackpot<\/td>\n<\/tr>\n<tr data-start=\"2264\" data-end=\"2311\">\n<td style=\"width: 68.0625px\" data-start=\"2264\" data-end=\"2276\" data-col-size=\"sm\">II<\/td>\n<td style=\"width: 97.7812px\" data-col-size=\"sm\" data-start=\"2276\" data-end=\"2293\">5 + 0<\/td>\n<td style=\"width: 103.156px\" data-col-size=\"sm\" data-start=\"2293\" data-end=\"2311\">$1.000.000<\/td>\n<\/tr>\n<tr data-start=\"2312\" data-end=\"2359\">\n<td style=\"width: 68.0625px\" data-start=\"2312\" data-end=\"2324\" data-col-size=\"sm\">III<\/td>\n<td style=\"width: 97.7812px\" data-col-size=\"sm\" data-start=\"2324\" data-end=\"2341\">4 + 1<\/td>\n<td style=\"width: 103.156px\" data-col-size=\"sm\" data-start=\"2341\" data-end=\"2359\">$10.000<\/td>\n<\/tr>\n<tr data-start=\"2360\" data-end=\"2407\">\n<td style=\"width: 68.0625px\" data-start=\"2360\" data-end=\"2372\" data-col-size=\"sm\">IV<\/td>\n<td style=\"width: 97.7812px\" data-col-size=\"sm\" data-start=\"2372\" data-end=\"2389\">4 + 0<\/td>\n<td style=\"width: 103.156px\" data-col-size=\"sm\" data-start=\"2389\" data-end=\"2407\">$500<\/td>\n<\/tr>\n<tr data-start=\"2408\" data-end=\"2455\">\n<td style=\"width: 68.0625px\" data-start=\"2408\" data-end=\"2420\" data-col-size=\"sm\">V<\/td>\n<td style=\"width: 97.7812px\" data-col-size=\"sm\" data-start=\"2420\" data-end=\"2437\">3 + 1<\/td>\n<td style=\"width: 103.156px\" data-col-size=\"sm\" data-start=\"2437\" data-end=\"2455\">$200<\/td>\n<\/tr>\n<tr data-start=\"2456\" data-end=\"2503\">\n<td style=\"width: 68.0625px\" data-start=\"2456\" data-end=\"2468\" data-col-size=\"sm\">VI<\/td>\n<td style=\"width: 97.7812px\" data-col-size=\"sm\" data-start=\"2468\" data-end=\"2485\">3 + 0<\/td>\n<td style=\"width: 103.156px\" data-col-size=\"sm\" data-start=\"2485\" data-end=\"2503\">$10<\/td>\n<\/tr>\n<tr data-start=\"2504\" data-end=\"2551\">\n<td style=\"width: 68.0625px\" data-start=\"2504\" data-end=\"2516\" data-col-size=\"sm\">VII<\/td>\n<td style=\"width: 97.7812px\" data-col-size=\"sm\" data-start=\"2516\" data-end=\"2533\">2 + 1<\/td>\n<td style=\"width: 103.156px\" data-col-size=\"sm\" data-start=\"2533\" data-end=\"2551\">$10<\/td>\n<\/tr>\n<tr data-start=\"2552\" data-end=\"2599\">\n<td style=\"width: 68.0625px\" data-start=\"2552\" data-end=\"2564\" data-col-size=\"sm\">VIII<\/td>\n<td style=\"width: 97.7812px\" data-col-size=\"sm\" data-start=\"2564\" data-end=\"2581\">1 + 1<\/td>\n<td style=\"width: 103.156px\" data-col-size=\"sm\" data-start=\"2581\" data-end=\"2599\">$7<\/td>\n<\/tr>\n<tr data-start=\"2600\" data-end=\"2647\">\n<td style=\"width: 68.0625px\" data-start=\"2600\" data-end=\"2612\" data-col-size=\"sm\">IX<\/td>\n<td style=\"width: 97.7812px\" data-col-size=\"sm\" data-start=\"2612\" data-end=\"2629\">0 + 1<\/td>\n<td style=\"width: 103.156px\" data-col-size=\"sm\" data-start=\"2629\" data-end=\"2647\">$5<\/td>\n<\/tr>\n<\/tbody>\n<\/table>\n<div class=\"sticky end-(--thread-content-margin) h-0 self-end select-none\">\n<div class=\"absolute end-0 flex items-end\"><\/div>\n<\/div>\n<\/div>\n<\/div>\n<p data-start=\"2649\" data-end=\"2844\">\u00cencep\u00e2nd cu <strong data-start=\"2661\" data-end=\"2677\">aprilie 2025<\/strong>, fiecare bilet va avea un <strong data-start=\"2704\" data-end=\"2729\">multiplicator automat<\/strong>, ceea ce \u00eenseamn\u0103 c\u0103 premiile din categoriile <strong data-start=\"2776\" data-end=\"2793\">II p\u00e2n\u0103 la IX<\/strong> pot fi multiplicate cu <strong data-start=\"2817\" data-end=\"2843\">x2, x3, x4, x5 sau x10<\/strong>.<\/p>\n<p data-start=\"2846\" data-end=\"2967\">De exemplu, un premiu de categoria a II-a \u00een valoare de <strong data-start=\"2902\" data-end=\"2916\">$1.000.000<\/strong>, cu multiplicator <strong data-start=\"2935\" data-end=\"2942\">x10<\/strong>, devine <strong data-start=\"2951\" data-end=\"2966\">$10.000.000<\/strong>.<\/p>\n<p data-start=\"2969\" data-end=\"3047\">Sau un premiu de categoria IV de $500 poate ajunge la $1.000 sau chiar $5.000.<\/p>\n<h2 data-start=\"3054\" data-end=\"3100\"><strong data-start=\"3057\" data-end=\"3100\">Jackpoturi de milioane la Mega Millions<\/strong><\/h2>\n<p data-start=\"3102\" data-end=\"3305\">Dup\u0103 cum am men\u021bionat, dac\u0103 nu exist\u0103 un c\u00e2\u0219tig\u0103tor la jackpot, <strong data-start=\"3166\" data-end=\"3213\">valoarea acestuia se reporteaz\u0103 f\u0103r\u0103 limit\u0103<\/strong>. Datorit\u0103 acestui fapt, unele dintre premiile acordate au fost uria\u0219e. Iat\u0103 c\u00e2teva exemple:<\/p>\n<ul data-start=\"3307\" data-end=\"3619\">\n<li data-start=\"3307\" data-end=\"3357\">\n<p data-start=\"3309\" data-end=\"3357\">$1,602 miliarde (Mega Millions): 9 august 2023<\/p>\n<\/li>\n<li data-start=\"3358\" data-end=\"3430\">\n<p data-start=\"3360\" data-end=\"3430\">$1,537 miliarde (Mega Millions): 23 octombrie 2018 \u2013 Carolina de Sud<\/p>\n<\/li>\n<li data-start=\"3431\" data-end=\"3492\">\n<p data-start=\"3433\" data-end=\"3492\">$1,348 miliarde (Mega Millions): 13 ianuarie 2023 \u2013 Maine<\/p>\n<\/li>\n<li data-start=\"3493\" data-end=\"3554\">\n<p data-start=\"3495\" data-end=\"3554\">$1,337 miliarde (Mega Millions): 29 iulie 2022 \u2013 Illinois<\/p>\n<\/li>\n<li data-start=\"3555\" data-end=\"3619\">\n<p data-start=\"3557\" data-end=\"3619\">$1,250 miliarde (Mega Millions): extragere din 4 august 2023<\/p>\n<\/li>\n<\/ul>\n<p data-start=\"3621\" data-end=\"3728\">Po\u021bi consulta toate <a href=\"https:\/\/lottohoy.com\/ro\/rezultate-la-loterie\/rezultate-megamillions\/\"><strong data-start=\"3641\" data-end=\"3670\">rezultatele Mega Millions<\/strong><\/a> aici:<\/p>\n<h2 data-start=\"3735\" data-end=\"3786\"><strong data-start=\"3738\" data-end=\"3786\">\u00cen ce zile are loc extragerea Mega Millions?<\/strong><\/h2>\n<p data-start=\"3788\" data-end=\"3907\">Extragerea Mega Millions are loc <strong data-start=\"3821\" data-end=\"3881\">\u00een fiecare mar\u021bi \u0219i vineri, la ora 23:00 EST (03:00 GMT)<\/strong>, \u00een <strong data-start=\"3886\" data-end=\"3906\">Atlanta, Georgia<\/strong>.<\/p>\n<p data-start=\"3909\" data-end=\"4032\">De obicei, v\u00e2nz\u0103rile se \u00eencheie cu o or\u0103 \u00eenainte de extragere, dar dac\u0103 joci online, verific\u0103 termenul direct pe platform\u0103.<\/p>\n<h2 data-start=\"4039\" data-end=\"4070\"><strong data-start=\"4042\" data-end=\"4070\">C\u00e2t cost\u0103 Mega Millions?<\/strong><\/h2>\n<p data-start=\"4072\" data-end=\"4227\">Pe platforma noastr\u0103, pre\u021bul unei pariuri Mega Millions \u00eencepe de la <strong data-start=\"4141\" data-end=\"4149\">11 \u20ac<\/strong>, sum\u0103 care \u00ee\u021bi ofer\u0103 \u0219ansa de a c\u00e2\u0219tiga <strong data-start=\"4190\" data-end=\"4226\">jackpoturi de milioane de dolari<\/strong>.<\/p>\n<p data-start=\"4229\" data-end=\"4394\">Acest pre\u021b poate varia \u00een func\u021bie de <strong data-start=\"4266\" data-end=\"4290\">cursul de schimb $\/\u20ac<\/strong> \u0219i de num\u0103rul de linii selectate. Po\u021bi ad\u0103uga c\u00e2te linii dore\u0219ti pentru a <strong data-start=\"4365\" data-end=\"4393\">cre\u0219te \u0219ansele de c\u00e2\u0219tig<\/strong>.<\/p>\n<p data-start=\"4396\" data-end=\"4603\">Pentru a-\u021bi cump\u0103ra biletul Mega Millions, trebuie doar s\u0103 te \u00eenregistrezi pe <strong data-start=\"4474\" data-end=\"4550\"><a class=\"\" href=\"https:\/\/lottohoy.com\/ro\/registration\/\" target=\"_new\" rel=\"noopener\" data-start=\"4476\" data-end=\"4548\">LottoHoy<\/a><\/strong> \u0219i s\u0103 alegi numerele tale preferate. Ce mai a\u0219tep\u021bi?<\/p>\n","protected":false},"excerpt":{"rendered":"<p>Joac\u0103 Mega Millions online Loteria Mega Millions, \u00eempreun\u0103 cu Powerball, este una dintre loteriile care ofer\u0103 cele mai mari premii c\u00e2\u0219tig\u0103torilor din prima categorie. Iar acum, cu noua reformulare a jocului, c\u00e2\u0219tigurile din categoriile de sub jackpot pot cre\u0219te exponen\u021bial. \u00cen aceast\u0103 nou\u0103 etap\u0103, toate biletele includ automat un multiplicator, selectat aleatoriu de sistem. Asta [&hellip;]<\/p>\n","protected":false},"author":2,"featured_media":0,"parent":14386,"menu_order":2,"comment_status":"closed","ping_status":"closed","template":"megamillion.php","meta":{"_et_pb_use_builder":"","_et_pb_old_content":"","_et_gb_content_width":"","exclude_from_search":false,"footnotes":""},"class_list":["post-14435","page","type-page","status-publish","hentry"],"yoast_head":"<!-- This site is optimized with the Yoast SEO plugin v23.7 - https:\/\/yoast.com\/wordpress\/plugins\/seo\/ -->\n<title>Joac\u0103 Mega Millions - Lottohoy<\/title>\n<meta name=\"description\" content=\"S\u0103 joci Mega Millions este u\u0219or. Afla\u021bi regulile de pe site-ul nostru \u0219i cump\u0103ra\u021bi-v\u0103 biletul pentru urm\u0103toarea extragere Megamillions \u00een siguran\u021b\u0103.\" \/>\n<meta name=\"robots\" content=\"index, follow, max-snippet:-1, max-image-preview:large, max-video-preview:-1\" \/>\n<link rel=\"canonical\" href=\"https:\/\/lottohoy.com\/ro\/joaca-la-loterie-online\/joaca-mega-millions\/\" \/>\n<meta property=\"og:locale\" content=\"ro_RO\" \/>\n<meta property=\"og:type\" content=\"article\" \/>\n<meta property=\"og:title\" content=\"Joac\u0103 Mega Millions - Lottohoy\" \/>\n<meta property=\"og:description\" content=\"S\u0103 joci Mega Millions este u\u0219or. Afla\u021bi regulile de pe site-ul nostru \u0219i cump\u0103ra\u021bi-v\u0103 biletul pentru urm\u0103toarea extragere Megamillions \u00een siguran\u021b\u0103.\" \/>\n<meta property=\"og:url\" content=\"https:\/\/lottohoy.com\/ro\/joaca-la-loterie-online\/joaca-mega-millions\/\" \/>\n<meta property=\"og:site_name\" content=\"Lottohoy\" \/>\n<meta property=\"article:modified_time\" content=\"2025-05-27T16:31:16+00:00\" \/>\n<meta name=\"twitter:card\" content=\"summary_large_image\" \/>\n<meta name=\"twitter:label1\" content=\"Timp estimat pentru citire\" \/>\n\t<meta name=\"twitter:data1\" content=\"3 minute\" \/>\n<script type=\"application\/ld+json\" class=\"yoast-schema-graph\">{\"@context\":\"https:\/\/schema.org\",\"@graph\":[{\"@type\":\"WebPage\",\"@id\":\"https:\/\/lottohoy.com\/ro\/joaca-la-loterie-online\/joaca-mega-millions\/\",\"url\":\"https:\/\/lottohoy.com\/ro\/joaca-la-loterie-online\/joaca-mega-millions\/\",\"name\":\"Joac\u0103 Mega Millions - Lottohoy\",\"isPartOf\":{\"@id\":\"https:\/\/lottohoy.com\/ro\/#website\"},\"datePublished\":\"2018-05-03T13:23:26+00:00\",\"dateModified\":\"2025-05-27T16:31:16+00:00\",\"description\":\"S\u0103 joci Mega Millions este u\u0219or. Afla\u021bi regulile de pe site-ul nostru \u0219i cump\u0103ra\u021bi-v\u0103 biletul pentru urm\u0103toarea extragere Megamillions \u00een siguran\u021b\u0103.\",\"breadcrumb\":{\"@id\":\"https:\/\/lottohoy.com\/ro\/joaca-la-loterie-online\/joaca-mega-millions\/#breadcrumb\"},\"inLanguage\":\"ro-RO\",\"potentialAction\":[{\"@type\":\"ReadAction\",\"target\":[\"https:\/\/lottohoy.com\/ro\/joaca-la-loterie-online\/joaca-mega-millions\/\"]}]},{\"@type\":\"BreadcrumbList\",\"@id\":\"https:\/\/lottohoy.com\/ro\/joaca-la-loterie-online\/joaca-mega-millions\/#breadcrumb\",\"itemListElement\":[{\"@type\":\"ListItem\",\"position\":1,\"name\":\"Home\",\"item\":\"https:\/\/lottohoy.com\/ro\/\"},{\"@type\":\"ListItem\",\"position\":2,\"name\":\"Joac\u0103 la loterie online\",\"item\":\"https:\/\/lottohoy.com\/ro\/joaca-la-loterie-online\/\"},{\"@type\":\"ListItem\",\"position\":3,\"name\":\"Joac\u0103 Mega Millions\"}]},{\"@type\":\"WebSite\",\"@id\":\"https:\/\/lottohoy.com\/ro\/#website\",\"url\":\"https:\/\/lottohoy.com\/ro\/\",\"name\":\"Lottohoy\",\"description\":\"\",\"potentialAction\":[{\"@type\":\"SearchAction\",\"target\":{\"@type\":\"EntryPoint\",\"urlTemplate\":\"https:\/\/lottohoy.com\/ro\/?s={search_term_string}\"},\"query-input\":{\"@type\":\"PropertyValueSpecification\",\"valueRequired\":true,\"valueName\":\"search_term_string\"}}],\"inLanguage\":\"ro-RO\"}]}<\/script>\n<!-- \/ Yoast SEO plugin. -->","yoast_head_json":{"title":"Joac\u0103 Mega Millions - Lottohoy","description":"S\u0103 joci Mega Millions este u\u0219or. Afla\u021bi regulile de pe site-ul nostru \u0219i cump\u0103ra\u021bi-v\u0103 biletul pentru urm\u0103toarea extragere Megamillions \u00een siguran\u021b\u0103.","robots":{"index":"index","follow":"follow","max-snippet":"max-snippet:-1","max-image-preview":"max-image-preview:large","max-video-preview":"max-video-preview:-1"},"canonical":"https:\/\/lottohoy.com\/ro\/joaca-la-loterie-online\/joaca-mega-millions\/","og_locale":"ro_RO","og_type":"article","og_title":"Joac\u0103 Mega Millions - Lottohoy","og_description":"S\u0103 joci Mega Millions este u\u0219or. Afla\u021bi regulile de pe site-ul nostru \u0219i cump\u0103ra\u021bi-v\u0103 biletul pentru urm\u0103toarea extragere Megamillions \u00een siguran\u021b\u0103.","og_url":"https:\/\/lottohoy.com\/ro\/joaca-la-loterie-online\/joaca-mega-millions\/","og_site_name":"Lottohoy","article_modified_time":"2025-05-27T16:31:16+00:00","twitter_card":"summary_large_image","twitter_misc":{"Timp estimat pentru citire":"3 minute"},"schema":{"@context":"https:\/\/schema.org","@graph":[{"@type":"WebPage","@id":"https:\/\/lottohoy.com\/ro\/joaca-la-loterie-online\/joaca-mega-millions\/","url":"https:\/\/lottohoy.com\/ro\/joaca-la-loterie-online\/joaca-mega-millions\/","name":"Joac\u0103 Mega Millions - Lottohoy","isPartOf":{"@id":"https:\/\/lottohoy.com\/ro\/#website"},"datePublished":"2018-05-03T13:23:26+00:00","dateModified":"2025-05-27T16:31:16+00:00","description":"S\u0103 joci Mega Millions este u\u0219or. Afla\u021bi regulile de pe site-ul nostru \u0219i cump\u0103ra\u021bi-v\u0103 biletul pentru urm\u0103toarea extragere Megamillions \u00een siguran\u021b\u0103.","breadcrumb":{"@id":"https:\/\/lottohoy.com\/ro\/joaca-la-loterie-online\/joaca-mega-millions\/#breadcrumb"},"inLanguage":"ro-RO","potentialAction":[{"@type":"ReadAction","target":["https:\/\/lottohoy.com\/ro\/joaca-la-loterie-online\/joaca-mega-millions\/"]}]},{"@type":"BreadcrumbList","@id":"https:\/\/lottohoy.com\/ro\/joaca-la-loterie-online\/joaca-mega-millions\/#breadcrumb","itemListElement":[{"@type":"ListItem","position":1,"name":"Home","item":"https:\/\/lottohoy.com\/ro\/"},{"@type":"ListItem","position":2,"name":"Joac\u0103 la loterie online","item":"https:\/\/lottohoy.com\/ro\/joaca-la-loterie-online\/"},{"@type":"ListItem","position":3,"name":"Joac\u0103 Mega Millions"}]},{"@type":"WebSite","@id":"https:\/\/lottohoy.com\/ro\/#website","url":"https:\/\/lottohoy.com\/ro\/","name":"Lottohoy","description":"","potentialAction":[{"@type":"SearchAction","target":{"@type":"EntryPoint","urlTemplate":"https:\/\/lottohoy.com\/ro\/?s={search_term_string}"},"query-input":{"@type":"PropertyValueSpecification","valueRequired":true,"valueName":"search_term_string"}}],"inLanguage":"ro-RO"}]}},"_links":{"self":[{"href":"https:\/\/lottohoy.com\/ro\/wp-json\/wp\/v2\/pages\/14435","targetHints":{"allow":["GET"]}}],"collection":[{"href":"https:\/\/lottohoy.com\/ro\/wp-json\/wp\/v2\/pages"}],"about":[{"href":"https:\/\/lottohoy.com\/ro\/wp-json\/wp\/v2\/types\/page"}],"author":[{"embeddable":true,"href":"https:\/\/lottohoy.com\/ro\/wp-json\/wp\/v2\/users\/2"}],"replies":[{"embeddable":true,"href":"https:\/\/lottohoy.com\/ro\/wp-json\/wp\/v2\/comments?post=14435"}],"version-history":[{"count":9,"href":"https:\/\/lottohoy.com\/ro\/wp-json\/wp\/v2\/pages\/14435\/revisions"}],"predecessor-version":[{"id":19936,"href":"https:\/\/lottohoy.com\/ro\/wp-json\/wp\/v2\/pages\/14435\/revisions\/19936"}],"up":[{"embeddable":true,"href":"https:\/\/lottohoy.com\/ro\/wp-json\/wp\/v2\/pages\/14386"}],"wp:attachment":[{"href":"https:\/\/lottohoy.com\/ro\/wp-json\/wp\/v2\/media?parent=14435"}],"curies":[{"name":"wp","href":"https:\/\/api.w.org\/{rel}","templated":true}]}}