{"id":14426,"date":"2018-05-03T14:23:27","date_gmt":"2018-05-03T13:23:27","guid":{"rendered":"https:\/\/lottohoy.com\/?page_id=14426"},"modified":"2025-03-15T17:01:45","modified_gmt":"2025-03-15T17:01:45","slug":"joaca-powerball-online","status":"publish","type":"page","link":"https:\/\/lottohoy.com\/ro\/joaca-la-loterie-online\/joaca-powerball-online\/","title":{"rendered":"Joac\u0103 Powerball online"},"content":{"rendered":"<h2>Cum joci Powerball?<\/h2>\n<p><strong>Jocul Powerball<\/strong> este la fel de simplu ca alegerea a 5 numere \u00eentre 1 \u0219i 69 \u0219i apoi a unui num\u0103r suplimentar (numit Powerball) \u00eentre 1 \u0219i 26. Pe site-ul nostru pute\u021bi cump\u0103ra oric\u00e2nd bilete pentru aceast\u0103 loterie.<\/p>\n<p>Dar s\u0103 mergem pe p\u0103r\u021bi, ca s\u0103 punem pariul, primul lucru pe care trebuie s\u0103-l faci este s\u0103 <span style=\"color: #ff6600;\">te \u00eenregistrezi la Lottohoy.<\/span> Odat\u0103 \u00eenregistrat \u00een aceast\u0103 sec\u021biune, pute\u021bi plasa pariurile urm\u00e2nd aceste instruc\u021biuni:<\/p>\n<p>\u00cen sec\u021biunea de joc, apare o linie sau un r\u00e2nd compus din 5 coloane. Fiecare dintre aceste coloane <strong>este un bilet de joc oficial<\/strong>.<br \/>\nFiecare bilet unic Powerball cost\u0103 doar <strong>3,50 EURO<\/strong>, unul dintre cele mai bune pre\u021buri care se g\u0103sesc online. (Aceast\u0103 sum\u0103 poate varia \u00een func\u021bie de cursul de schimb al dolarului fa\u021b\u0103 de euro)<br \/>\n\u00cen partea de sus a coloanei, exist\u0103 casete de la 1 la 69, din care trebuie selectate <strong>5 numere<\/strong>.<br \/>\n\u00cen partea de jos a acestui tabel sunt 26 de cercuri, dintre care 1 trebuie selectat. Acest num\u0103r este <strong>Powerball<\/strong>.<br \/>\nDe asemenea, dac\u0103 prefera\u021bi, pute\u021bi folosi<strong> butonul Quick Pick<\/strong>, astfel \u00eenc\u00e2t combina\u021bia s\u0103 fie realizat\u0103 aleatoriu de c\u0103tre sistemul \u00eensu\u0219i.<\/p>\n<p>Aminti\u021bi-v\u0103 c\u0103 dac\u0103 dori\u021bi s\u0103 cump\u0103ra\u021bi mai mult de 5 bilete simultan, pute\u021bi ad\u0103uga toate liniile de care ave\u021bi nevoie f\u0103c\u00e2nd clic pe butonul \u201eMai multe linii\u201d. \u00cen acest fel, juc\u00e2nd mai <strong>multe numere,<\/strong> cre\u0219te\u021bi probabilitatea de a c\u00e2\u0219tiga Powerball \u0219i de a c\u00e2\u0219tiga un premiu.<\/p>\n<h2>Pre\u021burile loteriei americane Powerball<\/h2>\n<p>La LottoHoy pute\u021bi <strong>cump\u0103ra bilete Powerball<\/strong> de la 3,50 EUR per bilet. (Aceast\u0103 sum\u0103 poate varia \u00een func\u021bie de cursul de schimb al dolarului fa\u021b\u0103 de euro). Momentan nu ve\u021bi g\u0103si nicio platform\u0103 care s\u0103 ofere un pre\u021b mai bun pentru v\u00e2nzarea biletelor Powerball Lotto \u0219i care este complet reglementat\u0103, garant\u00e2nd c\u0103 ve\u021bi primi premiile dumneavoastr\u0103.<\/p>\n<h2>Tabelul de premii Powerball<\/h2>\n<p>Exist\u0103 nou\u0103 moduri de a c\u00e2\u0219tiga un<strong> premiu de loterie Powerball<\/strong>. V\u0103 prezent\u0103m aici un tabel cu toate op\u021biunile de combina\u021bie c\u00e2\u0219tig\u0103toare \u0219i premiile respective.<\/p>\n<table class=\"table table-results-detailed aligncenter\" style=\"height: 332px; width: 322px;\" width=\"358\">\n<tbody>\n<tr>\n<td style=\"width: 61px;\">\n<p id=\"tw-target-text\" class=\"tw-data-text tw-text-large tw-ta\" dir=\"ltr\" data-placeholder=\"Traducci\u00f3n\" data-ved=\"2ahUKEwi9htqXwLGLAxWrLkQIHR0XBpkQ3ewLegQICBAV\" aria-label=\"Texto traducido: Categorii\">Categorii<\/p>\n<\/td>\n<td style=\"width: 138px;\">Num\u0103rul de acces\u0103ri<\/td>\n<td style=\"width: 100px;\">Suma premiului<\/td>\n<\/tr>\n<tr>\n<td style=\"width: 61px;\">I<\/td>\n<td style=\"width: 138px;\">5+1<\/td>\n<td style=\"width: 100px;\">Jackpot<\/td>\n<\/tr>\n<tr>\n<td style=\"width: 61px;\">II<\/td>\n<td style=\"width: 138px;\">5+0<\/td>\n<td style=\"width: 100px;\">1.000.000$<\/td>\n<\/tr>\n<tr>\n<td style=\"width: 61px;\">III<\/td>\n<td style=\"width: 138px;\">4+1<\/td>\n<td style=\"width: 100px;\">50.000$<\/td>\n<\/tr>\n<tr>\n<td style=\"width: 61px;\">IV<\/td>\n<td style=\"width: 138px;\">4+0<\/td>\n<td style=\"width: 100px;\">100$<\/td>\n<\/tr>\n<tr>\n<td style=\"width: 61px;\">V<\/td>\n<td style=\"width: 138px;\">3+1<\/td>\n<td style=\"width: 100px;\">100$<\/td>\n<\/tr>\n<tr>\n<td style=\"width: 61px;\">VI<\/td>\n<td style=\"width: 138px;\">3+0<\/td>\n<td style=\"width: 100px;\">7$<\/td>\n<\/tr>\n<tr>\n<td style=\"width: 61px;\">VII<\/td>\n<td style=\"width: 138px;\">2+1<\/td>\n<td style=\"width: 100px;\">7$<\/td>\n<\/tr>\n<tr>\n<td style=\"width: 61px;\">VIII<\/td>\n<td style=\"width: 138px;\">1+1<\/td>\n<td style=\"width: 100px;\">4$<\/td>\n<\/tr>\n<tr>\n<td style=\"width: 61px;\">IX<\/td>\n<td style=\"width: 138px;\">0+1<\/td>\n<td style=\"width: 100px;\">4$<\/td>\n<\/tr>\n<\/tbody>\n<\/table>\n<p>&nbsp;<\/p>\n<p>Suma <strong>jackpot-ului Powerball<\/strong> se va acumula la urm\u0103toarea extragere dac\u0103 nu exist\u0103 niciun c\u00e2\u0219tig\u0103tor \u0219i va continua s\u0103 se acumuleze p\u00e2n\u0103 c\u00e2nd va fi unul. Dac\u0103 nu exist\u0103 c\u00e2\u0219tig\u0103tori \u00een oricare dintre celelalte categorii, acea sum\u0103 de bani va fi ad\u0103ugat\u0103 la aceea\u0219i categorie de premii pentru urm\u0103toarea extragere.<\/p>\n<p>\u00cen total \u0219i p\u00e2n\u0103 \u00een prezent, au existat un total de 366 de<span style=\"color: #ff6600;\"> jackpot-uri mari<\/span> care au avut un c\u00e2\u0219tig\u0103tor sau c\u00e2\u0219tig\u0103tori. \u00cen mod curios, de trei ori nu au fost revendica\u021bi. Unul v\u00e2ndut \u00een statul Georgia, altul \u00een Indiana \u0219i al treilea \u00een Florida.<\/p>\n<h2>Clasamentul jackpot-urilor sau jackpot-urilor livrate p\u00e2n\u0103 \u00een prezent:<\/h2>\n<ul>\n<li><strong>2,04 miliarde de dolari<\/strong>, \u00een prezent \u00een 2025, este cel mai mare jackpot acordat de loteria Powerball<\/li>\n<li><strong>1.556 milioane de dolari,<\/strong> pe 13-1-2016, repartiza\u021bi \u00eentre trei c\u00e2\u0219tig\u0103tori<\/li>\n<li><strong>758 milioane de dolari,<\/strong> pe 23 august 2017 pentru un singur c\u00e2\u0219tig\u0103tor<\/li>\n<li><strong>590 de milioane de dolari,<\/strong> pe 18 mai 2013 pentru un singur c\u00e2\u0219tig\u0103tor<\/li>\n<li><strong>587 milioane de dolari,<\/strong> pe 28 noiembrie 2012 cu doi c\u00e2\u0219tig\u0103tori<\/li>\n<li><strong>564 de milioane de dolari,<\/strong> pe 11 februarie 2015 pentru trei c\u00e2\u0219tig\u0103tori<\/li>\n<li><strong>488 de milioane de dolari<\/strong>, 7 august 2013 pentru trei c\u00e2\u0219tig\u0103tori<\/li>\n<li><strong>477 milioane de dolari,<\/strong> pe 10 iunie 2017 cu un singur c\u00e2\u0219tig\u0103tor<\/li>\n<\/ul>\n<h2>Pot cump\u0103ra Powerball online?<\/h2>\n<p>Bine\u00een\u021beles c\u0103 da, prin LottoHoy.com pute\u021bi <strong>achizi\u021biona bilete Powerball<\/strong> deoarece biletele dumneavoastr\u0103 sunt achizi\u021bionate prin agen\u021bi oficiali din unit\u0103\u021bi autorizate.<\/p>\n<p><strong>Cump\u0103rarea Powerball-ului online<\/strong> are multe avantaje \u00een compara\u021bie cu cump\u0103rarea fizic\u0103:<\/p>\n<p><strong>Nu este necesar s\u0103 v\u0103 deplasa\u021bi la unitate.<\/strong><br \/>\nNu trebuie s\u0103 v\u0103 face\u021bi griji cu <strong>privire la orele de deschidere \u0219i de \u00eenchidere<\/strong>.<br \/>\nSecuritatea p\u0103str\u0103rii biletului dumneavoastr\u0103 <strong>Powerball \u00een siguran\u021b\u0103,<\/strong> astfel \u00eenc\u00e2t s\u0103 nu fie pierdut sau uitat.<br \/>\n<strong>Achizi\u021bia se poate face<\/strong> din orice loca\u021bie geografic\u0103, pur \u0219i simplu av\u00e2nd o conexiune la internet, \u0219i fie cu un telefon mobil, tablet\u0103 sau computer desktop.<br \/>\nCump\u0103rarea Powerball online are avantajul \u00een plus c\u0103 \u201efereastra\u201d este d<strong>eschis\u0103 24\/7<\/strong> (respect\u00e2nd orele stabilite de organiza\u021bie ca limit\u0103 de achizi\u021bie)<br \/>\nPute\u021bi verifica oric\u00e2nd <span style=\"color: #ff6600;\">rezultatele PowerBall.<\/span><\/p>\n","protected":false},"excerpt":{"rendered":"<p>Cum joci Powerball? Jocul Powerball este la fel de simplu ca alegerea a 5 numere \u00eentre 1 \u0219i 69 \u0219i apoi a unui num\u0103r suplimentar (numit Powerball) \u00eentre 1 \u0219i 26. Pe site-ul nostru pute\u021bi cump\u0103ra oric\u00e2nd bilete pentru aceast\u0103 loterie. Dar s\u0103 mergem pe p\u0103r\u021bi, ca s\u0103 punem pariul, primul lucru pe care trebuie [&hellip;]<\/p>\n","protected":false},"author":2,"featured_media":0,"parent":14386,"menu_order":1,"comment_status":"closed","ping_status":"closed","template":"powerball-usa.php","meta":{"_et_pb_use_builder":"","_et_pb_old_content":"","_et_gb_content_width":"","exclude_from_search":false,"footnotes":""},"class_list":["post-14426","page","type-page","status-publish","hentry"],"yoast_head":"<!-- This site is optimized with the Yoast SEO plugin v23.7 - https:\/\/yoast.com\/wordpress\/plugins\/seo\/ -->\n<title>Joac\u0103 Powerball online - Lottohoy<\/title>\n<meta name=\"description\" content=\"Alege 5 numere \u00eentre 1 \u0219i 69, \u0219i un num\u0103r suplimentar (numit Powerball) \u00eentre 1 \u0219i 26. La LottoHoy po\u021bi c\u00e2\u0219tiga premii mari. Ce mai a\u0219tep\u021bi?\" \/>\n<meta name=\"robots\" content=\"index, follow, max-snippet:-1, max-image-preview:large, max-video-preview:-1\" \/>\n<link rel=\"canonical\" href=\"https:\/\/lottohoy.com\/ro\/joaca-la-loterie-online\/joaca-powerball-online\/\" \/>\n<meta property=\"og:locale\" content=\"ro_RO\" \/>\n<meta property=\"og:type\" content=\"article\" \/>\n<meta property=\"og:title\" content=\"Joac\u0103 Powerball online - Lottohoy\" \/>\n<meta property=\"og:description\" content=\"Alege 5 numere \u00eentre 1 \u0219i 69, \u0219i un num\u0103r suplimentar (numit Powerball) \u00eentre 1 \u0219i 26. La LottoHoy po\u021bi c\u00e2\u0219tiga premii mari. Ce mai a\u0219tep\u021bi?\" \/>\n<meta property=\"og:url\" content=\"https:\/\/lottohoy.com\/ro\/joaca-la-loterie-online\/joaca-powerball-online\/\" \/>\n<meta property=\"og:site_name\" content=\"Lottohoy\" \/>\n<meta property=\"article:modified_time\" content=\"2025-03-15T17:01:45+00:00\" \/>\n<meta name=\"twitter:card\" content=\"summary_large_image\" \/>\n<meta name=\"twitter:label1\" content=\"Timp estimat pentru citire\" \/>\n\t<meta name=\"twitter:data1\" content=\"3 minute\" \/>\n<script type=\"application\/ld+json\" class=\"yoast-schema-graph\">{\"@context\":\"https:\/\/schema.org\",\"@graph\":[{\"@type\":\"WebPage\",\"@id\":\"https:\/\/lottohoy.com\/ro\/joaca-la-loterie-online\/joaca-powerball-online\/\",\"url\":\"https:\/\/lottohoy.com\/ro\/joaca-la-loterie-online\/joaca-powerball-online\/\",\"name\":\"Joac\u0103 Powerball online - Lottohoy\",\"isPartOf\":{\"@id\":\"https:\/\/lottohoy.com\/ro\/#website\"},\"datePublished\":\"2018-05-03T13:23:27+00:00\",\"dateModified\":\"2025-03-15T17:01:45+00:00\",\"description\":\"Alege 5 numere \u00eentre 1 \u0219i 69, \u0219i un num\u0103r suplimentar (numit Powerball) \u00eentre 1 \u0219i 26. La LottoHoy po\u021bi c\u00e2\u0219tiga premii mari. Ce mai a\u0219tep\u021bi?\",\"breadcrumb\":{\"@id\":\"https:\/\/lottohoy.com\/ro\/joaca-la-loterie-online\/joaca-powerball-online\/#breadcrumb\"},\"inLanguage\":\"ro-RO\",\"potentialAction\":[{\"@type\":\"ReadAction\",\"target\":[\"https:\/\/lottohoy.com\/ro\/joaca-la-loterie-online\/joaca-powerball-online\/\"]}]},{\"@type\":\"BreadcrumbList\",\"@id\":\"https:\/\/lottohoy.com\/ro\/joaca-la-loterie-online\/joaca-powerball-online\/#breadcrumb\",\"itemListElement\":[{\"@type\":\"ListItem\",\"position\":1,\"name\":\"Home\",\"item\":\"https:\/\/lottohoy.com\/ro\/\"},{\"@type\":\"ListItem\",\"position\":2,\"name\":\"Joac\u0103 la loterie online\",\"item\":\"https:\/\/lottohoy.com\/ro\/joaca-la-loterie-online\/\"},{\"@type\":\"ListItem\",\"position\":3,\"name\":\"Joac\u0103 Powerball online\"}]},{\"@type\":\"WebSite\",\"@id\":\"https:\/\/lottohoy.com\/ro\/#website\",\"url\":\"https:\/\/lottohoy.com\/ro\/\",\"name\":\"Lottohoy\",\"description\":\"\",\"potentialAction\":[{\"@type\":\"SearchAction\",\"target\":{\"@type\":\"EntryPoint\",\"urlTemplate\":\"https:\/\/lottohoy.com\/ro\/?s={search_term_string}\"},\"query-input\":{\"@type\":\"PropertyValueSpecification\",\"valueRequired\":true,\"valueName\":\"search_term_string\"}}],\"inLanguage\":\"ro-RO\"}]}<\/script>\n<!-- \/ Yoast SEO plugin. -->","yoast_head_json":{"title":"Joac\u0103 Powerball online - Lottohoy","description":"Alege 5 numere \u00eentre 1 \u0219i 69, \u0219i un num\u0103r suplimentar (numit Powerball) \u00eentre 1 \u0219i 26. La LottoHoy po\u021bi c\u00e2\u0219tiga premii mari. Ce mai a\u0219tep\u021bi?","robots":{"index":"index","follow":"follow","max-snippet":"max-snippet:-1","max-image-preview":"max-image-preview:large","max-video-preview":"max-video-preview:-1"},"canonical":"https:\/\/lottohoy.com\/ro\/joaca-la-loterie-online\/joaca-powerball-online\/","og_locale":"ro_RO","og_type":"article","og_title":"Joac\u0103 Powerball online - Lottohoy","og_description":"Alege 5 numere \u00eentre 1 \u0219i 69, \u0219i un num\u0103r suplimentar (numit Powerball) \u00eentre 1 \u0219i 26. La LottoHoy po\u021bi c\u00e2\u0219tiga premii mari. Ce mai a\u0219tep\u021bi?","og_url":"https:\/\/lottohoy.com\/ro\/joaca-la-loterie-online\/joaca-powerball-online\/","og_site_name":"Lottohoy","article_modified_time":"2025-03-15T17:01:45+00:00","twitter_card":"summary_large_image","twitter_misc":{"Timp estimat pentru citire":"3 minute"},"schema":{"@context":"https:\/\/schema.org","@graph":[{"@type":"WebPage","@id":"https:\/\/lottohoy.com\/ro\/joaca-la-loterie-online\/joaca-powerball-online\/","url":"https:\/\/lottohoy.com\/ro\/joaca-la-loterie-online\/joaca-powerball-online\/","name":"Joac\u0103 Powerball online - Lottohoy","isPartOf":{"@id":"https:\/\/lottohoy.com\/ro\/#website"},"datePublished":"2018-05-03T13:23:27+00:00","dateModified":"2025-03-15T17:01:45+00:00","description":"Alege 5 numere \u00eentre 1 \u0219i 69, \u0219i un num\u0103r suplimentar (numit Powerball) \u00eentre 1 \u0219i 26. La LottoHoy po\u021bi c\u00e2\u0219tiga premii mari. Ce mai a\u0219tep\u021bi?","breadcrumb":{"@id":"https:\/\/lottohoy.com\/ro\/joaca-la-loterie-online\/joaca-powerball-online\/#breadcrumb"},"inLanguage":"ro-RO","potentialAction":[{"@type":"ReadAction","target":["https:\/\/lottohoy.com\/ro\/joaca-la-loterie-online\/joaca-powerball-online\/"]}]},{"@type":"BreadcrumbList","@id":"https:\/\/lottohoy.com\/ro\/joaca-la-loterie-online\/joaca-powerball-online\/#breadcrumb","itemListElement":[{"@type":"ListItem","position":1,"name":"Home","item":"https:\/\/lottohoy.com\/ro\/"},{"@type":"ListItem","position":2,"name":"Joac\u0103 la loterie online","item":"https:\/\/lottohoy.com\/ro\/joaca-la-loterie-online\/"},{"@type":"ListItem","position":3,"name":"Joac\u0103 Powerball online"}]},{"@type":"WebSite","@id":"https:\/\/lottohoy.com\/ro\/#website","url":"https:\/\/lottohoy.com\/ro\/","name":"Lottohoy","description":"","potentialAction":[{"@type":"SearchAction","target":{"@type":"EntryPoint","urlTemplate":"https:\/\/lottohoy.com\/ro\/?s={search_term_string}"},"query-input":{"@type":"PropertyValueSpecification","valueRequired":true,"valueName":"search_term_string"}}],"inLanguage":"ro-RO"}]}},"_links":{"self":[{"href":"https:\/\/lottohoy.com\/ro\/wp-json\/wp\/v2\/pages\/14426","targetHints":{"allow":["GET"]}}],"collection":[{"href":"https:\/\/lottohoy.com\/ro\/wp-json\/wp\/v2\/pages"}],"about":[{"href":"https:\/\/lottohoy.com\/ro\/wp-json\/wp\/v2\/types\/page"}],"author":[{"embeddable":true,"href":"https:\/\/lottohoy.com\/ro\/wp-json\/wp\/v2\/users\/2"}],"replies":[{"embeddable":true,"href":"https:\/\/lottohoy.com\/ro\/wp-json\/wp\/v2\/comments?post=14426"}],"version-history":[{"count":2,"href":"https:\/\/lottohoy.com\/ro\/wp-json\/wp\/v2\/pages\/14426\/revisions"}],"predecessor-version":[{"id":15592,"href":"https:\/\/lottohoy.com\/ro\/wp-json\/wp\/v2\/pages\/14426\/revisions\/15592"}],"up":[{"embeddable":true,"href":"https:\/\/lottohoy.com\/ro\/wp-json\/wp\/v2\/pages\/14386"}],"wp:attachment":[{"href":"https:\/\/lottohoy.com\/ro\/wp-json\/wp\/v2\/media?parent=14426"}],"curies":[{"name":"wp","href":"https:\/\/api.w.org\/{rel}","templated":true}]}}