{"id":14386,"date":"2018-05-03T14:23:25","date_gmt":"2018-05-03T13:23:25","guid":{"rendered":"https:\/\/lottohoy.com\/?page_id=14386"},"modified":"2025-03-15T16:55:56","modified_gmt":"2025-03-15T16:55:56","slug":"joaca-la-loterie-online","status":"publish","type":"page","link":"https:\/\/lottohoy.com\/ro\/joaca-la-loterie-online\/","title":{"rendered":"Joac\u0103 la loterie online"},"content":{"rendered":"<p>Cump\u0103rarea loteriei online cu LottoHoy este mai simpl\u0103, mai rapid\u0103 \u0219i mai confortabil\u0103 dec\u00e2t a face acest lucru \u00een administra\u021biile de loterie:<\/p>\n<p><strong>Este simplu<\/strong> pentru ca poti face achizitia de oriunde in lume, atata timp cat ai conexiune la internet, si prin orice mijloace: mobil\/telefon mobil, tableta sau calculator.<\/p>\n<p><strong>Este rapid<\/strong>. \u00cen doar c\u00e2teva secunde pute\u021bi determina loteria pe care dori\u021bi s\u0103 o juca\u021bi din varietatea larg\u0103 de jocuri pe care o oferim.<\/p>\n<p>Se alege combina\u021bia de numere care compun pariul, iar plata se face aleg\u00e2nd metoda care \u021bi se potrive\u0219te cel mai bine \u0219i&#8230; Gata!<\/p>\n<p><strong>Este sigur<\/strong>, pentru c\u0103 odat\u0103 ce achizi\u021bia este efectuat\u0103, aceasta se reflect\u0103 \u00een contul de utilizator \u00eentr-un mod securizat, p\u00e2n\u0103 c\u00e2nd se efectueaz\u0103 extragerea \u0219i se prime\u0219te confirmarea electronic. <span style=\"color: #3366ff;\"><a style=\"color: #3366ff;\" href=\"https:\/\/lottohoy.com\/ro\/registration\/\">Deschide-\u021bi contul <\/a><\/span>ast\u0103zi \u0219i \u00eencepe s\u0103 joci cu noi!<\/p>\n<p>\u00cen cur\u00e2nd, sper\u0103m s\u0103 \u00eencorpor\u0103m \u0219i Loteria de Cr\u0103ciun, acea extragere cu totul special\u0103 care are loc \u00een fiecare an pe 22 decembrie \u0219i \u00een care numerele \u0219i premiile sunt c\u00e2ntate personal de copiii din San Ildefonso. \u00cen acea zi, toat\u0103 lumea a\u0219teapt\u0103 cu ner\u0103bdare \u201eGordo\u201d de Cr\u0103ciun \u0219i, de asemenea, cu speran\u021ba celeilalte extrageri extraordinare, extragerea la loto pentru copii, cunoscut\u0103 \u0219i sub numele de extragerea celor Trei Regi.<\/p>\n<h2>Cum s\u0103 cumperi la loterie online<\/h2>\n<p>C\u00e2nd intri \u00een platforma noastr\u0103 de jocuri, ai la<strong> dispozi\u021bie o selec\u021bie variat\u0103 de loterie<\/strong>. Po\u021bi s\u0103 introduci pe cel sau pe cele \u00een care vrei s\u0103 participi \u0219i s\u0103-\u021bi plasezi pariurile, vei g\u0103si informa\u021bii extinse care te vor ajuta s\u0103 stabile\u0219ti pronosticurile asupra pariului pe care vrei s\u0103-l plasezi, precum \u0219i caracteristicile \u0219i regulile jocului.<\/p>\n<p>Pute\u021bi <span style=\"color: #808080;\"><strong>alege manual <\/strong><\/span>combina\u021bia de numere \u0219i bile bif\u00e2nd c\u0103su\u021bele corespunz\u0103toare din fiecare coloan\u0103 acele numere pe care le creeaz\u0103 fiecare vor fi c\u00e2\u0219tig\u0103toare \u0219i num\u0103rul dvs. preferat. Sau, de asemenea, pute\u021bi l\u0103sa sistemul \u00eensu\u0219i s\u0103 aleag\u0103 <span style=\"color: #808080;\"><strong>aleatoriu combina\u021bia <\/strong><\/span>de numere \u0219i bile.<\/p>\n<p>Odat\u0103 ce jocul a fost definit, acesta este confirmat prin procedarea la plata acesteia (aceast\u0103 opera\u021biune poate fi efectuat\u0103 pentru c\u00e2te loterie dori\u021bi s\u0103 participa\u021bi) \u0219i alege\u021bi metoda de plat\u0103 care v\u0103 este pus\u0103 la dispozi\u021bie.<\/p>\n<h2>Cum s\u0103 colectezi loteria online<\/h2>\n<p><strong>Toate premiile de loterie<\/strong> distribuite \u0219i c\u00e2\u0219tigate la diferitele extrageri sunt introduse imediat \u00een contul utilizatorului, astfel \u00eenc\u00e2t acesta s\u0103 fie disponibil \u0219i la dispozi\u021bia acestuia.<\/p>\n<p>Atunci c\u00e2nd valoarea premiilor dumneavoastr\u0103 poate fi mai mare, ve\u021bi fi sf\u0103tuit cu privire la cele mai bune solu\u021bii pentru a putea accesa acele premii.<\/p>\n<p>Fiecare loterie este guvernat\u0103 de <strong>Legea Fiscal\u0103<\/strong> a \u021b\u0103rii \u00een care este organizat\u0103, deoarece pot exista taxe \u0219i alte costuri care pot afecta sumele c\u00e2\u0219tigate.<\/p>\n<h2>Avantajele jocului la loterie online<\/h2>\n<p><strong>Economisirea de timp<\/strong> este poate cel mai mare avantaj al jocului la loterie online. Nu exist\u0103 o modalitate mai rapid\u0103 de a juca dec\u00e2t jocul online.<\/p>\n<p>Prin LottoHoy, <strong>pute\u021bi cump\u0103ra loteria \u00een orice moment<\/strong>, 24 de ore pe zi, 7 zile pe s\u0103pt\u0103m\u00e2n\u0103 \u0219i 365 de zile pe an, f\u0103r\u0103 s\u0103rb\u0103tori, f\u0103r\u0103 program fizic de stabilire.<\/p>\n<p><strong>F\u0103r\u0103 deplas\u0103ri<\/strong> la punctul fizic de v\u00e2nzare, f\u0103r\u0103 cozi \u0219i f\u0103r\u0103 programe.<\/p>\n<p>Disponibilitatea de a avea o<strong> mare varietate de loterie din \u00eentreaga lume<\/strong>, la \u00eendem\u00e2na de c\u00e2teva clicuri. Acele loterii care ofer\u0103 posibilitatea de a c\u00e2\u0219tiga un premiu, \u0219i cu cele mai bune <span style=\"color: #3366ff;\"><a style=\"color: #3366ff;\" href=\"https:\/\/lottohoy.com\/ro\/jackpot-uri-la-loterie\/\">jackpot-uri de loterie<\/a><\/span>.<\/p>\n<p>A putea cump\u0103ra \u0219i juca toate jackpot-urile s\u0103pt\u0103m\u00e2nii, de <strong>oriunde \u0219i oric\u00e2nd,<\/strong> acas\u0103, la serviciu, \u00een a\u0219teptarea autobuzului sau \u00een orice \u00eemprejurare a vie\u021bii de zi cu zi. Pur \u0219i simplu av\u00e2nd o conexiune la internet \u0219i de pe orice tip de dispozitiv: versiune mobil\u0103, tablet\u0103 sau laptop sau computer desktop.<\/p>\n<p><strong>F\u0103r\u0103 a uita de siguran\u021ba<\/strong> de a nu pierde ocazia de a accesa ni\u0219te premii de loterie, \u0219i poate de a c\u00e2\u0219tiga milioane de euro, pentru c\u0103 biletul fusese pierdut, sau pur \u0219i simplu pentru c\u0103 nu a fost <strong>consultat rezultatul extragerii<\/strong>, iar termenul de revendicare ar putea expira.<\/p>\n<p>Din momentul achizi\u021biei, respectiva achizi\u021bie \u0219i prognoza f\u0103cut\u0103 se reflect\u0103 \u00een <strong>contul de utilizator.<\/strong><\/p>\n<p>\u00cen cazul unui premiu, <strong>suma c\u00e2\u0219tigat\u0103 este imediat introdus\u0103<\/strong> \u00een soldul utilizatorului.<\/p>\n","protected":false},"excerpt":{"rendered":"<p>Cump\u0103rarea loteriei online cu LottoHoy este mai simpl\u0103, mai rapid\u0103 \u0219i mai confortabil\u0103 dec\u00e2t a face acest lucru \u00een administra\u021biile de loterie: Este simplu pentru ca poti face achizitia de oriunde in lume, atata timp cat ai conexiune la internet, si prin orice mijloace: mobil\/telefon mobil, tableta sau calculator. Este rapid. \u00cen doar c\u00e2teva secunde [&hellip;]<\/p>\n","protected":false},"author":2,"featured_media":0,"parent":0,"menu_order":2,"comment_status":"closed","ping_status":"closed","template":"Play-all.php","meta":{"_et_pb_use_builder":"","_et_pb_old_content":"","_et_gb_content_width":"","exclude_from_search":false,"footnotes":""},"class_list":["post-14386","page","type-page","status-publish","hentry"],"yoast_head":"<!-- This site is optimized with the Yoast SEO plugin v23.7 - https:\/\/yoast.com\/wordpress\/plugins\/seo\/ -->\n<title>Joac\u0103 la loterie online - Lottohoy<\/title>\n<meta name=\"description\" content=\"La LottoHoy oferim o mare selec\u021bie de loterii din \u00eentreaga lume pentru a juca online. Alege\u021bi loteria preferat\u0103, juca\u021bi \u0219i cump\u0103ra\u021bi-v\u0103 biletul \u00een siguran\u021b\u0103 100%.\" \/>\n<meta name=\"robots\" content=\"index, follow, max-snippet:-1, max-image-preview:large, max-video-preview:-1\" \/>\n<link rel=\"canonical\" href=\"https:\/\/lottohoy.com\/ro\/joaca-la-loterie-online\/\" \/>\n<meta property=\"og:locale\" content=\"ro_RO\" \/>\n<meta property=\"og:type\" content=\"article\" \/>\n<meta property=\"og:title\" content=\"Joac\u0103 la loterie online - Lottohoy\" \/>\n<meta property=\"og:description\" content=\"La LottoHoy oferim o mare selec\u021bie de loterii din \u00eentreaga lume pentru a juca online. Alege\u021bi loteria preferat\u0103, juca\u021bi \u0219i cump\u0103ra\u021bi-v\u0103 biletul \u00een siguran\u021b\u0103 100%.\" \/>\n<meta property=\"og:url\" content=\"https:\/\/lottohoy.com\/ro\/joaca-la-loterie-online\/\" \/>\n<meta property=\"og:site_name\" content=\"Lottohoy\" \/>\n<meta property=\"article:modified_time\" content=\"2025-03-15T16:55:56+00:00\" \/>\n<meta name=\"twitter:card\" content=\"summary_large_image\" \/>\n<meta name=\"twitter:label1\" content=\"Timp estimat pentru citire\" \/>\n\t<meta name=\"twitter:data1\" content=\"3 minute\" \/>\n<script type=\"application\/ld+json\" class=\"yoast-schema-graph\">{\"@context\":\"https:\/\/schema.org\",\"@graph\":[{\"@type\":\"WebPage\",\"@id\":\"https:\/\/lottohoy.com\/ro\/joaca-la-loterie-online\/\",\"url\":\"https:\/\/lottohoy.com\/ro\/joaca-la-loterie-online\/\",\"name\":\"Joac\u0103 la loterie online - Lottohoy\",\"isPartOf\":{\"@id\":\"https:\/\/lottohoy.com\/ro\/#website\"},\"datePublished\":\"2018-05-03T13:23:25+00:00\",\"dateModified\":\"2025-03-15T16:55:56+00:00\",\"description\":\"La LottoHoy oferim o mare selec\u021bie de loterii din \u00eentreaga lume pentru a juca online. Alege\u021bi loteria preferat\u0103, juca\u021bi \u0219i cump\u0103ra\u021bi-v\u0103 biletul \u00een siguran\u021b\u0103 100%.\",\"breadcrumb\":{\"@id\":\"https:\/\/lottohoy.com\/ro\/joaca-la-loterie-online\/#breadcrumb\"},\"inLanguage\":\"ro-RO\",\"potentialAction\":[{\"@type\":\"ReadAction\",\"target\":[\"https:\/\/lottohoy.com\/ro\/joaca-la-loterie-online\/\"]}]},{\"@type\":\"BreadcrumbList\",\"@id\":\"https:\/\/lottohoy.com\/ro\/joaca-la-loterie-online\/#breadcrumb\",\"itemListElement\":[{\"@type\":\"ListItem\",\"position\":1,\"name\":\"Home\",\"item\":\"https:\/\/lottohoy.com\/ro\/\"},{\"@type\":\"ListItem\",\"position\":2,\"name\":\"Joac\u0103 la loterie online\"}]},{\"@type\":\"WebSite\",\"@id\":\"https:\/\/lottohoy.com\/ro\/#website\",\"url\":\"https:\/\/lottohoy.com\/ro\/\",\"name\":\"Lottohoy\",\"description\":\"\",\"potentialAction\":[{\"@type\":\"SearchAction\",\"target\":{\"@type\":\"EntryPoint\",\"urlTemplate\":\"https:\/\/lottohoy.com\/ro\/?s={search_term_string}\"},\"query-input\":{\"@type\":\"PropertyValueSpecification\",\"valueRequired\":true,\"valueName\":\"search_term_string\"}}],\"inLanguage\":\"ro-RO\"}]}<\/script>\n<!-- \/ Yoast SEO plugin. -->","yoast_head_json":{"title":"Joac\u0103 la loterie online - Lottohoy","description":"La LottoHoy oferim o mare selec\u021bie de loterii din \u00eentreaga lume pentru a juca online. Alege\u021bi loteria preferat\u0103, juca\u021bi \u0219i cump\u0103ra\u021bi-v\u0103 biletul \u00een siguran\u021b\u0103 100%.","robots":{"index":"index","follow":"follow","max-snippet":"max-snippet:-1","max-image-preview":"max-image-preview:large","max-video-preview":"max-video-preview:-1"},"canonical":"https:\/\/lottohoy.com\/ro\/joaca-la-loterie-online\/","og_locale":"ro_RO","og_type":"article","og_title":"Joac\u0103 la loterie online - Lottohoy","og_description":"La LottoHoy oferim o mare selec\u021bie de loterii din \u00eentreaga lume pentru a juca online. Alege\u021bi loteria preferat\u0103, juca\u021bi \u0219i cump\u0103ra\u021bi-v\u0103 biletul \u00een siguran\u021b\u0103 100%.","og_url":"https:\/\/lottohoy.com\/ro\/joaca-la-loterie-online\/","og_site_name":"Lottohoy","article_modified_time":"2025-03-15T16:55:56+00:00","twitter_card":"summary_large_image","twitter_misc":{"Timp estimat pentru citire":"3 minute"},"schema":{"@context":"https:\/\/schema.org","@graph":[{"@type":"WebPage","@id":"https:\/\/lottohoy.com\/ro\/joaca-la-loterie-online\/","url":"https:\/\/lottohoy.com\/ro\/joaca-la-loterie-online\/","name":"Joac\u0103 la loterie online - Lottohoy","isPartOf":{"@id":"https:\/\/lottohoy.com\/ro\/#website"},"datePublished":"2018-05-03T13:23:25+00:00","dateModified":"2025-03-15T16:55:56+00:00","description":"La LottoHoy oferim o mare selec\u021bie de loterii din \u00eentreaga lume pentru a juca online. Alege\u021bi loteria preferat\u0103, juca\u021bi \u0219i cump\u0103ra\u021bi-v\u0103 biletul \u00een siguran\u021b\u0103 100%.","breadcrumb":{"@id":"https:\/\/lottohoy.com\/ro\/joaca-la-loterie-online\/#breadcrumb"},"inLanguage":"ro-RO","potentialAction":[{"@type":"ReadAction","target":["https:\/\/lottohoy.com\/ro\/joaca-la-loterie-online\/"]}]},{"@type":"BreadcrumbList","@id":"https:\/\/lottohoy.com\/ro\/joaca-la-loterie-online\/#breadcrumb","itemListElement":[{"@type":"ListItem","position":1,"name":"Home","item":"https:\/\/lottohoy.com\/ro\/"},{"@type":"ListItem","position":2,"name":"Joac\u0103 la loterie online"}]},{"@type":"WebSite","@id":"https:\/\/lottohoy.com\/ro\/#website","url":"https:\/\/lottohoy.com\/ro\/","name":"Lottohoy","description":"","potentialAction":[{"@type":"SearchAction","target":{"@type":"EntryPoint","urlTemplate":"https:\/\/lottohoy.com\/ro\/?s={search_term_string}"},"query-input":{"@type":"PropertyValueSpecification","valueRequired":true,"valueName":"search_term_string"}}],"inLanguage":"ro-RO"}]}},"_links":{"self":[{"href":"https:\/\/lottohoy.com\/ro\/wp-json\/wp\/v2\/pages\/14386","targetHints":{"allow":["GET"]}}],"collection":[{"href":"https:\/\/lottohoy.com\/ro\/wp-json\/wp\/v2\/pages"}],"about":[{"href":"https:\/\/lottohoy.com\/ro\/wp-json\/wp\/v2\/types\/page"}],"author":[{"embeddable":true,"href":"https:\/\/lottohoy.com\/ro\/wp-json\/wp\/v2\/users\/2"}],"replies":[{"embeddable":true,"href":"https:\/\/lottohoy.com\/ro\/wp-json\/wp\/v2\/comments?post=14386"}],"version-history":[{"count":3,"href":"https:\/\/lottohoy.com\/ro\/wp-json\/wp\/v2\/pages\/14386\/revisions"}],"predecessor-version":[{"id":15660,"href":"https:\/\/lottohoy.com\/ro\/wp-json\/wp\/v2\/pages\/14386\/revisions\/15660"}],"wp:attachment":[{"href":"https:\/\/lottohoy.com\/ro\/wp-json\/wp\/v2\/media?parent=14386"}],"curies":[{"name":"wp","href":"https:\/\/api.w.org\/{rel}","templated":true}]}}