{"id":14371,"date":"2018-05-03T14:23:31","date_gmt":"2018-05-03T13:23:31","guid":{"rendered":"https:\/\/lottohoy.com\/?page_id=14371"},"modified":"2025-02-24T18:23:49","modified_gmt":"2025-02-24T18:23:49","slug":"cumparati-bilete-de-loterie-si-castigati-cele-mai-mari-jackpot-uri-din-lume","status":"publish","type":"page","link":"https:\/\/lottohoy.com\/ro\/","title":{"rendered":"Cump\u0103ra\u021bi bilete de loterie \u0219i c\u00e2\u0219tiga\u021bi cele mai mari jackpot-uri din lume"},"content":{"rendered":"<p>A juca la loteriile lumii \u0219i a face acest lucru din confortul acas\u0103, la serviciu, \u00een autobuz sau \u00een orice \u00eemprejurare,&#8230; pur \u0219i simplu av\u00e2nd o conexiune la internet, deschide o gam\u0103 larg\u0103 de posibilit\u0103\u021bi de a c\u00e2\u0219tiga premii de milioane de dolari.<\/p>\n<p>Dac\u0103 nu ai jucat niciodat\u0103 la loterie online p\u00e2n\u0103 \u00een prezent, <span style=\"color: #ff6600;\">l<span style=\"color: #3366ff;\"><a style=\"color: #3366ff;\" href=\"https:\/\/lottohoy.com\/ro\/joaca-la-loterie-online\/\">ottohoy.com<\/a><\/span><\/span> \u00ee\u021bi ofer\u0103 acum \u0219i de aici posibilitatea de a accesa loteriile mondiale care joac\u0103 cele mai mari <span style=\"color: #ff6600;\">j<span style=\"color: #3366ff;\"><a style=\"color: #3366ff;\" href=\"https:\/\/lottohoy.com\/ro\/jackpot-uri-la-loterie\/\">ackpot-uri<\/a><\/span><\/span> la fiecare extragere.<\/p>\n<h2>Juca\u021bi la loteria local\u0103 sau juca\u021bi la orice loterie din lume?<\/h2>\n<p>Uneori poate fi pl\u0103cut s\u0103 mergi la locul t\u0103u obi\u0219nuit de unde cumperi acel bilet pentru a juca la loteria local\u0103; ai acel bilet \u00een m\u00e2ini pentru a verifica \u00een ziua extragerii, dac\u0103 ai c\u00e2\u0219tigat un premiu.<\/p>\n<p>Dar \u0219i mai bine, ast\u0103zi Internetul, prin platforme precum a noastr\u0103, \u00ee\u021bi ofer\u0103 posibilitatea de a continua s\u0103 joci acelea\u0219i loterie locale \u0219i s\u0103 deschizi o gam\u0103 mai larg\u0103 de posibilit\u0103\u021bi, acces\u00e2nd loterii interna\u021bionale care ofer\u0103 premii extraordinare de milioane de dolari \u0219i care dep\u0103\u0219esc uneori un miliard.<\/p>\n<p>Dac\u0103 ad\u0103ug\u0103m la aceasta lini\u0219tea sufleteasc\u0103 de a putea juca orice egal \u00een avans; ca premiile castigate iti sunt comunicate direct si ca in functie de suma castigata, sumele ajung direct in contul tau \u2013 <strong>ti-ar placea<\/strong> sa <span style=\"color: #3366ff;\"><a style=\"color: #3366ff;\" href=\"https:\/\/lottohoy.com\/ro\/joaca-la-loterie-online\/\">joci cu lottohoy.com<\/a><\/span>?<\/p>\n<h2>Nu conteaz\u0103 \u00een ce \u021bar\u0103 locui\u021bi pentru a juca la loterie online.<\/h2>\n<p>C\u00e2nd cump\u0103ra\u021bi bilete de loterie online, nu conteaz\u0103 \u021bara dvs. de re\u0219edin\u021b\u0103. Nu este nevoie s\u0103 c\u0103l\u0103tori\u021bi pentru a cump\u0103ra un bilet de loterie \u00eentr-o \u021bar\u0103 str\u0103in\u0103.<\/p>\n<p>Servim clien\u021bi din aproape toate \u021b\u0103rile cu serviciile noastre la nivel mondial.<\/p>\n<h3>Cum func\u021bioneaz\u0103 serviciul online de bilete de loterie<\/h3>\n<p>La<span style=\"color: #ff6600;\"><span style=\"color: #3366ff;\"><a style=\"color: #3366ff;\" href=\"https:\/\/lottohoy.com\/ro\/joaca-la-loterie-online\/\"> lottohoy.com<\/a><\/span>,<\/span> pute\u021bi vedea o varietate de jocuri de loterie diferite din \u00eentreaga lume. Le po\u021bi alege pe cele pe care vrei s\u0103 le joci \u0219i s\u0103 le cumperi online. Este mult mai u\u0219or dec\u00e2t ai putea crede.<\/p>\n<p>Pute\u021bi alege tot ceea ce are leg\u0103tur\u0103 cu biletul dvs. de loterie:<\/p>\n<p>\u25cf Selecta\u021bi loteria care pune \u00een joc cel mai mare jackpot, dac\u0103 dori\u021bi<\/p>\n<p>\u25cf Alege\u021bi manual numerele sau permite\u021bi sistemului \u00eensu\u0219i s\u0103 aleag\u0103 aleatoriu o combina\u021bie pentru dvs.<\/p>\n<p>\u25cf Pute\u021bi juca c\u00e2te pariuri (linii) cu combina\u021biile dorite<\/p>\n<p>\u25cf Pute\u021bi alege s\u0103 juca\u021bi o singur\u0103 remiz\u0103 sau mai multe extrageri la r\u00e2nd<\/p>\n<h2>Super loterie cu jackpot-uri \u00een valoare de sute de milioane<\/h2>\n<p>Loterii precum American<span style=\"color: #3366ff;\"><a style=\"color: #3366ff;\" href=\"https:\/\/lottohoy.com\/ro\/joaca-la-loterie-online\/joaca-powerball-online\/\"> Powerball<\/a><\/span> sau <span style=\"color: #3366ff;\"><a style=\"color: #3366ff;\" href=\"https:\/\/lottohoy.com\/ro\/joaca-la-loterie-online\/joaca-mega-millions\/\">MegaMillions<\/a><\/span>, European <span style=\"color: #3366ff;\"><a style=\"color: #3366ff;\" href=\"https:\/\/lottohoy.com\/ro\/joaca-la-loterie-online\/joaca-euromillions\/\">Euromillions<\/a><\/span>, <span style=\"color: #3366ff;\"><a style=\"color: #3366ff;\" href=\"https:\/\/lottohoy.com\/ro\/joaca-la-loterie-online\/joaca-eurojackpot\/\">Eurojackpot<\/a><\/span> \u0219i italian <span style=\"color: #3366ff;\"><a style=\"color: #3366ff;\" href=\"https:\/\/lottohoy.com\/ro\/joaca-la-loterie-online\/joaca-superenalotto\/\">SuperEnalotto<\/a><\/span>.<\/p>\n<p>\u0218tiai c\u0103 cel mai mare premiu Powerball p\u00e2n\u0103 \u00een prezent a fost de 2,04 miliarde de dolari, c\u00e2\u0219tigat \u00een 2022?&#8230; Poate p\u0103rea un vis s\u0103 c\u00e2\u0219tigi un premiu de sute de milioane, dar este o realitate!<\/p>\n<h2>Cu siguran\u021b\u0103 v\u0103 pute\u021bi pune multe \u00eentreb\u0103ri:<\/h2>\n<p>\u25cf Ar trebui s\u0103 mergi mereu \u00een c\u0103utarea celui mai \u00eenalt pot?<\/p>\n<p>\u25cf Este valoarea celui mai mare jackpot singurul criteriu atunci c\u00e2nd alege\u021bi ce loterie s\u0103 juca\u021bi online?<\/p>\n<p>\u25cf Dar dac\u0103 premiul al doilea este suficient de mare pentru a v\u0103 schimba via\u021ba?<\/p>\n<p>\u25cf Unele jackpot-uri cresc at\u00e2t de mari pentru c\u0103 sunt greu de c\u00e2\u0219tigat. Ce ar fi dac\u0103 \u0219ansele de a c\u00e2\u0219tiga un premiu de al doilea r\u00e2nd ar fi mult mai mari dec\u00e2t s\u0103 c\u00e2\u0219tigi un jackpot la loterie?<\/p>\n<p>\u25cf Al\u021bi factori trebuie lua\u021bi \u00een considerare atunci c\u00e2nd juca\u021bi la loterie online?<\/p>\n<p>Nu toate loteriile au acelea\u0219i \u0219anse de c\u00e2\u0219tig. <strong>Este perfect logic s\u0103 cau\u021bi cele mai mari jackpot-uri<\/strong>, dar are \u0219i sens s\u0103 verifici unde \u021bi se ofer\u0103 cele mai bune \u0219anse de a c\u00e2\u0219tiga un premiu mare.<\/p>\n<p>Avem o mare varietate de loterie de jucat pentru toate gusturile. Distreaz\u0103-te s\u0103 \u00eencerci ceva nou, jocuri pe care poate nu le-ai mai v\u0103zut sau auzit p\u00e2n\u0103 acum. S-ar putea s\u0103 fii surprins de toate op\u021biunile pe care le oferim.<\/p>\n<h2>Cum func\u021bioneaz\u0103 serviciul oferit de lottohoy.com?<\/h2>\n<p>Odat\u0103 ce a\u021bi creat jocul sau piesele dorite, va trebui pur \u0219i simplu s\u0103 confirma\u021bi comanda \u0219i s\u0103 efectua\u021bi plata online (exist\u0103 mai multe op\u021biuni pentru plata online)<\/p>\n<p>Dac\u0103 nu v-a\u021bi creat anterior contul de utilizator, va trebui s\u0103 \u00eel crea\u021bi \u0219i s\u0103 \u00eel verifica\u021bi \u00een timpul acestui proces folosind o adres\u0103 de e-mail \u0219i o parol\u0103 valide pentru autentificarea ulterioar\u0103.<\/p>\n<p>De \u00eendat\u0103 ce comanda dumneavoastr\u0103 este verificat\u0103 \u0219i plata confirmat\u0103, unul dintre agen\u021bii no\u0219tri va proceda la efectuarea achizi\u021biei biletului de loterie sau a biletelor de loterie \u00een vigoare \u00een \u021bara \u00een care are loc extragerea la loterie.<\/p>\n<p>O scanare a biletului dvs. va fi apoi \u00eenc\u0103rcat\u0103 \u00een contul dvs. de utilizator.<\/p>\n<p>Aceast\u0103 opera\u021biune necesit\u0103 timp pentru procesare \u0219i pentru ca scanarea s\u0103 fie vizibil\u0103 \u00een contul dvs. Oricand iti poti consulta contul de utilizator, in sectiunea \u201cbiletele mele\u201d unde iti poti verifica comanda si numerele selectate de tine.<\/p>\n<p>Odat\u0103 ce extragerea a fost efectuat\u0103, datele c\u00e2\u0219tig\u0103toare vor fi disponibile \u0219i numerele tale potrivite \u0219i, dac\u0103 este cazul, sumele premiului c\u00e2\u0219tigat vor ap\u0103rea \u00een contul t\u0103u.<\/p>\n<h2>Bine, \u0219i dac\u0103 c\u00e2\u0219tig&#8230; ce se \u00eent\u00e2mpl\u0103?<\/h2>\n<p>A avea grij\u0103 de clien\u021bii no\u0219tri din \u00eentreaga lume atunci c\u00e2nd c\u00e2\u0219tig\u0103 este o parte important\u0103 a serviciului nostru de bilete online.<\/p>\n<p>Nu trebuie s\u0103 locui\u021bi \u00een \u021bara \u00een care are loc loteria. Pur \u0219i simplu cump\u0103r\u0103m biletele pentru tine local, de parc\u0103 ai petrece o vacan\u021b\u0103 \u00een acea \u021bar\u0103!<\/p>\n<p>Asigurarea c\u0103 sunte\u021bi pl\u0103tit atunci c\u00e2nd c\u00e2\u0219tiga\u021bi face parte \u0219i din serviciul nostru de bilete online.<\/p>\n<p>C\u00e2\u0219tigurile cu premii de p\u00e2n\u0103 la aproximativ \u20ac\/2.500 USD sunt pl\u0103tite \u0219i depuse direct \u00een contul dvs. de utilizator\/juc\u0103tor \u0219i sunt disponibile imediat pentru a solicita o retragere sau pentru a le utiliza pentru a cump\u0103ra extrageri ulterioare de la oricare dintre loterie.<\/p>\n<p>Pentru cele mai mari c\u00e2\u0219tiguri, serviciul nostru pentru clien\u021bi v\u0103 va oferi serviciul nostru de c\u00e2\u0219tig\u0103tor VIP.<\/p>\n<h2>\u00cen cazul \u00een care ave\u021bi \u00eendoieli, acest serviciu este perfect legal, v\u0103 sf\u0103tuim \u0219i v\u0103 ajut\u0103m \u00een gestionarea colec\u021biilor.<\/h2>\n<p><strong>Premiul dvs. va fi pl\u0103tit integral<\/strong> \u0219i nu vor fi deduse vreodat\u0103 taxe sau comisioane din c\u00e2\u0219tigurile dvs., <strong>sub rezerva reglement\u0103rilor fiscale din \u021bara \u00een care se desf\u0103\u0219oar\u0103 loterie \u0219i cele din \u021bara dvs. de re\u0219edin\u021b\u0103.<\/strong><\/p>\n<p>\u00cen unele cazuri \u0219i \u00een mod excep\u021bional, pot fi suportate cheltuieli pentru gestionarea colect\u0103rii \u00een situa\u021bia \u00een care c\u00e2\u0219tig\u0103torul nu poate c\u0103l\u0103tori \u00een \u021bara pl\u0103titoare a premiului, iar \u00een numele s\u0103u trebuie s\u0103 intervin\u0103 o persoan\u0103 sau societate acreditat\u0103 \u00een mod corespunz\u0103tor pentru a face acest lucru.<\/p>\n<h2>La lottohoy.com pute\u021bi g\u0103si informa\u021bii \u0219i sfaturi pentru a juca cele mai bune loterie online<\/h2>\n<p>Toate acestea le pute\u021bi g\u0103si aici pe site-ul nostru. Nu numai c\u0103 v\u0103 oferim cotele \u0219i regulile exacte pentru fiecare loterie, dar avem \u0219i articole despre tot felul de aspecte diferite ale loteriei.<\/p>\n<p>V\u0103 oferim sfaturi despre cum s\u0103 v\u0103 \u00eembun\u0103t\u0103\u021bi\u021bi \u0219ansele de c\u00e2\u0219tig \u0219i ve\u021bi g\u0103si, de asemenea, cele mai recente rezultate \u0219i o arhiv\u0103 cu cele mai vechi rezultate pentru toate loteriile pe site-ul nostru.<\/p>\n","protected":false},"excerpt":{"rendered":"<p>A juca la loteriile lumii \u0219i a face acest lucru din confortul acas\u0103, la serviciu, \u00een autobuz sau \u00een orice \u00eemprejurare,&#8230; pur \u0219i simplu av\u00e2nd o conexiune la internet, deschide o gam\u0103 larg\u0103 de posibilit\u0103\u021bi de a c\u00e2\u0219tiga premii de milioane de dolari. Dac\u0103 nu ai jucat niciodat\u0103 la loterie online p\u00e2n\u0103 \u00een prezent, lottohoy.com [&hellip;]<\/p>\n","protected":false},"author":2,"featured_media":0,"parent":0,"menu_order":1,"comment_status":"closed","ping_status":"closed","template":"lotto.php","meta":{"_et_pb_use_builder":"","_et_pb_old_content":"","_et_gb_content_width":"","exclude_from_search":false,"footnotes":""},"class_list":["post-14371","page","type-page","status-publish","hentry"],"yoast_head":"<!-- This site is optimized with the Yoast SEO plugin v23.7 - https:\/\/yoast.com\/wordpress\/plugins\/seo\/ -->\n<title>Cump\u0103ra\u021bi bilete de loterie \u0219i c\u00e2\u0219tiga\u021bi cele mai mari jackpot-uri din lume - Lottohoy<\/title>\n<meta name=\"robots\" content=\"index, follow, max-snippet:-1, max-image-preview:large, max-video-preview:-1\" \/>\n<link rel=\"canonical\" href=\"https:\/\/lottohoy.com\/ro\/\" \/>\n<meta property=\"og:locale\" content=\"ro_RO\" \/>\n<meta property=\"og:type\" content=\"article\" \/>\n<meta property=\"og:title\" content=\"Cump\u0103ra\u021bi bilete de loterie \u0219i c\u00e2\u0219tiga\u021bi cele mai mari jackpot-uri din lume - Lottohoy\" \/>\n<meta property=\"og:description\" content=\"A juca la loteriile lumii \u0219i a face acest lucru din confortul acas\u0103, la serviciu, \u00een autobuz sau \u00een orice \u00eemprejurare,&#8230; pur \u0219i simplu av\u00e2nd o conexiune la internet, deschide o gam\u0103 larg\u0103 de posibilit\u0103\u021bi de a c\u00e2\u0219tiga premii de milioane de dolari. Dac\u0103 nu ai jucat niciodat\u0103 la loterie online p\u00e2n\u0103 \u00een prezent, lottohoy.com [&hellip;]\" \/>\n<meta property=\"og:url\" content=\"https:\/\/lottohoy.com\/ro\/\" \/>\n<meta property=\"og:site_name\" content=\"Lottohoy\" \/>\n<meta property=\"article:modified_time\" content=\"2025-02-24T18:23:49+00:00\" \/>\n<meta name=\"twitter:card\" content=\"summary_large_image\" \/>\n<meta name=\"twitter:label1\" content=\"Timp estimat pentru citire\" \/>\n\t<meta name=\"twitter:data1\" content=\"5 minute\" \/>\n<script type=\"application\/ld+json\" class=\"yoast-schema-graph\">{\"@context\":\"https:\/\/schema.org\",\"@graph\":[{\"@type\":\"WebPage\",\"@id\":\"https:\/\/lottohoy.com\/ro\/\",\"url\":\"https:\/\/lottohoy.com\/ro\/\",\"name\":\"Cump\u0103ra\u021bi bilete de loterie \u0219i c\u00e2\u0219tiga\u021bi cele mai mari jackpot-uri din lume - Lottohoy\",\"isPartOf\":{\"@id\":\"https:\/\/lottohoy.com\/ro\/#website\"},\"datePublished\":\"2018-05-03T13:23:31+00:00\",\"dateModified\":\"2025-02-24T18:23:49+00:00\",\"breadcrumb\":{\"@id\":\"https:\/\/lottohoy.com\/ro\/#breadcrumb\"},\"inLanguage\":\"ro-RO\",\"potentialAction\":[{\"@type\":\"ReadAction\",\"target\":[\"https:\/\/lottohoy.com\/ro\/\"]}]},{\"@type\":\"BreadcrumbList\",\"@id\":\"https:\/\/lottohoy.com\/ro\/#breadcrumb\",\"itemListElement\":[{\"@type\":\"ListItem\",\"position\":1,\"name\":\"Home\",\"item\":\"https:\/\/lottohoy.com\/ro\/\"},{\"@type\":\"ListItem\",\"position\":2,\"name\":\"Cump\u0103ra\u021bi bilete de loterie \u0219i c\u00e2\u0219tiga\u021bi cele mai mari jackpot-uri din lume\"}]},{\"@type\":\"WebSite\",\"@id\":\"https:\/\/lottohoy.com\/ro\/#website\",\"url\":\"https:\/\/lottohoy.com\/ro\/\",\"name\":\"Lottohoy\",\"description\":\"\",\"potentialAction\":[{\"@type\":\"SearchAction\",\"target\":{\"@type\":\"EntryPoint\",\"urlTemplate\":\"https:\/\/lottohoy.com\/ro\/?s={search_term_string}\"},\"query-input\":{\"@type\":\"PropertyValueSpecification\",\"valueRequired\":true,\"valueName\":\"search_term_string\"}}],\"inLanguage\":\"ro-RO\"}]}<\/script>\n<!-- \/ Yoast SEO plugin. -->","yoast_head_json":{"title":"Cump\u0103ra\u021bi bilete de loterie \u0219i c\u00e2\u0219tiga\u021bi cele mai mari jackpot-uri din lume - Lottohoy","robots":{"index":"index","follow":"follow","max-snippet":"max-snippet:-1","max-image-preview":"max-image-preview:large","max-video-preview":"max-video-preview:-1"},"canonical":"https:\/\/lottohoy.com\/ro\/","og_locale":"ro_RO","og_type":"article","og_title":"Cump\u0103ra\u021bi bilete de loterie \u0219i c\u00e2\u0219tiga\u021bi cele mai mari jackpot-uri din lume - Lottohoy","og_description":"A juca la loteriile lumii \u0219i a face acest lucru din confortul acas\u0103, la serviciu, \u00een autobuz sau \u00een orice \u00eemprejurare,&#8230; pur \u0219i simplu av\u00e2nd o conexiune la internet, deschide o gam\u0103 larg\u0103 de posibilit\u0103\u021bi de a c\u00e2\u0219tiga premii de milioane de dolari. Dac\u0103 nu ai jucat niciodat\u0103 la loterie online p\u00e2n\u0103 \u00een prezent, lottohoy.com [&hellip;]","og_url":"https:\/\/lottohoy.com\/ro\/","og_site_name":"Lottohoy","article_modified_time":"2025-02-24T18:23:49+00:00","twitter_card":"summary_large_image","twitter_misc":{"Timp estimat pentru citire":"5 minute"},"schema":{"@context":"https:\/\/schema.org","@graph":[{"@type":"WebPage","@id":"https:\/\/lottohoy.com\/ro\/","url":"https:\/\/lottohoy.com\/ro\/","name":"Cump\u0103ra\u021bi bilete de loterie \u0219i c\u00e2\u0219tiga\u021bi cele mai mari jackpot-uri din lume - Lottohoy","isPartOf":{"@id":"https:\/\/lottohoy.com\/ro\/#website"},"datePublished":"2018-05-03T13:23:31+00:00","dateModified":"2025-02-24T18:23:49+00:00","breadcrumb":{"@id":"https:\/\/lottohoy.com\/ro\/#breadcrumb"},"inLanguage":"ro-RO","potentialAction":[{"@type":"ReadAction","target":["https:\/\/lottohoy.com\/ro\/"]}]},{"@type":"BreadcrumbList","@id":"https:\/\/lottohoy.com\/ro\/#breadcrumb","itemListElement":[{"@type":"ListItem","position":1,"name":"Home","item":"https:\/\/lottohoy.com\/ro\/"},{"@type":"ListItem","position":2,"name":"Cump\u0103ra\u021bi bilete de loterie \u0219i c\u00e2\u0219tiga\u021bi cele mai mari jackpot-uri din lume"}]},{"@type":"WebSite","@id":"https:\/\/lottohoy.com\/ro\/#website","url":"https:\/\/lottohoy.com\/ro\/","name":"Lottohoy","description":"","potentialAction":[{"@type":"SearchAction","target":{"@type":"EntryPoint","urlTemplate":"https:\/\/lottohoy.com\/ro\/?s={search_term_string}"},"query-input":{"@type":"PropertyValueSpecification","valueRequired":true,"valueName":"search_term_string"}}],"inLanguage":"ro-RO"}]}},"_links":{"self":[{"href":"https:\/\/lottohoy.com\/ro\/wp-json\/wp\/v2\/pages\/14371","targetHints":{"allow":["GET"]}}],"collection":[{"href":"https:\/\/lottohoy.com\/ro\/wp-json\/wp\/v2\/pages"}],"about":[{"href":"https:\/\/lottohoy.com\/ro\/wp-json\/wp\/v2\/types\/page"}],"author":[{"embeddable":true,"href":"https:\/\/lottohoy.com\/ro\/wp-json\/wp\/v2\/users\/2"}],"replies":[{"embeddable":true,"href":"https:\/\/lottohoy.com\/ro\/wp-json\/wp\/v2\/comments?post=14371"}],"version-history":[{"count":3,"href":"https:\/\/lottohoy.com\/ro\/wp-json\/wp\/v2\/pages\/14371\/revisions"}],"predecessor-version":[{"id":15658,"href":"https:\/\/lottohoy.com\/ro\/wp-json\/wp\/v2\/pages\/14371\/revisions\/15658"}],"wp:attachment":[{"href":"https:\/\/lottohoy.com\/ro\/wp-json\/wp\/v2\/media?parent=14371"}],"curies":[{"name":"wp","href":"https:\/\/api.w.org\/{rel}","templated":true}]}}