{"id":14242,"date":"2024-11-16T10:47:26","date_gmt":"2024-11-16T10:47:26","guid":{"rendered":"https:\/\/lottohoy.com\/?page_id=14242"},"modified":"2025-04-01T17:57:49","modified_gmt":"2025-04-01T16:57:49","slug":"contact","status":"publish","type":"page","link":"https:\/\/lottohoy.com\/ro\/contact\/","title":{"rendered":"Contact"},"content":{"rendered":"<h1 id=\"tw-target-text\" class=\"tw-data-text tw-text-large tw-ta\" dir=\"ltr\" data-placeholder=\"Traducci\u00f3n\" data-ved=\"2ahUKEwjChYnDwKeLAxUug4kEHUaVJXwQ3ewLegQICBAW\" aria-label=\"Texto traducido: Contact Ai nevoie de sprijin? Contacta\u0163i-ne! Vom fi bucuro\u0219i s\u0103 v\u0103 ajut\u0103m 24\/7. Consulta\u021bi sec\u021biunea \u00centreb\u0103ri frecvente \u2013 Centrul de ajutor pentru a vedea dac\u0103 \u00eentrebarea dvs. nu a primit deja un r\u0103spuns. Loca\u021bia noastr\u0103 LLL World Marketing Limited, Peiraios 30, etajul 1, biroul 1, 2023 Strovolos, Nikosia-Cipru.\"><strong><span class=\"Y2IQFc\" lang=\"ro\">Contact<\/span><\/strong><\/h1>\n<h2 id=\"tw-target-text\" class=\"tw-data-text tw-text-large tw-ta\" dir=\"ltr\" data-placeholder=\"Traducci\u00f3n\" data-ved=\"2ahUKEwjChYnDwKeLAxUug4kEHUaVJXwQ3ewLegQICBAW\" aria-label=\"Texto traducido: Contact Ai nevoie de sprijin? Contacta\u0163i-ne! Vom fi bucuro\u0219i s\u0103 v\u0103 ajut\u0103m 24\/7. Consulta\u021bi sec\u021biunea \u00centreb\u0103ri frecvente \u2013 Centrul de ajutor pentru a vedea dac\u0103 \u00eentrebarea dvs. nu a primit deja un r\u0103spuns. Loca\u021bia noastr\u0103 LLL World Marketing Limited, Peiraios 30, etajul 1, biroul 1, 2023 Strovolos, Nikosia-Cipru.\"><span class=\"Y2IQFc\" lang=\"ro\">Ai nevoie de sprijin? Contacta\u0163i-ne!<\/span><\/h2>\n<p id=\"tw-target-text\" class=\"tw-data-text tw-text-large tw-ta\" dir=\"ltr\" data-placeholder=\"Traducci\u00f3n\" data-ved=\"2ahUKEwjChYnDwKeLAxUug4kEHUaVJXwQ3ewLegQICBAW\" aria-label=\"Texto traducido: Contact Ai nevoie de sprijin? Contacta\u0163i-ne! Vom fi bucuro\u0219i s\u0103 v\u0103 ajut\u0103m 24\/7. Consulta\u021bi sec\u021biunea \u00centreb\u0103ri frecvente \u2013 Centrul de ajutor pentru a vedea dac\u0103 \u00eentrebarea dvs. nu a primit deja un r\u0103spuns. Loca\u021bia noastr\u0103 LLL World Marketing Limited, Peiraios 30, etajul 1, biroul 1, 2023 Strovolos, Nikosia-Cipru.\"><span class=\"Y2IQFc\" lang=\"ro\">Vom fi bucuro\u0219i s\u0103 v\u0103 ajut\u0103m 24\/7. <a href=\"https:\/\/lottohoy.com\/ro\/faqs-centrul-de-ajutor\/\">Consulta\u021bi sec\u021biunea \u00centreb\u0103ri frecvente \u2013 Centrul de ajutor<\/a> pentru a vedea dac\u0103 \u00eentrebarea dvs. nu a primit deja un r\u0103spuns.<\/span><\/p>\n<p dir=\"ltr\" data-placeholder=\"Traducci\u00f3n\" data-ved=\"2ahUKEwjChYnDwKeLAxUug4kEHUaVJXwQ3ewLegQICBAW\" aria-label=\"Texto traducido: Contact Ai nevoie de sprijin? Contacta\u0163i-ne! Vom fi bucuro\u0219i s\u0103 v\u0103 ajut\u0103m 24\/7. Consulta\u021bi sec\u021biunea \u00centreb\u0103ri frecvente \u2013 Centrul de ajutor pentru a vedea dac\u0103 \u00eentrebarea dvs. nu a primit deja un r\u0103spuns. Loca\u021bia noastr\u0103 LLL World Marketing Limited, Peiraios 30, etajul 1, biroul 1, 2023 Strovolos, Nikosia-Cipru.\"><div class=\"wpforms-container wpforms-container-full wpforms-render-modern\" id=\"wpforms-12619\"><form id=\"wpforms-form-12619\" class=\"wpforms-validate wpforms-form wpforms-ajax-form\" data-formid=\"12619\" method=\"post\" enctype=\"multipart\/form-data\" action=\"\/ro\/wp-json\/wp\/v2\/pages\/14242\" data-token=\"ca1061f13ab20dc75b9680759dc06c99\" data-token-time=\"1777297750\"><noscript class=\"wpforms-error-noscript\">Please enable JavaScript in your browser to complete this form.<\/noscript><div class=\"wpforms-hidden\" id=\"wpforms-error-noscript\">Please enable JavaScript in your browser to complete this form.<\/div><div class=\"wpforms-field-container\"><div id=\"wpforms-12619-field_1-container\" class=\"wpforms-field wpforms-field-name\" data-field-id=\"1\"><fieldset><legend class=\"wpforms-field-label\">Name <span class=\"wpforms-required-label\" aria-hidden=\"true\">*<\/span><\/legend><div class=\"wpforms-field-row wpforms-field-medium\"><div class=\"wpforms-field-row-block wpforms-first wpforms-one-half\"><input type=\"text\" id=\"wpforms-12619-field_1\" class=\"wpforms-field-name-first wpforms-field-required\" name=\"wpforms[fields][1][first]\" aria-errormessage=\"wpforms-12619-field_1-error\" required><label for=\"wpforms-12619-field_1\" class=\"wpforms-field-sublabel after\">First<\/label><\/div><div class=\"wpforms-field-row-block wpforms-one-half\"><input type=\"text\" id=\"wpforms-12619-field_1-last\" class=\"wpforms-field-name-last wpforms-field-required\" name=\"wpforms[fields][1][last]\" aria-errormessage=\"wpforms-12619-field_1-last-error\" required><label for=\"wpforms-12619-field_1-last\" class=\"wpforms-field-sublabel after\">Last<\/label><\/div><\/div><\/fieldset><\/div><div id=\"wpforms-12619-field_2-container\" class=\"wpforms-field wpforms-field-email\" data-field-id=\"2\"><label class=\"wpforms-field-label\" for=\"wpforms-12619-field_2\">Email <span class=\"wpforms-required-label\" aria-hidden=\"true\">*<\/span><\/label><input type=\"email\" id=\"wpforms-12619-field_2\" class=\"wpforms-field-medium wpforms-field-required\" name=\"wpforms[fields][2]\" spellcheck=\"false\" aria-errormessage=\"wpforms-12619-field_2-error\" required><\/div><div id=\"wpforms-12619-field_5-container\" class=\"wpforms-field wpforms-field-text\" data-field-id=\"5\"><label class=\"wpforms-field-label\" for=\"wpforms-12619-field_5\">Subject <span class=\"wpforms-required-label\" aria-hidden=\"true\">*<\/span><\/label><input type=\"text\" id=\"wpforms-12619-field_5\" class=\"wpforms-field-medium wpforms-field-required\" name=\"wpforms[fields][5]\" aria-errormessage=\"wpforms-12619-field_5-error\" required><\/div><div id=\"wpforms-12619-field_3-container\" class=\"wpforms-field wpforms-field-textarea\" data-field-id=\"3\"><label class=\"wpforms-field-label\" for=\"wpforms-12619-field_3\">Comment or Message<\/label><textarea id=\"wpforms-12619-field_3\" class=\"wpforms-field-medium\" name=\"wpforms[fields][3]\" aria-errormessage=\"wpforms-12619-field_3-error\" ><\/textarea><\/div><\/div><!-- .wpforms-field-container --><div class=\"wpforms-recaptcha-container wpforms-is-recaptcha wpforms-is-recaptcha-type-v3\" ><input type=\"hidden\" name=\"wpforms[recaptcha]\" value=\"\"><\/div><div class=\"wpforms-submit-container\" ><input type=\"hidden\" name=\"wpforms[id]\" value=\"12619\"><input type=\"hidden\" name=\"page_title\" value=\"\"><input type=\"hidden\" name=\"page_url\" value=\"https:\/\/lottohoy.com\/ro\/wp-json\/wp\/v2\/pages\/14242\"><button type=\"submit\" name=\"wpforms[submit]\" id=\"wpforms-submit-12619\" class=\"wpforms-submit\" data-alt-text=\"Sending...\" data-submit-text=\"Submit\" aria-live=\"assertive\" value=\"wpforms-submit\">Submit<\/button><img loading=\"lazy\" decoding=\"async\" src=\"https:\/\/lottohoy.com\/wp-content\/plugins\/wpforms-lite.1.9.2.2\/assets\/images\/submit-spin.svg\" class=\"wpforms-submit-spinner\" style=\"display: none;\" width=\"26\" height=\"26\" alt=\"Loading\"><\/div><\/form><\/div>  <!-- .wpforms-container --><\/p>\n<h2 id=\"tw-target-text\" class=\"tw-data-text tw-text-large tw-ta\" dir=\"ltr\" data-placeholder=\"Traducci\u00f3n\" data-ved=\"2ahUKEwjChYnDwKeLAxUug4kEHUaVJXwQ3ewLegQICBAW\" aria-label=\"Texto traducido: Contact Ai nevoie de sprijin? Contacta\u0163i-ne! Vom fi bucuro\u0219i s\u0103 v\u0103 ajut\u0103m 24\/7. Consulta\u021bi sec\u021biunea \u00centreb\u0103ri frecvente \u2013 Centrul de ajutor pentru a vedea dac\u0103 \u00eentrebarea dvs. nu a primit deja un r\u0103spuns. Loca\u021bia noastr\u0103 LLL World Marketing Limited, Peiraios 30, etajul 1, biroul 1, 2023 Strovolos, Nikosia-Cipru.\"><span class=\"Y2IQFc\" lang=\"ro\">Loca\u021bia noastr\u0103<\/span><\/h2>\n<p id=\"tw-target-text\" class=\"tw-data-text tw-text-large tw-ta\" dir=\"ltr\" data-placeholder=\"Traducci\u00f3n\" data-ved=\"2ahUKEwjChYnDwKeLAxUug4kEHUaVJXwQ3ewLegQICBAW\" aria-label=\"Texto traducido: Contact Ai nevoie de sprijin? Contacta\u0163i-ne! Vom fi bucuro\u0219i s\u0103 v\u0103 ajut\u0103m 24\/7. Consulta\u021bi sec\u021biunea \u00centreb\u0103ri frecvente \u2013 Centrul de ajutor pentru a vedea dac\u0103 \u00eentrebarea dvs. nu a primit deja un r\u0103spuns. Loca\u021bia noastr\u0103 LLL World Marketing Limited, Peiraios 30, etajul 1, biroul 1, 2023 Strovolos, Nikosia-Cipru.\"><span class=\"Y2IQFc\" lang=\"ro\">LLL World Marketing Limited, Peiraios 30, etajul 1, biroul 1, 2023 Strovolos, Nikosia-Cipru.<\/span><\/p>\n","protected":false},"excerpt":{"rendered":"<p>Contact Ai nevoie de sprijin? Contacta\u0163i-ne! Vom fi bucuro\u0219i s\u0103 v\u0103 ajut\u0103m 24\/7. Consulta\u021bi sec\u021biunea \u00centreb\u0103ri frecvente \u2013 Centrul de ajutor pentru a vedea dac\u0103 \u00eentrebarea dvs. nu a primit deja un r\u0103spuns. Loca\u021bia noastr\u0103 LLL World Marketing Limited, Peiraios 30, etajul 1, biroul 1, 2023 Strovolos, Nikosia-Cipru.<\/p>\n","protected":false},"author":2,"featured_media":0,"parent":0,"menu_order":0,"comment_status":"closed","ping_status":"closed","template":"","meta":{"_et_pb_use_builder":"off","_et_pb_old_content":"","_et_gb_content_width":"","exclude_from_search":false,"footnotes":""},"class_list":["post-14242","page","type-page","status-publish","hentry"],"yoast_head":"<!-- This site is optimized with the Yoast SEO plugin v23.7 - https:\/\/yoast.com\/wordpress\/plugins\/seo\/ -->\n<title>Contact - Lottohoy<\/title>\n<meta name=\"description\" content=\"Dac\u0103 trebuie s\u0103 ne contacta\u021bi, dac\u0103 ave\u021bi nevoie s\u0103 rezolva\u021bi \u00eentreb\u0103ri sau ave\u021bi probleme cu platforma, utiliza\u021bi acest formular\" \/>\n<meta name=\"robots\" content=\"index, follow, max-snippet:-1, max-image-preview:large, max-video-preview:-1\" \/>\n<link rel=\"canonical\" href=\"https:\/\/lottohoy.com\/ro\/contact\/\" \/>\n<meta property=\"og:locale\" content=\"ro_RO\" \/>\n<meta property=\"og:type\" content=\"article\" \/>\n<meta property=\"og:title\" content=\"Contact - Lottohoy\" \/>\n<meta property=\"og:description\" content=\"Dac\u0103 trebuie s\u0103 ne contacta\u021bi, dac\u0103 ave\u021bi nevoie s\u0103 rezolva\u021bi \u00eentreb\u0103ri sau ave\u021bi probleme cu platforma, utiliza\u021bi acest formular\" \/>\n<meta property=\"og:url\" content=\"https:\/\/lottohoy.com\/ro\/contact\/\" \/>\n<meta property=\"og:site_name\" content=\"Lottohoy\" \/>\n<meta property=\"article:modified_time\" content=\"2025-04-01T16:57:49+00:00\" \/>\n<meta name=\"twitter:card\" content=\"summary_large_image\" \/>\n<meta name=\"twitter:label1\" content=\"Timp estimat pentru citire\" \/>\n\t<meta name=\"twitter:data1\" content=\"1 minut\" \/>\n<script type=\"application\/ld+json\" class=\"yoast-schema-graph\">{\"@context\":\"https:\/\/schema.org\",\"@graph\":[{\"@type\":\"WebPage\",\"@id\":\"https:\/\/lottohoy.com\/ro\/contact\/\",\"url\":\"https:\/\/lottohoy.com\/ro\/contact\/\",\"name\":\"Contact - Lottohoy\",\"isPartOf\":{\"@id\":\"https:\/\/lottohoy.com\/ro\/#website\"},\"datePublished\":\"2024-11-16T10:47:26+00:00\",\"dateModified\":\"2025-04-01T16:57:49+00:00\",\"description\":\"Dac\u0103 trebuie s\u0103 ne contacta\u021bi, dac\u0103 ave\u021bi nevoie s\u0103 rezolva\u021bi \u00eentreb\u0103ri sau ave\u021bi probleme cu platforma, utiliza\u021bi acest formular\",\"breadcrumb\":{\"@id\":\"https:\/\/lottohoy.com\/ro\/contact\/#breadcrumb\"},\"inLanguage\":\"ro-RO\",\"potentialAction\":[{\"@type\":\"ReadAction\",\"target\":[\"https:\/\/lottohoy.com\/ro\/contact\/\"]}]},{\"@type\":\"BreadcrumbList\",\"@id\":\"https:\/\/lottohoy.com\/ro\/contact\/#breadcrumb\",\"itemListElement\":[{\"@type\":\"ListItem\",\"position\":1,\"name\":\"Home\",\"item\":\"https:\/\/lottohoy.com\/ro\/\"},{\"@type\":\"ListItem\",\"position\":2,\"name\":\"Contact\"}]},{\"@type\":\"WebSite\",\"@id\":\"https:\/\/lottohoy.com\/ro\/#website\",\"url\":\"https:\/\/lottohoy.com\/ro\/\",\"name\":\"Lottohoy\",\"description\":\"\",\"potentialAction\":[{\"@type\":\"SearchAction\",\"target\":{\"@type\":\"EntryPoint\",\"urlTemplate\":\"https:\/\/lottohoy.com\/ro\/?s={search_term_string}\"},\"query-input\":{\"@type\":\"PropertyValueSpecification\",\"valueRequired\":true,\"valueName\":\"search_term_string\"}}],\"inLanguage\":\"ro-RO\"}]}<\/script>\n<!-- \/ Yoast SEO plugin. -->","yoast_head_json":{"title":"Contact - Lottohoy","description":"Dac\u0103 trebuie s\u0103 ne contacta\u021bi, dac\u0103 ave\u021bi nevoie s\u0103 rezolva\u021bi \u00eentreb\u0103ri sau ave\u021bi probleme cu platforma, utiliza\u021bi acest formular","robots":{"index":"index","follow":"follow","max-snippet":"max-snippet:-1","max-image-preview":"max-image-preview:large","max-video-preview":"max-video-preview:-1"},"canonical":"https:\/\/lottohoy.com\/ro\/contact\/","og_locale":"ro_RO","og_type":"article","og_title":"Contact - Lottohoy","og_description":"Dac\u0103 trebuie s\u0103 ne contacta\u021bi, dac\u0103 ave\u021bi nevoie s\u0103 rezolva\u021bi \u00eentreb\u0103ri sau ave\u021bi probleme cu platforma, utiliza\u021bi acest formular","og_url":"https:\/\/lottohoy.com\/ro\/contact\/","og_site_name":"Lottohoy","article_modified_time":"2025-04-01T16:57:49+00:00","twitter_card":"summary_large_image","twitter_misc":{"Timp estimat pentru citire":"1 minut"},"schema":{"@context":"https:\/\/schema.org","@graph":[{"@type":"WebPage","@id":"https:\/\/lottohoy.com\/ro\/contact\/","url":"https:\/\/lottohoy.com\/ro\/contact\/","name":"Contact - Lottohoy","isPartOf":{"@id":"https:\/\/lottohoy.com\/ro\/#website"},"datePublished":"2024-11-16T10:47:26+00:00","dateModified":"2025-04-01T16:57:49+00:00","description":"Dac\u0103 trebuie s\u0103 ne contacta\u021bi, dac\u0103 ave\u021bi nevoie s\u0103 rezolva\u021bi \u00eentreb\u0103ri sau ave\u021bi probleme cu platforma, utiliza\u021bi acest formular","breadcrumb":{"@id":"https:\/\/lottohoy.com\/ro\/contact\/#breadcrumb"},"inLanguage":"ro-RO","potentialAction":[{"@type":"ReadAction","target":["https:\/\/lottohoy.com\/ro\/contact\/"]}]},{"@type":"BreadcrumbList","@id":"https:\/\/lottohoy.com\/ro\/contact\/#breadcrumb","itemListElement":[{"@type":"ListItem","position":1,"name":"Home","item":"https:\/\/lottohoy.com\/ro\/"},{"@type":"ListItem","position":2,"name":"Contact"}]},{"@type":"WebSite","@id":"https:\/\/lottohoy.com\/ro\/#website","url":"https:\/\/lottohoy.com\/ro\/","name":"Lottohoy","description":"","potentialAction":[{"@type":"SearchAction","target":{"@type":"EntryPoint","urlTemplate":"https:\/\/lottohoy.com\/ro\/?s={search_term_string}"},"query-input":{"@type":"PropertyValueSpecification","valueRequired":true,"valueName":"search_term_string"}}],"inLanguage":"ro-RO"}]}},"_links":{"self":[{"href":"https:\/\/lottohoy.com\/ro\/wp-json\/wp\/v2\/pages\/14242","targetHints":{"allow":["GET"]}}],"collection":[{"href":"https:\/\/lottohoy.com\/ro\/wp-json\/wp\/v2\/pages"}],"about":[{"href":"https:\/\/lottohoy.com\/ro\/wp-json\/wp\/v2\/types\/page"}],"author":[{"embeddable":true,"href":"https:\/\/lottohoy.com\/ro\/wp-json\/wp\/v2\/users\/2"}],"replies":[{"embeddable":true,"href":"https:\/\/lottohoy.com\/ro\/wp-json\/wp\/v2\/comments?post=14242"}],"version-history":[{"count":4,"href":"https:\/\/lottohoy.com\/ro\/wp-json\/wp\/v2\/pages\/14242\/revisions"}],"predecessor-version":[{"id":17835,"href":"https:\/\/lottohoy.com\/ro\/wp-json\/wp\/v2\/pages\/14242\/revisions\/17835"}],"wp:attachment":[{"href":"https:\/\/lottohoy.com\/ro\/wp-json\/wp\/v2\/media?parent=14242"}],"curies":[{"name":"wp","href":"https:\/\/api.w.org\/{rel}","templated":true}]}}