{"id":6215,"date":"2020-08-10T22:50:30","date_gmt":"2020-08-10T21:50:30","guid":{"rendered":"https:\/\/www.lottohoy.com\/?page_id=6215"},"modified":"2025-02-11T17:42:33","modified_gmt":"2025-02-11T17:42:33","slug":"lotto-6aus49","status":"publish","type":"page","link":"https:\/\/lottohoy.com\/pt-pt\/jogar\/lotto-6aus49\/","title":{"rendered":"Jogar Lotto 6aus49"},"content":{"rendered":"<h2>Jogar Lotto 6aus49 online<\/h2>\n<p>A Lotto 6aus49 \u00e9 a loteria mais conhecida na Alemanha, a forma de jogar \u00e9 muito simples, os jogadores devem seleccionar a partir de uma tabela composta por 49 caixas, numeradas de 1 a 49, os 6 n\u00fameros da combina\u00e7\u00e3o principal, mais um n\u00famero de b\u00f3nus especial conhecido como Superzahl, a partir de uma lista numerada de 0 a 9<\/p>\n<p>A extrac\u00e7\u00e3o destes n\u00fameros \u00e9 feita por duas m\u00e1quinas. Da primeira m\u00e1quina s\u00e3o extra\u00eddas as bolas numeradas (6 principais) e da outra m\u00e1quina \u00e9 extra\u00edda uma bola para determinar o n\u00famero de S\u00fapezahl<\/p>\n<h2>Como jogar 6aus49 online?<\/h2>\n<p>Jogar Lotto 6aus49 online \u00e9 realmente f\u00e1cil, basta criar uma conta de utilizador na LottoHoy para poder aceder a todas as informa\u00e7\u00f5es sobre pagamentos, subscri\u00e7\u00f5es, bilhetes comprados, estat\u00edsticas, etc.<\/p>\n<p>Nesta mesma p\u00e1gina de jogo, h\u00e1 cinco colunas de apostas (tamb\u00e9m chamadas linhas), cada uma das 5 colunas tem caixas numeradas de 1 a 49) e pode preencher as quantas quiser. Cada coluna refere-se a uma \u00fanica aposta cujo pre\u00e7o \u00e9 de 2,50 Euros.<\/p>\n<p>\u00c9 nestas colunas ou linhas de 49 n\u00fameros que deve fazer a previs\u00e3o desejada, partindo da base que deve marcar 6 n\u00fameros para uma jogada simples.<\/p>\n<p>O sistema permite-nos preencher estas caixas manualmente ou atrav\u00e9s da caixa de selec\u00e7\u00e3o r\u00e1pida, que aparece por cima de cada tabuleiro, deixando o pr\u00f3prio sistema de forma aleat\u00f3ria escolher a combina\u00e7\u00e3o da nossa aposta.<\/p>\n<p>Uma vez feita a selec\u00e7\u00e3o dos n\u00fameros em uma ou v\u00e1rias colunas, v\u00e1 para a caixa CONTINUAR, e proceda ao pagamento dos mesmos. \u00c9 assim t\u00e3o simples.<\/p>\n<h2>Que pr\u00e9mios concede a 6aus49?<\/h2>\n<p>O Lotto 6aus49 tem nove categorias de pr\u00e9mios diferentes. Para ganhar o jackpot, \u00e9 necess\u00e1rio igualar todos os seis n\u00fameros principais e o Superzahl. As suas probabilidades gerais de ganhar qualquer pr\u00e9mio do Lotto 6aus 9 s\u00e3o de 1 em 31.<\/p>\n<p>H\u00e1 nove categorias para 6aus49 resultados- Primeira categoria: Para os 6 n\u00fameros + vencedores do Superzahl,<br \/>\n&#8211; Segunda categoria: 6 acessos da combina\u00e7\u00e3o principal<br \/>\n&#8211; Terceira categoria:5 acertos de combina\u00e7\u00e3o + o Superzahl,<br \/>\n&#8211; Quarta categoria: 5 acessos da combina\u00e7\u00e3o.<br \/>\n&#8211; Quinta categoria: 4 combina\u00e7\u00f5es de acertos + o Superzahl,<br \/>\n&#8211; Sexta categoria: 4 acessos combina\u00e7\u00e3o principal<br \/>\n&#8211; S\u00e9tima categoria: 3 hits + o Superzahl,<br \/>\n&#8211; Oitava categoria: 3 hits<br \/>\n&#8211; Nona categoria: 2 hits + o Superzahl<\/p>\n<h2>Quando \u00e9 que as 6aus49 s\u00e3o sorteadas?<\/h2>\n<p>Normalmente os sorteios da lotaria 6aus49 s\u00e3o realizados todas as quartas-feiras \u00e0s 18:25 h. (CET), e aos s\u00e1bados, \u00e0s 19:25 h. (CET)<\/p>\n<p>Para a venda online, a admiss\u00e3o de compras \u00e9 encerrada 2 horas antes da celebra\u00e7\u00e3o dos sorteios, para quest\u00f5es administrativas e de seguran\u00e7a.<\/p>\n<h2>Quanto custa jogar a Lotto 6aus49?<\/h2>\n<p>O pre\u00e7o de cada bilhete Lotto 6aus49 no LottoHoy \u00e9 a partir de 2,50 euros e inclui todos os custos de manuseamento e gest\u00e3o de compras atrav\u00e9s de vendedores oficiais e\/ou similares.<\/p>\n","protected":false},"excerpt":{"rendered":"<p>Jogar Lotto 6aus49 online A Lotto 6aus49 \u00e9 a loteria mais conhecida na Alemanha, a forma de jogar \u00e9 muito simples, os jogadores devem seleccionar a partir de uma tabela composta por 49 caixas, numeradas de 1 a 49, os 6 n\u00fameros da combina\u00e7\u00e3o principal, mais um n\u00famero de b\u00f3nus especial conhecido como Superzahl, a [&hellip;]<\/p>\n","protected":false},"author":2,"featured_media":0,"parent":3904,"menu_order":13,"comment_status":"closed","ping_status":"closed","template":"lotto-german.php","meta":{"_et_pb_use_builder":"","_et_pb_old_content":"","_et_gb_content_width":"","exclude_from_search":false,"footnotes":""},"class_list":["post-6215","page","type-page","status-publish","hentry"],"yoast_head":"<!-- This site is optimized with the Yoast SEO plugin v23.7 - https:\/\/yoast.com\/wordpress\/plugins\/seo\/ -->\n<title>Jogar Lotto 6aus49, lotaria alem\u00e3 - LottoHoy.com<\/title>\n<meta name=\"description\" content=\"Uma alternativa interessante \u00e9 jogar na lotaria 6aus49, a lotaria alem\u00e3 que gera novos vencedores sortudos e felizes todas as semanas.\" \/>\n<meta name=\"robots\" content=\"index, follow, max-snippet:-1, max-image-preview:large, max-video-preview:-1\" \/>\n<link rel=\"canonical\" href=\"https:\/\/lottohoy.com\/pt-pt\/jogar\/lotto-6aus49\/\" \/>\n<meta property=\"og:locale\" content=\"pt_PT\" \/>\n<meta property=\"og:type\" content=\"article\" \/>\n<meta property=\"og:title\" content=\"Jogar Lotto 6aus49, lotaria alem\u00e3 - LottoHoy.com\" \/>\n<meta property=\"og:description\" content=\"Uma alternativa interessante \u00e9 jogar na lotaria 6aus49, a lotaria alem\u00e3 que gera novos vencedores sortudos e felizes todas as semanas.\" \/>\n<meta property=\"og:url\" content=\"https:\/\/lottohoy.com\/pt-pt\/jogar\/lotto-6aus49\/\" \/>\n<meta property=\"og:site_name\" content=\"Lottohoy\" \/>\n<meta property=\"article:modified_time\" content=\"2025-02-11T17:42:33+00:00\" \/>\n<meta name=\"twitter:card\" content=\"summary_large_image\" \/>\n<meta name=\"twitter:label1\" content=\"Est. reading time\" \/>\n\t<meta name=\"twitter:data1\" content=\"3 minutes\" \/>\n<script type=\"application\/ld+json\" class=\"yoast-schema-graph\">{\"@context\":\"https:\/\/schema.org\",\"@graph\":[{\"@type\":\"WebPage\",\"@id\":\"https:\/\/lottohoy.com\/pt-pt\/jogar\/lotto-6aus49\/\",\"url\":\"https:\/\/lottohoy.com\/pt-pt\/jogar\/lotto-6aus49\/\",\"name\":\"Jogar Lotto 6aus49, lotaria alem\u00e3 - LottoHoy.com\",\"isPartOf\":{\"@id\":\"https:\/\/lottohoy.com\/pt-pt\/#website\"},\"datePublished\":\"2020-08-10T21:50:30+00:00\",\"dateModified\":\"2025-02-11T17:42:33+00:00\",\"description\":\"Uma alternativa interessante \u00e9 jogar na lotaria 6aus49, a lotaria alem\u00e3 que gera novos vencedores sortudos e felizes todas as semanas.\",\"breadcrumb\":{\"@id\":\"https:\/\/lottohoy.com\/pt-pt\/jogar\/lotto-6aus49\/#breadcrumb\"},\"inLanguage\":\"pt-ts\",\"potentialAction\":[{\"@type\":\"ReadAction\",\"target\":[\"https:\/\/lottohoy.com\/pt-pt\/jogar\/lotto-6aus49\/\"]}]},{\"@type\":\"BreadcrumbList\",\"@id\":\"https:\/\/lottohoy.com\/pt-pt\/jogar\/lotto-6aus49\/#breadcrumb\",\"itemListElement\":[{\"@type\":\"ListItem\",\"position\":1,\"name\":\"Home\",\"item\":\"https:\/\/lottohoy.com\/pt-pt\/\"},{\"@type\":\"ListItem\",\"position\":2,\"name\":\"Compre bilhetes de loteria online\",\"item\":\"https:\/\/lottohoy.com\/pt-pt\/jogar\/\"},{\"@type\":\"ListItem\",\"position\":3,\"name\":\"Jogar Lotto 6aus49\"}]},{\"@type\":\"WebSite\",\"@id\":\"https:\/\/lottohoy.com\/pt-pt\/#website\",\"url\":\"https:\/\/lottohoy.com\/pt-pt\/\",\"name\":\"Lottohoy\",\"description\":\"\",\"potentialAction\":[{\"@type\":\"SearchAction\",\"target\":{\"@type\":\"EntryPoint\",\"urlTemplate\":\"https:\/\/lottohoy.com\/pt-pt\/?s={search_term_string}\"},\"query-input\":{\"@type\":\"PropertyValueSpecification\",\"valueRequired\":true,\"valueName\":\"search_term_string\"}}],\"inLanguage\":\"pt-ts\"}]}<\/script>\n<!-- \/ Yoast SEO plugin. -->","yoast_head_json":{"title":"Jogar Lotto 6aus49, lotaria alem\u00e3 - LottoHoy.com","description":"Uma alternativa interessante \u00e9 jogar na lotaria 6aus49, a lotaria alem\u00e3 que gera novos vencedores sortudos e felizes todas as semanas.","robots":{"index":"index","follow":"follow","max-snippet":"max-snippet:-1","max-image-preview":"max-image-preview:large","max-video-preview":"max-video-preview:-1"},"canonical":"https:\/\/lottohoy.com\/pt-pt\/jogar\/lotto-6aus49\/","og_locale":"pt_PT","og_type":"article","og_title":"Jogar Lotto 6aus49, lotaria alem\u00e3 - LottoHoy.com","og_description":"Uma alternativa interessante \u00e9 jogar na lotaria 6aus49, a lotaria alem\u00e3 que gera novos vencedores sortudos e felizes todas as semanas.","og_url":"https:\/\/lottohoy.com\/pt-pt\/jogar\/lotto-6aus49\/","og_site_name":"Lottohoy","article_modified_time":"2025-02-11T17:42:33+00:00","twitter_card":"summary_large_image","twitter_misc":{"Est. reading time":"3 minutes"},"schema":{"@context":"https:\/\/schema.org","@graph":[{"@type":"WebPage","@id":"https:\/\/lottohoy.com\/pt-pt\/jogar\/lotto-6aus49\/","url":"https:\/\/lottohoy.com\/pt-pt\/jogar\/lotto-6aus49\/","name":"Jogar Lotto 6aus49, lotaria alem\u00e3 - LottoHoy.com","isPartOf":{"@id":"https:\/\/lottohoy.com\/pt-pt\/#website"},"datePublished":"2020-08-10T21:50:30+00:00","dateModified":"2025-02-11T17:42:33+00:00","description":"Uma alternativa interessante \u00e9 jogar na lotaria 6aus49, a lotaria alem\u00e3 que gera novos vencedores sortudos e felizes todas as semanas.","breadcrumb":{"@id":"https:\/\/lottohoy.com\/pt-pt\/jogar\/lotto-6aus49\/#breadcrumb"},"inLanguage":"pt-ts","potentialAction":[{"@type":"ReadAction","target":["https:\/\/lottohoy.com\/pt-pt\/jogar\/lotto-6aus49\/"]}]},{"@type":"BreadcrumbList","@id":"https:\/\/lottohoy.com\/pt-pt\/jogar\/lotto-6aus49\/#breadcrumb","itemListElement":[{"@type":"ListItem","position":1,"name":"Home","item":"https:\/\/lottohoy.com\/pt-pt\/"},{"@type":"ListItem","position":2,"name":"Compre bilhetes de loteria online","item":"https:\/\/lottohoy.com\/pt-pt\/jogar\/"},{"@type":"ListItem","position":3,"name":"Jogar Lotto 6aus49"}]},{"@type":"WebSite","@id":"https:\/\/lottohoy.com\/pt-pt\/#website","url":"https:\/\/lottohoy.com\/pt-pt\/","name":"Lottohoy","description":"","potentialAction":[{"@type":"SearchAction","target":{"@type":"EntryPoint","urlTemplate":"https:\/\/lottohoy.com\/pt-pt\/?s={search_term_string}"},"query-input":{"@type":"PropertyValueSpecification","valueRequired":true,"valueName":"search_term_string"}}],"inLanguage":"pt-ts"}]}},"_links":{"self":[{"href":"https:\/\/lottohoy.com\/pt-pt\/wp-json\/wp\/v2\/pages\/6215","targetHints":{"allow":["GET"]}}],"collection":[{"href":"https:\/\/lottohoy.com\/pt-pt\/wp-json\/wp\/v2\/pages"}],"about":[{"href":"https:\/\/lottohoy.com\/pt-pt\/wp-json\/wp\/v2\/types\/page"}],"author":[{"embeddable":true,"href":"https:\/\/lottohoy.com\/pt-pt\/wp-json\/wp\/v2\/users\/2"}],"replies":[{"embeddable":true,"href":"https:\/\/lottohoy.com\/pt-pt\/wp-json\/wp\/v2\/comments?post=6215"}],"version-history":[{"count":3,"href":"https:\/\/lottohoy.com\/pt-pt\/wp-json\/wp\/v2\/pages\/6215\/revisions"}],"predecessor-version":[{"id":14647,"href":"https:\/\/lottohoy.com\/pt-pt\/wp-json\/wp\/v2\/pages\/6215\/revisions\/14647"}],"up":[{"embeddable":true,"href":"https:\/\/lottohoy.com\/pt-pt\/wp-json\/wp\/v2\/pages\/3904"}],"wp:attachment":[{"href":"https:\/\/lottohoy.com\/pt-pt\/wp-json\/wp\/v2\/media?parent=6215"}],"curies":[{"name":"wp","href":"https:\/\/api.w.org\/{rel}","templated":true}]}}