{"id":6207,"date":"2020-08-10T22:53:11","date_gmt":"2020-08-10T21:53:11","guid":{"rendered":"https:\/\/www.lottohoy.com\/?page_id=6207"},"modified":"2025-03-25T14:49:56","modified_gmt":"2025-03-25T14:49:56","slug":"lotto-6aus49","status":"publish","type":"page","link":"https:\/\/lottohoy.com\/pt-pt\/lotarias\/lotto-6aus49\/","title":{"rendered":"Lotto 6aus49 Informa\u00e7\u00e3o"},"content":{"rendered":"<p><!--more--><\/p>\n<h2>A loteria alem\u00e3, tamb\u00e9m conhecida como Lotto 6aus49<\/h2>\n<p>\u00c9 uma das mais antigas loterias europeias, o seu primeiro sorteio data de 9 de Outubro de 1955. Esta lotaria \u00e9 actualmente operada pela Deutscher Lotto- und Totoblock, um grupo de 16 operadores de lotarias na Alemanha.<\/p>\n<p>Cada uma destas loterias faz turnos de gest\u00e3o do grupo, e de tr\u00eas em tr\u00eas anos um deles \u00e9 respons\u00e1vel pela gest\u00e3o do grupo.<\/p>\n<p>Os sorteios da loteria alem\u00e3 foram inicialmente realizados uma vez por semana aos s\u00e1bados, mas em 1982 foi acrescentado um novo sorteio semanal, todos \u00e0s quartas-feiras.<\/p>\n<p>Originalmente a matriz do jogo era 7\/38, ou seja, seleccionar 7 n\u00fameros de 38 que compunham o tabuleiro. Em Junho de 1986, foi alterado para 6\/40, que \u00e9 o actual, e em Maio de 2013, foi adicionado o Superzahl, o que melhorou significativamente as hip\u00f3teses de ganhar um pr\u00e9mio, passando de um total de 1 em 54 para 1 em 31.<\/p>\n<h2>Vantagens de jogar o Lotto 6aus49 online<\/h2>\n<p>&#8211; Uma das grandes vantagens de jogar o 6aus49 alem\u00e3o, \u00e9 o conforto de poder faz\u00ea-lo a qualquer hora do dia ou da noite, 24\/7, 365 dias por ano. Simplesmente por ter um dispositivo m\u00f3vel, tablet ou computador de secret\u00e1ria, e de qualquer parte do mundo.<br \/>\n&#8211; N\u00e3o-residentes da Alemanha, atrav\u00e9s de plataformas online como o LottoHoy.com t\u00eam uma possibilidade real de aceder a esta suculenta lotaria e aos seus grandes jackpots.<br \/>\n&#8211; O bilhete \u00e9 comprado directamente ao revendedor autorizado e assim a participa\u00e7\u00e3o \u00e9 real.<br \/>\n&#8211; Os pr\u00e9mios ganhos s\u00e3o inscritos imediatamente, at\u00e9 aos 2500 euros, ap\u00f3s a publica\u00e7\u00e3o dos resultados oficiais<br \/>\n&#8211; Existe tamb\u00e9m um banco de informa\u00e7\u00f5es de todas as opera\u00e7\u00f5es realizadas, a cust\u00f3dia dos bilhetes comprados, evitando assim poss\u00edveis perdas ou esquecimento.<br \/>\n&#8211; Informa\u00e7\u00e3o atempada sobre todos os barcos \u00e0 medida que se acumulam, para que a oportunidade de participar neles n\u00e3o seja perdida.<br \/>\n&#8211; Uma grande variedade de m\u00e9todos de pagamento, dep\u00f3sitos e levantamentos.<\/p>\n<h2>Probabilidade de ganhar um pr\u00e9mio no Lotto 6aus49<\/h2>\n<p>Ver a tabela abaixo para a quantidade m\u00e9dia de dinheiro que pode ser ganho em cada uma das categorias, mais a probabilidade estat\u00edstica de ganhar o jackpot ou qualquer outro pr\u00e9mio nas restantes 8 categorias.<\/p>\n<p><!--more--><\/p>\n","protected":false},"excerpt":{"rendered":"","protected":false},"author":2,"featured_media":0,"parent":3820,"menu_order":13,"comment_status":"closed","ping_status":"closed","template":"lotto-german-info.php","meta":{"_et_pb_use_builder":"","_et_pb_old_content":"","_et_gb_content_width":"","exclude_from_search":false,"footnotes":""},"class_list":["post-6207","page","type-page","status-publish","hentry"],"yoast_head":"<!-- This site is optimized with the Yoast SEO plugin v23.7 - https:\/\/yoast.com\/wordpress\/plugins\/seo\/ -->\n<title>Toda a informa\u00e7\u00e3o sobre o lotto 6aus49 - LottoHoy.com<\/title>\n<meta name=\"description\" content=\"Ter\u00e1 na sua m\u00e3o as informa\u00e7\u00f5es da lotaria 6aus49, pois as suas apostas na lotaria s\u00e3o estudadas a todo o momento\" \/>\n<meta name=\"robots\" content=\"index, follow, max-snippet:-1, max-image-preview:large, max-video-preview:-1\" \/>\n<link rel=\"canonical\" href=\"https:\/\/lottohoy.com\/pt-pt\/lotarias\/lotto-6aus49\/\" \/>\n<meta property=\"og:locale\" content=\"pt_PT\" \/>\n<meta property=\"og:type\" content=\"article\" \/>\n<meta property=\"og:title\" content=\"Toda a informa\u00e7\u00e3o sobre o lotto 6aus49 - LottoHoy.com\" \/>\n<meta property=\"og:description\" content=\"Ter\u00e1 na sua m\u00e3o as informa\u00e7\u00f5es da lotaria 6aus49, pois as suas apostas na lotaria s\u00e3o estudadas a todo o momento\" \/>\n<meta property=\"og:url\" content=\"https:\/\/lottohoy.com\/pt-pt\/lotarias\/lotto-6aus49\/\" \/>\n<meta property=\"og:site_name\" content=\"Lottohoy\" \/>\n<meta property=\"article:modified_time\" content=\"2025-03-25T14:49:56+00:00\" \/>\n<meta name=\"twitter:card\" content=\"summary_large_image\" \/>\n<meta name=\"twitter:label1\" content=\"Est. reading time\" \/>\n\t<meta name=\"twitter:data1\" content=\"2 minutes\" \/>\n<script type=\"application\/ld+json\" class=\"yoast-schema-graph\">{\"@context\":\"https:\/\/schema.org\",\"@graph\":[{\"@type\":\"WebPage\",\"@id\":\"https:\/\/lottohoy.com\/pt-pt\/lotarias\/lotto-6aus49\/\",\"url\":\"https:\/\/lottohoy.com\/pt-pt\/lotarias\/lotto-6aus49\/\",\"name\":\"Toda a informa\u00e7\u00e3o sobre o lotto 6aus49 - LottoHoy.com\",\"isPartOf\":{\"@id\":\"https:\/\/lottohoy.com\/pt-pt\/#website\"},\"datePublished\":\"2020-08-10T21:53:11+00:00\",\"dateModified\":\"2025-03-25T14:49:56+00:00\",\"description\":\"Ter\u00e1 na sua m\u00e3o as informa\u00e7\u00f5es da lotaria 6aus49, pois as suas apostas na lotaria s\u00e3o estudadas a todo o momento\",\"breadcrumb\":{\"@id\":\"https:\/\/lottohoy.com\/pt-pt\/lotarias\/lotto-6aus49\/#breadcrumb\"},\"inLanguage\":\"pt-ts\",\"potentialAction\":[{\"@type\":\"ReadAction\",\"target\":[\"https:\/\/lottohoy.com\/pt-pt\/lotarias\/lotto-6aus49\/\"]}]},{\"@type\":\"BreadcrumbList\",\"@id\":\"https:\/\/lottohoy.com\/pt-pt\/lotarias\/lotto-6aus49\/#breadcrumb\",\"itemListElement\":[{\"@type\":\"ListItem\",\"position\":1,\"name\":\"Home\",\"item\":\"https:\/\/lottohoy.com\/pt-pt\/\"},{\"@type\":\"ListItem\",\"position\":2,\"name\":\"Tudo sobre a loteria online\",\"item\":\"https:\/\/lottohoy.com\/pt-pt\/lotarias\/\"},{\"@type\":\"ListItem\",\"position\":3,\"name\":\"Lotto 6aus49 Informa\u00e7\u00e3o\"}]},{\"@type\":\"WebSite\",\"@id\":\"https:\/\/lottohoy.com\/pt-pt\/#website\",\"url\":\"https:\/\/lottohoy.com\/pt-pt\/\",\"name\":\"Lottohoy\",\"description\":\"\",\"potentialAction\":[{\"@type\":\"SearchAction\",\"target\":{\"@type\":\"EntryPoint\",\"urlTemplate\":\"https:\/\/lottohoy.com\/pt-pt\/?s={search_term_string}\"},\"query-input\":{\"@type\":\"PropertyValueSpecification\",\"valueRequired\":true,\"valueName\":\"search_term_string\"}}],\"inLanguage\":\"pt-ts\"}]}<\/script>\n<!-- \/ Yoast SEO plugin. -->","yoast_head_json":{"title":"Toda a informa\u00e7\u00e3o sobre o lotto 6aus49 - LottoHoy.com","description":"Ter\u00e1 na sua m\u00e3o as informa\u00e7\u00f5es da lotaria 6aus49, pois as suas apostas na lotaria s\u00e3o estudadas a todo o momento","robots":{"index":"index","follow":"follow","max-snippet":"max-snippet:-1","max-image-preview":"max-image-preview:large","max-video-preview":"max-video-preview:-1"},"canonical":"https:\/\/lottohoy.com\/pt-pt\/lotarias\/lotto-6aus49\/","og_locale":"pt_PT","og_type":"article","og_title":"Toda a informa\u00e7\u00e3o sobre o lotto 6aus49 - LottoHoy.com","og_description":"Ter\u00e1 na sua m\u00e3o as informa\u00e7\u00f5es da lotaria 6aus49, pois as suas apostas na lotaria s\u00e3o estudadas a todo o momento","og_url":"https:\/\/lottohoy.com\/pt-pt\/lotarias\/lotto-6aus49\/","og_site_name":"Lottohoy","article_modified_time":"2025-03-25T14:49:56+00:00","twitter_card":"summary_large_image","twitter_misc":{"Est. reading time":"2 minutes"},"schema":{"@context":"https:\/\/schema.org","@graph":[{"@type":"WebPage","@id":"https:\/\/lottohoy.com\/pt-pt\/lotarias\/lotto-6aus49\/","url":"https:\/\/lottohoy.com\/pt-pt\/lotarias\/lotto-6aus49\/","name":"Toda a informa\u00e7\u00e3o sobre o lotto 6aus49 - LottoHoy.com","isPartOf":{"@id":"https:\/\/lottohoy.com\/pt-pt\/#website"},"datePublished":"2020-08-10T21:53:11+00:00","dateModified":"2025-03-25T14:49:56+00:00","description":"Ter\u00e1 na sua m\u00e3o as informa\u00e7\u00f5es da lotaria 6aus49, pois as suas apostas na lotaria s\u00e3o estudadas a todo o momento","breadcrumb":{"@id":"https:\/\/lottohoy.com\/pt-pt\/lotarias\/lotto-6aus49\/#breadcrumb"},"inLanguage":"pt-ts","potentialAction":[{"@type":"ReadAction","target":["https:\/\/lottohoy.com\/pt-pt\/lotarias\/lotto-6aus49\/"]}]},{"@type":"BreadcrumbList","@id":"https:\/\/lottohoy.com\/pt-pt\/lotarias\/lotto-6aus49\/#breadcrumb","itemListElement":[{"@type":"ListItem","position":1,"name":"Home","item":"https:\/\/lottohoy.com\/pt-pt\/"},{"@type":"ListItem","position":2,"name":"Tudo sobre a loteria online","item":"https:\/\/lottohoy.com\/pt-pt\/lotarias\/"},{"@type":"ListItem","position":3,"name":"Lotto 6aus49 Informa\u00e7\u00e3o"}]},{"@type":"WebSite","@id":"https:\/\/lottohoy.com\/pt-pt\/#website","url":"https:\/\/lottohoy.com\/pt-pt\/","name":"Lottohoy","description":"","potentialAction":[{"@type":"SearchAction","target":{"@type":"EntryPoint","urlTemplate":"https:\/\/lottohoy.com\/pt-pt\/?s={search_term_string}"},"query-input":{"@type":"PropertyValueSpecification","valueRequired":true,"valueName":"search_term_string"}}],"inLanguage":"pt-ts"}]}},"_links":{"self":[{"href":"https:\/\/lottohoy.com\/pt-pt\/wp-json\/wp\/v2\/pages\/6207","targetHints":{"allow":["GET"]}}],"collection":[{"href":"https:\/\/lottohoy.com\/pt-pt\/wp-json\/wp\/v2\/pages"}],"about":[{"href":"https:\/\/lottohoy.com\/pt-pt\/wp-json\/wp\/v2\/types\/page"}],"author":[{"embeddable":true,"href":"https:\/\/lottohoy.com\/pt-pt\/wp-json\/wp\/v2\/users\/2"}],"replies":[{"embeddable":true,"href":"https:\/\/lottohoy.com\/pt-pt\/wp-json\/wp\/v2\/comments?post=6207"}],"version-history":[{"count":1,"href":"https:\/\/lottohoy.com\/pt-pt\/wp-json\/wp\/v2\/pages\/6207\/revisions"}],"predecessor-version":[{"id":10934,"href":"https:\/\/lottohoy.com\/pt-pt\/wp-json\/wp\/v2\/pages\/6207\/revisions\/10934"}],"up":[{"embeddable":true,"href":"https:\/\/lottohoy.com\/pt-pt\/wp-json\/wp\/v2\/pages\/3820"}],"wp:attachment":[{"href":"https:\/\/lottohoy.com\/pt-pt\/wp-json\/wp\/v2\/media?parent=6207"}],"curies":[{"name":"wp","href":"https:\/\/api.w.org\/{rel}","templated":true}]}}