{"id":6199,"date":"2020-08-10T22:51:41","date_gmt":"2020-08-10T21:51:41","guid":{"rendered":"https:\/\/www.lottohoy.com\/?page_id=6199"},"modified":"2025-03-26T05:32:07","modified_gmt":"2025-03-26T05:32:07","slug":"lotto-6aus49","status":"publish","type":"page","link":"https:\/\/lottohoy.com\/pt-pt\/resultados\/lotto-6aus49\/","title":{"rendered":"Resultados do Lotto 6aus49"},"content":{"rendered":"<p><!--more--><\/p>\n<p>Para ver se ganhou o Lotto 6aus49, basta verificar os n\u00fameros da combina\u00e7\u00e3o escolhida no seu bilhete contra o resultado mostrado nesta p\u00e1gina.<br \/>\nSe ganhar um pr\u00e9mio em qualquer uma das categorias listadas na 6aus49, os seus ganhos ser\u00e3o automaticamente adicionados \u00e0 sua conta.<\/p>\n<h2>Resultados do Lotto 6aus49<\/h2>\n<p>Nesta p\u00e1gina encontrar\u00e1 informa\u00e7\u00e3o detalhada sobre os resultados do Lotto 6aus49, o jackpot estimado para este sorteio, bem como outros detalhes de m\u00e1ximo interesse para prever os seus jogos futuros.<\/p>\n<p>Pode tamb\u00e9m verificar o jackpot acumulado, os vencedores e os pr\u00e9mios em cada uma das categorias e os sorteios anteriores at\u00e9 24 meses de idade.<br \/>\n\u00c0 direita da combina\u00e7\u00e3o vencedora deste \u00faltimo sorteio, h\u00e1 tr\u00eas quadrados. A pra\u00e7a central mostra a data do \u00faltimo sorteio, e em ambos os lados desta pra\u00e7a central h\u00e1 setas para a direita e para a esquerda para visitar as datas dos sorteios anteriores e avan\u00e7ar desses sorteios para a data mais actual.<\/p>\n<h3>Verificar os resultados e pr\u00e9mios do \u00faltimo sorteio<\/h3>\n<p>Uma grande tabela \u00e9 mostrada com os resultados e a distribui\u00e7\u00e3o dos pr\u00e9mios por categoria do \u00faltimo sorteio do Lotto 6aus49 de hoje.<br \/>\nAs categorias de pr\u00e9mios (at\u00e9 9 categorias diferentes), os \u00eaxitos necess\u00e1rios para se qualificar para qualquer uma das categorias de pr\u00e9mios.<br \/>\nOs vencedores de cada uma das categorias, e tamb\u00e9m o pr\u00e9mio que cada um dos vencedores recebe.<br \/>\nFechando esta grande caixa, \u00e9 indicado o n\u00famero total de vencedores neste sorteio, e o dinheiro total que \u00e9 distribu\u00eddo entre todos os vencedores.<\/p>\n<h2>Lotto 6aus49 possibilidades de pr\u00e9mio<\/h2>\n<p>Com apenas dois n\u00fameros principais + o Superzahl, j\u00e1 se recebe um pr\u00e9mio fixo. O valor dos pr\u00e9mios varia de um sorteio para outro, uma vez que se baseiam na venda de bilhetes e nos vencedores em cada categoria.<\/p>\n","protected":false},"excerpt":{"rendered":"","protected":false},"author":2,"featured_media":0,"parent":3855,"menu_order":13,"comment_status":"closed","ping_status":"closed","template":"lotto-german-results.php","meta":{"_et_pb_use_builder":"","_et_pb_old_content":"","_et_gb_content_width":"","exclude_from_search":false,"footnotes":""},"class_list":["post-6199","page","type-page","status-publish","hentry"],"yoast_head":"<!-- This site is optimized with the Yoast SEO plugin v23.7 - https:\/\/yoast.com\/wordpress\/plugins\/seo\/ -->\n<title>Resultados do sorteio do Lotto 6aus49 - LottoHoy.com<\/title>\n<meta name=\"description\" content=\"Se tiver ganho um pr\u00e9mio, ter\u00e1 recebido um e-mail de conforma\u00e7\u00e3o. Mas de qualquer forma aqui pode verificar os resultados da lotaria 6aus49\" \/>\n<meta name=\"robots\" content=\"index, follow, max-snippet:-1, max-image-preview:large, max-video-preview:-1\" \/>\n<link rel=\"canonical\" href=\"https:\/\/lottohoy.com\/pt-pt\/resultados\/lotto-6aus49\/\" \/>\n<meta property=\"og:locale\" content=\"pt_PT\" \/>\n<meta property=\"og:type\" content=\"article\" \/>\n<meta property=\"og:title\" content=\"Resultados do sorteio do Lotto 6aus49 - LottoHoy.com\" \/>\n<meta property=\"og:description\" content=\"Se tiver ganho um pr\u00e9mio, ter\u00e1 recebido um e-mail de conforma\u00e7\u00e3o. Mas de qualquer forma aqui pode verificar os resultados da lotaria 6aus49\" \/>\n<meta property=\"og:url\" content=\"https:\/\/lottohoy.com\/pt-pt\/resultados\/lotto-6aus49\/\" \/>\n<meta property=\"og:site_name\" content=\"Lottohoy\" \/>\n<meta property=\"article:modified_time\" content=\"2025-03-26T05:32:07+00:00\" \/>\n<meta name=\"twitter:card\" content=\"summary_large_image\" \/>\n<meta name=\"twitter:label1\" content=\"Est. reading time\" \/>\n\t<meta name=\"twitter:data1\" content=\"2 minutes\" \/>\n<script type=\"application\/ld+json\" class=\"yoast-schema-graph\">{\"@context\":\"https:\/\/schema.org\",\"@graph\":[{\"@type\":\"WebPage\",\"@id\":\"https:\/\/lottohoy.com\/pt-pt\/resultados\/lotto-6aus49\/\",\"url\":\"https:\/\/lottohoy.com\/pt-pt\/resultados\/lotto-6aus49\/\",\"name\":\"Resultados do sorteio do Lotto 6aus49 - LottoHoy.com\",\"isPartOf\":{\"@id\":\"https:\/\/lottohoy.com\/pt-pt\/#website\"},\"datePublished\":\"2020-08-10T21:51:41+00:00\",\"dateModified\":\"2025-03-26T05:32:07+00:00\",\"description\":\"Se tiver ganho um pr\u00e9mio, ter\u00e1 recebido um e-mail de conforma\u00e7\u00e3o. Mas de qualquer forma aqui pode verificar os resultados da lotaria 6aus49\",\"breadcrumb\":{\"@id\":\"https:\/\/lottohoy.com\/pt-pt\/resultados\/lotto-6aus49\/#breadcrumb\"},\"inLanguage\":\"pt-ts\",\"potentialAction\":[{\"@type\":\"ReadAction\",\"target\":[\"https:\/\/lottohoy.com\/pt-pt\/resultados\/lotto-6aus49\/\"]}]},{\"@type\":\"BreadcrumbList\",\"@id\":\"https:\/\/lottohoy.com\/pt-pt\/resultados\/lotto-6aus49\/#breadcrumb\",\"itemListElement\":[{\"@type\":\"ListItem\",\"position\":1,\"name\":\"Home\",\"item\":\"https:\/\/lottohoy.com\/pt-pt\/\"},{\"@type\":\"ListItem\",\"position\":2,\"name\":\"Resultados da Lotaria Online\",\"item\":\"https:\/\/lottohoy.com\/pt-pt\/resultados\/\"},{\"@type\":\"ListItem\",\"position\":3,\"name\":\"Resultados do Lotto 6aus49\"}]},{\"@type\":\"WebSite\",\"@id\":\"https:\/\/lottohoy.com\/pt-pt\/#website\",\"url\":\"https:\/\/lottohoy.com\/pt-pt\/\",\"name\":\"Lottohoy\",\"description\":\"\",\"potentialAction\":[{\"@type\":\"SearchAction\",\"target\":{\"@type\":\"EntryPoint\",\"urlTemplate\":\"https:\/\/lottohoy.com\/pt-pt\/?s={search_term_string}\"},\"query-input\":{\"@type\":\"PropertyValueSpecification\",\"valueRequired\":true,\"valueName\":\"search_term_string\"}}],\"inLanguage\":\"pt-ts\"}]}<\/script>\n<!-- \/ Yoast SEO plugin. -->","yoast_head_json":{"title":"Resultados do sorteio do Lotto 6aus49 - LottoHoy.com","description":"Se tiver ganho um pr\u00e9mio, ter\u00e1 recebido um e-mail de conforma\u00e7\u00e3o. Mas de qualquer forma aqui pode verificar os resultados da lotaria 6aus49","robots":{"index":"index","follow":"follow","max-snippet":"max-snippet:-1","max-image-preview":"max-image-preview:large","max-video-preview":"max-video-preview:-1"},"canonical":"https:\/\/lottohoy.com\/pt-pt\/resultados\/lotto-6aus49\/","og_locale":"pt_PT","og_type":"article","og_title":"Resultados do sorteio do Lotto 6aus49 - LottoHoy.com","og_description":"Se tiver ganho um pr\u00e9mio, ter\u00e1 recebido um e-mail de conforma\u00e7\u00e3o. Mas de qualquer forma aqui pode verificar os resultados da lotaria 6aus49","og_url":"https:\/\/lottohoy.com\/pt-pt\/resultados\/lotto-6aus49\/","og_site_name":"Lottohoy","article_modified_time":"2025-03-26T05:32:07+00:00","twitter_card":"summary_large_image","twitter_misc":{"Est. reading time":"2 minutes"},"schema":{"@context":"https:\/\/schema.org","@graph":[{"@type":"WebPage","@id":"https:\/\/lottohoy.com\/pt-pt\/resultados\/lotto-6aus49\/","url":"https:\/\/lottohoy.com\/pt-pt\/resultados\/lotto-6aus49\/","name":"Resultados do sorteio do Lotto 6aus49 - LottoHoy.com","isPartOf":{"@id":"https:\/\/lottohoy.com\/pt-pt\/#website"},"datePublished":"2020-08-10T21:51:41+00:00","dateModified":"2025-03-26T05:32:07+00:00","description":"Se tiver ganho um pr\u00e9mio, ter\u00e1 recebido um e-mail de conforma\u00e7\u00e3o. Mas de qualquer forma aqui pode verificar os resultados da lotaria 6aus49","breadcrumb":{"@id":"https:\/\/lottohoy.com\/pt-pt\/resultados\/lotto-6aus49\/#breadcrumb"},"inLanguage":"pt-ts","potentialAction":[{"@type":"ReadAction","target":["https:\/\/lottohoy.com\/pt-pt\/resultados\/lotto-6aus49\/"]}]},{"@type":"BreadcrumbList","@id":"https:\/\/lottohoy.com\/pt-pt\/resultados\/lotto-6aus49\/#breadcrumb","itemListElement":[{"@type":"ListItem","position":1,"name":"Home","item":"https:\/\/lottohoy.com\/pt-pt\/"},{"@type":"ListItem","position":2,"name":"Resultados da Lotaria Online","item":"https:\/\/lottohoy.com\/pt-pt\/resultados\/"},{"@type":"ListItem","position":3,"name":"Resultados do Lotto 6aus49"}]},{"@type":"WebSite","@id":"https:\/\/lottohoy.com\/pt-pt\/#website","url":"https:\/\/lottohoy.com\/pt-pt\/","name":"Lottohoy","description":"","potentialAction":[{"@type":"SearchAction","target":{"@type":"EntryPoint","urlTemplate":"https:\/\/lottohoy.com\/pt-pt\/?s={search_term_string}"},"query-input":{"@type":"PropertyValueSpecification","valueRequired":true,"valueName":"search_term_string"}}],"inLanguage":"pt-ts"}]}},"_links":{"self":[{"href":"https:\/\/lottohoy.com\/pt-pt\/wp-json\/wp\/v2\/pages\/6199","targetHints":{"allow":["GET"]}}],"collection":[{"href":"https:\/\/lottohoy.com\/pt-pt\/wp-json\/wp\/v2\/pages"}],"about":[{"href":"https:\/\/lottohoy.com\/pt-pt\/wp-json\/wp\/v2\/types\/page"}],"author":[{"embeddable":true,"href":"https:\/\/lottohoy.com\/pt-pt\/wp-json\/wp\/v2\/users\/2"}],"replies":[{"embeddable":true,"href":"https:\/\/lottohoy.com\/pt-pt\/wp-json\/wp\/v2\/comments?post=6199"}],"version-history":[{"count":1,"href":"https:\/\/lottohoy.com\/pt-pt\/wp-json\/wp\/v2\/pages\/6199\/revisions"}],"predecessor-version":[{"id":10933,"href":"https:\/\/lottohoy.com\/pt-pt\/wp-json\/wp\/v2\/pages\/6199\/revisions\/10933"}],"up":[{"embeddable":true,"href":"https:\/\/lottohoy.com\/pt-pt\/wp-json\/wp\/v2\/pages\/3855"}],"wp:attachment":[{"href":"https:\/\/lottohoy.com\/pt-pt\/wp-json\/wp\/v2\/media?parent=6199"}],"curies":[{"name":"wp","href":"https:\/\/api.w.org\/{rel}","templated":true}]}}