{"id":6151,"date":"2020-08-10T21:38:27","date_gmt":"2020-08-10T20:38:27","guid":{"rendered":"https:\/\/www.lottohoy.com\/?page_id=6151"},"modified":"2025-02-11T18:07:09","modified_gmt":"2025-02-11T18:07:09","slug":"lotto-america","status":"publish","type":"page","link":"https:\/\/lottohoy.com\/pt-pt\/jogar\/lotto-america\/","title":{"rendered":"Jogar Lotto Am\u00e9rica"},"content":{"rendered":"<h2>Como se joga Lotto America online?<\/h2>\n<p>A coluna de jogo \u00e9 composta por 52 caixas numeradas de 1 a 52, para os n\u00fameros principais, e uma segunda caixa numerada de 1 a 10 respectivamente, para a bola estrela (Lotto America Star Ball)<br \/>\nO jogador tem de seleccionar 5 n\u00fameros de fotogramas principais entre 1 e 52, e outro entre os que est\u00e3o listados de 1 a 10 para a Bola Estrela.<br \/>\nEsta selec\u00e7\u00e3o pode ser feita manualmente escolhendo e marcando na coluna os 5+1 n\u00fameros da combina\u00e7\u00e3o a jogar, ou seleccionando a caixa &#8220;Selec\u00e7\u00e3o R\u00e1pida&#8221; que aparece quando o cursor \u00e9 passado sobre o topo da coluna, permitindo assim que o pr\u00f3prio sistema escolha aleatoriamente a combina\u00e7\u00e3o a jogar.<\/p>\n<h2>Em que dias se joga Lotto America?<\/h2>\n<p>Os sorteios do Lotto America s\u00e3o realizados em Tallahassee, Florida, todas as quartas e s\u00e1bados por volta das 23:15 \/ 22:15, hora local, dependendo do estado.<\/p>\n<p>A venda de bilhetes online geralmente fecha 2 horas antes do sorteio para administra\u00e7\u00e3o da plataforma e seguran\u00e7a com os agentes colaboradores.<\/p>\n<h2>Quanto custam os bilhetes da Lotto America?<\/h2>\n<p>Na Lottohoy pode comprar os seus bilhetes oficiais da Lotto Am\u00e9rica a partir de apenas 2 \u20ac, (Este montante pode variar dependendo da taxa de c\u00e2mbio d\u00f3lar\/euro)<\/p>\n<h2>Como comprar a Lotto America online<\/h2>\n<p>Comprar bilhetes e jogar na lotaria Lotto America \u00e9 realmente f\u00e1cil e conveniente atrav\u00e9s da nossa plataforma online.<br \/>\nNa p\u00e1gina de jogo da Lotto America pode fazer qualquer aposta que quiser. \u00c9 exibido um modelo de 5 colunas (tamb\u00e9m chamado linhas), mas pode expandi-lo quantas vezes desejar, bastando clicar na caixa &#8220;Mais Linhas&#8221;.<br \/>\nEm cada coluna deve marcar 5 caixas entre 1 e 51, e 1 entre 1 e 10 na caixa abaixo<br \/>\nEsta escolha pode ser feita manualmente, marcando cada caixa, ou permitindo que o sistema escolha aleatoriamente uma combina\u00e7\u00e3o.<br \/>\nAo clicar em &#8220;Continuar&#8221;, ser\u00e1 levado para a p\u00e1gina de pagamento. O jogador pode confirmar ou acrescentar mais bilhetes \u00e0s suas apostas.<\/p>\n<h2>Pr\u00e9mios Lotto Am\u00e9rica<\/h2>\n<p>Assume-se um jackpot m\u00ednimo de $2.000.000, que \u00e9 acumulado para sorteios subsequentes, no caso de n\u00e3o haver vencedores de primeira categoria.<br \/>\nExistem 9 categorias de pr\u00e9mios<br \/>\n&#8211; A primeira categoria, para aqueles que correspondem \u00e0 combina\u00e7\u00e3o vencedora completa (5 n\u00fameros principais + Bola Estrelar).<br \/>\n&#8211; Segunda categoria, para aqueles que correspondem aos 5 n\u00fameros principais<br \/>\n&#8211; Terceira categoria, para os 4 n\u00fameros principais + Star Ball<br \/>\n&#8211; Quarta categoria, para aqueles que adivinhem 4 n\u00fameros principais<br \/>\n&#8211; Quinta categoria. Para 3 n\u00fameros principais + vencedores do Star Ball<br \/>\n&#8211; Sexta categoria. Para os vencedores sortudos de 3 n\u00fameros,<br \/>\n&#8211; S\u00e9tima categoria. Para 2 n\u00fameros principais + Star Ball<br \/>\n&#8211; Oitava categoria. Para 1 n\u00famero principal + vencedores do Star Ball<br \/>\n&#8211; Nona categoria: Para aqueles que s\u00f3 t\u00eam a bola estrela<\/p>\n","protected":false},"excerpt":{"rendered":"<p>Como se joga Lotto America online? A coluna de jogo \u00e9 composta por 52 caixas numeradas de 1 a 52, para os n\u00fameros principais, e uma segunda caixa numerada de 1 a 10 respectivamente, para a bola estrela (Lotto America Star Ball) O jogador tem de seleccionar 5 n\u00fameros de fotogramas principais entre 1 e [&hellip;]<\/p>\n","protected":false},"author":2,"featured_media":0,"parent":3904,"menu_order":15,"comment_status":"closed","ping_status":"closed","template":"lotto-america.php","meta":{"_et_pb_use_builder":"","_et_pb_old_content":"","_et_gb_content_width":"","exclude_from_search":false,"footnotes":""},"class_list":["post-6151","page","type-page","status-publish","hentry"],"yoast_head":"<!-- This site is optimized with the Yoast SEO plugin v23.7 - https:\/\/yoast.com\/wordpress\/plugins\/seo\/ -->\n<title>Jogar Lotto America, uma lotaria dos EUA - LottoHoy.com<\/title>\n<meta name=\"description\" content=\"Entre a grande variedade de lotarias dos EUA, propomos jogar Lotto America, e desfrutar das suas 9 categorias de pr\u00e9mios\" \/>\n<meta name=\"robots\" content=\"index, follow, max-snippet:-1, max-image-preview:large, max-video-preview:-1\" \/>\n<link rel=\"canonical\" href=\"https:\/\/lottohoy.com\/pt-pt\/jogar\/lotto-america\/\" \/>\n<meta property=\"og:locale\" content=\"pt_PT\" \/>\n<meta property=\"og:type\" content=\"article\" \/>\n<meta property=\"og:title\" content=\"Jogar Lotto America, uma lotaria dos EUA - LottoHoy.com\" \/>\n<meta property=\"og:description\" content=\"Entre a grande variedade de lotarias dos EUA, propomos jogar Lotto America, e desfrutar das suas 9 categorias de pr\u00e9mios\" \/>\n<meta property=\"og:url\" content=\"https:\/\/lottohoy.com\/pt-pt\/jogar\/lotto-america\/\" \/>\n<meta property=\"og:site_name\" content=\"Lottohoy\" \/>\n<meta property=\"article:modified_time\" content=\"2025-02-11T18:07:09+00:00\" \/>\n<meta name=\"twitter:card\" content=\"summary_large_image\" \/>\n<meta name=\"twitter:label1\" content=\"Est. reading time\" \/>\n\t<meta name=\"twitter:data1\" content=\"2 minutes\" \/>\n<script type=\"application\/ld+json\" class=\"yoast-schema-graph\">{\"@context\":\"https:\/\/schema.org\",\"@graph\":[{\"@type\":\"WebPage\",\"@id\":\"https:\/\/lottohoy.com\/pt-pt\/jogar\/lotto-america\/\",\"url\":\"https:\/\/lottohoy.com\/pt-pt\/jogar\/lotto-america\/\",\"name\":\"Jogar Lotto America, uma lotaria dos EUA - LottoHoy.com\",\"isPartOf\":{\"@id\":\"https:\/\/lottohoy.com\/pt-pt\/#website\"},\"datePublished\":\"2020-08-10T20:38:27+00:00\",\"dateModified\":\"2025-02-11T18:07:09+00:00\",\"description\":\"Entre a grande variedade de lotarias dos EUA, propomos jogar Lotto America, e desfrutar das suas 9 categorias de pr\u00e9mios\",\"breadcrumb\":{\"@id\":\"https:\/\/lottohoy.com\/pt-pt\/jogar\/lotto-america\/#breadcrumb\"},\"inLanguage\":\"pt-ts\",\"potentialAction\":[{\"@type\":\"ReadAction\",\"target\":[\"https:\/\/lottohoy.com\/pt-pt\/jogar\/lotto-america\/\"]}]},{\"@type\":\"BreadcrumbList\",\"@id\":\"https:\/\/lottohoy.com\/pt-pt\/jogar\/lotto-america\/#breadcrumb\",\"itemListElement\":[{\"@type\":\"ListItem\",\"position\":1,\"name\":\"Home\",\"item\":\"https:\/\/lottohoy.com\/pt-pt\/\"},{\"@type\":\"ListItem\",\"position\":2,\"name\":\"Compre bilhetes de loteria online\",\"item\":\"https:\/\/lottohoy.com\/pt-pt\/jogar\/\"},{\"@type\":\"ListItem\",\"position\":3,\"name\":\"Jogar Lotto Am\u00e9rica\"}]},{\"@type\":\"WebSite\",\"@id\":\"https:\/\/lottohoy.com\/pt-pt\/#website\",\"url\":\"https:\/\/lottohoy.com\/pt-pt\/\",\"name\":\"Lottohoy\",\"description\":\"\",\"potentialAction\":[{\"@type\":\"SearchAction\",\"target\":{\"@type\":\"EntryPoint\",\"urlTemplate\":\"https:\/\/lottohoy.com\/pt-pt\/?s={search_term_string}\"},\"query-input\":{\"@type\":\"PropertyValueSpecification\",\"valueRequired\":true,\"valueName\":\"search_term_string\"}}],\"inLanguage\":\"pt-ts\"}]}<\/script>\n<!-- \/ Yoast SEO plugin. -->","yoast_head_json":{"title":"Jogar Lotto America, uma lotaria dos EUA - LottoHoy.com","description":"Entre a grande variedade de lotarias dos EUA, propomos jogar Lotto America, e desfrutar das suas 9 categorias de pr\u00e9mios","robots":{"index":"index","follow":"follow","max-snippet":"max-snippet:-1","max-image-preview":"max-image-preview:large","max-video-preview":"max-video-preview:-1"},"canonical":"https:\/\/lottohoy.com\/pt-pt\/jogar\/lotto-america\/","og_locale":"pt_PT","og_type":"article","og_title":"Jogar Lotto America, uma lotaria dos EUA - LottoHoy.com","og_description":"Entre a grande variedade de lotarias dos EUA, propomos jogar Lotto America, e desfrutar das suas 9 categorias de pr\u00e9mios","og_url":"https:\/\/lottohoy.com\/pt-pt\/jogar\/lotto-america\/","og_site_name":"Lottohoy","article_modified_time":"2025-02-11T18:07:09+00:00","twitter_card":"summary_large_image","twitter_misc":{"Est. reading time":"2 minutes"},"schema":{"@context":"https:\/\/schema.org","@graph":[{"@type":"WebPage","@id":"https:\/\/lottohoy.com\/pt-pt\/jogar\/lotto-america\/","url":"https:\/\/lottohoy.com\/pt-pt\/jogar\/lotto-america\/","name":"Jogar Lotto America, uma lotaria dos EUA - LottoHoy.com","isPartOf":{"@id":"https:\/\/lottohoy.com\/pt-pt\/#website"},"datePublished":"2020-08-10T20:38:27+00:00","dateModified":"2025-02-11T18:07:09+00:00","description":"Entre a grande variedade de lotarias dos EUA, propomos jogar Lotto America, e desfrutar das suas 9 categorias de pr\u00e9mios","breadcrumb":{"@id":"https:\/\/lottohoy.com\/pt-pt\/jogar\/lotto-america\/#breadcrumb"},"inLanguage":"pt-ts","potentialAction":[{"@type":"ReadAction","target":["https:\/\/lottohoy.com\/pt-pt\/jogar\/lotto-america\/"]}]},{"@type":"BreadcrumbList","@id":"https:\/\/lottohoy.com\/pt-pt\/jogar\/lotto-america\/#breadcrumb","itemListElement":[{"@type":"ListItem","position":1,"name":"Home","item":"https:\/\/lottohoy.com\/pt-pt\/"},{"@type":"ListItem","position":2,"name":"Compre bilhetes de loteria online","item":"https:\/\/lottohoy.com\/pt-pt\/jogar\/"},{"@type":"ListItem","position":3,"name":"Jogar Lotto Am\u00e9rica"}]},{"@type":"WebSite","@id":"https:\/\/lottohoy.com\/pt-pt\/#website","url":"https:\/\/lottohoy.com\/pt-pt\/","name":"Lottohoy","description":"","potentialAction":[{"@type":"SearchAction","target":{"@type":"EntryPoint","urlTemplate":"https:\/\/lottohoy.com\/pt-pt\/?s={search_term_string}"},"query-input":{"@type":"PropertyValueSpecification","valueRequired":true,"valueName":"search_term_string"}}],"inLanguage":"pt-ts"}]}},"_links":{"self":[{"href":"https:\/\/lottohoy.com\/pt-pt\/wp-json\/wp\/v2\/pages\/6151","targetHints":{"allow":["GET"]}}],"collection":[{"href":"https:\/\/lottohoy.com\/pt-pt\/wp-json\/wp\/v2\/pages"}],"about":[{"href":"https:\/\/lottohoy.com\/pt-pt\/wp-json\/wp\/v2\/types\/page"}],"author":[{"embeddable":true,"href":"https:\/\/lottohoy.com\/pt-pt\/wp-json\/wp\/v2\/users\/2"}],"replies":[{"embeddable":true,"href":"https:\/\/lottohoy.com\/pt-pt\/wp-json\/wp\/v2\/comments?post=6151"}],"version-history":[{"count":3,"href":"https:\/\/lottohoy.com\/pt-pt\/wp-json\/wp\/v2\/pages\/6151\/revisions"}],"predecessor-version":[{"id":14659,"href":"https:\/\/lottohoy.com\/pt-pt\/wp-json\/wp\/v2\/pages\/6151\/revisions\/14659"}],"up":[{"embeddable":true,"href":"https:\/\/lottohoy.com\/pt-pt\/wp-json\/wp\/v2\/pages\/3904"}],"wp:attachment":[{"href":"https:\/\/lottohoy.com\/pt-pt\/wp-json\/wp\/v2\/media?parent=6151"}],"curies":[{"name":"wp","href":"https:\/\/api.w.org\/{rel}","templated":true}]}}