{"id":6143,"date":"2020-08-10T21:42:04","date_gmt":"2020-08-10T20:42:04","guid":{"rendered":"https:\/\/www.lottohoy.com\/?page_id=6143"},"modified":"2025-03-25T14:58:20","modified_gmt":"2025-03-25T14:58:20","slug":"lotto-america","status":"publish","type":"page","link":"https:\/\/lottohoy.com\/pt-pt\/lotarias\/lotto-america\/","title":{"rendered":"Lotto Am\u00e9rica Informa\u00e7\u00e3o"},"content":{"rendered":"<p>Lotto America \u00e9 uma loteria multi-estatal que nasceu em 1988, operada pela Multi-State Lottery Association com a participa\u00e7\u00e3o de 7 estados inicialmente e desenvolvida ao longo dos anos at\u00e9 1992 com o surgimento da actual Powerball.<\/p>\n<p>Em Novembro de 2017 ser\u00e1 relan\u00e7ado com o seu sistema actual, dando aos participantes a oportunidade de ganhar pr\u00e9mios em nove categorias diferentes.<\/p>\n<h2>Regras da Loteria da Am\u00e9rica<\/h2>\n<p>Lotto America, \u00e9 uma loteria f\u00e1cil de compreender e de jogar. No bilhete de aposta \u00fanica o jogador deve escolher 5 n\u00fameros dos 52 n\u00fameros poss\u00edveis no primeiro quadrante, e mais 1 n\u00famero para a bola estrela de 1l 1 a 10, na caixa inferior da coluna.<\/p>\n<p>Al\u00e9m disso, com o mesmo bilhete a jogada principal pode ser complementada com a All Star, o que, pelo custo adicional, d\u00e1 aos jogadores a possibilidade de ganhar o pr\u00e9mio (excepto a primeira categoria) multiplicado por 2, 3 ou 4 vezes. (A caracter\u00edstica All Star, n\u00e3o dispon\u00edvel no LottoHoy neste momento).<\/p>\n<p>Para jogar Lotto America \u00e9 necess\u00e1rio ter idade legal (no estado de Iowa, a idade legal de maioridade \u00e9 21 anos)<\/p>\n<h2>Vantagens de jogar na Lotto America online<\/h2>\n<ul>\n<li>N\u00e3o h\u00e1 necessidade de viajar para nenhum dos estados americanos que fazem parte desta lotaria (Delaware, Idaho, Iowa, Kansas, Maine, Minnesota, Montana, Novo M\u00e9xico, Dkota do Norte, Dakota do Sul, Oklahoma, Tennessee, West Virginia, para participar nos seus jackpots milion\u00e1rios.<\/li>\n<li>Atrav\u00e9s da nossa plataforma, tem acesso a loterias de todo o mundo, como \u00e9 o caso da Lotto America. A partir de qualquer dispositivo m\u00f3vel, tablet ou computador de secret\u00e1ria.<\/li>\n<li>H\u00e1 informa\u00e7\u00e3o constante sobre todos os sorteios, os jackpots acumulados, os pr\u00e9mios que s\u00e3o ganhos e muitas outras coisas.<\/li>\n<li>Jogar Lotto America atrav\u00e9s de uma plataforma online como LottoHoy.com \u00e9 seguro e fi\u00e1vel para todas as transac\u00e7\u00f5es de dep\u00f3sito e levantamento.<\/li>\n<li>Se ganhar um pr\u00e9mio, automaticamente o montante desse pr\u00e9mio, at\u00e9 2500 euros, \u00e9 creditado imediatamente na sua conta de utilizador<\/li>\n<\/ul>\n<h2>Os pr\u00e9mios da Lotto America s\u00e3o tribut\u00e1veis?<\/h2>\n<p>Sim, todos os pr\u00e9mios superiores a 600 d\u00f3lares t\u00eam uma reten\u00e7\u00e3o na fonte federal equivalente a 28% (n\u00e3o-residentes ou jogadores de outros pa\u00edses, 30%).<\/p>\n<h2>Quais s\u00e3o as probabilidades de ganhar o jackpot da Lotto America?<\/h2>\n<p>As probabilidades de ganhar o jackpot da Lotto America s\u00e3o de 1 em 25,989,600. Isto torna-a uma das lotarias com uma das maiores probabilidades de ganhar.<\/p>\n<h2>Quais s\u00e3o as probabilidades de ganhar qualquer pr\u00e9mio da Lotto America?<\/h2>\n<p>As probabilidades de ganhar um pr\u00e9mio em qualquer uma das categorias do jogo padr\u00e3o s\u00e3o de 1 em 17.<\/p>\n<p><!--more--><\/p>\n","protected":false},"excerpt":{"rendered":"<p>Lotto America \u00e9 uma loteria multi-estatal que nasceu em 1988, operada pela Multi-State Lottery Association com a participa\u00e7\u00e3o de 7 estados inicialmente e desenvolvida ao longo dos anos at\u00e9 1992 com o surgimento da actual Powerball. Em Novembro de 2017 ser\u00e1 relan\u00e7ado com o seu sistema actual, dando aos participantes a oportunidade de ganhar pr\u00e9mios [&hellip;]<\/p>\n","protected":false},"author":2,"featured_media":0,"parent":3820,"menu_order":15,"comment_status":"closed","ping_status":"closed","template":"lotto-america-info.php","meta":{"_et_pb_use_builder":"","_et_pb_old_content":"","_et_gb_content_width":"","exclude_from_search":false,"footnotes":""},"class_list":["post-6143","page","type-page","status-publish","hentry"],"yoast_head":"<!-- This site is optimized with the Yoast SEO plugin v23.7 - https:\/\/yoast.com\/wordpress\/plugins\/seo\/ -->\n<title>Lotto America informa\u00e7\u00e3o, regras e regulamentos - LottoHoy.com<\/title>\n<meta name=\"description\" content=\"Oito das nove categorias com pr\u00e9mios fixos e uma primeira categoria com pr\u00e9mio especial e jackpot progressivo, Lotto America Information\" \/>\n<meta name=\"robots\" content=\"index, follow, max-snippet:-1, max-image-preview:large, max-video-preview:-1\" \/>\n<link rel=\"canonical\" href=\"https:\/\/lottohoy.com\/pt-pt\/lotarias\/lotto-america\/\" \/>\n<meta property=\"og:locale\" content=\"pt_PT\" \/>\n<meta property=\"og:type\" content=\"article\" \/>\n<meta property=\"og:title\" content=\"Lotto America informa\u00e7\u00e3o, regras e regulamentos - LottoHoy.com\" \/>\n<meta property=\"og:description\" content=\"Oito das nove categorias com pr\u00e9mios fixos e uma primeira categoria com pr\u00e9mio especial e jackpot progressivo, Lotto America Information\" \/>\n<meta property=\"og:url\" content=\"https:\/\/lottohoy.com\/pt-pt\/lotarias\/lotto-america\/\" \/>\n<meta property=\"og:site_name\" content=\"Lottohoy\" \/>\n<meta property=\"article:modified_time\" content=\"2025-03-25T14:58:20+00:00\" \/>\n<meta name=\"twitter:card\" content=\"summary_large_image\" \/>\n<meta name=\"twitter:label1\" content=\"Est. reading time\" \/>\n\t<meta name=\"twitter:data1\" content=\"2 minutes\" \/>\n<script type=\"application\/ld+json\" class=\"yoast-schema-graph\">{\"@context\":\"https:\/\/schema.org\",\"@graph\":[{\"@type\":\"WebPage\",\"@id\":\"https:\/\/lottohoy.com\/pt-pt\/lotarias\/lotto-america\/\",\"url\":\"https:\/\/lottohoy.com\/pt-pt\/lotarias\/lotto-america\/\",\"name\":\"Lotto America informa\u00e7\u00e3o, regras e regulamentos - LottoHoy.com\",\"isPartOf\":{\"@id\":\"https:\/\/lottohoy.com\/pt-pt\/#website\"},\"datePublished\":\"2020-08-10T20:42:04+00:00\",\"dateModified\":\"2025-03-25T14:58:20+00:00\",\"description\":\"Oito das nove categorias com pr\u00e9mios fixos e uma primeira categoria com pr\u00e9mio especial e jackpot progressivo, Lotto America Information\",\"breadcrumb\":{\"@id\":\"https:\/\/lottohoy.com\/pt-pt\/lotarias\/lotto-america\/#breadcrumb\"},\"inLanguage\":\"pt-ts\",\"potentialAction\":[{\"@type\":\"ReadAction\",\"target\":[\"https:\/\/lottohoy.com\/pt-pt\/lotarias\/lotto-america\/\"]}]},{\"@type\":\"BreadcrumbList\",\"@id\":\"https:\/\/lottohoy.com\/pt-pt\/lotarias\/lotto-america\/#breadcrumb\",\"itemListElement\":[{\"@type\":\"ListItem\",\"position\":1,\"name\":\"Home\",\"item\":\"https:\/\/lottohoy.com\/pt-pt\/\"},{\"@type\":\"ListItem\",\"position\":2,\"name\":\"Tudo sobre a loteria online\",\"item\":\"https:\/\/lottohoy.com\/pt-pt\/lotarias\/\"},{\"@type\":\"ListItem\",\"position\":3,\"name\":\"Lotto Am\u00e9rica Informa\u00e7\u00e3o\"}]},{\"@type\":\"WebSite\",\"@id\":\"https:\/\/lottohoy.com\/pt-pt\/#website\",\"url\":\"https:\/\/lottohoy.com\/pt-pt\/\",\"name\":\"Lottohoy\",\"description\":\"\",\"potentialAction\":[{\"@type\":\"SearchAction\",\"target\":{\"@type\":\"EntryPoint\",\"urlTemplate\":\"https:\/\/lottohoy.com\/pt-pt\/?s={search_term_string}\"},\"query-input\":{\"@type\":\"PropertyValueSpecification\",\"valueRequired\":true,\"valueName\":\"search_term_string\"}}],\"inLanguage\":\"pt-ts\"}]}<\/script>\n<!-- \/ Yoast SEO plugin. -->","yoast_head_json":{"title":"Lotto America informa\u00e7\u00e3o, regras e regulamentos - LottoHoy.com","description":"Oito das nove categorias com pr\u00e9mios fixos e uma primeira categoria com pr\u00e9mio especial e jackpot progressivo, Lotto America Information","robots":{"index":"index","follow":"follow","max-snippet":"max-snippet:-1","max-image-preview":"max-image-preview:large","max-video-preview":"max-video-preview:-1"},"canonical":"https:\/\/lottohoy.com\/pt-pt\/lotarias\/lotto-america\/","og_locale":"pt_PT","og_type":"article","og_title":"Lotto America informa\u00e7\u00e3o, regras e regulamentos - LottoHoy.com","og_description":"Oito das nove categorias com pr\u00e9mios fixos e uma primeira categoria com pr\u00e9mio especial e jackpot progressivo, Lotto America Information","og_url":"https:\/\/lottohoy.com\/pt-pt\/lotarias\/lotto-america\/","og_site_name":"Lottohoy","article_modified_time":"2025-03-25T14:58:20+00:00","twitter_card":"summary_large_image","twitter_misc":{"Est. reading time":"2 minutes"},"schema":{"@context":"https:\/\/schema.org","@graph":[{"@type":"WebPage","@id":"https:\/\/lottohoy.com\/pt-pt\/lotarias\/lotto-america\/","url":"https:\/\/lottohoy.com\/pt-pt\/lotarias\/lotto-america\/","name":"Lotto America informa\u00e7\u00e3o, regras e regulamentos - LottoHoy.com","isPartOf":{"@id":"https:\/\/lottohoy.com\/pt-pt\/#website"},"datePublished":"2020-08-10T20:42:04+00:00","dateModified":"2025-03-25T14:58:20+00:00","description":"Oito das nove categorias com pr\u00e9mios fixos e uma primeira categoria com pr\u00e9mio especial e jackpot progressivo, Lotto America Information","breadcrumb":{"@id":"https:\/\/lottohoy.com\/pt-pt\/lotarias\/lotto-america\/#breadcrumb"},"inLanguage":"pt-ts","potentialAction":[{"@type":"ReadAction","target":["https:\/\/lottohoy.com\/pt-pt\/lotarias\/lotto-america\/"]}]},{"@type":"BreadcrumbList","@id":"https:\/\/lottohoy.com\/pt-pt\/lotarias\/lotto-america\/#breadcrumb","itemListElement":[{"@type":"ListItem","position":1,"name":"Home","item":"https:\/\/lottohoy.com\/pt-pt\/"},{"@type":"ListItem","position":2,"name":"Tudo sobre a loteria online","item":"https:\/\/lottohoy.com\/pt-pt\/lotarias\/"},{"@type":"ListItem","position":3,"name":"Lotto Am\u00e9rica Informa\u00e7\u00e3o"}]},{"@type":"WebSite","@id":"https:\/\/lottohoy.com\/pt-pt\/#website","url":"https:\/\/lottohoy.com\/pt-pt\/","name":"Lottohoy","description":"","potentialAction":[{"@type":"SearchAction","target":{"@type":"EntryPoint","urlTemplate":"https:\/\/lottohoy.com\/pt-pt\/?s={search_term_string}"},"query-input":{"@type":"PropertyValueSpecification","valueRequired":true,"valueName":"search_term_string"}}],"inLanguage":"pt-ts"}]}},"_links":{"self":[{"href":"https:\/\/lottohoy.com\/pt-pt\/wp-json\/wp\/v2\/pages\/6143","targetHints":{"allow":["GET"]}}],"collection":[{"href":"https:\/\/lottohoy.com\/pt-pt\/wp-json\/wp\/v2\/pages"}],"about":[{"href":"https:\/\/lottohoy.com\/pt-pt\/wp-json\/wp\/v2\/types\/page"}],"author":[{"embeddable":true,"href":"https:\/\/lottohoy.com\/pt-pt\/wp-json\/wp\/v2\/users\/2"}],"replies":[{"embeddable":true,"href":"https:\/\/lottohoy.com\/pt-pt\/wp-json\/wp\/v2\/comments?post=6143"}],"version-history":[{"count":1,"href":"https:\/\/lottohoy.com\/pt-pt\/wp-json\/wp\/v2\/pages\/6143\/revisions"}],"predecessor-version":[{"id":10928,"href":"https:\/\/lottohoy.com\/pt-pt\/wp-json\/wp\/v2\/pages\/6143\/revisions\/10928"}],"up":[{"embeddable":true,"href":"https:\/\/lottohoy.com\/pt-pt\/wp-json\/wp\/v2\/pages\/3820"}],"wp:attachment":[{"href":"https:\/\/lottohoy.com\/pt-pt\/wp-json\/wp\/v2\/media?parent=6143"}],"curies":[{"name":"wp","href":"https:\/\/api.w.org\/{rel}","templated":true}]}}