{"id":6135,"date":"2020-08-10T21:40:33","date_gmt":"2020-08-10T20:40:33","guid":{"rendered":"https:\/\/www.lottohoy.com\/?page_id=6135"},"modified":"2025-03-26T05:54:46","modified_gmt":"2025-03-26T05:54:46","slug":"lotto-america","status":"publish","type":"page","link":"https:\/\/lottohoy.com\/pt-pt\/resultados\/lotto-america\/","title":{"rendered":"Resultados da Lotto America"},"content":{"rendered":"<p><!--more--><\/p>\n<p>Esta p\u00e1gina mostra uma reparti\u00e7\u00e3o detalhada dos resultados do sorteio do Lotto America, bem como o jackpot estimado (pendente de exame final) para o sorteio realizado e outras informa\u00e7\u00f5es de interesse.<\/p>\n<h2>\u00daltimos resultados do Lotto Am\u00e9rica<\/h2>\n<p>Neste ecr\u00e3 pode ver uma tabela mostrando os resultados do \u00faltimo sorteio realizado e a distribui\u00e7\u00e3o dos pr\u00e9mios para cada uma das categorias de pr\u00e9mios, o n\u00famero estimado de vencedores por categoria e o montante a ser distribu\u00eddo entre eles.<\/p>\n<h2>Todos os resultados do Lotto Am\u00e9rica<\/h2>\n<p>Para al\u00e9m dos resultados apresentados na caixa deste \u00faltimo sorteio, pode tamb\u00e9m aceder a esta p\u00e1gina para ver os resultados de todos os sorteios anteriores realizados durante os \u00faltimos 2 anos.<br \/>\nPode seleccionar a data espec\u00edfica da qual deseja verificar o resultado e os pr\u00e9mios distribu\u00eddos em cada n\u00edvel de pr\u00e9mio.<\/p>\n","protected":false},"excerpt":{"rendered":"","protected":false},"author":2,"featured_media":0,"parent":3855,"menu_order":15,"comment_status":"closed","ping_status":"closed","template":"lotto-america-results.php","meta":{"_et_pb_use_builder":"","_et_pb_old_content":"","_et_gb_content_width":"","exclude_from_search":false,"footnotes":""},"class_list":["post-6135","page","type-page","status-publish","hentry"],"yoast_head":"<!-- This site is optimized with the Yoast SEO plugin v23.7 - https:\/\/yoast.com\/wordpress\/plugins\/seo\/ -->\n<title>Lotto America, resultados da lotaria - LottoHoy.com<\/title>\n<meta name=\"description\" content=\"Verifique os resultados do Lotto Am\u00e9rica, a reparti\u00e7\u00e3o das oito categorias de pr\u00e9mios fixos e o jackpot\" \/>\n<meta name=\"robots\" content=\"index, follow, max-snippet:-1, max-image-preview:large, max-video-preview:-1\" \/>\n<link rel=\"canonical\" href=\"https:\/\/lottohoy.com\/pt-pt\/resultados\/lotto-america\/\" \/>\n<meta property=\"og:locale\" content=\"pt_PT\" \/>\n<meta property=\"og:type\" content=\"article\" \/>\n<meta property=\"og:title\" content=\"Lotto America, resultados da lotaria - LottoHoy.com\" \/>\n<meta property=\"og:description\" content=\"Verifique os resultados do Lotto Am\u00e9rica, a reparti\u00e7\u00e3o das oito categorias de pr\u00e9mios fixos e o jackpot\" \/>\n<meta property=\"og:url\" content=\"https:\/\/lottohoy.com\/pt-pt\/resultados\/lotto-america\/\" \/>\n<meta property=\"og:site_name\" content=\"Lottohoy\" \/>\n<meta property=\"article:modified_time\" content=\"2025-03-26T05:54:46+00:00\" \/>\n<meta name=\"twitter:card\" content=\"summary_large_image\" \/>\n<meta name=\"twitter:label1\" content=\"Est. reading time\" \/>\n\t<meta name=\"twitter:data1\" content=\"1 minute\" \/>\n<script type=\"application\/ld+json\" class=\"yoast-schema-graph\">{\"@context\":\"https:\/\/schema.org\",\"@graph\":[{\"@type\":\"WebPage\",\"@id\":\"https:\/\/lottohoy.com\/pt-pt\/resultados\/lotto-america\/\",\"url\":\"https:\/\/lottohoy.com\/pt-pt\/resultados\/lotto-america\/\",\"name\":\"Lotto America, resultados da lotaria - LottoHoy.com\",\"isPartOf\":{\"@id\":\"https:\/\/lottohoy.com\/pt-pt\/#website\"},\"datePublished\":\"2020-08-10T20:40:33+00:00\",\"dateModified\":\"2025-03-26T05:54:46+00:00\",\"description\":\"Verifique os resultados do Lotto Am\u00e9rica, a reparti\u00e7\u00e3o das oito categorias de pr\u00e9mios fixos e o jackpot\",\"breadcrumb\":{\"@id\":\"https:\/\/lottohoy.com\/pt-pt\/resultados\/lotto-america\/#breadcrumb\"},\"inLanguage\":\"pt-ts\",\"potentialAction\":[{\"@type\":\"ReadAction\",\"target\":[\"https:\/\/lottohoy.com\/pt-pt\/resultados\/lotto-america\/\"]}]},{\"@type\":\"BreadcrumbList\",\"@id\":\"https:\/\/lottohoy.com\/pt-pt\/resultados\/lotto-america\/#breadcrumb\",\"itemListElement\":[{\"@type\":\"ListItem\",\"position\":1,\"name\":\"Home\",\"item\":\"https:\/\/lottohoy.com\/pt-pt\/\"},{\"@type\":\"ListItem\",\"position\":2,\"name\":\"Resultados da Lotaria Online\",\"item\":\"https:\/\/lottohoy.com\/pt-pt\/resultados\/\"},{\"@type\":\"ListItem\",\"position\":3,\"name\":\"Resultados da Lotto America\"}]},{\"@type\":\"WebSite\",\"@id\":\"https:\/\/lottohoy.com\/pt-pt\/#website\",\"url\":\"https:\/\/lottohoy.com\/pt-pt\/\",\"name\":\"Lottohoy\",\"description\":\"\",\"potentialAction\":[{\"@type\":\"SearchAction\",\"target\":{\"@type\":\"EntryPoint\",\"urlTemplate\":\"https:\/\/lottohoy.com\/pt-pt\/?s={search_term_string}\"},\"query-input\":{\"@type\":\"PropertyValueSpecification\",\"valueRequired\":true,\"valueName\":\"search_term_string\"}}],\"inLanguage\":\"pt-ts\"}]}<\/script>\n<!-- \/ Yoast SEO plugin. -->","yoast_head_json":{"title":"Lotto America, resultados da lotaria - LottoHoy.com","description":"Verifique os resultados do Lotto Am\u00e9rica, a reparti\u00e7\u00e3o das oito categorias de pr\u00e9mios fixos e o jackpot","robots":{"index":"index","follow":"follow","max-snippet":"max-snippet:-1","max-image-preview":"max-image-preview:large","max-video-preview":"max-video-preview:-1"},"canonical":"https:\/\/lottohoy.com\/pt-pt\/resultados\/lotto-america\/","og_locale":"pt_PT","og_type":"article","og_title":"Lotto America, resultados da lotaria - LottoHoy.com","og_description":"Verifique os resultados do Lotto Am\u00e9rica, a reparti\u00e7\u00e3o das oito categorias de pr\u00e9mios fixos e o jackpot","og_url":"https:\/\/lottohoy.com\/pt-pt\/resultados\/lotto-america\/","og_site_name":"Lottohoy","article_modified_time":"2025-03-26T05:54:46+00:00","twitter_card":"summary_large_image","twitter_misc":{"Est. reading time":"1 minute"},"schema":{"@context":"https:\/\/schema.org","@graph":[{"@type":"WebPage","@id":"https:\/\/lottohoy.com\/pt-pt\/resultados\/lotto-america\/","url":"https:\/\/lottohoy.com\/pt-pt\/resultados\/lotto-america\/","name":"Lotto America, resultados da lotaria - LottoHoy.com","isPartOf":{"@id":"https:\/\/lottohoy.com\/pt-pt\/#website"},"datePublished":"2020-08-10T20:40:33+00:00","dateModified":"2025-03-26T05:54:46+00:00","description":"Verifique os resultados do Lotto Am\u00e9rica, a reparti\u00e7\u00e3o das oito categorias de pr\u00e9mios fixos e o jackpot","breadcrumb":{"@id":"https:\/\/lottohoy.com\/pt-pt\/resultados\/lotto-america\/#breadcrumb"},"inLanguage":"pt-ts","potentialAction":[{"@type":"ReadAction","target":["https:\/\/lottohoy.com\/pt-pt\/resultados\/lotto-america\/"]}]},{"@type":"BreadcrumbList","@id":"https:\/\/lottohoy.com\/pt-pt\/resultados\/lotto-america\/#breadcrumb","itemListElement":[{"@type":"ListItem","position":1,"name":"Home","item":"https:\/\/lottohoy.com\/pt-pt\/"},{"@type":"ListItem","position":2,"name":"Resultados da Lotaria Online","item":"https:\/\/lottohoy.com\/pt-pt\/resultados\/"},{"@type":"ListItem","position":3,"name":"Resultados da Lotto America"}]},{"@type":"WebSite","@id":"https:\/\/lottohoy.com\/pt-pt\/#website","url":"https:\/\/lottohoy.com\/pt-pt\/","name":"Lottohoy","description":"","potentialAction":[{"@type":"SearchAction","target":{"@type":"EntryPoint","urlTemplate":"https:\/\/lottohoy.com\/pt-pt\/?s={search_term_string}"},"query-input":{"@type":"PropertyValueSpecification","valueRequired":true,"valueName":"search_term_string"}}],"inLanguage":"pt-ts"}]}},"_links":{"self":[{"href":"https:\/\/lottohoy.com\/pt-pt\/wp-json\/wp\/v2\/pages\/6135","targetHints":{"allow":["GET"]}}],"collection":[{"href":"https:\/\/lottohoy.com\/pt-pt\/wp-json\/wp\/v2\/pages"}],"about":[{"href":"https:\/\/lottohoy.com\/pt-pt\/wp-json\/wp\/v2\/types\/page"}],"author":[{"embeddable":true,"href":"https:\/\/lottohoy.com\/pt-pt\/wp-json\/wp\/v2\/users\/2"}],"replies":[{"embeddable":true,"href":"https:\/\/lottohoy.com\/pt-pt\/wp-json\/wp\/v2\/comments?post=6135"}],"version-history":[{"count":1,"href":"https:\/\/lottohoy.com\/pt-pt\/wp-json\/wp\/v2\/pages\/6135\/revisions"}],"predecessor-version":[{"id":10927,"href":"https:\/\/lottohoy.com\/pt-pt\/wp-json\/wp\/v2\/pages\/6135\/revisions\/10927"}],"up":[{"embeddable":true,"href":"https:\/\/lottohoy.com\/pt-pt\/wp-json\/wp\/v2\/pages\/3855"}],"wp:attachment":[{"href":"https:\/\/lottohoy.com\/pt-pt\/wp-json\/wp\/v2\/media?parent=6135"}],"curies":[{"name":"wp","href":"https:\/\/api.w.org\/{rel}","templated":true}]}}