{"id":6121,"date":"2020-08-10T17:39:45","date_gmt":"2020-08-10T16:39:45","guid":{"rendered":"https:\/\/www.lottohoy.com\/?page_id=6121"},"modified":"2025-03-26T06:30:32","modified_gmt":"2025-03-26T06:30:32","slug":"thunderball","status":"publish","type":"page","link":"https:\/\/lottohoy.com\/pt-pt\/jogar\/thunderball\/","title":{"rendered":"Jogar Thunderball"},"content":{"rendered":"<h2>Jogar Thunderball online<\/h2>\n<p>Thunderball \u00e9 uma loteria at\u00edpica com um pr\u00e9mio fixo de \u00a3500.000 para cada um dos principais vencedores, que \u00e9 gerida pela The National Lottery atrav\u00e9s de Camelot. Para jogar na loteria Thunderball online pode utilizar uma plataforma de lotaria online como a nossa, que proporciona toda a comodidade do lar e a fiabilidade dos dados e transac\u00e7\u00f5es encriptados para seguran\u00e7a. Como na grande maioria das loterias \u00e9 exigido que a pessoa que joga seja maior de idade, a fim de reclamar os pr\u00e9mios, se for esse o caso. Uma vez que acede \u00e0 p\u00e1gina do jogo Thunderball atrav\u00e9s da nossa plataforma, aparece um modelo com v\u00e1rias colunas onde pode fazer as suas apostas, tamb\u00e9m lhes chamamos linhas de jogo. Cada coluna ou linha corresponder\u00e1 a uma aposta. Estas colunas iniciais podem ser ampliadas clicando na caixa MAIS LINHAS, e aparecem outras colunas onde pode fazer mais apostas na mesma jogada. Isto pode ser repetido tantas vezes quantas o n\u00famero de colunas ou linhas que se quiser apostar. Para colocar uma aposta numa coluna, 5 das 39 caixas da primeira caixa devem ser marcadas mais um n\u00famero de c\u00edrculos numerados entre 1 e 14 A aposta pode ser feita de duas maneiras, manualmente, ou seja, marcando directamente a caixa de cada n\u00famero que deseja que fa\u00e7a parte da sua combina\u00e7\u00e3o de apostas. Ou, se desejar, pode deixar o pr\u00f3prio sistema escolher ao acaso a combina\u00e7\u00e3o de apostas, passando o cursor sobre o topo da coluna onde aparecer\u00e1 uma caixa que diz &#8220;selec\u00e7\u00e3o r\u00e1pida&#8221; e clicando na caixa No caso da aposta ser atribu\u00edda, o montante do pr\u00e9mio \u00e9 automaticamente creditado na conta do utilizador.<\/p>\n<h2>Quando \u00e9 que o Thunderball \u00e9 sorteado?<\/h2>\n<p>Originalmente havia apenas um sorteio aos s\u00e1bados, agora o Thunderball \u00e9 sorteado todas as ter\u00e7as, quartas, sextas e s\u00e1bados \u00e0s 20:00 h. GMT A admiss\u00e3o de bilhetes online atrav\u00e9s da nossa plataforma, fecha aproximadamente 2 horas antes da hora oficial do sorteio e reabre novamente no final do sorteio, para validar os bilhetes para o pr\u00f3ximo sorteio.<\/p>\n<h2>Quais s\u00e3o as vantagens de comprar o Thunderball online?<\/h2>\n<p>Comprar o Thunderball online, atrav\u00e9s da nossa plataforma, permite aos jogadores de todo o mundo comprar os seus bilhetes, independentemente do pa\u00eds onde vivem e de qualquer situa\u00e7\u00e3o, com uma simples liga\u00e7\u00e3o \u00e0 Internet e atrav\u00e9s de qualquer dispositivo, tablet, telem\u00f3vel ou PC Entre muitas outras, estas s\u00e3o algumas das principais vantagens de jogar atrav\u00e9s do LottoHoy: &#8211; Seguran\u00e7a em todas as transac\u00e7\u00f5es financeiras e de dados &#8211; Acesso 24\/7 todos os dias do ano para as suas compras e apostas. &#8211; Compre os seus bilhetes em qualquer parte do mundo, sem filas ou viagens e a qualquer hora do dia ou da noite &#8211; Com a compra on-line, perda ou extravio \u00e9 evitado, o bilhete permanece sempre em guarda reflectido na conta do utilizador, e o bilhete oficial na c\u00e2mara de seguran\u00e7a. &#8211; Os pr\u00e9mios ganhos s\u00e3o imediatamente depositados na conta do utilizador, e dispon\u00edveis a partir do primeiro momento. Ap\u00f3s a celebra\u00e7\u00e3o do sorteio e uma vez publicados os resultados oficiais, os montantes dos pr\u00e9mios ganhos, s\u00e3o inscritos na conta de utilizador. &#8211; Ser informado sobre os jackpots acumulados e os sorteios extraordin\u00e1rios.<\/p>\n","protected":false},"excerpt":{"rendered":"<p>Jogar Thunderball online Thunderball \u00e9 uma loteria at\u00edpica com um pr\u00e9mio fixo de \u00a3500.000 para cada um dos principais vencedores, que \u00e9 gerida pela The National Lottery atrav\u00e9s de Camelot. Para jogar na loteria Thunderball online pode utilizar uma plataforma de lotaria online como a nossa, que proporciona toda a comodidade do lar e a [&hellip;]<\/p>\n","protected":false},"author":2,"featured_media":0,"parent":3904,"menu_order":10,"comment_status":"closed","ping_status":"closed","template":"thunderball.php","meta":{"_et_pb_use_builder":"","_et_pb_old_content":"","_et_gb_content_width":"","exclude_from_search":false,"footnotes":""},"class_list":["post-6121","page","type-page","status-publish","hentry"],"yoast_head":"<!-- This site is optimized with the Yoast SEO plugin v23.7 - https:\/\/yoast.com\/wordpress\/plugins\/seo\/ -->\n<title>Apostas na lotaria Thunderball online - Lottohoy.com<\/title>\n<meta name=\"description\" content=\"Jogar nesta lotaria online facilita o acesso de muitos jogadores aos seus pr\u00e9mios fixos em todas as categorias\" \/>\n<meta name=\"robots\" content=\"index, follow, max-snippet:-1, max-image-preview:large, max-video-preview:-1\" \/>\n<link rel=\"canonical\" href=\"https:\/\/lottohoy.com\/pt-pt\/jogar\/thunderball\/\" \/>\n<meta property=\"og:locale\" content=\"pt_PT\" \/>\n<meta property=\"og:type\" content=\"article\" \/>\n<meta property=\"og:title\" content=\"Apostas na lotaria Thunderball online - Lottohoy.com\" \/>\n<meta property=\"og:description\" content=\"Jogar nesta lotaria online facilita o acesso de muitos jogadores aos seus pr\u00e9mios fixos em todas as categorias\" \/>\n<meta property=\"og:url\" content=\"https:\/\/lottohoy.com\/pt-pt\/jogar\/thunderball\/\" \/>\n<meta property=\"og:site_name\" content=\"Lottohoy\" \/>\n<meta property=\"article:modified_time\" content=\"2025-03-26T06:30:32+00:00\" \/>\n<meta name=\"twitter:card\" content=\"summary_large_image\" \/>\n<meta name=\"twitter:label1\" content=\"Est. reading time\" \/>\n\t<meta name=\"twitter:data1\" content=\"3 minutes\" \/>\n<script type=\"application\/ld+json\" class=\"yoast-schema-graph\">{\"@context\":\"https:\/\/schema.org\",\"@graph\":[{\"@type\":\"WebPage\",\"@id\":\"https:\/\/lottohoy.com\/pt-pt\/jogar\/thunderball\/\",\"url\":\"https:\/\/lottohoy.com\/pt-pt\/jogar\/thunderball\/\",\"name\":\"Apostas na lotaria Thunderball online - Lottohoy.com\",\"isPartOf\":{\"@id\":\"https:\/\/lottohoy.com\/pt-pt\/#website\"},\"datePublished\":\"2020-08-10T16:39:45+00:00\",\"dateModified\":\"2025-03-26T06:30:32+00:00\",\"description\":\"Jogar nesta lotaria online facilita o acesso de muitos jogadores aos seus pr\u00e9mios fixos em todas as categorias\",\"breadcrumb\":{\"@id\":\"https:\/\/lottohoy.com\/pt-pt\/jogar\/thunderball\/#breadcrumb\"},\"inLanguage\":\"pt-ts\",\"potentialAction\":[{\"@type\":\"ReadAction\",\"target\":[\"https:\/\/lottohoy.com\/pt-pt\/jogar\/thunderball\/\"]}]},{\"@type\":\"BreadcrumbList\",\"@id\":\"https:\/\/lottohoy.com\/pt-pt\/jogar\/thunderball\/#breadcrumb\",\"itemListElement\":[{\"@type\":\"ListItem\",\"position\":1,\"name\":\"Home\",\"item\":\"https:\/\/lottohoy.com\/pt-pt\/\"},{\"@type\":\"ListItem\",\"position\":2,\"name\":\"Compre bilhetes de loteria online\",\"item\":\"https:\/\/lottohoy.com\/pt-pt\/jogar\/\"},{\"@type\":\"ListItem\",\"position\":3,\"name\":\"Jogar Thunderball\"}]},{\"@type\":\"WebSite\",\"@id\":\"https:\/\/lottohoy.com\/pt-pt\/#website\",\"url\":\"https:\/\/lottohoy.com\/pt-pt\/\",\"name\":\"Lottohoy\",\"description\":\"\",\"potentialAction\":[{\"@type\":\"SearchAction\",\"target\":{\"@type\":\"EntryPoint\",\"urlTemplate\":\"https:\/\/lottohoy.com\/pt-pt\/?s={search_term_string}\"},\"query-input\":{\"@type\":\"PropertyValueSpecification\",\"valueRequired\":true,\"valueName\":\"search_term_string\"}}],\"inLanguage\":\"pt-ts\"}]}<\/script>\n<!-- \/ Yoast SEO plugin. -->","yoast_head_json":{"title":"Apostas na lotaria Thunderball online - Lottohoy.com","description":"Jogar nesta lotaria online facilita o acesso de muitos jogadores aos seus pr\u00e9mios fixos em todas as categorias","robots":{"index":"index","follow":"follow","max-snippet":"max-snippet:-1","max-image-preview":"max-image-preview:large","max-video-preview":"max-video-preview:-1"},"canonical":"https:\/\/lottohoy.com\/pt-pt\/jogar\/thunderball\/","og_locale":"pt_PT","og_type":"article","og_title":"Apostas na lotaria Thunderball online - Lottohoy.com","og_description":"Jogar nesta lotaria online facilita o acesso de muitos jogadores aos seus pr\u00e9mios fixos em todas as categorias","og_url":"https:\/\/lottohoy.com\/pt-pt\/jogar\/thunderball\/","og_site_name":"Lottohoy","article_modified_time":"2025-03-26T06:30:32+00:00","twitter_card":"summary_large_image","twitter_misc":{"Est. reading time":"3 minutes"},"schema":{"@context":"https:\/\/schema.org","@graph":[{"@type":"WebPage","@id":"https:\/\/lottohoy.com\/pt-pt\/jogar\/thunderball\/","url":"https:\/\/lottohoy.com\/pt-pt\/jogar\/thunderball\/","name":"Apostas na lotaria Thunderball online - Lottohoy.com","isPartOf":{"@id":"https:\/\/lottohoy.com\/pt-pt\/#website"},"datePublished":"2020-08-10T16:39:45+00:00","dateModified":"2025-03-26T06:30:32+00:00","description":"Jogar nesta lotaria online facilita o acesso de muitos jogadores aos seus pr\u00e9mios fixos em todas as categorias","breadcrumb":{"@id":"https:\/\/lottohoy.com\/pt-pt\/jogar\/thunderball\/#breadcrumb"},"inLanguage":"pt-ts","potentialAction":[{"@type":"ReadAction","target":["https:\/\/lottohoy.com\/pt-pt\/jogar\/thunderball\/"]}]},{"@type":"BreadcrumbList","@id":"https:\/\/lottohoy.com\/pt-pt\/jogar\/thunderball\/#breadcrumb","itemListElement":[{"@type":"ListItem","position":1,"name":"Home","item":"https:\/\/lottohoy.com\/pt-pt\/"},{"@type":"ListItem","position":2,"name":"Compre bilhetes de loteria online","item":"https:\/\/lottohoy.com\/pt-pt\/jogar\/"},{"@type":"ListItem","position":3,"name":"Jogar Thunderball"}]},{"@type":"WebSite","@id":"https:\/\/lottohoy.com\/pt-pt\/#website","url":"https:\/\/lottohoy.com\/pt-pt\/","name":"Lottohoy","description":"","potentialAction":[{"@type":"SearchAction","target":{"@type":"EntryPoint","urlTemplate":"https:\/\/lottohoy.com\/pt-pt\/?s={search_term_string}"},"query-input":{"@type":"PropertyValueSpecification","valueRequired":true,"valueName":"search_term_string"}}],"inLanguage":"pt-ts"}]}},"_links":{"self":[{"href":"https:\/\/lottohoy.com\/pt-pt\/wp-json\/wp\/v2\/pages\/6121","targetHints":{"allow":["GET"]}}],"collection":[{"href":"https:\/\/lottohoy.com\/pt-pt\/wp-json\/wp\/v2\/pages"}],"about":[{"href":"https:\/\/lottohoy.com\/pt-pt\/wp-json\/wp\/v2\/types\/page"}],"author":[{"embeddable":true,"href":"https:\/\/lottohoy.com\/pt-pt\/wp-json\/wp\/v2\/users\/2"}],"replies":[{"embeddable":true,"href":"https:\/\/lottohoy.com\/pt-pt\/wp-json\/wp\/v2\/comments?post=6121"}],"version-history":[{"count":2,"href":"https:\/\/lottohoy.com\/pt-pt\/wp-json\/wp\/v2\/pages\/6121\/revisions"}],"predecessor-version":[{"id":17047,"href":"https:\/\/lottohoy.com\/pt-pt\/wp-json\/wp\/v2\/pages\/6121\/revisions\/17047"}],"up":[{"embeddable":true,"href":"https:\/\/lottohoy.com\/pt-pt\/wp-json\/wp\/v2\/pages\/3904"}],"wp:attachment":[{"href":"https:\/\/lottohoy.com\/pt-pt\/wp-json\/wp\/v2\/media?parent=6121"}],"curies":[{"name":"wp","href":"https:\/\/api.w.org\/{rel}","templated":true}]}}