{"id":6113,"date":"2020-08-10T17:42:35","date_gmt":"2020-08-10T16:42:35","guid":{"rendered":"https:\/\/www.lottohoy.com\/?page_id=6113"},"modified":"2025-03-25T13:19:14","modified_gmt":"2025-03-25T13:19:14","slug":"thunderball","status":"publish","type":"page","link":"https:\/\/lottohoy.com\/pt-pt\/lotarias\/thunderball\/","title":{"rendered":"Informa\u00e7\u00e3o Thunderball"},"content":{"rendered":"<p><!--more--><\/p>\n<h2>Informa\u00e7\u00e3o sobre a loteria Thunderball<\/h2>\n<p>Actualmente, os sorteios de Thunderball s\u00e3o realizados quatro vezes por semana (ter\u00e7as, quartas, sextas e s\u00e1bados). O primeiro sorteio Thunderball foi realizado em Junho de 1999.<\/p>\n<p>Inicialmente, havia apenas um sorteio por semana aos s\u00e1bados, e mais tarde o sorteio de quarta-feira foi inclu\u00eddo.<\/p>\n<p>At\u00e9 Maio de 2010, a combina\u00e7\u00e3o foi sorteada entre os n\u00fameros 1 e 34, o pr\u00e9mio para a primeira categoria era de \u00a3250.000, e n\u00e3o havia uma nona categoria de pr\u00e9mios, uma vez que agora h\u00e1 uma \u00fanica partida de Thunderball.<\/p>\n<p>Ap\u00f3s esta data, o sorteio de sexta-feira foi tamb\u00e9m introduzido, juntamente com os sorteios de quarta-feira e s\u00e1bado, enquanto o sorteio de ter\u00e7a-feira foi acrescentado em Janeiro de 2018.<\/p>\n<p>Estas mudan\u00e7as resultaram num aumento do pr\u00e9mio m\u00e1ximo para as actuais \u00a3500.000, enquanto os restantes pr\u00e9mios foram quase reduzidos para metade.<\/p>\n<h2>Vantagens de jogar Thunderball online<\/h2>\n<p>&#8211; Uma das grandes vantagens de jogar Thunderball \u00e9 a conveni\u00eancia de poder jogar a qualquer hora do dia ou da noite, 24\/7, 365 dias por ano. Simplesmente por ter um dispositivo m\u00f3vel, tablet ou computador de secret\u00e1ria, e de qualquer parte do mundo.<br \/>\n&#8211; N\u00e3o residentes no Reino Unido, atrav\u00e9s de plataformas online como a LottoHoy.com t\u00eam uma oportunidade real de aceder a esta suculenta lotaria com pr\u00e9mios fixos para cada categoria, independentemente da quantidade de dinheiro angariado.<br \/>\n&#8211; O bilhete \u00e9 comprado directamente ao estabelecimento autorizado e, portanto, a participa\u00e7\u00e3o \u00e9 real.<br \/>\n&#8211; Os pr\u00e9mios ganhos s\u00e3o inscritos imediatamente, at\u00e9 aos 2500 euros, ap\u00f3s a publica\u00e7\u00e3o dos resultados oficiais<br \/>\n&#8211; Existe tamb\u00e9m um banco de informa\u00e7\u00f5es de todas as opera\u00e7\u00f5es realizadas, a cust\u00f3dia dos bilhetes comprados, evitando assim poss\u00edveis perdas ou esquecimento.<br \/>\n&#8211; Informa\u00e7\u00e3o atempada sobre todos os barcos \u00e0 medida que se acumulam, para que a oportunidade de participar neles n\u00e3o seja perdida.<br \/>\n&#8211; Uma grande variedade de m\u00e9todos de pagamento, dep\u00f3sitos e levantamentos.<\/p>\n<h2>Probabilidade de ganhar um pr\u00e9mio em Thunderball<\/h2>\n<p>Ver a tabela abaixo para a quantidade m\u00e9dia de dinheiro que pode ser ganho em cada uma das categorias, mais a probabilidade estat\u00edstica de ganhar o jackpot ou qualquer outro pr\u00e9mio nas restantes 8 categorias.<\/p>\n<p><!--more--><\/p>\n","protected":false},"excerpt":{"rendered":"","protected":false},"author":2,"featured_media":0,"parent":3820,"menu_order":10,"comment_status":"closed","ping_status":"closed","template":"thunderball-info.php","meta":{"_et_pb_use_builder":"","_et_pb_old_content":"","_et_gb_content_width":"","exclude_from_search":false,"footnotes":""},"class_list":["post-6113","page","type-page","status-publish","hentry"],"yoast_head":"<!-- This site is optimized with the Yoast SEO plugin v23.7 - https:\/\/yoast.com\/wordpress\/plugins\/seo\/ -->\n<title>Todas as informa\u00e7\u00f5es da lotaria Thunderball - LottoHoy.com<\/title>\n<meta name=\"description\" content=\"Pr\u00e9mios fixos estabelecidos para cada uma das categorias Thunderball. Uma boa op\u00e7\u00e3o, conhecendo antecipadamente os poss\u00edveis ganhos.\" \/>\n<meta name=\"robots\" content=\"index, follow, max-snippet:-1, max-image-preview:large, max-video-preview:-1\" \/>\n<link rel=\"canonical\" href=\"https:\/\/lottohoy.com\/pt-pt\/lotarias\/thunderball\/\" \/>\n<meta property=\"og:locale\" content=\"pt_PT\" \/>\n<meta property=\"og:type\" content=\"article\" \/>\n<meta property=\"og:title\" content=\"Todas as informa\u00e7\u00f5es da lotaria Thunderball - LottoHoy.com\" \/>\n<meta property=\"og:description\" content=\"Pr\u00e9mios fixos estabelecidos para cada uma das categorias Thunderball. Uma boa op\u00e7\u00e3o, conhecendo antecipadamente os poss\u00edveis ganhos.\" \/>\n<meta property=\"og:url\" content=\"https:\/\/lottohoy.com\/pt-pt\/lotarias\/thunderball\/\" \/>\n<meta property=\"og:site_name\" content=\"Lottohoy\" \/>\n<meta property=\"article:modified_time\" content=\"2025-03-25T13:19:14+00:00\" \/>\n<meta name=\"twitter:card\" content=\"summary_large_image\" \/>\n<meta name=\"twitter:label1\" content=\"Est. reading time\" \/>\n\t<meta name=\"twitter:data1\" content=\"2 minutes\" \/>\n<script type=\"application\/ld+json\" class=\"yoast-schema-graph\">{\"@context\":\"https:\/\/schema.org\",\"@graph\":[{\"@type\":\"WebPage\",\"@id\":\"https:\/\/lottohoy.com\/pt-pt\/lotarias\/thunderball\/\",\"url\":\"https:\/\/lottohoy.com\/pt-pt\/lotarias\/thunderball\/\",\"name\":\"Todas as informa\u00e7\u00f5es da lotaria Thunderball - LottoHoy.com\",\"isPartOf\":{\"@id\":\"https:\/\/lottohoy.com\/pt-pt\/#website\"},\"datePublished\":\"2020-08-10T16:42:35+00:00\",\"dateModified\":\"2025-03-25T13:19:14+00:00\",\"description\":\"Pr\u00e9mios fixos estabelecidos para cada uma das categorias Thunderball. Uma boa op\u00e7\u00e3o, conhecendo antecipadamente os poss\u00edveis ganhos.\",\"breadcrumb\":{\"@id\":\"https:\/\/lottohoy.com\/pt-pt\/lotarias\/thunderball\/#breadcrumb\"},\"inLanguage\":\"pt-ts\",\"potentialAction\":[{\"@type\":\"ReadAction\",\"target\":[\"https:\/\/lottohoy.com\/pt-pt\/lotarias\/thunderball\/\"]}]},{\"@type\":\"BreadcrumbList\",\"@id\":\"https:\/\/lottohoy.com\/pt-pt\/lotarias\/thunderball\/#breadcrumb\",\"itemListElement\":[{\"@type\":\"ListItem\",\"position\":1,\"name\":\"Home\",\"item\":\"https:\/\/lottohoy.com\/pt-pt\/\"},{\"@type\":\"ListItem\",\"position\":2,\"name\":\"Tudo sobre a loteria online\",\"item\":\"https:\/\/lottohoy.com\/pt-pt\/lotarias\/\"},{\"@type\":\"ListItem\",\"position\":3,\"name\":\"Informa\u00e7\u00e3o Thunderball\"}]},{\"@type\":\"WebSite\",\"@id\":\"https:\/\/lottohoy.com\/pt-pt\/#website\",\"url\":\"https:\/\/lottohoy.com\/pt-pt\/\",\"name\":\"Lottohoy\",\"description\":\"\",\"potentialAction\":[{\"@type\":\"SearchAction\",\"target\":{\"@type\":\"EntryPoint\",\"urlTemplate\":\"https:\/\/lottohoy.com\/pt-pt\/?s={search_term_string}\"},\"query-input\":{\"@type\":\"PropertyValueSpecification\",\"valueRequired\":true,\"valueName\":\"search_term_string\"}}],\"inLanguage\":\"pt-ts\"}]}<\/script>\n<!-- \/ Yoast SEO plugin. -->","yoast_head_json":{"title":"Todas as informa\u00e7\u00f5es da lotaria Thunderball - LottoHoy.com","description":"Pr\u00e9mios fixos estabelecidos para cada uma das categorias Thunderball. Uma boa op\u00e7\u00e3o, conhecendo antecipadamente os poss\u00edveis ganhos.","robots":{"index":"index","follow":"follow","max-snippet":"max-snippet:-1","max-image-preview":"max-image-preview:large","max-video-preview":"max-video-preview:-1"},"canonical":"https:\/\/lottohoy.com\/pt-pt\/lotarias\/thunderball\/","og_locale":"pt_PT","og_type":"article","og_title":"Todas as informa\u00e7\u00f5es da lotaria Thunderball - LottoHoy.com","og_description":"Pr\u00e9mios fixos estabelecidos para cada uma das categorias Thunderball. Uma boa op\u00e7\u00e3o, conhecendo antecipadamente os poss\u00edveis ganhos.","og_url":"https:\/\/lottohoy.com\/pt-pt\/lotarias\/thunderball\/","og_site_name":"Lottohoy","article_modified_time":"2025-03-25T13:19:14+00:00","twitter_card":"summary_large_image","twitter_misc":{"Est. reading time":"2 minutes"},"schema":{"@context":"https:\/\/schema.org","@graph":[{"@type":"WebPage","@id":"https:\/\/lottohoy.com\/pt-pt\/lotarias\/thunderball\/","url":"https:\/\/lottohoy.com\/pt-pt\/lotarias\/thunderball\/","name":"Todas as informa\u00e7\u00f5es da lotaria Thunderball - LottoHoy.com","isPartOf":{"@id":"https:\/\/lottohoy.com\/pt-pt\/#website"},"datePublished":"2020-08-10T16:42:35+00:00","dateModified":"2025-03-25T13:19:14+00:00","description":"Pr\u00e9mios fixos estabelecidos para cada uma das categorias Thunderball. Uma boa op\u00e7\u00e3o, conhecendo antecipadamente os poss\u00edveis ganhos.","breadcrumb":{"@id":"https:\/\/lottohoy.com\/pt-pt\/lotarias\/thunderball\/#breadcrumb"},"inLanguage":"pt-ts","potentialAction":[{"@type":"ReadAction","target":["https:\/\/lottohoy.com\/pt-pt\/lotarias\/thunderball\/"]}]},{"@type":"BreadcrumbList","@id":"https:\/\/lottohoy.com\/pt-pt\/lotarias\/thunderball\/#breadcrumb","itemListElement":[{"@type":"ListItem","position":1,"name":"Home","item":"https:\/\/lottohoy.com\/pt-pt\/"},{"@type":"ListItem","position":2,"name":"Tudo sobre a loteria online","item":"https:\/\/lottohoy.com\/pt-pt\/lotarias\/"},{"@type":"ListItem","position":3,"name":"Informa\u00e7\u00e3o Thunderball"}]},{"@type":"WebSite","@id":"https:\/\/lottohoy.com\/pt-pt\/#website","url":"https:\/\/lottohoy.com\/pt-pt\/","name":"Lottohoy","description":"","potentialAction":[{"@type":"SearchAction","target":{"@type":"EntryPoint","urlTemplate":"https:\/\/lottohoy.com\/pt-pt\/?s={search_term_string}"},"query-input":{"@type":"PropertyValueSpecification","valueRequired":true,"valueName":"search_term_string"}}],"inLanguage":"pt-ts"}]}},"_links":{"self":[{"href":"https:\/\/lottohoy.com\/pt-pt\/wp-json\/wp\/v2\/pages\/6113","targetHints":{"allow":["GET"]}}],"collection":[{"href":"https:\/\/lottohoy.com\/pt-pt\/wp-json\/wp\/v2\/pages"}],"about":[{"href":"https:\/\/lottohoy.com\/pt-pt\/wp-json\/wp\/v2\/types\/page"}],"author":[{"embeddable":true,"href":"https:\/\/lottohoy.com\/pt-pt\/wp-json\/wp\/v2\/users\/2"}],"replies":[{"embeddable":true,"href":"https:\/\/lottohoy.com\/pt-pt\/wp-json\/wp\/v2\/comments?post=6113"}],"version-history":[{"count":1,"href":"https:\/\/lottohoy.com\/pt-pt\/wp-json\/wp\/v2\/pages\/6113\/revisions"}],"predecessor-version":[{"id":10925,"href":"https:\/\/lottohoy.com\/pt-pt\/wp-json\/wp\/v2\/pages\/6113\/revisions\/10925"}],"up":[{"embeddable":true,"href":"https:\/\/lottohoy.com\/pt-pt\/wp-json\/wp\/v2\/pages\/3820"}],"wp:attachment":[{"href":"https:\/\/lottohoy.com\/pt-pt\/wp-json\/wp\/v2\/media?parent=6113"}],"curies":[{"name":"wp","href":"https:\/\/api.w.org\/{rel}","templated":true}]}}