{"id":6104,"date":"2020-08-10T17:41:07","date_gmt":"2020-08-10T16:41:07","guid":{"rendered":"https:\/\/www.lottohoy.com\/?page_id=6104"},"modified":"2025-03-26T04:55:55","modified_gmt":"2025-03-26T04:55:55","slug":"thunderball","status":"publish","type":"page","link":"https:\/\/lottohoy.com\/pt-pt\/resultados\/thunderball\/","title":{"rendered":"Resultados Thunderball"},"content":{"rendered":"<h2><!--more--><\/h2>\n<h2>Como verificar os resultados do Thunderball?<\/h2>\n<p>Para ver a combina\u00e7\u00e3o vencedora dos sorteios da loteria Thunderball, basta comparar os n\u00fameros da combina\u00e7\u00e3o no seu bilhete com o resultado mostrado nesta p\u00e1gina.<\/p>\n<p>Pode tamb\u00e9m aceder \u00e0 conta de utilizador, onde todos os movimentos ser\u00e3o reflectidos, incluindo os pr\u00e9mios obtidos<\/p>\n<p>Nesta mesma p\u00e1gina, pode tamb\u00e9m consultar os acumulados, os vencedores e os pr\u00e9mios em cada uma das categorias e os sorteios anteriores at\u00e9 aos 24 meses de idade.<\/p>\n<h2>Como s\u00e3o distribu\u00eddos os pr\u00e9mios no Thunderball?<\/h2>\n<p>O Thunderball \u00e9 uma loteria que distribui at\u00e9 9 categorias de pr\u00e9mios, por isso, apenas ao igualar o n\u00famero complementar do Thunderball obt\u00e9m um pr\u00e9mio, com uma hip\u00f3tese de 36.<\/p>\n<p>Se for um utilizador registado, os pr\u00e9mios obtidos s\u00e3o depositados directamente na sua conta de utilizador, e pode ter dinheiro no seu saldo, para que possa jogar novamente ou solicitar um levantamento, se assim o desejar<\/p>\n<h2>O pr\u00e9mio m\u00e1ximo do Thunderball<\/h2>\n<p>\u00c9 estabelecido um pr\u00e9mio fixo de \u00a3500.000 para cada um dos vencedores da primeira categoria.<\/p>\n<p>Se n\u00e3o houver vencedores da primeira categoria, o pr\u00e9mio n\u00e3o ser\u00e1 acumulado, pois ser\u00e1 sempre o mesmo montante que as 500.000 libras esterlinas.<\/p>\n<p>As outras categorias t\u00eam tamb\u00e9m um pr\u00e9mio fixo para cada um dos vencedores dessa categoria<\/p>\n<h2>Quais s\u00e3o as probabilidades de ganhar um pr\u00e9mio?<\/h2>\n<p>As probabilidades de ganhar o jackpot s\u00e3o de 1 em 8.060.598.<\/p>\n<p>Enquanto as probabilidades de ganhar qualquer pr\u00e9mio s\u00e3o de 1 em 13.<\/p>\n","protected":false},"excerpt":{"rendered":"","protected":false},"author":2,"featured_media":0,"parent":3855,"menu_order":10,"comment_status":"closed","ping_status":"closed","template":"thunderball-results.php","meta":{"_et_pb_use_builder":"","_et_pb_old_content":"","_et_gb_content_width":"","exclude_from_search":false,"footnotes":""},"class_list":["post-6104","page","type-page","status-publish","hentry"],"yoast_head":"<!-- This site is optimized with the Yoast SEO plugin v23.7 - https:\/\/yoast.com\/wordpress\/plugins\/seo\/ -->\n<title>Verificar os resultados do sorteio do Thunderball - LottoHoy.com<\/title>\n<meta name=\"description\" content=\"Veja os resultados do Thunderball deste \u00faltimo sorteio, e tamb\u00e9m dos anteriores para ver se teve sorte e se \u00e9 um vencedor do pr\u00e9mio\" \/>\n<meta name=\"robots\" content=\"index, follow, max-snippet:-1, max-image-preview:large, max-video-preview:-1\" \/>\n<link rel=\"canonical\" href=\"https:\/\/lottohoy.com\/pt-pt\/resultados\/thunderball\/\" \/>\n<meta property=\"og:locale\" content=\"pt_PT\" \/>\n<meta property=\"og:type\" content=\"article\" \/>\n<meta property=\"og:title\" content=\"Verificar os resultados do sorteio do Thunderball - LottoHoy.com\" \/>\n<meta property=\"og:description\" content=\"Veja os resultados do Thunderball deste \u00faltimo sorteio, e tamb\u00e9m dos anteriores para ver se teve sorte e se \u00e9 um vencedor do pr\u00e9mio\" \/>\n<meta property=\"og:url\" content=\"https:\/\/lottohoy.com\/pt-pt\/resultados\/thunderball\/\" \/>\n<meta property=\"og:site_name\" content=\"Lottohoy\" \/>\n<meta property=\"article:modified_time\" content=\"2025-03-26T04:55:55+00:00\" \/>\n<meta name=\"twitter:card\" content=\"summary_large_image\" \/>\n<meta name=\"twitter:label1\" content=\"Est. reading time\" \/>\n\t<meta name=\"twitter:data1\" content=\"2 minutes\" \/>\n<script type=\"application\/ld+json\" class=\"yoast-schema-graph\">{\"@context\":\"https:\/\/schema.org\",\"@graph\":[{\"@type\":\"WebPage\",\"@id\":\"https:\/\/lottohoy.com\/pt-pt\/resultados\/thunderball\/\",\"url\":\"https:\/\/lottohoy.com\/pt-pt\/resultados\/thunderball\/\",\"name\":\"Verificar os resultados do sorteio do Thunderball - LottoHoy.com\",\"isPartOf\":{\"@id\":\"https:\/\/lottohoy.com\/pt-pt\/#website\"},\"datePublished\":\"2020-08-10T16:41:07+00:00\",\"dateModified\":\"2025-03-26T04:55:55+00:00\",\"description\":\"Veja os resultados do Thunderball deste \u00faltimo sorteio, e tamb\u00e9m dos anteriores para ver se teve sorte e se \u00e9 um vencedor do pr\u00e9mio\",\"breadcrumb\":{\"@id\":\"https:\/\/lottohoy.com\/pt-pt\/resultados\/thunderball\/#breadcrumb\"},\"inLanguage\":\"pt-ts\",\"potentialAction\":[{\"@type\":\"ReadAction\",\"target\":[\"https:\/\/lottohoy.com\/pt-pt\/resultados\/thunderball\/\"]}]},{\"@type\":\"BreadcrumbList\",\"@id\":\"https:\/\/lottohoy.com\/pt-pt\/resultados\/thunderball\/#breadcrumb\",\"itemListElement\":[{\"@type\":\"ListItem\",\"position\":1,\"name\":\"Home\",\"item\":\"https:\/\/lottohoy.com\/pt-pt\/\"},{\"@type\":\"ListItem\",\"position\":2,\"name\":\"Resultados da Lotaria Online\",\"item\":\"https:\/\/lottohoy.com\/pt-pt\/resultados\/\"},{\"@type\":\"ListItem\",\"position\":3,\"name\":\"Resultados Thunderball\"}]},{\"@type\":\"WebSite\",\"@id\":\"https:\/\/lottohoy.com\/pt-pt\/#website\",\"url\":\"https:\/\/lottohoy.com\/pt-pt\/\",\"name\":\"Lottohoy\",\"description\":\"\",\"potentialAction\":[{\"@type\":\"SearchAction\",\"target\":{\"@type\":\"EntryPoint\",\"urlTemplate\":\"https:\/\/lottohoy.com\/pt-pt\/?s={search_term_string}\"},\"query-input\":{\"@type\":\"PropertyValueSpecification\",\"valueRequired\":true,\"valueName\":\"search_term_string\"}}],\"inLanguage\":\"pt-ts\"}]}<\/script>\n<!-- \/ Yoast SEO plugin. -->","yoast_head_json":{"title":"Verificar os resultados do sorteio do Thunderball - LottoHoy.com","description":"Veja os resultados do Thunderball deste \u00faltimo sorteio, e tamb\u00e9m dos anteriores para ver se teve sorte e se \u00e9 um vencedor do pr\u00e9mio","robots":{"index":"index","follow":"follow","max-snippet":"max-snippet:-1","max-image-preview":"max-image-preview:large","max-video-preview":"max-video-preview:-1"},"canonical":"https:\/\/lottohoy.com\/pt-pt\/resultados\/thunderball\/","og_locale":"pt_PT","og_type":"article","og_title":"Verificar os resultados do sorteio do Thunderball - LottoHoy.com","og_description":"Veja os resultados do Thunderball deste \u00faltimo sorteio, e tamb\u00e9m dos anteriores para ver se teve sorte e se \u00e9 um vencedor do pr\u00e9mio","og_url":"https:\/\/lottohoy.com\/pt-pt\/resultados\/thunderball\/","og_site_name":"Lottohoy","article_modified_time":"2025-03-26T04:55:55+00:00","twitter_card":"summary_large_image","twitter_misc":{"Est. reading time":"2 minutes"},"schema":{"@context":"https:\/\/schema.org","@graph":[{"@type":"WebPage","@id":"https:\/\/lottohoy.com\/pt-pt\/resultados\/thunderball\/","url":"https:\/\/lottohoy.com\/pt-pt\/resultados\/thunderball\/","name":"Verificar os resultados do sorteio do Thunderball - LottoHoy.com","isPartOf":{"@id":"https:\/\/lottohoy.com\/pt-pt\/#website"},"datePublished":"2020-08-10T16:41:07+00:00","dateModified":"2025-03-26T04:55:55+00:00","description":"Veja os resultados do Thunderball deste \u00faltimo sorteio, e tamb\u00e9m dos anteriores para ver se teve sorte e se \u00e9 um vencedor do pr\u00e9mio","breadcrumb":{"@id":"https:\/\/lottohoy.com\/pt-pt\/resultados\/thunderball\/#breadcrumb"},"inLanguage":"pt-ts","potentialAction":[{"@type":"ReadAction","target":["https:\/\/lottohoy.com\/pt-pt\/resultados\/thunderball\/"]}]},{"@type":"BreadcrumbList","@id":"https:\/\/lottohoy.com\/pt-pt\/resultados\/thunderball\/#breadcrumb","itemListElement":[{"@type":"ListItem","position":1,"name":"Home","item":"https:\/\/lottohoy.com\/pt-pt\/"},{"@type":"ListItem","position":2,"name":"Resultados da Lotaria Online","item":"https:\/\/lottohoy.com\/pt-pt\/resultados\/"},{"@type":"ListItem","position":3,"name":"Resultados Thunderball"}]},{"@type":"WebSite","@id":"https:\/\/lottohoy.com\/pt-pt\/#website","url":"https:\/\/lottohoy.com\/pt-pt\/","name":"Lottohoy","description":"","potentialAction":[{"@type":"SearchAction","target":{"@type":"EntryPoint","urlTemplate":"https:\/\/lottohoy.com\/pt-pt\/?s={search_term_string}"},"query-input":{"@type":"PropertyValueSpecification","valueRequired":true,"valueName":"search_term_string"}}],"inLanguage":"pt-ts"}]}},"_links":{"self":[{"href":"https:\/\/lottohoy.com\/pt-pt\/wp-json\/wp\/v2\/pages\/6104","targetHints":{"allow":["GET"]}}],"collection":[{"href":"https:\/\/lottohoy.com\/pt-pt\/wp-json\/wp\/v2\/pages"}],"about":[{"href":"https:\/\/lottohoy.com\/pt-pt\/wp-json\/wp\/v2\/types\/page"}],"author":[{"embeddable":true,"href":"https:\/\/lottohoy.com\/pt-pt\/wp-json\/wp\/v2\/users\/2"}],"replies":[{"embeddable":true,"href":"https:\/\/lottohoy.com\/pt-pt\/wp-json\/wp\/v2\/comments?post=6104"}],"version-history":[{"count":1,"href":"https:\/\/lottohoy.com\/pt-pt\/wp-json\/wp\/v2\/pages\/6104\/revisions"}],"predecessor-version":[{"id":10924,"href":"https:\/\/lottohoy.com\/pt-pt\/wp-json\/wp\/v2\/pages\/6104\/revisions\/10924"}],"up":[{"embeddable":true,"href":"https:\/\/lottohoy.com\/pt-pt\/wp-json\/wp\/v2\/pages\/3855"}],"wp:attachment":[{"href":"https:\/\/lottohoy.com\/pt-pt\/wp-json\/wp\/v2\/media?parent=6104"}],"curies":[{"name":"wp","href":"https:\/\/api.w.org\/{rel}","templated":true}]}}