{"id":6087,"date":"2020-08-10T17:04:41","date_gmt":"2020-08-10T16:04:41","guid":{"rendered":"https:\/\/www.lottohoy.com\/?page_id=6087"},"modified":"2025-02-11T16:46:38","modified_gmt":"2025-02-11T16:46:38","slug":"set-for-life-uk","status":"publish","type":"page","link":"https:\/\/lottohoy.com\/pt-pt\/jogar\/set-for-life-uk\/","title":{"rendered":"Apostar a Set for Life (UK)"},"content":{"rendered":"<h2>Apostar a Set for Life (UK)<\/h2>\n<p>Set for Life \u00e9 uma loteria da The National Lottery, operada por Camelot e que oferece a oportunidade de ganhar \u00a310,000 por m\u00eas durante 30 anos aos melhores jogadores.<\/p>\n<p>No entanto, para os jogadores n\u00e3o brit\u00e2nicos, Camelot fornecer\u00e1 uma alternativa total em dinheiro equivalente ao que teria de pagar em anuidades ou o montante acumulado para esse sorteio na sua primeira categoria.<\/p>\n<p>A forma de jogar \u00e9 muito simples, os jogadores devem seleccionar a partir de uma mesa composta por 47 caixas, numeradas de 1 a 47, os 5 n\u00fameros da combina\u00e7\u00e3o principal, mais um n\u00famero de b\u00f3nus especial conhecido como Bola Viva a partir de uma lista numerada de 1 a 10<\/p>\n<h2>Como jogar o Set for Life (UK) online?<\/h2>\n<p>Jogar online o Playing Set for Life (UK) \u00e9 realmente f\u00e1cil, basta criar uma conta de utilizador no LottoHoy para poder aceder a toda a informa\u00e7\u00e3o sobre cobran\u00e7as, pagamentos, subscri\u00e7\u00f5es, bilhetes comprados, estat\u00edsticas, etc&#8230;<\/p>\n<p>Na p\u00e1gina de jogo, existem cinco colunas de apostas (tamb\u00e9m chamadas linhas), cada uma das 5 colunas tem caixas numeradas de 1 a 47 como n\u00fameros principais, e escolhe outro n\u00famero na parte inferior da coluna com os c\u00edrculos numerados de 1 a 10) e pode preencher tantas colunas ou linhas de apostas quantas desejar.<\/p>\n<p>Clicando na caixa &#8220;mais linhas&#8221; aparecem mais cinco colunas e assim sucessivamente at\u00e9 que se queira. Cada coluna refere-se a uma aposta \u00fanica cujo pre\u00e7o \u00e9 4 Euros, dependendo da taxa de c\u00e2mbio com a libra esterlina<\/p>\n<p>O sistema permite preencher estas caixas manualmente ou atrav\u00e9s da caixa de selec\u00e7\u00e3o r\u00e1pida, que aparece por cima de cada tabuleiro, deixando o pr\u00f3prio sistema de forma aleat\u00f3ria escolher a combina\u00e7\u00e3o da nossa aposta.<br \/>\nUma vez feita a selec\u00e7\u00e3o dos n\u00fameros numa ou mais colunas, v\u00e1 para a caixa CONTINUAR, e proceda ao pagamento dos mesmos. \u00c9 assim t\u00e3o simples.<\/p>\n<h2>Que pr\u00e9mios \u00e9 que o Set for Life (UK) concede?<\/h2>\n<p>Set for Life (UK) tem oito (8) categorias de pr\u00e9mios diferentes. Para ganhar o pr\u00e9mio m\u00e1ximo, deve igualar os cinco primeiros n\u00fameros e o Baile da Vida.<\/p>\n<p>Existem oito categorias para os resultados do Set for Life (Reino Unido)<br \/>\n&#8211; Primeira categoria: Para os 5 n\u00fameros + Life Ball<br \/>\n&#8211; Segunda categoria: 5 tiros de combina\u00e7\u00e3o principal<br \/>\n&#8211; Terceira categoria:4 acertos de combina\u00e7\u00e3o + Life Ball<br \/>\n&#8211; Quarta categoria: 4 acessos da combina\u00e7\u00e3o.<br \/>\n&#8211; Quinta categoria: 3 combina\u00e7\u00f5es de batidas + Life Ball<br \/>\n&#8211; Sexta categoria: 3 acessos combina\u00e7\u00e3o principal<br \/>\n&#8211; S\u00e9tima categoria: 2 hits + Life Ball<br \/>\n&#8211; Oitava categoria: 2 hits<\/p>\n<h2>Quando \u00e9 sorteado o Set for Life (UK)?<\/h2>\n<p>Os sorteios da loteria Set for Life (UK) realizam-se normalmente todas as segundas e quintas-feiras, ambas \u00e0s 20:00 GMT<\/p>\n<p>Para a venda online, a admiss\u00e3o de compras \u00e9 encerrada 2 horas antes da celebra\u00e7\u00e3o dos sorteios, para quest\u00f5es administrativas e de seguran\u00e7a.<\/p>\n<h2>Quanto custa jogar Set for Life (UK)?<\/h2>\n<p>O pre\u00e7o de cada bilhete do Set for Life (UK) no LottoHoy come\u00e7a em\u00a0 4\u20ac e inclui todos os custos de manuseamento e gest\u00e3o de compras atrav\u00e9s de vendedores oficiais e\/ou similares.<\/p>\n","protected":false},"excerpt":{"rendered":"<p>Apostar a Set for Life (UK) Set for Life \u00e9 uma loteria da The National Lottery, operada por Camelot e que oferece a oportunidade de ganhar \u00a310,000 por m\u00eas durante 30 anos aos melhores jogadores. No entanto, para os jogadores n\u00e3o brit\u00e2nicos, Camelot fornecer\u00e1 uma alternativa total em dinheiro equivalente ao que teria de pagar [&hellip;]<\/p>\n","protected":false},"author":2,"featured_media":0,"parent":3904,"menu_order":11,"comment_status":"closed","ping_status":"closed","template":"set-for-life.php","meta":{"_et_pb_use_builder":"","_et_pb_old_content":"","_et_gb_content_width":"","exclude_from_search":false,"footnotes":""},"class_list":["post-6087","page","type-page","status-publish","hentry"],"yoast_head":"<!-- This site is optimized with the Yoast SEO plugin v23.7 - https:\/\/yoast.com\/wordpress\/plugins\/seo\/ -->\n<title>Tenham sorte a jogar na lotaria For Life (UK) -LottoHoy.com<\/title>\n<meta name=\"description\" content=\"Pode facilmente seleccionar e jogar o Set for Life (UK) online em todos os sorteios que quiser, sem falhar\" \/>\n<meta name=\"robots\" content=\"index, follow, max-snippet:-1, max-image-preview:large, max-video-preview:-1\" \/>\n<link rel=\"canonical\" href=\"https:\/\/lottohoy.com\/pt-pt\/jogar\/set-for-life-uk\/\" \/>\n<meta property=\"og:locale\" content=\"pt_PT\" \/>\n<meta property=\"og:type\" content=\"article\" \/>\n<meta property=\"og:title\" content=\"Tenham sorte a jogar na lotaria For Life (UK) -LottoHoy.com\" \/>\n<meta property=\"og:description\" content=\"Pode facilmente seleccionar e jogar o Set for Life (UK) online em todos os sorteios que quiser, sem falhar\" \/>\n<meta property=\"og:url\" content=\"https:\/\/lottohoy.com\/pt-pt\/jogar\/set-for-life-uk\/\" \/>\n<meta property=\"og:site_name\" content=\"Lottohoy\" \/>\n<meta property=\"article:modified_time\" content=\"2025-02-11T16:46:38+00:00\" \/>\n<meta name=\"twitter:card\" content=\"summary_large_image\" \/>\n<meta name=\"twitter:label1\" content=\"Est. reading time\" \/>\n\t<meta name=\"twitter:data1\" content=\"3 minutes\" \/>\n<script type=\"application\/ld+json\" class=\"yoast-schema-graph\">{\"@context\":\"https:\/\/schema.org\",\"@graph\":[{\"@type\":\"WebPage\",\"@id\":\"https:\/\/lottohoy.com\/pt-pt\/jogar\/set-for-life-uk\/\",\"url\":\"https:\/\/lottohoy.com\/pt-pt\/jogar\/set-for-life-uk\/\",\"name\":\"Tenham sorte a jogar na lotaria For Life (UK) -LottoHoy.com\",\"isPartOf\":{\"@id\":\"https:\/\/lottohoy.com\/pt-pt\/#website\"},\"datePublished\":\"2020-08-10T16:04:41+00:00\",\"dateModified\":\"2025-02-11T16:46:38+00:00\",\"description\":\"Pode facilmente seleccionar e jogar o Set for Life (UK) online em todos os sorteios que quiser, sem falhar\",\"breadcrumb\":{\"@id\":\"https:\/\/lottohoy.com\/pt-pt\/jogar\/set-for-life-uk\/#breadcrumb\"},\"inLanguage\":\"pt-ts\",\"potentialAction\":[{\"@type\":\"ReadAction\",\"target\":[\"https:\/\/lottohoy.com\/pt-pt\/jogar\/set-for-life-uk\/\"]}]},{\"@type\":\"BreadcrumbList\",\"@id\":\"https:\/\/lottohoy.com\/pt-pt\/jogar\/set-for-life-uk\/#breadcrumb\",\"itemListElement\":[{\"@type\":\"ListItem\",\"position\":1,\"name\":\"Home\",\"item\":\"https:\/\/lottohoy.com\/pt-pt\/\"},{\"@type\":\"ListItem\",\"position\":2,\"name\":\"Compre bilhetes de loteria online\",\"item\":\"https:\/\/lottohoy.com\/pt-pt\/jogar\/\"},{\"@type\":\"ListItem\",\"position\":3,\"name\":\"Apostar a Set for Life (UK)\"}]},{\"@type\":\"WebSite\",\"@id\":\"https:\/\/lottohoy.com\/pt-pt\/#website\",\"url\":\"https:\/\/lottohoy.com\/pt-pt\/\",\"name\":\"Lottohoy\",\"description\":\"\",\"potentialAction\":[{\"@type\":\"SearchAction\",\"target\":{\"@type\":\"EntryPoint\",\"urlTemplate\":\"https:\/\/lottohoy.com\/pt-pt\/?s={search_term_string}\"},\"query-input\":{\"@type\":\"PropertyValueSpecification\",\"valueRequired\":true,\"valueName\":\"search_term_string\"}}],\"inLanguage\":\"pt-ts\"}]}<\/script>\n<!-- \/ Yoast SEO plugin. -->","yoast_head_json":{"title":"Tenham sorte a jogar na lotaria For Life (UK) -LottoHoy.com","description":"Pode facilmente seleccionar e jogar o Set for Life (UK) online em todos os sorteios que quiser, sem falhar","robots":{"index":"index","follow":"follow","max-snippet":"max-snippet:-1","max-image-preview":"max-image-preview:large","max-video-preview":"max-video-preview:-1"},"canonical":"https:\/\/lottohoy.com\/pt-pt\/jogar\/set-for-life-uk\/","og_locale":"pt_PT","og_type":"article","og_title":"Tenham sorte a jogar na lotaria For Life (UK) -LottoHoy.com","og_description":"Pode facilmente seleccionar e jogar o Set for Life (UK) online em todos os sorteios que quiser, sem falhar","og_url":"https:\/\/lottohoy.com\/pt-pt\/jogar\/set-for-life-uk\/","og_site_name":"Lottohoy","article_modified_time":"2025-02-11T16:46:38+00:00","twitter_card":"summary_large_image","twitter_misc":{"Est. reading time":"3 minutes"},"schema":{"@context":"https:\/\/schema.org","@graph":[{"@type":"WebPage","@id":"https:\/\/lottohoy.com\/pt-pt\/jogar\/set-for-life-uk\/","url":"https:\/\/lottohoy.com\/pt-pt\/jogar\/set-for-life-uk\/","name":"Tenham sorte a jogar na lotaria For Life (UK) -LottoHoy.com","isPartOf":{"@id":"https:\/\/lottohoy.com\/pt-pt\/#website"},"datePublished":"2020-08-10T16:04:41+00:00","dateModified":"2025-02-11T16:46:38+00:00","description":"Pode facilmente seleccionar e jogar o Set for Life (UK) online em todos os sorteios que quiser, sem falhar","breadcrumb":{"@id":"https:\/\/lottohoy.com\/pt-pt\/jogar\/set-for-life-uk\/#breadcrumb"},"inLanguage":"pt-ts","potentialAction":[{"@type":"ReadAction","target":["https:\/\/lottohoy.com\/pt-pt\/jogar\/set-for-life-uk\/"]}]},{"@type":"BreadcrumbList","@id":"https:\/\/lottohoy.com\/pt-pt\/jogar\/set-for-life-uk\/#breadcrumb","itemListElement":[{"@type":"ListItem","position":1,"name":"Home","item":"https:\/\/lottohoy.com\/pt-pt\/"},{"@type":"ListItem","position":2,"name":"Compre bilhetes de loteria online","item":"https:\/\/lottohoy.com\/pt-pt\/jogar\/"},{"@type":"ListItem","position":3,"name":"Apostar a Set for Life (UK)"}]},{"@type":"WebSite","@id":"https:\/\/lottohoy.com\/pt-pt\/#website","url":"https:\/\/lottohoy.com\/pt-pt\/","name":"Lottohoy","description":"","potentialAction":[{"@type":"SearchAction","target":{"@type":"EntryPoint","urlTemplate":"https:\/\/lottohoy.com\/pt-pt\/?s={search_term_string}"},"query-input":{"@type":"PropertyValueSpecification","valueRequired":true,"valueName":"search_term_string"}}],"inLanguage":"pt-ts"}]}},"_links":{"self":[{"href":"https:\/\/lottohoy.com\/pt-pt\/wp-json\/wp\/v2\/pages\/6087","targetHints":{"allow":["GET"]}}],"collection":[{"href":"https:\/\/lottohoy.com\/pt-pt\/wp-json\/wp\/v2\/pages"}],"about":[{"href":"https:\/\/lottohoy.com\/pt-pt\/wp-json\/wp\/v2\/types\/page"}],"author":[{"embeddable":true,"href":"https:\/\/lottohoy.com\/pt-pt\/wp-json\/wp\/v2\/users\/2"}],"replies":[{"embeddable":true,"href":"https:\/\/lottohoy.com\/pt-pt\/wp-json\/wp\/v2\/comments?post=6087"}],"version-history":[{"count":3,"href":"https:\/\/lottohoy.com\/pt-pt\/wp-json\/wp\/v2\/pages\/6087\/revisions"}],"predecessor-version":[{"id":14624,"href":"https:\/\/lottohoy.com\/pt-pt\/wp-json\/wp\/v2\/pages\/6087\/revisions\/14624"}],"up":[{"embeddable":true,"href":"https:\/\/lottohoy.com\/pt-pt\/wp-json\/wp\/v2\/pages\/3904"}],"wp:attachment":[{"href":"https:\/\/lottohoy.com\/pt-pt\/wp-json\/wp\/v2\/media?parent=6087"}],"curies":[{"name":"wp","href":"https:\/\/api.w.org\/{rel}","templated":true}]}}