{"id":6079,"date":"2020-08-10T17:08:14","date_gmt":"2020-08-10T16:08:14","guid":{"rendered":"https:\/\/www.lottohoy.com\/?page_id=6079"},"modified":"2025-03-25T13:28:16","modified_gmt":"2025-03-25T13:28:16","slug":"set-for-life-uk","status":"publish","type":"page","link":"https:\/\/lottohoy.com\/pt-pt\/lotarias\/set-for-life-uk\/","title":{"rendered":"Set for Life (UK) Informa\u00e7\u00e3o"},"content":{"rendered":"<p><!--more--><\/p>\n<h2>The National Lottery&#8217;s Set for Life (UK)<\/h2>\n<p>Procurando uma forma diferente de recompensar os jogadores da Loteria Nacional no Reino Unido, foi criado o jogo Set for Life, tamb\u00e9m chamado &#8220;annuities&#8221; (anuidades) que estabeleceu como principal atrac\u00e7\u00e3o os pagamentos para a primeira e segunda categorias de pr\u00e9mios, de modo a que os vencedores recebessem mensalmente um pagamento de um montante consider\u00e1vel.<\/p>\n<p>Para a primeira categoria, foi estabelecido um pagamento de \u00a310.000 por m\u00eas durante 30 anos para cada um dos quatro poss\u00edveis vencedores, e se houvesse mais vencedores na primeira categoria, o pr\u00e9mio m\u00e1ximo de \u00a380.000 por m\u00eas seria distribu\u00eddo proporcionalmente entre os vencedores da primeira categoria.<\/p>\n<p>No caso da segunda categoria, o pr\u00e9mio consistiu num pagamento de \u00a310.000 por m\u00eas durante um ano inteiro. H\u00e1 uma limita\u00e7\u00e3o de at\u00e9 \u00a32,000,000 a distribuir se mais de quatro pessoas forem bem sucedidas nessa categoria<\/p>\n<p>Tamb\u00e9m pode solicitar um pagamento \u00fanico. Os n\u00e3o residentes no Reino Unido s\u00f3 podem aceder ao pr\u00e9mio de uma s\u00f3 vez.<\/p>\n<p>Os sorteios da loteria Set for Life s\u00e3o realizados todas as segundas e quintas-feiras \u00e0s 20:00 horas. GMT<\/p>\n<h2>Vantagens de jogar o Set for Life UK online<\/h2>\n<p>&#8211; Uma das grandes vantagens de tocar o Set for Life UK \u00e9 a conveni\u00eancia de poder faz\u00ea-lo a qualquer hora do dia ou da noite, 24\/7, 365 dias por ano. Simplesmente por ter um dispositivo m\u00f3vel, tablet ou computador de secret\u00e1ria, e de qualquer parte do mundo.<br \/>\n&#8211; N\u00e3o residentes no Reino Unido, atrav\u00e9s de plataformas online como a LottoHoy.com t\u00eam uma oportunidade real de aceder a esta suculenta lotaria e aos seus grandes jackpots.<br \/>\n&#8211; O bilhete \u00e9 comprado directamente ao estabelecimento autorizado e, portanto, a participa\u00e7\u00e3o \u00e9 real.<br \/>\n&#8211; Os pr\u00e9mios ganhos s\u00e3o inscritos imediatamente, at\u00e9 aos 2500 euros, ap\u00f3s a publica\u00e7\u00e3o dos resultados oficiais<br \/>\n&#8211; Existe tamb\u00e9m um banco de informa\u00e7\u00f5es de todas as opera\u00e7\u00f5es realizadas, a cust\u00f3dia dos bilhetes comprados, evitando assim poss\u00edveis perdas ou esquecimento.<br \/>\n&#8211; Informa\u00e7\u00e3o atempada sobre todos os barcos \u00e0 medida que se acumulam, para que n\u00e3o se perca a oportunidade de participar neles.<br \/>\n&#8211; Uma grande variedade de m\u00e9todos de pagamento, dep\u00f3sitos e levantamentos.<\/p>\n<h2>Possibilidades de pr\u00e9mio no Set for Life (UK)<\/h2>\n<p>As hip\u00f3teses de conseguir a combina\u00e7\u00e3o da primeira categoria s\u00e3o de cerca de 1 em 15 milh\u00f5es<\/p>\n<p>Enquanto as probabilidades de sucesso para a segunda categoria s\u00e3o de cerca de 1 em 1,7 milh\u00f5es.<\/p>\n<p>Para obter qualquer um dos pr\u00e9mios oferecidos por Set for Life, \u00e9 uma probabilidade de 1 em 12, aproximadamente.<\/p>\n<p><!--more--><\/p>\n","protected":false},"excerpt":{"rendered":"","protected":false},"author":2,"featured_media":0,"parent":3820,"menu_order":11,"comment_status":"closed","ping_status":"closed","template":"set-for-life-info.php","meta":{"_et_pb_use_builder":"","_et_pb_old_content":"","_et_gb_content_width":"","exclude_from_search":false,"footnotes":""},"class_list":["post-6079","page","type-page","status-publish","hentry"],"yoast_head":"<!-- This site is optimized with the Yoast SEO plugin v23.7 - https:\/\/yoast.com\/wordpress\/plugins\/seo\/ -->\n<title>Toda a informa\u00e7\u00e3o sobre o Set for Life (UK) lottery - LottoHoy.com<\/title>\n<meta name=\"description\" content=\"O jackpot pode ser cobrado em pagamentos de 20.000 euros por m\u00eas durante 30 anos. Ver informa\u00e7\u00e3o sobre o Set for Life (UK)\" \/>\n<meta name=\"robots\" content=\"index, follow, max-snippet:-1, max-image-preview:large, max-video-preview:-1\" \/>\n<link rel=\"canonical\" href=\"https:\/\/lottohoy.com\/pt-pt\/lotarias\/set-for-life-uk\/\" \/>\n<meta property=\"og:locale\" content=\"pt_PT\" \/>\n<meta property=\"og:type\" content=\"article\" \/>\n<meta property=\"og:title\" content=\"Toda a informa\u00e7\u00e3o sobre o Set for Life (UK) lottery - LottoHoy.com\" \/>\n<meta property=\"og:description\" content=\"O jackpot pode ser cobrado em pagamentos de 20.000 euros por m\u00eas durante 30 anos. Ver informa\u00e7\u00e3o sobre o Set for Life (UK)\" \/>\n<meta property=\"og:url\" content=\"https:\/\/lottohoy.com\/pt-pt\/lotarias\/set-for-life-uk\/\" \/>\n<meta property=\"og:site_name\" content=\"Lottohoy\" \/>\n<meta property=\"article:modified_time\" content=\"2025-03-25T13:28:16+00:00\" \/>\n<meta name=\"twitter:card\" content=\"summary_large_image\" \/>\n<meta name=\"twitter:label1\" content=\"Est. reading time\" \/>\n\t<meta name=\"twitter:data1\" content=\"2 minutes\" \/>\n<script type=\"application\/ld+json\" class=\"yoast-schema-graph\">{\"@context\":\"https:\/\/schema.org\",\"@graph\":[{\"@type\":\"WebPage\",\"@id\":\"https:\/\/lottohoy.com\/pt-pt\/lotarias\/set-for-life-uk\/\",\"url\":\"https:\/\/lottohoy.com\/pt-pt\/lotarias\/set-for-life-uk\/\",\"name\":\"Toda a informa\u00e7\u00e3o sobre o Set for Life (UK) lottery - LottoHoy.com\",\"isPartOf\":{\"@id\":\"https:\/\/lottohoy.com\/pt-pt\/#website\"},\"datePublished\":\"2020-08-10T16:08:14+00:00\",\"dateModified\":\"2025-03-25T13:28:16+00:00\",\"description\":\"O jackpot pode ser cobrado em pagamentos de 20.000 euros por m\u00eas durante 30 anos. Ver informa\u00e7\u00e3o sobre o Set for Life (UK)\",\"breadcrumb\":{\"@id\":\"https:\/\/lottohoy.com\/pt-pt\/lotarias\/set-for-life-uk\/#breadcrumb\"},\"inLanguage\":\"pt-ts\",\"potentialAction\":[{\"@type\":\"ReadAction\",\"target\":[\"https:\/\/lottohoy.com\/pt-pt\/lotarias\/set-for-life-uk\/\"]}]},{\"@type\":\"BreadcrumbList\",\"@id\":\"https:\/\/lottohoy.com\/pt-pt\/lotarias\/set-for-life-uk\/#breadcrumb\",\"itemListElement\":[{\"@type\":\"ListItem\",\"position\":1,\"name\":\"Home\",\"item\":\"https:\/\/lottohoy.com\/pt-pt\/\"},{\"@type\":\"ListItem\",\"position\":2,\"name\":\"Tudo sobre a loteria online\",\"item\":\"https:\/\/lottohoy.com\/pt-pt\/lotarias\/\"},{\"@type\":\"ListItem\",\"position\":3,\"name\":\"Set for Life (UK) Informa\u00e7\u00e3o\"}]},{\"@type\":\"WebSite\",\"@id\":\"https:\/\/lottohoy.com\/pt-pt\/#website\",\"url\":\"https:\/\/lottohoy.com\/pt-pt\/\",\"name\":\"Lottohoy\",\"description\":\"\",\"potentialAction\":[{\"@type\":\"SearchAction\",\"target\":{\"@type\":\"EntryPoint\",\"urlTemplate\":\"https:\/\/lottohoy.com\/pt-pt\/?s={search_term_string}\"},\"query-input\":{\"@type\":\"PropertyValueSpecification\",\"valueRequired\":true,\"valueName\":\"search_term_string\"}}],\"inLanguage\":\"pt-ts\"}]}<\/script>\n<!-- \/ Yoast SEO plugin. -->","yoast_head_json":{"title":"Toda a informa\u00e7\u00e3o sobre o Set for Life (UK) lottery - LottoHoy.com","description":"O jackpot pode ser cobrado em pagamentos de 20.000 euros por m\u00eas durante 30 anos. Ver informa\u00e7\u00e3o sobre o Set for Life (UK)","robots":{"index":"index","follow":"follow","max-snippet":"max-snippet:-1","max-image-preview":"max-image-preview:large","max-video-preview":"max-video-preview:-1"},"canonical":"https:\/\/lottohoy.com\/pt-pt\/lotarias\/set-for-life-uk\/","og_locale":"pt_PT","og_type":"article","og_title":"Toda a informa\u00e7\u00e3o sobre o Set for Life (UK) lottery - LottoHoy.com","og_description":"O jackpot pode ser cobrado em pagamentos de 20.000 euros por m\u00eas durante 30 anos. Ver informa\u00e7\u00e3o sobre o Set for Life (UK)","og_url":"https:\/\/lottohoy.com\/pt-pt\/lotarias\/set-for-life-uk\/","og_site_name":"Lottohoy","article_modified_time":"2025-03-25T13:28:16+00:00","twitter_card":"summary_large_image","twitter_misc":{"Est. reading time":"2 minutes"},"schema":{"@context":"https:\/\/schema.org","@graph":[{"@type":"WebPage","@id":"https:\/\/lottohoy.com\/pt-pt\/lotarias\/set-for-life-uk\/","url":"https:\/\/lottohoy.com\/pt-pt\/lotarias\/set-for-life-uk\/","name":"Toda a informa\u00e7\u00e3o sobre o Set for Life (UK) lottery - LottoHoy.com","isPartOf":{"@id":"https:\/\/lottohoy.com\/pt-pt\/#website"},"datePublished":"2020-08-10T16:08:14+00:00","dateModified":"2025-03-25T13:28:16+00:00","description":"O jackpot pode ser cobrado em pagamentos de 20.000 euros por m\u00eas durante 30 anos. Ver informa\u00e7\u00e3o sobre o Set for Life (UK)","breadcrumb":{"@id":"https:\/\/lottohoy.com\/pt-pt\/lotarias\/set-for-life-uk\/#breadcrumb"},"inLanguage":"pt-ts","potentialAction":[{"@type":"ReadAction","target":["https:\/\/lottohoy.com\/pt-pt\/lotarias\/set-for-life-uk\/"]}]},{"@type":"BreadcrumbList","@id":"https:\/\/lottohoy.com\/pt-pt\/lotarias\/set-for-life-uk\/#breadcrumb","itemListElement":[{"@type":"ListItem","position":1,"name":"Home","item":"https:\/\/lottohoy.com\/pt-pt\/"},{"@type":"ListItem","position":2,"name":"Tudo sobre a loteria online","item":"https:\/\/lottohoy.com\/pt-pt\/lotarias\/"},{"@type":"ListItem","position":3,"name":"Set for Life (UK) Informa\u00e7\u00e3o"}]},{"@type":"WebSite","@id":"https:\/\/lottohoy.com\/pt-pt\/#website","url":"https:\/\/lottohoy.com\/pt-pt\/","name":"Lottohoy","description":"","potentialAction":[{"@type":"SearchAction","target":{"@type":"EntryPoint","urlTemplate":"https:\/\/lottohoy.com\/pt-pt\/?s={search_term_string}"},"query-input":{"@type":"PropertyValueSpecification","valueRequired":true,"valueName":"search_term_string"}}],"inLanguage":"pt-ts"}]}},"_links":{"self":[{"href":"https:\/\/lottohoy.com\/pt-pt\/wp-json\/wp\/v2\/pages\/6079","targetHints":{"allow":["GET"]}}],"collection":[{"href":"https:\/\/lottohoy.com\/pt-pt\/wp-json\/wp\/v2\/pages"}],"about":[{"href":"https:\/\/lottohoy.com\/pt-pt\/wp-json\/wp\/v2\/types\/page"}],"author":[{"embeddable":true,"href":"https:\/\/lottohoy.com\/pt-pt\/wp-json\/wp\/v2\/users\/2"}],"replies":[{"embeddable":true,"href":"https:\/\/lottohoy.com\/pt-pt\/wp-json\/wp\/v2\/comments?post=6079"}],"version-history":[{"count":1,"href":"https:\/\/lottohoy.com\/pt-pt\/wp-json\/wp\/v2\/pages\/6079\/revisions"}],"predecessor-version":[{"id":10922,"href":"https:\/\/lottohoy.com\/pt-pt\/wp-json\/wp\/v2\/pages\/6079\/revisions\/10922"}],"up":[{"embeddable":true,"href":"https:\/\/lottohoy.com\/pt-pt\/wp-json\/wp\/v2\/pages\/3820"}],"wp:attachment":[{"href":"https:\/\/lottohoy.com\/pt-pt\/wp-json\/wp\/v2\/media?parent=6079"}],"curies":[{"name":"wp","href":"https:\/\/api.w.org\/{rel}","templated":true}]}}