{"id":6071,"date":"2020-08-10T17:06:25","date_gmt":"2020-08-10T16:06:25","guid":{"rendered":"https:\/\/www.lottohoy.com\/?page_id=6071"},"modified":"2025-03-26T05:18:57","modified_gmt":"2025-03-26T05:18:57","slug":"set-for-life-uk","status":"publish","type":"page","link":"https:\/\/lottohoy.com\/pt-pt\/resultados\/set-for-life-uk\/","title":{"rendered":"Resultado do Set for Life (UK)"},"content":{"rendered":"<p><!--more--><\/p>\n<p>Para ver se o seu jogo Set for Life \u00e9 um vencedor, basta verificar os n\u00fameros da combina\u00e7\u00e3o escolhida no seu bilhete contra o resultado mostrado nesta p\u00e1gina.<\/p>\n<p>Se ganhar um pr\u00e9mio em qualquer uma das v\u00e1rias categorias oferecidas pelo Set for Life UK, os seus ganhos ser\u00e3o automaticamente reflectidos na sua conta e estar\u00e3o dispon\u00edveis para si a partir desse momento.<\/p>\n<h2>Resultado do Set for Life (Reino Unido)<\/h2>\n<p>Nesta p\u00e1gina encontrar\u00e1 os resultados dos sorteios do Set for Life UK, o jackpot estimado para este sorteio, bem como outros detalhes de m\u00e1ximo interesse para a previs\u00e3o dos seus jogos futuros.<\/p>\n<p>Pode tamb\u00e9m verificar o jackpot acumulado, os vencedores e os pr\u00e9mios em cada uma das categorias e os sorteios anteriores at\u00e9 aos 24 meses de idade.<\/p>\n<p>\u00c0 direita da combina\u00e7\u00e3o vencedora deste \u00faltimo sorteio, h\u00e1 tr\u00eas quadrados. A pra\u00e7a central mostra a data do \u00faltimo sorteio, e em ambos os lados desta pra\u00e7a central h\u00e1 setas para a direita e para a esquerda para visitar as datas dos sorteios anteriores e avan\u00e7ar desses sorteios para a data mais actual.<\/p>\n<h2>Verificar os resultados e pr\u00e9mios do \u00faltimo sorteio<\/h2>\n<p>Uma grande tabela \u00e9 mostrada com os resultados e a distribui\u00e7\u00e3o dos pr\u00e9mios por categoria do \u00faltimo sorteio do Set for Life UK de hoje.<\/p>\n<p>As categorias de pr\u00e9mios (at\u00e9 8 categorias diferentes), os \u00eaxitos necess\u00e1rios para se qualificar para qualquer uma das categorias de pr\u00e9mios.<\/p>\n<p>Os vencedores de cada uma das categorias, e tamb\u00e9m o pr\u00e9mio que cada um dos vencedores recebe.<\/p>\n<p>Fechando esta grande caixa, \u00e9 indicado o n\u00famero total de vencedores neste sorteio, e o dinheiro total que \u00e9 distribu\u00eddo entre todos os vencedores.<\/p>\n","protected":false},"excerpt":{"rendered":"","protected":false},"author":2,"featured_media":0,"parent":3855,"menu_order":11,"comment_status":"closed","ping_status":"closed","template":"set-for-life-results.php","meta":{"_et_pb_use_builder":"","_et_pb_old_content":"","_et_gb_content_width":"","exclude_from_search":false,"footnotes":""},"class_list":["post-6071","page","type-page","status-publish","hentry"],"yoast_head":"<!-- This site is optimized with the Yoast SEO plugin v23.7 - https:\/\/yoast.com\/wordpress\/plugins\/seo\/ -->\n<title>Verificar os resultados do sorteio do Set for Life (UK) - LottoHoy.com<\/title>\n<meta name=\"description\" content=\"Nesta p\u00e1gina pode verificar todos os resultados dos sorteios do Set for Life (UK) e comparar os seus bilhetes com os pr\u00e9mios obtidos\" \/>\n<meta name=\"robots\" content=\"index, follow, max-snippet:-1, max-image-preview:large, max-video-preview:-1\" \/>\n<link rel=\"canonical\" href=\"https:\/\/lottohoy.com\/pt-pt\/resultados\/set-for-life-uk\/\" \/>\n<meta property=\"og:locale\" content=\"pt_PT\" \/>\n<meta property=\"og:type\" content=\"article\" \/>\n<meta property=\"og:title\" content=\"Verificar os resultados do sorteio do Set for Life (UK) - LottoHoy.com\" \/>\n<meta property=\"og:description\" content=\"Nesta p\u00e1gina pode verificar todos os resultados dos sorteios do Set for Life (UK) e comparar os seus bilhetes com os pr\u00e9mios obtidos\" \/>\n<meta property=\"og:url\" content=\"https:\/\/lottohoy.com\/pt-pt\/resultados\/set-for-life-uk\/\" \/>\n<meta property=\"og:site_name\" content=\"Lottohoy\" \/>\n<meta property=\"article:modified_time\" content=\"2025-03-26T05:18:57+00:00\" \/>\n<meta name=\"twitter:card\" content=\"summary_large_image\" \/>\n<meta name=\"twitter:label1\" content=\"Est. reading time\" \/>\n\t<meta name=\"twitter:data1\" content=\"2 minutes\" \/>\n<script type=\"application\/ld+json\" class=\"yoast-schema-graph\">{\"@context\":\"https:\/\/schema.org\",\"@graph\":[{\"@type\":\"WebPage\",\"@id\":\"https:\/\/lottohoy.com\/pt-pt\/resultados\/set-for-life-uk\/\",\"url\":\"https:\/\/lottohoy.com\/pt-pt\/resultados\/set-for-life-uk\/\",\"name\":\"Verificar os resultados do sorteio do Set for Life (UK) - LottoHoy.com\",\"isPartOf\":{\"@id\":\"https:\/\/lottohoy.com\/pt-pt\/#website\"},\"datePublished\":\"2020-08-10T16:06:25+00:00\",\"dateModified\":\"2025-03-26T05:18:57+00:00\",\"description\":\"Nesta p\u00e1gina pode verificar todos os resultados dos sorteios do Set for Life (UK) e comparar os seus bilhetes com os pr\u00e9mios obtidos\",\"breadcrumb\":{\"@id\":\"https:\/\/lottohoy.com\/pt-pt\/resultados\/set-for-life-uk\/#breadcrumb\"},\"inLanguage\":\"pt-ts\",\"potentialAction\":[{\"@type\":\"ReadAction\",\"target\":[\"https:\/\/lottohoy.com\/pt-pt\/resultados\/set-for-life-uk\/\"]}]},{\"@type\":\"BreadcrumbList\",\"@id\":\"https:\/\/lottohoy.com\/pt-pt\/resultados\/set-for-life-uk\/#breadcrumb\",\"itemListElement\":[{\"@type\":\"ListItem\",\"position\":1,\"name\":\"Home\",\"item\":\"https:\/\/lottohoy.com\/pt-pt\/\"},{\"@type\":\"ListItem\",\"position\":2,\"name\":\"Resultados da Lotaria Online\",\"item\":\"https:\/\/lottohoy.com\/pt-pt\/resultados\/\"},{\"@type\":\"ListItem\",\"position\":3,\"name\":\"Resultado do Set for Life (UK)\"}]},{\"@type\":\"WebSite\",\"@id\":\"https:\/\/lottohoy.com\/pt-pt\/#website\",\"url\":\"https:\/\/lottohoy.com\/pt-pt\/\",\"name\":\"Lottohoy\",\"description\":\"\",\"potentialAction\":[{\"@type\":\"SearchAction\",\"target\":{\"@type\":\"EntryPoint\",\"urlTemplate\":\"https:\/\/lottohoy.com\/pt-pt\/?s={search_term_string}\"},\"query-input\":{\"@type\":\"PropertyValueSpecification\",\"valueRequired\":true,\"valueName\":\"search_term_string\"}}],\"inLanguage\":\"pt-ts\"}]}<\/script>\n<!-- \/ Yoast SEO plugin. -->","yoast_head_json":{"title":"Verificar os resultados do sorteio do Set for Life (UK) - LottoHoy.com","description":"Nesta p\u00e1gina pode verificar todos os resultados dos sorteios do Set for Life (UK) e comparar os seus bilhetes com os pr\u00e9mios obtidos","robots":{"index":"index","follow":"follow","max-snippet":"max-snippet:-1","max-image-preview":"max-image-preview:large","max-video-preview":"max-video-preview:-1"},"canonical":"https:\/\/lottohoy.com\/pt-pt\/resultados\/set-for-life-uk\/","og_locale":"pt_PT","og_type":"article","og_title":"Verificar os resultados do sorteio do Set for Life (UK) - LottoHoy.com","og_description":"Nesta p\u00e1gina pode verificar todos os resultados dos sorteios do Set for Life (UK) e comparar os seus bilhetes com os pr\u00e9mios obtidos","og_url":"https:\/\/lottohoy.com\/pt-pt\/resultados\/set-for-life-uk\/","og_site_name":"Lottohoy","article_modified_time":"2025-03-26T05:18:57+00:00","twitter_card":"summary_large_image","twitter_misc":{"Est. reading time":"2 minutes"},"schema":{"@context":"https:\/\/schema.org","@graph":[{"@type":"WebPage","@id":"https:\/\/lottohoy.com\/pt-pt\/resultados\/set-for-life-uk\/","url":"https:\/\/lottohoy.com\/pt-pt\/resultados\/set-for-life-uk\/","name":"Verificar os resultados do sorteio do Set for Life (UK) - LottoHoy.com","isPartOf":{"@id":"https:\/\/lottohoy.com\/pt-pt\/#website"},"datePublished":"2020-08-10T16:06:25+00:00","dateModified":"2025-03-26T05:18:57+00:00","description":"Nesta p\u00e1gina pode verificar todos os resultados dos sorteios do Set for Life (UK) e comparar os seus bilhetes com os pr\u00e9mios obtidos","breadcrumb":{"@id":"https:\/\/lottohoy.com\/pt-pt\/resultados\/set-for-life-uk\/#breadcrumb"},"inLanguage":"pt-ts","potentialAction":[{"@type":"ReadAction","target":["https:\/\/lottohoy.com\/pt-pt\/resultados\/set-for-life-uk\/"]}]},{"@type":"BreadcrumbList","@id":"https:\/\/lottohoy.com\/pt-pt\/resultados\/set-for-life-uk\/#breadcrumb","itemListElement":[{"@type":"ListItem","position":1,"name":"Home","item":"https:\/\/lottohoy.com\/pt-pt\/"},{"@type":"ListItem","position":2,"name":"Resultados da Lotaria Online","item":"https:\/\/lottohoy.com\/pt-pt\/resultados\/"},{"@type":"ListItem","position":3,"name":"Resultado do Set for Life (UK)"}]},{"@type":"WebSite","@id":"https:\/\/lottohoy.com\/pt-pt\/#website","url":"https:\/\/lottohoy.com\/pt-pt\/","name":"Lottohoy","description":"","potentialAction":[{"@type":"SearchAction","target":{"@type":"EntryPoint","urlTemplate":"https:\/\/lottohoy.com\/pt-pt\/?s={search_term_string}"},"query-input":{"@type":"PropertyValueSpecification","valueRequired":true,"valueName":"search_term_string"}}],"inLanguage":"pt-ts"}]}},"_links":{"self":[{"href":"https:\/\/lottohoy.com\/pt-pt\/wp-json\/wp\/v2\/pages\/6071","targetHints":{"allow":["GET"]}}],"collection":[{"href":"https:\/\/lottohoy.com\/pt-pt\/wp-json\/wp\/v2\/pages"}],"about":[{"href":"https:\/\/lottohoy.com\/pt-pt\/wp-json\/wp\/v2\/types\/page"}],"author":[{"embeddable":true,"href":"https:\/\/lottohoy.com\/pt-pt\/wp-json\/wp\/v2\/users\/2"}],"replies":[{"embeddable":true,"href":"https:\/\/lottohoy.com\/pt-pt\/wp-json\/wp\/v2\/comments?post=6071"}],"version-history":[{"count":1,"href":"https:\/\/lottohoy.com\/pt-pt\/wp-json\/wp\/v2\/pages\/6071\/revisions"}],"predecessor-version":[{"id":10921,"href":"https:\/\/lottohoy.com\/pt-pt\/wp-json\/wp\/v2\/pages\/6071\/revisions\/10921"}],"up":[{"embeddable":true,"href":"https:\/\/lottohoy.com\/pt-pt\/wp-json\/wp\/v2\/pages\/3855"}],"wp:attachment":[{"href":"https:\/\/lottohoy.com\/pt-pt\/wp-json\/wp\/v2\/media?parent=6071"}],"curies":[{"name":"wp","href":"https:\/\/api.w.org\/{rel}","templated":true}]}}