{"id":6050,"date":"2020-08-10T15:56:27","date_gmt":"2020-08-10T14:56:27","guid":{"rendered":"https:\/\/www.lottohoy.com\/?page_id=6050"},"modified":"2025-02-12T09:48:26","modified_gmt":"2025-02-12T09:48:26","slug":"mega-sena","status":"publish","type":"page","link":"https:\/\/lottohoy.com\/pt-pt\/jogar\/mega-sena\/","title":{"rendered":"Jogar Mega Sena"},"content":{"rendered":"<h2>Jogar Mega Sena online<\/h2>\n<p>A Mega-Sena \u00e9 a maior loteria do Brasil e de toda a Am\u00e9rica do Sul. \u00c9 organizado pelo banco federal Caixa Econ\u00f3mica, desde Mar\u00e7o de 1996.<\/p>\n<p>Para jogar a loteria Mega Sena online, o jogador pode faz\u00ea-lo directamente atrav\u00e9s de plataformas de lotaria como a nossa.<\/p>\n<p>Para tocar Mega Sena \u00e9 indispens\u00e1vel ter mais de 18 anos de idade, exigido pelo organizador.<\/p>\n<p>Uma vez que aceda \u00e0 p\u00e1gina do jogo Mega Sena atrav\u00e9s da nossa plataforma, aparece um modelo com v\u00e1rias colunas (tamb\u00e9m chamadas linhas) de jogo onde deve indicar o jogo que pretende fazer (Cada coluna ou linha corresponder\u00e1 a uma aposta).<\/p>\n<p>Estas colunas iniciais podem ser ampliadas clicando na caixa MAIS LINHAS, e aparecem outras colunas, onde pode fazer mais apostas no mesmo jogo.<\/p>\n<p>Isto pode ser repetido tantas vezes quantas o n\u00famero de colunas ou linhas que se quiser apostar.<\/p>\n<p>Para fazer uma aposta numa coluna, 6 das 60 caixas da primeira caixa devem ser marcadas.<\/p>\n<p>Esta jogada pode ser feita manualmente, ou seja, marcando directamente em cada um dos n\u00fameros que deseja que fa\u00e7am parte da sua combina\u00e7\u00e3o de apostas. E tamb\u00e9m, se desejar, pode permitir que o pr\u00f3prio sistema escolha a combina\u00e7\u00e3o de apostas de uma forma aleat\u00f3ria.<\/p>\n<p>Se a aposta for atribu\u00edda, o montante do pr\u00e9mio \u00e9 automaticamente creditado na conta do utilizador.<\/p>\n<h2>Em que dias s\u00e3o realizados os sorteios?<\/h2>\n<p>A Mega Sena celebra dois sorteios todas as semanas, quartas e s\u00e1bados \u00e0s 20:00h. hora local. (UTC-3)<\/p>\n<p>A admiss\u00e3o online dos bilhetes \u00e9 oficialmente encerrada aproximadamente 3 horas antes da hora oficial e reabre de novo no final do sorteio, para validar os bilhetes para novos sorteios.<\/p>\n<h2>Vantagens de comprar a Mega Sena online<\/h2>\n<p>H\u00e1 muitas vantagens em fazer apostas online da Mega Sena, atrav\u00e9s da nossa plataforma, que permite aos jogadores de todo o mundo, comprar os seus bilhetes, independentemente do pa\u00eds em que residem.<\/p>\n<p>Entre muitas outras, estas s\u00e3o algumas das principais vantagens de jogar atrav\u00e9s do LottoHoy:<\/p>\n<ul>\n<li>Seguran\u00e7a nas transac\u00e7\u00f5es.<\/li>\n<li>Acesso 24\/7 todos os dias do ano para compras e apostas. .<\/li>\n<li>Compre os seus bilhetes em qualquer parte do mundo, sem filas ou viagens.<\/li>\n<li>Com a compra online, perda ou extravio \u00e9 evitado, o bilhete permanece sempre em seguran\u00e7a na conta do utilizador.<\/li>\n<li>Os pr\u00e9mios ganhos s\u00e3o inseridos imediatamente na sua conta de utilizador, e dispon\u00edveis a partir do primeiro momento, ap\u00f3s a celebra\u00e7\u00e3o do sorteio e uma vez publicados os resultados oficiais, os montantes dos pr\u00e9mios ganhos s\u00e3o inseridos na conta de utilizador.<\/li>\n<li>Ser informado sobre os jackpots acumulados e os sorteios extraordin\u00e1rios.<\/li>\n<\/ul>\n","protected":false},"excerpt":{"rendered":"<p>Jogar Mega Sena online A Mega-Sena \u00e9 a maior loteria do Brasil e de toda a Am\u00e9rica do Sul. \u00c9 organizado pelo banco federal Caixa Econ\u00f3mica, desde Mar\u00e7o de 1996. Para jogar a loteria Mega Sena online, o jogador pode faz\u00ea-lo directamente atrav\u00e9s de plataformas de lotaria como a nossa. Para tocar Mega Sena \u00e9 [&hellip;]<\/p>\n","protected":false},"author":2,"featured_media":0,"parent":3904,"menu_order":16,"comment_status":"closed","ping_status":"closed","template":"megasena.php","meta":{"_et_pb_use_builder":"","_et_pb_old_content":"","_et_gb_content_width":"","exclude_from_search":false,"footnotes":""},"class_list":["post-6050","page","type-page","status-publish","hentry"],"yoast_head":"<!-- This site is optimized with the Yoast SEO plugin v23.7 - https:\/\/yoast.com\/wordpress\/plugins\/seo\/ -->\n<title>Jogar na lotaria Mega Sena online - LottoHoy.com<\/title>\n<meta name=\"description\" content=\"Aposte a qualquer hora do dia ou da noite, jogue na lotaria Mega Sena online, sem filas de espera e sem ter de viajar\" \/>\n<meta name=\"robots\" content=\"index, follow, max-snippet:-1, max-image-preview:large, max-video-preview:-1\" \/>\n<link rel=\"canonical\" href=\"https:\/\/lottohoy.com\/pt-pt\/jogar\/mega-sena\/\" \/>\n<meta property=\"og:locale\" content=\"pt_PT\" \/>\n<meta property=\"og:type\" content=\"article\" \/>\n<meta property=\"og:title\" content=\"Jogar na lotaria Mega Sena online - LottoHoy.com\" \/>\n<meta property=\"og:description\" content=\"Aposte a qualquer hora do dia ou da noite, jogue na lotaria Mega Sena online, sem filas de espera e sem ter de viajar\" \/>\n<meta property=\"og:url\" content=\"https:\/\/lottohoy.com\/pt-pt\/jogar\/mega-sena\/\" \/>\n<meta property=\"og:site_name\" content=\"Lottohoy\" \/>\n<meta property=\"article:modified_time\" content=\"2025-02-12T09:48:26+00:00\" \/>\n<meta name=\"twitter:card\" content=\"summary_large_image\" \/>\n<meta name=\"twitter:label1\" content=\"Est. reading time\" \/>\n\t<meta name=\"twitter:data1\" content=\"3 minutes\" \/>\n<script type=\"application\/ld+json\" class=\"yoast-schema-graph\">{\"@context\":\"https:\/\/schema.org\",\"@graph\":[{\"@type\":\"WebPage\",\"@id\":\"https:\/\/lottohoy.com\/pt-pt\/jogar\/mega-sena\/\",\"url\":\"https:\/\/lottohoy.com\/pt-pt\/jogar\/mega-sena\/\",\"name\":\"Jogar na lotaria Mega Sena online - LottoHoy.com\",\"isPartOf\":{\"@id\":\"https:\/\/lottohoy.com\/pt-pt\/#website\"},\"datePublished\":\"2020-08-10T14:56:27+00:00\",\"dateModified\":\"2025-02-12T09:48:26+00:00\",\"description\":\"Aposte a qualquer hora do dia ou da noite, jogue na lotaria Mega Sena online, sem filas de espera e sem ter de viajar\",\"breadcrumb\":{\"@id\":\"https:\/\/lottohoy.com\/pt-pt\/jogar\/mega-sena\/#breadcrumb\"},\"inLanguage\":\"pt-ts\",\"potentialAction\":[{\"@type\":\"ReadAction\",\"target\":[\"https:\/\/lottohoy.com\/pt-pt\/jogar\/mega-sena\/\"]}]},{\"@type\":\"BreadcrumbList\",\"@id\":\"https:\/\/lottohoy.com\/pt-pt\/jogar\/mega-sena\/#breadcrumb\",\"itemListElement\":[{\"@type\":\"ListItem\",\"position\":1,\"name\":\"Home\",\"item\":\"https:\/\/lottohoy.com\/pt-pt\/\"},{\"@type\":\"ListItem\",\"position\":2,\"name\":\"Compre bilhetes de loteria online\",\"item\":\"https:\/\/lottohoy.com\/pt-pt\/jogar\/\"},{\"@type\":\"ListItem\",\"position\":3,\"name\":\"Jogar Mega Sena\"}]},{\"@type\":\"WebSite\",\"@id\":\"https:\/\/lottohoy.com\/pt-pt\/#website\",\"url\":\"https:\/\/lottohoy.com\/pt-pt\/\",\"name\":\"Lottohoy\",\"description\":\"\",\"potentialAction\":[{\"@type\":\"SearchAction\",\"target\":{\"@type\":\"EntryPoint\",\"urlTemplate\":\"https:\/\/lottohoy.com\/pt-pt\/?s={search_term_string}\"},\"query-input\":{\"@type\":\"PropertyValueSpecification\",\"valueRequired\":true,\"valueName\":\"search_term_string\"}}],\"inLanguage\":\"pt-ts\"}]}<\/script>\n<!-- \/ Yoast SEO plugin. -->","yoast_head_json":{"title":"Jogar na lotaria Mega Sena online - LottoHoy.com","description":"Aposte a qualquer hora do dia ou da noite, jogue na lotaria Mega Sena online, sem filas de espera e sem ter de viajar","robots":{"index":"index","follow":"follow","max-snippet":"max-snippet:-1","max-image-preview":"max-image-preview:large","max-video-preview":"max-video-preview:-1"},"canonical":"https:\/\/lottohoy.com\/pt-pt\/jogar\/mega-sena\/","og_locale":"pt_PT","og_type":"article","og_title":"Jogar na lotaria Mega Sena online - LottoHoy.com","og_description":"Aposte a qualquer hora do dia ou da noite, jogue na lotaria Mega Sena online, sem filas de espera e sem ter de viajar","og_url":"https:\/\/lottohoy.com\/pt-pt\/jogar\/mega-sena\/","og_site_name":"Lottohoy","article_modified_time":"2025-02-12T09:48:26+00:00","twitter_card":"summary_large_image","twitter_misc":{"Est. reading time":"3 minutes"},"schema":{"@context":"https:\/\/schema.org","@graph":[{"@type":"WebPage","@id":"https:\/\/lottohoy.com\/pt-pt\/jogar\/mega-sena\/","url":"https:\/\/lottohoy.com\/pt-pt\/jogar\/mega-sena\/","name":"Jogar na lotaria Mega Sena online - LottoHoy.com","isPartOf":{"@id":"https:\/\/lottohoy.com\/pt-pt\/#website"},"datePublished":"2020-08-10T14:56:27+00:00","dateModified":"2025-02-12T09:48:26+00:00","description":"Aposte a qualquer hora do dia ou da noite, jogue na lotaria Mega Sena online, sem filas de espera e sem ter de viajar","breadcrumb":{"@id":"https:\/\/lottohoy.com\/pt-pt\/jogar\/mega-sena\/#breadcrumb"},"inLanguage":"pt-ts","potentialAction":[{"@type":"ReadAction","target":["https:\/\/lottohoy.com\/pt-pt\/jogar\/mega-sena\/"]}]},{"@type":"BreadcrumbList","@id":"https:\/\/lottohoy.com\/pt-pt\/jogar\/mega-sena\/#breadcrumb","itemListElement":[{"@type":"ListItem","position":1,"name":"Home","item":"https:\/\/lottohoy.com\/pt-pt\/"},{"@type":"ListItem","position":2,"name":"Compre bilhetes de loteria online","item":"https:\/\/lottohoy.com\/pt-pt\/jogar\/"},{"@type":"ListItem","position":3,"name":"Jogar Mega Sena"}]},{"@type":"WebSite","@id":"https:\/\/lottohoy.com\/pt-pt\/#website","url":"https:\/\/lottohoy.com\/pt-pt\/","name":"Lottohoy","description":"","potentialAction":[{"@type":"SearchAction","target":{"@type":"EntryPoint","urlTemplate":"https:\/\/lottohoy.com\/pt-pt\/?s={search_term_string}"},"query-input":{"@type":"PropertyValueSpecification","valueRequired":true,"valueName":"search_term_string"}}],"inLanguage":"pt-ts"}]}},"_links":{"self":[{"href":"https:\/\/lottohoy.com\/pt-pt\/wp-json\/wp\/v2\/pages\/6050","targetHints":{"allow":["GET"]}}],"collection":[{"href":"https:\/\/lottohoy.com\/pt-pt\/wp-json\/wp\/v2\/pages"}],"about":[{"href":"https:\/\/lottohoy.com\/pt-pt\/wp-json\/wp\/v2\/types\/page"}],"author":[{"embeddable":true,"href":"https:\/\/lottohoy.com\/pt-pt\/wp-json\/wp\/v2\/users\/2"}],"replies":[{"embeddable":true,"href":"https:\/\/lottohoy.com\/pt-pt\/wp-json\/wp\/v2\/comments?post=6050"}],"version-history":[{"count":3,"href":"https:\/\/lottohoy.com\/pt-pt\/wp-json\/wp\/v2\/pages\/6050\/revisions"}],"predecessor-version":[{"id":14681,"href":"https:\/\/lottohoy.com\/pt-pt\/wp-json\/wp\/v2\/pages\/6050\/revisions\/14681"}],"up":[{"embeddable":true,"href":"https:\/\/lottohoy.com\/pt-pt\/wp-json\/wp\/v2\/pages\/3904"}],"wp:attachment":[{"href":"https:\/\/lottohoy.com\/pt-pt\/wp-json\/wp\/v2\/media?parent=6050"}],"curies":[{"name":"wp","href":"https:\/\/api.w.org\/{rel}","templated":true}]}}