{"id":6016,"date":"2020-08-10T16:00:00","date_gmt":"2020-08-10T15:00:00","guid":{"rendered":"https:\/\/www.lottohoy.com\/?page_id=6016"},"modified":"2025-02-13T18:08:02","modified_gmt":"2025-02-13T18:08:02","slug":"mega-sena","status":"publish","type":"page","link":"https:\/\/lottohoy.com\/pt-pt\/lotarias\/mega-sena\/","title":{"rendered":"Mega Sena informa\u00e7\u00e3o"},"content":{"rendered":"<p><!--more--><\/p>\n<h2>O que \u00e9 a Mega Sena?<\/h2>\n<p>Esta loteria foi criada em Mar\u00e7o de 1996, sendo operada atrav\u00e9s do banco federal Caixa Econ\u00f3mica, uma institui\u00e7\u00e3o financeira que depende do governo federal brasileiro como empresa p\u00fablica, com 100% do capital<\/p>\n<p>Esta loteria, a maior em toda a Am\u00e9rica do Sul, tem um pr\u00e9mio m\u00ednimo garantido de R$ 2.000.000 para os vencedores de primeira categoria (6 acertos)<\/p>\n<p>No caso de n\u00e3o haver vencedor na primeira categoria, o montante ser\u00e1 acumulado indefinidamente para os sorteios seguintes, at\u00e9 haver vencedores.<\/p>\n<h2>Como jogar Mega Sena?<\/h2>\n<p>Para jogar os sorteios online da Mega Sena, o jogador deve definir a sua previs\u00e3o seleccionando 6 n\u00fameros entre 1 e 60, e pode faz\u00ea-lo da forma tradicional, ou seja, marcando manualmente as seis caixas, ou permitindo que o pr\u00f3prio sistema escolha a combina\u00e7\u00e3o ao acaso.<\/p>\n<p>As apostas m\u00faltiplas, que podem ser feitas com bilhetes f\u00edsicos, n\u00e3o s\u00e3o poss\u00edveis (pelo menos de momento) na nossa plataforma online<\/p>\n<h2>Pre\u00e7o das apostas Mega Sena<\/h2>\n<p>O pre\u00e7o de cada aposta da Mega Sena no LottoHoy \u00e9 2 \u20ac<\/p>\n<h2>Sorteio especial de final de ano da Mega Sena<\/h2>\n<p>H\u00e1 um sorteio especial realizado no final do ano, e o pr\u00e9mio acumula a partir da recolha de 5% das receitas dos sorteios normais ao longo do ano.<\/p>\n<p>Este sorteio especial chama-se Mega Sena da Virada, e vende bilhetes entre os meses de Novembro e Dezembro para o sorteio do dia 31 de Dezembro.<\/p>\n<p>A distribui\u00e7\u00e3o dos pr\u00e9mios \u00e9 muito semelhante aos sorteios normais de cada semana, 62% dos pr\u00e9mios recolhidos ser\u00e3o para os vencedores da primeira categoria (6 jogos) tamb\u00e9m chamados Sena,<br \/>\nA segunda categoria de pr\u00e9mios (ou Kina 5 hits) da Mega Virada, distribui 19% do dinheiro recolhido, bem como a terceira categoria (Quadra 4 hits)<\/p>\n<p>Se n\u00e3o houver vencedores na primeira categoria, o pr\u00e9mio ser\u00e1 acumulado para os poss\u00edveis vencedores na segunda categoria, e se n\u00e3o houver vencedores na primeira e segunda categorias, o pr\u00e9mio ser\u00e1 distribu\u00eddo entre os vencedores de 4 jogos na terceira categoria.<\/p>\n<p>Se n\u00e3o houver vencedor em nenhuma das categorias, o montante dos pr\u00e9mios ser\u00e1 acumulado para o pr\u00f3ximo sorteio nas suas respectivas categorias.<\/p>\n<h2>Sorteios extraordin\u00e1rios da loteria Mega Sena<\/h2>\n<p>Para al\u00e9m do sorteio especial de Ano Novo da Maga Sena da Virada, h\u00e1 outros dois sorteios em que os jogadores podem tentar a sua sorte.<\/p>\n<p>O Lotof\u00e1cil da Independ\u00eancia, que coincide com a data da independ\u00eancia do pa\u00eds de 7 de Setembro.<\/p>\n<p>E a DuplaSena que coincide com a P\u00e1scoa, e que se chama Dupla de Pascoa<\/p>\n<h3>Categorias de pr\u00e9mios<\/h3>\n<p>Existem 3 categorias de pr\u00e9mios no total, como se pode ver no quadro abaixo<\/p>\n<p><!--more--><\/p>\n","protected":false},"excerpt":{"rendered":"","protected":false},"author":2,"featured_media":0,"parent":3820,"menu_order":16,"comment_status":"closed","ping_status":"closed","template":"megasena-info.php","meta":{"_et_pb_use_builder":"","_et_pb_old_content":"","_et_gb_content_width":"","exclude_from_search":false,"footnotes":""},"class_list":["post-6016","page","type-page","status-publish","hentry"],"yoast_head":"<!-- This site is optimized with the Yoast SEO plugin v23.7 - https:\/\/yoast.com\/wordpress\/plugins\/seo\/ -->\n<title>Informa\u00e7\u00e3o da Lotaria Mega Sena - Lottohoy.com<\/title>\n<meta name=\"description\" content=\"Todos os detalhes e informa\u00e7\u00f5es sobre a lotaria Mega Sena, detalhes sobre pre\u00e7os, jogos e vantagens de jogar online\" \/>\n<meta name=\"robots\" content=\"index, follow, max-snippet:-1, max-image-preview:large, max-video-preview:-1\" \/>\n<link rel=\"canonical\" href=\"https:\/\/lottohoy.com\/pt-pt\/lotarias\/mega-sena\/\" \/>\n<meta property=\"og:locale\" content=\"pt_PT\" \/>\n<meta property=\"og:type\" content=\"article\" \/>\n<meta property=\"og:title\" content=\"Informa\u00e7\u00e3o da Lotaria Mega Sena - Lottohoy.com\" \/>\n<meta property=\"og:description\" content=\"Todos os detalhes e informa\u00e7\u00f5es sobre a lotaria Mega Sena, detalhes sobre pre\u00e7os, jogos e vantagens de jogar online\" \/>\n<meta property=\"og:url\" content=\"https:\/\/lottohoy.com\/pt-pt\/lotarias\/mega-sena\/\" \/>\n<meta property=\"og:site_name\" content=\"Lottohoy\" \/>\n<meta property=\"article:modified_time\" content=\"2025-02-13T18:08:02+00:00\" \/>\n<meta name=\"twitter:card\" content=\"summary_large_image\" \/>\n<meta name=\"twitter:label1\" content=\"Est. reading time\" \/>\n\t<meta name=\"twitter:data1\" content=\"2 minutes\" \/>\n<script type=\"application\/ld+json\" class=\"yoast-schema-graph\">{\"@context\":\"https:\/\/schema.org\",\"@graph\":[{\"@type\":\"WebPage\",\"@id\":\"https:\/\/lottohoy.com\/pt-pt\/lotarias\/mega-sena\/\",\"url\":\"https:\/\/lottohoy.com\/pt-pt\/lotarias\/mega-sena\/\",\"name\":\"Informa\u00e7\u00e3o da Lotaria Mega Sena - Lottohoy.com\",\"isPartOf\":{\"@id\":\"https:\/\/lottohoy.com\/pt-pt\/#website\"},\"datePublished\":\"2020-08-10T15:00:00+00:00\",\"dateModified\":\"2025-02-13T18:08:02+00:00\",\"description\":\"Todos os detalhes e informa\u00e7\u00f5es sobre a lotaria Mega Sena, detalhes sobre pre\u00e7os, jogos e vantagens de jogar online\",\"breadcrumb\":{\"@id\":\"https:\/\/lottohoy.com\/pt-pt\/lotarias\/mega-sena\/#breadcrumb\"},\"inLanguage\":\"pt-ts\",\"potentialAction\":[{\"@type\":\"ReadAction\",\"target\":[\"https:\/\/lottohoy.com\/pt-pt\/lotarias\/mega-sena\/\"]}]},{\"@type\":\"BreadcrumbList\",\"@id\":\"https:\/\/lottohoy.com\/pt-pt\/lotarias\/mega-sena\/#breadcrumb\",\"itemListElement\":[{\"@type\":\"ListItem\",\"position\":1,\"name\":\"Home\",\"item\":\"https:\/\/lottohoy.com\/pt-pt\/\"},{\"@type\":\"ListItem\",\"position\":2,\"name\":\"Tudo sobre a loteria online\",\"item\":\"https:\/\/lottohoy.com\/pt-pt\/lotarias\/\"},{\"@type\":\"ListItem\",\"position\":3,\"name\":\"Mega Sena informa\u00e7\u00e3o\"}]},{\"@type\":\"WebSite\",\"@id\":\"https:\/\/lottohoy.com\/pt-pt\/#website\",\"url\":\"https:\/\/lottohoy.com\/pt-pt\/\",\"name\":\"Lottohoy\",\"description\":\"\",\"potentialAction\":[{\"@type\":\"SearchAction\",\"target\":{\"@type\":\"EntryPoint\",\"urlTemplate\":\"https:\/\/lottohoy.com\/pt-pt\/?s={search_term_string}\"},\"query-input\":{\"@type\":\"PropertyValueSpecification\",\"valueRequired\":true,\"valueName\":\"search_term_string\"}}],\"inLanguage\":\"pt-ts\"}]}<\/script>\n<!-- \/ Yoast SEO plugin. -->","yoast_head_json":{"title":"Informa\u00e7\u00e3o da Lotaria Mega Sena - Lottohoy.com","description":"Todos os detalhes e informa\u00e7\u00f5es sobre a lotaria Mega Sena, detalhes sobre pre\u00e7os, jogos e vantagens de jogar online","robots":{"index":"index","follow":"follow","max-snippet":"max-snippet:-1","max-image-preview":"max-image-preview:large","max-video-preview":"max-video-preview:-1"},"canonical":"https:\/\/lottohoy.com\/pt-pt\/lotarias\/mega-sena\/","og_locale":"pt_PT","og_type":"article","og_title":"Informa\u00e7\u00e3o da Lotaria Mega Sena - Lottohoy.com","og_description":"Todos os detalhes e informa\u00e7\u00f5es sobre a lotaria Mega Sena, detalhes sobre pre\u00e7os, jogos e vantagens de jogar online","og_url":"https:\/\/lottohoy.com\/pt-pt\/lotarias\/mega-sena\/","og_site_name":"Lottohoy","article_modified_time":"2025-02-13T18:08:02+00:00","twitter_card":"summary_large_image","twitter_misc":{"Est. reading time":"2 minutes"},"schema":{"@context":"https:\/\/schema.org","@graph":[{"@type":"WebPage","@id":"https:\/\/lottohoy.com\/pt-pt\/lotarias\/mega-sena\/","url":"https:\/\/lottohoy.com\/pt-pt\/lotarias\/mega-sena\/","name":"Informa\u00e7\u00e3o da Lotaria Mega Sena - Lottohoy.com","isPartOf":{"@id":"https:\/\/lottohoy.com\/pt-pt\/#website"},"datePublished":"2020-08-10T15:00:00+00:00","dateModified":"2025-02-13T18:08:02+00:00","description":"Todos os detalhes e informa\u00e7\u00f5es sobre a lotaria Mega Sena, detalhes sobre pre\u00e7os, jogos e vantagens de jogar online","breadcrumb":{"@id":"https:\/\/lottohoy.com\/pt-pt\/lotarias\/mega-sena\/#breadcrumb"},"inLanguage":"pt-ts","potentialAction":[{"@type":"ReadAction","target":["https:\/\/lottohoy.com\/pt-pt\/lotarias\/mega-sena\/"]}]},{"@type":"BreadcrumbList","@id":"https:\/\/lottohoy.com\/pt-pt\/lotarias\/mega-sena\/#breadcrumb","itemListElement":[{"@type":"ListItem","position":1,"name":"Home","item":"https:\/\/lottohoy.com\/pt-pt\/"},{"@type":"ListItem","position":2,"name":"Tudo sobre a loteria online","item":"https:\/\/lottohoy.com\/pt-pt\/lotarias\/"},{"@type":"ListItem","position":3,"name":"Mega Sena informa\u00e7\u00e3o"}]},{"@type":"WebSite","@id":"https:\/\/lottohoy.com\/pt-pt\/#website","url":"https:\/\/lottohoy.com\/pt-pt\/","name":"Lottohoy","description":"","potentialAction":[{"@type":"SearchAction","target":{"@type":"EntryPoint","urlTemplate":"https:\/\/lottohoy.com\/pt-pt\/?s={search_term_string}"},"query-input":{"@type":"PropertyValueSpecification","valueRequired":true,"valueName":"search_term_string"}}],"inLanguage":"pt-ts"}]}},"_links":{"self":[{"href":"https:\/\/lottohoy.com\/pt-pt\/wp-json\/wp\/v2\/pages\/6016","targetHints":{"allow":["GET"]}}],"collection":[{"href":"https:\/\/lottohoy.com\/pt-pt\/wp-json\/wp\/v2\/pages"}],"about":[{"href":"https:\/\/lottohoy.com\/pt-pt\/wp-json\/wp\/v2\/types\/page"}],"author":[{"embeddable":true,"href":"https:\/\/lottohoy.com\/pt-pt\/wp-json\/wp\/v2\/users\/2"}],"replies":[{"embeddable":true,"href":"https:\/\/lottohoy.com\/pt-pt\/wp-json\/wp\/v2\/comments?post=6016"}],"version-history":[{"count":2,"href":"https:\/\/lottohoy.com\/pt-pt\/wp-json\/wp\/v2\/pages\/6016\/revisions"}],"predecessor-version":[{"id":14891,"href":"https:\/\/lottohoy.com\/pt-pt\/wp-json\/wp\/v2\/pages\/6016\/revisions\/14891"}],"up":[{"embeddable":true,"href":"https:\/\/lottohoy.com\/pt-pt\/wp-json\/wp\/v2\/pages\/3820"}],"wp:attachment":[{"href":"https:\/\/lottohoy.com\/pt-pt\/wp-json\/wp\/v2\/media?parent=6016"}],"curies":[{"name":"wp","href":"https:\/\/api.w.org\/{rel}","templated":true}]}}