{"id":6000,"date":"2020-08-10T15:58:35","date_gmt":"2020-08-10T14:58:35","guid":{"rendered":"https:\/\/www.lottohoy.com\/?page_id=6000"},"modified":"2025-03-26T06:01:04","modified_gmt":"2025-03-26T06:01:04","slug":"mega-sena","status":"publish","type":"page","link":"https:\/\/lottohoy.com\/pt-pt\/resultados\/mega-sena\/","title":{"rendered":"Resultados da Mega Sena"},"content":{"rendered":"<p><!--more--><\/p>\n<h2>Verificar os resultados da Mega Sena<\/h2>\n<p>Para verificar a combina\u00e7\u00e3o vencedora dos sorteios da loteria Mega Sena, basta comparar os n\u00fameros da combina\u00e7\u00e3o mostrada no seu bilhete com o resultado mostrado nesta p\u00e1gina.<\/p>\n<p>Pode tamb\u00e9m aceder \u00e0 conta de utilizador, onde todos os movimentos ser\u00e3o reflectidos, incluindo os pr\u00e9mios obtidos<\/p>\n<p>Nesta mesma p\u00e1gina, pode tamb\u00e9m consultar os acumulados, os vencedores e os pr\u00e9mios em cada uma das categorias e os sorteios anteriores at\u00e9 aos 24 meses de idade.<\/p>\n<h2>Como \u00e9 a distribui\u00e7\u00e3o dos pr\u00e9mios?<\/h2>\n<p>Nesta p\u00e1gina, pode ver a combina\u00e7\u00e3o vencedora do \u00faltimo sorteio e a distribui\u00e7\u00e3o dos pr\u00e9mios correspondentes a cada uma das categorias.<\/p>\n<p>No caso de ser um utilizador registado, os pr\u00e9mios obtidos s\u00e3o depositados directamente na conta de utilizador e pode ter dinheiro no seu saldo, para que possa jogar novamente ou pedir um levantamento<\/p>\n<h2>Principais pr\u00e9mios e jackpots da loteria Mega Sena<\/h2>\n<p>O pr\u00e9mio m\u00ednimo garantido \u00e9 de R$ 2.000.000. A primeira categoria do pr\u00e9mio \u00e9 cumulativa no caso de n\u00e3o haver vencedor no sorteio, e o pr\u00e9mio continua a acumular-se sem limites.<\/p>\n<p>O maior jackpot acumulado na hist\u00f3ria desta lotaria foi em 2017, que atingiu um recorde de 306.718.743, R$ 71 (equivalente a 49.074.999)<\/p>\n<p>Mega Sena, \u00e9 uma loteria que poder\u00edamos considerar &#8220;f\u00e1cil&#8221; e embora tenha um pr\u00e9mio m\u00ednimo garantido de 2.000.000 euros para os vencedores da primeira categoria (6 acertos), n\u00e3o costuma receber jackpots acumulados de quantias super milion\u00e1rias como outras lotarias europeias ou americanas.<\/p>\n<p>Isto porque \u00e9 frequentemente bem sucedido e h\u00e1 muitos milion\u00e1rios que criaram esta lotaria.<\/p>\n<h2>Os n\u00fameros mais frequentes na Mega Sena<\/h2>\n<p>Desde o in\u00edcio dos sorteios em Mar\u00e7o de 1996, os n\u00fameros que foram sorteados com mais frequ\u00eancia t\u00eam sido<br \/>\nOs chamados &#8220;<strong>n\u00fameros quentes<\/strong>&#8221; 10, 53, 23, 23, 5, 4 e 33<br \/>\nOs chamados &#8220;<strong>n\u00fameros frios<\/strong>&#8221; 25, 55, 21, 22, 3 e 15<\/p>\n<p>Dos n\u00fameros principais, os que tiveram mais apari\u00e7\u00f5es s\u00e3o<br \/>\n&#8211; N\u00famero 10, com 262 apari\u00e7\u00f5es<br \/>\n&#8211; N\u00famero 55, com 261 apari\u00e7\u00f5es<\/p>\n<p>Pelo contr\u00e1rio, quando olhamos para os n\u00fameros que menos apareceram, vemos que o n\u00famero 26, teve apenas 187 apari\u00e7\u00f5es<\/p>\n<p>E para aqueles de v\u00f3s que gostam de estat\u00edsticas:<br \/>\n&#8211; Os pares mais comuns t\u00eam sido 5 e 33 ou 5 e 27<br \/>\n&#8211; Os pares consecutivos foram 51 e 52 ou 41 e 42<br \/>\n&#8211; Os trios mais comuns t\u00eam sido: 24-25 e 42<br \/>\n&#8211; E finalmente os trios consecutivos foram: 6-7 e 8<\/p>\n","protected":false},"excerpt":{"rendered":"","protected":false},"author":2,"featured_media":0,"parent":3855,"menu_order":16,"comment_status":"closed","ping_status":"closed","template":"megasena-results.php","meta":{"_et_pb_use_builder":"","_et_pb_old_content":"","_et_gb_content_width":"","exclude_from_search":false,"footnotes":""},"class_list":["post-6000","page","type-page","status-publish","hentry"],"yoast_head":"<!-- This site is optimized with the Yoast SEO plugin v23.7 - https:\/\/yoast.com\/wordpress\/plugins\/seo\/ -->\n<title>Resultados da Mega Sena mostrados - LottoHoy.com<\/title>\n<meta name=\"description\" content=\"Verifique se ganhou um pr\u00e9mio nos sorteios e compare a aposta que fez, os resultados da Mega Sena do \u00faltimo sorteio s\u00e3o mostrados.\" \/>\n<meta name=\"robots\" content=\"index, follow, max-snippet:-1, max-image-preview:large, max-video-preview:-1\" \/>\n<link rel=\"canonical\" href=\"https:\/\/lottohoy.com\/pt-pt\/resultados\/mega-sena\/\" \/>\n<meta property=\"og:locale\" content=\"pt_PT\" \/>\n<meta property=\"og:type\" content=\"article\" \/>\n<meta property=\"og:title\" content=\"Resultados da Mega Sena mostrados - LottoHoy.com\" \/>\n<meta property=\"og:description\" content=\"Verifique se ganhou um pr\u00e9mio nos sorteios e compare a aposta que fez, os resultados da Mega Sena do \u00faltimo sorteio s\u00e3o mostrados.\" \/>\n<meta property=\"og:url\" content=\"https:\/\/lottohoy.com\/pt-pt\/resultados\/mega-sena\/\" \/>\n<meta property=\"og:site_name\" content=\"Lottohoy\" \/>\n<meta property=\"article:modified_time\" content=\"2025-03-26T06:01:04+00:00\" \/>\n<meta name=\"twitter:card\" content=\"summary_large_image\" \/>\n<meta name=\"twitter:label1\" content=\"Est. reading time\" \/>\n\t<meta name=\"twitter:data1\" content=\"2 minutes\" \/>\n<script type=\"application\/ld+json\" class=\"yoast-schema-graph\">{\"@context\":\"https:\/\/schema.org\",\"@graph\":[{\"@type\":\"WebPage\",\"@id\":\"https:\/\/lottohoy.com\/pt-pt\/resultados\/mega-sena\/\",\"url\":\"https:\/\/lottohoy.com\/pt-pt\/resultados\/mega-sena\/\",\"name\":\"Resultados da Mega Sena mostrados - LottoHoy.com\",\"isPartOf\":{\"@id\":\"https:\/\/lottohoy.com\/pt-pt\/#website\"},\"datePublished\":\"2020-08-10T14:58:35+00:00\",\"dateModified\":\"2025-03-26T06:01:04+00:00\",\"description\":\"Verifique se ganhou um pr\u00e9mio nos sorteios e compare a aposta que fez, os resultados da Mega Sena do \u00faltimo sorteio s\u00e3o mostrados.\",\"breadcrumb\":{\"@id\":\"https:\/\/lottohoy.com\/pt-pt\/resultados\/mega-sena\/#breadcrumb\"},\"inLanguage\":\"pt-ts\",\"potentialAction\":[{\"@type\":\"ReadAction\",\"target\":[\"https:\/\/lottohoy.com\/pt-pt\/resultados\/mega-sena\/\"]}]},{\"@type\":\"BreadcrumbList\",\"@id\":\"https:\/\/lottohoy.com\/pt-pt\/resultados\/mega-sena\/#breadcrumb\",\"itemListElement\":[{\"@type\":\"ListItem\",\"position\":1,\"name\":\"Home\",\"item\":\"https:\/\/lottohoy.com\/pt-pt\/\"},{\"@type\":\"ListItem\",\"position\":2,\"name\":\"Resultados da Lotaria Online\",\"item\":\"https:\/\/lottohoy.com\/pt-pt\/resultados\/\"},{\"@type\":\"ListItem\",\"position\":3,\"name\":\"Resultados da Mega Sena\"}]},{\"@type\":\"WebSite\",\"@id\":\"https:\/\/lottohoy.com\/pt-pt\/#website\",\"url\":\"https:\/\/lottohoy.com\/pt-pt\/\",\"name\":\"Lottohoy\",\"description\":\"\",\"potentialAction\":[{\"@type\":\"SearchAction\",\"target\":{\"@type\":\"EntryPoint\",\"urlTemplate\":\"https:\/\/lottohoy.com\/pt-pt\/?s={search_term_string}\"},\"query-input\":{\"@type\":\"PropertyValueSpecification\",\"valueRequired\":true,\"valueName\":\"search_term_string\"}}],\"inLanguage\":\"pt-ts\"}]}<\/script>\n<!-- \/ Yoast SEO plugin. -->","yoast_head_json":{"title":"Resultados da Mega Sena mostrados - LottoHoy.com","description":"Verifique se ganhou um pr\u00e9mio nos sorteios e compare a aposta que fez, os resultados da Mega Sena do \u00faltimo sorteio s\u00e3o mostrados.","robots":{"index":"index","follow":"follow","max-snippet":"max-snippet:-1","max-image-preview":"max-image-preview:large","max-video-preview":"max-video-preview:-1"},"canonical":"https:\/\/lottohoy.com\/pt-pt\/resultados\/mega-sena\/","og_locale":"pt_PT","og_type":"article","og_title":"Resultados da Mega Sena mostrados - LottoHoy.com","og_description":"Verifique se ganhou um pr\u00e9mio nos sorteios e compare a aposta que fez, os resultados da Mega Sena do \u00faltimo sorteio s\u00e3o mostrados.","og_url":"https:\/\/lottohoy.com\/pt-pt\/resultados\/mega-sena\/","og_site_name":"Lottohoy","article_modified_time":"2025-03-26T06:01:04+00:00","twitter_card":"summary_large_image","twitter_misc":{"Est. reading time":"2 minutes"},"schema":{"@context":"https:\/\/schema.org","@graph":[{"@type":"WebPage","@id":"https:\/\/lottohoy.com\/pt-pt\/resultados\/mega-sena\/","url":"https:\/\/lottohoy.com\/pt-pt\/resultados\/mega-sena\/","name":"Resultados da Mega Sena mostrados - LottoHoy.com","isPartOf":{"@id":"https:\/\/lottohoy.com\/pt-pt\/#website"},"datePublished":"2020-08-10T14:58:35+00:00","dateModified":"2025-03-26T06:01:04+00:00","description":"Verifique se ganhou um pr\u00e9mio nos sorteios e compare a aposta que fez, os resultados da Mega Sena do \u00faltimo sorteio s\u00e3o mostrados.","breadcrumb":{"@id":"https:\/\/lottohoy.com\/pt-pt\/resultados\/mega-sena\/#breadcrumb"},"inLanguage":"pt-ts","potentialAction":[{"@type":"ReadAction","target":["https:\/\/lottohoy.com\/pt-pt\/resultados\/mega-sena\/"]}]},{"@type":"BreadcrumbList","@id":"https:\/\/lottohoy.com\/pt-pt\/resultados\/mega-sena\/#breadcrumb","itemListElement":[{"@type":"ListItem","position":1,"name":"Home","item":"https:\/\/lottohoy.com\/pt-pt\/"},{"@type":"ListItem","position":2,"name":"Resultados da Lotaria Online","item":"https:\/\/lottohoy.com\/pt-pt\/resultados\/"},{"@type":"ListItem","position":3,"name":"Resultados da Mega Sena"}]},{"@type":"WebSite","@id":"https:\/\/lottohoy.com\/pt-pt\/#website","url":"https:\/\/lottohoy.com\/pt-pt\/","name":"Lottohoy","description":"","potentialAction":[{"@type":"SearchAction","target":{"@type":"EntryPoint","urlTemplate":"https:\/\/lottohoy.com\/pt-pt\/?s={search_term_string}"},"query-input":{"@type":"PropertyValueSpecification","valueRequired":true,"valueName":"search_term_string"}}],"inLanguage":"pt-ts"}]}},"_links":{"self":[{"href":"https:\/\/lottohoy.com\/pt-pt\/wp-json\/wp\/v2\/pages\/6000","targetHints":{"allow":["GET"]}}],"collection":[{"href":"https:\/\/lottohoy.com\/pt-pt\/wp-json\/wp\/v2\/pages"}],"about":[{"href":"https:\/\/lottohoy.com\/pt-pt\/wp-json\/wp\/v2\/types\/page"}],"author":[{"embeddable":true,"href":"https:\/\/lottohoy.com\/pt-pt\/wp-json\/wp\/v2\/users\/2"}],"replies":[{"embeddable":true,"href":"https:\/\/lottohoy.com\/pt-pt\/wp-json\/wp\/v2\/comments?post=6000"}],"version-history":[{"count":1,"href":"https:\/\/lottohoy.com\/pt-pt\/wp-json\/wp\/v2\/pages\/6000\/revisions"}],"predecessor-version":[{"id":10918,"href":"https:\/\/lottohoy.com\/pt-pt\/wp-json\/wp\/v2\/pages\/6000\/revisions\/10918"}],"up":[{"embeddable":true,"href":"https:\/\/lottohoy.com\/pt-pt\/wp-json\/wp\/v2\/pages\/3855"}],"wp:attachment":[{"href":"https:\/\/lottohoy.com\/pt-pt\/wp-json\/wp\/v2\/media?parent=6000"}],"curies":[{"name":"wp","href":"https:\/\/api.w.org\/{rel}","templated":true}]}}