{"id":3940,"date":"2018-05-03T14:23:28","date_gmt":"2018-05-03T13:23:28","guid":{"rendered":"https:\/\/www.lottohoy.com\/?page_id=3940"},"modified":"2025-03-25T11:06:44","modified_gmt":"2025-03-25T11:06:44","slug":"lotto-uk","status":"publish","type":"page","link":"https:\/\/lottohoy.com\/pt-pt\/jogar\/lotto-uk\/","title":{"rendered":"Apostar na Loteria Brit\u00e2nica (Lotto UK) online"},"content":{"rendered":"<p><!--more--><\/p>\n<p>A Lotto UK \u00e9 a loteria nacional do Reino Unido, os regulamentos indicam que eles podem apostar e, portanto, coletar pr\u00eamios acima de 18 anos e que residem ou est\u00e3o presentes no momento da coleta no Reino Unido ou na Ilha de Man. Felizmente tamb\u00e9m \u00e9 poss\u00edvel apostar nesta loteria atrav\u00e9s de plataformas online como a LottoHoy.com. onde o pre\u00e7o da aposta \u00fanica \u00e9 de 4,06 Euros.<\/p>\n<p>No caso de ser atribu\u00eddo, o montante do pr\u00e9mio \u00e9 automaticamente creditado na conta do utilizador, e se for um montante muito elevado, oferecemos todo o apoio necess\u00e1rio para poder receber o pr\u00e9mio da forma mais simples poss\u00edvel.<\/p>\n<h2><strong>Como apostar na Loteria do Reino Unido (Lotto UK) on-line?<\/strong><\/h2>\n<p>Quando estiver na p\u00e1gina de jogo da Lotto UK, voc\u00ea ver\u00e1 uma linha com 5 bilhetes de jogo. Cada uma delas tem 59 caixas numeradas de 1 a 59, respectivamente.<\/p>\n<p>Cada aposta consiste em marcar 6 dos 59 quadrados para obter a previs\u00e3o em que pretende apostar e repetir esta ac\u00e7\u00e3o em quantas colunas quiser jogar.<\/p>\n<p>Cada coluna corresponde a uma aposta e, portanto, o valor a ser pago ser\u00e1 o resultado da multiplica\u00e7\u00e3o do valor da aposta pelo n\u00famero de blocos jogados.<\/p>\n<p>A Lotto UK tem c\u00f3digos compostos por quatro c\u00edrculos coloridos com uma letra em cada c\u00edrculo e seguidos por uma s\u00e9rie de 8 n\u00fameros. Isto \u00e9 chamado &#8220;Raffle Millionaire&#8221;, v\u00e1lido para o mesmo dia do sorteio em que \u00e9 jogado.<\/p>\n<p style=\"text-align: center;\"><img loading=\"lazy\" decoding=\"async\" class=\"alignnone size-full wp-image-6928\" src=\"https:\/\/lottohoy.com\/wp-content\/uploads\/sites\/4\/jogar-uk-lottery.png\" alt=\"\" width=\"250\" height=\"250\" \/><\/p>\n<h2><strong>Em que dias \u00e9 sorteado o Lotto UK?<\/strong><\/h2>\n<p>Os sorteios da Loteria do Reino Unido s\u00e3o realizados todas as quartas-feiras \u00e0s 20:00h. GMT e s\u00e1bados \u00e0s 20:30h. GMT . E a venda de bilhetes fecha oficialmente \u00e0s 19:30 GMT.<\/p>\n<h2><strong>Vantagens de comprar a Loteria do Reino Unido (Lotto UK) on-line<\/strong><\/h2>\n<p>H\u00e1 muitas vantagens em comprar o Lotto UK online, especialmente considerando os novos h\u00e1bitos dos consumidores e a conveni\u00eancia que isso implica.<\/p>\n<p>Estas s\u00e3o algumas das principais vantagens de jogar na LottoHoy:<\/p>\n<ul>\n<li><strong>Seguran\u00e7a nas transa\u00e7\u00f5es<\/strong> com HTTPS:\/\/ protocolo e diversos sistemas de pagamento e reembolsos de total confian\u00e7a.<\/li>\n<li><strong>Voc\u00ea pode comprar bilhetes 24\/7 todos os dias do ano<\/strong>. J\u00e1 n\u00e3o \u00e9 necess\u00e1rio estar consciente dos hor\u00e1rios de abertura e encerramento dos pontos de venda.<\/li>\n<li><strong>De qualquer lugar, sem filas e sem viagens<\/strong>. Simplesmente ter um dispositivo m\u00f3vel, um tablet ou um computador com liga\u00e7\u00e3o \u00e0 Internet. N\u00e3o existem mais barreiras geogr\u00e1ficas para apostar na Loto do Reino Unido.<\/li>\n<li><strong>Com a compra on-line, voc\u00ea nunca vai perder o bilhete, ele sempre permanece em sua conta<\/strong>. Com a compra online atrav\u00e9s da nossa plataforma, n\u00e3o s\u00f3 manter\u00e1 sempre um registo do bilhete comprado, como tamb\u00e9m no caso de pr\u00e9mio ser\u00e1 informado imediatamente atrav\u00e9s da sua conta de utilizador.<\/li>\n<li><strong>Receber\u00e1 imediatamente os pr\u00e9mios ganhos na sua conta de utilizador<\/strong>. Ap\u00f3s o sorteio e a publica\u00e7\u00e3o dos <a href=\"https:\/\/lottohoy.com\/pt-pt\/resultados\/lotto-uk\/\"><strong><span style=\"color: #993366;\">resultados da Lotto UK<\/span><\/strong><\/a>, os valores ganhos ser\u00e3o creditados em sua conta de usu\u00e1rio.<\/li>\n<li><strong>Ser informado de jackpots acumulados e sorteios extraordin\u00e1rios<\/strong>. Desta forma, poder\u00e1 conhecer antecipadamente os jackpots mais importantes e poder\u00e1 ajustar a sua aposta para obter um jackpot super milion\u00e1rio.<\/li>\n<\/ul>\n","protected":false},"excerpt":{"rendered":"","protected":false},"author":2,"featured_media":0,"parent":3904,"menu_order":9,"comment_status":"closed","ping_status":"closed","template":"lotto-uk.php","meta":{"_et_pb_use_builder":"","_et_pb_old_content":"","_et_gb_content_width":"","exclude_from_search":false,"footnotes":""},"class_list":["post-3940","page","type-page","status-publish","hentry"],"yoast_head":"<!-- This site is optimized with the Yoast SEO plugin v23.7 - https:\/\/yoast.com\/wordpress\/plugins\/seo\/ -->\n<title>Jogue na Lotto UK on-line - F\u00e1cil, r\u00e1pido e seguro - LottoHoy.com<\/title>\n<meta name=\"description\" content=\"A Lotto UK \u00e9 a loteria nacional do Reino Unido e hoje voc\u00ea pode apostar sem sair de casa. Compre os seus bilhetes e ganhe os seus pr\u00e9mios no local.\" \/>\n<meta name=\"robots\" content=\"index, follow, max-snippet:-1, max-image-preview:large, max-video-preview:-1\" \/>\n<link rel=\"canonical\" href=\"https:\/\/lottohoy.com\/pt-pt\/jogar\/lotto-uk\/\" \/>\n<meta property=\"og:locale\" content=\"pt_PT\" \/>\n<meta property=\"og:type\" content=\"article\" \/>\n<meta property=\"og:title\" content=\"Jogue na Lotto UK on-line - F\u00e1cil, r\u00e1pido e seguro - LottoHoy.com\" \/>\n<meta property=\"og:description\" content=\"A Lotto UK \u00e9 a loteria nacional do Reino Unido e hoje voc\u00ea pode apostar sem sair de casa. Compre os seus bilhetes e ganhe os seus pr\u00e9mios no local.\" \/>\n<meta property=\"og:url\" content=\"https:\/\/lottohoy.com\/pt-pt\/jogar\/lotto-uk\/\" \/>\n<meta property=\"og:site_name\" content=\"Lottohoy\" \/>\n<meta property=\"article:modified_time\" content=\"2025-03-25T11:06:44+00:00\" \/>\n<meta property=\"og:image\" content=\"https:\/\/lottohoy.com\/wp-content\/uploads\/sites\/4\/jogar-uk-lottery.png\" \/>\n<meta name=\"twitter:card\" content=\"summary_large_image\" \/>\n<meta name=\"twitter:label1\" content=\"Est. reading time\" \/>\n\t<meta name=\"twitter:data1\" content=\"3 minutes\" \/>\n<script type=\"application\/ld+json\" class=\"yoast-schema-graph\">{\"@context\":\"https:\/\/schema.org\",\"@graph\":[{\"@type\":\"WebPage\",\"@id\":\"https:\/\/lottohoy.com\/pt-pt\/jogar\/lotto-uk\/\",\"url\":\"https:\/\/lottohoy.com\/pt-pt\/jogar\/lotto-uk\/\",\"name\":\"Jogue na Lotto UK on-line - F\u00e1cil, r\u00e1pido e seguro - LottoHoy.com\",\"isPartOf\":{\"@id\":\"https:\/\/lottohoy.com\/pt-pt\/#website\"},\"primaryImageOfPage\":{\"@id\":\"https:\/\/lottohoy.com\/pt-pt\/jogar\/lotto-uk\/#primaryimage\"},\"image\":{\"@id\":\"https:\/\/lottohoy.com\/pt-pt\/jogar\/lotto-uk\/#primaryimage\"},\"thumbnailUrl\":\"https:\/\/lottohoy.com\/wp-content\/uploads\/sites\/4\/jogar-uk-lottery.png\",\"datePublished\":\"2018-05-03T13:23:28+00:00\",\"dateModified\":\"2025-03-25T11:06:44+00:00\",\"description\":\"A Lotto UK \u00e9 a loteria nacional do Reino Unido e hoje voc\u00ea pode apostar sem sair de casa. Compre os seus bilhetes e ganhe os seus pr\u00e9mios no local.\",\"breadcrumb\":{\"@id\":\"https:\/\/lottohoy.com\/pt-pt\/jogar\/lotto-uk\/#breadcrumb\"},\"inLanguage\":\"pt-ts\",\"potentialAction\":[{\"@type\":\"ReadAction\",\"target\":[\"https:\/\/lottohoy.com\/pt-pt\/jogar\/lotto-uk\/\"]}]},{\"@type\":\"ImageObject\",\"inLanguage\":\"pt-ts\",\"@id\":\"https:\/\/lottohoy.com\/pt-pt\/jogar\/lotto-uk\/#primaryimage\",\"url\":\"https:\/\/lottohoy.com\/wp-content\/uploads\/sites\/4\/jogar-uk-lottery.png\",\"contentUrl\":\"https:\/\/lottohoy.com\/wp-content\/uploads\/sites\/4\/jogar-uk-lottery.png\"},{\"@type\":\"BreadcrumbList\",\"@id\":\"https:\/\/lottohoy.com\/pt-pt\/jogar\/lotto-uk\/#breadcrumb\",\"itemListElement\":[{\"@type\":\"ListItem\",\"position\":1,\"name\":\"Home\",\"item\":\"https:\/\/lottohoy.com\/pt-pt\/\"},{\"@type\":\"ListItem\",\"position\":2,\"name\":\"Compre bilhetes de loteria online\",\"item\":\"https:\/\/lottohoy.com\/pt-pt\/jogar\/\"},{\"@type\":\"ListItem\",\"position\":3,\"name\":\"Apostar na Loteria Brit\u00e2nica (Lotto UK) online\"}]},{\"@type\":\"WebSite\",\"@id\":\"https:\/\/lottohoy.com\/pt-pt\/#website\",\"url\":\"https:\/\/lottohoy.com\/pt-pt\/\",\"name\":\"Lottohoy\",\"description\":\"\",\"potentialAction\":[{\"@type\":\"SearchAction\",\"target\":{\"@type\":\"EntryPoint\",\"urlTemplate\":\"https:\/\/lottohoy.com\/pt-pt\/?s={search_term_string}\"},\"query-input\":{\"@type\":\"PropertyValueSpecification\",\"valueRequired\":true,\"valueName\":\"search_term_string\"}}],\"inLanguage\":\"pt-ts\"}]}<\/script>\n<!-- \/ Yoast SEO plugin. -->","yoast_head_json":{"title":"Jogue na Lotto UK on-line - F\u00e1cil, r\u00e1pido e seguro - LottoHoy.com","description":"A Lotto UK \u00e9 a loteria nacional do Reino Unido e hoje voc\u00ea pode apostar sem sair de casa. Compre os seus bilhetes e ganhe os seus pr\u00e9mios no local.","robots":{"index":"index","follow":"follow","max-snippet":"max-snippet:-1","max-image-preview":"max-image-preview:large","max-video-preview":"max-video-preview:-1"},"canonical":"https:\/\/lottohoy.com\/pt-pt\/jogar\/lotto-uk\/","og_locale":"pt_PT","og_type":"article","og_title":"Jogue na Lotto UK on-line - F\u00e1cil, r\u00e1pido e seguro - LottoHoy.com","og_description":"A Lotto UK \u00e9 a loteria nacional do Reino Unido e hoje voc\u00ea pode apostar sem sair de casa. Compre os seus bilhetes e ganhe os seus pr\u00e9mios no local.","og_url":"https:\/\/lottohoy.com\/pt-pt\/jogar\/lotto-uk\/","og_site_name":"Lottohoy","article_modified_time":"2025-03-25T11:06:44+00:00","og_image":[{"url":"https:\/\/lottohoy.com\/wp-content\/uploads\/sites\/4\/jogar-uk-lottery.png"}],"twitter_card":"summary_large_image","twitter_misc":{"Est. reading time":"3 minutes"},"schema":{"@context":"https:\/\/schema.org","@graph":[{"@type":"WebPage","@id":"https:\/\/lottohoy.com\/pt-pt\/jogar\/lotto-uk\/","url":"https:\/\/lottohoy.com\/pt-pt\/jogar\/lotto-uk\/","name":"Jogue na Lotto UK on-line - F\u00e1cil, r\u00e1pido e seguro - LottoHoy.com","isPartOf":{"@id":"https:\/\/lottohoy.com\/pt-pt\/#website"},"primaryImageOfPage":{"@id":"https:\/\/lottohoy.com\/pt-pt\/jogar\/lotto-uk\/#primaryimage"},"image":{"@id":"https:\/\/lottohoy.com\/pt-pt\/jogar\/lotto-uk\/#primaryimage"},"thumbnailUrl":"https:\/\/lottohoy.com\/wp-content\/uploads\/sites\/4\/jogar-uk-lottery.png","datePublished":"2018-05-03T13:23:28+00:00","dateModified":"2025-03-25T11:06:44+00:00","description":"A Lotto UK \u00e9 a loteria nacional do Reino Unido e hoje voc\u00ea pode apostar sem sair de casa. Compre os seus bilhetes e ganhe os seus pr\u00e9mios no local.","breadcrumb":{"@id":"https:\/\/lottohoy.com\/pt-pt\/jogar\/lotto-uk\/#breadcrumb"},"inLanguage":"pt-ts","potentialAction":[{"@type":"ReadAction","target":["https:\/\/lottohoy.com\/pt-pt\/jogar\/lotto-uk\/"]}]},{"@type":"ImageObject","inLanguage":"pt-ts","@id":"https:\/\/lottohoy.com\/pt-pt\/jogar\/lotto-uk\/#primaryimage","url":"https:\/\/lottohoy.com\/wp-content\/uploads\/sites\/4\/jogar-uk-lottery.png","contentUrl":"https:\/\/lottohoy.com\/wp-content\/uploads\/sites\/4\/jogar-uk-lottery.png"},{"@type":"BreadcrumbList","@id":"https:\/\/lottohoy.com\/pt-pt\/jogar\/lotto-uk\/#breadcrumb","itemListElement":[{"@type":"ListItem","position":1,"name":"Home","item":"https:\/\/lottohoy.com\/pt-pt\/"},{"@type":"ListItem","position":2,"name":"Compre bilhetes de loteria online","item":"https:\/\/lottohoy.com\/pt-pt\/jogar\/"},{"@type":"ListItem","position":3,"name":"Apostar na Loteria Brit\u00e2nica (Lotto UK) online"}]},{"@type":"WebSite","@id":"https:\/\/lottohoy.com\/pt-pt\/#website","url":"https:\/\/lottohoy.com\/pt-pt\/","name":"Lottohoy","description":"","potentialAction":[{"@type":"SearchAction","target":{"@type":"EntryPoint","urlTemplate":"https:\/\/lottohoy.com\/pt-pt\/?s={search_term_string}"},"query-input":{"@type":"PropertyValueSpecification","valueRequired":true,"valueName":"search_term_string"}}],"inLanguage":"pt-ts"}]}},"_links":{"self":[{"href":"https:\/\/lottohoy.com\/pt-pt\/wp-json\/wp\/v2\/pages\/3940","targetHints":{"allow":["GET"]}}],"collection":[{"href":"https:\/\/lottohoy.com\/pt-pt\/wp-json\/wp\/v2\/pages"}],"about":[{"href":"https:\/\/lottohoy.com\/pt-pt\/wp-json\/wp\/v2\/types\/page"}],"author":[{"embeddable":true,"href":"https:\/\/lottohoy.com\/pt-pt\/wp-json\/wp\/v2\/users\/2"}],"replies":[{"embeddable":true,"href":"https:\/\/lottohoy.com\/pt-pt\/wp-json\/wp\/v2\/comments?post=3940"}],"version-history":[{"count":2,"href":"https:\/\/lottohoy.com\/pt-pt\/wp-json\/wp\/v2\/pages\/3940\/revisions"}],"predecessor-version":[{"id":10945,"href":"https:\/\/lottohoy.com\/pt-pt\/wp-json\/wp\/v2\/pages\/3940\/revisions\/10945"}],"up":[{"embeddable":true,"href":"https:\/\/lottohoy.com\/pt-pt\/wp-json\/wp\/v2\/pages\/3904"}],"wp:attachment":[{"href":"https:\/\/lottohoy.com\/pt-pt\/wp-json\/wp\/v2\/media?parent=3940"}],"curies":[{"name":"wp","href":"https:\/\/api.w.org\/{rel}","templated":true}]}}