{"id":3937,"date":"2018-05-03T14:23:27","date_gmt":"2018-05-03T13:23:27","guid":{"rendered":"https:\/\/www.lottohoy.com\/?page_id=3937"},"modified":"2025-03-25T09:42:04","modified_gmt":"2025-03-25T09:42:04","slug":"superenalotto","status":"publish","type":"page","link":"https:\/\/lottohoy.com\/pt-pt\/jogar\/superenalotto\/","title":{"rendered":"Apostar no SuperEnalotto online"},"content":{"rendered":"<p><!--more--><\/p>\n<h2><strong>Jogar Superenalotto online<\/strong><\/h2>\n<p>O Superenalotto \u00e9 o jogo mais conhecido da It\u00e1lia e, ao mesmo tempo, um dos mais importantes de toda a Europa, para os grandes jackpots que chegam a ser alcan\u00e7ados.<\/p>\n<p>A forma de jogar \u00e9 muito simples: a partir de uma mesa composta por 90 quadrados, numerados de 1 a 90, voc\u00ea deve selecionar 6 e, assim, obter a combina\u00e7\u00e3o vencedora do pote.<\/p>\n<p>A extrac\u00e7\u00e3o destes n\u00fameros \u00e9 feita atrav\u00e9s de duas m\u00e1quinas. Da primeira, as bolas numeradas s\u00e3o extra\u00eddas (6 principais + 1 extra para o wild card ou Jolly Ball) e da outra m\u00e1quina uma bola \u00e9 extra\u00edda para determinar o n\u00famero Super Star.<\/p>\n<p>Este n\u00famero extra ou Jolly joker pode ser escolhido pelo pr\u00f3prio jogador ou permitir que o sistema escolha aleatoriamente de forma aleat\u00f3ria, e tem um custo para a margem.<\/p>\n<h2><strong>Como jogar Superenalotto online?<\/strong><\/h2>\n<p>Jogar Superenalotto online \u00e9 realmente f\u00e1cil, basta criar uma conta de usu\u00e1rio na LottoHoy para acessar todas as informa\u00e7\u00f5es sobre dinheiro, pagamentos, assinaturas, bilhetes comprados, estat\u00edsticas, etc &#8230;.<\/p>\n<p>Esta mesma p\u00e1gina mostra cinco colunas de jogo, cada uma das 5 colunas tem caixas numeradas de 1 a 90, e voc\u00ea pode preencher quantas quiser. Cada coluna refere-se a uma \u00fanica aposta cujo pre\u00e7o \u00e9 de 3,00 Euros.<\/p>\n<p>Nestas colunas ou linhas de 90 n\u00fameros \u00e9 onde voc\u00ea deve fazer a previs\u00e3o que deseja, a partir da base que voc\u00ea deve marcar 6 n\u00fameros para um simples movimento.<\/p>\n<p>O sistema permite-nos preencher estas caixas manualmente ou utilizando a caixa de selec\u00e7\u00e3o r\u00e1pida, que aparece acima de cada tabuleiro, deixar o pr\u00f3prio sistema escolher aleatoriamente a combina\u00e7\u00e3o da nossa aposta.<\/p>\n<p>Uma vez que os n\u00fameros tenham sido selecionados em uma ou mais colunas, v\u00e1 at\u00e9 a caixa CONTINUAR e fa\u00e7a o pagamento. \u00c9 assim t\u00e3o simples.<\/p>\n<p style=\"text-align: center;\"><img loading=\"lazy\" decoding=\"async\" class=\"alignnone size-full wp-image-6918\" src=\"https:\/\/lottohoy.com\/wp-content\/uploads\/sites\/4\/jogar-superenalotto.png\" alt=\"\" width=\"250\" height=\"250\" \/><\/p>\n<h2><strong>Os pr\u00eamios da Superenalotto Italia<\/strong><\/h2>\n<p>A Superenalotto tem v\u00e1rias formas de distribuir pr\u00eamios, at\u00e9 um total de 15, entre os pr\u00eamios principais, pr\u00eamios Super Star e Ganho Instant\u00e2neo.<\/p>\n<p>A quantidade de pr\u00eamios a serem distribu\u00eddos entre as diversas categorias varia de acordo com os valores arrecadados.<\/p>\n<p>Aqui vamos nos concentrar nos principais pr\u00eamios que s\u00e3o acess\u00edveis a partir da plataforma online.<\/p>\n<p>Existem seis categorias para os <a href=\"https:\/\/lottohoy.com\/pt-pt\/resultados\/superenalotto\/\"><span style=\"color: #993366;\"><strong>resultados da Superenalotto<\/strong><\/span><\/a>:<\/p>\n<ul>\n<li><strong>Primeira categoria:<\/strong> Para os vencedores dos 6 n\u00fameros da combina\u00e7\u00e3o.<\/li>\n<li><strong>Segunda categoria<\/strong>: 5 sucessos mais a bola selvagem, tamb\u00e9m chamada Jolly.<\/li>\n<li><strong>Terceira categoria<\/strong>: 5 sucessos da combina\u00e7\u00e3o.<\/li>\n<li><strong>Quarta categoria:<\/strong> 4 sucessos da combina\u00e7\u00e3o.<\/li>\n<li><strong>Quinta categoria<\/strong>: 3 sucessos da combina\u00e7\u00e3o.<\/li>\n<li><strong>Sexta categoria<\/strong>: para os vencedores de 2 n\u00fameros da combina\u00e7\u00e3o.<\/li>\n<\/ul>\n<h2><strong>Quando \u00e9 o sorteio da Superenalotto?<\/strong><\/h2>\n<p>Os sorteios da loteria Superenalotto s\u00e3o normalmente realizados todas as ter\u00e7as, quintas e s\u00e1bados \u00e0s 20:00 GTM.<\/p>\n<p>No entanto, algumas destas datas podem ser substitu\u00eddas pelo dia no caso de coincidir com uma data marcada como feriado geral (Dia da Rep\u00fablica, Todos os Santos, Imaculada Concei\u00e7\u00e3o, Natal, etc&#8230;).<\/p>\n<p>Como se trata de um sorteio em tais dias consecutivos (ter\u00e7a-feira-Quinta-feira-s\u00e1bado), pode n\u00e3o ser poss\u00edvel mover o sorteio para um dia anterior ou seguinte, e neste caso v\u00e1rias datas de sorteio devem ser modificadas ao mesmo tempo. Normalmente, nestes casos, os sorteios s\u00e3o remarcados com anteced\u00eancia.<\/p>\n<h2><strong>Quanto custa jogar Superenalotto?<\/strong><\/h2>\n<p>O pre\u00e7o de cada bilhete da Superenalotto na LottoHoy \u00e9 a partir de 3\u20ac e inclui todos os custos de manuseio e gest\u00e3o de compras atrav\u00e9s de vendedores oficiais e\/ou similares.<\/p>\n","protected":false},"excerpt":{"rendered":"","protected":false},"author":2,"featured_media":0,"parent":3904,"menu_order":5,"comment_status":"closed","ping_status":"closed","template":"superenalotto.php","meta":{"_et_pb_use_builder":"","_et_pb_old_content":"","_et_gb_content_width":"","exclude_from_search":false,"footnotes":""},"class_list":["post-3937","page","type-page","status-publish","hentry"],"yoast_head":"<!-- This site is optimized with the Yoast SEO plugin v23.7 - https:\/\/yoast.com\/wordpress\/plugins\/seo\/ -->\n<title>Jugar Superenalotto Online - Loter\u00eda de Italia - LottoHoy.com<\/title>\n<meta name=\"description\" content=\"O Superenalotto \u00e9 o jogo mais conhecido na It\u00e1lia e um dos mais importantes da Europa para os grandes barcos que oferece. Participe agora!\" \/>\n<meta name=\"robots\" content=\"index, follow, max-snippet:-1, max-image-preview:large, max-video-preview:-1\" \/>\n<link rel=\"canonical\" href=\"https:\/\/lottohoy.com\/pt-pt\/jogar\/superenalotto\/\" \/>\n<meta property=\"og:locale\" content=\"pt_PT\" \/>\n<meta property=\"og:type\" content=\"article\" \/>\n<meta property=\"og:title\" content=\"Jugar Superenalotto Online - Loter\u00eda de Italia - LottoHoy.com\" \/>\n<meta property=\"og:description\" content=\"O Superenalotto \u00e9 o jogo mais conhecido na It\u00e1lia e um dos mais importantes da Europa para os grandes barcos que oferece. Participe agora!\" \/>\n<meta property=\"og:url\" content=\"https:\/\/lottohoy.com\/pt-pt\/jogar\/superenalotto\/\" \/>\n<meta property=\"og:site_name\" content=\"Lottohoy\" \/>\n<meta property=\"article:modified_time\" content=\"2025-03-25T09:42:04+00:00\" \/>\n<meta property=\"og:image\" content=\"https:\/\/lottohoy.com\/wp-content\/uploads\/sites\/4\/jogar-superenalotto.png\" \/>\n<meta name=\"twitter:card\" content=\"summary_large_image\" \/>\n<meta name=\"twitter:label1\" content=\"Est. reading time\" \/>\n\t<meta name=\"twitter:data1\" content=\"3 minutes\" \/>\n<script type=\"application\/ld+json\" class=\"yoast-schema-graph\">{\"@context\":\"https:\/\/schema.org\",\"@graph\":[{\"@type\":\"WebPage\",\"@id\":\"https:\/\/lottohoy.com\/pt-pt\/jogar\/superenalotto\/\",\"url\":\"https:\/\/lottohoy.com\/pt-pt\/jogar\/superenalotto\/\",\"name\":\"Jugar Superenalotto Online - Loter\u00eda de Italia - LottoHoy.com\",\"isPartOf\":{\"@id\":\"https:\/\/lottohoy.com\/pt-pt\/#website\"},\"primaryImageOfPage\":{\"@id\":\"https:\/\/lottohoy.com\/pt-pt\/jogar\/superenalotto\/#primaryimage\"},\"image\":{\"@id\":\"https:\/\/lottohoy.com\/pt-pt\/jogar\/superenalotto\/#primaryimage\"},\"thumbnailUrl\":\"https:\/\/lottohoy.com\/wp-content\/uploads\/sites\/4\/jogar-superenalotto.png\",\"datePublished\":\"2018-05-03T13:23:27+00:00\",\"dateModified\":\"2025-03-25T09:42:04+00:00\",\"description\":\"O Superenalotto \u00e9 o jogo mais conhecido na It\u00e1lia e um dos mais importantes da Europa para os grandes barcos que oferece. Participe agora!\",\"breadcrumb\":{\"@id\":\"https:\/\/lottohoy.com\/pt-pt\/jogar\/superenalotto\/#breadcrumb\"},\"inLanguage\":\"pt-ts\",\"potentialAction\":[{\"@type\":\"ReadAction\",\"target\":[\"https:\/\/lottohoy.com\/pt-pt\/jogar\/superenalotto\/\"]}]},{\"@type\":\"ImageObject\",\"inLanguage\":\"pt-ts\",\"@id\":\"https:\/\/lottohoy.com\/pt-pt\/jogar\/superenalotto\/#primaryimage\",\"url\":\"https:\/\/lottohoy.com\/wp-content\/uploads\/sites\/4\/jogar-superenalotto.png\",\"contentUrl\":\"https:\/\/lottohoy.com\/wp-content\/uploads\/sites\/4\/jogar-superenalotto.png\"},{\"@type\":\"BreadcrumbList\",\"@id\":\"https:\/\/lottohoy.com\/pt-pt\/jogar\/superenalotto\/#breadcrumb\",\"itemListElement\":[{\"@type\":\"ListItem\",\"position\":1,\"name\":\"Home\",\"item\":\"https:\/\/lottohoy.com\/pt-pt\/\"},{\"@type\":\"ListItem\",\"position\":2,\"name\":\"Compre bilhetes de loteria online\",\"item\":\"https:\/\/lottohoy.com\/pt-pt\/jogar\/\"},{\"@type\":\"ListItem\",\"position\":3,\"name\":\"Apostar no SuperEnalotto online\"}]},{\"@type\":\"WebSite\",\"@id\":\"https:\/\/lottohoy.com\/pt-pt\/#website\",\"url\":\"https:\/\/lottohoy.com\/pt-pt\/\",\"name\":\"Lottohoy\",\"description\":\"\",\"potentialAction\":[{\"@type\":\"SearchAction\",\"target\":{\"@type\":\"EntryPoint\",\"urlTemplate\":\"https:\/\/lottohoy.com\/pt-pt\/?s={search_term_string}\"},\"query-input\":{\"@type\":\"PropertyValueSpecification\",\"valueRequired\":true,\"valueName\":\"search_term_string\"}}],\"inLanguage\":\"pt-ts\"}]}<\/script>\n<!-- \/ Yoast SEO plugin. -->","yoast_head_json":{"title":"Jugar Superenalotto Online - Loter\u00eda de Italia - LottoHoy.com","description":"O Superenalotto \u00e9 o jogo mais conhecido na It\u00e1lia e um dos mais importantes da Europa para os grandes barcos que oferece. Participe agora!","robots":{"index":"index","follow":"follow","max-snippet":"max-snippet:-1","max-image-preview":"max-image-preview:large","max-video-preview":"max-video-preview:-1"},"canonical":"https:\/\/lottohoy.com\/pt-pt\/jogar\/superenalotto\/","og_locale":"pt_PT","og_type":"article","og_title":"Jugar Superenalotto Online - Loter\u00eda de Italia - LottoHoy.com","og_description":"O Superenalotto \u00e9 o jogo mais conhecido na It\u00e1lia e um dos mais importantes da Europa para os grandes barcos que oferece. Participe agora!","og_url":"https:\/\/lottohoy.com\/pt-pt\/jogar\/superenalotto\/","og_site_name":"Lottohoy","article_modified_time":"2025-03-25T09:42:04+00:00","og_image":[{"url":"https:\/\/lottohoy.com\/wp-content\/uploads\/sites\/4\/jogar-superenalotto.png"}],"twitter_card":"summary_large_image","twitter_misc":{"Est. reading time":"3 minutes"},"schema":{"@context":"https:\/\/schema.org","@graph":[{"@type":"WebPage","@id":"https:\/\/lottohoy.com\/pt-pt\/jogar\/superenalotto\/","url":"https:\/\/lottohoy.com\/pt-pt\/jogar\/superenalotto\/","name":"Jugar Superenalotto Online - Loter\u00eda de Italia - LottoHoy.com","isPartOf":{"@id":"https:\/\/lottohoy.com\/pt-pt\/#website"},"primaryImageOfPage":{"@id":"https:\/\/lottohoy.com\/pt-pt\/jogar\/superenalotto\/#primaryimage"},"image":{"@id":"https:\/\/lottohoy.com\/pt-pt\/jogar\/superenalotto\/#primaryimage"},"thumbnailUrl":"https:\/\/lottohoy.com\/wp-content\/uploads\/sites\/4\/jogar-superenalotto.png","datePublished":"2018-05-03T13:23:27+00:00","dateModified":"2025-03-25T09:42:04+00:00","description":"O Superenalotto \u00e9 o jogo mais conhecido na It\u00e1lia e um dos mais importantes da Europa para os grandes barcos que oferece. Participe agora!","breadcrumb":{"@id":"https:\/\/lottohoy.com\/pt-pt\/jogar\/superenalotto\/#breadcrumb"},"inLanguage":"pt-ts","potentialAction":[{"@type":"ReadAction","target":["https:\/\/lottohoy.com\/pt-pt\/jogar\/superenalotto\/"]}]},{"@type":"ImageObject","inLanguage":"pt-ts","@id":"https:\/\/lottohoy.com\/pt-pt\/jogar\/superenalotto\/#primaryimage","url":"https:\/\/lottohoy.com\/wp-content\/uploads\/sites\/4\/jogar-superenalotto.png","contentUrl":"https:\/\/lottohoy.com\/wp-content\/uploads\/sites\/4\/jogar-superenalotto.png"},{"@type":"BreadcrumbList","@id":"https:\/\/lottohoy.com\/pt-pt\/jogar\/superenalotto\/#breadcrumb","itemListElement":[{"@type":"ListItem","position":1,"name":"Home","item":"https:\/\/lottohoy.com\/pt-pt\/"},{"@type":"ListItem","position":2,"name":"Compre bilhetes de loteria online","item":"https:\/\/lottohoy.com\/pt-pt\/jogar\/"},{"@type":"ListItem","position":3,"name":"Apostar no SuperEnalotto online"}]},{"@type":"WebSite","@id":"https:\/\/lottohoy.com\/pt-pt\/#website","url":"https:\/\/lottohoy.com\/pt-pt\/","name":"Lottohoy","description":"","potentialAction":[{"@type":"SearchAction","target":{"@type":"EntryPoint","urlTemplate":"https:\/\/lottohoy.com\/pt-pt\/?s={search_term_string}"},"query-input":{"@type":"PropertyValueSpecification","valueRequired":true,"valueName":"search_term_string"}}],"inLanguage":"pt-ts"}]}},"_links":{"self":[{"href":"https:\/\/lottohoy.com\/pt-pt\/wp-json\/wp\/v2\/pages\/3937","targetHints":{"allow":["GET"]}}],"collection":[{"href":"https:\/\/lottohoy.com\/pt-pt\/wp-json\/wp\/v2\/pages"}],"about":[{"href":"https:\/\/lottohoy.com\/pt-pt\/wp-json\/wp\/v2\/types\/page"}],"author":[{"embeddable":true,"href":"https:\/\/lottohoy.com\/pt-pt\/wp-json\/wp\/v2\/users\/2"}],"replies":[{"embeddable":true,"href":"https:\/\/lottohoy.com\/pt-pt\/wp-json\/wp\/v2\/comments?post=3937"}],"version-history":[{"count":2,"href":"https:\/\/lottohoy.com\/pt-pt\/wp-json\/wp\/v2\/pages\/3937\/revisions"}],"predecessor-version":[{"id":16677,"href":"https:\/\/lottohoy.com\/pt-pt\/wp-json\/wp\/v2\/pages\/3937\/revisions\/16677"}],"up":[{"embeddable":true,"href":"https:\/\/lottohoy.com\/pt-pt\/wp-json\/wp\/v2\/pages\/3904"}],"wp:attachment":[{"href":"https:\/\/lottohoy.com\/pt-pt\/wp-json\/wp\/v2\/media?parent=3937"}],"curies":[{"name":"wp","href":"https:\/\/api.w.org\/{rel}","templated":true}]}}