{"id":3935,"date":"2018-08-23T10:30:41","date_gmt":"2018-08-23T09:30:41","guid":{"rendered":"https:\/\/www.lottohoy.com\/?page_id=3935"},"modified":"2025-02-12T10:29:04","modified_gmt":"2025-02-12T10:29:04","slug":"saturday-lotto-au","status":"publish","type":"page","link":"https:\/\/lottohoy.com\/pt-pt\/jogar\/saturday-lotto-au\/","title":{"rendered":"Apostar no Saturday Lotto online"},"content":{"rendered":"<p><!--more--><\/p>\n<p>Para completar a gama semanal de sorteios da loteria na Austr\u00e1lia, existe a Saturday Lotto, um jogo que agora se assemelha \u00e0s loterias europ\u00e9ias e consiste em um sistema de bolas sorteadas de um beisebol, para configurar uma combina\u00e7\u00e3o de 6 n\u00fameros.<\/p>\n<p>Esta loteria tem uma s\u00e9rie de desenhos extraordin\u00e1rios, chamados &#8220;superdraws&#8221;, com um pr\u00eamio de at\u00e9 AUD $ 20.000.000 que s\u00e3o realizadas a cada 6 ou 7 desenhos ordin\u00e1rios.<\/p>\n<p>Al\u00e9m disso, eles tamb\u00e9m t\u00eam outros sorteios especiais, os &#8220;megadraws&#8221;, geralmente nas datas de Natal e Ano Novo, com um jackpot estimado de at\u00e9 AUD $30.000.000.<\/p>\n<h2><strong>Como voc\u00ea joga na Australia Saturday Lotto?<\/strong><\/h2>\n<p>Para fazer uma aposta na Saturday Lotto, o apostador deve escolher 6 n\u00fameros do tabuleiro de jogo que \u00e9 composto por 45 caixas numeradas de 1 a 45, respectivamente. O pre\u00e7o de uma aposta simples na Lottohoy \u00e9 de 1,50 Euros.<\/p>\n<p>Quando o sorteio \u00e9 realizado, s\u00e3o sorteadas 6 bolas principais, mais dois extras chamados &#8220;complementares&#8221;, que n\u00e3o t\u00eam outra fun\u00e7\u00e3o sen\u00e3o a de adicionar um b\u00f3nus aos vencedores da 2\u00aa e 5\u00aa categorias.<\/p>\n<p>\u00c9 essencial que estas 2 bolas sejam combinadas com pelo menos uma das bolas principais para se qualificar para o pr\u00e9mio da 6\u00aa categoria.<\/p>\n<h2><strong>Quando \u00e9 o sorteio da Saturday Lotto da AU?<\/strong><\/h2>\n<p>H\u00e1 apenas um sorteio por semana, todos os s\u00e1bados \u00e0s 20:30 hora local na Austr\u00e1lia.<\/p>\n<p>A venda de ingressos fecha 1 hora antes do sorteio, e uma vez que o sorteio termina, ele \u00e9 reaberto para o sorteio da pr\u00f3xima semana.<\/p>\n<h2><strong>Quanto custa a Loteria <\/strong><strong>Saturday Lotto AU<\/strong><strong>?<\/strong><\/h2>\n<p>No LottoHoy voc\u00ea pode apostar na Saturday Lotto a partir de 1,50\u20ac por coluna apostada. (Este montante pode variar em fun\u00e7\u00e3o da taxa de c\u00e2mbio do d\u00f3lar em rela\u00e7\u00e3o ao euro).<\/p>\n<p>Este pre\u00e7o baixo torna-o um dos mais atractivos para jogar todas as semanas.<\/p>\n<h2><strong>Como comprar a Saturday Lotto<\/strong><\/h2>\n<p>Se voc\u00ea n\u00e3o \u00e9 residente na Austr\u00e1lia, ou n\u00e3o tem a oportunidade de fazer uma viagem de lazer ou neg\u00f3cios atrav\u00e9s dessas terras, \u00e9 aconselh\u00e1vel comprar a loteria em um confort\u00e1vel e f\u00e1cil atrav\u00e9s da nossa plataforma on-line.<\/p>\n<p>Basta seguir estes passos:<\/p>\n<ul>\n<li>Entre na p\u00e1gina de jogo da Saturday Lotto<\/li>\n<li>Cada coluna ou linha deve ser marcada com 6 caixas das 45 dispon\u00edveis.<\/li>\n<li>Voc\u00ea pode aumentar o n\u00famero de colunas para jogar clicando em <strong>&#8220;Mais linhas&#8221;<\/strong>.<\/li>\n<li>Clique em &#8220;Continuar&#8221; para acessar a p\u00e1gina de pagamentos.<\/li>\n<\/ul>\n<p>Na tela de pagamento, uma grande variedade de m\u00e9todos de pagamento \u00e9 mostrada, desde cart\u00f5es de cr\u00e9dito\/d\u00e9bito e sistemas conhecidos como Skrill ou Neteller, at\u00e9 uma longa lista de outros m\u00e9todos de pagamento.<\/p>\n","protected":false},"excerpt":{"rendered":"","protected":false},"author":2,"featured_media":0,"parent":3904,"menu_order":19,"comment_status":"closed","ping_status":"closed","template":"saturday-lotto.php","meta":{"_et_pb_use_builder":"","_et_pb_old_content":"","_et_gb_content_width":"","exclude_from_search":false,"footnotes":""},"class_list":["post-3935","page","type-page","status-publish","hentry"],"yoast_head":"<!-- This site is optimized with the Yoast SEO plugin v23.7 - https:\/\/yoast.com\/wordpress\/plugins\/seo\/ -->\n<title>Jogue na Saturday Lotto, a loteria australiana de fim de semana<\/title>\n<meta name=\"description\" content=\"Para fazer uma aposta na Saturday Lotto voc\u00ea s\u00f3 tem que escolher 6 n\u00fameros do tabuleiro de jogo que \u00e9 composto por 45 quadrados.\" \/>\n<meta name=\"robots\" content=\"index, follow, max-snippet:-1, max-image-preview:large, max-video-preview:-1\" \/>\n<link rel=\"canonical\" href=\"https:\/\/lottohoy.com\/pt-pt\/jogar\/saturday-lotto-au\/\" \/>\n<meta property=\"og:locale\" content=\"pt_PT\" \/>\n<meta property=\"og:type\" content=\"article\" \/>\n<meta property=\"og:title\" content=\"Jogue na Saturday Lotto, a loteria australiana de fim de semana\" \/>\n<meta property=\"og:description\" content=\"Para fazer uma aposta na Saturday Lotto voc\u00ea s\u00f3 tem que escolher 6 n\u00fameros do tabuleiro de jogo que \u00e9 composto por 45 quadrados.\" \/>\n<meta property=\"og:url\" content=\"https:\/\/lottohoy.com\/pt-pt\/jogar\/saturday-lotto-au\/\" \/>\n<meta property=\"og:site_name\" content=\"Lottohoy\" \/>\n<meta property=\"article:modified_time\" content=\"2025-02-12T10:29:04+00:00\" \/>\n<meta name=\"twitter:card\" content=\"summary_large_image\" \/>\n<meta name=\"twitter:label1\" content=\"Est. reading time\" \/>\n\t<meta name=\"twitter:data1\" content=\"2 minutes\" \/>\n<script type=\"application\/ld+json\" class=\"yoast-schema-graph\">{\"@context\":\"https:\/\/schema.org\",\"@graph\":[{\"@type\":\"WebPage\",\"@id\":\"https:\/\/lottohoy.com\/pt-pt\/jogar\/saturday-lotto-au\/\",\"url\":\"https:\/\/lottohoy.com\/pt-pt\/jogar\/saturday-lotto-au\/\",\"name\":\"Jogue na Saturday Lotto, a loteria australiana de fim de semana\",\"isPartOf\":{\"@id\":\"https:\/\/lottohoy.com\/pt-pt\/#website\"},\"datePublished\":\"2018-08-23T09:30:41+00:00\",\"dateModified\":\"2025-02-12T10:29:04+00:00\",\"description\":\"Para fazer uma aposta na Saturday Lotto voc\u00ea s\u00f3 tem que escolher 6 n\u00fameros do tabuleiro de jogo que \u00e9 composto por 45 quadrados.\",\"breadcrumb\":{\"@id\":\"https:\/\/lottohoy.com\/pt-pt\/jogar\/saturday-lotto-au\/#breadcrumb\"},\"inLanguage\":\"pt-ts\",\"potentialAction\":[{\"@type\":\"ReadAction\",\"target\":[\"https:\/\/lottohoy.com\/pt-pt\/jogar\/saturday-lotto-au\/\"]}]},{\"@type\":\"BreadcrumbList\",\"@id\":\"https:\/\/lottohoy.com\/pt-pt\/jogar\/saturday-lotto-au\/#breadcrumb\",\"itemListElement\":[{\"@type\":\"ListItem\",\"position\":1,\"name\":\"Home\",\"item\":\"https:\/\/lottohoy.com\/pt-pt\/\"},{\"@type\":\"ListItem\",\"position\":2,\"name\":\"Compre bilhetes de loteria online\",\"item\":\"https:\/\/lottohoy.com\/pt-pt\/jogar\/\"},{\"@type\":\"ListItem\",\"position\":3,\"name\":\"Apostar no Saturday Lotto online\"}]},{\"@type\":\"WebSite\",\"@id\":\"https:\/\/lottohoy.com\/pt-pt\/#website\",\"url\":\"https:\/\/lottohoy.com\/pt-pt\/\",\"name\":\"Lottohoy\",\"description\":\"\",\"potentialAction\":[{\"@type\":\"SearchAction\",\"target\":{\"@type\":\"EntryPoint\",\"urlTemplate\":\"https:\/\/lottohoy.com\/pt-pt\/?s={search_term_string}\"},\"query-input\":{\"@type\":\"PropertyValueSpecification\",\"valueRequired\":true,\"valueName\":\"search_term_string\"}}],\"inLanguage\":\"pt-ts\"}]}<\/script>\n<!-- \/ Yoast SEO plugin. -->","yoast_head_json":{"title":"Jogue na Saturday Lotto, a loteria australiana de fim de semana","description":"Para fazer uma aposta na Saturday Lotto voc\u00ea s\u00f3 tem que escolher 6 n\u00fameros do tabuleiro de jogo que \u00e9 composto por 45 quadrados.","robots":{"index":"index","follow":"follow","max-snippet":"max-snippet:-1","max-image-preview":"max-image-preview:large","max-video-preview":"max-video-preview:-1"},"canonical":"https:\/\/lottohoy.com\/pt-pt\/jogar\/saturday-lotto-au\/","og_locale":"pt_PT","og_type":"article","og_title":"Jogue na Saturday Lotto, a loteria australiana de fim de semana","og_description":"Para fazer uma aposta na Saturday Lotto voc\u00ea s\u00f3 tem que escolher 6 n\u00fameros do tabuleiro de jogo que \u00e9 composto por 45 quadrados.","og_url":"https:\/\/lottohoy.com\/pt-pt\/jogar\/saturday-lotto-au\/","og_site_name":"Lottohoy","article_modified_time":"2025-02-12T10:29:04+00:00","twitter_card":"summary_large_image","twitter_misc":{"Est. reading time":"2 minutes"},"schema":{"@context":"https:\/\/schema.org","@graph":[{"@type":"WebPage","@id":"https:\/\/lottohoy.com\/pt-pt\/jogar\/saturday-lotto-au\/","url":"https:\/\/lottohoy.com\/pt-pt\/jogar\/saturday-lotto-au\/","name":"Jogue na Saturday Lotto, a loteria australiana de fim de semana","isPartOf":{"@id":"https:\/\/lottohoy.com\/pt-pt\/#website"},"datePublished":"2018-08-23T09:30:41+00:00","dateModified":"2025-02-12T10:29:04+00:00","description":"Para fazer uma aposta na Saturday Lotto voc\u00ea s\u00f3 tem que escolher 6 n\u00fameros do tabuleiro de jogo que \u00e9 composto por 45 quadrados.","breadcrumb":{"@id":"https:\/\/lottohoy.com\/pt-pt\/jogar\/saturday-lotto-au\/#breadcrumb"},"inLanguage":"pt-ts","potentialAction":[{"@type":"ReadAction","target":["https:\/\/lottohoy.com\/pt-pt\/jogar\/saturday-lotto-au\/"]}]},{"@type":"BreadcrumbList","@id":"https:\/\/lottohoy.com\/pt-pt\/jogar\/saturday-lotto-au\/#breadcrumb","itemListElement":[{"@type":"ListItem","position":1,"name":"Home","item":"https:\/\/lottohoy.com\/pt-pt\/"},{"@type":"ListItem","position":2,"name":"Compre bilhetes de loteria online","item":"https:\/\/lottohoy.com\/pt-pt\/jogar\/"},{"@type":"ListItem","position":3,"name":"Apostar no Saturday Lotto online"}]},{"@type":"WebSite","@id":"https:\/\/lottohoy.com\/pt-pt\/#website","url":"https:\/\/lottohoy.com\/pt-pt\/","name":"Lottohoy","description":"","potentialAction":[{"@type":"SearchAction","target":{"@type":"EntryPoint","urlTemplate":"https:\/\/lottohoy.com\/pt-pt\/?s={search_term_string}"},"query-input":{"@type":"PropertyValueSpecification","valueRequired":true,"valueName":"search_term_string"}}],"inLanguage":"pt-ts"}]}},"_links":{"self":[{"href":"https:\/\/lottohoy.com\/pt-pt\/wp-json\/wp\/v2\/pages\/3935","targetHints":{"allow":["GET"]}}],"collection":[{"href":"https:\/\/lottohoy.com\/pt-pt\/wp-json\/wp\/v2\/pages"}],"about":[{"href":"https:\/\/lottohoy.com\/pt-pt\/wp-json\/wp\/v2\/types\/page"}],"author":[{"embeddable":true,"href":"https:\/\/lottohoy.com\/pt-pt\/wp-json\/wp\/v2\/users\/2"}],"replies":[{"embeddable":true,"href":"https:\/\/lottohoy.com\/pt-pt\/wp-json\/wp\/v2\/comments?post=3935"}],"version-history":[{"count":3,"href":"https:\/\/lottohoy.com\/pt-pt\/wp-json\/wp\/v2\/pages\/3935\/revisions"}],"predecessor-version":[{"id":14707,"href":"https:\/\/lottohoy.com\/pt-pt\/wp-json\/wp\/v2\/pages\/3935\/revisions\/14707"}],"up":[{"embeddable":true,"href":"https:\/\/lottohoy.com\/pt-pt\/wp-json\/wp\/v2\/pages\/3904"}],"wp:attachment":[{"href":"https:\/\/lottohoy.com\/pt-pt\/wp-json\/wp\/v2\/media?parent=3935"}],"curies":[{"name":"wp","href":"https:\/\/api.w.org\/{rel}","templated":true}]}}