{"id":3933,"date":"2018-08-22T10:27:06","date_gmt":"2018-08-22T09:27:06","guid":{"rendered":"https:\/\/www.lottohoy.com\/?page_id=3933"},"modified":"2025-02-12T10:08:09","modified_gmt":"2025-02-12T10:08:09","slug":"powerball-au","status":"publish","type":"page","link":"https:\/\/lottohoy.com\/pt-pt\/jogar\/powerball-au\/","title":{"rendered":"Apostar no Powerball AU online"},"content":{"rendered":"<p><!--more--><\/p>\n<p>A Powerball AU foi criada em 1996 e \u00e9 oficialmente supervisionada pelo governo australiano, embora operada pelo Tatts Group.<\/p>\n<p>Em abril de 2018, uma grande mudan\u00e7a foi feita em suas regras para acomodar a oferta de outras loterias mundiais, aumentando assim as chances de ganhar e incentivando a cria\u00e7\u00e3o de grandes jackpots.<\/p>\n<p>Powerball AU n\u00e3o deve ser confundido com o U.S. Powerball, porque embora tenham semelhan\u00e7as, suas diferen\u00e7as tamb\u00e9m s\u00e3o percept\u00edveis.<\/p>\n<p>Algumas das vantagens que vale a pena ter em conta ao apostar na Powerball AU s\u00e3o as seguintes:<\/p>\n<ul>\n<li>N\u00e3o ret\u00e9m impostos de pr\u00e9mios<\/li>\n<li>Os vencedores recebem todo o pr\u00eamio em dinheiro ganho, enquanto o Powerball dos EUA permite a cobran\u00e7a em anuidades ou se um \u00fanico pagamento for escolhido, uma quantia significativa de impostos federais, estaduais e provinciais deve ser paga.<\/li>\n<li>sistema de atribui\u00e7\u00e3o de pr\u00eamios para categorias inferiores \u00e9 proporcional \u00e0 cobran\u00e7a, em vez de exigir montantes fixos como nos EUA.<\/li>\n<\/ul>\n<h2><strong>Como voc\u00ea joga o PowerBall AU?<\/strong><\/h2>\n<p>Como muitos jogos de loteria baseados em n\u00fameros, o PowerBall AU \u00e9 composto por 2 sec\u00e7\u00f5es diferentes em cada coluna do jogo:<\/p>\n<p>Uma primeira parte \u00e9 composta por n\u00fameros entre 1 e 35 inclusive, dos quais 7 ter\u00e3o de ser escolhidos.<\/p>\n<p>Na parte inferior est\u00e1 a segunda sec\u00e7\u00e3o em que devemos escolher o n\u00famero Powerball seleccionando uma das caixas de 1 a 20.<\/p>\n<p>Para se qualificar para um pr\u00eamio m\u00ednimo, o jogador deve acertar dois n\u00fameros e a Powerball. O pre\u00e7o de uma aposta simples na Lottohoy \u00e9 de 2 Euros.<\/p>\n<h2><strong>Quando \u00e9 o sorteio da PowerBall AU?<\/strong><\/h2>\n<p>H\u00e1 apenas um sorteio semanal, que \u00e9 realizado todas as quintas-feiras \u00e0s 21:30h (hor\u00e1rio local).<\/p>\n<p>As vendas de ingressos fecham 1 hora antes do sorteio, e uma vez que o sorteio termina, ele reabre para o sorteio da pr\u00f3xima semana.<\/p>\n<h2><strong>Qual \u00e9 o pre\u00e7o da PowerBall AU?<\/strong><\/h2>\n<p>No LottoHoy voc\u00ea pode jogar Powerball AU a partir de \u20ac 2 por coluna. (Este montante pode variar em fun\u00e7\u00e3o da taxa de c\u00e2mbio do d\u00f3lar em rela\u00e7\u00e3o ao euro) Nesta loteria \u00e9 necess\u00e1rio apostar um m\u00ednimo de 4 colunas.<\/p>\n<h2><strong>Como comprar PowerBall AU<\/strong><\/h2>\n<p>Comprar bilhetes para PowerBall AU e participar em todos os seus sorteios \u00e9 muito f\u00e1cil e conveniente atrav\u00e9s da nossa plataforma online.<\/p>\n<p>Ao acessar a p\u00e1gina do jogo para fazer a aposta ou apostas desejadas, a plataforma tem 5 colunas (tamb\u00e9m chamadas linhas), mas que podem ser expandidas quantas vezes desejar, simplesmente clicando na caixa &#8220;<strong>Mais linhas&#8221;.<\/strong><\/p>\n<p>Cada coluna \u00e9 para colocar uma aposta, e voc\u00ea pode preencher quantas colunas quiser. Em cada coluna apenas 7 caixas do primeiro grupo e 1 caixa redonda do segundo grupo ser\u00e3o marcadas para configurar a aposta.<\/p>\n<p>A escolha dos n\u00fameros e do powerball para configurar a aposta pode ser feita manualmente ou permitindo ao sistema escolher uma combina\u00e7\u00e3o aleat\u00f3ria para o jogador. Esta selec\u00e7\u00e3o aleat\u00f3ria faz-se deslocando o cursor sobre a coluna e aparece uma caixa superior indicando &#8220;selec\u00e7\u00e3o r\u00e1pida&#8221;.<\/p>\n<p>Uma vez determinado o n\u00famero de colunas (apostas) que o jogador deseja, aparece uma caixa verde na parte inferior com a palavra &#8220;continuar&#8221; e clicar nela leva-nos ao ecr\u00e3 de conformidade e proceder ao pagamento atrav\u00e9s da caixa &#8220;pagar agora&#8221;.<\/p>\n<p>Desde cart\u00f5es de cr\u00e9dito e sistemas conhecidos como Skrill ou Neteller, a uma grande variedade de meios, incluindo pagamento por moeda criptogr\u00e1fica.<\/p>\n","protected":false},"excerpt":{"rendered":"","protected":false},"author":2,"featured_media":0,"parent":3904,"menu_order":17,"comment_status":"closed","ping_status":"closed","template":"powerball-au.php","meta":{"_et_pb_use_builder":"","_et_pb_old_content":"","_et_gb_content_width":"","exclude_from_search":false,"footnotes":""},"class_list":["post-3933","page","type-page","status-publish","hentry"],"yoast_head":"<!-- This site is optimized with the Yoast SEO plugin v23.7 - https:\/\/yoast.com\/wordpress\/plugins\/seo\/ -->\n<title>Jogue na PowerBall AU , a loteria mais importante da Austr\u00e1lia<\/title>\n<meta name=\"description\" content=\"Tome a\u00e7\u00e3o e jogue Powerball AU sem sair de casa, a loteria com os pr\u00eamios mais importantes da Austr\u00e1lia. Selecione 7 n\u00fameros e a bola Powerball\" \/>\n<meta name=\"robots\" content=\"index, follow, max-snippet:-1, max-image-preview:large, max-video-preview:-1\" \/>\n<link rel=\"canonical\" href=\"https:\/\/lottohoy.com\/pt-pt\/jogar\/powerball-au\/\" \/>\n<meta property=\"og:locale\" content=\"pt_PT\" \/>\n<meta property=\"og:type\" content=\"article\" \/>\n<meta property=\"og:title\" content=\"Jogue na PowerBall AU , a loteria mais importante da Austr\u00e1lia\" \/>\n<meta property=\"og:description\" content=\"Tome a\u00e7\u00e3o e jogue Powerball AU sem sair de casa, a loteria com os pr\u00eamios mais importantes da Austr\u00e1lia. Selecione 7 n\u00fameros e a bola Powerball\" \/>\n<meta property=\"og:url\" content=\"https:\/\/lottohoy.com\/pt-pt\/jogar\/powerball-au\/\" \/>\n<meta property=\"og:site_name\" content=\"Lottohoy\" \/>\n<meta property=\"article:modified_time\" content=\"2025-02-12T10:08:09+00:00\" \/>\n<meta name=\"twitter:card\" content=\"summary_large_image\" \/>\n<meta name=\"twitter:label1\" content=\"Est. reading time\" \/>\n\t<meta name=\"twitter:data1\" content=\"3 minutes\" \/>\n<script type=\"application\/ld+json\" class=\"yoast-schema-graph\">{\"@context\":\"https:\/\/schema.org\",\"@graph\":[{\"@type\":\"WebPage\",\"@id\":\"https:\/\/lottohoy.com\/pt-pt\/jogar\/powerball-au\/\",\"url\":\"https:\/\/lottohoy.com\/pt-pt\/jogar\/powerball-au\/\",\"name\":\"Jogue na PowerBall AU , a loteria mais importante da Austr\u00e1lia\",\"isPartOf\":{\"@id\":\"https:\/\/lottohoy.com\/pt-pt\/#website\"},\"datePublished\":\"2018-08-22T09:27:06+00:00\",\"dateModified\":\"2025-02-12T10:08:09+00:00\",\"description\":\"Tome a\u00e7\u00e3o e jogue Powerball AU sem sair de casa, a loteria com os pr\u00eamios mais importantes da Austr\u00e1lia. Selecione 7 n\u00fameros e a bola Powerball\",\"breadcrumb\":{\"@id\":\"https:\/\/lottohoy.com\/pt-pt\/jogar\/powerball-au\/#breadcrumb\"},\"inLanguage\":\"pt-ts\",\"potentialAction\":[{\"@type\":\"ReadAction\",\"target\":[\"https:\/\/lottohoy.com\/pt-pt\/jogar\/powerball-au\/\"]}]},{\"@type\":\"BreadcrumbList\",\"@id\":\"https:\/\/lottohoy.com\/pt-pt\/jogar\/powerball-au\/#breadcrumb\",\"itemListElement\":[{\"@type\":\"ListItem\",\"position\":1,\"name\":\"Home\",\"item\":\"https:\/\/lottohoy.com\/pt-pt\/\"},{\"@type\":\"ListItem\",\"position\":2,\"name\":\"Compre bilhetes de loteria online\",\"item\":\"https:\/\/lottohoy.com\/pt-pt\/jogar\/\"},{\"@type\":\"ListItem\",\"position\":3,\"name\":\"Apostar no Powerball AU online\"}]},{\"@type\":\"WebSite\",\"@id\":\"https:\/\/lottohoy.com\/pt-pt\/#website\",\"url\":\"https:\/\/lottohoy.com\/pt-pt\/\",\"name\":\"Lottohoy\",\"description\":\"\",\"potentialAction\":[{\"@type\":\"SearchAction\",\"target\":{\"@type\":\"EntryPoint\",\"urlTemplate\":\"https:\/\/lottohoy.com\/pt-pt\/?s={search_term_string}\"},\"query-input\":{\"@type\":\"PropertyValueSpecification\",\"valueRequired\":true,\"valueName\":\"search_term_string\"}}],\"inLanguage\":\"pt-ts\"}]}<\/script>\n<!-- \/ Yoast SEO plugin. -->","yoast_head_json":{"title":"Jogue na PowerBall AU , a loteria mais importante da Austr\u00e1lia","description":"Tome a\u00e7\u00e3o e jogue Powerball AU sem sair de casa, a loteria com os pr\u00eamios mais importantes da Austr\u00e1lia. Selecione 7 n\u00fameros e a bola Powerball","robots":{"index":"index","follow":"follow","max-snippet":"max-snippet:-1","max-image-preview":"max-image-preview:large","max-video-preview":"max-video-preview:-1"},"canonical":"https:\/\/lottohoy.com\/pt-pt\/jogar\/powerball-au\/","og_locale":"pt_PT","og_type":"article","og_title":"Jogue na PowerBall AU , a loteria mais importante da Austr\u00e1lia","og_description":"Tome a\u00e7\u00e3o e jogue Powerball AU sem sair de casa, a loteria com os pr\u00eamios mais importantes da Austr\u00e1lia. Selecione 7 n\u00fameros e a bola Powerball","og_url":"https:\/\/lottohoy.com\/pt-pt\/jogar\/powerball-au\/","og_site_name":"Lottohoy","article_modified_time":"2025-02-12T10:08:09+00:00","twitter_card":"summary_large_image","twitter_misc":{"Est. reading time":"3 minutes"},"schema":{"@context":"https:\/\/schema.org","@graph":[{"@type":"WebPage","@id":"https:\/\/lottohoy.com\/pt-pt\/jogar\/powerball-au\/","url":"https:\/\/lottohoy.com\/pt-pt\/jogar\/powerball-au\/","name":"Jogue na PowerBall AU , a loteria mais importante da Austr\u00e1lia","isPartOf":{"@id":"https:\/\/lottohoy.com\/pt-pt\/#website"},"datePublished":"2018-08-22T09:27:06+00:00","dateModified":"2025-02-12T10:08:09+00:00","description":"Tome a\u00e7\u00e3o e jogue Powerball AU sem sair de casa, a loteria com os pr\u00eamios mais importantes da Austr\u00e1lia. Selecione 7 n\u00fameros e a bola Powerball","breadcrumb":{"@id":"https:\/\/lottohoy.com\/pt-pt\/jogar\/powerball-au\/#breadcrumb"},"inLanguage":"pt-ts","potentialAction":[{"@type":"ReadAction","target":["https:\/\/lottohoy.com\/pt-pt\/jogar\/powerball-au\/"]}]},{"@type":"BreadcrumbList","@id":"https:\/\/lottohoy.com\/pt-pt\/jogar\/powerball-au\/#breadcrumb","itemListElement":[{"@type":"ListItem","position":1,"name":"Home","item":"https:\/\/lottohoy.com\/pt-pt\/"},{"@type":"ListItem","position":2,"name":"Compre bilhetes de loteria online","item":"https:\/\/lottohoy.com\/pt-pt\/jogar\/"},{"@type":"ListItem","position":3,"name":"Apostar no Powerball AU online"}]},{"@type":"WebSite","@id":"https:\/\/lottohoy.com\/pt-pt\/#website","url":"https:\/\/lottohoy.com\/pt-pt\/","name":"Lottohoy","description":"","potentialAction":[{"@type":"SearchAction","target":{"@type":"EntryPoint","urlTemplate":"https:\/\/lottohoy.com\/pt-pt\/?s={search_term_string}"},"query-input":{"@type":"PropertyValueSpecification","valueRequired":true,"valueName":"search_term_string"}}],"inLanguage":"pt-ts"}]}},"_links":{"self":[{"href":"https:\/\/lottohoy.com\/pt-pt\/wp-json\/wp\/v2\/pages\/3933","targetHints":{"allow":["GET"]}}],"collection":[{"href":"https:\/\/lottohoy.com\/pt-pt\/wp-json\/wp\/v2\/pages"}],"about":[{"href":"https:\/\/lottohoy.com\/pt-pt\/wp-json\/wp\/v2\/types\/page"}],"author":[{"embeddable":true,"href":"https:\/\/lottohoy.com\/pt-pt\/wp-json\/wp\/v2\/users\/2"}],"replies":[{"embeddable":true,"href":"https:\/\/lottohoy.com\/pt-pt\/wp-json\/wp\/v2\/comments?post=3933"}],"version-history":[{"count":3,"href":"https:\/\/lottohoy.com\/pt-pt\/wp-json\/wp\/v2\/pages\/3933\/revisions"}],"predecessor-version":[{"id":14694,"href":"https:\/\/lottohoy.com\/pt-pt\/wp-json\/wp\/v2\/pages\/3933\/revisions\/14694"}],"up":[{"embeddable":true,"href":"https:\/\/lottohoy.com\/pt-pt\/wp-json\/wp\/v2\/pages\/3904"}],"wp:attachment":[{"href":"https:\/\/lottohoy.com\/pt-pt\/wp-json\/wp\/v2\/media?parent=3933"}],"curies":[{"name":"wp","href":"https:\/\/api.w.org\/{rel}","templated":true}]}}