{"id":3930,"date":"2018-05-03T14:23:27","date_gmt":"2018-05-03T13:23:27","guid":{"rendered":"https:\/\/www.lottohoy.com\/?page_id=3930"},"modified":"2025-02-24T10:49:23","modified_gmt":"2025-02-24T10:49:23","slug":"powerball","status":"publish","type":"page","link":"https:\/\/lottohoy.com\/pt-pt\/jogar\/powerball\/","title":{"rendered":"Apostar na Powerball Online"},"content":{"rendered":"<p><!--more--><\/p>\n<h2><strong>Como se joga Powerball?<\/strong><\/h2>\n<p><strong>Jogar Powerball<\/strong> \u00e9 t\u00e3o simples como escolher 5 n\u00fameros entre 1 e 69, e depois um n\u00famero extra (chamado Powerball) entre 1 e 26.<\/p>\n<p>Mas vamos por partes, para fazer a aposta, a primeira coisa que voc\u00ea tem que fazer \u00e9 <a href=\"https:\/\/lottohoy.com\/pt-pt\/auth\/registo-abra-a-sua-conta-de-jogador\/\"><span style=\"color: #993366;\"><strong>registrar-se na LottoHoy<\/strong><\/span><\/a>. Uma vez registado nesta mesma sec\u00e7\u00e3o, poder\u00e1 fazer as suas apostas seguindo estas instru\u00e7\u00f5es:<\/p>\n<ul>\n<li>Na sec\u00e7\u00e3o de jogo aparece uma linha ou linha composta por 5 colunas. Cada uma destas colunas \u00e9 um <strong>bilhete de jogo<\/strong>.<\/li>\n<li>Cada bilhete da Powerball custa apenas <strong>3,50 EUROS<\/strong>, um dos melhores pre\u00e7os que pode encontrar online. (Este montante pode variar em fun\u00e7\u00e3o da taxa de c\u00e2mbio do d\u00f3lar em rela\u00e7\u00e3o ao euro)<\/li>\n<li>No topo da coluna encontram-se as casas 1 a 69, das quais devem ser seleccionados <strong>5 n\u00fameros<\/strong>.<\/li>\n<li>Na parte inferior da tabela h\u00e1 26 c\u00edrculos, dos quais 1 tem de ser seleccionado. Este n\u00famero \u00e9<\/li>\n<\/ul>\n<p>Se preferir, voc\u00ea tamb\u00e9m pode usar o bot\u00e3o <strong>Quick Pick<\/strong>, para que a combina\u00e7\u00e3o seja obtida aleatoriamente pelo pr\u00f3prio sistema.<\/p>\n<p>Lembre-se que se quiser comprar mais de 5 bilhetes de cada vez, pode adicionar quantas linhas quiser clicando no bot\u00e3o &#8220;<strong>Mais Linhas<\/strong>&#8220;. Desta forma, jogar mais n\u00fameros aumenta a probabilidade de ganhar um pr\u00e9mio.<\/p>\n<h3><strong>Pre\u00e7os da loteria Powerball Americana<\/strong><\/h3>\n<p>Na LottoHoy voc\u00ea pode comprar bilhetes da Powerball a partir de \u20ac3 por bilhete. Actualmente n\u00e3o encontrar\u00e1 nenhuma plataforma que ofere\u00e7a um melhor pre\u00e7o e que esteja completamente regulada garantindo que receber\u00e1 os seus pr\u00e9mios.<\/p>\n<p style=\"text-align: center;\"><img loading=\"lazy\" decoding=\"async\" class=\"alignnone size-full wp-image-6903\" src=\"https:\/\/lottohoy.com\/wp-content\/uploads\/sites\/4\/jogar-powerball.png\" alt=\"\" width=\"250\" height=\"250\" \/><\/p>\n<h2><strong>Tabela de pr\u00e9mios Powerball<\/strong><\/h2>\n<p>H\u00e1 nove maneiras de ganhar um pr\u00e9mio da lotaria Powerball:<\/p>\n<table width=\"614\">\n<tbody>\n<tr style=\"height: 92px;\">\n<td style=\"height: 92px; text-align: center;\" width=\"151\"><strong>Categorias de pr\u00eamios<\/strong><\/td>\n<td style=\"height: 92px; text-align: center;\" width=\"180\"><strong>N\u00fameros e estrelas<\/strong><\/td>\n<td style=\"height: 92px; text-align: center;\" width=\"283\"><strong>Pr\u00eamios<\/strong><\/td>\n<\/tr>\n<tr style=\"height: 64px;\">\n<td style=\"height: 64px; text-align: center;\" width=\"151\"><strong>I<\/strong><\/td>\n<td style=\"height: 64px; text-align: center;\" width=\"180\"><strong>5+1<\/strong><\/td>\n<td style=\"height: 64px; text-align: center;\" width=\"283\"><strong>Maior pr\u00eamio<\/strong><\/td>\n<\/tr>\n<tr style=\"height: 64px;\">\n<td style=\"height: 64px; text-align: center;\" width=\"151\"><strong>II<\/strong><\/td>\n<td style=\"height: 64px; text-align: center;\" width=\"180\"><strong>5+0<\/strong><\/td>\n<td style=\"height: 64px; text-align: center;\" width=\"283\"><strong>1.000.000$<\/strong><\/td>\n<\/tr>\n<tr style=\"height: 64px;\">\n<td style=\"height: 64px; text-align: center;\" width=\"151\"><strong>III<\/strong><\/td>\n<td style=\"height: 64px; text-align: center;\" width=\"180\"><strong>4+1<\/strong><\/td>\n<td style=\"height: 64px; text-align: center;\" width=\"283\"><strong>50.000$<\/strong><\/td>\n<\/tr>\n<tr style=\"height: 64px;\">\n<td style=\"height: 64px; text-align: center;\" width=\"151\"><strong>IV<\/strong><\/td>\n<td style=\"height: 64px; text-align: center;\" width=\"180\"><strong>4+0<\/strong><\/td>\n<td style=\"height: 64px; text-align: center;\" width=\"283\"><strong>100$<\/strong><\/td>\n<\/tr>\n<tr style=\"height: 64px;\">\n<td style=\"height: 64px; text-align: center;\" width=\"151\"><strong>V<\/strong><\/td>\n<td style=\"height: 64px; text-align: center;\" width=\"180\"><strong>3+1<\/strong><\/td>\n<td style=\"height: 64px; text-align: center;\" width=\"283\"><strong>100$<\/strong><\/td>\n<\/tr>\n<tr style=\"height: 64px;\">\n<td style=\"height: 64px; text-align: center;\" width=\"151\"><strong>VI<\/strong><\/td>\n<td style=\"height: 64px; text-align: center;\" width=\"180\"><strong>3+0<\/strong><\/td>\n<td style=\"height: 64px; text-align: center;\" width=\"283\"><strong>7$<\/strong><\/td>\n<\/tr>\n<tr style=\"height: 64.1562px;\">\n<td style=\"height: 64.1562px; text-align: center;\" width=\"151\"><strong>VII<\/strong><\/td>\n<td style=\"height: 64.1562px; text-align: center;\" width=\"180\"><strong>2+1<\/strong><\/td>\n<td style=\"height: 64.1562px; text-align: center;\" width=\"283\"><strong>7$<\/strong><\/td>\n<\/tr>\n<tr style=\"height: 64px;\">\n<td style=\"height: 64px; text-align: center;\" width=\"151\"><strong>VIII<\/strong><\/td>\n<td style=\"height: 64px; text-align: center;\" width=\"180\"><strong>1+1<\/strong><\/td>\n<td style=\"height: 64px; text-align: center;\" width=\"283\"><strong>4$<\/strong><\/td>\n<\/tr>\n<tr style=\"height: 64px;\">\n<td style=\"height: 64px; text-align: center;\" width=\"151\"><strong>IX<\/strong><\/td>\n<td style=\"height: 64px; text-align: center;\" width=\"180\"><strong>0+1<\/strong><\/td>\n<td style=\"height: 64px; text-align: center;\" width=\"283\"><strong>4$\u00a0<\/strong><\/td>\n<\/tr>\n<\/tbody>\n<\/table>\n<p>O valor do <strong>jackpot da Powerball<\/strong> ser\u00e1 acumulado para o pr\u00f3ximo sorteio se n\u00e3o houver vencedor e continuar\u00e1 a acumular at\u00e9 que haja um. Se n\u00e3o houver vencedores em nenhuma das outras categorias, esse montante ser\u00e1 adicionado \u00e0 categoria de pr\u00e9mios same para o sorteio seguinte.<\/p>\n<p>No total e at\u00e9 \u00e0 data, houve um total de 366 <span style=\"color: #993366;\"><strong>grandes jackpots<\/strong><\/span> que tiveram vencedores. Curiosamente, em tr\u00eas ocasi\u00f5es n\u00e3o foram reclamadas. Um vendido no estado da Ge\u00f3rgia, outro em Indiana e um terceiro na Fl\u00f3rida.<\/p>\n<h3><strong>Classifica\u00e7\u00e3o dos jackpots entregues at\u00e9 \u00e0 data:<\/strong><\/h3>\n<ul>\n<li><strong>US$ 2,04 bilh\u00f5es<\/strong>, atualmente em 2025, \u00e9 o maior jackpot concedido pela loteria Powerball<\/li>\n<li><strong>$1.556 milh\u00f5es,<\/strong> o 13-1-2016 dividido entre tr\u00eas vencedores<\/li>\n<li><strong>$758 milh\u00f5es<\/strong> em 23 de agosto de 2017 para um \u00fanico vencedor<\/li>\n<li><strong>$590 milh\u00f5es<\/strong>, 18 de maio de 2013 para um \u00fanico vencedor<\/li>\n<li><strong>$587 milh\u00f5es<\/strong> em 28 de novembro de 2012 com dois vencedores<\/li>\n<li><strong>$564 milh\u00f5es<\/strong>, em 11 de fevereiro de 2015 para tr\u00eas vencedores<\/li>\n<li><strong>$488 milh\u00f5es<\/strong>, 7 de agosto de 2013 para tr\u00eas vencedores<\/li>\n<li><strong>$477 milh\u00f5es<\/strong>, 10 de junho de 2017 com apenas um vencedor<\/li>\n<\/ul>\n<h2><strong>Posso comprar o Powerball online?<\/strong><\/h2>\n<p>\u00c9 claro que voc\u00ea pode, atrav\u00e9s da LottoHoy.com, <strong>comprar bilhetes da Powerball<\/strong>, uma vez que seus bilhetes s\u00e3o comprados atrav\u00e9s de agentes oficiais em estabelecimentos autorizados.<\/p>\n<p><strong>Comprar Powerball online<\/strong> tem muitas vantagens sobre a compra f\u00edsica:<\/p>\n<ol>\n<li><strong>N\u00e3o h\u00e1 necessidade de viajar<\/strong> para a loja.<\/li>\n<li>N\u00e3o tens de te preocupar com as <strong>horas de abertura e fecho.<\/strong><\/li>\n<li>Seguran\u00e7a de manter o seu <strong>bilhete Powerball<\/strong> sob guarda para que n\u00e3o seja perdido ou esquecido.<\/li>\n<li>Voc\u00ea pode fazer a <strong>compra<\/strong> a partir de qualquer ponto geogr\u00e1fico, simplesmente tendo uma conex\u00e3o com a Internet, e com um computador m\u00f3vel, Tablet ou desktop.<\/li>\n<li>Comprar Powerball online tem a vantagem adicional de que a &#8220;janela&#8221; est\u00e1 aberta <strong>24\/7<\/strong> (respeitando as horas definidas pela organiza\u00e7\u00e3o como limite para a compra).<\/li>\n<li>Voc\u00ea pode verificar os <a href=\"https:\/\/lottohoy.com\/pt-pt\/resultados\/powerball\/\"><span style=\"color: #993366;\"><strong>resultados do PowerBall<\/strong><\/span><\/a> a qualquer momento.<\/li>\n<\/ol>\n","protected":false},"excerpt":{"rendered":"","protected":false},"author":2,"featured_media":0,"parent":3904,"menu_order":1,"comment_status":"closed","ping_status":"closed","template":"powerball-usa.php","meta":{"_et_pb_use_builder":"","_et_pb_old_content":"","_et_gb_content_width":"","exclude_from_search":false,"footnotes":""},"class_list":["post-3930","page","type-page","status-publish","hentry"],"yoast_head":"<!-- This site is optimized with the Yoast SEO plugin v23.7 - https:\/\/yoast.com\/wordpress\/plugins\/seo\/ -->\n<title>Jogue PowerBall Online - Loteria dos Estados Unidos - LottoHoy.com<\/title>\n<meta name=\"description\" content=\"Escolha 5 n\u00fameros entre 1 e 69, e um n\u00famero extra (chamado Powerball) entre 1 e 26. Na LottoHoy voc\u00ea pode ganhar grandes pr\u00eamios. O que voc\u00ea est\u00e1 esperando?\" \/>\n<meta name=\"robots\" content=\"index, follow, max-snippet:-1, max-image-preview:large, max-video-preview:-1\" \/>\n<link rel=\"canonical\" href=\"https:\/\/lottohoy.com\/pt-pt\/jogar\/powerball\/\" \/>\n<meta property=\"og:locale\" content=\"pt_PT\" \/>\n<meta property=\"og:type\" content=\"article\" \/>\n<meta property=\"og:title\" content=\"Jogue PowerBall Online - Loteria dos Estados Unidos - LottoHoy.com\" \/>\n<meta property=\"og:description\" content=\"Escolha 5 n\u00fameros entre 1 e 69, e um n\u00famero extra (chamado Powerball) entre 1 e 26. Na LottoHoy voc\u00ea pode ganhar grandes pr\u00eamios. O que voc\u00ea est\u00e1 esperando?\" \/>\n<meta property=\"og:url\" content=\"https:\/\/lottohoy.com\/pt-pt\/jogar\/powerball\/\" \/>\n<meta property=\"og:site_name\" content=\"Lottohoy\" \/>\n<meta property=\"article:modified_time\" content=\"2025-02-24T10:49:23+00:00\" \/>\n<meta property=\"og:image\" content=\"https:\/\/lottohoy.com\/wp-content\/uploads\/sites\/4\/jogar-powerball.png\" \/>\n<meta name=\"twitter:card\" content=\"summary_large_image\" \/>\n<meta name=\"twitter:label1\" content=\"Est. reading time\" \/>\n\t<meta name=\"twitter:data1\" content=\"3 minutes\" \/>\n<script type=\"application\/ld+json\" class=\"yoast-schema-graph\">{\"@context\":\"https:\/\/schema.org\",\"@graph\":[{\"@type\":\"WebPage\",\"@id\":\"https:\/\/lottohoy.com\/pt-pt\/jogar\/powerball\/\",\"url\":\"https:\/\/lottohoy.com\/pt-pt\/jogar\/powerball\/\",\"name\":\"Jogue PowerBall Online - Loteria dos Estados Unidos - LottoHoy.com\",\"isPartOf\":{\"@id\":\"https:\/\/lottohoy.com\/pt-pt\/#website\"},\"primaryImageOfPage\":{\"@id\":\"https:\/\/lottohoy.com\/pt-pt\/jogar\/powerball\/#primaryimage\"},\"image\":{\"@id\":\"https:\/\/lottohoy.com\/pt-pt\/jogar\/powerball\/#primaryimage\"},\"thumbnailUrl\":\"https:\/\/lottohoy.com\/wp-content\/uploads\/sites\/4\/jogar-powerball.png\",\"datePublished\":\"2018-05-03T13:23:27+00:00\",\"dateModified\":\"2025-02-24T10:49:23+00:00\",\"description\":\"Escolha 5 n\u00fameros entre 1 e 69, e um n\u00famero extra (chamado Powerball) entre 1 e 26. Na LottoHoy voc\u00ea pode ganhar grandes pr\u00eamios. O que voc\u00ea est\u00e1 esperando?\",\"breadcrumb\":{\"@id\":\"https:\/\/lottohoy.com\/pt-pt\/jogar\/powerball\/#breadcrumb\"},\"inLanguage\":\"pt-ts\",\"potentialAction\":[{\"@type\":\"ReadAction\",\"target\":[\"https:\/\/lottohoy.com\/pt-pt\/jogar\/powerball\/\"]}]},{\"@type\":\"ImageObject\",\"inLanguage\":\"pt-ts\",\"@id\":\"https:\/\/lottohoy.com\/pt-pt\/jogar\/powerball\/#primaryimage\",\"url\":\"https:\/\/lottohoy.com\/wp-content\/uploads\/sites\/4\/jogar-powerball.png\",\"contentUrl\":\"https:\/\/lottohoy.com\/wp-content\/uploads\/sites\/4\/jogar-powerball.png\"},{\"@type\":\"BreadcrumbList\",\"@id\":\"https:\/\/lottohoy.com\/pt-pt\/jogar\/powerball\/#breadcrumb\",\"itemListElement\":[{\"@type\":\"ListItem\",\"position\":1,\"name\":\"Home\",\"item\":\"https:\/\/lottohoy.com\/pt-pt\/\"},{\"@type\":\"ListItem\",\"position\":2,\"name\":\"Compre bilhetes de loteria online\",\"item\":\"https:\/\/lottohoy.com\/pt-pt\/jogar\/\"},{\"@type\":\"ListItem\",\"position\":3,\"name\":\"Apostar na Powerball Online\"}]},{\"@type\":\"WebSite\",\"@id\":\"https:\/\/lottohoy.com\/pt-pt\/#website\",\"url\":\"https:\/\/lottohoy.com\/pt-pt\/\",\"name\":\"Lottohoy\",\"description\":\"\",\"potentialAction\":[{\"@type\":\"SearchAction\",\"target\":{\"@type\":\"EntryPoint\",\"urlTemplate\":\"https:\/\/lottohoy.com\/pt-pt\/?s={search_term_string}\"},\"query-input\":{\"@type\":\"PropertyValueSpecification\",\"valueRequired\":true,\"valueName\":\"search_term_string\"}}],\"inLanguage\":\"pt-ts\"}]}<\/script>\n<!-- \/ Yoast SEO plugin. -->","yoast_head_json":{"title":"Jogue PowerBall Online - Loteria dos Estados Unidos - LottoHoy.com","description":"Escolha 5 n\u00fameros entre 1 e 69, e um n\u00famero extra (chamado Powerball) entre 1 e 26. Na LottoHoy voc\u00ea pode ganhar grandes pr\u00eamios. O que voc\u00ea est\u00e1 esperando?","robots":{"index":"index","follow":"follow","max-snippet":"max-snippet:-1","max-image-preview":"max-image-preview:large","max-video-preview":"max-video-preview:-1"},"canonical":"https:\/\/lottohoy.com\/pt-pt\/jogar\/powerball\/","og_locale":"pt_PT","og_type":"article","og_title":"Jogue PowerBall Online - Loteria dos Estados Unidos - LottoHoy.com","og_description":"Escolha 5 n\u00fameros entre 1 e 69, e um n\u00famero extra (chamado Powerball) entre 1 e 26. Na LottoHoy voc\u00ea pode ganhar grandes pr\u00eamios. O que voc\u00ea est\u00e1 esperando?","og_url":"https:\/\/lottohoy.com\/pt-pt\/jogar\/powerball\/","og_site_name":"Lottohoy","article_modified_time":"2025-02-24T10:49:23+00:00","og_image":[{"url":"https:\/\/lottohoy.com\/wp-content\/uploads\/sites\/4\/jogar-powerball.png"}],"twitter_card":"summary_large_image","twitter_misc":{"Est. reading time":"3 minutes"},"schema":{"@context":"https:\/\/schema.org","@graph":[{"@type":"WebPage","@id":"https:\/\/lottohoy.com\/pt-pt\/jogar\/powerball\/","url":"https:\/\/lottohoy.com\/pt-pt\/jogar\/powerball\/","name":"Jogue PowerBall Online - Loteria dos Estados Unidos - LottoHoy.com","isPartOf":{"@id":"https:\/\/lottohoy.com\/pt-pt\/#website"},"primaryImageOfPage":{"@id":"https:\/\/lottohoy.com\/pt-pt\/jogar\/powerball\/#primaryimage"},"image":{"@id":"https:\/\/lottohoy.com\/pt-pt\/jogar\/powerball\/#primaryimage"},"thumbnailUrl":"https:\/\/lottohoy.com\/wp-content\/uploads\/sites\/4\/jogar-powerball.png","datePublished":"2018-05-03T13:23:27+00:00","dateModified":"2025-02-24T10:49:23+00:00","description":"Escolha 5 n\u00fameros entre 1 e 69, e um n\u00famero extra (chamado Powerball) entre 1 e 26. Na LottoHoy voc\u00ea pode ganhar grandes pr\u00eamios. O que voc\u00ea est\u00e1 esperando?","breadcrumb":{"@id":"https:\/\/lottohoy.com\/pt-pt\/jogar\/powerball\/#breadcrumb"},"inLanguage":"pt-ts","potentialAction":[{"@type":"ReadAction","target":["https:\/\/lottohoy.com\/pt-pt\/jogar\/powerball\/"]}]},{"@type":"ImageObject","inLanguage":"pt-ts","@id":"https:\/\/lottohoy.com\/pt-pt\/jogar\/powerball\/#primaryimage","url":"https:\/\/lottohoy.com\/wp-content\/uploads\/sites\/4\/jogar-powerball.png","contentUrl":"https:\/\/lottohoy.com\/wp-content\/uploads\/sites\/4\/jogar-powerball.png"},{"@type":"BreadcrumbList","@id":"https:\/\/lottohoy.com\/pt-pt\/jogar\/powerball\/#breadcrumb","itemListElement":[{"@type":"ListItem","position":1,"name":"Home","item":"https:\/\/lottohoy.com\/pt-pt\/"},{"@type":"ListItem","position":2,"name":"Compre bilhetes de loteria online","item":"https:\/\/lottohoy.com\/pt-pt\/jogar\/"},{"@type":"ListItem","position":3,"name":"Apostar na Powerball Online"}]},{"@type":"WebSite","@id":"https:\/\/lottohoy.com\/pt-pt\/#website","url":"https:\/\/lottohoy.com\/pt-pt\/","name":"Lottohoy","description":"","potentialAction":[{"@type":"SearchAction","target":{"@type":"EntryPoint","urlTemplate":"https:\/\/lottohoy.com\/pt-pt\/?s={search_term_string}"},"query-input":{"@type":"PropertyValueSpecification","valueRequired":true,"valueName":"search_term_string"}}],"inLanguage":"pt-ts"}]}},"_links":{"self":[{"href":"https:\/\/lottohoy.com\/pt-pt\/wp-json\/wp\/v2\/pages\/3930","targetHints":{"allow":["GET"]}}],"collection":[{"href":"https:\/\/lottohoy.com\/pt-pt\/wp-json\/wp\/v2\/pages"}],"about":[{"href":"https:\/\/lottohoy.com\/pt-pt\/wp-json\/wp\/v2\/types\/page"}],"author":[{"embeddable":true,"href":"https:\/\/lottohoy.com\/pt-pt\/wp-json\/wp\/v2\/users\/2"}],"replies":[{"embeddable":true,"href":"https:\/\/lottohoy.com\/pt-pt\/wp-json\/wp\/v2\/comments?post=3930"}],"version-history":[{"count":2,"href":"https:\/\/lottohoy.com\/pt-pt\/wp-json\/wp\/v2\/pages\/3930\/revisions"}],"predecessor-version":[{"id":15591,"href":"https:\/\/lottohoy.com\/pt-pt\/wp-json\/wp\/v2\/pages\/3930\/revisions\/15591"}],"up":[{"embeddable":true,"href":"https:\/\/lottohoy.com\/pt-pt\/wp-json\/wp\/v2\/pages\/3904"}],"wp:attachment":[{"href":"https:\/\/lottohoy.com\/pt-pt\/wp-json\/wp\/v2\/media?parent=3930"}],"curies":[{"name":"wp","href":"https:\/\/api.w.org\/{rel}","templated":true}]}}