{"id":3922,"date":"2018-05-03T14:23:26","date_gmt":"2018-05-03T13:23:26","guid":{"rendered":"https:\/\/www.lottohoy.com\/?page_id=3922"},"modified":"2025-05-27T17:25:27","modified_gmt":"2025-05-27T16:25:27","slug":"mega-millions","status":"publish","type":"page","link":"https:\/\/lottohoy.com\/pt-pt\/jogar\/mega-millions\/","title":{"rendered":"Apostar no MegaMillions online"},"content":{"rendered":"<p><!--more--><\/p>\n<h1 data-start=\"135\" data-end=\"167\"><strong data-start=\"137\" data-end=\"167\">Jogue Mega Millions online<\/strong><\/h1>\n<p data-start=\"169\" data-end=\"426\">A loteria <strong data-start=\"179\" data-end=\"196\">Mega Millions<\/strong>, junto com a <a href=\"https:\/\/lottohoy.com\/pt-pt\/jogar\/powerball\/\"><strong data-start=\"210\" data-end=\"223\">Powerball<\/strong><\/a>, \u00e9 uma das que oferece os maiores pr\u00eamios aos vencedores da primeira categoria. E agora, com a nova reformula\u00e7\u00e3o do jogo, os pr\u00eamios das categorias abaixo do jackpot podem <strong data-start=\"396\" data-end=\"425\">aumentar exponencialmente<\/strong>.<\/p>\n<p data-start=\"428\" data-end=\"669\">Nesta nova fase, todos os bilhetes incluem automaticamente um <strong data-start=\"490\" data-end=\"507\">multiplicador<\/strong>, que \u00e9 selecionado aleatoriamente pelo sistema. Isso significa que os pr\u00eamios (com exce\u00e7\u00e3o do jackpot) podem ser multiplicados por <strong data-start=\"639\" data-end=\"668\">x2, x3, x4, x5 ou at\u00e9 x10<\/strong>.<\/p>\n<p data-start=\"671\" data-end=\"939\">Atrav\u00e9s da plataforma <strong data-start=\"693\" data-end=\"749\"><a class=\"\" href=\"https:\/\/lottohoy.com\/pt-pt\/jogar\/\" target=\"_new\" rel=\"noopener\" data-start=\"695\" data-end=\"747\">LottoHoy<\/a><\/strong>, voc\u00ea pode jogar online e aproveitar as suas vantagens: <strong data-start=\"806\" data-end=\"828\">transa\u00e7\u00f5es seguras<\/strong>, <strong data-start=\"830\" data-end=\"861\">atendimento r\u00e1pido e eficaz<\/strong>, e o melhor \u2013 <strong data-start=\"876\" data-end=\"922\">n\u00e3o \u00e9 necess\u00e1rio viajar aos Estados Unidos<\/strong> para participar.<\/p>\n<p data-start=\"941\" data-end=\"1179\">Jogar Mega Millions \u00e9 muito simples: basta escolher <strong data-start=\"993\" data-end=\"1019\">5 n\u00fameros entre 1 e 70<\/strong> e um n\u00famero especial chamado <strong data-start=\"1049\" data-end=\"1062\">Mega Ball<\/strong>, entre 1 e 25. Voc\u00ea s\u00f3 precisa de uma conex\u00e3o com a internet e qualquer dispositivo \u2013 celular, tablet ou computador.<\/p>\n<p data-start=\"1181\" data-end=\"1301\">O pre\u00e7o de uma aposta simples \u00e9 de <strong data-start=\"1216\" data-end=\"1228\">11 EUROS<\/strong> (esse valor pode variar conforme a cota\u00e7\u00e3o do d\u00f3lar em rela\u00e7\u00e3o ao euro).<\/p>\n<p data-start=\"1303\" data-end=\"1461\">E o mais importante: <strong data-start=\"1324\" data-end=\"1370\">os pr\u00eamios de at\u00e9 aproximadamente $\/\u20ac2.500<\/strong> s\u00e3o <strong data-start=\"1375\" data-end=\"1425\">creditados automaticamente na conta do usu\u00e1rio<\/strong>, ficando imediatamente dispon\u00edveis.<\/p>\n<h2 data-start=\"1468\" data-end=\"1499\"><strong data-start=\"1471\" data-end=\"1499\">Pr\u00eamios do Mega Millions<\/strong><\/h2>\n<p data-start=\"1501\" data-end=\"1664\">O pr\u00eamio inicial previsto para os vencedores do jackpot (5 n\u00fameros + Mega Ball) come\u00e7a em <strong data-start=\"1591\" data-end=\"1616\">20 milh\u00f5es de d\u00f3lares<\/strong>. Atualmente, est\u00e1 em <strong data-start=\"1638\" data-end=\"1663\">50 milh\u00f5es de d\u00f3lares<\/strong>.<\/p>\n<p data-start=\"1666\" data-end=\"1820\">Esse valor aumenta de acordo com a arrecada\u00e7\u00e3o para o sorteio e, se n\u00e3o houver vencedor na primeira categoria, <strong data-start=\"1777\" data-end=\"1819\">o valor acumula para o pr\u00f3ximo sorteio<\/strong>.<\/p>\n<p data-start=\"1822\" data-end=\"1970\">Diferente de outras loterias, o Mega Millions <strong data-start=\"1868\" data-end=\"1907\">n\u00e3o tem um limite m\u00e1ximo de jackpot<\/strong>, portanto, os valores podem alcan\u00e7ar <strong data-start=\"1945\" data-end=\"1969\">n\u00fameros astron\u00f4micos<\/strong>.<\/p>\n<p data-start=\"1972\" data-end=\"2096\">Al\u00e9m do pr\u00eamio principal, o Mega Millions conta com <strong data-start=\"2024\" data-end=\"2058\">outras 8 categorias de pr\u00eamios<\/strong>, com valores <strong data-start=\"2072\" data-end=\"2095\">fixos por categoria<\/strong>.<\/p>\n<div class=\"_tableContainer_16hzy_1\">\n<div class=\"_tableWrapper_16hzy_14 group flex w-fit flex-col-reverse\">\n<table class=\"w-fit min-w-(--thread-content-width)\" style=\"width: 287px\" data-start=\"2140\" data-end=\"2654\">\n<thead data-start=\"2140\" data-end=\"2185\">\n<tr data-start=\"2140\" data-end=\"2185\">\n<th style=\"width: 68.0156px\" data-start=\"2140\" data-end=\"2152\" data-col-size=\"sm\">Categoria<\/th>\n<th style=\"width: 55.1406px\" data-start=\"2152\" data-end=\"2167\" data-col-size=\"sm\">Acertos<\/th>\n<th style=\"width: 141.844px\" data-start=\"2167\" data-end=\"2185\" data-col-size=\"sm\">Pr\u00eamio<\/th>\n<\/tr>\n<\/thead>\n<tbody data-start=\"2232\" data-end=\"2654\">\n<tr data-start=\"2232\" data-end=\"2278\">\n<td style=\"width: 68.0156px\" data-start=\"2232\" data-end=\"2244\" data-col-size=\"sm\">I<\/td>\n<td style=\"width: 55.1406px\" data-col-size=\"sm\" data-start=\"2244\" data-end=\"2259\">5 + 1<\/td>\n<td style=\"width: 141.844px\" data-col-size=\"sm\" data-start=\"2259\" data-end=\"2278\">Jackpot<\/td>\n<\/tr>\n<tr data-start=\"2279\" data-end=\"2325\">\n<td style=\"width: 68.0156px\" data-start=\"2279\" data-end=\"2291\" data-col-size=\"sm\">II<\/td>\n<td style=\"width: 55.1406px\" data-start=\"2291\" data-end=\"2306\" data-col-size=\"sm\">5 + 0<\/td>\n<td style=\"width: 141.844px\" data-col-size=\"sm\" data-start=\"2306\" data-end=\"2325\">$1.000.000<\/td>\n<\/tr>\n<tr data-start=\"2326\" data-end=\"2372\">\n<td style=\"width: 68.0156px\" data-start=\"2326\" data-end=\"2338\" data-col-size=\"sm\">III<\/td>\n<td style=\"width: 55.1406px\" data-col-size=\"sm\" data-start=\"2338\" data-end=\"2353\">4 + 1<\/td>\n<td style=\"width: 141.844px\" data-col-size=\"sm\" data-start=\"2353\" data-end=\"2372\">$10.000<\/td>\n<\/tr>\n<tr data-start=\"2373\" data-end=\"2419\">\n<td style=\"width: 68.0156px\" data-start=\"2373\" data-end=\"2385\" data-col-size=\"sm\">IV<\/td>\n<td style=\"width: 55.1406px\" data-start=\"2385\" data-end=\"2400\" data-col-size=\"sm\">4 + 0<\/td>\n<td style=\"width: 141.844px\" data-col-size=\"sm\" data-start=\"2400\" data-end=\"2419\">$500<\/td>\n<\/tr>\n<tr data-start=\"2420\" data-end=\"2466\">\n<td style=\"width: 68.0156px\" data-start=\"2420\" data-end=\"2432\" data-col-size=\"sm\">V<\/td>\n<td style=\"width: 55.1406px\" data-col-size=\"sm\" data-start=\"2432\" data-end=\"2447\">3 + 1<\/td>\n<td style=\"width: 141.844px\" data-col-size=\"sm\" data-start=\"2447\" data-end=\"2466\">$200<\/td>\n<\/tr>\n<tr data-start=\"2467\" data-end=\"2513\">\n<td style=\"width: 68.0156px\" data-start=\"2467\" data-end=\"2479\" data-col-size=\"sm\">VI<\/td>\n<td style=\"width: 55.1406px\" data-col-size=\"sm\" data-start=\"2479\" data-end=\"2494\">3 + 0<\/td>\n<td style=\"width: 141.844px\" data-col-size=\"sm\" data-start=\"2494\" data-end=\"2513\">$10<\/td>\n<\/tr>\n<tr data-start=\"2514\" data-end=\"2560\">\n<td style=\"width: 68.0156px\" data-start=\"2514\" data-end=\"2526\" data-col-size=\"sm\">VII<\/td>\n<td style=\"width: 55.1406px\" data-start=\"2526\" data-end=\"2541\" data-col-size=\"sm\">2 + 1<\/td>\n<td style=\"width: 141.844px\" data-col-size=\"sm\" data-start=\"2541\" data-end=\"2560\">$10<\/td>\n<\/tr>\n<tr data-start=\"2561\" data-end=\"2607\">\n<td style=\"width: 68.0156px\" data-start=\"2561\" data-end=\"2573\" data-col-size=\"sm\">VIII<\/td>\n<td style=\"width: 55.1406px\" data-start=\"2573\" data-end=\"2588\" data-col-size=\"sm\">1 + 1<\/td>\n<td style=\"width: 141.844px\" data-col-size=\"sm\" data-start=\"2588\" data-end=\"2607\">$7<\/td>\n<\/tr>\n<tr data-start=\"2608\" data-end=\"2654\">\n<td style=\"width: 68.0156px\" data-start=\"2608\" data-end=\"2620\" data-col-size=\"sm\">IX<\/td>\n<td style=\"width: 55.1406px\" data-start=\"2620\" data-end=\"2635\" data-col-size=\"sm\">0 + 1<\/td>\n<td style=\"width: 141.844px\" data-start=\"2635\" data-end=\"2654\" data-col-size=\"sm\">$5<\/td>\n<\/tr>\n<\/tbody>\n<\/table>\n<div class=\"sticky end-(--thread-content-margin) h-0 self-end select-none\">\n<div class=\"absolute end-0 flex items-end\"><\/div>\n<\/div>\n<\/div>\n<\/div>\n<p data-start=\"2656\" data-end=\"2851\">A partir de <strong data-start=\"2668\" data-end=\"2685\">abril de 2025<\/strong>, ser\u00e1 aplicado um <strong data-start=\"2704\" data-end=\"2732\">multiplicador autom\u00e1tico<\/strong> a cada aposta, o que significa que as categorias de <strong data-start=\"2785\" data-end=\"2796\">II a IX<\/strong> podem ser multiplicadas por <strong data-start=\"2825\" data-end=\"2850\">x2, x3, x4, x5 ou x10<\/strong>.<\/p>\n<p data-start=\"2853\" data-end=\"2967\">Ou seja, um pr\u00eamio da segunda categoria de <strong data-start=\"2896\" data-end=\"2910\">$1.000.000<\/strong>, com um multiplicador <strong data-start=\"2933\" data-end=\"2940\">x10<\/strong>, se torna <strong data-start=\"2951\" data-end=\"2966\">$10.000.000<\/strong>.<\/p>\n<p data-start=\"2969\" data-end=\"3051\">Ou um pr\u00eamio da categoria IV de $500 pode se transformar em $1.000, ou at\u00e9 $5.000.<\/p>\n<h2 data-start=\"3058\" data-end=\"3102\"><strong data-start=\"3061\" data-end=\"3102\">Jackpots milion\u00e1rios do Mega Millions<\/strong><\/h2>\n<p data-start=\"3104\" data-end=\"3275\">Como mencionado, se n\u00e3o houver ganhador do jackpot, <strong data-start=\"3156\" data-end=\"3191\">o valor acumula indefinidamente<\/strong>. Gra\u00e7as a isso, alguns pr\u00eamios entregues foram enormes. Aqui est\u00e3o alguns exemplos:<\/p>\n<ul data-start=\"3277\" data-end=\"3608\">\n<li data-start=\"3277\" data-end=\"3332\">\n<p data-start=\"3279\" data-end=\"3332\">$1,602 bilh\u00f5es (Mega Millions): 9 de agosto de 2023<\/p>\n<\/li>\n<li data-start=\"3333\" data-end=\"3408\">\n<p data-start=\"3335\" data-end=\"3408\">$1,537 bilh\u00f5es (Mega Millions): 23 de outubro de 2018 \u2013 Carolina do Sul<\/p>\n<\/li>\n<li data-start=\"3409\" data-end=\"3474\">\n<p data-start=\"3411\" data-end=\"3474\">$1,348 bilh\u00f5es (Mega Millions): 13 de janeiro de 2023 \u2013 Maine<\/p>\n<\/li>\n<li data-start=\"3475\" data-end=\"3541\">\n<p data-start=\"3477\" data-end=\"3541\">$1,337 bilh\u00f5es (Mega Millions): 29 de julho de 2022 \u2013 Illinois<\/p>\n<\/li>\n<li data-start=\"3542\" data-end=\"3608\">\n<p data-start=\"3544\" data-end=\"3608\">$1,250 bilh\u00f5es (Mega Millions): sorteio de 4 de agosto de 2023<\/p>\n<\/li>\n<\/ul>\n<p data-start=\"3610\" data-end=\"3728\">Voc\u00ea pode consultar todos os <strong data-start=\"3639\" data-end=\"3670\">r<a href=\"https:\/\/lottohoy.com\/pt-pt\/resultados\/mega-millions\/\">esultados do Mega Millions<\/a><\/strong> aqui:<\/p>\n<h2 data-start=\"3735\" data-end=\"3790\"><strong data-start=\"3738\" data-end=\"3790\">Quais dias ocorrem os sorteios do Mega Millions?<\/strong><\/h2>\n<p data-start=\"3792\" data-end=\"3925\">Os sorteios da loteria Mega Millions acontecem <strong data-start=\"3839\" data-end=\"3899\">todas as ter\u00e7as e sextas-feiras \u00e0s 23h00 EST (03h00 GMT)<\/strong>, em <strong data-start=\"3904\" data-end=\"3924\">Atlanta, Ge\u00f3rgia<\/strong>.<\/p>\n<p data-start=\"3927\" data-end=\"4051\">Em geral, as vendas s\u00e3o encerradas uma hora antes do sorteio, mas se voc\u00ea jogar online, verifique diretamente na plataforma.<\/p>\n<h2 data-start=\"4058\" data-end=\"4098\"><strong data-start=\"4061\" data-end=\"4098\">Quanto custa jogar Mega Millions?<\/strong><\/h2>\n<p data-start=\"4100\" data-end=\"4257\">Na nossa plataforma, o pre\u00e7o de uma aposta no Mega Millions come\u00e7a em <strong data-start=\"4170\" data-end=\"4177\">\u20ac11<\/strong>, valor que te d\u00e1 a chance de disputar <strong data-start=\"4216\" data-end=\"4256\">super jackpots de milh\u00f5es de d\u00f3lares<\/strong>.<\/p>\n<p data-start=\"4259\" data-end=\"4446\">Esse valor pode variar de acordo com a <strong data-start=\"4298\" data-end=\"4323\">cota\u00e7\u00e3o do d\u00f3lar\/euro<\/strong> e com o n\u00famero de linhas selecionadas. Voc\u00ea pode adicionar quantas linhas quiser para <strong data-start=\"4410\" data-end=\"4445\">aumentar suas chances de ganhar<\/strong>.<\/p>\n<p data-start=\"4448\" data-end=\"4646\">Para comprar seu bilhete do Mega Millions, basta se registrar na <strong data-start=\"4513\" data-end=\"4589\"><a class=\"\" href=\"https:\/\/lottohoy.com\/pt-pt\/registration\/\" target=\"_new\" rel=\"noopener\" data-start=\"4515\" data-end=\"4587\">LottoHoy<\/a><\/strong> e escolher seus n\u00fameros favoritos. Est\u00e1 esperando o qu\u00ea?<\/p>\n","protected":false},"excerpt":{"rendered":"","protected":false},"author":2,"featured_media":0,"parent":3904,"menu_order":2,"comment_status":"closed","ping_status":"closed","template":"megamillion.php","meta":{"_et_pb_use_builder":"","_et_pb_old_content":"","_et_gb_content_width":"","exclude_from_search":false,"footnotes":""},"class_list":["post-3922","page","type-page","status-publish","hentry"],"yoast_head":"<!-- This site is optimized with the Yoast SEO plugin v23.7 - https:\/\/yoast.com\/wordpress\/plugins\/seo\/ -->\n<title>Aposte na Mega Millions online - Loteria dos EUA - LottoHoy.com<\/title>\n<meta name=\"description\" content=\"Jogar Mega Millions \u00e9 muito simples. Aprenda as suas regras no nosso site e compre o seu bilhete para o pr\u00f3ximo sorteio da Mega Millions com seguran\u00e7a....\" \/>\n<meta name=\"robots\" content=\"index, follow, max-snippet:-1, max-image-preview:large, max-video-preview:-1\" \/>\n<link rel=\"canonical\" href=\"https:\/\/lottohoy.com\/pt-pt\/jogar\/mega-millions\/\" \/>\n<meta property=\"og:locale\" content=\"pt_PT\" \/>\n<meta property=\"og:type\" content=\"article\" \/>\n<meta property=\"og:title\" content=\"Aposte na Mega Millions online - Loteria dos EUA - LottoHoy.com\" \/>\n<meta property=\"og:description\" content=\"Jogar Mega Millions \u00e9 muito simples. Aprenda as suas regras no nosso site e compre o seu bilhete para o pr\u00f3ximo sorteio da Mega Millions com seguran\u00e7a....\" \/>\n<meta property=\"og:url\" content=\"https:\/\/lottohoy.com\/pt-pt\/jogar\/mega-millions\/\" \/>\n<meta property=\"og:site_name\" content=\"Lottohoy\" \/>\n<meta property=\"article:modified_time\" content=\"2025-05-27T16:25:27+00:00\" \/>\n<meta name=\"twitter:card\" content=\"summary_large_image\" \/>\n<meta name=\"twitter:label1\" content=\"Est. reading time\" \/>\n\t<meta name=\"twitter:data1\" content=\"3 minutes\" \/>\n<script type=\"application\/ld+json\" class=\"yoast-schema-graph\">{\"@context\":\"https:\/\/schema.org\",\"@graph\":[{\"@type\":\"WebPage\",\"@id\":\"https:\/\/lottohoy.com\/pt-pt\/jogar\/mega-millions\/\",\"url\":\"https:\/\/lottohoy.com\/pt-pt\/jogar\/mega-millions\/\",\"name\":\"Aposte na Mega Millions online - Loteria dos EUA - LottoHoy.com\",\"isPartOf\":{\"@id\":\"https:\/\/lottohoy.com\/pt-pt\/#website\"},\"datePublished\":\"2018-05-03T13:23:26+00:00\",\"dateModified\":\"2025-05-27T16:25:27+00:00\",\"description\":\"Jogar Mega Millions \u00e9 muito simples. Aprenda as suas regras no nosso site e compre o seu bilhete para o pr\u00f3ximo sorteio da Mega Millions com seguran\u00e7a....\",\"breadcrumb\":{\"@id\":\"https:\/\/lottohoy.com\/pt-pt\/jogar\/mega-millions\/#breadcrumb\"},\"inLanguage\":\"pt-ts\",\"potentialAction\":[{\"@type\":\"ReadAction\",\"target\":[\"https:\/\/lottohoy.com\/pt-pt\/jogar\/mega-millions\/\"]}]},{\"@type\":\"BreadcrumbList\",\"@id\":\"https:\/\/lottohoy.com\/pt-pt\/jogar\/mega-millions\/#breadcrumb\",\"itemListElement\":[{\"@type\":\"ListItem\",\"position\":1,\"name\":\"Home\",\"item\":\"https:\/\/lottohoy.com\/pt-pt\/\"},{\"@type\":\"ListItem\",\"position\":2,\"name\":\"Compre bilhetes de loteria online\",\"item\":\"https:\/\/lottohoy.com\/pt-pt\/jogar\/\"},{\"@type\":\"ListItem\",\"position\":3,\"name\":\"Apostar no MegaMillions online\"}]},{\"@type\":\"WebSite\",\"@id\":\"https:\/\/lottohoy.com\/pt-pt\/#website\",\"url\":\"https:\/\/lottohoy.com\/pt-pt\/\",\"name\":\"Lottohoy\",\"description\":\"\",\"potentialAction\":[{\"@type\":\"SearchAction\",\"target\":{\"@type\":\"EntryPoint\",\"urlTemplate\":\"https:\/\/lottohoy.com\/pt-pt\/?s={search_term_string}\"},\"query-input\":{\"@type\":\"PropertyValueSpecification\",\"valueRequired\":true,\"valueName\":\"search_term_string\"}}],\"inLanguage\":\"pt-ts\"}]}<\/script>\n<!-- \/ Yoast SEO plugin. -->","yoast_head_json":{"title":"Aposte na Mega Millions online - Loteria dos EUA - LottoHoy.com","description":"Jogar Mega Millions \u00e9 muito simples. Aprenda as suas regras no nosso site e compre o seu bilhete para o pr\u00f3ximo sorteio da Mega Millions com seguran\u00e7a....","robots":{"index":"index","follow":"follow","max-snippet":"max-snippet:-1","max-image-preview":"max-image-preview:large","max-video-preview":"max-video-preview:-1"},"canonical":"https:\/\/lottohoy.com\/pt-pt\/jogar\/mega-millions\/","og_locale":"pt_PT","og_type":"article","og_title":"Aposte na Mega Millions online - Loteria dos EUA - LottoHoy.com","og_description":"Jogar Mega Millions \u00e9 muito simples. Aprenda as suas regras no nosso site e compre o seu bilhete para o pr\u00f3ximo sorteio da Mega Millions com seguran\u00e7a....","og_url":"https:\/\/lottohoy.com\/pt-pt\/jogar\/mega-millions\/","og_site_name":"Lottohoy","article_modified_time":"2025-05-27T16:25:27+00:00","twitter_card":"summary_large_image","twitter_misc":{"Est. reading time":"3 minutes"},"schema":{"@context":"https:\/\/schema.org","@graph":[{"@type":"WebPage","@id":"https:\/\/lottohoy.com\/pt-pt\/jogar\/mega-millions\/","url":"https:\/\/lottohoy.com\/pt-pt\/jogar\/mega-millions\/","name":"Aposte na Mega Millions online - Loteria dos EUA - LottoHoy.com","isPartOf":{"@id":"https:\/\/lottohoy.com\/pt-pt\/#website"},"datePublished":"2018-05-03T13:23:26+00:00","dateModified":"2025-05-27T16:25:27+00:00","description":"Jogar Mega Millions \u00e9 muito simples. Aprenda as suas regras no nosso site e compre o seu bilhete para o pr\u00f3ximo sorteio da Mega Millions com seguran\u00e7a....","breadcrumb":{"@id":"https:\/\/lottohoy.com\/pt-pt\/jogar\/mega-millions\/#breadcrumb"},"inLanguage":"pt-ts","potentialAction":[{"@type":"ReadAction","target":["https:\/\/lottohoy.com\/pt-pt\/jogar\/mega-millions\/"]}]},{"@type":"BreadcrumbList","@id":"https:\/\/lottohoy.com\/pt-pt\/jogar\/mega-millions\/#breadcrumb","itemListElement":[{"@type":"ListItem","position":1,"name":"Home","item":"https:\/\/lottohoy.com\/pt-pt\/"},{"@type":"ListItem","position":2,"name":"Compre bilhetes de loteria online","item":"https:\/\/lottohoy.com\/pt-pt\/jogar\/"},{"@type":"ListItem","position":3,"name":"Apostar no MegaMillions online"}]},{"@type":"WebSite","@id":"https:\/\/lottohoy.com\/pt-pt\/#website","url":"https:\/\/lottohoy.com\/pt-pt\/","name":"Lottohoy","description":"","potentialAction":[{"@type":"SearchAction","target":{"@type":"EntryPoint","urlTemplate":"https:\/\/lottohoy.com\/pt-pt\/?s={search_term_string}"},"query-input":{"@type":"PropertyValueSpecification","valueRequired":true,"valueName":"search_term_string"}}],"inLanguage":"pt-ts"}]}},"_links":{"self":[{"href":"https:\/\/lottohoy.com\/pt-pt\/wp-json\/wp\/v2\/pages\/3922","targetHints":{"allow":["GET"]}}],"collection":[{"href":"https:\/\/lottohoy.com\/pt-pt\/wp-json\/wp\/v2\/pages"}],"about":[{"href":"https:\/\/lottohoy.com\/pt-pt\/wp-json\/wp\/v2\/types\/page"}],"author":[{"embeddable":true,"href":"https:\/\/lottohoy.com\/pt-pt\/wp-json\/wp\/v2\/users\/2"}],"replies":[{"embeddable":true,"href":"https:\/\/lottohoy.com\/pt-pt\/wp-json\/wp\/v2\/comments?post=3922"}],"version-history":[{"count":9,"href":"https:\/\/lottohoy.com\/pt-pt\/wp-json\/wp\/v2\/pages\/3922\/revisions"}],"predecessor-version":[{"id":19932,"href":"https:\/\/lottohoy.com\/pt-pt\/wp-json\/wp\/v2\/pages\/3922\/revisions\/19932"}],"up":[{"embeddable":true,"href":"https:\/\/lottohoy.com\/pt-pt\/wp-json\/wp\/v2\/pages\/3904"}],"wp:attachment":[{"href":"https:\/\/lottohoy.com\/pt-pt\/wp-json\/wp\/v2\/media?parent=3922"}],"curies":[{"name":"wp","href":"https:\/\/api.w.org\/{rel}","templated":true}]}}