{"id":3919,"date":"2018-08-21T10:08:33","date_gmt":"2018-08-21T09:08:33","guid":{"rendered":"https:\/\/www.lottohoy.com\/?page_id=3919"},"modified":"2025-02-10T12:21:01","modified_gmt":"2025-02-10T12:21:01","slug":"la-primitiva","status":"publish","type":"page","link":"https:\/\/lottohoy.com\/pt-pt\/jogar\/la-primitiva\/","title":{"rendered":"Apostar no La Primitiva online"},"content":{"rendered":"<p><!--more--><\/p>\n<p>O que conhecemos hoje como &#8220;La Primitiva&#8221;, \u00e9 o jogo de loteria mais antigo da Espanha. Desde a sua cria\u00e7\u00e3o em 1763, o seu desenvolvimento foi muito semelhante ao sistema actual, escolhendo 4 n\u00fameros de um total de 90, por essa raz\u00e3o foi conhecida como a &#8220;Lotaria por n\u00fameros&#8221;.<\/p>\n<p>Esta loteria tornou-se definitivamente chamada La Primitiva, como resultado da cria\u00e7\u00e3o de uma nova loteria que foi comercializada atrav\u00e9s de bilhetes que tinham impresso um n\u00famero com o qual participar dos sorteios. O que conhecemos hoje como Lotaria Nacional.<\/p>\n<p>Em 1862, o governo da \u00e9poca decidiu suprimir o sorteio dos primitivos para dar um maior destaque \u00e0 loteria por n\u00fameros, pois estava tendo uma grande aceita\u00e7\u00e3o, e n\u00e3o seria at\u00e9 pouco mais de um s\u00e9culo, em 1985, quando a loteria primitiva ressurgiu de m\u00e3os dadas com as Loter\u00eda y Apuestas del Estado (LAE), que \u00e9 a ag\u00eancia respons\u00e1vel pelas loterias na Espanha.<\/p>\n<h2><strong>Varia\u00e7\u00f5es no regulamento at\u00e9 \u00e0 data<\/strong><\/h2>\n<ul>\n<li>Movido de um sorteio semanal para dois sorteios (quintas e s\u00e1bados, desde maio de 1990)<\/li>\n<li>pre\u00e7o inicial de 25 Ptas. (aproximadamente 0,15 \u20ac) tem vindo a aumentar pouco a pouco, at\u00e9 ao seu pre\u00e7o actual.<\/li>\n<li>Em 1991, uma bola extra <strong>&#8220;o reembolso&#8221;<\/strong> foi adicionado ao jogo.<\/li>\n<li>Em 2012 foi acrescentada a possibilidade de jogar no sorteio do primitivo com um sorteio opcional e associado ao mesmo bilhete do primitivo, o &#8220;Jocker&#8221;.<\/li>\n<li>Coincidindo com essa data, determina-se nas regras, que somente esses bilhetes optar\u00e3o pelo pote que al\u00e9m de adivinhar a combina\u00e7\u00e3o das 6 bolas, acerte tamb\u00e9m a bola extra do reembolso.<\/li>\n<\/ul>\n<h2><strong>Como se faz de Primitiva?<\/strong><\/h2>\n<p>Para jogar o Primitiva, apenas 6 n\u00fameros devem ser escolhidos de uma coluna composta de um total de 49 (numerados de 1 a 49). O pre\u00e7o da aposta simples \u00e9 de 2 Euros.<\/p>\n<p>Existem v\u00e1rias formas de fazer apostas: apostas simples, m\u00faltiplas e reduzidas.<\/p>\n<ul>\n<li><strong>Aposta f\u00e1cil<\/strong>: Use quantas colunas de jogo quiser com um m\u00ednimo de 1 e um m\u00e1ximo de 8 colunas. Jogando online voc\u00ea pode apostar quantas colunas quiser.<\/li>\n<li><strong>Apostas m\u00faltiplas<\/strong>: Neste caso, apenas a primeira coluna do bilhete ser\u00e1 utilizada, e poder\u00e1 marcar de 7 a 11 n\u00fameros. Quanto mais caixas de n\u00fameros estiverem marcadas, maior ser\u00e1 o n\u00famero de apostas em que participar\u00e1.<\/li>\n<li><strong>Aposta reduzida:<\/strong> Esta aposta \u00e9 fornecida pelo pr\u00f3prio sistema e \u00e9 normalmente utilizada exclusivamente no bilhete f\u00edsico.<\/li>\n<\/ul>\n<h2><strong>Como funciona o sorteio Primitiva?<\/strong><\/h2>\n<p>O sorteio \u00e9 feito com dois tambores. Uma delas cont\u00e9m as 49 bolas numeradas das quais os 6 n\u00fameros ser\u00e3o extra\u00eddos para a combina\u00e7\u00e3o vencedora, mais uma s\u00e9tima bola que ser\u00e1 chamada &#8220;a complementar&#8221;.<\/p>\n<p>Este n\u00famero complementar n\u00e3o est\u00e1 marcado no bilhete, e como o seu nome indica serve para complementar as apostas que correspondem a 5 dos 6 n\u00fameros da combina\u00e7\u00e3o vencedora. Pr\u00e9mio para a segunda categoria de 5 n\u00fameros mais o n\u00famero complementar.<\/p>\n<p>Do segundo tambor de graves, a bola \u00e9 extra\u00edda do reembolso. Assim, este n\u00famero do desconto serve para recompensar apenas os jogadores que correspondam a este n\u00famero, recebendo como pr\u00e9mio o montante da aposta simples.<\/p>\n<h2><strong>Que dias joga La Primitiva?<\/strong><\/h2>\n<p>La Primitiva \u00e9 realizada duas vezes por semana, \u00e0s quintas e s\u00e1bados. O sorteio acontece \u00e0s 21:40 h. na Espanha, em ato p\u00fablico na sala de sorteio das Loterias y Apuestas del Estado (LAE) em Madri.<\/p>\n<p>O regulamento da Primitiva prev\u00ea a possibilidade de alterar o lugar, o dia e a hora da celebra\u00e7\u00e3o de um sorteio ou de uma modifica\u00e7\u00e3o de datas.<\/p>\n<h2><strong>Quanto custa a Primitiva?<\/strong><\/h2>\n<p>Na LottoHoy voc\u00ea pode apostar na Primitiva a partir de um pre\u00e7o de \u20ac2,50 por coluna.<\/p>\n<p>Embora oficialmente s\u00f3 os residentes em Espanha podem acessar este jogo, hoje e atrav\u00e9s de plataformas online, voc\u00ea pode acessar a compra de bilhetes e ver os <a href=\"https:\/\/lottohoy.com\/fr\/resultats\/la-primitiva\/\"><span style=\"color: #993366;\"><strong>resultados do Primitiva<\/strong><\/span><\/a> de qualquer pa\u00eds.<\/p>\n<h2><strong>Como comprar a Primitiva?<\/strong><\/h2>\n<p>Comprar e participar nos sorteios Primitiva atrav\u00e9s da nossa plataforma \u00e9 muito simples, f\u00e1cil e conveniente.<\/p>\n<p>Ao acessar a p\u00e1gina do jogo, voc\u00ea pode fazer a aposta ou apostas que quiser usando as colunas do jogo (tamb\u00e9m chamadas linhas) mostradas. Inicialmente aparecem 5 colunas, mas elas podem ser ampliadas quantas vezes voc\u00ea desejar, simplesmente clicando na caixa <strong>&#8220;Mais linhas&#8221;.<\/strong><\/p>\n<p>Em cada coluna, 6 n\u00fameros ser\u00e3o marcados para configurar o movimento.<\/p>\n<p>Esta combina\u00e7\u00e3o pode ser feita manualmente ou permitindo que o sistema escolha uma combina\u00e7\u00e3o aleat\u00f3ria para o jogador. Esta selec\u00e7\u00e3o aleat\u00f3ria faz-se colocando o cursor na coluna e aparece uma caixa superior indicando &#8220;selec\u00e7\u00e3o r\u00e1pida&#8221;.<\/p>\n<p>Uma vez determinado o n\u00famero de colunas (apostas) que o jogador quer jogar, uma caixa verde com a palavra &#8220;continuar&#8221; aparece na parte inferior.<\/p>\n<p>Uma vez no carrinho, uma nova tela se abre mostrando uma s\u00e9rie de m\u00e9todos de pagamento: de cart\u00f5es de cr\u00e9dito.e sistemas conhecidos como Skrill ou Neteller, para uma grande variedade de m\u00eddias, inclusive atrav\u00e9s de moedas criptogr\u00e1ficas.<\/p>\n<h2><strong>Pr\u00eamios Primitiva<\/strong><\/h2>\n<p>55% do produto de cada sorteio \u00e9 utilizado para pagar os pr\u00e9mios, 10% \u00e9 utilizado para pagar o reembolso e os restantes 45% ser\u00e3o separados pelo montante correspondente ao pagamento fixo de 8 \u20ac por cada vencedor da 5\u00aa categoria, sendo o restante repartido entre as 4 categorias principais mais a categoria especial.<\/p>\n<ul>\n<li>Uma <strong>categoria especial<\/strong>, para os vencedores da combina\u00e7\u00e3o vencedora completa (6 n\u00fameros + o reembolso). Esta categoria leva aproximadamente 6,18% do lucro mais o valor do jackpot acumulado, se houver. \u00c9 garantido um m\u00ednimo de 2 milh\u00f5es de euros.<\/li>\n<li><strong>Primeira categoria<\/strong>, para os vencedores da combina\u00e7\u00e3o principal dos 6 n\u00fameros. 12,04% das receitas s\u00e3o afectadas a esta categoria, que ser\u00e1 distribu\u00edda por todos os vencedores desta categoria.<\/li>\n<li><strong>Segunda categoria<\/strong>, para os vencedores de 5 n\u00fameros mais a complementar. Nesta categoria, os vencedores partilham 1,80 % das receitas.<\/li>\n<li><strong>Terceira categoria<\/strong>, para os vencedores de 5 n\u00fameros, e distribuir 3,91%.<\/li>\n<li><strong>Quarta categoria<\/strong>, para os vencedores de 4 n\u00fameros, e distribuir 6,32 %.<\/li>\n<li><strong>Quinta categoria<\/strong>, para os vencedores de 3 n\u00fameros, tem um pr\u00e9mio fixo de 8 \u20ac cada um e que vem a significar aproximadamente 14,12 % da cole\u00e7\u00e3o.<\/li>\n<li><strong>Reembolso<\/strong>, para os vencedores do n\u00famero considerado como reembolso foi criado um fundo com 10% da cobran\u00e7a de cada sorteio para tornar efetivo o pagamento fixo equivalente ao montante de uma aposta simples.<\/li>\n<\/ul>\n<p>O montante dos pr\u00e9mios obtidos \u00e9 depositado directamente na conta dos utilizadores registados.<\/p>\n","protected":false},"excerpt":{"rendered":"","protected":false},"author":2,"featured_media":0,"parent":3904,"menu_order":6,"comment_status":"closed","ping_status":"closed","template":"la-primitiva.php","meta":{"_et_pb_use_builder":"","_et_pb_old_content":"","_et_gb_content_width":"","exclude_from_search":false,"footnotes":""},"class_list":["post-3919","page","type-page","status-publish","hentry"],"yoast_head":"<!-- This site is optimized with the Yoast SEO plugin v23.7 - https:\/\/yoast.com\/wordpress\/plugins\/seo\/ -->\n<title>Jogue Primitiva online - Ganhe pr\u00e9mios na LottoHoy<\/title>\n<meta name=\"description\" content=\"Jogue de casa para Primitiva, selecione seus 6 n\u00fameros favoritos de uma coluna com um total de 49 n\u00fameros. A maneira mais f\u00e1cil e r\u00e1pida de ganhar online\" \/>\n<meta name=\"robots\" content=\"index, follow, max-snippet:-1, max-image-preview:large, max-video-preview:-1\" \/>\n<link rel=\"canonical\" href=\"https:\/\/lottohoy.com\/pt-pt\/jogar\/la-primitiva\/\" \/>\n<meta property=\"og:locale\" content=\"pt_PT\" \/>\n<meta property=\"og:type\" content=\"article\" \/>\n<meta property=\"og:title\" content=\"Jogue Primitiva online - Ganhe pr\u00e9mios na LottoHoy\" \/>\n<meta property=\"og:description\" content=\"Jogue de casa para Primitiva, selecione seus 6 n\u00fameros favoritos de uma coluna com um total de 49 n\u00fameros. A maneira mais f\u00e1cil e r\u00e1pida de ganhar online\" \/>\n<meta property=\"og:url\" content=\"https:\/\/lottohoy.com\/pt-pt\/jogar\/la-primitiva\/\" \/>\n<meta property=\"og:site_name\" content=\"Lottohoy\" \/>\n<meta property=\"article:modified_time\" content=\"2025-02-10T12:21:01+00:00\" \/>\n<meta name=\"twitter:card\" content=\"summary_large_image\" \/>\n<meta name=\"twitter:label1\" content=\"Est. reading time\" \/>\n\t<meta name=\"twitter:data1\" content=\"5 minutes\" \/>\n<script type=\"application\/ld+json\" class=\"yoast-schema-graph\">{\"@context\":\"https:\/\/schema.org\",\"@graph\":[{\"@type\":\"WebPage\",\"@id\":\"https:\/\/lottohoy.com\/pt-pt\/jogar\/la-primitiva\/\",\"url\":\"https:\/\/lottohoy.com\/pt-pt\/jogar\/la-primitiva\/\",\"name\":\"Jogue Primitiva online - Ganhe pr\u00e9mios na LottoHoy\",\"isPartOf\":{\"@id\":\"https:\/\/lottohoy.com\/pt-pt\/#website\"},\"datePublished\":\"2018-08-21T09:08:33+00:00\",\"dateModified\":\"2025-02-10T12:21:01+00:00\",\"description\":\"Jogue de casa para Primitiva, selecione seus 6 n\u00fameros favoritos de uma coluna com um total de 49 n\u00fameros. A maneira mais f\u00e1cil e r\u00e1pida de ganhar online\",\"breadcrumb\":{\"@id\":\"https:\/\/lottohoy.com\/pt-pt\/jogar\/la-primitiva\/#breadcrumb\"},\"inLanguage\":\"pt-ts\",\"potentialAction\":[{\"@type\":\"ReadAction\",\"target\":[\"https:\/\/lottohoy.com\/pt-pt\/jogar\/la-primitiva\/\"]}]},{\"@type\":\"BreadcrumbList\",\"@id\":\"https:\/\/lottohoy.com\/pt-pt\/jogar\/la-primitiva\/#breadcrumb\",\"itemListElement\":[{\"@type\":\"ListItem\",\"position\":1,\"name\":\"Home\",\"item\":\"https:\/\/lottohoy.com\/pt-pt\/\"},{\"@type\":\"ListItem\",\"position\":2,\"name\":\"Compre bilhetes de loteria online\",\"item\":\"https:\/\/lottohoy.com\/pt-pt\/jogar\/\"},{\"@type\":\"ListItem\",\"position\":3,\"name\":\"Apostar no La Primitiva online\"}]},{\"@type\":\"WebSite\",\"@id\":\"https:\/\/lottohoy.com\/pt-pt\/#website\",\"url\":\"https:\/\/lottohoy.com\/pt-pt\/\",\"name\":\"Lottohoy\",\"description\":\"\",\"potentialAction\":[{\"@type\":\"SearchAction\",\"target\":{\"@type\":\"EntryPoint\",\"urlTemplate\":\"https:\/\/lottohoy.com\/pt-pt\/?s={search_term_string}\"},\"query-input\":{\"@type\":\"PropertyValueSpecification\",\"valueRequired\":true,\"valueName\":\"search_term_string\"}}],\"inLanguage\":\"pt-ts\"}]}<\/script>\n<!-- \/ Yoast SEO plugin. -->","yoast_head_json":{"title":"Jogue Primitiva online - Ganhe pr\u00e9mios na LottoHoy","description":"Jogue de casa para Primitiva, selecione seus 6 n\u00fameros favoritos de uma coluna com um total de 49 n\u00fameros. A maneira mais f\u00e1cil e r\u00e1pida de ganhar online","robots":{"index":"index","follow":"follow","max-snippet":"max-snippet:-1","max-image-preview":"max-image-preview:large","max-video-preview":"max-video-preview:-1"},"canonical":"https:\/\/lottohoy.com\/pt-pt\/jogar\/la-primitiva\/","og_locale":"pt_PT","og_type":"article","og_title":"Jogue Primitiva online - Ganhe pr\u00e9mios na LottoHoy","og_description":"Jogue de casa para Primitiva, selecione seus 6 n\u00fameros favoritos de uma coluna com um total de 49 n\u00fameros. A maneira mais f\u00e1cil e r\u00e1pida de ganhar online","og_url":"https:\/\/lottohoy.com\/pt-pt\/jogar\/la-primitiva\/","og_site_name":"Lottohoy","article_modified_time":"2025-02-10T12:21:01+00:00","twitter_card":"summary_large_image","twitter_misc":{"Est. reading time":"5 minutes"},"schema":{"@context":"https:\/\/schema.org","@graph":[{"@type":"WebPage","@id":"https:\/\/lottohoy.com\/pt-pt\/jogar\/la-primitiva\/","url":"https:\/\/lottohoy.com\/pt-pt\/jogar\/la-primitiva\/","name":"Jogue Primitiva online - Ganhe pr\u00e9mios na LottoHoy","isPartOf":{"@id":"https:\/\/lottohoy.com\/pt-pt\/#website"},"datePublished":"2018-08-21T09:08:33+00:00","dateModified":"2025-02-10T12:21:01+00:00","description":"Jogue de casa para Primitiva, selecione seus 6 n\u00fameros favoritos de uma coluna com um total de 49 n\u00fameros. A maneira mais f\u00e1cil e r\u00e1pida de ganhar online","breadcrumb":{"@id":"https:\/\/lottohoy.com\/pt-pt\/jogar\/la-primitiva\/#breadcrumb"},"inLanguage":"pt-ts","potentialAction":[{"@type":"ReadAction","target":["https:\/\/lottohoy.com\/pt-pt\/jogar\/la-primitiva\/"]}]},{"@type":"BreadcrumbList","@id":"https:\/\/lottohoy.com\/pt-pt\/jogar\/la-primitiva\/#breadcrumb","itemListElement":[{"@type":"ListItem","position":1,"name":"Home","item":"https:\/\/lottohoy.com\/pt-pt\/"},{"@type":"ListItem","position":2,"name":"Compre bilhetes de loteria online","item":"https:\/\/lottohoy.com\/pt-pt\/jogar\/"},{"@type":"ListItem","position":3,"name":"Apostar no La Primitiva online"}]},{"@type":"WebSite","@id":"https:\/\/lottohoy.com\/pt-pt\/#website","url":"https:\/\/lottohoy.com\/pt-pt\/","name":"Lottohoy","description":"","potentialAction":[{"@type":"SearchAction","target":{"@type":"EntryPoint","urlTemplate":"https:\/\/lottohoy.com\/pt-pt\/?s={search_term_string}"},"query-input":{"@type":"PropertyValueSpecification","valueRequired":true,"valueName":"search_term_string"}}],"inLanguage":"pt-ts"}]}},"_links":{"self":[{"href":"https:\/\/lottohoy.com\/pt-pt\/wp-json\/wp\/v2\/pages\/3919","targetHints":{"allow":["GET"]}}],"collection":[{"href":"https:\/\/lottohoy.com\/pt-pt\/wp-json\/wp\/v2\/pages"}],"about":[{"href":"https:\/\/lottohoy.com\/pt-pt\/wp-json\/wp\/v2\/types\/page"}],"author":[{"embeddable":true,"href":"https:\/\/lottohoy.com\/pt-pt\/wp-json\/wp\/v2\/users\/2"}],"replies":[{"embeddable":true,"href":"https:\/\/lottohoy.com\/pt-pt\/wp-json\/wp\/v2\/comments?post=3919"}],"version-history":[{"count":3,"href":"https:\/\/lottohoy.com\/pt-pt\/wp-json\/wp\/v2\/pages\/3919\/revisions"}],"predecessor-version":[{"id":14568,"href":"https:\/\/lottohoy.com\/pt-pt\/wp-json\/wp\/v2\/pages\/3919\/revisions\/14568"}],"up":[{"embeddable":true,"href":"https:\/\/lottohoy.com\/pt-pt\/wp-json\/wp\/v2\/pages\/3904"}],"wp:attachment":[{"href":"https:\/\/lottohoy.com\/pt-pt\/wp-json\/wp\/v2\/media?parent=3919"}],"curies":[{"name":"wp","href":"https:\/\/api.w.org\/{rel}","templated":true}]}}