{"id":3916,"date":"2019-03-22T15:50:45","date_gmt":"2019-03-22T15:50:45","guid":{"rendered":"https:\/\/www.lottohoy.com\/?page_id=3916"},"modified":"2024-10-23T07:33:43","modified_gmt":"2024-10-23T06:33:43","slug":"lotto-fr","status":"publish","type":"page","link":"https:\/\/lottohoy.com\/pt-pt\/jogar\/lotto-fr\/","title":{"rendered":"Jogue na Loteria Francesa (French Lotto) online"},"content":{"rendered":"<p>A Loteria Francesa \u00e9 um dos jogos mais populares oferecidos pela Fran\u00e7aise des Jeux (FDJ), o operador de todos os jogos de loteria na Fran\u00e7a.<\/p>\n<p>Como a maioria das loterias no mundo todo, a Frencjh Lotto \u00e9 reservada aos apostadores mais velhos. Neste caso, a Fran\u00e7a, como pa\u00eds organizador, estabeleceu a idade de 18 anos para poder participar e ganhar dinheiro em todos os seus jogos.<\/p>\n<h2><strong>Como apostar na Loto Francesa (French Lotto)?<\/strong><\/h2>\n<p>Para apostar na Loteria Francesa (French Lotto) online, existem basicamente duas possibilidades: faz\u00ea-lo diretamente atrav\u00e9s do site da La Fran\u00e7aise des Jeux da Fran\u00e7a ou atrav\u00e9s da LottoHoy.<\/p>\n<p>Depois de aceder \u00e0 p\u00e1gina de jogo da French Lotto atrav\u00e9s do site LottoHoy.com, aparece um modelo com 5 colunas ou linhas de jogo onde deve indicar a jogada que pretende fazer (cada coluna corresponde a uma aposta).<\/p>\n<p>Estas 5 colunas iniciais podem ser ampliadas clicando na caixa MAIS LINHAS, e outras 5 colunas aparecem onde voc\u00ea pode fazer mais apostas na mesma jogada.<\/p>\n<p>Isto pode ser repetido tantas vezes quantas as colunas ou linhas que quiser apostar.<\/p>\n<p>Para apostar em uma coluna, voc\u00ea deve <strong>marcar 5 dos 49 quadrados no primeiro quadrante, e tamb\u00e9m outro n\u00famero na segunda caixa entre os c\u00edrculos numerados de 1 a 10.<\/strong><\/p>\n<p>Esta jogada pode ser feita manualmente, ou seja, marcando directamente em cada um dos n\u00fameros que pretende fazer parte da sua combina\u00e7\u00e3o de apostas.<\/p>\n<p>E tamb\u00e9m, se desejar, pode permitir que o sistema escolha a combina\u00e7\u00e3o de apostas de uma forma aleat\u00f3ria.<\/p>\n<p>Se a aposta for atribu\u00edda, o montante do pr\u00e9mio \u00e9 automaticamente creditado na conta de utilizador.<\/p>\n<h2><strong>Em que dias \u00e9 sorteado o sorteio da Loteria da Fran\u00e7a (French Lotto)?<\/strong><\/h2>\n<p>A Loteria Francesa realiza tr\u00eas sorteios por semana, \u00e0s segundas, quartas e s\u00e1bados, \u00e0s 20h35 locais.<\/p>\n<p>A admiss\u00e3o de ingressos fecha oficialmente \u00e0s 18h00 (hor\u00e1rio local) e reabre ao final do sorteio para validar ingressos para novos sorteios.<\/p>\n<h2><strong>Vantagens de comprar a Loto Francesa (French Lotto) online<\/strong><\/h2>\n<p>H\u00e1 muitas vantagens em apostar na French Lotto online, especialmente considerando os novos h\u00e1bitos dos consumidores e a conveni\u00eancia que isso implica.<\/p>\n<p>Entre muitas outras, estas s\u00e3o algumas das principais vantagens de jogar atrav\u00e9s do LottoHoy:<\/p>\n<ul>\n<li><strong>Seguran\u00e7a<\/strong> de transac\u00e7\u00e3o.<\/li>\n<li>Ser capaz de <strong>aceder 24\/7<\/strong> todos os dias do ano para compras e apostas.<\/li>\n<li>Compre os seus bilhetes a partir de qualquer ponto do mundo geogr\u00e1fico, sem filas e sem desloca\u00e7\u00f5es.<\/li>\n<li>Com a compra on-line, <strong>evita-se perda ou extravio<\/strong>, o bilhete fica sempre para boa cobran\u00e7a na conta de usu\u00e1rio.<\/li>\n<li><strong>Os pr\u00e9mios ganhos s\u00e3o imediatamente creditados na sua conta<\/strong> de utilizador. Depois que o sorteio \u00e9 realizado e os <a href=\"https:\/\/lottohoy.com\/pt-pt\/resultados\/lotto-fr\/\"><span style=\"color: #993366;\">resultados da Loteria Francesa s\u00e3o publicados<\/span><\/a>, o pr\u00eamio \u00e9 creditado na conta de usu\u00e1rio.<\/li>\n<li><strong>Ser informado de jackpots acumulados<\/strong> e sorteios extraordin\u00e1rios.<\/li>\n<\/ul>\n","protected":false},"excerpt":{"rendered":"<p>A Loteria Francesa \u00e9 um dos jogos mais populares oferecidos pela Fran\u00e7aise des Jeux (FDJ), o operador de todos os jogos de loteria na Fran\u00e7a. Como a maioria das loterias no mundo todo, a Frencjh Lotto \u00e9 reservada aos apostadores mais velhos. Neste caso, a Fran\u00e7a, como pa\u00eds organizador, estabeleceu a idade de 18 anos [&hellip;]<\/p>\n","protected":false},"author":2,"featured_media":0,"parent":3904,"menu_order":12,"comment_status":"closed","ping_status":"closed","template":"lotto-fr.php","meta":{"_et_pb_use_builder":"","_et_pb_old_content":"","_et_gb_content_width":"","exclude_from_search":false,"footnotes":""},"class_list":["post-3916","page","type-page","status-publish","hentry"],"yoast_head":"<!-- This site is optimized with the Yoast SEO plugin v23.7 - https:\/\/yoast.com\/wordpress\/plugins\/seo\/ -->\n<title>Apostar na loteria francesa de casa agora \u00e9 poss\u00edvel - LottoHoy<\/title>\n<meta name=\"description\" content=\"A Loto Francesa \u00e9 o jogo de loteria mais popular da Fran\u00e7a. Agora voc\u00ea pode jogar em casa e receber os pr\u00eamios automaticamente.\" \/>\n<meta name=\"robots\" content=\"index, follow, max-snippet:-1, max-image-preview:large, max-video-preview:-1\" \/>\n<link rel=\"canonical\" href=\"https:\/\/lottohoy.com\/pt-pt\/jogar\/lotto-fr\/\" \/>\n<meta property=\"og:locale\" content=\"pt_PT\" \/>\n<meta property=\"og:type\" content=\"article\" \/>\n<meta property=\"og:title\" content=\"Apostar na loteria francesa de casa agora \u00e9 poss\u00edvel - LottoHoy\" \/>\n<meta property=\"og:description\" content=\"A Loto Francesa \u00e9 o jogo de loteria mais popular da Fran\u00e7a. Agora voc\u00ea pode jogar em casa e receber os pr\u00eamios automaticamente.\" \/>\n<meta property=\"og:url\" content=\"https:\/\/lottohoy.com\/pt-pt\/jogar\/lotto-fr\/\" \/>\n<meta property=\"og:site_name\" content=\"Lottohoy\" \/>\n<meta property=\"article:modified_time\" content=\"2024-10-23T06:33:43+00:00\" \/>\n<meta name=\"twitter:card\" content=\"summary_large_image\" \/>\n<meta name=\"twitter:label1\" content=\"Est. reading time\" \/>\n\t<meta name=\"twitter:data1\" content=\"3 minutes\" \/>\n<script type=\"application\/ld+json\" class=\"yoast-schema-graph\">{\"@context\":\"https:\/\/schema.org\",\"@graph\":[{\"@type\":\"WebPage\",\"@id\":\"https:\/\/lottohoy.com\/pt-pt\/jogar\/lotto-fr\/\",\"url\":\"https:\/\/lottohoy.com\/pt-pt\/jogar\/lotto-fr\/\",\"name\":\"Apostar na loteria francesa de casa agora \u00e9 poss\u00edvel - LottoHoy\",\"isPartOf\":{\"@id\":\"https:\/\/lottohoy.com\/pt-pt\/#website\"},\"datePublished\":\"2019-03-22T15:50:45+00:00\",\"dateModified\":\"2024-10-23T06:33:43+00:00\",\"description\":\"A Loto Francesa \u00e9 o jogo de loteria mais popular da Fran\u00e7a. Agora voc\u00ea pode jogar em casa e receber os pr\u00eamios automaticamente.\",\"breadcrumb\":{\"@id\":\"https:\/\/lottohoy.com\/pt-pt\/jogar\/lotto-fr\/#breadcrumb\"},\"inLanguage\":\"pt-ts\",\"potentialAction\":[{\"@type\":\"ReadAction\",\"target\":[\"https:\/\/lottohoy.com\/pt-pt\/jogar\/lotto-fr\/\"]}]},{\"@type\":\"BreadcrumbList\",\"@id\":\"https:\/\/lottohoy.com\/pt-pt\/jogar\/lotto-fr\/#breadcrumb\",\"itemListElement\":[{\"@type\":\"ListItem\",\"position\":1,\"name\":\"Home\",\"item\":\"https:\/\/lottohoy.com\/pt-pt\/\"},{\"@type\":\"ListItem\",\"position\":2,\"name\":\"Compre bilhetes de loteria online\",\"item\":\"https:\/\/lottohoy.com\/pt-pt\/jogar\/\"},{\"@type\":\"ListItem\",\"position\":3,\"name\":\"Jogue na Loteria Francesa (French Lotto) online\"}]},{\"@type\":\"WebSite\",\"@id\":\"https:\/\/lottohoy.com\/pt-pt\/#website\",\"url\":\"https:\/\/lottohoy.com\/pt-pt\/\",\"name\":\"Lottohoy\",\"description\":\"\",\"potentialAction\":[{\"@type\":\"SearchAction\",\"target\":{\"@type\":\"EntryPoint\",\"urlTemplate\":\"https:\/\/lottohoy.com\/pt-pt\/?s={search_term_string}\"},\"query-input\":{\"@type\":\"PropertyValueSpecification\",\"valueRequired\":true,\"valueName\":\"search_term_string\"}}],\"inLanguage\":\"pt-ts\"}]}<\/script>\n<!-- \/ Yoast SEO plugin. -->","yoast_head_json":{"title":"Apostar na loteria francesa de casa agora \u00e9 poss\u00edvel - LottoHoy","description":"A Loto Francesa \u00e9 o jogo de loteria mais popular da Fran\u00e7a. Agora voc\u00ea pode jogar em casa e receber os pr\u00eamios automaticamente.","robots":{"index":"index","follow":"follow","max-snippet":"max-snippet:-1","max-image-preview":"max-image-preview:large","max-video-preview":"max-video-preview:-1"},"canonical":"https:\/\/lottohoy.com\/pt-pt\/jogar\/lotto-fr\/","og_locale":"pt_PT","og_type":"article","og_title":"Apostar na loteria francesa de casa agora \u00e9 poss\u00edvel - LottoHoy","og_description":"A Loto Francesa \u00e9 o jogo de loteria mais popular da Fran\u00e7a. Agora voc\u00ea pode jogar em casa e receber os pr\u00eamios automaticamente.","og_url":"https:\/\/lottohoy.com\/pt-pt\/jogar\/lotto-fr\/","og_site_name":"Lottohoy","article_modified_time":"2024-10-23T06:33:43+00:00","twitter_card":"summary_large_image","twitter_misc":{"Est. reading time":"3 minutes"},"schema":{"@context":"https:\/\/schema.org","@graph":[{"@type":"WebPage","@id":"https:\/\/lottohoy.com\/pt-pt\/jogar\/lotto-fr\/","url":"https:\/\/lottohoy.com\/pt-pt\/jogar\/lotto-fr\/","name":"Apostar na loteria francesa de casa agora \u00e9 poss\u00edvel - LottoHoy","isPartOf":{"@id":"https:\/\/lottohoy.com\/pt-pt\/#website"},"datePublished":"2019-03-22T15:50:45+00:00","dateModified":"2024-10-23T06:33:43+00:00","description":"A Loto Francesa \u00e9 o jogo de loteria mais popular da Fran\u00e7a. Agora voc\u00ea pode jogar em casa e receber os pr\u00eamios automaticamente.","breadcrumb":{"@id":"https:\/\/lottohoy.com\/pt-pt\/jogar\/lotto-fr\/#breadcrumb"},"inLanguage":"pt-ts","potentialAction":[{"@type":"ReadAction","target":["https:\/\/lottohoy.com\/pt-pt\/jogar\/lotto-fr\/"]}]},{"@type":"BreadcrumbList","@id":"https:\/\/lottohoy.com\/pt-pt\/jogar\/lotto-fr\/#breadcrumb","itemListElement":[{"@type":"ListItem","position":1,"name":"Home","item":"https:\/\/lottohoy.com\/pt-pt\/"},{"@type":"ListItem","position":2,"name":"Compre bilhetes de loteria online","item":"https:\/\/lottohoy.com\/pt-pt\/jogar\/"},{"@type":"ListItem","position":3,"name":"Jogue na Loteria Francesa (French Lotto) online"}]},{"@type":"WebSite","@id":"https:\/\/lottohoy.com\/pt-pt\/#website","url":"https:\/\/lottohoy.com\/pt-pt\/","name":"Lottohoy","description":"","potentialAction":[{"@type":"SearchAction","target":{"@type":"EntryPoint","urlTemplate":"https:\/\/lottohoy.com\/pt-pt\/?s={search_term_string}"},"query-input":{"@type":"PropertyValueSpecification","valueRequired":true,"valueName":"search_term_string"}}],"inLanguage":"pt-ts"}]}},"_links":{"self":[{"href":"https:\/\/lottohoy.com\/pt-pt\/wp-json\/wp\/v2\/pages\/3916","targetHints":{"allow":["GET"]}}],"collection":[{"href":"https:\/\/lottohoy.com\/pt-pt\/wp-json\/wp\/v2\/pages"}],"about":[{"href":"https:\/\/lottohoy.com\/pt-pt\/wp-json\/wp\/v2\/types\/page"}],"author":[{"embeddable":true,"href":"https:\/\/lottohoy.com\/pt-pt\/wp-json\/wp\/v2\/users\/2"}],"replies":[{"embeddable":true,"href":"https:\/\/lottohoy.com\/pt-pt\/wp-json\/wp\/v2\/comments?post=3916"}],"version-history":[{"count":2,"href":"https:\/\/lottohoy.com\/pt-pt\/wp-json\/wp\/v2\/pages\/3916\/revisions"}],"predecessor-version":[{"id":10947,"href":"https:\/\/lottohoy.com\/pt-pt\/wp-json\/wp\/v2\/pages\/3916\/revisions\/10947"}],"up":[{"embeddable":true,"href":"https:\/\/lottohoy.com\/pt-pt\/wp-json\/wp\/v2\/pages\/3904"}],"wp:attachment":[{"href":"https:\/\/lottohoy.com\/pt-pt\/wp-json\/wp\/v2\/media?parent=3916"}],"curies":[{"name":"wp","href":"https:\/\/api.w.org\/{rel}","templated":true}]}}