{"id":3914,"date":"2018-05-03T14:23:26","date_gmt":"2018-05-03T13:23:26","guid":{"rendered":"https:\/\/www.lottohoy.com\/?page_id=3914"},"modified":"2025-06-13T16:36:27","modified_gmt":"2025-06-13T15:36:27","slug":"euromillions","status":"publish","type":"page","link":"https:\/\/lottohoy.com\/pt-pt\/jogar\/euromillions\/","title":{"rendered":"Jogar na Euromilh\u00f5es online"},"content":{"rendered":"<p><strong>Euromilh\u00f5es <\/strong>\u00e9 uma das loterias europ\u00e9ias que mais pessoas jogam na Europa, e que tem mais probabilidades de ganha.<\/p>\n<p>\u00c9 organizado pelos 9 organismos respons\u00e1veis pelas lotarias dos seguintes pa\u00edses: Espanha (Lotaria e Jogos de Azar do Estado), Fran\u00e7a (La Fran\u00e7aise des Jeux) e Reino Unido (Lotaria Nacional), que foram os tr\u00eas pioneiros, que aderiram alguns meses depois: \u00c1ustria, B\u00e9lgica, Irlanda, Luxemburgo, Portugal e Su\u00ed\u00e7a.<\/p>\n<p>\u00c9 claro que os tempos est\u00e3o avan\u00e7ando e que as novas tecnologias facilitam muitas atividades para alcan\u00e7ar mais conforto, ganhar tempo e seguran\u00e7a. Neste sentido, abrimos a possibilidade de <strong>jogar na loteria Euromilh\u00f5es, <\/strong>re-distribui semanalmente milh\u00f5es de reais,\u00a0 tamb\u00e9m online atrav\u00e9s da nossa plataforma, desfrutando das vantagens que isso implica, e sem sair de casa<\/p>\n<p>As chances de ganhar <span data-sheets-value=\"{&quot;1&quot;:2,&quot;2&quot;:&quot;milh\u00f5es de euros&quot;}\" data-sheets-userformat=\"{&quot;2&quot;:515,&quot;3&quot;:{&quot;1&quot;:0},&quot;4&quot;:{&quot;1&quot;:2,&quot;2&quot;:14281427},&quot;12&quot;:0}\">milh\u00f5es de euros<\/span> jogando seu bilhete Euromillones, incluindo <span style=\"color: #993366\"><strong>os grandes jackpots<\/strong><\/span>, s\u00e3o exatamente as mesmas jogando online e fazendo isso atrav\u00e9s de um bilhete f\u00edsico em uma administra\u00e7\u00e3o autorizada, o <span data-sheets-formula-bar-text-style=\"font-size:13px;color:#000000;font-weight:normal;text-decoration:none;font-family:'Arial';font-style:normal;text-decoration-skip-ink:none;\">site de apostas<\/span>.<\/p>\n<h2><strong>Como jogar Euromilh\u00f5es online?<\/strong><\/h2>\n<p>A<span data-sheets-value=\"{&quot;1&quot;:2,&quot;2&quot;:&quot;aposta na euromilh\u00f5es&quot;}\" data-sheets-userformat=\"{&quot;2&quot;:513,&quot;3&quot;:{&quot;1&quot;:0},&quot;12&quot;:0}\">posta na <\/span>Euromilh\u00f5es online \u00e9 muito f\u00e1cil, basta <a href=\"https:\/\/lottohoy.com\/pt-pt\/auth\/registo-abra-a-sua-conta-de-jogador\/\"><span style=\"color: #993366\"><strong>criar uma conta de utilizador <\/strong><\/span><\/a>na LottoHoy, e assim ter\u00e1 acesso a toda a informa\u00e7\u00e3o sobre recolhas, pagamentos, subscri\u00e7\u00f5es, estat\u00edsticas e pode fazer as suas apostas.<\/p>\n<p>Na parte superior desta se\u00e7\u00e3o, h\u00e1 uma barra de menu com quatro op\u00e7\u00f5es:<\/p>\n<ul>\n<li><strong>Jogar Euromilh\u00f5es<\/strong> : Sec\u00e7\u00e3o em que pode seleccionar os seus n\u00fameros favoritos.<\/li>\n<li><strong><a href=\"https:\/\/lottohoy.com\/pt-pt\/resultados\/euromillions\/\"><span style=\"color: #993366\">Resultados da <\/span><\/a>Euromilh\u00f5es<\/strong>: Com informa\u00e7\u00f5es sobre o \u00faltimo sorteio realizado, a combina\u00e7\u00e3o vencedora e a distribui\u00e7\u00e3o de pr\u00eamios nas v\u00e1rias categorias. Voc\u00ea tamb\u00e9m pode acessar informa\u00e7\u00f5es sobre sorteios anteriores e as quantias de seus pr\u00eamios.<\/li>\n<li><strong>Informa\u00e7\u00e3o Euromilh\u00f5es:<\/strong> Toda a informa\u00e7\u00e3o relacionada com este jogo, as categorias de pr\u00e9mios, as percentagens de recolha atribu\u00eddas a cada categoria e as possibilidades de ganhar em cada categoria.<\/li>\n<li><strong>Not\u00edcias da Euromilh\u00f5es<\/strong>: Todas as not\u00edcias sobre este tipo de lotaria.<\/li>\n<\/ul>\n<p>Abaixo est\u00e1 a primeira linha de jogo, que consiste em cinco colunas (ou bilhetes). Voc\u00ea pode jogar uma \u00fanica coluna ou quantas vezes quiser, voc\u00ea pode at\u00e9 mesmo adicionar mais linhas e assim jogar mais n\u00fameros.<\/p>\n<p>Cada um dos bilhetes custa 4,25 EUROS e \u00e9 numerado de 1 a 50, e logo abaixo de 12 outras caixas reservadas para as estrelas.<\/p>\n<p>Nestas tabelas de 50 n\u00fameros e 12 estrelas \u00e9 onde voc\u00ea deve fazer a previs\u00e3o que voc\u00ea quer, a partir da base que voc\u00ea <strong>deve marcar 5 caixas ou n\u00fameros e 2 estrelas<\/strong> para um simples movimento.<\/p>\n<p>O sistema permite-nos preencher estas caixas manualmente com os nossos n\u00fameros favoritos, ou atrav\u00e9s da op\u00e7\u00e3o de selec\u00e7\u00e3o r\u00e1pida que aparece acima de cada quadro.<\/p>\n<p>Desta forma, \u00e9 o pr\u00f3prio sistema que escolhe aleatoriamente a combina\u00e7\u00e3o com a qual vamos jogar.<\/p>\n<p>Como sabe, a\u00a0Euromilh\u00f5es \u00e9 a maior lotaria da Europa e a que d\u00e1 mais pr\u00e9mios.<\/p>\n<p>Portanto, \u00e9 importante conhecer os diferentes <strong>tipos de apostas<\/strong> que voc\u00ea pode fazer para aumentar suas chances de ganhar o os maiores pr\u00eamios <span data-sheets-formula-bar-text-style=\"font-size:13px;color:#000000;font-weight:normal;text-decoration:none;font-family:'Arial';font-style:normal;text-decoration-skip-ink:none;\">da euromilh\u00f5es<\/span>.<\/p>\n<p>Existem v\u00e1rios tipos de jogos de azar:<\/p>\n<h3><strong>Aposta simples de Euromilh\u00f5es<br \/>\n<\/strong><\/h3>\n<p>A <strong>aposta simples<\/strong> consiste em utilizar cada quadro ou coluna de uma forma unit\u00e1ria para fazer a aposta.<\/p>\n<p>\u00c9 simplesmente necess\u00e1rio marcar 5 quadrados ou n\u00fameros e 2 estrelas.<\/p>\n<p>Voc\u00ea pode preencher quantas colunas ou bilhetes quiser para fazer apostas. Al\u00e9m disso, voc\u00ea tem a op\u00e7\u00e3o de adicionar mais linhas.<\/p>\n<p>A simples configura\u00e7\u00e3o do Euromilh\u00f5es custa 4,25 \u20ac quando apostar na Lottohoy.<\/p>\n<h3><strong>Euromilh\u00f5es apostas m\u00faltiplas<\/strong><\/h3>\n<p>Para fazer <strong>apostas m\u00faltiplas<\/strong>, simplesmente preencha cada coluna com um m\u00ednimo de 6 n\u00fameros e at\u00e9 um m\u00e1ximo de 10 n\u00fameros. E de 2 estrelas para um m\u00e1ximo de 6.<\/p>\n<p>Exactamente o mesmo que no caso da aposta \u00fanica, tamb\u00e9m no caso de apostas m\u00faltiplas pode escolher porque \u00e9 o sistema que escolhe aleatoriamente as jogadas.<\/p>\n<h4><strong>Euromilh\u00f5es: Quanto custa a aposta m\u00faltipla<\/strong><\/h4>\n<p>A quantidade total de apostas que podem ser jogadas vem da combina\u00e7\u00e3o das previs\u00f5es na tabela de n\u00fameros e estrelas abaixo:<\/p>\n<table>\n<tbody>\n<tr>\n<td style=\"text-align: center\"><strong>ESTRELAS<\/strong><\/td>\n<td style=\"text-align: center\" colspan=\"5\" width=\"264\"><strong>N\u00daMEROS<\/strong><\/td>\n<td width=\"56\"><\/td>\n<\/tr>\n<tr>\n<td><\/td>\n<td style=\"text-align: center\" width=\"47\"><span style=\"color: #993366\"><strong>5<\/strong><\/span><\/td>\n<td style=\"text-align: center\" width=\"47\"><span style=\"color: #993366\"><strong>6<\/strong><\/span><\/td>\n<td style=\"text-align: center\" width=\"57\"><span style=\"color: #993366\"><strong>7<\/strong><\/span><\/td>\n<td style=\"text-align: center\" width=\"57\"><span style=\"color: #993366\"><strong>8<\/strong><\/span><\/td>\n<td style=\"text-align: center\" width=\"57\"><span style=\"color: #993366\"><strong>9<\/strong><\/span><\/td>\n<td style=\"text-align: center\" width=\"56\"><span style=\"color: #993366\"><strong>10<\/strong><\/span><\/td>\n<\/tr>\n<tr>\n<td style=\"text-align: center\"><span style=\"color: #993366\"><strong>2<\/strong><\/span><\/td>\n<td style=\"text-align: center\" width=\"47\">1<\/td>\n<td style=\"text-align: center\" width=\"47\">6<\/td>\n<td style=\"text-align: center\" width=\"57\">21<\/td>\n<td style=\"text-align: center\" width=\"57\">56<\/td>\n<td style=\"text-align: center\" width=\"57\">126<\/td>\n<td style=\"text-align: center\" width=\"56\">252<\/td>\n<\/tr>\n<tr>\n<td style=\"text-align: center\"><span style=\"color: #993366\"><strong>3<\/strong><\/span><\/td>\n<td style=\"text-align: center\" width=\"47\">3<\/td>\n<td style=\"text-align: center\" width=\"47\">18<\/td>\n<td style=\"text-align: center\" width=\"57\">63<\/td>\n<td style=\"text-align: center\" width=\"57\">168<\/td>\n<td style=\"text-align: center\" width=\"57\">378<\/td>\n<td style=\"text-align: center\" width=\"56\">756<\/td>\n<\/tr>\n<tr>\n<td style=\"text-align: center\"><span style=\"color: #993366\"><strong>4<\/strong><\/span><\/td>\n<td style=\"text-align: center\" width=\"47\">6<\/td>\n<td style=\"text-align: center\" width=\"47\">36<\/td>\n<td style=\"text-align: center\" width=\"57\">126<\/td>\n<td style=\"text-align: center\" width=\"57\">336<\/td>\n<td style=\"text-align: center\" width=\"57\">756<\/td>\n<td style=\"text-align: center\" width=\"56\">1512<\/td>\n<\/tr>\n<tr>\n<td style=\"text-align: center\"><span style=\"color: #993366\"><strong>5<\/strong><\/span><\/td>\n<td style=\"text-align: center\" width=\"47\">10<\/td>\n<td style=\"text-align: center\" width=\"47\">60<\/td>\n<td style=\"text-align: center\" width=\"57\">210<\/td>\n<td style=\"text-align: center\" width=\"57\">560<\/td>\n<td style=\"text-align: center\" width=\"57\">1260<\/td>\n<td style=\"text-align: center\" width=\"56\">2520<\/td>\n<\/tr>\n<\/tbody>\n<\/table>\n<p>O pre\u00e7o resultante \u00e9 multiplicar o n\u00famero resultante de apostas pelo valor unit\u00e1rio de cada aposta.<\/p>\n<p>Vamos dar exemplos:<\/p>\n<ul>\n<li>Uma combina\u00e7\u00e3o m\u00faltipla de 7 n\u00fameros e 3 estrelas \u00e9 equivalente a 63 apostas.<\/li>\n<li>Uma combina\u00e7\u00e3o m\u00faltipla de 9 n\u00fameros e 5 estrelas equivale a 1.260 apostas.<\/li>\n<\/ul>\n<h3><strong>Aposta reduzida para Euromilh\u00f5es<br \/>\n<\/strong><\/h3>\n<p>O sistema de <strong>apostas reduzidas para\u00a0<\/strong>Euromilh\u00f5es consiste em algo t\u00e3o simples como procurar combina\u00e7\u00f5es que nos permitam jogar mais n\u00fameros por menos dinheiro.<\/p>\n<p>As redu\u00e7\u00f5es poss\u00edveis s\u00e3o as seguintes:<\/p>\n<ul>\n<li>Marcar <strong>10 n\u00fameros e 2 estrelas<\/strong> \u00e9 equivalente a 14 apostas (em rela\u00e7\u00e3o a 252 apostas directas).<\/li>\n<li>Marcar <strong>10 n\u00fameros e 4 estrelas<\/strong> \u00e9 equivalente a 28 apostas (comparado com 1512 apostas directas).<\/li>\n<li>Marcar <strong>10 n\u00fameros e 4 estrelas<\/strong> \u00e9 equivalente a 84 apostas (comparado com 1512 apostas directas).<\/li>\n<li>Discar <strong>12 n\u00fameros e 3 estrelas<\/strong> equivale a 114 apostas (comparado com 2376 directo).<\/li>\n<li>Discar <strong>15 n\u00fameros e 4 estrelas <\/strong>\u00e9 equivalente a 30 apostas (comparado com 18018 direto).<\/li>\n<\/ul>\n<h2><strong>Em que dias \u00e9 sorteada a loteria Euromilh\u00f5es?<\/strong><\/h2>\n<p>O <strong>sorteio da Euromilh\u00f5es<\/strong> \u00e9 realizado todas as <strong>ter\u00e7as e sextas-feiras \u00e0s 21h30 (hora da Europa Central)<\/strong> e \u00e9 realizado a partir de Paris, sendo a combina\u00e7\u00e3o vencedora e o escrut\u00ednio comum para todos os pa\u00edses participantes.<\/p>\n<p>Voc\u00ea pode participar do sorteio comprando a aposta ou apostas at\u00e9 uma hora antes da conclus\u00e3o do sorteio. Voc\u00ea tamb\u00e9m pode jogar em dois sorteios atrav\u00e9s de uma assinatura semanal ou para todos os sorteios que quiser.<\/p>\n<p>Inexcusavelmente a primeira aposta destes desenhos tem de ser validada <strong>uma hora antes<\/strong> da data do primeiro deles, enquanto o resto dos desenhos ser\u00e1 validado automaticamente e voc\u00ea j\u00e1 n\u00e3o tem que se preocupar com mais nada.<\/p>\n<p>A combina\u00e7\u00e3o vencedora consiste em <strong>duas fases<\/strong>: Por um lado, combine os 5 n\u00fameros correspondentes a 5 bolas numeradas entre 1 e 50, depositadas num tambor de baixo, e por outro lado, combine 2 outros n\u00fameros correspondentes \u00e0s estrelas de outro tambor de baixo especial que tamb\u00e9m s\u00e3o numeradas de 1 a 12.<\/p>\n<p>Ou seja, para obter a combina\u00e7\u00e3o vencedora em sua primeira categoria, \u00e9 necess\u00e1rio adivinhar o total de <strong>7 sinais<\/strong> (5 n\u00fameros mais 2 estrelas).<\/p>\n<h2><strong>At\u00e9 que horas o Euromilh\u00f5es pode ser lan\u00e7ado?<\/strong><\/h2>\n<p>H\u00e1 dois sorteios semanais do Euromillones, \u00e0s ter\u00e7as e sextas-feiras, que s\u00e3o realizados \u00e0s 20:30 GMT. Uma hora antes, \u00e0s 19:30 h. GMT, a <strong>admiss\u00e3o de bilhetes<\/strong> para o sorteio desse dia (ter\u00e7a ou sexta-feira) est\u00e1 encerrada.<\/p>\n<p>Uma vez realizado o sorteio, a partir das 22:00 h. a organiza\u00e7\u00e3o aceita novamente a compra e valida\u00e7\u00e3o de bilhetes para os sorteios seguintes.<\/p>\n<p>Echar Euromilh\u00f5es online, tem entre outras a vantagem de estar aberto <strong>24 horas por dia, 7 dias por semana<\/strong>, e pode ser jogado a qualquer hora do dia.<\/p>\n<p>Al\u00e9m disso, voc\u00ea pode fazer a compra em uma base recorrente para v\u00e1rios sorteios, sem ter que se ajustar a um determinado dia e sorteio.<\/p>\n<p>Sempre levando em conta o cronograma oficial do organizador, se a compra for feita fora do tempo m\u00e1ximo para um sorteio, a compra e o bilhete correspondente ser\u00e3o validados para o pr\u00f3ximo sorteio, mas sob as mesmas condi\u00e7\u00f5es.<\/p>\n<h2><strong>Vantagens de comprar Euromilh\u00f5es online<\/strong><\/h2>\n<p>A cada dia que passa as vantagens de <a href=\"https:\/\/lottohoy.com\/pt-pt\/jogar\/\"><span style=\"color: #993366\"><strong>jogar na loteria online<\/strong><\/span><\/a> tornam-se mais evidentes, e isso se deve, por um lado, \u00e0s tend\u00eancias e novos h\u00e1bitos dos consumidores e, por outro lado, \u00e0 conveni\u00eancia e vantagens que esta forma facilita.<\/p>\n<p>O \u00fanico requisito \u00e9 ter pelo menos a <strong>idade legal<\/strong> para jogar no seu pa\u00eds de resid\u00eancia. Na maioria dos pa\u00edses, esta idade \u00e9 de 18 ou 21 anos.<\/p>\n<p>H\u00e1 muitas vantagens em comprar Euromilh\u00f5es online. Aqui est\u00e3o alguns deles:<\/p>\n<ul>\n<li><strong>Seguran\u00e7a nas transa\u00e7\u00f5es<\/strong> : A compra segura \u00e9 oferecida atrav\u00e9s do protocolo HTTPS:\/\/, lembrando que o &#8220;s&#8221; indica que \u00e9 um site seguro. \u00c9 importante verificar este ponto.<\/li>\n<li><strong>V\u00e1rios sistemas de pagamento<\/strong> e reembolso com total confian\u00e7a, dispon\u00edveis para sua conveni\u00eancia.<\/li>\n<li><strong>Voc\u00ea pode comprar bilhetes 24\/7 todos os dias do ano<\/strong>: N\u00e3o ser\u00e1 necess\u00e1rio estar ciente dos hor\u00e1rios de abertura e fechamento das administra\u00e7\u00f5es das loterias. Jogando online a sua janela est\u00e1 aberta 24 horas por dia, todos os dias do ano.<\/li>\n<li><strong>De qualquer lugar, sem filas ou deslocamentos<\/strong>: Simplesmente ter um dispositivo m\u00f3vel, um tablet ou desktop com liga\u00e7\u00e3o \u00e0 Internet e a partir de qualquer lugar. N\u00e3o existem mais barreiras geogr\u00e1ficas para jogar Euromilh\u00f5es.<\/li>\n<li><strong>Voc\u00ea nunca vai perder o seu bilhete,<\/strong> ele permanece sempre na sua conta.<\/li>\n<li><strong>Recebe imediatamente os pr\u00e9mios ganhos na sua conta de utilizador:<\/strong> Ap\u00f3s o sorteio e uma vez realizada a an\u00e1lise correspondente, os montantes ganhos ser\u00e3o creditados na sua conta de utilizador.<\/li>\n<li><strong>Seja informado <\/strong>dos<a href=\"https:\/\/lottohoy.com\/pt-pt\/jackpots-da-loteria\/\"><span style=\"color: #993366\"><strong> jackpots acumulados<\/strong><\/span><\/a> e dos sorteios extraordin\u00e1rios: Seja atrav\u00e9s do nosso site ou por e-mail. Desta forma, voc\u00ea ser\u00e1 capaz de saber com anteced\u00eancia os jackpots mais importantes e voc\u00ea ser\u00e1 capaz de ajustar a sua aposta para obter um jackpot super milion\u00e1rio.<\/li>\n<\/ul>\n","protected":false},"excerpt":{"rendered":"<p>Euromilh\u00f5es \u00e9 uma das loterias europ\u00e9ias que mais pessoas jogam na Europa, e que tem mais probabilidades de ganha. \u00c9 organizado pelos 9 organismos respons\u00e1veis pelas lotarias dos seguintes pa\u00edses: Espanha (Lotaria e Jogos de Azar do Estado), Fran\u00e7a (La Fran\u00e7aise des Jeux) e Reino Unido (Lotaria Nacional), que foram os tr\u00eas pioneiros, que aderiram [&hellip;]<\/p>\n","protected":false},"author":2,"featured_media":0,"parent":3904,"menu_order":3,"comment_status":"closed","ping_status":"closed","template":"euromillions-at.php","meta":{"_et_pb_use_builder":"","_et_pb_old_content":"","_et_gb_content_width":"","exclude_from_search":false,"footnotes":""},"class_list":["post-3914","page","type-page","status-publish","hentry"],"yoast_head":"<!-- This site is optimized with the Yoast SEO plugin v23.7 - https:\/\/yoast.com\/wordpress\/plugins\/seo\/ -->\n<title>\u25b7 Euromilh\u00f5es Online | Jogar Euromilh\u00f5es - 100% Seguro<\/title>\n<meta name=\"description\" content=\"Obtenha o seu bilhete para o pr\u00f3ximo sorteio da Euromilh\u00f5es de forma r\u00e1pida, f\u00e1cil e segura \u2612 O que espera para ganhar?\" \/>\n<meta name=\"robots\" content=\"index, follow, max-snippet:-1, max-image-preview:large, max-video-preview:-1\" \/>\n<link rel=\"canonical\" href=\"https:\/\/lottohoy.com\/pt-pt\/jogar\/euromillions\/\" \/>\n<meta property=\"og:locale\" content=\"pt_PT\" \/>\n<meta property=\"og:type\" content=\"article\" \/>\n<meta property=\"og:title\" content=\"\u25b7 Euromilh\u00f5es Online | Jogar Euromilh\u00f5es - 100% Seguro\" \/>\n<meta property=\"og:description\" content=\"Obtenha o seu bilhete para o pr\u00f3ximo sorteio da Euromilh\u00f5es de forma r\u00e1pida, f\u00e1cil e segura \u2612 O que espera para ganhar?\" \/>\n<meta property=\"og:url\" content=\"https:\/\/lottohoy.com\/pt-pt\/jogar\/euromillions\/\" \/>\n<meta property=\"og:site_name\" content=\"Lottohoy\" \/>\n<meta property=\"article:modified_time\" content=\"2025-06-13T15:36:27+00:00\" \/>\n<meta name=\"twitter:card\" content=\"summary_large_image\" \/>\n<meta name=\"twitter:label1\" content=\"Est. reading time\" \/>\n\t<meta name=\"twitter:data1\" content=\"7 minutes\" \/>\n<script type=\"application\/ld+json\" class=\"yoast-schema-graph\">{\"@context\":\"https:\/\/schema.org\",\"@graph\":[{\"@type\":\"WebPage\",\"@id\":\"https:\/\/lottohoy.com\/pt-pt\/jogar\/euromillions\/\",\"url\":\"https:\/\/lottohoy.com\/pt-pt\/jogar\/euromillions\/\",\"name\":\"\u25b7 Euromilh\u00f5es Online | Jogar Euromilh\u00f5es - 100% Seguro\",\"isPartOf\":{\"@id\":\"https:\/\/lottohoy.com\/pt-pt\/#website\"},\"datePublished\":\"2018-05-03T13:23:26+00:00\",\"dateModified\":\"2025-06-13T15:36:27+00:00\",\"description\":\"Obtenha o seu bilhete para o pr\u00f3ximo sorteio da Euromilh\u00f5es de forma r\u00e1pida, f\u00e1cil e segura \u2612 O que espera para ganhar?\",\"breadcrumb\":{\"@id\":\"https:\/\/lottohoy.com\/pt-pt\/jogar\/euromillions\/#breadcrumb\"},\"inLanguage\":\"pt-ts\",\"potentialAction\":[{\"@type\":\"ReadAction\",\"target\":[\"https:\/\/lottohoy.com\/pt-pt\/jogar\/euromillions\/\"]}]},{\"@type\":\"BreadcrumbList\",\"@id\":\"https:\/\/lottohoy.com\/pt-pt\/jogar\/euromillions\/#breadcrumb\",\"itemListElement\":[{\"@type\":\"ListItem\",\"position\":1,\"name\":\"Home\",\"item\":\"https:\/\/lottohoy.com\/pt-pt\/\"},{\"@type\":\"ListItem\",\"position\":2,\"name\":\"Compre bilhetes de loteria online\",\"item\":\"https:\/\/lottohoy.com\/pt-pt\/jogar\/\"},{\"@type\":\"ListItem\",\"position\":3,\"name\":\"Jogar na Euromilh\u00f5es online\"}]},{\"@type\":\"WebSite\",\"@id\":\"https:\/\/lottohoy.com\/pt-pt\/#website\",\"url\":\"https:\/\/lottohoy.com\/pt-pt\/\",\"name\":\"Lottohoy\",\"description\":\"\",\"potentialAction\":[{\"@type\":\"SearchAction\",\"target\":{\"@type\":\"EntryPoint\",\"urlTemplate\":\"https:\/\/lottohoy.com\/pt-pt\/?s={search_term_string}\"},\"query-input\":{\"@type\":\"PropertyValueSpecification\",\"valueRequired\":true,\"valueName\":\"search_term_string\"}}],\"inLanguage\":\"pt-ts\"}]}<\/script>\n<!-- \/ Yoast SEO plugin. -->","yoast_head_json":{"title":"\u25b7 Euromilh\u00f5es Online | Jogar Euromilh\u00f5es - 100% Seguro","description":"Obtenha o seu bilhete para o pr\u00f3ximo sorteio da Euromilh\u00f5es de forma r\u00e1pida, f\u00e1cil e segura \u2612 O que espera para ganhar?","robots":{"index":"index","follow":"follow","max-snippet":"max-snippet:-1","max-image-preview":"max-image-preview:large","max-video-preview":"max-video-preview:-1"},"canonical":"https:\/\/lottohoy.com\/pt-pt\/jogar\/euromillions\/","og_locale":"pt_PT","og_type":"article","og_title":"\u25b7 Euromilh\u00f5es Online | Jogar Euromilh\u00f5es - 100% Seguro","og_description":"Obtenha o seu bilhete para o pr\u00f3ximo sorteio da Euromilh\u00f5es de forma r\u00e1pida, f\u00e1cil e segura \u2612 O que espera para ganhar?","og_url":"https:\/\/lottohoy.com\/pt-pt\/jogar\/euromillions\/","og_site_name":"Lottohoy","article_modified_time":"2025-06-13T15:36:27+00:00","twitter_card":"summary_large_image","twitter_misc":{"Est. reading time":"7 minutes"},"schema":{"@context":"https:\/\/schema.org","@graph":[{"@type":"WebPage","@id":"https:\/\/lottohoy.com\/pt-pt\/jogar\/euromillions\/","url":"https:\/\/lottohoy.com\/pt-pt\/jogar\/euromillions\/","name":"\u25b7 Euromilh\u00f5es Online | Jogar Euromilh\u00f5es - 100% Seguro","isPartOf":{"@id":"https:\/\/lottohoy.com\/pt-pt\/#website"},"datePublished":"2018-05-03T13:23:26+00:00","dateModified":"2025-06-13T15:36:27+00:00","description":"Obtenha o seu bilhete para o pr\u00f3ximo sorteio da Euromilh\u00f5es de forma r\u00e1pida, f\u00e1cil e segura \u2612 O que espera para ganhar?","breadcrumb":{"@id":"https:\/\/lottohoy.com\/pt-pt\/jogar\/euromillions\/#breadcrumb"},"inLanguage":"pt-ts","potentialAction":[{"@type":"ReadAction","target":["https:\/\/lottohoy.com\/pt-pt\/jogar\/euromillions\/"]}]},{"@type":"BreadcrumbList","@id":"https:\/\/lottohoy.com\/pt-pt\/jogar\/euromillions\/#breadcrumb","itemListElement":[{"@type":"ListItem","position":1,"name":"Home","item":"https:\/\/lottohoy.com\/pt-pt\/"},{"@type":"ListItem","position":2,"name":"Compre bilhetes de loteria online","item":"https:\/\/lottohoy.com\/pt-pt\/jogar\/"},{"@type":"ListItem","position":3,"name":"Jogar na Euromilh\u00f5es online"}]},{"@type":"WebSite","@id":"https:\/\/lottohoy.com\/pt-pt\/#website","url":"https:\/\/lottohoy.com\/pt-pt\/","name":"Lottohoy","description":"","potentialAction":[{"@type":"SearchAction","target":{"@type":"EntryPoint","urlTemplate":"https:\/\/lottohoy.com\/pt-pt\/?s={search_term_string}"},"query-input":{"@type":"PropertyValueSpecification","valueRequired":true,"valueName":"search_term_string"}}],"inLanguage":"pt-ts"}]}},"_links":{"self":[{"href":"https:\/\/lottohoy.com\/pt-pt\/wp-json\/wp\/v2\/pages\/3914","targetHints":{"allow":["GET"]}}],"collection":[{"href":"https:\/\/lottohoy.com\/pt-pt\/wp-json\/wp\/v2\/pages"}],"about":[{"href":"https:\/\/lottohoy.com\/pt-pt\/wp-json\/wp\/v2\/types\/page"}],"author":[{"embeddable":true,"href":"https:\/\/lottohoy.com\/pt-pt\/wp-json\/wp\/v2\/users\/2"}],"replies":[{"embeddable":true,"href":"https:\/\/lottohoy.com\/pt-pt\/wp-json\/wp\/v2\/comments?post=3914"}],"version-history":[{"count":4,"href":"https:\/\/lottohoy.com\/pt-pt\/wp-json\/wp\/v2\/pages\/3914\/revisions"}],"predecessor-version":[{"id":20504,"href":"https:\/\/lottohoy.com\/pt-pt\/wp-json\/wp\/v2\/pages\/3914\/revisions\/20504"}],"up":[{"embeddable":true,"href":"https:\/\/lottohoy.com\/pt-pt\/wp-json\/wp\/v2\/pages\/3904"}],"wp:attachment":[{"href":"https:\/\/lottohoy.com\/pt-pt\/wp-json\/wp\/v2\/media?parent=3914"}],"curies":[{"name":"wp","href":"https:\/\/api.w.org\/{rel}","templated":true}]}}