{"id":3912,"date":"2018-05-03T14:23:25","date_gmt":"2018-05-03T13:23:25","guid":{"rendered":"https:\/\/www.lottohoy.com\/?page_id=3912"},"modified":"2025-02-09T11:36:11","modified_gmt":"2025-02-09T11:36:11","slug":"eurojackpot","status":"publish","type":"page","link":"https:\/\/lottohoy.com\/pt-pt\/jogar\/eurojackpot\/","title":{"rendered":"Apostar no Eurojackpot online"},"content":{"rendered":"<h2 class=\"wp-block-heading\">\u00a0<\/h2><p><!--more--><\/p>\r\n<p>O Eurojackpot \u00e9 um jogo com caracter\u00edsticas semelhantes \u00e0s do Euromilh\u00f5es. Consiste em escolher pelo menos 5 n\u00fameros dos quadrados inclu\u00eddos e numerados de 1 a 50, respectivamente, no primeiro corpo. Da mesma forma, \u00e9 necess\u00e1rio escolher 2 n\u00fameros extras, chamados &#8220;s\u00f3is&#8221; do segundo corpo com quadrados numerados de 1 a 12 inclusive.<\/p>\r\n<p>Quanto mais n\u00fameros e s\u00f3is voc\u00ea igualar, maior ser\u00e1 o pr\u00eamio que voc\u00ea pode ganhar. H\u00e1 um pr\u00eamio especial de primeira categoria para o vencedor dos 5 n\u00fameros com dois s\u00f3is (o pr\u00eamio principal), e 11 outras categorias de pr\u00eamios abaixo.<\/p>\r\n<p>O Eurojackpot \u00e9 uma loteria europ\u00e9ia jogada em 18 pa\u00edses: Cro\u00e1cia, Rep\u00fablica Tcheca, Dinamarca, Est\u00f4nia, Finl\u00e2ndia, Alemanha, Hungria, Isl\u00e2ndia, It\u00e1lia, Litu\u00e2nia, Let\u00f4nia, Holanda, Noruega, Pol\u00f4nia, Eslov\u00e1quia, Eslov\u00eania, Espanha e Su\u00e9cia.<\/p>\r\n<h2>Como voc\u00ea joga Eurojackpot?<\/h2>\r\n<p>Fazer uma simples aposta no Eurojackpot \u00e9 muito f\u00e1cil. Basta criar uma combina\u00e7\u00e3o de seus 5 n\u00fameros favoritos entre 1 e 50, e outros 2 n\u00fameros entre 1 e 12. O pre\u00e7o de uma \u00fanica aposta \u00e9 de apenas 3,20 euros.<\/p>\r\n<p>Para jogar, temos 5 colunas iniciais por linha (expans\u00edveis para 8, atrav\u00e9s da caixa MAIS LINHAS).<\/p>\r\n<p>A sele\u00e7\u00e3o de n\u00fameros pode ser feita de forma direta, marcando nos n\u00fameros escolhidos de modo que seja refletida em cores, ou deixar o pr\u00f3prio sistema escolher, ao acaso, os n\u00fameros de uma combina\u00e7\u00e3o atrav\u00e9s da caixa de sele\u00e7\u00e3o r\u00e1pida.<\/p>\r\n<p>Uma vez conclu\u00edda a coluna ou colunas nas quais voc\u00ea deseja participar, basta clicar em continuar e proceder ao pagamento de nossas apostas. Abra sua conta e participe do pr\u00f3ximo sorteio do Eurojackpot.<\/p>\r\n<h3>Apostas m\u00faltiplas no Eurojackpot<\/h3>\r\n<p>Ao contr\u00e1rio da aposta \u00fanica em que voc\u00ea marca 5 + 2 n\u00fameros em cada uma das colunas ou bilhetes em que voc\u00ea quer jogar, na aposta m\u00faltipla voc\u00ea usar\u00e1 apenas a primeira coluna do bilhete, e marcar\u00e1 5, 6, 7, 8, 9 ou 10 n\u00fameros a partir das caixas entre 1 e 50 da matriz principal.<\/p>\r\n<p>Voc\u00ea tamb\u00e9m pode marcar 2, 3, 4 ou 5 n\u00fameros nessa primeira coluna, mas a partir da matriz secund\u00e1ria, as solas.<\/p>\r\n<p>A tabela a seguir mostra as combina\u00e7\u00f5es poss\u00edveis e o total de apostas que formam cada combina\u00e7\u00e3o de n\u00fameros e s\u00f3is.<\/p>\r\n<table summary=\"apuestas autorizadas euromillones\" width=\"384\">\r\n<thead>\r\n<tr>\r\n<th class=\"centrov\" style=\"text-align: center;\" rowspan=\"2\">Stars<\/th>\r\n<th style=\"text-align: center;\" colspan=\"6\">Numbers<\/th>\r\n<\/tr>\r\n<tr>\r\n<th class=\"clnumero\" style=\"text-align: center;\">5<\/th>\r\n<th class=\"clnumero\" style=\"text-align: center;\">6<\/th>\r\n<th class=\"clnumero\" style=\"text-align: center;\">7<\/th>\r\n<th class=\"clnumero\" style=\"text-align: center;\">8<\/th>\r\n<th class=\"clnumero\" style=\"text-align: center;\">9<\/th>\r\n<th class=\"clnumero\" style=\"text-align: center;\">10<\/th>\r\n<\/tr>\r\n<\/thead>\r\n<tbody>\r\n<tr>\r\n<td class=\"clestrella\" style=\"text-align: center;\">2<\/td>\r\n<td style=\"text-align: center;\">\u2013<\/td>\r\n<td style=\"text-align: center;\">6<\/td>\r\n<td style=\"text-align: center;\">21<\/td>\r\n<td style=\"text-align: center;\">56<\/td>\r\n<td style=\"text-align: center;\">126<\/td>\r\n<td style=\"text-align: center;\">252<\/td>\r\n<\/tr>\r\n<tr>\r\n<td class=\"clestrella\" style=\"text-align: center;\">3<\/td>\r\n<td style=\"text-align: center;\">3<\/td>\r\n<td style=\"text-align: center;\">18<\/td>\r\n<td style=\"text-align: center;\">63<\/td>\r\n<td style=\"text-align: center;\">168<\/td>\r\n<td style=\"text-align: center;\">378<\/td>\r\n<td style=\"text-align: center;\">756<\/td>\r\n<\/tr>\r\n<tr>\r\n<td class=\"clestrella\" style=\"text-align: center;\">4<\/td>\r\n<td style=\"text-align: center;\">6<\/td>\r\n<td style=\"text-align: center;\">36<\/td>\r\n<td style=\"text-align: center;\">126<\/td>\r\n<td style=\"text-align: center;\">336<\/td>\r\n<td style=\"text-align: center;\">756<\/td>\r\n<td style=\"text-align: center;\">1.512<\/td>\r\n<\/tr>\r\n<tr>\r\n<td class=\"clestrella\" style=\"text-align: center;\">5<\/td>\r\n<td style=\"text-align: center;\">10<\/td>\r\n<td style=\"text-align: center;\">60<\/td>\r\n<td style=\"text-align: center;\">210<\/td>\r\n<td style=\"text-align: center;\">560<\/td>\r\n<td style=\"text-align: center;\">1.260<\/td>\r\n<td style=\"text-align: center;\">2.520<\/td>\r\n<\/tr>\r\n<\/tbody>\r\n<\/table>\r\n<h2>O pr\u00eamio Eurojackpot<\/h2>\r\n<p>O Eurojackpot estabelece um jackpot inicial m\u00ednimo de \u00a310.000.000. Se n\u00e3o houver vencedores nessa primeira categoria, essa quantia \u00e9 acumulada para o pr\u00f3ximo sorteio.<\/p>\r\n<p>Os 50% do valor total arrecadado s\u00e3o destinados a pr\u00eamios a serem distribu\u00eddos entre as 12 categorias de pr\u00eamios de acordo com as regras. Da mesma forma, se n\u00e3o houver vencedores em nenhuma das seguintes categorias, este valor ser\u00e1 acumulado para a mesma categoria no pr\u00f3ximo sorteio. Desta forma, \u00e9 poss\u00edvel obter um jackpot para cada categoria.<\/p>\r\n<h3>Tabela de pr\u00eamios do Eurojackpot<\/h3>\r\n<p>H\u00e1 doze categorias de pr\u00eamios nos resultados do eurojackpot distribu\u00eddos da seguinte forma:<\/p>\r\n<table class=\"table table-results-detailed aligncenter\" style=\"width: 700.367px;\">\r\n<tbody>\r\n<tr style=\"height: 24px;\">\r\n<td style=\"width: 91px; height: 24px;\">Tier<\/td>\r\n<td style=\"width: 75px; height: 24px;\">#x + x<\/td>\r\n<td style=\"width: 187.367px; height: 24px;\">Premio estimado<\/td>\r\n<\/tr>\r\n<tr style=\"height: 24px;\">\r\n<td style=\"width: 91px; height: 24px;\">I<\/td>\r\n<td style=\"width: 75px; height: 24px;\">5+2<\/td>\r\n<td style=\"width: 187.367px; height: 24px;\">Jackpot<\/td>\r\n<\/tr>\r\n<tr style=\"height: 24px;\">\r\n<td style=\"width: 91px; height: 24px;\">II<\/td>\r\n<td style=\"width: 75px; height: 24px;\">5+1<\/td>\r\n<td style=\"width: 187.367px; height: 24px;\">811.146\u20ac<\/td>\r\n<\/tr>\r\n<tr style=\"height: 24px;\">\r\n<td style=\"width: 91px; height: 24px;\">III<\/td>\r\n<td style=\"width: 75px; height: 24px;\">5+0<\/td>\r\n<td style=\"width: 187.367px; height: 24px;\">150.558\u20ac<\/td>\r\n<\/tr>\r\n<tr style=\"height: 24px;\">\r\n<td style=\"width: 91px; height: 24px;\">IV<\/td>\r\n<td style=\"width: 75px; height: 24px;\">4+2<\/td>\r\n<td style=\"width: 187.367px; height: 24px;\">4.733\u20ac<\/td>\r\n<\/tr>\r\n<tr style=\"height: 24px;\">\r\n<td style=\"width: 91px; height: 24px;\">V<\/td>\r\n<td style=\"width: 75px; height: 24px;\">4+1<\/td>\r\n<td style=\"width: 187.367px; height: 24px;\">249\u20ac<\/td>\r\n<\/tr>\r\n<tr style=\"height: 24px;\">\r\n<td style=\"width: 91px; height: 24px;\">VI<\/td>\r\n<td style=\"width: 75px; height: 24px;\">4+0<\/td>\r\n<td style=\"width: 187.367px; height: 24px;\">111\u20ac<\/td>\r\n<\/tr>\r\n<tr style=\"height: 24px;\">\r\n<td style=\"width: 91px; height: 24px;\">VII<\/td>\r\n<td style=\"width: 75px; height: 24px;\">3+2<\/td>\r\n<td style=\"width: 187.367px; height: 24px;\">61\u20ac<\/td>\r\n<\/tr>\r\n<tr style=\"height: 24px;\">\r\n<td style=\"width: 91px; height: 24px;\">VIII<\/td>\r\n<td style=\"width: 75px; height: 24px;\">2+2<\/td>\r\n<td style=\"width: 187.367px; height: 24px;\">22\u20ac<\/td>\r\n<\/tr>\r\n<tr style=\"height: 24px;\">\r\n<td style=\"width: 91px; height: 24px;\">IX<\/td>\r\n<td style=\"width: 75px; height: 24px;\">3+1<\/td>\r\n<td style=\"width: 187.367px; height: 24px;\">18\u20ac<\/td>\r\n<\/tr>\r\n<tr style=\"height: 24.35px;\">\r\n<td style=\"width: 91px; height: 24.35px;\">X<\/td>\r\n<td style=\"width: 75px; height: 24.35px;\">3+0<\/td>\r\n<td style=\"width: 187.367px; height: 24.35px;\">15\u20ac<\/td>\r\n<\/tr>\r\n<tr style=\"height: 24px;\">\r\n<td style=\"width: 91px; height: 24px;\">XI<\/td>\r\n<td style=\"width: 75px; height: 24px;\">1+2<\/td>\r\n<td style=\"width: 187.367px; height: 24px;\">10\u20ac<\/td>\r\n<\/tr>\r\n<tr style=\"height: 24px;\">\r\n<td style=\"width: 91px; height: 24px;\">XII<\/td>\r\n<td style=\"width: 75px; height: 24px;\">2+1<\/td>\r\n<td style=\"width: 187.367px; height: 24px;\">8\u20ac<\/td>\r\n<\/tr>\r\n<\/tbody>\r\n<\/table>\r\n<p>Do montante total arrecadado, 12% \u00e9 reservado para um fundo de fomento para garantir o jackpot m\u00ednimo de 10 milh\u00f5es de euros.<\/p>\r\n<h2>Eurojackpot jackpots<\/h2>\r\n<p>O Eurojackpot estabelece um jackpot m\u00ednimo de 10 milh\u00f5es de euros para o pagamento de pr\u00eamios de primeira categoria. As regras tamb\u00e9m estabelecem que o primeiro pr\u00eamio da categoria com jackpots acumulados n\u00e3o pode exceder 120 milh\u00f5es de euros. Se esta quantia for excedida em um sorteio, a quantia em excesso ser\u00e1 usada para aumentar o pr\u00eamio em dinheiro para a segunda categoria.<\/p>\r\n<p>Se em 12 sorteios consecutivos n\u00e3o houvesse nenhum vencedor da primeira categoria, no sorteio seguinte o total do jackpot acumulado at\u00e9 aquela data seria distribu\u00eddo.<\/p>\r\n<p>O primeiro jackpot do Eurojackpot foi ganho por um cidad\u00e3o alem\u00e3o em 11 de maio de 2012, com uma bela soma de 19,2 milh\u00f5es de euros.<\/p>\r\n<p>A seguir est\u00e3o alguns dos maiores jackpots da loteria premiados, os de 90 milh\u00f5es de euros:<\/p>\r\n<p style=\"padding-left: 40px;\">* Sexta-feira, 6 de dezembro de 2024 \u20ac 120.000.000<br \/>* Ter\u00e7a-feira, 4 de junho de 2024 \u20ac 120.000.000<br \/>* Ter\u00e7a-feira, 23 de abril de 2024 \u20ac 120.000.000<br \/>* Ter\u00e7a-feira, 16 de janeiro de 2024 \u20ac 120.000.000<br \/>* Sexta-feira, 23 de junho de 2023 \u20ac 120.000.000<br \/>* Ter\u00e7a-feira, 8 de novembro de 2022 \u20ac 120.000.000<br \/>* Sexta-feira, 22 de julho de 2022 \u20ac 120.000.000<br \/>* Sexta-feira, 13 de agosto de 2021 \u20ac90.000.000<\/p>\r\n<h2>Jogar Eurojackpot da Col\u00f4mbia e do M\u00e9xico<\/h2>\r\n<p>E tamb\u00e9m os Jogadores da Argentina, Brasil, Chile, Costa Rica, El Salvador, Honduras, Panam\u00e1, Paraguai, Peru, Uruguai, Venezuela&#8230; j\u00e1 fazem parte da fam\u00edlia LottoHoy.com.<\/p>\r\n<p>Nossos servi\u00e7os est\u00e3o dispon\u00edveis para os jogadores da Am\u00e9rica Latina, para oferecer-lhes a possibilidade de participar de v\u00e1rias loterias mundiais, e tamb\u00e9m do Eurojackpot. Agora voc\u00ea pode fazer suas compras no Eurojackpot tamb\u00e9m com o Paypal.<\/p>","protected":false},"excerpt":{"rendered":"<p>\u00a0<\/p>\n","protected":false},"author":2,"featured_media":0,"parent":3904,"menu_order":4,"comment_status":"closed","ping_status":"closed","template":"eurojackpot.php","meta":{"_et_pb_use_builder":"","_et_pb_old_content":"","_et_gb_content_width":"","exclude_from_search":false,"footnotes":""},"class_list":["post-3912","page","type-page","status-publish","hentry"],"yoast_head":"<!-- This site is optimized with the Yoast SEO plugin v23.7 - https:\/\/yoast.com\/wordpress\/plugins\/seo\/ -->\n<title>Jogue na Eurojackpot Online \u2714 Lotaria Online na LottoHoy<\/title>\n<meta name=\"description\" content=\"Agora \u00e9 poss\u00edvel jogar Eurojackpot online. Obtenha o seu bilhete de forma r\u00e1pida e segura. Jogue na Eurojackpot e ganhe grandes pr\u00e9mios!\" \/>\n<meta name=\"robots\" content=\"index, follow, max-snippet:-1, max-image-preview:large, max-video-preview:-1\" \/>\n<link rel=\"canonical\" href=\"https:\/\/lottohoy.com\/pt-pt\/jogar\/eurojackpot\/\" \/>\n<meta property=\"og:locale\" content=\"pt_PT\" \/>\n<meta property=\"og:type\" content=\"article\" \/>\n<meta property=\"og:title\" content=\"Jogue na Eurojackpot Online \u2714 Lotaria Online na LottoHoy\" \/>\n<meta property=\"og:description\" content=\"Agora \u00e9 poss\u00edvel jogar Eurojackpot online. Obtenha o seu bilhete de forma r\u00e1pida e segura. Jogue na Eurojackpot e ganhe grandes pr\u00e9mios!\" \/>\n<meta property=\"og:url\" content=\"https:\/\/lottohoy.com\/pt-pt\/jogar\/eurojackpot\/\" \/>\n<meta property=\"og:site_name\" content=\"Lottohoy\" \/>\n<meta property=\"article:modified_time\" content=\"2025-02-09T11:36:11+00:00\" \/>\n<meta name=\"twitter:card\" content=\"summary_large_image\" \/>\n<meta name=\"twitter:label1\" content=\"Est. reading time\" \/>\n\t<meta name=\"twitter:data1\" content=\"4 minutes\" \/>\n<script type=\"application\/ld+json\" class=\"yoast-schema-graph\">{\"@context\":\"https:\/\/schema.org\",\"@graph\":[{\"@type\":\"WebPage\",\"@id\":\"https:\/\/lottohoy.com\/pt-pt\/jogar\/eurojackpot\/\",\"url\":\"https:\/\/lottohoy.com\/pt-pt\/jogar\/eurojackpot\/\",\"name\":\"Jogue na Eurojackpot Online \u2714 Lotaria Online na LottoHoy\",\"isPartOf\":{\"@id\":\"https:\/\/lottohoy.com\/pt-pt\/#website\"},\"datePublished\":\"2018-05-03T13:23:25+00:00\",\"dateModified\":\"2025-02-09T11:36:11+00:00\",\"description\":\"Agora \u00e9 poss\u00edvel jogar Eurojackpot online. Obtenha o seu bilhete de forma r\u00e1pida e segura. Jogue na Eurojackpot e ganhe grandes pr\u00e9mios!\",\"breadcrumb\":{\"@id\":\"https:\/\/lottohoy.com\/pt-pt\/jogar\/eurojackpot\/#breadcrumb\"},\"inLanguage\":\"pt-ts\",\"potentialAction\":[{\"@type\":\"ReadAction\",\"target\":[\"https:\/\/lottohoy.com\/pt-pt\/jogar\/eurojackpot\/\"]}]},{\"@type\":\"BreadcrumbList\",\"@id\":\"https:\/\/lottohoy.com\/pt-pt\/jogar\/eurojackpot\/#breadcrumb\",\"itemListElement\":[{\"@type\":\"ListItem\",\"position\":1,\"name\":\"Home\",\"item\":\"https:\/\/lottohoy.com\/pt-pt\/\"},{\"@type\":\"ListItem\",\"position\":2,\"name\":\"Compre bilhetes de loteria online\",\"item\":\"https:\/\/lottohoy.com\/pt-pt\/jogar\/\"},{\"@type\":\"ListItem\",\"position\":3,\"name\":\"Apostar no Eurojackpot online\"}]},{\"@type\":\"WebSite\",\"@id\":\"https:\/\/lottohoy.com\/pt-pt\/#website\",\"url\":\"https:\/\/lottohoy.com\/pt-pt\/\",\"name\":\"Lottohoy\",\"description\":\"\",\"potentialAction\":[{\"@type\":\"SearchAction\",\"target\":{\"@type\":\"EntryPoint\",\"urlTemplate\":\"https:\/\/lottohoy.com\/pt-pt\/?s={search_term_string}\"},\"query-input\":{\"@type\":\"PropertyValueSpecification\",\"valueRequired\":true,\"valueName\":\"search_term_string\"}}],\"inLanguage\":\"pt-ts\"}]}<\/script>\n<!-- \/ Yoast SEO plugin. -->","yoast_head_json":{"title":"Jogue na Eurojackpot Online \u2714 Lotaria Online na LottoHoy","description":"Agora \u00e9 poss\u00edvel jogar Eurojackpot online. Obtenha o seu bilhete de forma r\u00e1pida e segura. Jogue na Eurojackpot e ganhe grandes pr\u00e9mios!","robots":{"index":"index","follow":"follow","max-snippet":"max-snippet:-1","max-image-preview":"max-image-preview:large","max-video-preview":"max-video-preview:-1"},"canonical":"https:\/\/lottohoy.com\/pt-pt\/jogar\/eurojackpot\/","og_locale":"pt_PT","og_type":"article","og_title":"Jogue na Eurojackpot Online \u2714 Lotaria Online na LottoHoy","og_description":"Agora \u00e9 poss\u00edvel jogar Eurojackpot online. Obtenha o seu bilhete de forma r\u00e1pida e segura. Jogue na Eurojackpot e ganhe grandes pr\u00e9mios!","og_url":"https:\/\/lottohoy.com\/pt-pt\/jogar\/eurojackpot\/","og_site_name":"Lottohoy","article_modified_time":"2025-02-09T11:36:11+00:00","twitter_card":"summary_large_image","twitter_misc":{"Est. reading time":"4 minutes"},"schema":{"@context":"https:\/\/schema.org","@graph":[{"@type":"WebPage","@id":"https:\/\/lottohoy.com\/pt-pt\/jogar\/eurojackpot\/","url":"https:\/\/lottohoy.com\/pt-pt\/jogar\/eurojackpot\/","name":"Jogue na Eurojackpot Online \u2714 Lotaria Online na LottoHoy","isPartOf":{"@id":"https:\/\/lottohoy.com\/pt-pt\/#website"},"datePublished":"2018-05-03T13:23:25+00:00","dateModified":"2025-02-09T11:36:11+00:00","description":"Agora \u00e9 poss\u00edvel jogar Eurojackpot online. Obtenha o seu bilhete de forma r\u00e1pida e segura. Jogue na Eurojackpot e ganhe grandes pr\u00e9mios!","breadcrumb":{"@id":"https:\/\/lottohoy.com\/pt-pt\/jogar\/eurojackpot\/#breadcrumb"},"inLanguage":"pt-ts","potentialAction":[{"@type":"ReadAction","target":["https:\/\/lottohoy.com\/pt-pt\/jogar\/eurojackpot\/"]}]},{"@type":"BreadcrumbList","@id":"https:\/\/lottohoy.com\/pt-pt\/jogar\/eurojackpot\/#breadcrumb","itemListElement":[{"@type":"ListItem","position":1,"name":"Home","item":"https:\/\/lottohoy.com\/pt-pt\/"},{"@type":"ListItem","position":2,"name":"Compre bilhetes de loteria online","item":"https:\/\/lottohoy.com\/pt-pt\/jogar\/"},{"@type":"ListItem","position":3,"name":"Apostar no Eurojackpot online"}]},{"@type":"WebSite","@id":"https:\/\/lottohoy.com\/pt-pt\/#website","url":"https:\/\/lottohoy.com\/pt-pt\/","name":"Lottohoy","description":"","potentialAction":[{"@type":"SearchAction","target":{"@type":"EntryPoint","urlTemplate":"https:\/\/lottohoy.com\/pt-pt\/?s={search_term_string}"},"query-input":{"@type":"PropertyValueSpecification","valueRequired":true,"valueName":"search_term_string"}}],"inLanguage":"pt-ts"}]}},"_links":{"self":[{"href":"https:\/\/lottohoy.com\/pt-pt\/wp-json\/wp\/v2\/pages\/3912","targetHints":{"allow":["GET"]}}],"collection":[{"href":"https:\/\/lottohoy.com\/pt-pt\/wp-json\/wp\/v2\/pages"}],"about":[{"href":"https:\/\/lottohoy.com\/pt-pt\/wp-json\/wp\/v2\/types\/page"}],"author":[{"embeddable":true,"href":"https:\/\/lottohoy.com\/pt-pt\/wp-json\/wp\/v2\/users\/2"}],"replies":[{"embeddable":true,"href":"https:\/\/lottohoy.com\/pt-pt\/wp-json\/wp\/v2\/comments?post=3912"}],"version-history":[{"count":3,"href":"https:\/\/lottohoy.com\/pt-pt\/wp-json\/wp\/v2\/pages\/3912\/revisions"}],"predecessor-version":[{"id":14510,"href":"https:\/\/lottohoy.com\/pt-pt\/wp-json\/wp\/v2\/pages\/3912\/revisions\/14510"}],"up":[{"embeddable":true,"href":"https:\/\/lottohoy.com\/pt-pt\/wp-json\/wp\/v2\/pages\/3904"}],"wp:attachment":[{"href":"https:\/\/lottohoy.com\/pt-pt\/wp-json\/wp\/v2\/media?parent=3912"}],"curies":[{"name":"wp","href":"https:\/\/api.w.org\/{rel}","templated":true}]}}