{"id":3910,"date":"2019-02-13T18:44:38","date_gmt":"2019-02-13T18:44:38","guid":{"rendered":"https:\/\/www.lottohoy.com\/?page_id=3910"},"modified":"2025-02-10T12:24:32","modified_gmt":"2025-02-10T12:24:32","slug":"el-gordo-primitiva","status":"publish","type":"page","link":"https:\/\/lottohoy.com\/pt-pt\/jogar\/el-gordo-primitiva\/","title":{"rendered":"Apostar no El Gordo online"},"content":{"rendered":"<p><!--more--><\/p>\n<p>O dia 31 de outubro de 1993 foi o primeiro sorteio da Gordo de la Primitiva, um sorteio que acontece todos os domingos, embora os primeiros sorteios fossem realizados apenas uma vez por m\u00eas, no \u00faltimo domingo do m\u00eas.<\/p>\n<p>Esta forma de sorteio foi mantida at\u00e9 o sorteio de 12 de outubro de 1997.<\/p>\n<p>Agora jogar Gordo de la Primitiva online \u00e9 muito simples. Oferecemos-lhe a possibilidade de comprar os seus bilhetes todos os dias da semana, 24 horas por dia e por apenas 3 \u20ac.<\/p>\n<h2><strong>Como se joga Gordo de la Primitiva?<\/strong><\/h2>\n<p>Jogar Gordo de la Primitiva consiste em selecionar 5 n\u00fameros de uma tabela contendo 54 quadrados numerados de 1 a 54, e de um bloco adicional, selecionando 1 n\u00famero chave de quadrados numerados de 0 a 9.<\/p>\n<p>Existem basicamente duas maneiras de jogar o Gordo de la Primitiva, a aposta \u00fanica e a aposta m\u00faltipla:<\/p>\n<p>A <strong>aposta simples<\/strong> consiste em escolher 5 n\u00fameros da primeira mesa contendo 54 quadrados numerados de 1 a 54 respectivamente, e um n\u00famero chave (tamb\u00e9m chamado de desconto) de uma segunda mesa oferecendo o bilhete contendo 10 quadrados numerados de 0 a 9. O pre\u00e7o de cada bilhete do El Gordo de La Primitiva \u00e9 de 2,50 EUR. na LottoHoy.<\/p>\n<p>Este n\u00famero chave, ou desconto, \u00e9 comum a todas as apostas ou blocos que s\u00e3o colocados em jogo no \u00fanico bilhete.<\/p>\n<p>As <strong>apostas m\u00faltiplas<\/strong> s\u00e3o feitas exclusivamente no primeiro bloco do bilhete, e um m\u00ednimo de 6 caixas podem ser marcadas, e um m\u00e1ximo de 11 da primeira mesa, mais o n\u00famero chave ou reembolso da mesa anexa.<\/p>\n<p>Quando uma aposta m\u00faltipla \u00e9 completada, a quantidade de n\u00fameros que est\u00e3o marcados ser\u00e1 directamente ligada \u00e0s apostas que s\u00e3o feitas, e ao custo da mesma.<\/p>\n<table style=\"width: 369px;\">\n<tbody>\n<tr>\n<td style=\"width: 153px; text-align: center;\"><strong>N\u00fameros discados<\/strong><\/td>\n<td style=\"width: 208px; text-align: center;\"><strong>Apostas totais<\/strong><\/td>\n<\/tr>\n<tr>\n<td style=\"width: 153px; text-align: center;\">6<\/td>\n<td style=\"width: 208px; text-align: center;\">6<\/td>\n<\/tr>\n<tr>\n<td style=\"width: 153px; text-align: center;\">7<\/td>\n<td style=\"width: 208px; text-align: center;\">21<\/td>\n<\/tr>\n<tr>\n<td style=\"width: 153px; text-align: center;\">8<\/td>\n<td style=\"width: 208px; text-align: center;\">56<\/td>\n<\/tr>\n<tr>\n<td style=\"width: 153px; text-align: center;\">9<\/td>\n<td style=\"width: 208px; text-align: center;\">126<\/td>\n<\/tr>\n<tr>\n<td style=\"width: 153px; text-align: center;\">10<\/td>\n<td style=\"width: 208px; text-align: center;\">252<\/td>\n<\/tr>\n<tr>\n<td style=\"width: 153px; text-align: center;\">11<\/td>\n<td style=\"width: 208px; text-align: center;\">462<\/td>\n<\/tr>\n<\/tbody>\n<\/table>\n<h2><strong>Que dia \u00e9 que fazes Gordo de la Primitiva?<\/strong><\/h2>\n<p>El Gordo de la Primitiva tem apenas um empate por semana, aos domingos e acontece \u00e0s 21h30. (CET) em Madrid.<\/p>\n<p>Para ter acesso a esses sorteios, os hor\u00e1rios de fechamento devem ser levados em considera\u00e7\u00e3o.<\/p>\n<p>Jogando online, a hora normal \u00e9 por volta das 13:00 h., dependendo do pa\u00eds do fornecedor onde se joga (recomenda-se a consulta pr\u00e9via).<\/p>\n<h2><strong>Jogar el Gordo de la Primitiva online<\/strong><\/h2>\n<p>Jogar o Gordo Primitiva online tem muitas vantagens sobre o jogo tradicional de carimbar o bilhete fisicamente nas administra\u00e7\u00f5es de lotaria.<\/p>\n<p>Com o advento das novas tecnologias, muitas atividades foram facilitadas para alcan\u00e7ar conforto, ganhar tempo e seguran\u00e7a.<\/p>\n<p>As probabilidades de ganhar qualquer um premio del Gordo Primitiva jogando online s\u00e3o exatamente as mesmas que quando voc\u00ea compra um bilhete f\u00edsico em uma administra\u00e7\u00e3o de loteria, e plataformas de loteria online como a nossa tornam tudo muito f\u00e1cil.<\/p>\n<p>Voc\u00ea s\u00f3 precisa criar uma conta de usu\u00e1rio na LottoHoy, e assim acessar todas as informa\u00e7\u00f5es sobre cole\u00e7\u00f5es, pagamentos, assinaturas com total seguran\u00e7a.<\/p>\n<p>Quando voc\u00ea acessa dentro de nossa plataforma \u00e0 se\u00e7\u00e3o do jogo de Gordo de la Primitiva, no topo aparece uma barra de menu com quatro op\u00e7\u00f5es:<\/p>\n<ul>\n<li><strong>Jogar Gordo Primitiva<\/strong>: Sec\u00e7\u00e3o em que pode seleccionar os seus n\u00fameros favoritos em quantas colunas quiser. Em princ\u00edpio s\u00e3o mostradas 5 colunas, mas a sua aposta pode ser estendida para quantas colunas quiser, simplesmente clicando na caixa abaixo da primeira coluna que diz &#8220;mais linhas&#8221;.<\/li>\n<li><strong>Resultados da Gordo de la Primitiva<\/strong>: Com informa\u00e7\u00f5es sobre o \u00faltimo sorteio realizado, a combina\u00e7\u00e3o vencedora e a distribui\u00e7\u00e3o de pr\u00eamios nas diversas categorias. Voc\u00ea tamb\u00e9m pode acessar informa\u00e7\u00f5es sobre sorteios anteriores e as quantias de seus pr\u00eamios.<\/li>\n<li><strong>Informa\u00e7\u00e3o sobre o Gordo de la Primitiva:<\/strong> Toda a informa\u00e7\u00e3o relacionada com este jogo, as categorias de pr\u00e9mios, as percentagens de colec\u00e7\u00e3o atribu\u00eddas a cada categoria e as possibilidades de ganhar em cada categoria.<\/li>\n<li>El Gordo de la Primitiva News: Todas as \u00faltimas not\u00edcias sobre este tipo de loteria.<\/li>\n<\/ul>\n<p>Logo abaixo, est\u00e1 a primeira linha de jogo, que consiste em cinco colunas (ou bilhetes). Voc\u00ea pode jogar uma \u00fanica coluna ou quantas vezes quiser, voc\u00ea pode at\u00e9 mesmo adicionar mais linhas e assim jogar mais n\u00fameros.<\/p>\n<p>Cada uma das colunas ou linhas \u00e9 numerada de 1 a 54 e \u00e9 onde voc\u00ea deve fazer a previs\u00e3o que voc\u00ea quer, a partir da base que voc\u00ea <strong>deve marcar 5 caixas ou n\u00fameros<\/strong> para um simples movimento.<\/p>\n<p>O sistema permite que voc\u00ea preencha esses quadrados manualmente com seus n\u00fameros favoritos, ou usando a op\u00e7\u00e3o de sele\u00e7\u00e3o r\u00e1pida que aparece acima de cada chave. Desta forma, \u00e9 o pr\u00f3prio sistema que escolhe aleatoriamente a combina\u00e7\u00e3o com a qual vamos jogar.<\/p>\n","protected":false},"excerpt":{"rendered":"","protected":false},"author":2,"featured_media":0,"parent":3904,"menu_order":6,"comment_status":"closed","ping_status":"closed","template":"el-gordo.php","meta":{"_et_pb_use_builder":"","_et_pb_old_content":"","_et_gb_content_width":"","exclude_from_search":false,"footnotes":""},"class_list":["post-3910","page","type-page","status-publish","hentry"],"yoast_head":"<!-- This site is optimized with the Yoast SEO plugin v23.7 - https:\/\/yoast.com\/wordpress\/plugins\/seo\/ -->\n<title>Jogue El Gordo de la Primitiva online - Jogue na Lottohoy<\/title>\n<meta name=\"description\" content=\"Compre o seu bilhete para o pr\u00f3ximo sorteio de El Gordo de La Primitiva. Descubra tamb\u00e9m os n\u00fameros mais premiados. Torne os seus sonhos realidade com a Lottohoy.\" \/>\n<meta name=\"robots\" content=\"index, follow, max-snippet:-1, max-image-preview:large, max-video-preview:-1\" \/>\n<link rel=\"canonical\" href=\"https:\/\/lottohoy.com\/pt-pt\/jogar\/el-gordo-primitiva\/\" \/>\n<meta property=\"og:locale\" content=\"pt_PT\" \/>\n<meta property=\"og:type\" content=\"article\" \/>\n<meta property=\"og:title\" content=\"Jogue El Gordo de la Primitiva online - Jogue na Lottohoy\" \/>\n<meta property=\"og:description\" content=\"Compre o seu bilhete para o pr\u00f3ximo sorteio de El Gordo de La Primitiva. Descubra tamb\u00e9m os n\u00fameros mais premiados. Torne os seus sonhos realidade com a Lottohoy.\" \/>\n<meta property=\"og:url\" content=\"https:\/\/lottohoy.com\/pt-pt\/jogar\/el-gordo-primitiva\/\" \/>\n<meta property=\"og:site_name\" content=\"Lottohoy\" \/>\n<meta property=\"article:modified_time\" content=\"2025-02-10T12:24:32+00:00\" \/>\n<meta name=\"twitter:card\" content=\"summary_large_image\" \/>\n<meta name=\"twitter:label1\" content=\"Est. reading time\" \/>\n\t<meta name=\"twitter:data1\" content=\"4 minutes\" \/>\n<script type=\"application\/ld+json\" class=\"yoast-schema-graph\">{\"@context\":\"https:\/\/schema.org\",\"@graph\":[{\"@type\":\"WebPage\",\"@id\":\"https:\/\/lottohoy.com\/pt-pt\/jogar\/el-gordo-primitiva\/\",\"url\":\"https:\/\/lottohoy.com\/pt-pt\/jogar\/el-gordo-primitiva\/\",\"name\":\"Jogue El Gordo de la Primitiva online - Jogue na Lottohoy\",\"isPartOf\":{\"@id\":\"https:\/\/lottohoy.com\/pt-pt\/#website\"},\"datePublished\":\"2019-02-13T18:44:38+00:00\",\"dateModified\":\"2025-02-10T12:24:32+00:00\",\"description\":\"Compre o seu bilhete para o pr\u00f3ximo sorteio de El Gordo de La Primitiva. Descubra tamb\u00e9m os n\u00fameros mais premiados. Torne os seus sonhos realidade com a Lottohoy.\",\"breadcrumb\":{\"@id\":\"https:\/\/lottohoy.com\/pt-pt\/jogar\/el-gordo-primitiva\/#breadcrumb\"},\"inLanguage\":\"pt-ts\",\"potentialAction\":[{\"@type\":\"ReadAction\",\"target\":[\"https:\/\/lottohoy.com\/pt-pt\/jogar\/el-gordo-primitiva\/\"]}]},{\"@type\":\"BreadcrumbList\",\"@id\":\"https:\/\/lottohoy.com\/pt-pt\/jogar\/el-gordo-primitiva\/#breadcrumb\",\"itemListElement\":[{\"@type\":\"ListItem\",\"position\":1,\"name\":\"Home\",\"item\":\"https:\/\/lottohoy.com\/pt-pt\/\"},{\"@type\":\"ListItem\",\"position\":2,\"name\":\"Compre bilhetes de loteria online\",\"item\":\"https:\/\/lottohoy.com\/pt-pt\/jogar\/\"},{\"@type\":\"ListItem\",\"position\":3,\"name\":\"Apostar no El Gordo online\"}]},{\"@type\":\"WebSite\",\"@id\":\"https:\/\/lottohoy.com\/pt-pt\/#website\",\"url\":\"https:\/\/lottohoy.com\/pt-pt\/\",\"name\":\"Lottohoy\",\"description\":\"\",\"potentialAction\":[{\"@type\":\"SearchAction\",\"target\":{\"@type\":\"EntryPoint\",\"urlTemplate\":\"https:\/\/lottohoy.com\/pt-pt\/?s={search_term_string}\"},\"query-input\":{\"@type\":\"PropertyValueSpecification\",\"valueRequired\":true,\"valueName\":\"search_term_string\"}}],\"inLanguage\":\"pt-ts\"}]}<\/script>\n<!-- \/ Yoast SEO plugin. -->","yoast_head_json":{"title":"Jogue El Gordo de la Primitiva online - Jogue na Lottohoy","description":"Compre o seu bilhete para o pr\u00f3ximo sorteio de El Gordo de La Primitiva. Descubra tamb\u00e9m os n\u00fameros mais premiados. Torne os seus sonhos realidade com a Lottohoy.","robots":{"index":"index","follow":"follow","max-snippet":"max-snippet:-1","max-image-preview":"max-image-preview:large","max-video-preview":"max-video-preview:-1"},"canonical":"https:\/\/lottohoy.com\/pt-pt\/jogar\/el-gordo-primitiva\/","og_locale":"pt_PT","og_type":"article","og_title":"Jogue El Gordo de la Primitiva online - Jogue na Lottohoy","og_description":"Compre o seu bilhete para o pr\u00f3ximo sorteio de El Gordo de La Primitiva. Descubra tamb\u00e9m os n\u00fameros mais premiados. Torne os seus sonhos realidade com a Lottohoy.","og_url":"https:\/\/lottohoy.com\/pt-pt\/jogar\/el-gordo-primitiva\/","og_site_name":"Lottohoy","article_modified_time":"2025-02-10T12:24:32+00:00","twitter_card":"summary_large_image","twitter_misc":{"Est. reading time":"4 minutes"},"schema":{"@context":"https:\/\/schema.org","@graph":[{"@type":"WebPage","@id":"https:\/\/lottohoy.com\/pt-pt\/jogar\/el-gordo-primitiva\/","url":"https:\/\/lottohoy.com\/pt-pt\/jogar\/el-gordo-primitiva\/","name":"Jogue El Gordo de la Primitiva online - Jogue na Lottohoy","isPartOf":{"@id":"https:\/\/lottohoy.com\/pt-pt\/#website"},"datePublished":"2019-02-13T18:44:38+00:00","dateModified":"2025-02-10T12:24:32+00:00","description":"Compre o seu bilhete para o pr\u00f3ximo sorteio de El Gordo de La Primitiva. Descubra tamb\u00e9m os n\u00fameros mais premiados. Torne os seus sonhos realidade com a Lottohoy.","breadcrumb":{"@id":"https:\/\/lottohoy.com\/pt-pt\/jogar\/el-gordo-primitiva\/#breadcrumb"},"inLanguage":"pt-ts","potentialAction":[{"@type":"ReadAction","target":["https:\/\/lottohoy.com\/pt-pt\/jogar\/el-gordo-primitiva\/"]}]},{"@type":"BreadcrumbList","@id":"https:\/\/lottohoy.com\/pt-pt\/jogar\/el-gordo-primitiva\/#breadcrumb","itemListElement":[{"@type":"ListItem","position":1,"name":"Home","item":"https:\/\/lottohoy.com\/pt-pt\/"},{"@type":"ListItem","position":2,"name":"Compre bilhetes de loteria online","item":"https:\/\/lottohoy.com\/pt-pt\/jogar\/"},{"@type":"ListItem","position":3,"name":"Apostar no El Gordo online"}]},{"@type":"WebSite","@id":"https:\/\/lottohoy.com\/pt-pt\/#website","url":"https:\/\/lottohoy.com\/pt-pt\/","name":"Lottohoy","description":"","potentialAction":[{"@type":"SearchAction","target":{"@type":"EntryPoint","urlTemplate":"https:\/\/lottohoy.com\/pt-pt\/?s={search_term_string}"},"query-input":{"@type":"PropertyValueSpecification","valueRequired":true,"valueName":"search_term_string"}}],"inLanguage":"pt-ts"}]}},"_links":{"self":[{"href":"https:\/\/lottohoy.com\/pt-pt\/wp-json\/wp\/v2\/pages\/3910","targetHints":{"allow":["GET"]}}],"collection":[{"href":"https:\/\/lottohoy.com\/pt-pt\/wp-json\/wp\/v2\/pages"}],"about":[{"href":"https:\/\/lottohoy.com\/pt-pt\/wp-json\/wp\/v2\/types\/page"}],"author":[{"embeddable":true,"href":"https:\/\/lottohoy.com\/pt-pt\/wp-json\/wp\/v2\/users\/2"}],"replies":[{"embeddable":true,"href":"https:\/\/lottohoy.com\/pt-pt\/wp-json\/wp\/v2\/comments?post=3910"}],"version-history":[{"count":2,"href":"https:\/\/lottohoy.com\/pt-pt\/wp-json\/wp\/v2\/pages\/3910\/revisions"}],"predecessor-version":[{"id":14572,"href":"https:\/\/lottohoy.com\/pt-pt\/wp-json\/wp\/v2\/pages\/3910\/revisions\/14572"}],"up":[{"embeddable":true,"href":"https:\/\/lottohoy.com\/pt-pt\/wp-json\/wp\/v2\/pages\/3904"}],"wp:attachment":[{"href":"https:\/\/lottohoy.com\/pt-pt\/wp-json\/wp\/v2\/media?parent=3910"}],"curies":[{"name":"wp","href":"https:\/\/api.w.org\/{rel}","templated":true}]}}