{"id":3904,"date":"2018-05-03T14:23:25","date_gmt":"2018-05-03T13:23:25","guid":{"rendered":"https:\/\/www.lottohoy.com\/?page_id=3904"},"modified":"2025-03-25T07:07:15","modified_gmt":"2025-03-25T07:07:15","slug":"jogar","status":"publish","type":"page","link":"https:\/\/lottohoy.com\/pt-pt\/jogar\/","title":{"rendered":"Compre bilhetes de loteria online"},"content":{"rendered":"<p>Comprar uma loteria online com o LottoHoy \u00e9 simples, r\u00e1pido e conveniente:<\/p>\r\n<p><strong>\u00c9 simples<\/strong> porque voc\u00ea pode fazer a compra de qualquer lugar do mundo, desde que voc\u00ea tenha uma conex\u00e3o com a Internet, e atrav\u00e9s de qualquer meio: m\u00f3vel\/celular, Tablet ou computador.<\/p>\r\n<p><strong>Em apenas alguns segundos<\/strong> voc\u00ea pode determinar a loteria que deseja jogar a partir da grande variedade de jogos que oferecemos. Voc\u00ea escolhe a combina\u00e7\u00e3o de n\u00fameros que comp\u00f5em a aposta, e fazer o pagamento, escolhendo o m\u00e9todo que melhor se adapte e &#8230; \u00c9 isso!<\/p>\r\n<p><strong>\u00c9 seguro<\/strong>, pois uma vez feita a compra, ela \u00e9 refletida na conta do usu\u00e1rio at\u00e9 que o sorteio seja feito e a confirma\u00e7\u00e3o seja recebida eletronicamente. <a href=\"https:\/\/lottohoy.com\/pt-pt\/registo-abra-a-s\u2026conta-de-jogador\/\"><span style=\"color: #993366;\"><strong>Abra a sua conta<\/strong><\/span><\/a> hoje mesmo e comece a jogar connosco!<\/p>\r\n<h2><strong>Como comprar a loteria online<\/strong><\/h2>\r\n<p>Quando voc\u00ea entra em nossa plataforma de jogos, voc\u00ea tem uma <strong>sele\u00e7\u00e3o variada de loterias<\/strong>. Voc\u00ea pode inserir o ou aqueles em que voc\u00ea quer participar, voc\u00ea vai encontrar informa\u00e7\u00f5es extensas que ir\u00e3o ajud\u00e1-lo a determinar as previs\u00f5es sobre a aposta que voc\u00ea quer fazer, e as caracter\u00edsticas e regras do jogo.<\/p>\r\n<p>Voc\u00ea pode escolher a combina\u00e7\u00e3o de n\u00fameros e bolas <strong>manualmente,<\/strong> marcando nas caixas correspondentes em cada coluna os n\u00fameros que cada um criar ser\u00e3o os vencedores. Ou voc\u00ea pode <strong>deixar o sistema escolher a combina\u00e7\u00e3o de n\u00fameros e bolas aleatoriamente.<\/strong><\/p>\r\n<p>Uma vez definida a mudan\u00e7a, ela \u00e9 confirmada atrav\u00e9s do pagamento (<em>esta opera\u00e7\u00e3o pode ser executada para quantas lotarias desejar participar<\/em>), e o usu\u00e1rio escolhe a forma de pagamento que lhe \u00e9 disponibilizada.<\/p>\r\n<h2><strong>Como coletar a loteria on-line<\/strong><\/h2>\r\n<p>Todos os <strong>pr\u00e9mios de loteria<\/strong> ganhos nos diferentes sorteios s\u00e3o imediatamente creditados na conta do utilizador, para que esta esteja dispon\u00edvel e \u00e0 disposi\u00e7\u00e3o do utilizador.<\/p>\r\n<p>Quando o montante pode ser superior, o cliente \u00e9 aconselhado sobre as melhores solu\u00e7\u00f5es para aceder a esses pr\u00e9mios.<\/p>\r\n<p>Cada loteria \u00e9 regida pela<a href=\"https:\/\/lottohoy.com\/es\/ipuestos-loterias-en-espana\/\"><span style=\"color: #993366;\"> <strong>legisla\u00e7\u00e3o tribut\u00e1ria<\/strong><\/span><\/a> do pa\u00eds onde est\u00e1 organizada, pois pode haver custos fiscais e outros custos que podem afetar os valores adjudicados.<\/p>\r\n<h2><strong>Vantagens de jogar na loteria online<\/strong><\/h2>\r\n<ul>\r\n<li><strong>Poupar tempo<\/strong> \u00e9 talvez a maior vantagem de jogar na loteria online. N\u00e3o h\u00e1 maneira mais r\u00e1pida de jogar.<\/li>\r\n<li>Atrav\u00e9s da LottoHoy, voc\u00ea pode <strong>comprar loterias a qualquer hora, 24 horas por dia<\/strong>, 7 dias por semana e 365 dias por ano, sem feriados, sem horas de estabelecimento f\u00edsico.<\/li>\r\n<li><strong>Sem viagens<\/strong> ao ponto de venda f\u00edsico, sem filas e sem hor\u00e1rios.<\/li>\r\n<li>A disponibilidade de ter ao alcance de poucos cliques, uma grande variedade de loterias ao redor do mundo. As lotarias que oferecem os melhores <a href=\"https:\/\/lottohoy.com\/pt-pt\/jackpots-da-loteria\/\"><span style=\"color: #993366;\"><strong>jackpots de lotaria<\/strong><\/span><\/a>.<\/li>\r\n<li>Ser capaz de brincar de <strong>qualquer lugar a qualquer hora<\/strong>, em casa, no trabalho, esperando pelo \u00f4nibus ou em qualquer circunst\u00e2ncia da vida di\u00e1ria. Basta ter uma liga\u00e7\u00e3o \u00e0 Internet e a partir de qualquer tipo de dispositivo: m\u00f3vel, Tablet ou computador.<\/li>\r\n<li><strong>Sem esquecer a seguran\u00e7a<\/strong> que representa n\u00e3o perder a oportunidade de acessar um pr\u00eamio porque o bilhete foi perdido, ou simplesmente porque o <a href=\"https:\/\/lottohoy.com\/pt-pt\/resultados\/\"><span style=\"color: #993366;\"><strong>resultado do sorteio<\/strong><\/span><\/a> n\u00e3o foi consultado, podendo expirar o prazo para reclam\u00e1-lo.<\/li>\r\n<li>A partir do momento da compra, reflete-se na <strong>conta do usu\u00e1rio<\/strong> que compra e na previs\u00e3o feita.<\/li>\r\n<li>No caso de um pr\u00e9mio, o montante ganho \u00e9 <strong>imediatamente creditado<\/strong> no saldo do utilizador.<\/li>\r\n<\/ul><p>&nbsp;<\/p>","protected":false},"excerpt":{"rendered":"<p>Comprar uma loteria online com o LottoHoy \u00e9 simples, r\u00e1pido e conveniente: \u00c9 simples porque voc\u00ea pode fazer a compra de qualquer lugar do mundo, desde que voc\u00ea tenha uma conex\u00e3o com a Internet, e atrav\u00e9s de qualquer meio: m\u00f3vel\/celular, Tablet ou computador. Em apenas alguns segundos voc\u00ea pode determinar a loteria que deseja jogar [&hellip;]<\/p>\n","protected":false},"author":2,"featured_media":0,"parent":0,"menu_order":2,"comment_status":"closed","ping_status":"closed","template":"Play-all.php","meta":{"_et_pb_use_builder":"","_et_pb_old_content":"","_et_gb_content_width":"","exclude_from_search":false,"footnotes":""},"class_list":["post-3904","page","type-page","status-publish","hentry"],"yoast_head":"<!-- This site is optimized with the Yoast SEO plugin v23.7 - https:\/\/yoast.com\/wordpress\/plugins\/seo\/ -->\n<title>Comprar loter\u00eda online - Juega a las mejores loter\u00edas \u2013 LottoHoy<\/title>\n<meta name=\"description\" content=\"Na LottoHoy oferecemos uma grande variedade de loterias. Escolha o seu favorito, aprenda a jogar e compre o seu bilhete de forma r\u00e1pida e segura.\" \/>\n<meta name=\"robots\" content=\"index, follow, max-snippet:-1, max-image-preview:large, max-video-preview:-1\" \/>\n<link rel=\"canonical\" href=\"https:\/\/lottohoy.com\/pt-pt\/jogar\/\" \/>\n<meta property=\"og:locale\" content=\"pt_PT\" \/>\n<meta property=\"og:type\" content=\"article\" \/>\n<meta property=\"og:title\" content=\"Comprar loter\u00eda online - Juega a las mejores loter\u00edas \u2013 LottoHoy\" \/>\n<meta property=\"og:description\" content=\"Na LottoHoy oferecemos uma grande variedade de loterias. Escolha o seu favorito, aprenda a jogar e compre o seu bilhete de forma r\u00e1pida e segura.\" \/>\n<meta property=\"og:url\" content=\"https:\/\/lottohoy.com\/pt-pt\/jogar\/\" \/>\n<meta property=\"og:site_name\" content=\"Lottohoy\" \/>\n<meta property=\"article:modified_time\" content=\"2025-03-25T07:07:15+00:00\" \/>\n<meta name=\"twitter:card\" content=\"summary_large_image\" \/>\n<meta name=\"twitter:label1\" content=\"Est. reading time\" \/>\n\t<meta name=\"twitter:data1\" content=\"3 minutes\" \/>\n<script type=\"application\/ld+json\" class=\"yoast-schema-graph\">{\"@context\":\"https:\/\/schema.org\",\"@graph\":[{\"@type\":\"WebPage\",\"@id\":\"https:\/\/lottohoy.com\/pt-pt\/jogar\/\",\"url\":\"https:\/\/lottohoy.com\/pt-pt\/jogar\/\",\"name\":\"Comprar loter\u00eda online - Juega a las mejores loter\u00edas \u2013 LottoHoy\",\"isPartOf\":{\"@id\":\"https:\/\/lottohoy.com\/pt-pt\/#website\"},\"datePublished\":\"2018-05-03T13:23:25+00:00\",\"dateModified\":\"2025-03-25T07:07:15+00:00\",\"description\":\"Na LottoHoy oferecemos uma grande variedade de loterias. Escolha o seu favorito, aprenda a jogar e compre o seu bilhete de forma r\u00e1pida e segura.\",\"breadcrumb\":{\"@id\":\"https:\/\/lottohoy.com\/pt-pt\/jogar\/#breadcrumb\"},\"inLanguage\":\"pt-ts\",\"potentialAction\":[{\"@type\":\"ReadAction\",\"target\":[\"https:\/\/lottohoy.com\/pt-pt\/jogar\/\"]}]},{\"@type\":\"BreadcrumbList\",\"@id\":\"https:\/\/lottohoy.com\/pt-pt\/jogar\/#breadcrumb\",\"itemListElement\":[{\"@type\":\"ListItem\",\"position\":1,\"name\":\"Home\",\"item\":\"https:\/\/lottohoy.com\/pt-pt\/\"},{\"@type\":\"ListItem\",\"position\":2,\"name\":\"Compre bilhetes de loteria online\"}]},{\"@type\":\"WebSite\",\"@id\":\"https:\/\/lottohoy.com\/pt-pt\/#website\",\"url\":\"https:\/\/lottohoy.com\/pt-pt\/\",\"name\":\"Lottohoy\",\"description\":\"\",\"potentialAction\":[{\"@type\":\"SearchAction\",\"target\":{\"@type\":\"EntryPoint\",\"urlTemplate\":\"https:\/\/lottohoy.com\/pt-pt\/?s={search_term_string}\"},\"query-input\":{\"@type\":\"PropertyValueSpecification\",\"valueRequired\":true,\"valueName\":\"search_term_string\"}}],\"inLanguage\":\"pt-ts\"}]}<\/script>\n<!-- \/ Yoast SEO plugin. -->","yoast_head_json":{"title":"Comprar loter\u00eda online - Juega a las mejores loter\u00edas \u2013 LottoHoy","description":"Na LottoHoy oferecemos uma grande variedade de loterias. Escolha o seu favorito, aprenda a jogar e compre o seu bilhete de forma r\u00e1pida e segura.","robots":{"index":"index","follow":"follow","max-snippet":"max-snippet:-1","max-image-preview":"max-image-preview:large","max-video-preview":"max-video-preview:-1"},"canonical":"https:\/\/lottohoy.com\/pt-pt\/jogar\/","og_locale":"pt_PT","og_type":"article","og_title":"Comprar loter\u00eda online - Juega a las mejores loter\u00edas \u2013 LottoHoy","og_description":"Na LottoHoy oferecemos uma grande variedade de loterias. Escolha o seu favorito, aprenda a jogar e compre o seu bilhete de forma r\u00e1pida e segura.","og_url":"https:\/\/lottohoy.com\/pt-pt\/jogar\/","og_site_name":"Lottohoy","article_modified_time":"2025-03-25T07:07:15+00:00","twitter_card":"summary_large_image","twitter_misc":{"Est. reading time":"3 minutes"},"schema":{"@context":"https:\/\/schema.org","@graph":[{"@type":"WebPage","@id":"https:\/\/lottohoy.com\/pt-pt\/jogar\/","url":"https:\/\/lottohoy.com\/pt-pt\/jogar\/","name":"Comprar loter\u00eda online - Juega a las mejores loter\u00edas \u2013 LottoHoy","isPartOf":{"@id":"https:\/\/lottohoy.com\/pt-pt\/#website"},"datePublished":"2018-05-03T13:23:25+00:00","dateModified":"2025-03-25T07:07:15+00:00","description":"Na LottoHoy oferecemos uma grande variedade de loterias. Escolha o seu favorito, aprenda a jogar e compre o seu bilhete de forma r\u00e1pida e segura.","breadcrumb":{"@id":"https:\/\/lottohoy.com\/pt-pt\/jogar\/#breadcrumb"},"inLanguage":"pt-ts","potentialAction":[{"@type":"ReadAction","target":["https:\/\/lottohoy.com\/pt-pt\/jogar\/"]}]},{"@type":"BreadcrumbList","@id":"https:\/\/lottohoy.com\/pt-pt\/jogar\/#breadcrumb","itemListElement":[{"@type":"ListItem","position":1,"name":"Home","item":"https:\/\/lottohoy.com\/pt-pt\/"},{"@type":"ListItem","position":2,"name":"Compre bilhetes de loteria online"}]},{"@type":"WebSite","@id":"https:\/\/lottohoy.com\/pt-pt\/#website","url":"https:\/\/lottohoy.com\/pt-pt\/","name":"Lottohoy","description":"","potentialAction":[{"@type":"SearchAction","target":{"@type":"EntryPoint","urlTemplate":"https:\/\/lottohoy.com\/pt-pt\/?s={search_term_string}"},"query-input":{"@type":"PropertyValueSpecification","valueRequired":true,"valueName":"search_term_string"}}],"inLanguage":"pt-ts"}]}},"_links":{"self":[{"href":"https:\/\/lottohoy.com\/pt-pt\/wp-json\/wp\/v2\/pages\/3904","targetHints":{"allow":["GET"]}}],"collection":[{"href":"https:\/\/lottohoy.com\/pt-pt\/wp-json\/wp\/v2\/pages"}],"about":[{"href":"https:\/\/lottohoy.com\/pt-pt\/wp-json\/wp\/v2\/types\/page"}],"author":[{"embeddable":true,"href":"https:\/\/lottohoy.com\/pt-pt\/wp-json\/wp\/v2\/users\/2"}],"replies":[{"embeddable":true,"href":"https:\/\/lottohoy.com\/pt-pt\/wp-json\/wp\/v2\/comments?post=3904"}],"version-history":[{"count":2,"href":"https:\/\/lottohoy.com\/pt-pt\/wp-json\/wp\/v2\/pages\/3904\/revisions"}],"predecessor-version":[{"id":16592,"href":"https:\/\/lottohoy.com\/pt-pt\/wp-json\/wp\/v2\/pages\/3904\/revisions\/16592"}],"wp:attachment":[{"href":"https:\/\/lottohoy.com\/pt-pt\/wp-json\/wp\/v2\/media?parent=3904"}],"curies":[{"name":"wp","href":"https:\/\/api.w.org\/{rel}","templated":true}]}}