{"id":3894,"date":"2018-08-21T10:17:14","date_gmt":"2018-08-21T09:17:14","guid":{"rendered":"https:\/\/www.lottohoy.com\/?page_id=3894"},"modified":"2025-03-25T13:09:41","modified_gmt":"2025-03-25T13:09:41","slug":"la-primitiva","status":"publish","type":"page","link":"https:\/\/lottohoy.com\/pt-pt\/lotarias\/la-primitiva\/","title":{"rendered":"Informa\u00e7\u00e3o La Primitiva"},"content":{"rendered":"<p><!--more--><\/p>\n<p>La Primitiva \u00e9 um jogo de loteria baseado na previs\u00e3o de 6 de 49 n\u00fameros poss\u00edveis.<\/p>\n<p>O jogo da Primitiva remonta ao in\u00edcio da loteria em Espanha, em 1763, e o seu desenvolvimento teve varia\u00e7\u00f5es para que os seus regulamentos tenham sido adaptados \u00e0s circunst\u00e2ncias de cada momento e ao que a hist\u00f3ria pediu.<\/p>\n<h2><strong>Regras do La Primitiva<\/strong><\/h2>\n<p>As regras que regulam o jogo da Primitiva, s\u00e3o muito simples. O jogo consiste em fazer uma previs\u00e3o de aposta baseada na escolha de 6 n\u00fameros de uma mesa contendo 49 quadrados numerados de 1 a 49.<\/p>\n<p>Apostas simples ou m\u00faltiplas podem ser feitas. A aposta simples consiste em jogar em cada uma das colunas desejadas, a previs\u00e3o de 6 n\u00fameros. Voc\u00ea tamb\u00e9m pode fazer uma aposta m\u00faltipla usando apenas a primeira das colunas fornecidas, e marcando nele 7 ou mais n\u00fameros at\u00e9 um m\u00e1ximo de 11.<\/p>\n<ul>\n<li>Uma aposta m\u00faltipla de 7 n\u00fameros da primitiva \u00e9 equivalente a 7 apostas.<\/li>\n<li>Uma aposta m\u00faltipla de 8 n\u00fameros do primitiva \u00e9 equivalente a 28 apostas.<\/li>\n<li>Uma aposta m\u00faltipla de 9 n\u00fameros do primitiva \u00e9 equivalente a 84 apostas.<\/li>\n<li>Uma aposta m\u00faltipla de 10 n\u00fameros do primitiva \u00e9 equivalente a 210 apostas.<\/li>\n<li>Uma aposta m\u00faltipla de 11 n\u00fameros do primitiva \u00e9 equivalente a 462 apostas.<\/li>\n<\/ul>\n<p>Al\u00e9m destas apostas, h\u00e1 tamb\u00e9m a possibilidade de jogar em um bilhete oficial 5 n\u00fameros, sendo esta uma aposta m\u00faltipla em que sempre o n\u00famero em falta \u00e9 automaticamente correto.<\/p>\n<p>Neste caso, seria o equivalente a 44 apostas.<\/p>\n<h2><strong>Qual \u00e9 o reembolso do Primitiva?<\/strong><\/h2>\n<p>O reembolso \u00e9 um n\u00famero atribu\u00eddo aleatoriamente pelo sistema no momento da valida\u00e7\u00e3o da aposta.<\/p>\n<p>O pr\u00e9mio consiste num pagamento fixo equivalente ao montante de uma aposta \u00fanica, para cada um dos bilhetes que contenham esse n\u00famero.<\/p>\n<p>que \u00e9 extra\u00eddo independentemente, e de um segundo tambor de baixo, com bolas numeradas de 0 a 9 no mesmo sorteio da Primitiva.<\/p>\n<h2><strong>Vantagens de jogar a Primitiva online<\/strong><\/h2>\n<p>Novos h\u00e1bitos e tend\u00eancias de mercado est\u00e3o aumentando a participa\u00e7\u00e3o de jogadores de loteria online.<\/p>\n<p>Hoje em dia, e a partir do conforto da sua pr\u00f3pria casa, local de trabalho ou lazer, com uma simples liga\u00e7\u00e3o \u00e0 Internet, tem acesso imediato para fazer apostas em todas as lotarias e, claro, tamb\u00e9m na Primitiva.<\/p>\n<p>As vantagens de <a href=\"https:\/\/lottohoy.com\/pt-pt\/jogar\/la-primitiva\/\"><strong><span style=\"color: #993366;\">jogar o primitiva online<\/span><\/strong><\/a> s\u00e3o muitas:<\/p>\n<ul>\n<li>\u00c9 um simples, r\u00e1pido, confort\u00e1vel e sem filas para ir em busca de jackpots milion\u00e1rios.<\/li>\n<li>Ter uma conta de usu\u00e1rio em uma plataforma de loteria on-line tamb\u00e9m significa ter informa\u00e7\u00f5es constantes sobre todos os sorteios, os jackpots que acumulam, os pr\u00eamios que s\u00e3o ganhos.<\/li>\n<li>\u00c9 um m\u00e9todo seguro e confi\u00e1vel de todas as transa\u00e7\u00f5es banc\u00e1rias.<\/li>\n<li>Como utilizador registado, nenhum bilhete \u00e9 perdido ou extraviado, \u00e9 sempre informado pontualmente de todas as opera\u00e7\u00f5es realizadas: compras, pagamentos, cobran\u00e7as, etc.<\/li>\n<li>Quando um utilizador registado ganha um pr\u00e9mio, o montante desse pr\u00e9mio \u00e9 automaticamente creditado na sua conta de utilizador.<\/li>\n<\/ul>\n<h2><strong>Jackpot da Primitiva<\/strong><\/h2>\n<p>O pr\u00e9mio de categoria especial, tamb\u00e9m conhecido como jackpot, come\u00e7a sempre a partir de um m\u00ednimo garantido de \u20ac2.000.000.<\/p>\n<p>No caso de n\u00e3o haver vencedor da categoria mais alta em um sorteio, o valor \u00e9 acumulado para o pr\u00f3ximo sorteio nessa mesma categoria, e assim por diante at\u00e9 que o pagamento seja conclu\u00eddo.<\/p>\n<p>O primeiro jackpot pago na hist\u00f3ria da Primitiva, veio a acumular o montante de 62 milh\u00f5es de pesetas (pouco mais de 372.000 \u20ac).<\/p>\n<p>E o maior jackpot pago at\u00e9 \u00e0 data foi de 101.724.559,10 \u20ac, que levou apenas um vencedor em Barcelona, a 15 de Outubro de 2015.<\/p>\n<h2><strong>O Jocker da Primitiva<\/strong><\/h2>\n<p>O &#8220;joker&#8221; \u00e9 um jogo opcional associado \u00e0 Primitiva e dispon\u00edvel desde 2012.<\/p>\n<p>Ao jogar o bilhete f\u00edsico, se voc\u00ea tamb\u00e9m quiser jogar Joker, basta marcar a caixa apropriada. Autom\u00e1tica e aleatoriamente, o sistema atribui ao bilhete Primitivo uma combina\u00e7\u00e3o de 7 d\u00edgitos que variam de 0.000.000 a 9.999.999 inclusive. Este n\u00famero \u00e9 \u00fanico, pelo que n\u00e3o h\u00e1 possibilidade de haver mais do que um vencedor da primeira categoria.<\/p>\n<h3><strong>O sorteio do Joker<\/strong><\/h3>\n<p>O sorteio \u00e9 feito extraindo sete bolas de um tambor diferente daquele usado para o sorteio do primitivo, e este tambor cont\u00e9m 10 bolas numeradas de 0 a 9. Ap\u00f3s cada extra\u00e7\u00e3o a bola \u00e9 reintroduzida no tambor, e a mesma bola pode sair mais de uma vez.<\/p>\n<h3><strong>Pr\u00e9mios Joker<\/strong><\/h3>\n<p>Para obter um pr\u00eamio, os n\u00fameros devem corresponder \u00e0 mesma ordem que os n\u00fameros sorteados no sorteio. Existem 6 categorias de pr\u00eamios, com uma aloca\u00e7\u00e3o fixa para cada categoria.<\/p>\n<table style=\"width: 364px;\">\n<tbody>\n<tr>\n<td style=\"width: 112px; text-align: center;\"><span style=\"color: #993366;\"><strong>Categorias<\/strong><\/span><\/td>\n<td style=\"width: 104px; text-align: center;\"><span style=\"color: #993366;\"><strong>Precis\u00e3o<\/strong><\/span><\/td>\n<td style=\"width: 138px; text-align: center;\"><span style=\"color: #993366;\"><strong>Pr\u00eamios<\/strong><\/span><\/td>\n<\/tr>\n<tr>\n<td style=\"width: 112px; text-align: center;\">1a<\/td>\n<td style=\"width: 104px; text-align: center;\">7<\/td>\n<td style=\"width: 138px; text-align: right;\">1.000.000 \u20ac<\/td>\n<\/tr>\n<tr>\n<td style=\"width: 112px; text-align: center;\">2a<\/td>\n<td style=\"width: 104px; text-align: center;\">6<\/td>\n<td style=\"width: 138px; text-align: right;\">100.000 \u20ac<\/td>\n<\/tr>\n<tr>\n<td style=\"width: 112px; text-align: center;\">3a<\/td>\n<td style=\"width: 104px; text-align: center;\">5<\/td>\n<td style=\"width: 138px; text-align: right;\">10.000 \u20ac<\/td>\n<\/tr>\n<tr>\n<td style=\"width: 112px; text-align: center;\">4a<\/td>\n<td style=\"width: 104px; text-align: center;\">4<\/td>\n<td style=\"width: 138px; text-align: right;\">1.000 \u20ac<\/td>\n<\/tr>\n<tr>\n<td style=\"width: 112px; text-align: center;\">5a<\/td>\n<td style=\"width: 104px; text-align: center;\">3<\/td>\n<td style=\"width: 138px; text-align: right;\">100 \u20ac<\/td>\n<\/tr>\n<tr>\n<td style=\"width: 112px; text-align: center;\">6a<\/td>\n<td style=\"width: 104px; text-align: center;\">2<\/td>\n<td style=\"width: 138px; text-align: right;\">10 \u20ac<\/td>\n<\/tr>\n<\/tbody>\n<\/table>\n<h2><strong>Probabilidades de vencer na Primitiva<\/strong><\/h2>\n<p><!--more--><\/p>\n","protected":false},"excerpt":{"rendered":"","protected":false},"author":2,"featured_media":0,"parent":3820,"menu_order":6,"comment_status":"closed","ping_status":"closed","template":"la-primitiva-info.php","meta":{"_et_pb_use_builder":"","_et_pb_old_content":"","_et_gb_content_width":"","exclude_from_search":false,"footnotes":""},"class_list":["post-3894","page","type-page","status-publish","hentry"],"yoast_head":"<!-- This site is optimized with the Yoast SEO plugin v23.7 - https:\/\/yoast.com\/wordpress\/plugins\/seo\/ -->\n<title>Informa\u00e7\u00e3o Primitiva, tudo o que voc\u00ea precisa saber<\/title>\n<meta name=\"description\" content=\"As regras do jogo Primitiva s\u00e3o muito simples. Consiste em fazer uma previs\u00e3o baseada na escolha de 6 n\u00fameros de um total de 49.\" \/>\n<meta name=\"robots\" content=\"index, follow, max-snippet:-1, max-image-preview:large, max-video-preview:-1\" \/>\n<link rel=\"canonical\" href=\"https:\/\/lottohoy.com\/pt-pt\/lotarias\/la-primitiva\/\" \/>\n<meta property=\"og:locale\" content=\"pt_PT\" \/>\n<meta property=\"og:type\" content=\"article\" \/>\n<meta property=\"og:title\" content=\"Informa\u00e7\u00e3o Primitiva, tudo o que voc\u00ea precisa saber\" \/>\n<meta property=\"og:description\" content=\"As regras do jogo Primitiva s\u00e3o muito simples. Consiste em fazer uma previs\u00e3o baseada na escolha de 6 n\u00fameros de um total de 49.\" \/>\n<meta property=\"og:url\" content=\"https:\/\/lottohoy.com\/pt-pt\/lotarias\/la-primitiva\/\" \/>\n<meta property=\"og:site_name\" content=\"Lottohoy\" \/>\n<meta property=\"article:modified_time\" content=\"2025-03-25T13:09:41+00:00\" \/>\n<meta name=\"twitter:card\" content=\"summary_large_image\" \/>\n<meta name=\"twitter:label1\" content=\"Est. reading time\" \/>\n\t<meta name=\"twitter:data1\" content=\"4 minutes\" \/>\n<script type=\"application\/ld+json\" class=\"yoast-schema-graph\">{\"@context\":\"https:\/\/schema.org\",\"@graph\":[{\"@type\":\"WebPage\",\"@id\":\"https:\/\/lottohoy.com\/pt-pt\/lotarias\/la-primitiva\/\",\"url\":\"https:\/\/lottohoy.com\/pt-pt\/lotarias\/la-primitiva\/\",\"name\":\"Informa\u00e7\u00e3o Primitiva, tudo o que voc\u00ea precisa saber\",\"isPartOf\":{\"@id\":\"https:\/\/lottohoy.com\/pt-pt\/#website\"},\"datePublished\":\"2018-08-21T09:17:14+00:00\",\"dateModified\":\"2025-03-25T13:09:41+00:00\",\"description\":\"As regras do jogo Primitiva s\u00e3o muito simples. Consiste em fazer uma previs\u00e3o baseada na escolha de 6 n\u00fameros de um total de 49.\",\"breadcrumb\":{\"@id\":\"https:\/\/lottohoy.com\/pt-pt\/lotarias\/la-primitiva\/#breadcrumb\"},\"inLanguage\":\"pt-ts\",\"potentialAction\":[{\"@type\":\"ReadAction\",\"target\":[\"https:\/\/lottohoy.com\/pt-pt\/lotarias\/la-primitiva\/\"]}]},{\"@type\":\"BreadcrumbList\",\"@id\":\"https:\/\/lottohoy.com\/pt-pt\/lotarias\/la-primitiva\/#breadcrumb\",\"itemListElement\":[{\"@type\":\"ListItem\",\"position\":1,\"name\":\"Home\",\"item\":\"https:\/\/lottohoy.com\/pt-pt\/\"},{\"@type\":\"ListItem\",\"position\":2,\"name\":\"Tudo sobre a loteria online\",\"item\":\"https:\/\/lottohoy.com\/pt-pt\/lotarias\/\"},{\"@type\":\"ListItem\",\"position\":3,\"name\":\"Informa\u00e7\u00e3o La Primitiva\"}]},{\"@type\":\"WebSite\",\"@id\":\"https:\/\/lottohoy.com\/pt-pt\/#website\",\"url\":\"https:\/\/lottohoy.com\/pt-pt\/\",\"name\":\"Lottohoy\",\"description\":\"\",\"potentialAction\":[{\"@type\":\"SearchAction\",\"target\":{\"@type\":\"EntryPoint\",\"urlTemplate\":\"https:\/\/lottohoy.com\/pt-pt\/?s={search_term_string}\"},\"query-input\":{\"@type\":\"PropertyValueSpecification\",\"valueRequired\":true,\"valueName\":\"search_term_string\"}}],\"inLanguage\":\"pt-ts\"}]}<\/script>\n<!-- \/ Yoast SEO plugin. -->","yoast_head_json":{"title":"Informa\u00e7\u00e3o Primitiva, tudo o que voc\u00ea precisa saber","description":"As regras do jogo Primitiva s\u00e3o muito simples. Consiste em fazer uma previs\u00e3o baseada na escolha de 6 n\u00fameros de um total de 49.","robots":{"index":"index","follow":"follow","max-snippet":"max-snippet:-1","max-image-preview":"max-image-preview:large","max-video-preview":"max-video-preview:-1"},"canonical":"https:\/\/lottohoy.com\/pt-pt\/lotarias\/la-primitiva\/","og_locale":"pt_PT","og_type":"article","og_title":"Informa\u00e7\u00e3o Primitiva, tudo o que voc\u00ea precisa saber","og_description":"As regras do jogo Primitiva s\u00e3o muito simples. Consiste em fazer uma previs\u00e3o baseada na escolha de 6 n\u00fameros de um total de 49.","og_url":"https:\/\/lottohoy.com\/pt-pt\/lotarias\/la-primitiva\/","og_site_name":"Lottohoy","article_modified_time":"2025-03-25T13:09:41+00:00","twitter_card":"summary_large_image","twitter_misc":{"Est. reading time":"4 minutes"},"schema":{"@context":"https:\/\/schema.org","@graph":[{"@type":"WebPage","@id":"https:\/\/lottohoy.com\/pt-pt\/lotarias\/la-primitiva\/","url":"https:\/\/lottohoy.com\/pt-pt\/lotarias\/la-primitiva\/","name":"Informa\u00e7\u00e3o Primitiva, tudo o que voc\u00ea precisa saber","isPartOf":{"@id":"https:\/\/lottohoy.com\/pt-pt\/#website"},"datePublished":"2018-08-21T09:17:14+00:00","dateModified":"2025-03-25T13:09:41+00:00","description":"As regras do jogo Primitiva s\u00e3o muito simples. Consiste em fazer uma previs\u00e3o baseada na escolha de 6 n\u00fameros de um total de 49.","breadcrumb":{"@id":"https:\/\/lottohoy.com\/pt-pt\/lotarias\/la-primitiva\/#breadcrumb"},"inLanguage":"pt-ts","potentialAction":[{"@type":"ReadAction","target":["https:\/\/lottohoy.com\/pt-pt\/lotarias\/la-primitiva\/"]}]},{"@type":"BreadcrumbList","@id":"https:\/\/lottohoy.com\/pt-pt\/lotarias\/la-primitiva\/#breadcrumb","itemListElement":[{"@type":"ListItem","position":1,"name":"Home","item":"https:\/\/lottohoy.com\/pt-pt\/"},{"@type":"ListItem","position":2,"name":"Tudo sobre a loteria online","item":"https:\/\/lottohoy.com\/pt-pt\/lotarias\/"},{"@type":"ListItem","position":3,"name":"Informa\u00e7\u00e3o La Primitiva"}]},{"@type":"WebSite","@id":"https:\/\/lottohoy.com\/pt-pt\/#website","url":"https:\/\/lottohoy.com\/pt-pt\/","name":"Lottohoy","description":"","potentialAction":[{"@type":"SearchAction","target":{"@type":"EntryPoint","urlTemplate":"https:\/\/lottohoy.com\/pt-pt\/?s={search_term_string}"},"query-input":{"@type":"PropertyValueSpecification","valueRequired":true,"valueName":"search_term_string"}}],"inLanguage":"pt-ts"}]}},"_links":{"self":[{"href":"https:\/\/lottohoy.com\/pt-pt\/wp-json\/wp\/v2\/pages\/3894","targetHints":{"allow":["GET"]}}],"collection":[{"href":"https:\/\/lottohoy.com\/pt-pt\/wp-json\/wp\/v2\/pages"}],"about":[{"href":"https:\/\/lottohoy.com\/pt-pt\/wp-json\/wp\/v2\/types\/page"}],"author":[{"embeddable":true,"href":"https:\/\/lottohoy.com\/pt-pt\/wp-json\/wp\/v2\/users\/2"}],"replies":[{"embeddable":true,"href":"https:\/\/lottohoy.com\/pt-pt\/wp-json\/wp\/v2\/comments?post=3894"}],"version-history":[{"count":2,"href":"https:\/\/lottohoy.com\/pt-pt\/wp-json\/wp\/v2\/pages\/3894\/revisions"}],"predecessor-version":[{"id":10959,"href":"https:\/\/lottohoy.com\/pt-pt\/wp-json\/wp\/v2\/pages\/3894\/revisions\/10959"}],"up":[{"embeddable":true,"href":"https:\/\/lottohoy.com\/pt-pt\/wp-json\/wp\/v2\/pages\/3820"}],"wp:attachment":[{"href":"https:\/\/lottohoy.com\/pt-pt\/wp-json\/wp\/v2\/media?parent=3894"}],"curies":[{"name":"wp","href":"https:\/\/api.w.org\/{rel}","templated":true}]}}