{"id":3889,"date":"2018-05-03T14:23:40","date_gmt":"2018-05-03T13:23:40","guid":{"rendered":"https:\/\/www.lottohoy.com\/?page_id=3889"},"modified":"2025-03-26T04:48:28","modified_gmt":"2025-03-26T04:48:28","slug":"lotto-uk","status":"publish","type":"page","link":"https:\/\/lottohoy.com\/pt-pt\/resultados\/lotto-uk\/","title":{"rendered":"Resultados Loteria Brit\u00e2nica"},"content":{"rendered":"<p>Estes s\u00e3o os \u00faltimos resultados da Loteria do Reino Unido (Lotto UK), o n\u00famero total de jogadores ganhadores e o montante retirado em cada categoria de pr\u00eamio.<\/p>\n<p><!--more--><\/p>\n<h2><strong>Distribui\u00e7\u00e3o de pr\u00eamios da Loteria do Reino Unido (Lotto UK)<\/strong><\/h2>\n<p>Esta p\u00e1gina cont\u00e9m a combina\u00e7\u00e3o vencedora do \u00faltimo sorteio e a distribui\u00e7\u00e3o de pr\u00e9mios para cada uma das categorias. Lembre-se que os pr\u00eamios obtidos s\u00e3o depositados diretamente na conta do usu\u00e1rio para que voc\u00ea possa <a href=\"https:\/\/lottohoy.com\/pt-pt\/jogar\/lotto-uk\/\"><strong><span style=\"color: #993366;\">apostar na Lotto UK<\/span><\/strong><\/a> novamente.<\/p>\n<p>A tabela mostra a combina\u00e7\u00e3o dos 6 n\u00fameros principais. Tamb\u00e9m \u00e9 poss\u00edvel seleccionar uma bola extra chamada &#8220;b\u00f3nus&#8221; para dar um pr\u00e9mio \u00e0s pessoas que tenham atingido as 6 bolas principais.<\/p>\n<h2><strong>Sorteios anteriores da Loteria do Reino Unido (Lotto UK)<\/strong><\/h2>\n<p>Nesta mesma p\u00e1gina, temos a op\u00e7\u00e3o de aceder aos sorteios anteriores, para ver n\u00e3o s\u00f3 as combina\u00e7\u00f5es vencedoras, mas tamb\u00e9m as distribui\u00e7\u00f5es pelas v\u00e1rias categorias.<\/p>\n<p>Na parte superior direita em caixa cinza, indica por meio de sinais de seta as poss\u00edveis dire\u00e7\u00f5es que temos que acessar aos desenhos anteriores. Na caixa com a seta a apontar para a esquerda, clicar em cima leva-nos \u00e0 p\u00e1gina de resultados do sorteio imediatamente anterior.<\/p>\n<p>Atrav\u00e9s da caixa central com a seta a apontar para baixo, abre-se um menu pendente com as datas dos sorteios realizados nos \u00faltimos 2 anos.<\/p>\n","protected":false},"excerpt":{"rendered":"<p>Estes s\u00e3o os \u00faltimos resultados da Loteria do Reino Unido (Lotto UK), o n\u00famero total de jogadores ganhadores e o montante retirado em cada categoria de pr\u00eamio.<\/p>\n","protected":false},"author":2,"featured_media":0,"parent":3855,"menu_order":9,"comment_status":"closed","ping_status":"closed","template":"lotto-uk-results.php","meta":{"_et_pb_use_builder":"","_et_pb_old_content":"","_et_gb_content_width":"","exclude_from_search":false,"footnotes":""},"class_list":["post-3889","page","type-page","status-publish","hentry"],"yoast_head":"<!-- This site is optimized with the Yoast SEO plugin v23.7 - https:\/\/yoast.com\/wordpress\/plugins\/seo\/ -->\n<title>Resultados da Loteria do Reino Unido - LottoHoy.com<\/title>\n<meta name=\"description\" content=\"No LottoToday encontrar\u00e1 a combina\u00e7\u00e3o vencedora de todos os sorteios da Lotto do Reino Unido e a distribui\u00e7\u00e3o de pr\u00e9mios para cada uma das categorias.\" \/>\n<meta name=\"robots\" content=\"index, follow, max-snippet:-1, max-image-preview:large, max-video-preview:-1\" \/>\n<link rel=\"canonical\" href=\"https:\/\/lottohoy.com\/pt-pt\/resultados\/lotto-uk\/\" \/>\n<meta property=\"og:locale\" content=\"pt_PT\" \/>\n<meta property=\"og:type\" content=\"article\" \/>\n<meta property=\"og:title\" content=\"Resultados da Loteria do Reino Unido - LottoHoy.com\" \/>\n<meta property=\"og:description\" content=\"No LottoToday encontrar\u00e1 a combina\u00e7\u00e3o vencedora de todos os sorteios da Lotto do Reino Unido e a distribui\u00e7\u00e3o de pr\u00e9mios para cada uma das categorias.\" \/>\n<meta property=\"og:url\" content=\"https:\/\/lottohoy.com\/pt-pt\/resultados\/lotto-uk\/\" \/>\n<meta property=\"og:site_name\" content=\"Lottohoy\" \/>\n<meta property=\"article:modified_time\" content=\"2025-03-26T04:48:28+00:00\" \/>\n<meta name=\"twitter:card\" content=\"summary_large_image\" \/>\n<meta name=\"twitter:label1\" content=\"Est. reading time\" \/>\n\t<meta name=\"twitter:data1\" content=\"1 minute\" \/>\n<script type=\"application\/ld+json\" class=\"yoast-schema-graph\">{\"@context\":\"https:\/\/schema.org\",\"@graph\":[{\"@type\":\"WebPage\",\"@id\":\"https:\/\/lottohoy.com\/pt-pt\/resultados\/lotto-uk\/\",\"url\":\"https:\/\/lottohoy.com\/pt-pt\/resultados\/lotto-uk\/\",\"name\":\"Resultados da Loteria do Reino Unido - LottoHoy.com\",\"isPartOf\":{\"@id\":\"https:\/\/lottohoy.com\/pt-pt\/#website\"},\"datePublished\":\"2018-05-03T13:23:40+00:00\",\"dateModified\":\"2025-03-26T04:48:28+00:00\",\"description\":\"No LottoToday encontrar\u00e1 a combina\u00e7\u00e3o vencedora de todos os sorteios da Lotto do Reino Unido e a distribui\u00e7\u00e3o de pr\u00e9mios para cada uma das categorias.\",\"breadcrumb\":{\"@id\":\"https:\/\/lottohoy.com\/pt-pt\/resultados\/lotto-uk\/#breadcrumb\"},\"inLanguage\":\"pt-ts\",\"potentialAction\":[{\"@type\":\"ReadAction\",\"target\":[\"https:\/\/lottohoy.com\/pt-pt\/resultados\/lotto-uk\/\"]}]},{\"@type\":\"BreadcrumbList\",\"@id\":\"https:\/\/lottohoy.com\/pt-pt\/resultados\/lotto-uk\/#breadcrumb\",\"itemListElement\":[{\"@type\":\"ListItem\",\"position\":1,\"name\":\"Home\",\"item\":\"https:\/\/lottohoy.com\/pt-pt\/\"},{\"@type\":\"ListItem\",\"position\":2,\"name\":\"Resultados da Lotaria Online\",\"item\":\"https:\/\/lottohoy.com\/pt-pt\/resultados\/\"},{\"@type\":\"ListItem\",\"position\":3,\"name\":\"Resultados Loteria Brit\u00e2nica\"}]},{\"@type\":\"WebSite\",\"@id\":\"https:\/\/lottohoy.com\/pt-pt\/#website\",\"url\":\"https:\/\/lottohoy.com\/pt-pt\/\",\"name\":\"Lottohoy\",\"description\":\"\",\"potentialAction\":[{\"@type\":\"SearchAction\",\"target\":{\"@type\":\"EntryPoint\",\"urlTemplate\":\"https:\/\/lottohoy.com\/pt-pt\/?s={search_term_string}\"},\"query-input\":{\"@type\":\"PropertyValueSpecification\",\"valueRequired\":true,\"valueName\":\"search_term_string\"}}],\"inLanguage\":\"pt-ts\"}]}<\/script>\n<!-- \/ Yoast SEO plugin. -->","yoast_head_json":{"title":"Resultados da Loteria do Reino Unido - LottoHoy.com","description":"No LottoToday encontrar\u00e1 a combina\u00e7\u00e3o vencedora de todos os sorteios da Lotto do Reino Unido e a distribui\u00e7\u00e3o de pr\u00e9mios para cada uma das categorias.","robots":{"index":"index","follow":"follow","max-snippet":"max-snippet:-1","max-image-preview":"max-image-preview:large","max-video-preview":"max-video-preview:-1"},"canonical":"https:\/\/lottohoy.com\/pt-pt\/resultados\/lotto-uk\/","og_locale":"pt_PT","og_type":"article","og_title":"Resultados da Loteria do Reino Unido - LottoHoy.com","og_description":"No LottoToday encontrar\u00e1 a combina\u00e7\u00e3o vencedora de todos os sorteios da Lotto do Reino Unido e a distribui\u00e7\u00e3o de pr\u00e9mios para cada uma das categorias.","og_url":"https:\/\/lottohoy.com\/pt-pt\/resultados\/lotto-uk\/","og_site_name":"Lottohoy","article_modified_time":"2025-03-26T04:48:28+00:00","twitter_card":"summary_large_image","twitter_misc":{"Est. reading time":"1 minute"},"schema":{"@context":"https:\/\/schema.org","@graph":[{"@type":"WebPage","@id":"https:\/\/lottohoy.com\/pt-pt\/resultados\/lotto-uk\/","url":"https:\/\/lottohoy.com\/pt-pt\/resultados\/lotto-uk\/","name":"Resultados da Loteria do Reino Unido - LottoHoy.com","isPartOf":{"@id":"https:\/\/lottohoy.com\/pt-pt\/#website"},"datePublished":"2018-05-03T13:23:40+00:00","dateModified":"2025-03-26T04:48:28+00:00","description":"No LottoToday encontrar\u00e1 a combina\u00e7\u00e3o vencedora de todos os sorteios da Lotto do Reino Unido e a distribui\u00e7\u00e3o de pr\u00e9mios para cada uma das categorias.","breadcrumb":{"@id":"https:\/\/lottohoy.com\/pt-pt\/resultados\/lotto-uk\/#breadcrumb"},"inLanguage":"pt-ts","potentialAction":[{"@type":"ReadAction","target":["https:\/\/lottohoy.com\/pt-pt\/resultados\/lotto-uk\/"]}]},{"@type":"BreadcrumbList","@id":"https:\/\/lottohoy.com\/pt-pt\/resultados\/lotto-uk\/#breadcrumb","itemListElement":[{"@type":"ListItem","position":1,"name":"Home","item":"https:\/\/lottohoy.com\/pt-pt\/"},{"@type":"ListItem","position":2,"name":"Resultados da Lotaria Online","item":"https:\/\/lottohoy.com\/pt-pt\/resultados\/"},{"@type":"ListItem","position":3,"name":"Resultados Loteria Brit\u00e2nica"}]},{"@type":"WebSite","@id":"https:\/\/lottohoy.com\/pt-pt\/#website","url":"https:\/\/lottohoy.com\/pt-pt\/","name":"Lottohoy","description":"","potentialAction":[{"@type":"SearchAction","target":{"@type":"EntryPoint","urlTemplate":"https:\/\/lottohoy.com\/pt-pt\/?s={search_term_string}"},"query-input":{"@type":"PropertyValueSpecification","valueRequired":true,"valueName":"search_term_string"}}],"inLanguage":"pt-ts"}]}},"_links":{"self":[{"href":"https:\/\/lottohoy.com\/pt-pt\/wp-json\/wp\/v2\/pages\/3889","targetHints":{"allow":["GET"]}}],"collection":[{"href":"https:\/\/lottohoy.com\/pt-pt\/wp-json\/wp\/v2\/pages"}],"about":[{"href":"https:\/\/lottohoy.com\/pt-pt\/wp-json\/wp\/v2\/types\/page"}],"author":[{"embeddable":true,"href":"https:\/\/lottohoy.com\/pt-pt\/wp-json\/wp\/v2\/users\/2"}],"replies":[{"embeddable":true,"href":"https:\/\/lottohoy.com\/pt-pt\/wp-json\/wp\/v2\/comments?post=3889"}],"version-history":[{"count":1,"href":"https:\/\/lottohoy.com\/pt-pt\/wp-json\/wp\/v2\/pages\/3889\/revisions"}],"predecessor-version":[{"id":10489,"href":"https:\/\/lottohoy.com\/pt-pt\/wp-json\/wp\/v2\/pages\/3889\/revisions\/10489"}],"up":[{"embeddable":true,"href":"https:\/\/lottohoy.com\/pt-pt\/wp-json\/wp\/v2\/pages\/3855"}],"wp:attachment":[{"href":"https:\/\/lottohoy.com\/pt-pt\/wp-json\/wp\/v2\/media?parent=3889"}],"curies":[{"name":"wp","href":"https:\/\/api.w.org\/{rel}","templated":true}]}}