{"id":3886,"date":"2018-05-03T14:23:39","date_gmt":"2018-05-03T13:23:39","guid":{"rendered":"https:\/\/www.lottohoy.com\/?page_id=3886"},"modified":"2025-03-26T04:27:45","modified_gmt":"2025-03-26T04:27:45","slug":"superenalotto","status":"publish","type":"page","link":"https:\/\/lottohoy.com\/pt-pt\/resultados\/superenalotto\/","title":{"rendered":"Resultados Loteria SuperEnalotto"},"content":{"rendered":"<p><!--more--><\/p>\n<h2><strong>Resultados Superenalotto It\u00e1lia<\/strong><\/h2>\n<p>Esta p\u00e1gina mostra a combina\u00e7\u00e3o vencedora do \u00faltimo <strong>sorteio da Superenalotto<\/strong> e a distribui\u00e7\u00e3o oficial de pr\u00eamios para cada uma das categorias de pr\u00eamios. Lembre-se de que os pr\u00eamios s\u00e3o depositados na sua conta de jogador automaticamente e voc\u00ea pode <a href=\"https:\/\/lottohoy.com\/pt-pt\/jogar\/superenalotto\/\"><strong><span style=\"color: #993366;\">jogar Superenalotto<\/span><\/strong><\/a> a qualquer momento.<\/p>\n<h2><strong>Sorteios anteriores da Superenalotto<\/strong><\/h2>\n<p>Nesta mesma p\u00e1gina, temos a op\u00e7\u00e3o de acessar os sorteios anteriores, que podem servir de guia para estat\u00edsticas e combina\u00e7\u00f5es futuras de apostas. Al\u00e9m disso, permite-lhe ver n\u00e3o s\u00f3 as combina\u00e7\u00f5es vencedoras, mas tamb\u00e9m a distribui\u00e7\u00e3o de pr\u00e9mios pelas v\u00e1rias categorias.<\/p>\n<p>No canto superior direito, numa caixa cinzenta, encontramos a fun\u00e7\u00e3o calend\u00e1rio, e podemos aceder tanto ao resultado imediatamente anterior como seleccionar de uma lista a data espec\u00edfica que queremos consultar, dos \u00faltimos 2 anos.<\/p>\n","protected":false},"excerpt":{"rendered":"","protected":false},"author":2,"featured_media":0,"parent":3855,"menu_order":5,"comment_status":"closed","ping_status":"closed","template":"superenalotto-results.php","meta":{"_et_pb_use_builder":"","_et_pb_old_content":"","_et_gb_content_width":"","exclude_from_search":false,"footnotes":""},"class_list":["post-3886","page","type-page","status-publish","hentry"],"yoast_head":"<!-- This site is optimized with the Yoast SEO plugin v23.7 - https:\/\/yoast.com\/wordpress\/plugins\/seo\/ -->\n<title>Resultados Loteria SuperEnalotto - Lottohoy<\/title>\n<meta name=\"description\" content=\"Na LottoHoy mostramos a combina\u00e7\u00e3o vencedora do \u00faltimo sorteio da Superenalotto (e todos os anteriores), bem como a distribui\u00e7\u00e3o oficial dos pr\u00eamios.\" \/>\n<meta name=\"robots\" content=\"index, follow, max-snippet:-1, max-image-preview:large, max-video-preview:-1\" \/>\n<link rel=\"canonical\" href=\"https:\/\/lottohoy.com\/pt-pt\/resultados\/superenalotto\/\" \/>\n<meta property=\"og:locale\" content=\"pt_PT\" \/>\n<meta property=\"og:type\" content=\"article\" \/>\n<meta property=\"og:title\" content=\"Resultados Loteria SuperEnalotto - Lottohoy\" \/>\n<meta property=\"og:description\" content=\"Na LottoHoy mostramos a combina\u00e7\u00e3o vencedora do \u00faltimo sorteio da Superenalotto (e todos os anteriores), bem como a distribui\u00e7\u00e3o oficial dos pr\u00eamios.\" \/>\n<meta property=\"og:url\" content=\"https:\/\/lottohoy.com\/pt-pt\/resultados\/superenalotto\/\" \/>\n<meta property=\"og:site_name\" content=\"Lottohoy\" \/>\n<meta property=\"article:modified_time\" content=\"2025-03-26T04:27:45+00:00\" \/>\n<meta name=\"twitter:card\" content=\"summary_large_image\" \/>\n<meta name=\"twitter:label1\" content=\"Est. reading time\" \/>\n\t<meta name=\"twitter:data1\" content=\"1 minute\" \/>\n<script type=\"application\/ld+json\" class=\"yoast-schema-graph\">{\"@context\":\"https:\/\/schema.org\",\"@graph\":[{\"@type\":\"WebPage\",\"@id\":\"https:\/\/lottohoy.com\/pt-pt\/resultados\/superenalotto\/\",\"url\":\"https:\/\/lottohoy.com\/pt-pt\/resultados\/superenalotto\/\",\"name\":\"Resultados Loteria SuperEnalotto - Lottohoy\",\"isPartOf\":{\"@id\":\"https:\/\/lottohoy.com\/pt-pt\/#website\"},\"datePublished\":\"2018-05-03T13:23:39+00:00\",\"dateModified\":\"2025-03-26T04:27:45+00:00\",\"description\":\"Na LottoHoy mostramos a combina\u00e7\u00e3o vencedora do \u00faltimo sorteio da Superenalotto (e todos os anteriores), bem como a distribui\u00e7\u00e3o oficial dos pr\u00eamios.\",\"breadcrumb\":{\"@id\":\"https:\/\/lottohoy.com\/pt-pt\/resultados\/superenalotto\/#breadcrumb\"},\"inLanguage\":\"pt-ts\",\"potentialAction\":[{\"@type\":\"ReadAction\",\"target\":[\"https:\/\/lottohoy.com\/pt-pt\/resultados\/superenalotto\/\"]}]},{\"@type\":\"BreadcrumbList\",\"@id\":\"https:\/\/lottohoy.com\/pt-pt\/resultados\/superenalotto\/#breadcrumb\",\"itemListElement\":[{\"@type\":\"ListItem\",\"position\":1,\"name\":\"Home\",\"item\":\"https:\/\/lottohoy.com\/pt-pt\/\"},{\"@type\":\"ListItem\",\"position\":2,\"name\":\"Resultados da Lotaria Online\",\"item\":\"https:\/\/lottohoy.com\/pt-pt\/resultados\/\"},{\"@type\":\"ListItem\",\"position\":3,\"name\":\"Resultados Loteria SuperEnalotto\"}]},{\"@type\":\"WebSite\",\"@id\":\"https:\/\/lottohoy.com\/pt-pt\/#website\",\"url\":\"https:\/\/lottohoy.com\/pt-pt\/\",\"name\":\"Lottohoy\",\"description\":\"\",\"potentialAction\":[{\"@type\":\"SearchAction\",\"target\":{\"@type\":\"EntryPoint\",\"urlTemplate\":\"https:\/\/lottohoy.com\/pt-pt\/?s={search_term_string}\"},\"query-input\":{\"@type\":\"PropertyValueSpecification\",\"valueRequired\":true,\"valueName\":\"search_term_string\"}}],\"inLanguage\":\"pt-ts\"}]}<\/script>\n<!-- \/ Yoast SEO plugin. -->","yoast_head_json":{"title":"Resultados Loteria SuperEnalotto - Lottohoy","description":"Na LottoHoy mostramos a combina\u00e7\u00e3o vencedora do \u00faltimo sorteio da Superenalotto (e todos os anteriores), bem como a distribui\u00e7\u00e3o oficial dos pr\u00eamios.","robots":{"index":"index","follow":"follow","max-snippet":"max-snippet:-1","max-image-preview":"max-image-preview:large","max-video-preview":"max-video-preview:-1"},"canonical":"https:\/\/lottohoy.com\/pt-pt\/resultados\/superenalotto\/","og_locale":"pt_PT","og_type":"article","og_title":"Resultados Loteria SuperEnalotto - Lottohoy","og_description":"Na LottoHoy mostramos a combina\u00e7\u00e3o vencedora do \u00faltimo sorteio da Superenalotto (e todos os anteriores), bem como a distribui\u00e7\u00e3o oficial dos pr\u00eamios.","og_url":"https:\/\/lottohoy.com\/pt-pt\/resultados\/superenalotto\/","og_site_name":"Lottohoy","article_modified_time":"2025-03-26T04:27:45+00:00","twitter_card":"summary_large_image","twitter_misc":{"Est. reading time":"1 minute"},"schema":{"@context":"https:\/\/schema.org","@graph":[{"@type":"WebPage","@id":"https:\/\/lottohoy.com\/pt-pt\/resultados\/superenalotto\/","url":"https:\/\/lottohoy.com\/pt-pt\/resultados\/superenalotto\/","name":"Resultados Loteria SuperEnalotto - Lottohoy","isPartOf":{"@id":"https:\/\/lottohoy.com\/pt-pt\/#website"},"datePublished":"2018-05-03T13:23:39+00:00","dateModified":"2025-03-26T04:27:45+00:00","description":"Na LottoHoy mostramos a combina\u00e7\u00e3o vencedora do \u00faltimo sorteio da Superenalotto (e todos os anteriores), bem como a distribui\u00e7\u00e3o oficial dos pr\u00eamios.","breadcrumb":{"@id":"https:\/\/lottohoy.com\/pt-pt\/resultados\/superenalotto\/#breadcrumb"},"inLanguage":"pt-ts","potentialAction":[{"@type":"ReadAction","target":["https:\/\/lottohoy.com\/pt-pt\/resultados\/superenalotto\/"]}]},{"@type":"BreadcrumbList","@id":"https:\/\/lottohoy.com\/pt-pt\/resultados\/superenalotto\/#breadcrumb","itemListElement":[{"@type":"ListItem","position":1,"name":"Home","item":"https:\/\/lottohoy.com\/pt-pt\/"},{"@type":"ListItem","position":2,"name":"Resultados da Lotaria Online","item":"https:\/\/lottohoy.com\/pt-pt\/resultados\/"},{"@type":"ListItem","position":3,"name":"Resultados Loteria SuperEnalotto"}]},{"@type":"WebSite","@id":"https:\/\/lottohoy.com\/pt-pt\/#website","url":"https:\/\/lottohoy.com\/pt-pt\/","name":"Lottohoy","description":"","potentialAction":[{"@type":"SearchAction","target":{"@type":"EntryPoint","urlTemplate":"https:\/\/lottohoy.com\/pt-pt\/?s={search_term_string}"},"query-input":{"@type":"PropertyValueSpecification","valueRequired":true,"valueName":"search_term_string"}}],"inLanguage":"pt-ts"}]}},"_links":{"self":[{"href":"https:\/\/lottohoy.com\/pt-pt\/wp-json\/wp\/v2\/pages\/3886","targetHints":{"allow":["GET"]}}],"collection":[{"href":"https:\/\/lottohoy.com\/pt-pt\/wp-json\/wp\/v2\/pages"}],"about":[{"href":"https:\/\/lottohoy.com\/pt-pt\/wp-json\/wp\/v2\/types\/page"}],"author":[{"embeddable":true,"href":"https:\/\/lottohoy.com\/pt-pt\/wp-json\/wp\/v2\/users\/2"}],"replies":[{"embeddable":true,"href":"https:\/\/lottohoy.com\/pt-pt\/wp-json\/wp\/v2\/comments?post=3886"}],"version-history":[{"count":2,"href":"https:\/\/lottohoy.com\/pt-pt\/wp-json\/wp\/v2\/pages\/3886\/revisions"}],"predecessor-version":[{"id":16946,"href":"https:\/\/lottohoy.com\/pt-pt\/wp-json\/wp\/v2\/pages\/3886\/revisions\/16946"}],"up":[{"embeddable":true,"href":"https:\/\/lottohoy.com\/pt-pt\/wp-json\/wp\/v2\/pages\/3855"}],"wp:attachment":[{"href":"https:\/\/lottohoy.com\/pt-pt\/wp-json\/wp\/v2\/media?parent=3886"}],"curies":[{"name":"wp","href":"https:\/\/api.w.org\/{rel}","templated":true}]}}