{"id":3884,"date":"2018-08-23T10:31:30","date_gmt":"2018-08-23T09:31:30","guid":{"rendered":"https:\/\/www.lottohoy.com\/?page_id=3884"},"modified":"2025-03-26T06:16:50","modified_gmt":"2025-03-26T06:16:50","slug":"saturday-lotto-au","status":"publish","type":"page","link":"https:\/\/lottohoy.com\/pt-pt\/resultados\/saturday-lotto-au\/","title":{"rendered":"Resultados Saturday Lotto"},"content":{"rendered":"<p>Nesta p\u00e1gina voc\u00ea encontrar\u00e1 um detalhamento detalhado dos resultados dos sorteios da Saturday Lotto, bem como o jackpot estimado (pendente de an\u00e1lise final) para o sorteio realizado e outras informa\u00e7\u00f5es de interesse.<\/p>\n<p><!--more--><\/p>\n<h2><strong>Resultados da Loteria do Saturday Lotto Hoje<\/strong><\/h2>\n<p>Nesta tela voc\u00ea pode ver uma tabela mostrando os resultados do \u00faltimo sorteio realizado e a distribui\u00e7\u00e3o de pr\u00eamios para cada uma das categorias. O n\u00famero estimado de vencedores por categoria e o valor a distribuir entre todos eles.<\/p>\n<h2><strong>Todos os resultados da Saturday Lotto<\/strong><\/h2>\n<p>Al\u00e9m dos resultados mostrados na caixa para este \u00faltimo sorteio, tamb\u00e9m nesta p\u00e1gina voc\u00ea pode acessar para ver os resultados de todos os sorteios anteriores realizados, at\u00e9 uma antiguidade de 6 anos.<\/p>\n<p>\u00c0 direita da combina\u00e7\u00e3o vencedora, h\u00e1 algumas caixas cinzentas com setas que permitem que voc\u00ea fa\u00e7a um tour pelas datas dos sorteios anteriores.<\/p>\n","protected":false},"excerpt":{"rendered":"<p>Nesta p\u00e1gina voc\u00ea encontrar\u00e1 um detalhamento detalhado dos resultados dos sorteios da Saturday Lotto, bem como o jackpot estimado (pendente de an\u00e1lise final) para o sorteio realizado e outras informa\u00e7\u00f5es de interesse.<\/p>\n","protected":false},"author":2,"featured_media":0,"parent":3855,"menu_order":19,"comment_status":"closed","ping_status":"closed","template":"saturday-lotto-results.php","meta":{"_et_pb_use_builder":"","_et_pb_old_content":"","_et_gb_content_width":"","exclude_from_search":false,"footnotes":""},"class_list":["post-3884","page","type-page","status-publish","hentry"],"yoast_head":"<!-- This site is optimized with the Yoast SEO plugin v23.7 - https:\/\/yoast.com\/wordpress\/plugins\/seo\/ -->\n<title>Resultados da Mon &amp; Wed Lotto, atualizados no momento.<\/title>\n<meta name=\"description\" content=\"Esta p\u00e1gina fornece uma descri\u00e7\u00e3o detalhada dos resultados da Mon &amp; Wed Lotto Austr\u00e1lia.\" \/>\n<meta name=\"robots\" content=\"index, follow, max-snippet:-1, max-image-preview:large, max-video-preview:-1\" \/>\n<link rel=\"canonical\" href=\"https:\/\/lottohoy.com\/pt-pt\/resultados\/saturday-lotto-au\/\" \/>\n<meta property=\"og:locale\" content=\"pt_PT\" \/>\n<meta property=\"og:type\" content=\"article\" \/>\n<meta property=\"og:title\" content=\"Resultados da Mon &amp; Wed Lotto, atualizados no momento.\" \/>\n<meta property=\"og:description\" content=\"Esta p\u00e1gina fornece uma descri\u00e7\u00e3o detalhada dos resultados da Mon &amp; Wed Lotto Austr\u00e1lia.\" \/>\n<meta property=\"og:url\" content=\"https:\/\/lottohoy.com\/pt-pt\/resultados\/saturday-lotto-au\/\" \/>\n<meta property=\"og:site_name\" content=\"Lottohoy\" \/>\n<meta property=\"article:modified_time\" content=\"2025-03-26T06:16:50+00:00\" \/>\n<meta name=\"twitter:card\" content=\"summary_large_image\" \/>\n<meta name=\"twitter:label1\" content=\"Est. reading time\" \/>\n\t<meta name=\"twitter:data1\" content=\"1 minute\" \/>\n<script type=\"application\/ld+json\" class=\"yoast-schema-graph\">{\"@context\":\"https:\/\/schema.org\",\"@graph\":[{\"@type\":\"WebPage\",\"@id\":\"https:\/\/lottohoy.com\/pt-pt\/resultados\/saturday-lotto-au\/\",\"url\":\"https:\/\/lottohoy.com\/pt-pt\/resultados\/saturday-lotto-au\/\",\"name\":\"Resultados da Mon & Wed Lotto, atualizados no momento.\",\"isPartOf\":{\"@id\":\"https:\/\/lottohoy.com\/pt-pt\/#website\"},\"datePublished\":\"2018-08-23T09:31:30+00:00\",\"dateModified\":\"2025-03-26T06:16:50+00:00\",\"description\":\"Esta p\u00e1gina fornece uma descri\u00e7\u00e3o detalhada dos resultados da Mon & Wed Lotto Austr\u00e1lia.\",\"breadcrumb\":{\"@id\":\"https:\/\/lottohoy.com\/pt-pt\/resultados\/saturday-lotto-au\/#breadcrumb\"},\"inLanguage\":\"pt-ts\",\"potentialAction\":[{\"@type\":\"ReadAction\",\"target\":[\"https:\/\/lottohoy.com\/pt-pt\/resultados\/saturday-lotto-au\/\"]}]},{\"@type\":\"BreadcrumbList\",\"@id\":\"https:\/\/lottohoy.com\/pt-pt\/resultados\/saturday-lotto-au\/#breadcrumb\",\"itemListElement\":[{\"@type\":\"ListItem\",\"position\":1,\"name\":\"Home\",\"item\":\"https:\/\/lottohoy.com\/pt-pt\/\"},{\"@type\":\"ListItem\",\"position\":2,\"name\":\"Resultados da Lotaria Online\",\"item\":\"https:\/\/lottohoy.com\/pt-pt\/resultados\/\"},{\"@type\":\"ListItem\",\"position\":3,\"name\":\"Resultados Saturday Lotto\"}]},{\"@type\":\"WebSite\",\"@id\":\"https:\/\/lottohoy.com\/pt-pt\/#website\",\"url\":\"https:\/\/lottohoy.com\/pt-pt\/\",\"name\":\"Lottohoy\",\"description\":\"\",\"potentialAction\":[{\"@type\":\"SearchAction\",\"target\":{\"@type\":\"EntryPoint\",\"urlTemplate\":\"https:\/\/lottohoy.com\/pt-pt\/?s={search_term_string}\"},\"query-input\":{\"@type\":\"PropertyValueSpecification\",\"valueRequired\":true,\"valueName\":\"search_term_string\"}}],\"inLanguage\":\"pt-ts\"}]}<\/script>\n<!-- \/ Yoast SEO plugin. -->","yoast_head_json":{"title":"Resultados da Mon & Wed Lotto, atualizados no momento.","description":"Esta p\u00e1gina fornece uma descri\u00e7\u00e3o detalhada dos resultados da Mon & Wed Lotto Austr\u00e1lia.","robots":{"index":"index","follow":"follow","max-snippet":"max-snippet:-1","max-image-preview":"max-image-preview:large","max-video-preview":"max-video-preview:-1"},"canonical":"https:\/\/lottohoy.com\/pt-pt\/resultados\/saturday-lotto-au\/","og_locale":"pt_PT","og_type":"article","og_title":"Resultados da Mon & Wed Lotto, atualizados no momento.","og_description":"Esta p\u00e1gina fornece uma descri\u00e7\u00e3o detalhada dos resultados da Mon & Wed Lotto Austr\u00e1lia.","og_url":"https:\/\/lottohoy.com\/pt-pt\/resultados\/saturday-lotto-au\/","og_site_name":"Lottohoy","article_modified_time":"2025-03-26T06:16:50+00:00","twitter_card":"summary_large_image","twitter_misc":{"Est. reading time":"1 minute"},"schema":{"@context":"https:\/\/schema.org","@graph":[{"@type":"WebPage","@id":"https:\/\/lottohoy.com\/pt-pt\/resultados\/saturday-lotto-au\/","url":"https:\/\/lottohoy.com\/pt-pt\/resultados\/saturday-lotto-au\/","name":"Resultados da Mon & Wed Lotto, atualizados no momento.","isPartOf":{"@id":"https:\/\/lottohoy.com\/pt-pt\/#website"},"datePublished":"2018-08-23T09:31:30+00:00","dateModified":"2025-03-26T06:16:50+00:00","description":"Esta p\u00e1gina fornece uma descri\u00e7\u00e3o detalhada dos resultados da Mon & Wed Lotto Austr\u00e1lia.","breadcrumb":{"@id":"https:\/\/lottohoy.com\/pt-pt\/resultados\/saturday-lotto-au\/#breadcrumb"},"inLanguage":"pt-ts","potentialAction":[{"@type":"ReadAction","target":["https:\/\/lottohoy.com\/pt-pt\/resultados\/saturday-lotto-au\/"]}]},{"@type":"BreadcrumbList","@id":"https:\/\/lottohoy.com\/pt-pt\/resultados\/saturday-lotto-au\/#breadcrumb","itemListElement":[{"@type":"ListItem","position":1,"name":"Home","item":"https:\/\/lottohoy.com\/pt-pt\/"},{"@type":"ListItem","position":2,"name":"Resultados da Lotaria Online","item":"https:\/\/lottohoy.com\/pt-pt\/resultados\/"},{"@type":"ListItem","position":3,"name":"Resultados Saturday Lotto"}]},{"@type":"WebSite","@id":"https:\/\/lottohoy.com\/pt-pt\/#website","url":"https:\/\/lottohoy.com\/pt-pt\/","name":"Lottohoy","description":"","potentialAction":[{"@type":"SearchAction","target":{"@type":"EntryPoint","urlTemplate":"https:\/\/lottohoy.com\/pt-pt\/?s={search_term_string}"},"query-input":{"@type":"PropertyValueSpecification","valueRequired":true,"valueName":"search_term_string"}}],"inLanguage":"pt-ts"}]}},"_links":{"self":[{"href":"https:\/\/lottohoy.com\/pt-pt\/wp-json\/wp\/v2\/pages\/3884","targetHints":{"allow":["GET"]}}],"collection":[{"href":"https:\/\/lottohoy.com\/pt-pt\/wp-json\/wp\/v2\/pages"}],"about":[{"href":"https:\/\/lottohoy.com\/pt-pt\/wp-json\/wp\/v2\/types\/page"}],"author":[{"embeddable":true,"href":"https:\/\/lottohoy.com\/pt-pt\/wp-json\/wp\/v2\/users\/2"}],"replies":[{"embeddable":true,"href":"https:\/\/lottohoy.com\/pt-pt\/wp-json\/wp\/v2\/comments?post=3884"}],"version-history":[{"count":1,"href":"https:\/\/lottohoy.com\/pt-pt\/wp-json\/wp\/v2\/pages\/3884\/revisions"}],"predecessor-version":[{"id":10902,"href":"https:\/\/lottohoy.com\/pt-pt\/wp-json\/wp\/v2\/pages\/3884\/revisions\/10902"}],"up":[{"embeddable":true,"href":"https:\/\/lottohoy.com\/pt-pt\/wp-json\/wp\/v2\/pages\/3855"}],"wp:attachment":[{"href":"https:\/\/lottohoy.com\/pt-pt\/wp-json\/wp\/v2\/media?parent=3884"}],"curies":[{"name":"wp","href":"https:\/\/api.w.org\/{rel}","templated":true}]}}