{"id":3882,"date":"2018-08-22T10:28:14","date_gmt":"2018-08-22T09:28:14","guid":{"rendered":"https:\/\/www.lottohoy.com\/?page_id=3882"},"modified":"2025-03-26T06:08:41","modified_gmt":"2025-03-26T06:08:41","slug":"powerball-au","status":"publish","type":"page","link":"https:\/\/lottohoy.com\/pt-pt\/resultados\/powerball-au\/","title":{"rendered":"Resultados Powerball AU"},"content":{"rendered":"<p>Esta p\u00e1gina mostra uma discrimina\u00e7\u00e3o detalhada dos resultados dos sorteios da loteria PowerBall AU, o jackpot estimado para o sorteio realizado e outros dados de interesse.<\/p>\n<p><!--more--><\/p>\n<h2><strong>Resultados do PowerBall AU de hoje<\/strong><\/h2>\n<p>A caixa mostra os resultados do \u00faltimo sorteio e a distribui\u00e7\u00e3o de pr\u00eamios para cada categoria.<\/p>\n<p>Tamb\u00e9m o n\u00famero estimado de vencedores por categoria e o montante a ser distribu\u00eddo entre eles, tendo em conta que as categorias inferiores n\u00e3o t\u00eam um montante fixo atribu\u00eddo.<\/p>\n<h2><strong>Todos os resultados da PowerBall AU<\/strong><\/h2>\n<p>Al\u00e9m dos resultados mostrados na caixa deste \u00faltimo sorteio, voc\u00ea tamb\u00e9m pode acessar esta p\u00e1gina para ver os resultados de todos os sorteios anteriores realizados desde a \u00faltima atualiza\u00e7\u00e3o em 19 de abril de 2018.<\/p>\n<p>\u00c0 direita da combina\u00e7\u00e3o vencedora mostrada neste \u00faltimo sorteio, h\u00e1 caixas cinzentas com setas de direc\u00e7\u00e3o que lhe permitem passar pelas datas dos sorteios anteriores.<\/p>\n","protected":false},"excerpt":{"rendered":"<p>Esta p\u00e1gina mostra uma discrimina\u00e7\u00e3o detalhada dos resultados dos sorteios da loteria PowerBall AU, o jackpot estimado para o sorteio realizado e outros dados de interesse.<\/p>\n","protected":false},"author":2,"featured_media":0,"parent":3855,"menu_order":17,"comment_status":"closed","ping_status":"closed","template":"powerball-au-results.php","meta":{"_et_pb_use_builder":"","_et_pb_old_content":"","_et_gb_content_width":"","exclude_from_search":false,"footnotes":""},"class_list":["post-3882","page","type-page","status-publish","hentry"],"yoast_head":"<!-- This site is optimized with the Yoast SEO plugin v23.7 - https:\/\/yoast.com\/wordpress\/plugins\/seo\/ -->\n<title>Resultados PowerBall AU, reparti\u00e7\u00e3o completa dos pr\u00e9mios<\/title>\n<meta name=\"description\" content=\"Esta p\u00e1gina mostra um detalhamento detalhado dos resultados do sorteio da loteria PowerBall AU, o jackpot estimado para o sorteio e outros dados.\" \/>\n<meta name=\"robots\" content=\"index, follow, max-snippet:-1, max-image-preview:large, max-video-preview:-1\" \/>\n<link rel=\"canonical\" href=\"https:\/\/lottohoy.com\/pt-pt\/resultados\/powerball-au\/\" \/>\n<meta property=\"og:locale\" content=\"pt_PT\" \/>\n<meta property=\"og:type\" content=\"article\" \/>\n<meta property=\"og:title\" content=\"Resultados PowerBall AU, reparti\u00e7\u00e3o completa dos pr\u00e9mios\" \/>\n<meta property=\"og:description\" content=\"Esta p\u00e1gina mostra um detalhamento detalhado dos resultados do sorteio da loteria PowerBall AU, o jackpot estimado para o sorteio e outros dados.\" \/>\n<meta property=\"og:url\" content=\"https:\/\/lottohoy.com\/pt-pt\/resultados\/powerball-au\/\" \/>\n<meta property=\"og:site_name\" content=\"Lottohoy\" \/>\n<meta property=\"article:modified_time\" content=\"2025-03-26T06:08:41+00:00\" \/>\n<meta name=\"twitter:card\" content=\"summary_large_image\" \/>\n<meta name=\"twitter:label1\" content=\"Est. reading time\" \/>\n\t<meta name=\"twitter:data1\" content=\"1 minute\" \/>\n<script type=\"application\/ld+json\" class=\"yoast-schema-graph\">{\"@context\":\"https:\/\/schema.org\",\"@graph\":[{\"@type\":\"WebPage\",\"@id\":\"https:\/\/lottohoy.com\/pt-pt\/resultados\/powerball-au\/\",\"url\":\"https:\/\/lottohoy.com\/pt-pt\/resultados\/powerball-au\/\",\"name\":\"Resultados PowerBall AU, reparti\u00e7\u00e3o completa dos pr\u00e9mios\",\"isPartOf\":{\"@id\":\"https:\/\/lottohoy.com\/pt-pt\/#website\"},\"datePublished\":\"2018-08-22T09:28:14+00:00\",\"dateModified\":\"2025-03-26T06:08:41+00:00\",\"description\":\"Esta p\u00e1gina mostra um detalhamento detalhado dos resultados do sorteio da loteria PowerBall AU, o jackpot estimado para o sorteio e outros dados.\",\"breadcrumb\":{\"@id\":\"https:\/\/lottohoy.com\/pt-pt\/resultados\/powerball-au\/#breadcrumb\"},\"inLanguage\":\"pt-ts\",\"potentialAction\":[{\"@type\":\"ReadAction\",\"target\":[\"https:\/\/lottohoy.com\/pt-pt\/resultados\/powerball-au\/\"]}]},{\"@type\":\"BreadcrumbList\",\"@id\":\"https:\/\/lottohoy.com\/pt-pt\/resultados\/powerball-au\/#breadcrumb\",\"itemListElement\":[{\"@type\":\"ListItem\",\"position\":1,\"name\":\"Home\",\"item\":\"https:\/\/lottohoy.com\/pt-pt\/\"},{\"@type\":\"ListItem\",\"position\":2,\"name\":\"Resultados da Lotaria Online\",\"item\":\"https:\/\/lottohoy.com\/pt-pt\/resultados\/\"},{\"@type\":\"ListItem\",\"position\":3,\"name\":\"Resultados Powerball AU\"}]},{\"@type\":\"WebSite\",\"@id\":\"https:\/\/lottohoy.com\/pt-pt\/#website\",\"url\":\"https:\/\/lottohoy.com\/pt-pt\/\",\"name\":\"Lottohoy\",\"description\":\"\",\"potentialAction\":[{\"@type\":\"SearchAction\",\"target\":{\"@type\":\"EntryPoint\",\"urlTemplate\":\"https:\/\/lottohoy.com\/pt-pt\/?s={search_term_string}\"},\"query-input\":{\"@type\":\"PropertyValueSpecification\",\"valueRequired\":true,\"valueName\":\"search_term_string\"}}],\"inLanguage\":\"pt-ts\"}]}<\/script>\n<!-- \/ Yoast SEO plugin. -->","yoast_head_json":{"title":"Resultados PowerBall AU, reparti\u00e7\u00e3o completa dos pr\u00e9mios","description":"Esta p\u00e1gina mostra um detalhamento detalhado dos resultados do sorteio da loteria PowerBall AU, o jackpot estimado para o sorteio e outros dados.","robots":{"index":"index","follow":"follow","max-snippet":"max-snippet:-1","max-image-preview":"max-image-preview:large","max-video-preview":"max-video-preview:-1"},"canonical":"https:\/\/lottohoy.com\/pt-pt\/resultados\/powerball-au\/","og_locale":"pt_PT","og_type":"article","og_title":"Resultados PowerBall AU, reparti\u00e7\u00e3o completa dos pr\u00e9mios","og_description":"Esta p\u00e1gina mostra um detalhamento detalhado dos resultados do sorteio da loteria PowerBall AU, o jackpot estimado para o sorteio e outros dados.","og_url":"https:\/\/lottohoy.com\/pt-pt\/resultados\/powerball-au\/","og_site_name":"Lottohoy","article_modified_time":"2025-03-26T06:08:41+00:00","twitter_card":"summary_large_image","twitter_misc":{"Est. reading time":"1 minute"},"schema":{"@context":"https:\/\/schema.org","@graph":[{"@type":"WebPage","@id":"https:\/\/lottohoy.com\/pt-pt\/resultados\/powerball-au\/","url":"https:\/\/lottohoy.com\/pt-pt\/resultados\/powerball-au\/","name":"Resultados PowerBall AU, reparti\u00e7\u00e3o completa dos pr\u00e9mios","isPartOf":{"@id":"https:\/\/lottohoy.com\/pt-pt\/#website"},"datePublished":"2018-08-22T09:28:14+00:00","dateModified":"2025-03-26T06:08:41+00:00","description":"Esta p\u00e1gina mostra um detalhamento detalhado dos resultados do sorteio da loteria PowerBall AU, o jackpot estimado para o sorteio e outros dados.","breadcrumb":{"@id":"https:\/\/lottohoy.com\/pt-pt\/resultados\/powerball-au\/#breadcrumb"},"inLanguage":"pt-ts","potentialAction":[{"@type":"ReadAction","target":["https:\/\/lottohoy.com\/pt-pt\/resultados\/powerball-au\/"]}]},{"@type":"BreadcrumbList","@id":"https:\/\/lottohoy.com\/pt-pt\/resultados\/powerball-au\/#breadcrumb","itemListElement":[{"@type":"ListItem","position":1,"name":"Home","item":"https:\/\/lottohoy.com\/pt-pt\/"},{"@type":"ListItem","position":2,"name":"Resultados da Lotaria Online","item":"https:\/\/lottohoy.com\/pt-pt\/resultados\/"},{"@type":"ListItem","position":3,"name":"Resultados Powerball AU"}]},{"@type":"WebSite","@id":"https:\/\/lottohoy.com\/pt-pt\/#website","url":"https:\/\/lottohoy.com\/pt-pt\/","name":"Lottohoy","description":"","potentialAction":[{"@type":"SearchAction","target":{"@type":"EntryPoint","urlTemplate":"https:\/\/lottohoy.com\/pt-pt\/?s={search_term_string}"},"query-input":{"@type":"PropertyValueSpecification","valueRequired":true,"valueName":"search_term_string"}}],"inLanguage":"pt-ts"}]}},"_links":{"self":[{"href":"https:\/\/lottohoy.com\/pt-pt\/wp-json\/wp\/v2\/pages\/3882","targetHints":{"allow":["GET"]}}],"collection":[{"href":"https:\/\/lottohoy.com\/pt-pt\/wp-json\/wp\/v2\/pages"}],"about":[{"href":"https:\/\/lottohoy.com\/pt-pt\/wp-json\/wp\/v2\/types\/page"}],"author":[{"embeddable":true,"href":"https:\/\/lottohoy.com\/pt-pt\/wp-json\/wp\/v2\/users\/2"}],"replies":[{"embeddable":true,"href":"https:\/\/lottohoy.com\/pt-pt\/wp-json\/wp\/v2\/comments?post=3882"}],"version-history":[{"count":1,"href":"https:\/\/lottohoy.com\/pt-pt\/wp-json\/wp\/v2\/pages\/3882\/revisions"}],"predecessor-version":[{"id":10901,"href":"https:\/\/lottohoy.com\/pt-pt\/wp-json\/wp\/v2\/pages\/3882\/revisions\/10901"}],"up":[{"embeddable":true,"href":"https:\/\/lottohoy.com\/pt-pt\/wp-json\/wp\/v2\/pages\/3855"}],"wp:attachment":[{"href":"https:\/\/lottohoy.com\/pt-pt\/wp-json\/wp\/v2\/media?parent=3882"}],"curies":[{"name":"wp","href":"https:\/\/api.w.org\/{rel}","templated":true}]}}