{"id":3880,"date":"2018-05-03T14:23:39","date_gmt":"2018-05-03T13:23:39","guid":{"rendered":"https:\/\/www.lottohoy.com\/?page_id=3880"},"modified":"2025-02-14T11:36:39","modified_gmt":"2025-02-14T11:36:39","slug":"powerball","status":"publish","type":"page","link":"https:\/\/lottohoy.com\/pt-pt\/resultados\/powerball\/","title":{"rendered":"Resultados Loteria Powerball"},"content":{"rendered":"<p><!--more--><\/p>\n<h2><strong>N\u00fameros vencedores da Powerball<\/strong><\/h2>\n<p>Na tabela acima pode ver os n\u00fameros atribu\u00eddos no \u00faltimo <strong>sorteio da Powerball,<\/strong> bem como os pr\u00e9mios distribu\u00eddos em cada uma das suas categorias e o n\u00famero de vencedores.<\/p>\n<p>Esta tabela \u00e9 atualizada automaticamente ap\u00f3s cada sorteio, para que voc\u00ea possa verific\u00e1-la sempre que precisar estar atualizado sobre os \u00faltimos resultados e poder <a href=\"https:\/\/lottohoy.com\/pt-pt\/jogar\/powerball\/\"><span style=\"color: #993366;\"><strong>jogar Powerball<\/strong><\/span><\/a> se tiver ganho um pr\u00eamio.<\/p>\n<h2><strong>Desenhos anteriores do Powerball<\/strong><\/h2>\n<p>Nesta p\u00e1gina de <strong>resultados da Powerball,<\/strong> podemos ver em primeiro plano a \u00faltima combina\u00e7\u00e3o vencedora e a distribui\u00e7\u00e3o de pr\u00e9mios pelas nove categorias. Al\u00e9m disso, podemos ver no canto superior direito tr\u00eas caixas em cinza, com setas que permitem ver os <strong>sorteios anteriores<\/strong>.<\/p>\n<p>Usando este recurso de calend\u00e1rio, podemos ver o resultado imediatamente acima, clicando na seta \u00e0 esquerda. Se, por outro lado, voc\u00ea preferir selecionar a data espec\u00edfica do sorteio, voc\u00ea pode clicar na caixa central, que permite abrir uma lista suspensa com os sorteios dos \u00faltimos 20 meses.<\/p>\n<h3><strong>N\u00fameros mais e menos frequentes de Powerball<\/strong><\/h3>\n<p>Os n\u00fameros que mais frequentemente sa\u00edram na combina\u00e7\u00e3o vencedora foram: <strong>8, 26, 22, 23, e 36<\/strong> para as bolas brancas do primeiro quadrado de 69. E os <strong>9, 6, 21, 24 e 19<\/strong> das bolas vermelhas no quadrado inferior de 26 n\u00fameros.<\/p>\n<p>Pelo contr\u00e1rio, os n\u00fameros que apareceram em menos ocasi\u00f5es foram: <strong>15, 51, 37, 47, 12, 4 e 24<\/strong> das bolas brancas no primeiro quadrado de 69. E <strong>14, 23, 1, 2 e 16<\/strong> das bolas vermelhas Powerball no quadrado inferior de 26.<\/p>\n<h2><strong>Grandes jackpots de Powerball<\/strong><\/h2>\n<p><strong>Powerball<\/strong> \u00e9 talvez a loteria que d\u00e1 a chance de ganhar os <a href=\"https:\/\/lottohoy.com\/pt-pt\/jackpots-da-loteria\/\"><span style=\"color: #993366;\"><strong>maiores pr\u00eamios de loteria<\/strong> <strong>do mundo<\/strong><\/span><\/a>, porque ele sempre come\u00e7a a partir de um jackpot m\u00ednimo inicial de <strong>US $ 40.000.000<\/strong> (um jackpot muito maior do que outras loterias) que aumenta no caso de n\u00e3o ter qualquer sucesso. E o que \u00e9 melhor, acumula-se sem limite de quantidade.<\/p>\n<p>O <strong>maior pr\u00eamio Powerball<\/strong> registrado at\u00e9 hoje foi de <del>pouco mais de <strong>1,5 bilh\u00e3o de d\u00f3lares<\/strong><\/del>, que foi dividido entre apenas tr\u00eas vencedores. Em novembro de 2022, superou esse valor, deixando um recorde de US$ 2,04 bilh\u00f5es at\u00e9 o momento.<\/p>\n","protected":false},"excerpt":{"rendered":"","protected":false},"author":2,"featured_media":0,"parent":3855,"menu_order":1,"comment_status":"closed","ping_status":"closed","template":"powerball-usa-results.php","meta":{"_et_pb_use_builder":"","_et_pb_old_content":"","_et_gb_content_width":"","exclude_from_search":false,"footnotes":""},"class_list":["post-3880","page","type-page","status-publish","hentry"],"yoast_head":"<!-- This site is optimized with the Yoast SEO plugin v23.7 - https:\/\/yoast.com\/wordpress\/plugins\/seo\/ -->\n<title>Resultados da Powerball - N\u00fameros Vencedores - Lottohoy.com<\/title>\n<meta name=\"description\" content=\"Todos os n\u00fameros atribu\u00eddos nos \u00faltimos sorteios da Powerball, bem como pr\u00e9mios por categoria e n\u00famero de vencedores. Verifique j\u00e1 o seu bilhete! \u2713\" \/>\n<meta name=\"robots\" content=\"index, follow, max-snippet:-1, max-image-preview:large, max-video-preview:-1\" \/>\n<link rel=\"canonical\" href=\"https:\/\/lottohoy.com\/pt-pt\/resultados\/powerball\/\" \/>\n<meta property=\"og:locale\" content=\"pt_PT\" \/>\n<meta property=\"og:type\" content=\"article\" \/>\n<meta property=\"og:title\" content=\"Resultados da Powerball - N\u00fameros Vencedores - Lottohoy.com\" \/>\n<meta property=\"og:description\" content=\"Todos os n\u00fameros atribu\u00eddos nos \u00faltimos sorteios da Powerball, bem como pr\u00e9mios por categoria e n\u00famero de vencedores. Verifique j\u00e1 o seu bilhete! \u2713\" \/>\n<meta property=\"og:url\" content=\"https:\/\/lottohoy.com\/pt-pt\/resultados\/powerball\/\" \/>\n<meta property=\"og:site_name\" content=\"Lottohoy\" \/>\n<meta property=\"article:modified_time\" content=\"2025-02-14T11:36:39+00:00\" \/>\n<meta name=\"twitter:card\" content=\"summary_large_image\" \/>\n<meta name=\"twitter:label1\" content=\"Est. reading time\" \/>\n\t<meta name=\"twitter:data1\" content=\"2 minutes\" \/>\n<script type=\"application\/ld+json\" class=\"yoast-schema-graph\">{\"@context\":\"https:\/\/schema.org\",\"@graph\":[{\"@type\":\"WebPage\",\"@id\":\"https:\/\/lottohoy.com\/pt-pt\/resultados\/powerball\/\",\"url\":\"https:\/\/lottohoy.com\/pt-pt\/resultados\/powerball\/\",\"name\":\"Resultados da Powerball - N\u00fameros Vencedores - Lottohoy.com\",\"isPartOf\":{\"@id\":\"https:\/\/lottohoy.com\/pt-pt\/#website\"},\"datePublished\":\"2018-05-03T13:23:39+00:00\",\"dateModified\":\"2025-02-14T11:36:39+00:00\",\"description\":\"Todos os n\u00fameros atribu\u00eddos nos \u00faltimos sorteios da Powerball, bem como pr\u00e9mios por categoria e n\u00famero de vencedores. Verifique j\u00e1 o seu bilhete! \u2713\",\"breadcrumb\":{\"@id\":\"https:\/\/lottohoy.com\/pt-pt\/resultados\/powerball\/#breadcrumb\"},\"inLanguage\":\"pt-ts\",\"potentialAction\":[{\"@type\":\"ReadAction\",\"target\":[\"https:\/\/lottohoy.com\/pt-pt\/resultados\/powerball\/\"]}]},{\"@type\":\"BreadcrumbList\",\"@id\":\"https:\/\/lottohoy.com\/pt-pt\/resultados\/powerball\/#breadcrumb\",\"itemListElement\":[{\"@type\":\"ListItem\",\"position\":1,\"name\":\"Home\",\"item\":\"https:\/\/lottohoy.com\/pt-pt\/\"},{\"@type\":\"ListItem\",\"position\":2,\"name\":\"Resultados da Lotaria Online\",\"item\":\"https:\/\/lottohoy.com\/pt-pt\/resultados\/\"},{\"@type\":\"ListItem\",\"position\":3,\"name\":\"Resultados Loteria Powerball\"}]},{\"@type\":\"WebSite\",\"@id\":\"https:\/\/lottohoy.com\/pt-pt\/#website\",\"url\":\"https:\/\/lottohoy.com\/pt-pt\/\",\"name\":\"Lottohoy\",\"description\":\"\",\"potentialAction\":[{\"@type\":\"SearchAction\",\"target\":{\"@type\":\"EntryPoint\",\"urlTemplate\":\"https:\/\/lottohoy.com\/pt-pt\/?s={search_term_string}\"},\"query-input\":{\"@type\":\"PropertyValueSpecification\",\"valueRequired\":true,\"valueName\":\"search_term_string\"}}],\"inLanguage\":\"pt-ts\"}]}<\/script>\n<!-- \/ Yoast SEO plugin. -->","yoast_head_json":{"title":"Resultados da Powerball - N\u00fameros Vencedores - Lottohoy.com","description":"Todos os n\u00fameros atribu\u00eddos nos \u00faltimos sorteios da Powerball, bem como pr\u00e9mios por categoria e n\u00famero de vencedores. Verifique j\u00e1 o seu bilhete! \u2713","robots":{"index":"index","follow":"follow","max-snippet":"max-snippet:-1","max-image-preview":"max-image-preview:large","max-video-preview":"max-video-preview:-1"},"canonical":"https:\/\/lottohoy.com\/pt-pt\/resultados\/powerball\/","og_locale":"pt_PT","og_type":"article","og_title":"Resultados da Powerball - N\u00fameros Vencedores - Lottohoy.com","og_description":"Todos os n\u00fameros atribu\u00eddos nos \u00faltimos sorteios da Powerball, bem como pr\u00e9mios por categoria e n\u00famero de vencedores. Verifique j\u00e1 o seu bilhete! \u2713","og_url":"https:\/\/lottohoy.com\/pt-pt\/resultados\/powerball\/","og_site_name":"Lottohoy","article_modified_time":"2025-02-14T11:36:39+00:00","twitter_card":"summary_large_image","twitter_misc":{"Est. reading time":"2 minutes"},"schema":{"@context":"https:\/\/schema.org","@graph":[{"@type":"WebPage","@id":"https:\/\/lottohoy.com\/pt-pt\/resultados\/powerball\/","url":"https:\/\/lottohoy.com\/pt-pt\/resultados\/powerball\/","name":"Resultados da Powerball - N\u00fameros Vencedores - Lottohoy.com","isPartOf":{"@id":"https:\/\/lottohoy.com\/pt-pt\/#website"},"datePublished":"2018-05-03T13:23:39+00:00","dateModified":"2025-02-14T11:36:39+00:00","description":"Todos os n\u00fameros atribu\u00eddos nos \u00faltimos sorteios da Powerball, bem como pr\u00e9mios por categoria e n\u00famero de vencedores. Verifique j\u00e1 o seu bilhete! \u2713","breadcrumb":{"@id":"https:\/\/lottohoy.com\/pt-pt\/resultados\/powerball\/#breadcrumb"},"inLanguage":"pt-ts","potentialAction":[{"@type":"ReadAction","target":["https:\/\/lottohoy.com\/pt-pt\/resultados\/powerball\/"]}]},{"@type":"BreadcrumbList","@id":"https:\/\/lottohoy.com\/pt-pt\/resultados\/powerball\/#breadcrumb","itemListElement":[{"@type":"ListItem","position":1,"name":"Home","item":"https:\/\/lottohoy.com\/pt-pt\/"},{"@type":"ListItem","position":2,"name":"Resultados da Lotaria Online","item":"https:\/\/lottohoy.com\/pt-pt\/resultados\/"},{"@type":"ListItem","position":3,"name":"Resultados Loteria Powerball"}]},{"@type":"WebSite","@id":"https:\/\/lottohoy.com\/pt-pt\/#website","url":"https:\/\/lottohoy.com\/pt-pt\/","name":"Lottohoy","description":"","potentialAction":[{"@type":"SearchAction","target":{"@type":"EntryPoint","urlTemplate":"https:\/\/lottohoy.com\/pt-pt\/?s={search_term_string}"},"query-input":{"@type":"PropertyValueSpecification","valueRequired":true,"valueName":"search_term_string"}}],"inLanguage":"pt-ts"}]}},"_links":{"self":[{"href":"https:\/\/lottohoy.com\/pt-pt\/wp-json\/wp\/v2\/pages\/3880","targetHints":{"allow":["GET"]}}],"collection":[{"href":"https:\/\/lottohoy.com\/pt-pt\/wp-json\/wp\/v2\/pages"}],"about":[{"href":"https:\/\/lottohoy.com\/pt-pt\/wp-json\/wp\/v2\/types\/page"}],"author":[{"embeddable":true,"href":"https:\/\/lottohoy.com\/pt-pt\/wp-json\/wp\/v2\/users\/2"}],"replies":[{"embeddable":true,"href":"https:\/\/lottohoy.com\/pt-pt\/wp-json\/wp\/v2\/comments?post=3880"}],"version-history":[{"count":2,"href":"https:\/\/lottohoy.com\/pt-pt\/wp-json\/wp\/v2\/pages\/3880\/revisions"}],"predecessor-version":[{"id":14942,"href":"https:\/\/lottohoy.com\/pt-pt\/wp-json\/wp\/v2\/pages\/3880\/revisions\/14942"}],"up":[{"embeddable":true,"href":"https:\/\/lottohoy.com\/pt-pt\/wp-json\/wp\/v2\/pages\/3855"}],"wp:attachment":[{"href":"https:\/\/lottohoy.com\/pt-pt\/wp-json\/wp\/v2\/media?parent=3880"}],"curies":[{"name":"wp","href":"https:\/\/api.w.org\/{rel}","templated":true}]}}