{"id":3871,"date":"2018-05-03T14:23:38","date_gmt":"2018-05-03T13:23:38","guid":{"rendered":"https:\/\/www.lottohoy.com\/?page_id=3871"},"modified":"2025-03-26T04:03:14","modified_gmt":"2025-03-26T04:03:14","slug":"mega-millions","status":"publish","type":"page","link":"https:\/\/lottohoy.com\/pt-pt\/resultados\/mega-millions\/","title":{"rendered":"Resultados Loteria MegaMillions"},"content":{"rendered":"<p><!--more--><\/p>\n<h2><strong>MegaMillions de resultados hoje<\/strong><\/h2>\n<p>Aqui voc\u00ea pode conferir os <strong>\u00faltimos resultados atualizados do sorteio da MegaMillions<\/strong>.\u00a0 Se corresponderem \u00e0 combina\u00e7\u00e3o que escolheu, parab\u00e9ns. \u00c9s um novo multimilion\u00e1rio.<\/p>\n<p>Voc\u00ea tamb\u00e9m pode verificar os resultados nos arquivos para preparar sua estrat\u00e9gia e <strong><a href=\"https:\/\/lottohoy.com\/pt-pt\/jogar\/mega-millions\/\"><span style=\"color: #993366;\">jogar MegaMillions<\/span><\/a><\/strong><\/p>\n<p>.<\/p>\n<h2><strong>Todos os resultados da MegaMillions<\/strong><\/h2>\n<p>Nesta p\u00e1gina voc\u00ea poder\u00e1 verificar <strong>todos os resultados<\/strong> dos sorteios e a distribui\u00e7\u00e3o dos pr\u00eamios anteriores.<\/p>\n<p>Se voc\u00ea for para a margem direita superior da p\u00e1gina voc\u00ea ver\u00e1 a funcionalidade do calend\u00e1rio que n\u00f3s desenvolvemos para que voc\u00ea possa selecionar a data que voc\u00ea quer verificar.<\/p>\n<p>A seta para a esquerda, permite acessar o <strong>sorteio imediatamente anterior<\/strong>, e a caixa central com a seta para baixo, permite abrir uma lista suspensa com todas as datas dos \u00faltimos sorteios em 20 meses.<\/p>\n<p>Se voc\u00ea quer ser um dos pr\u00f3ximos ganhadores destes <strong><a href=\"https:\/\/lottohoy.com\/pt-pt\/jackpots-da-loteria\/\"><span style=\"color: #993366;\">grandes jackpots<\/span><\/a>, <a href=\"https:\/\/lottohoy.com\/pt-pt\/auth\/registo-abra-a-sua-conta-de-jogador\/\"><span style=\"color: #993366;\">registre-se agora no LottoHoy<\/span><\/a><\/strong> e selecione seus n\u00fameros favoritos. O que voc\u00ea est\u00e1 esperando?<\/p>\n","protected":false},"excerpt":{"rendered":"","protected":false},"author":2,"featured_media":0,"parent":3855,"menu_order":2,"comment_status":"closed","ping_status":"closed","template":"megamillion-results.php","meta":{"_et_pb_use_builder":"","_et_pb_old_content":"","_et_gb_content_width":"","exclude_from_search":false,"footnotes":""},"class_list":["post-3871","page","type-page","status-publish","hentry"],"yoast_head":"<!-- This site is optimized with the Yoast SEO plugin v23.7 - https:\/\/yoast.com\/wordpress\/plugins\/seo\/ -->\n<title>Resultados Loteria MegaMillions - Lottohoy<\/title>\n<meta name=\"description\" content=\"Confira os \u00faltimos resultados dos sorteios da Mega Millions. Se eles combinarem com a combina\u00e7\u00e3o escolhida, ent\u00e3o voc\u00ea \u00e9 um novo multimilion\u00e1rio.\" \/>\n<meta name=\"robots\" content=\"index, follow, max-snippet:-1, max-image-preview:large, max-video-preview:-1\" \/>\n<link rel=\"canonical\" href=\"https:\/\/lottohoy.com\/pt-pt\/resultados\/mega-millions\/\" \/>\n<meta property=\"og:locale\" content=\"pt_PT\" \/>\n<meta property=\"og:type\" content=\"article\" \/>\n<meta property=\"og:title\" content=\"Resultados Loteria MegaMillions - Lottohoy\" \/>\n<meta property=\"og:description\" content=\"Confira os \u00faltimos resultados dos sorteios da Mega Millions. Se eles combinarem com a combina\u00e7\u00e3o escolhida, ent\u00e3o voc\u00ea \u00e9 um novo multimilion\u00e1rio.\" \/>\n<meta property=\"og:url\" content=\"https:\/\/lottohoy.com\/pt-pt\/resultados\/mega-millions\/\" \/>\n<meta property=\"og:site_name\" content=\"Lottohoy\" \/>\n<meta property=\"article:modified_time\" content=\"2025-03-26T04:03:14+00:00\" \/>\n<meta name=\"twitter:card\" content=\"summary_large_image\" \/>\n<meta name=\"twitter:label1\" content=\"Est. reading time\" \/>\n\t<meta name=\"twitter:data1\" content=\"1 minute\" \/>\n<script type=\"application\/ld+json\" class=\"yoast-schema-graph\">{\"@context\":\"https:\/\/schema.org\",\"@graph\":[{\"@type\":\"WebPage\",\"@id\":\"https:\/\/lottohoy.com\/pt-pt\/resultados\/mega-millions\/\",\"url\":\"https:\/\/lottohoy.com\/pt-pt\/resultados\/mega-millions\/\",\"name\":\"Resultados Loteria MegaMillions - Lottohoy\",\"isPartOf\":{\"@id\":\"https:\/\/lottohoy.com\/pt-pt\/#website\"},\"datePublished\":\"2018-05-03T13:23:38+00:00\",\"dateModified\":\"2025-03-26T04:03:14+00:00\",\"description\":\"Confira os \u00faltimos resultados dos sorteios da Mega Millions. Se eles combinarem com a combina\u00e7\u00e3o escolhida, ent\u00e3o voc\u00ea \u00e9 um novo multimilion\u00e1rio.\",\"breadcrumb\":{\"@id\":\"https:\/\/lottohoy.com\/pt-pt\/resultados\/mega-millions\/#breadcrumb\"},\"inLanguage\":\"pt-ts\",\"potentialAction\":[{\"@type\":\"ReadAction\",\"target\":[\"https:\/\/lottohoy.com\/pt-pt\/resultados\/mega-millions\/\"]}]},{\"@type\":\"BreadcrumbList\",\"@id\":\"https:\/\/lottohoy.com\/pt-pt\/resultados\/mega-millions\/#breadcrumb\",\"itemListElement\":[{\"@type\":\"ListItem\",\"position\":1,\"name\":\"Home\",\"item\":\"https:\/\/lottohoy.com\/pt-pt\/\"},{\"@type\":\"ListItem\",\"position\":2,\"name\":\"Resultados da Lotaria Online\",\"item\":\"https:\/\/lottohoy.com\/pt-pt\/resultados\/\"},{\"@type\":\"ListItem\",\"position\":3,\"name\":\"Resultados Loteria MegaMillions\"}]},{\"@type\":\"WebSite\",\"@id\":\"https:\/\/lottohoy.com\/pt-pt\/#website\",\"url\":\"https:\/\/lottohoy.com\/pt-pt\/\",\"name\":\"Lottohoy\",\"description\":\"\",\"potentialAction\":[{\"@type\":\"SearchAction\",\"target\":{\"@type\":\"EntryPoint\",\"urlTemplate\":\"https:\/\/lottohoy.com\/pt-pt\/?s={search_term_string}\"},\"query-input\":{\"@type\":\"PropertyValueSpecification\",\"valueRequired\":true,\"valueName\":\"search_term_string\"}}],\"inLanguage\":\"pt-ts\"}]}<\/script>\n<!-- \/ Yoast SEO plugin. -->","yoast_head_json":{"title":"Resultados Loteria MegaMillions - Lottohoy","description":"Confira os \u00faltimos resultados dos sorteios da Mega Millions. Se eles combinarem com a combina\u00e7\u00e3o escolhida, ent\u00e3o voc\u00ea \u00e9 um novo multimilion\u00e1rio.","robots":{"index":"index","follow":"follow","max-snippet":"max-snippet:-1","max-image-preview":"max-image-preview:large","max-video-preview":"max-video-preview:-1"},"canonical":"https:\/\/lottohoy.com\/pt-pt\/resultados\/mega-millions\/","og_locale":"pt_PT","og_type":"article","og_title":"Resultados Loteria MegaMillions - Lottohoy","og_description":"Confira os \u00faltimos resultados dos sorteios da Mega Millions. Se eles combinarem com a combina\u00e7\u00e3o escolhida, ent\u00e3o voc\u00ea \u00e9 um novo multimilion\u00e1rio.","og_url":"https:\/\/lottohoy.com\/pt-pt\/resultados\/mega-millions\/","og_site_name":"Lottohoy","article_modified_time":"2025-03-26T04:03:14+00:00","twitter_card":"summary_large_image","twitter_misc":{"Est. reading time":"1 minute"},"schema":{"@context":"https:\/\/schema.org","@graph":[{"@type":"WebPage","@id":"https:\/\/lottohoy.com\/pt-pt\/resultados\/mega-millions\/","url":"https:\/\/lottohoy.com\/pt-pt\/resultados\/mega-millions\/","name":"Resultados Loteria MegaMillions - Lottohoy","isPartOf":{"@id":"https:\/\/lottohoy.com\/pt-pt\/#website"},"datePublished":"2018-05-03T13:23:38+00:00","dateModified":"2025-03-26T04:03:14+00:00","description":"Confira os \u00faltimos resultados dos sorteios da Mega Millions. Se eles combinarem com a combina\u00e7\u00e3o escolhida, ent\u00e3o voc\u00ea \u00e9 um novo multimilion\u00e1rio.","breadcrumb":{"@id":"https:\/\/lottohoy.com\/pt-pt\/resultados\/mega-millions\/#breadcrumb"},"inLanguage":"pt-ts","potentialAction":[{"@type":"ReadAction","target":["https:\/\/lottohoy.com\/pt-pt\/resultados\/mega-millions\/"]}]},{"@type":"BreadcrumbList","@id":"https:\/\/lottohoy.com\/pt-pt\/resultados\/mega-millions\/#breadcrumb","itemListElement":[{"@type":"ListItem","position":1,"name":"Home","item":"https:\/\/lottohoy.com\/pt-pt\/"},{"@type":"ListItem","position":2,"name":"Resultados da Lotaria Online","item":"https:\/\/lottohoy.com\/pt-pt\/resultados\/"},{"@type":"ListItem","position":3,"name":"Resultados Loteria MegaMillions"}]},{"@type":"WebSite","@id":"https:\/\/lottohoy.com\/pt-pt\/#website","url":"https:\/\/lottohoy.com\/pt-pt\/","name":"Lottohoy","description":"","potentialAction":[{"@type":"SearchAction","target":{"@type":"EntryPoint","urlTemplate":"https:\/\/lottohoy.com\/pt-pt\/?s={search_term_string}"},"query-input":{"@type":"PropertyValueSpecification","valueRequired":true,"valueName":"search_term_string"}}],"inLanguage":"pt-ts"}]}},"_links":{"self":[{"href":"https:\/\/lottohoy.com\/pt-pt\/wp-json\/wp\/v2\/pages\/3871","targetHints":{"allow":["GET"]}}],"collection":[{"href":"https:\/\/lottohoy.com\/pt-pt\/wp-json\/wp\/v2\/pages"}],"about":[{"href":"https:\/\/lottohoy.com\/pt-pt\/wp-json\/wp\/v2\/types\/page"}],"author":[{"embeddable":true,"href":"https:\/\/lottohoy.com\/pt-pt\/wp-json\/wp\/v2\/users\/2"}],"replies":[{"embeddable":true,"href":"https:\/\/lottohoy.com\/pt-pt\/wp-json\/wp\/v2\/comments?post=3871"}],"version-history":[{"count":3,"href":"https:\/\/lottohoy.com\/pt-pt\/wp-json\/wp\/v2\/pages\/3871\/revisions"}],"predecessor-version":[{"id":19964,"href":"https:\/\/lottohoy.com\/pt-pt\/wp-json\/wp\/v2\/pages\/3871\/revisions\/19964"}],"up":[{"embeddable":true,"href":"https:\/\/lottohoy.com\/pt-pt\/wp-json\/wp\/v2\/pages\/3855"}],"wp:attachment":[{"href":"https:\/\/lottohoy.com\/pt-pt\/wp-json\/wp\/v2\/media?parent=3871"}],"curies":[{"name":"wp","href":"https:\/\/api.w.org\/{rel}","templated":true}]}}