{"id":3869,"date":"2018-08-21T10:11:29","date_gmt":"2018-08-21T09:11:29","guid":{"rendered":"https:\/\/www.lottohoy.com\/?page_id=3869"},"modified":"2025-03-26T04:42:10","modified_gmt":"2025-03-26T04:42:10","slug":"la-primitiva","status":"publish","type":"page","link":"https:\/\/lottohoy.com\/pt-pt\/resultados\/la-primitiva\/","title":{"rendered":"Resultados La Primitiva"},"content":{"rendered":"<p>Esta p\u00e1gina mostra uma discrimina\u00e7\u00e3o detalhada dos resultados dos sorteios da loteria Primitiva, o jackpot estimado para este \u00faltimo sorteio e outros detalhes de interesse.<\/p>\n<p><!--more--><\/p>\n<h2><strong>Os resultados primitiva de hoje<\/strong><\/h2>\n<p>Esta caixa mostra os resultados do \u00faltimo sorteio e a distribui\u00e7\u00e3o dos pr\u00eamios para cada uma das sete categorias.<\/p>\n<p>O n\u00famero estimado de vencedores por categoria e o montante a ser distribu\u00eddo entre eles.<\/p>\n<h2><strong>Todos os resultados da Primitiva<\/strong><\/h2>\n<p>Al\u00e9m dos resultados do \u00faltimo sorteio realizado, nesta p\u00e1gina voc\u00ea tamb\u00e9m pode encontrar os resultados de todos os sorteios realizados durante os \u00faltimos 24 meses.<\/p>\n<p>\u00c0 direita da combina\u00e7\u00e3o vencedora no \u00faltimo sorteio, h\u00e1 caixas cinzentas com setas que lhe permitir\u00e3o passar pelas datas dos sorteios anteriores.<\/p>\n","protected":false},"excerpt":{"rendered":"<p>Esta p\u00e1gina mostra uma discrimina\u00e7\u00e3o detalhada dos resultados dos sorteios da loteria Primitiva, o jackpot estimado para este \u00faltimo sorteio e outros detalhes de interesse.<\/p>\n","protected":false},"author":2,"featured_media":0,"parent":3855,"menu_order":6,"comment_status":"closed","ping_status":"closed","template":"la-primitiva-results.php","meta":{"_et_pb_use_builder":"","_et_pb_old_content":"","_et_gb_content_width":"","exclude_from_search":false,"footnotes":""},"class_list":["post-3869","page","type-page","status-publish","hentry"],"yoast_head":"<!-- This site is optimized with the Yoast SEO plugin v23.7 - https:\/\/yoast.com\/wordpress\/plugins\/seo\/ -->\n<title>Resultados La Primitiva - Verifique se voc\u00ea ganhou<\/title>\n<meta name=\"description\" content=\"Esta p\u00e1gina mostra os resultados dos sorteios da loteria Primitiva, o jackpot estimado para este \u00faltimo sorteio e outros detalhes de interesse.\" \/>\n<meta name=\"robots\" content=\"index, follow, max-snippet:-1, max-image-preview:large, max-video-preview:-1\" \/>\n<link rel=\"canonical\" href=\"https:\/\/lottohoy.com\/pt-pt\/resultados\/la-primitiva\/\" \/>\n<meta property=\"og:locale\" content=\"pt_PT\" \/>\n<meta property=\"og:type\" content=\"article\" \/>\n<meta property=\"og:title\" content=\"Resultados La Primitiva - Verifique se voc\u00ea ganhou\" \/>\n<meta property=\"og:description\" content=\"Esta p\u00e1gina mostra os resultados dos sorteios da loteria Primitiva, o jackpot estimado para este \u00faltimo sorteio e outros detalhes de interesse.\" \/>\n<meta property=\"og:url\" content=\"https:\/\/lottohoy.com\/pt-pt\/resultados\/la-primitiva\/\" \/>\n<meta property=\"og:site_name\" content=\"Lottohoy\" \/>\n<meta property=\"article:modified_time\" content=\"2025-03-26T04:42:10+00:00\" \/>\n<meta name=\"twitter:card\" content=\"summary_large_image\" \/>\n<meta name=\"twitter:label1\" content=\"Est. reading time\" \/>\n\t<meta name=\"twitter:data1\" content=\"1 minute\" \/>\n<script type=\"application\/ld+json\" class=\"yoast-schema-graph\">{\"@context\":\"https:\/\/schema.org\",\"@graph\":[{\"@type\":\"WebPage\",\"@id\":\"https:\/\/lottohoy.com\/pt-pt\/resultados\/la-primitiva\/\",\"url\":\"https:\/\/lottohoy.com\/pt-pt\/resultados\/la-primitiva\/\",\"name\":\"Resultados La Primitiva - Verifique se voc\u00ea ganhou\",\"isPartOf\":{\"@id\":\"https:\/\/lottohoy.com\/pt-pt\/#website\"},\"datePublished\":\"2018-08-21T09:11:29+00:00\",\"dateModified\":\"2025-03-26T04:42:10+00:00\",\"description\":\"Esta p\u00e1gina mostra os resultados dos sorteios da loteria Primitiva, o jackpot estimado para este \u00faltimo sorteio e outros detalhes de interesse.\",\"breadcrumb\":{\"@id\":\"https:\/\/lottohoy.com\/pt-pt\/resultados\/la-primitiva\/#breadcrumb\"},\"inLanguage\":\"pt-ts\",\"potentialAction\":[{\"@type\":\"ReadAction\",\"target\":[\"https:\/\/lottohoy.com\/pt-pt\/resultados\/la-primitiva\/\"]}]},{\"@type\":\"BreadcrumbList\",\"@id\":\"https:\/\/lottohoy.com\/pt-pt\/resultados\/la-primitiva\/#breadcrumb\",\"itemListElement\":[{\"@type\":\"ListItem\",\"position\":1,\"name\":\"Home\",\"item\":\"https:\/\/lottohoy.com\/pt-pt\/\"},{\"@type\":\"ListItem\",\"position\":2,\"name\":\"Resultados da Lotaria Online\",\"item\":\"https:\/\/lottohoy.com\/pt-pt\/resultados\/\"},{\"@type\":\"ListItem\",\"position\":3,\"name\":\"Resultados La Primitiva\"}]},{\"@type\":\"WebSite\",\"@id\":\"https:\/\/lottohoy.com\/pt-pt\/#website\",\"url\":\"https:\/\/lottohoy.com\/pt-pt\/\",\"name\":\"Lottohoy\",\"description\":\"\",\"potentialAction\":[{\"@type\":\"SearchAction\",\"target\":{\"@type\":\"EntryPoint\",\"urlTemplate\":\"https:\/\/lottohoy.com\/pt-pt\/?s={search_term_string}\"},\"query-input\":{\"@type\":\"PropertyValueSpecification\",\"valueRequired\":true,\"valueName\":\"search_term_string\"}}],\"inLanguage\":\"pt-ts\"}]}<\/script>\n<!-- \/ Yoast SEO plugin. -->","yoast_head_json":{"title":"Resultados La Primitiva - Verifique se voc\u00ea ganhou","description":"Esta p\u00e1gina mostra os resultados dos sorteios da loteria Primitiva, o jackpot estimado para este \u00faltimo sorteio e outros detalhes de interesse.","robots":{"index":"index","follow":"follow","max-snippet":"max-snippet:-1","max-image-preview":"max-image-preview:large","max-video-preview":"max-video-preview:-1"},"canonical":"https:\/\/lottohoy.com\/pt-pt\/resultados\/la-primitiva\/","og_locale":"pt_PT","og_type":"article","og_title":"Resultados La Primitiva - Verifique se voc\u00ea ganhou","og_description":"Esta p\u00e1gina mostra os resultados dos sorteios da loteria Primitiva, o jackpot estimado para este \u00faltimo sorteio e outros detalhes de interesse.","og_url":"https:\/\/lottohoy.com\/pt-pt\/resultados\/la-primitiva\/","og_site_name":"Lottohoy","article_modified_time":"2025-03-26T04:42:10+00:00","twitter_card":"summary_large_image","twitter_misc":{"Est. reading time":"1 minute"},"schema":{"@context":"https:\/\/schema.org","@graph":[{"@type":"WebPage","@id":"https:\/\/lottohoy.com\/pt-pt\/resultados\/la-primitiva\/","url":"https:\/\/lottohoy.com\/pt-pt\/resultados\/la-primitiva\/","name":"Resultados La Primitiva - Verifique se voc\u00ea ganhou","isPartOf":{"@id":"https:\/\/lottohoy.com\/pt-pt\/#website"},"datePublished":"2018-08-21T09:11:29+00:00","dateModified":"2025-03-26T04:42:10+00:00","description":"Esta p\u00e1gina mostra os resultados dos sorteios da loteria Primitiva, o jackpot estimado para este \u00faltimo sorteio e outros detalhes de interesse.","breadcrumb":{"@id":"https:\/\/lottohoy.com\/pt-pt\/resultados\/la-primitiva\/#breadcrumb"},"inLanguage":"pt-ts","potentialAction":[{"@type":"ReadAction","target":["https:\/\/lottohoy.com\/pt-pt\/resultados\/la-primitiva\/"]}]},{"@type":"BreadcrumbList","@id":"https:\/\/lottohoy.com\/pt-pt\/resultados\/la-primitiva\/#breadcrumb","itemListElement":[{"@type":"ListItem","position":1,"name":"Home","item":"https:\/\/lottohoy.com\/pt-pt\/"},{"@type":"ListItem","position":2,"name":"Resultados da Lotaria Online","item":"https:\/\/lottohoy.com\/pt-pt\/resultados\/"},{"@type":"ListItem","position":3,"name":"Resultados La Primitiva"}]},{"@type":"WebSite","@id":"https:\/\/lottohoy.com\/pt-pt\/#website","url":"https:\/\/lottohoy.com\/pt-pt\/","name":"Lottohoy","description":"","potentialAction":[{"@type":"SearchAction","target":{"@type":"EntryPoint","urlTemplate":"https:\/\/lottohoy.com\/pt-pt\/?s={search_term_string}"},"query-input":{"@type":"PropertyValueSpecification","valueRequired":true,"valueName":"search_term_string"}}],"inLanguage":"pt-ts"}]}},"_links":{"self":[{"href":"https:\/\/lottohoy.com\/pt-pt\/wp-json\/wp\/v2\/pages\/3869","targetHints":{"allow":["GET"]}}],"collection":[{"href":"https:\/\/lottohoy.com\/pt-pt\/wp-json\/wp\/v2\/pages"}],"about":[{"href":"https:\/\/lottohoy.com\/pt-pt\/wp-json\/wp\/v2\/types\/page"}],"author":[{"embeddable":true,"href":"https:\/\/lottohoy.com\/pt-pt\/wp-json\/wp\/v2\/users\/2"}],"replies":[{"embeddable":true,"href":"https:\/\/lottohoy.com\/pt-pt\/wp-json\/wp\/v2\/comments?post=3869"}],"version-history":[{"count":1,"href":"https:\/\/lottohoy.com\/pt-pt\/wp-json\/wp\/v2\/pages\/3869\/revisions"}],"predecessor-version":[{"id":10896,"href":"https:\/\/lottohoy.com\/pt-pt\/wp-json\/wp\/v2\/pages\/3869\/revisions\/10896"}],"up":[{"embeddable":true,"href":"https:\/\/lottohoy.com\/pt-pt\/wp-json\/wp\/v2\/pages\/3855"}],"wp:attachment":[{"href":"https:\/\/lottohoy.com\/pt-pt\/wp-json\/wp\/v2\/media?parent=3869"}],"curies":[{"name":"wp","href":"https:\/\/api.w.org\/{rel}","templated":true}]}}