{"id":3867,"date":"2019-02-13T18:37:04","date_gmt":"2019-02-13T18:37:04","guid":{"rendered":"https:\/\/www.lottohoy.com\/?page_id=3867"},"modified":"2025-03-26T04:34:47","modified_gmt":"2025-03-26T04:34:47","slug":"el-gordo-primitiva","status":"publish","type":"page","link":"https:\/\/lottohoy.com\/pt-pt\/resultados\/el-gordo-primitiva\/","title":{"rendered":"Resultados El Gordo"},"content":{"rendered":"<p><!--more--><\/p>\n<h1><strong>A Comprobar el Gordo de la Primitiva<\/strong><\/h1>\n<p>Para verificar se a aposta de El Gordo de la Primitiva foi premiada, ser\u00e1 suficiente comparar os n\u00fameros da combina\u00e7\u00e3o mostrada no seu bilhete com o resultado mostrado nesta p\u00e1gina.<\/p>\n<p>Se voc\u00ea ganhar um pr\u00eamio nas diferentes categorias da Gordo de la Primitiva, os n\u00fameros ganhadores e o valor do seu pr\u00eamio ser\u00e3o automaticamente refletidos em sua conta de usu\u00e1rio, e estar\u00e3o dispon\u00edveis a partir desse momento.<\/p>\n<p>Voc\u00ea tamb\u00e9m pode verificar o jackpot acumulado, vencedores e pr\u00e9mios em cada uma das categorias e sorteios anteriores at\u00e9 24 meses de idade.<\/p>\n<h2><strong>Gordo de la Primitiva Resultados<\/strong><\/h2>\n<p>Nesta p\u00e1gina s\u00e3o refletidos em detalhes, os resultados dos sorteios da Gordo de la Primitiva, o jackpot estimado para este sorteio, bem como outros detalhes de interesse m\u00e1ximo para a previs\u00e3o de seus jogos futuros.<\/p>\n<p>\u00c0 direita da combina\u00e7\u00e3o vencedora deste \u00faltimo sorteio, existem tr\u00eas quadrados. O quadrado central mostra a data do sorteio que est\u00e1 sendo examinado, e em ambos os lados deste quadrado central h\u00e1 setas \u00e0 direita e \u00e0 esquerda para visitar as datas dos sorteios anteriores e avan\u00e7ar dos sorteios at\u00e9 a data mais atual.<\/p>\n<h2><strong>A Comprobar a Gordo da Primitiva hoje mesmo<\/strong><\/h2>\n<p>Mostra uma grande tabela com os resultados e a distribui\u00e7\u00e3o de pr\u00eamios por categorias do \u00faltimo sorteio do Gordo de hoje.<\/p>\n<p>As categorias de pr\u00e9mios (at\u00e9 9 categorias diferentes), os \u00eaxitos necess\u00e1rios para optar por algumas das categorias de pr\u00e9mios.<\/p>\n<p>Os vencedores de cada uma das categorias, e tamb\u00e9m o pr\u00eamio obtido por cada um dos vencedores.<\/p>\n<p>Fechando esta caixa grande, \u00e9 indicado o n\u00famero total de vencedores neste sorteio e o montante total de dinheiro que \u00e9 distribu\u00eddo entre o n\u00famero total de vencedores.<\/p>\n<h2><strong>Pr\u00eamios El Gordo de la Primitiva<\/strong><\/h2>\n<p>Com apenas dois n\u00fameros principais, voc\u00ea recebe um pr\u00eamio fixo de \u20ac3, enquanto que se apenas o n\u00famero chave ou desconto for igualado, o ganho \u00e9 o retorno do valor da aposta b\u00e1sica.<\/p>\n<p>O valor dos pr\u00eamios varia de um sorteio para outro, pois eles s\u00e3o baseados na venda de ingressos e nos vencedores de cada categoria.<\/p>\n<p>O quadro seguinte apresenta as diferentes categorias de pr\u00e9mios, bem como a percentagem de receitas atribu\u00eddas a cada uma delas.<\/p>\n<table width=\"548\">\n<tbody>\n<tr>\n<td style=\"text-align: center;\" width=\"179\"><span style=\"color: #993366;\"><strong>Categoria de pr\u00eamios<\/strong><\/span><\/td>\n<td style=\"text-align: center;\" width=\"170\"><span style=\"color: #993366;\"><strong>N\u00famero de acertos<\/strong><\/span><\/td>\n<td style=\"text-align: center;\" width=\"198\"><span style=\"color: #993366;\"><strong>Percentagens atribu\u00eddas<\/strong><\/span><\/td>\n<\/tr>\n<tr>\n<td style=\"text-align: center;\" width=\"179\">I (JACKPOT)<\/td>\n<td style=\"text-align: center;\" width=\"170\">5 N\u00fameros e Reembolso<\/td>\n<td style=\"text-align: center;\" width=\"198\">22%<\/td>\n<\/tr>\n<tr>\n<td style=\"text-align: center;\" width=\"179\">II<\/td>\n<td style=\"text-align: center;\" width=\"170\">5 N\u00fameros<\/td>\n<td style=\"text-align: center;\" width=\"198\">33%<\/td>\n<\/tr>\n<tr>\n<td style=\"text-align: center;\" width=\"179\">III<\/td>\n<td style=\"text-align: center;\" width=\"170\">4 N\u00fameros e Reembolso<\/td>\n<td style=\"text-align: center;\" width=\"198\">6%<\/td>\n<\/tr>\n<tr>\n<td style=\"text-align: center;\" width=\"179\">IV<\/td>\n<td style=\"text-align: center;\" width=\"170\">4 N\u00fameros<\/td>\n<td style=\"text-align: center;\" width=\"198\">7%<\/td>\n<\/tr>\n<tr>\n<td style=\"text-align: center;\" width=\"179\">V<\/td>\n<td style=\"text-align: center;\" width=\"170\">3 N\u00fameros e Reembolso<\/td>\n<td style=\"text-align: center;\" width=\"198\">8%<\/td>\n<\/tr>\n<tr>\n<td style=\"text-align: center;\" width=\"179\">VI<\/td>\n<td style=\"text-align: center;\" width=\"170\">3 N\u00fameros<\/td>\n<td style=\"text-align: center;\" width=\"198\">26%<\/td>\n<\/tr>\n<tr>\n<td style=\"text-align: center;\" width=\"179\">VII<\/td>\n<td style=\"text-align: center;\" width=\"170\">2 N\u00fameros e Reembolso<\/td>\n<td style=\"text-align: center;\" width=\"198\">20%<\/td>\n<\/tr>\n<tr>\n<td style=\"text-align: center;\" width=\"179\">VIII<\/td>\n<td style=\"text-align: center;\" width=\"170\">2 N\u00fameros<\/td>\n<td style=\"text-align: center;\" width=\"198\">Fixe 3 \u20ac<\/td>\n<\/tr>\n<tr>\n<td style=\"text-align: center;\" width=\"179\">Remboursement<\/td>\n<td style=\"text-align: center;\" width=\"170\">Num\u00e9ro clave<\/td>\n<td style=\"text-align: center;\" width=\"198\">10%<\/td>\n<\/tr>\n<\/tbody>\n<\/table>\n<h2><strong>Jackpot el Gordo da Primitiva<\/strong><\/h2>\n<p>Existe um jackpot m\u00ednimo garantido para a Gordo de la Primitiva de 5 milh\u00f5es de euros e \u00e9 acumulado para o pr\u00f3ximo sorteio se n\u00e3o houver vencedor da primeira categoria.<\/p>\n<p>O jackpot pode continuar a crescer ilimitadamente at\u00e9 que haja um vencedor que iguale os 5 n\u00fameros principais e o reembolso ou chave.<\/p>\n<p>Os maiores jackpots acumulados pelo sorteio de El Gordo de la Primitiva desde a sua cria\u00e7\u00e3o em 1993 at\u00e9 hoje s\u00e3o os seguintes:<\/p>\n<table>\n<tbody>\n<tr>\n<td style=\"text-align: center;\" width=\"170\"><span style=\"color: #993366;\"><strong>Datea<\/strong><\/span><\/td>\n<td style=\"text-align: center;\" width=\"208\"><span style=\"color: #993366;\"><strong>Montante do pr\u00eamio<\/strong><\/span><\/td>\n<td width=\"3\"><\/td>\n<\/tr>\n<tr>\n<td style=\"text-align: center;\" width=\"170\">19\/9\/2010<\/td>\n<td style=\"text-align: center;\" width=\"208\">36.675.630,47 \u20ac<\/td>\n<td width=\"3\"><\/td>\n<\/tr>\n<tr>\n<td style=\"text-align: center;\" width=\"170\">12\/9\/2010<\/td>\n<td style=\"text-align: center;\" width=\"208\">34.230.938,33 \u20ac<\/td>\n<td width=\"3\"><\/td>\n<\/tr>\n<tr>\n<td style=\"text-align: center;\" width=\"170\">14\/8\/2011<\/td>\n<td style=\"text-align: center;\" width=\"208\">30.000.000,00 \u20ac<\/td>\n<td width=\"3\"><\/td>\n<\/tr>\n<tr>\n<td style=\"text-align: center;\" width=\"170\">5\/9\/2010<\/td>\n<td style=\"text-align: center;\" width=\"208\">32.390.368,22 \u20ac<\/td>\n<td width=\"3\"><\/td>\n<\/tr>\n<tr>\n<td style=\"text-align: center;\" width=\"170\">14\/8\/2011<\/td>\n<td style=\"text-align: center;\" width=\"208\">31.626.895,12 \u20ac<\/td>\n<td width=\"3\"><\/td>\n<\/tr>\n<tr>\n<td style=\"text-align: center;\" width=\"170\">20\/8\/2010<\/td>\n<td style=\"text-align: center;\" width=\"208\">30.714.123,47 \u20ac<\/td>\n<td width=\"3\"><\/td>\n<\/tr>\n<\/tbody>\n<\/table>\n","protected":false},"excerpt":{"rendered":"","protected":false},"author":2,"featured_media":0,"parent":3855,"menu_order":6,"comment_status":"closed","ping_status":"closed","template":"el-gordo-results.php","meta":{"_et_pb_use_builder":"","_et_pb_old_content":"","_et_gb_content_width":"","exclude_from_search":false,"footnotes":""},"class_list":["post-3867","page","type-page","status-publish","hentry"],"yoast_head":"<!-- This site is optimized with the Yoast SEO plugin v23.7 - https:\/\/yoast.com\/wordpress\/plugins\/seo\/ -->\n<title>Verifique a Gordo de la Primitiva - Resultados da Loteria - LottoHoy<\/title>\n<meta name=\"description\" content=\"Verifique se voc\u00ea \u00e9 o vencedor de algum dos \u00faltimos sorteios de El Gordo de La Primitiva. Resultados actualizados na ponta dos dedos.\" \/>\n<meta name=\"robots\" content=\"index, follow, max-snippet:-1, max-image-preview:large, max-video-preview:-1\" \/>\n<link rel=\"canonical\" href=\"https:\/\/lottohoy.com\/pt-pt\/resultados\/el-gordo-primitiva\/\" \/>\n<meta property=\"og:locale\" content=\"pt_PT\" \/>\n<meta property=\"og:type\" content=\"article\" \/>\n<meta property=\"og:title\" content=\"Verifique a Gordo de la Primitiva - Resultados da Loteria - LottoHoy\" \/>\n<meta property=\"og:description\" content=\"Verifique se voc\u00ea \u00e9 o vencedor de algum dos \u00faltimos sorteios de El Gordo de La Primitiva. Resultados actualizados na ponta dos dedos.\" \/>\n<meta property=\"og:url\" content=\"https:\/\/lottohoy.com\/pt-pt\/resultados\/el-gordo-primitiva\/\" \/>\n<meta property=\"og:site_name\" content=\"Lottohoy\" \/>\n<meta property=\"article:modified_time\" content=\"2025-03-26T04:34:47+00:00\" \/>\n<meta name=\"twitter:card\" content=\"summary_large_image\" \/>\n<meta name=\"twitter:label1\" content=\"Est. reading time\" \/>\n\t<meta name=\"twitter:data1\" content=\"3 minutes\" \/>\n<script type=\"application\/ld+json\" class=\"yoast-schema-graph\">{\"@context\":\"https:\/\/schema.org\",\"@graph\":[{\"@type\":\"WebPage\",\"@id\":\"https:\/\/lottohoy.com\/pt-pt\/resultados\/el-gordo-primitiva\/\",\"url\":\"https:\/\/lottohoy.com\/pt-pt\/resultados\/el-gordo-primitiva\/\",\"name\":\"Verifique a Gordo de la Primitiva - Resultados da Loteria - LottoHoy\",\"isPartOf\":{\"@id\":\"https:\/\/lottohoy.com\/pt-pt\/#website\"},\"datePublished\":\"2019-02-13T18:37:04+00:00\",\"dateModified\":\"2025-03-26T04:34:47+00:00\",\"description\":\"Verifique se voc\u00ea \u00e9 o vencedor de algum dos \u00faltimos sorteios de El Gordo de La Primitiva. Resultados actualizados na ponta dos dedos.\",\"breadcrumb\":{\"@id\":\"https:\/\/lottohoy.com\/pt-pt\/resultados\/el-gordo-primitiva\/#breadcrumb\"},\"inLanguage\":\"pt-ts\",\"potentialAction\":[{\"@type\":\"ReadAction\",\"target\":[\"https:\/\/lottohoy.com\/pt-pt\/resultados\/el-gordo-primitiva\/\"]}]},{\"@type\":\"BreadcrumbList\",\"@id\":\"https:\/\/lottohoy.com\/pt-pt\/resultados\/el-gordo-primitiva\/#breadcrumb\",\"itemListElement\":[{\"@type\":\"ListItem\",\"position\":1,\"name\":\"Home\",\"item\":\"https:\/\/lottohoy.com\/pt-pt\/\"},{\"@type\":\"ListItem\",\"position\":2,\"name\":\"Resultados da Lotaria Online\",\"item\":\"https:\/\/lottohoy.com\/pt-pt\/resultados\/\"},{\"@type\":\"ListItem\",\"position\":3,\"name\":\"Resultados El Gordo\"}]},{\"@type\":\"WebSite\",\"@id\":\"https:\/\/lottohoy.com\/pt-pt\/#website\",\"url\":\"https:\/\/lottohoy.com\/pt-pt\/\",\"name\":\"Lottohoy\",\"description\":\"\",\"potentialAction\":[{\"@type\":\"SearchAction\",\"target\":{\"@type\":\"EntryPoint\",\"urlTemplate\":\"https:\/\/lottohoy.com\/pt-pt\/?s={search_term_string}\"},\"query-input\":{\"@type\":\"PropertyValueSpecification\",\"valueRequired\":true,\"valueName\":\"search_term_string\"}}],\"inLanguage\":\"pt-ts\"}]}<\/script>\n<!-- \/ Yoast SEO plugin. -->","yoast_head_json":{"title":"Verifique a Gordo de la Primitiva - Resultados da Loteria - LottoHoy","description":"Verifique se voc\u00ea \u00e9 o vencedor de algum dos \u00faltimos sorteios de El Gordo de La Primitiva. Resultados actualizados na ponta dos dedos.","robots":{"index":"index","follow":"follow","max-snippet":"max-snippet:-1","max-image-preview":"max-image-preview:large","max-video-preview":"max-video-preview:-1"},"canonical":"https:\/\/lottohoy.com\/pt-pt\/resultados\/el-gordo-primitiva\/","og_locale":"pt_PT","og_type":"article","og_title":"Verifique a Gordo de la Primitiva - Resultados da Loteria - LottoHoy","og_description":"Verifique se voc\u00ea \u00e9 o vencedor de algum dos \u00faltimos sorteios de El Gordo de La Primitiva. Resultados actualizados na ponta dos dedos.","og_url":"https:\/\/lottohoy.com\/pt-pt\/resultados\/el-gordo-primitiva\/","og_site_name":"Lottohoy","article_modified_time":"2025-03-26T04:34:47+00:00","twitter_card":"summary_large_image","twitter_misc":{"Est. reading time":"3 minutes"},"schema":{"@context":"https:\/\/schema.org","@graph":[{"@type":"WebPage","@id":"https:\/\/lottohoy.com\/pt-pt\/resultados\/el-gordo-primitiva\/","url":"https:\/\/lottohoy.com\/pt-pt\/resultados\/el-gordo-primitiva\/","name":"Verifique a Gordo de la Primitiva - Resultados da Loteria - LottoHoy","isPartOf":{"@id":"https:\/\/lottohoy.com\/pt-pt\/#website"},"datePublished":"2019-02-13T18:37:04+00:00","dateModified":"2025-03-26T04:34:47+00:00","description":"Verifique se voc\u00ea \u00e9 o vencedor de algum dos \u00faltimos sorteios de El Gordo de La Primitiva. Resultados actualizados na ponta dos dedos.","breadcrumb":{"@id":"https:\/\/lottohoy.com\/pt-pt\/resultados\/el-gordo-primitiva\/#breadcrumb"},"inLanguage":"pt-ts","potentialAction":[{"@type":"ReadAction","target":["https:\/\/lottohoy.com\/pt-pt\/resultados\/el-gordo-primitiva\/"]}]},{"@type":"BreadcrumbList","@id":"https:\/\/lottohoy.com\/pt-pt\/resultados\/el-gordo-primitiva\/#breadcrumb","itemListElement":[{"@type":"ListItem","position":1,"name":"Home","item":"https:\/\/lottohoy.com\/pt-pt\/"},{"@type":"ListItem","position":2,"name":"Resultados da Lotaria Online","item":"https:\/\/lottohoy.com\/pt-pt\/resultados\/"},{"@type":"ListItem","position":3,"name":"Resultados El Gordo"}]},{"@type":"WebSite","@id":"https:\/\/lottohoy.com\/pt-pt\/#website","url":"https:\/\/lottohoy.com\/pt-pt\/","name":"Lottohoy","description":"","potentialAction":[{"@type":"SearchAction","target":{"@type":"EntryPoint","urlTemplate":"https:\/\/lottohoy.com\/pt-pt\/?s={search_term_string}"},"query-input":{"@type":"PropertyValueSpecification","valueRequired":true,"valueName":"search_term_string"}}],"inLanguage":"pt-ts"}]}},"_links":{"self":[{"href":"https:\/\/lottohoy.com\/pt-pt\/wp-json\/wp\/v2\/pages\/3867","targetHints":{"allow":["GET"]}}],"collection":[{"href":"https:\/\/lottohoy.com\/pt-pt\/wp-json\/wp\/v2\/pages"}],"about":[{"href":"https:\/\/lottohoy.com\/pt-pt\/wp-json\/wp\/v2\/types\/page"}],"author":[{"embeddable":true,"href":"https:\/\/lottohoy.com\/pt-pt\/wp-json\/wp\/v2\/users\/2"}],"replies":[{"embeddable":true,"href":"https:\/\/lottohoy.com\/pt-pt\/wp-json\/wp\/v2\/comments?post=3867"}],"version-history":[{"count":2,"href":"https:\/\/lottohoy.com\/pt-pt\/wp-json\/wp\/v2\/pages\/3867\/revisions"}],"predecessor-version":[{"id":16954,"href":"https:\/\/lottohoy.com\/pt-pt\/wp-json\/wp\/v2\/pages\/3867\/revisions\/16954"}],"up":[{"embeddable":true,"href":"https:\/\/lottohoy.com\/pt-pt\/wp-json\/wp\/v2\/pages\/3855"}],"wp:attachment":[{"href":"https:\/\/lottohoy.com\/pt-pt\/wp-json\/wp\/v2\/media?parent=3867"}],"curies":[{"name":"wp","href":"https:\/\/api.w.org\/{rel}","templated":true}]}}