{"id":3865,"date":"2024-10-23T06:14:09","date_gmt":"2024-10-23T05:14:09","guid":{"rendered":"https:\/\/www.lottohoy.com\/?page_id=3865"},"modified":"2025-03-26T05:26:06","modified_gmt":"2025-03-26T05:26:06","slug":"lotto-fr","status":"publish","type":"page","link":"https:\/\/lottohoy.com\/pt-pt\/resultados\/lotto-fr\/","title":{"rendered":"Resultados French Lotto"},"content":{"rendered":"<p><!--more--><\/p>\n<h2><strong>Verificar resultados da Loteria Francesa (French Lotto)<\/strong><\/h2>\n<p>Para verificar a combina\u00e7\u00e3o vencedora dos sorteios da Loteria Francesa, tamb\u00e9m conhecida como Loteria Francesa, ser\u00e1 suficiente comparar os n\u00fameros da combina\u00e7\u00e3o mostrada no seu bilhete com o resultado mostrado nesta p\u00e1gina. E se voc\u00ea comprou um bilhete, voc\u00ea o ver\u00e1 no seu perfil de usu\u00e1rio.<\/p>\n<p>Pode tamb\u00e9m verificar o <strong>jackpot acumulado hoje<\/strong>, os vencedores e os pr\u00e9mios em cada uma das categorias e sorteios anteriores at\u00e9 24 meses de idade.<\/p>\n<h2><strong>Distribui\u00e7\u00e3o dos pr\u00eamios da loteria da Fran\u00e7a (French Lotto)<\/strong><\/h2>\n<p>Se voc\u00ea \u00e9 um usu\u00e1rio registrado, os pr\u00eamios ganhos s\u00e3o depositados diretamente na conta do usu\u00e1rio para que, novamente e se desejar, voc\u00ea possa apostar na French Lotto, com fundos no dep\u00f3sito.<\/p>\n<p>Esta p\u00e1gina mostra a combina\u00e7\u00e3o vencedora do \u00faltimo sorteio e a distribui\u00e7\u00e3o de pr\u00e9mios para cada uma das categorias.<\/p>\n<p>A tabela mostra a combina\u00e7\u00e3o dos 5 n\u00fameros principais mais o n\u00famero extra, tamb\u00e9m chamado de &#8220;chance&#8221;, que determina o pr\u00eamio da primeira categoria.<\/p>\n<h2><strong>Melhores pr\u00eamios e jackpots da Loteria Francesa (French Lotto)<\/strong><\/h2>\n<p>Os maiores jackpots da hist\u00f3ria desta lotaria s\u00e3o:<\/p>\n<ul>\n<li>sorteio realizado em 16 de junho de 2011, no qual um \u00fanico vencedor recebeu um pr\u00eamio de 24 milh\u00f5es de euros.<\/li>\n<li>Em 19 de maio de 2014, um pr\u00eamio total de primeira categoria de 23 milh\u00f5es de euros foi ganho.<\/li>\n<\/ul>\n<p>A French Lotto \u00e9 uma loteria que poderia ser considerada &#8220;f\u00e1cil&#8221; e, embora tenha um pr\u00eamio m\u00ednimo garantido de 2.000.000 \u20ac para os ganhadores da primeira categoria (5 + 1), geralmente n\u00e3o recebem pr\u00eamios acumulados de supermercados como outras loterias europ\u00e9ias ou americanas. E isso \u00e9 porque voc\u00ea acerta muitas vezes e muitos milion\u00e1rios criaram essa loteria.<\/p>\n<p>E, por exemplo, o caso de um jogador sortudo no sul da Fran\u00e7a, especificamente em Montpellier, que ganhou o jackpot desta loteria francesa duas vezes, em 1996 e novamente em 2011, ganhando um total de 5.800.000 \u20ac.<\/p>\n<h2><strong>N\u00fameros mais freq\u00fcentes nos sorteios da Loteria Francesa (French Lotto)<\/strong><\/h2>\n<p>Nos 35 sorteios realizados neste ano de 2019, desde o primeiro, em 2 de janeiro at\u00e9 o sorteio em 23 de mar\u00e7o, h\u00e1 a circunst\u00e2ncia de que h\u00e1 n\u00fameros que normalmente saem mais frequentemente (alguns os chamam de <strong>&#8220;n\u00fameros quentes&#8221;)<\/strong> e, ao mesmo tempo, outros n\u00fameros que s\u00e3o mais relutantes em sair e t\u00eam menos apar\u00eancias (conhecidos como &#8220;<strong>n\u00fameros frios&#8221;).<\/strong><\/p>\n<p>Fazendo um pequeno estudo sobre estes \u00faltimos 35 desenhos, vemos com curiosidade que dentro dos n\u00fameros considerados &#8220;frios&#8221;, o n\u00famero 49 n\u00e3o saiu em nenhum deles. \u00a1<em>Ser\u00e1 porque est\u00e1 muito frio!<\/em><\/p>\n<p>Dos n\u00fameros principais, os que tiveram mais apar\u00eancias s\u00e3o:<\/p>\n<ul>\n<li>n\u00famero 15, com 10 apari\u00e7\u00f5es (28,57%)<\/li>\n<li>Os n\u00fameros 7, 11 e 25 com 7 apari\u00e7\u00f5es cada (20%)<\/li>\n<li>N\u00famero 1 com 6 apari\u00e7\u00f5es (17,14%)<\/li>\n<\/ul>\n<p>Pelo contr\u00e1rio, quando vemos os n\u00fameros que sa\u00edram menos vezes, al\u00e9m do j\u00e1 indicado n\u00famero 49 que n\u00e3o saiu nem uma vez, temos:<\/p>\n<ul>\n<li>Os n\u00fameros 9, 27, 28 e 39 que s\u00f3 sa\u00edram uma vez (2,86%)<\/li>\n<\/ul>\n<p>E em rela\u00e7\u00e3o aos n\u00fameros extras ou &#8220;chance&#8221;, tamb\u00e9m vemos que o n\u00famero 4, n\u00e3o saiu em nenhuma ocasi\u00e3o, enquanto o n\u00famero 10, saiu em 6 ocasi\u00f5es.<\/p>\n","protected":false},"excerpt":{"rendered":"","protected":false},"author":2,"featured_media":0,"parent":3855,"menu_order":12,"comment_status":"closed","ping_status":"closed","template":"lotto-fr-results.php","meta":{"_et_pb_use_builder":"","_et_pb_old_content":"","_et_gb_content_width":"","exclude_from_search":false,"footnotes":""},"class_list":["post-3865","page","type-page","status-publish","hentry"],"yoast_head":"<!-- This site is optimized with the Yoast SEO plugin v23.7 - https:\/\/yoast.com\/wordpress\/plugins\/seo\/ -->\n<title>Resultados French Lotto - Lottohoy<\/title>\n<meta name=\"robots\" content=\"index, follow, max-snippet:-1, max-image-preview:large, max-video-preview:-1\" \/>\n<link rel=\"canonical\" href=\"https:\/\/lottohoy.com\/pt-pt\/resultados\/lotto-fr\/\" \/>\n<meta property=\"og:locale\" content=\"pt_PT\" \/>\n<meta property=\"og:type\" content=\"article\" \/>\n<meta property=\"og:title\" content=\"Resultados French Lotto - Lottohoy\" \/>\n<meta property=\"og:url\" content=\"https:\/\/lottohoy.com\/pt-pt\/resultados\/lotto-fr\/\" \/>\n<meta property=\"og:site_name\" content=\"Lottohoy\" \/>\n<meta property=\"article:modified_time\" content=\"2025-03-26T05:26:06+00:00\" \/>\n<meta name=\"twitter:card\" content=\"summary_large_image\" \/>\n<meta name=\"twitter:label1\" content=\"Est. reading time\" \/>\n\t<meta name=\"twitter:data1\" content=\"3 minutes\" \/>\n<script type=\"application\/ld+json\" class=\"yoast-schema-graph\">{\"@context\":\"https:\/\/schema.org\",\"@graph\":[{\"@type\":\"WebPage\",\"@id\":\"https:\/\/lottohoy.com\/pt-pt\/resultados\/lotto-fr\/\",\"url\":\"https:\/\/lottohoy.com\/pt-pt\/resultados\/lotto-fr\/\",\"name\":\"Resultados French Lotto - Lottohoy\",\"isPartOf\":{\"@id\":\"https:\/\/lottohoy.com\/pt-pt\/#website\"},\"datePublished\":\"2024-10-23T05:14:09+00:00\",\"dateModified\":\"2025-03-26T05:26:06+00:00\",\"breadcrumb\":{\"@id\":\"https:\/\/lottohoy.com\/pt-pt\/resultados\/lotto-fr\/#breadcrumb\"},\"inLanguage\":\"pt-ts\",\"potentialAction\":[{\"@type\":\"ReadAction\",\"target\":[\"https:\/\/lottohoy.com\/pt-pt\/resultados\/lotto-fr\/\"]}]},{\"@type\":\"BreadcrumbList\",\"@id\":\"https:\/\/lottohoy.com\/pt-pt\/resultados\/lotto-fr\/#breadcrumb\",\"itemListElement\":[{\"@type\":\"ListItem\",\"position\":1,\"name\":\"Home\",\"item\":\"https:\/\/lottohoy.com\/pt-pt\/\"},{\"@type\":\"ListItem\",\"position\":2,\"name\":\"Resultados da Lotaria Online\",\"item\":\"https:\/\/lottohoy.com\/pt-pt\/resultados\/\"},{\"@type\":\"ListItem\",\"position\":3,\"name\":\"Resultados French Lotto\"}]},{\"@type\":\"WebSite\",\"@id\":\"https:\/\/lottohoy.com\/pt-pt\/#website\",\"url\":\"https:\/\/lottohoy.com\/pt-pt\/\",\"name\":\"Lottohoy\",\"description\":\"\",\"potentialAction\":[{\"@type\":\"SearchAction\",\"target\":{\"@type\":\"EntryPoint\",\"urlTemplate\":\"https:\/\/lottohoy.com\/pt-pt\/?s={search_term_string}\"},\"query-input\":{\"@type\":\"PropertyValueSpecification\",\"valueRequired\":true,\"valueName\":\"search_term_string\"}}],\"inLanguage\":\"pt-ts\"}]}<\/script>\n<!-- \/ Yoast SEO plugin. -->","yoast_head_json":{"title":"Resultados French Lotto - Lottohoy","robots":{"index":"index","follow":"follow","max-snippet":"max-snippet:-1","max-image-preview":"max-image-preview:large","max-video-preview":"max-video-preview:-1"},"canonical":"https:\/\/lottohoy.com\/pt-pt\/resultados\/lotto-fr\/","og_locale":"pt_PT","og_type":"article","og_title":"Resultados French Lotto - Lottohoy","og_url":"https:\/\/lottohoy.com\/pt-pt\/resultados\/lotto-fr\/","og_site_name":"Lottohoy","article_modified_time":"2025-03-26T05:26:06+00:00","twitter_card":"summary_large_image","twitter_misc":{"Est. reading time":"3 minutes"},"schema":{"@context":"https:\/\/schema.org","@graph":[{"@type":"WebPage","@id":"https:\/\/lottohoy.com\/pt-pt\/resultados\/lotto-fr\/","url":"https:\/\/lottohoy.com\/pt-pt\/resultados\/lotto-fr\/","name":"Resultados French Lotto - Lottohoy","isPartOf":{"@id":"https:\/\/lottohoy.com\/pt-pt\/#website"},"datePublished":"2024-10-23T05:14:09+00:00","dateModified":"2025-03-26T05:26:06+00:00","breadcrumb":{"@id":"https:\/\/lottohoy.com\/pt-pt\/resultados\/lotto-fr\/#breadcrumb"},"inLanguage":"pt-ts","potentialAction":[{"@type":"ReadAction","target":["https:\/\/lottohoy.com\/pt-pt\/resultados\/lotto-fr\/"]}]},{"@type":"BreadcrumbList","@id":"https:\/\/lottohoy.com\/pt-pt\/resultados\/lotto-fr\/#breadcrumb","itemListElement":[{"@type":"ListItem","position":1,"name":"Home","item":"https:\/\/lottohoy.com\/pt-pt\/"},{"@type":"ListItem","position":2,"name":"Resultados da Lotaria Online","item":"https:\/\/lottohoy.com\/pt-pt\/resultados\/"},{"@type":"ListItem","position":3,"name":"Resultados French Lotto"}]},{"@type":"WebSite","@id":"https:\/\/lottohoy.com\/pt-pt\/#website","url":"https:\/\/lottohoy.com\/pt-pt\/","name":"Lottohoy","description":"","potentialAction":[{"@type":"SearchAction","target":{"@type":"EntryPoint","urlTemplate":"https:\/\/lottohoy.com\/pt-pt\/?s={search_term_string}"},"query-input":{"@type":"PropertyValueSpecification","valueRequired":true,"valueName":"search_term_string"}}],"inLanguage":"pt-ts"}]}},"_links":{"self":[{"href":"https:\/\/lottohoy.com\/pt-pt\/wp-json\/wp\/v2\/pages\/3865","targetHints":{"allow":["GET"]}}],"collection":[{"href":"https:\/\/lottohoy.com\/pt-pt\/wp-json\/wp\/v2\/pages"}],"about":[{"href":"https:\/\/lottohoy.com\/pt-pt\/wp-json\/wp\/v2\/types\/page"}],"author":[{"embeddable":true,"href":"https:\/\/lottohoy.com\/pt-pt\/wp-json\/wp\/v2\/users\/2"}],"replies":[{"embeddable":true,"href":"https:\/\/lottohoy.com\/pt-pt\/wp-json\/wp\/v2\/comments?post=3865"}],"version-history":[{"count":1,"href":"https:\/\/lottohoy.com\/pt-pt\/wp-json\/wp\/v2\/pages\/3865\/revisions"}],"predecessor-version":[{"id":10894,"href":"https:\/\/lottohoy.com\/pt-pt\/wp-json\/wp\/v2\/pages\/3865\/revisions\/10894"}],"up":[{"embeddable":true,"href":"https:\/\/lottohoy.com\/pt-pt\/wp-json\/wp\/v2\/pages\/3855"}],"wp:attachment":[{"href":"https:\/\/lottohoy.com\/pt-pt\/wp-json\/wp\/v2\/media?parent=3865"}],"curies":[{"name":"wp","href":"https:\/\/api.w.org\/{rel}","templated":true}]}}