{"id":3863,"date":"2018-05-03T14:23:37","date_gmt":"2018-05-03T13:23:37","guid":{"rendered":"https:\/\/www.lottohoy.com\/?page_id=3863"},"modified":"2025-03-26T04:10:32","modified_gmt":"2025-03-26T04:10:32","slug":"euromillions","status":"publish","type":"page","link":"https:\/\/lottohoy.com\/pt-pt\/resultados\/euromillions\/","title":{"rendered":"Resultados Loteria Euromilh\u00f5es"},"content":{"rendered":"<p><!--more--><\/p>\n<h2><strong>Confira o resultado da E<span data-sheets-formula-bar-text-style=\"font-size:13px;color:#000000;font-weight:normal;text-decoration:none;font-family:'Arial';font-style:normal;text-decoration-skip-ink:none;\">uromilh\u00f5es<\/span><br \/>\n<\/strong><\/h2>\n<p>Para verificar resultados de loteria <strong>Euromilh\u00f5es<\/strong>, (ambos os nomes pelos quais esta loteria europeia \u00e9 reconhecida), basta comparar os n\u00fameros da combina\u00e7\u00e3o apresentada no seu bilhete com o resultado mostrado nesta p\u00e1gina.<\/p>\n<p>\u00c9 aconselh\u00e1vel rever v\u00e1rias vezes e verificar a seguran\u00e7a completa do <strong>bilhete da Euromilh\u00f5es<\/strong> antes de o separar do(s) bilhete(s).<\/p>\n<p>Pode tamb\u00e9m <span data-sheets-formula-bar-text-style=\"font-size:13px;color:#000000;font-weight:normal;text-decoration:none;font-family:'Arial';font-style:normal;text-decoration-skip-ink:none;\">verificar os resultados<\/span> o <a href=\"https:\/\/lottohoy.com\/pt-pt\/resultados\/\"><span style=\"color: #993366;\"><strong>jackpot acumulado hoje<\/strong><\/span><\/a>, os vencedores e os pr\u00e9mios em cada uma das categorias e sorteios anteriores at\u00e9 24 meses de idade.<\/p>\n<h3><strong>A vantagem de verificar os resultados no sorteios de Euromilh\u00f5es na LottoHoy<\/strong><\/h3>\n<p>Ao <a href=\"https:\/\/lottohoy.com\/pt-pt\/auth\/registo-abra-a-sua-conta-de-jogador\/\"><span style=\"color: #993366;\"><strong>criar uma conta de usu\u00e1rio<\/strong><\/span><\/a> em nossa plataforma, voc\u00ea ter\u00e1 informa\u00e7\u00f5es oportunas sobre os resultados positivos <span data-sheets-formula-bar-text-style=\"font-size:13px;color:#000000;font-weight:normal;text-decoration:none;font-family:'Arial';font-style:normal;text-decoration-skip-ink:none;\">melhores loterias<\/span> que ocorreram em cada um dos seus jogos desta loteria.<\/p>\n<p>Se ganhar um pr\u00e9mio nas diferentes <strong>categorias da Euromilh\u00f5es<\/strong>, os n\u00fameros vencedores e o montante dos seus ganhos ser\u00e3o automaticamente reflectidos na sua conta de utilizador e estar\u00e3o dispon\u00edveis a partir desse momento.<\/p>\n<h2><strong>Distribui\u00e7\u00e3o dos pr\u00e9mios Euromilh\u00f5es e <span data-sheets-formula-bar-text-style=\"font-size:13px;color:#000000;font-weight:normal;text-decoration:none;font-family:'Arial';font-style:normal;text-decoration-skip-ink:none;\">maiores jackpots<\/span><br \/>\n<\/strong><\/h2>\n<p>Esta tabela mostra a combina\u00e7\u00e3o vencedora do <strong>\u00faltimo sorteio da Euromilh\u00f5es<\/strong> e a distribui\u00e7\u00e3o de pr\u00e9mios para cada uma das 13 categorias.<\/p>\n<p>A tabela mostra a combina\u00e7\u00e3o de n\u00fameros e estrelas que devem ser bem sucedidos para se qualificarem para um pr\u00e9mio em cada categoria, os vencedores em cada uma das categorias e o <strong>montante em Euros<\/strong> (\u20ac) que corresponde a cada sucesso.<\/p>\n<h2><strong>Principais pr\u00e9mios e jackpots Euromilh\u00f5es<br \/>\n<\/strong><\/h2>\n<p>O <strong>jackpot m\u00ednimo garantido em Euromilh\u00f5es<\/strong> para os vencedores da primeira categoria \u00e9 de <strong>\u20ac17.000.000<\/strong>. Sempre que algu\u00e9m fica com o jackpot, come\u00e7amos de novo. No seguinte link voc\u00ea pode consultar os <strong>maiores jackpots distribu\u00eddos pela Euromilh\u00f5es<\/strong>.<\/p>\n<p>Se n\u00e3o houver vencedores da primeira categoria, o jackpot acumula em cada sorteio at\u00e9 um m\u00e1ximo de <strong>\u20ac190.000.000<\/strong> (a partir de 1 de Fevereiro de 2020, esse montante ser\u00e1 de <strong>\u20ac200.000.000<\/strong>).<\/p>\n<p>Uma vez atingido este montante, o jackpot ser\u00e1 mantido para 4 sorteios, e se n\u00e3o houver nenhum vencedor desta categoria em nenhum destes sorteios, a partir do pr\u00f3ximo, o pr\u00eamio <span data-sheets-formula-bar-text-style=\"font-size:13px;color:#000000;font-weight:normal;text-decoration:none;font-family:'Arial';font-style:normal;text-decoration-skip-ink:none;\">milh\u00f5es de euros<\/span> ser\u00e1 distribu\u00eddo com os vencedores da categoria imediatamente abaixo, ou seja, 5 n\u00fameros e uma estrela.<\/p>\n<p>Outra mudan\u00e7a importante que ter\u00e1 no jackpot da Euromilh\u00f5es a partir de Fevereiro de 2020, \u00e9 que uma vez que o pr\u00e9mio de <strong>200 milh\u00f5es<\/strong> tenha sido atribu\u00eddo ao vencedor da primeira categoria ou que este pr\u00e9mio tenha sido distribu\u00eddo entre os vencedores da categoria seguinte, o montante do pr\u00e9mio ser\u00e1 aumentado em <strong>\u20ac10.000.000<\/strong> para sorteios futuros, para que o pr\u00e9mio m\u00e1ximo poss\u00edvel a alcan\u00e7ar seja de\u00a0 <strong>\u20ac210.00.000<\/strong>.<\/p>\n<p>E assim por diante aumentar\u00e1 o valor do jackpot em mais <strong>\u20ac 10.000.000<\/strong> para atingir o m\u00e1ximo de\u00a0 <strong>\u20ac250.000.000<\/strong> planejados pela organiza\u00e7\u00e3o que \u00e9 o maior jackpot da loteria na Europa.<\/p>\n<h2><strong>Os n\u00fameros mais frequentes na Euromilh\u00f5es<br \/>\n<\/strong><\/h2>\n<p>Para os estaticistas, e mesmo para aqueles que confiam nas previs\u00f5es para preparar a sua pr\u00f3pria estrat\u00e9gia e jogar euromilh\u00f5es, deix\u00e1-los saber que os 10 n\u00fameros que sa\u00edram mais frequentemente s\u00e3o <strong>50, 44, 4, 14, 19, 23, 10, 37, 38 e 26.<\/strong><\/p>\n<p>Pelo contr\u00e1rio, os 10 n\u00fameros que sa\u00edram menos frequentemente s\u00e3o: <strong>46, 41, 33, 2, 47, 48, 22, 32, 9 e 8<\/strong>.<\/p>\n<p>E em rela\u00e7\u00e3o \u00e0s estrelas, as mais frequentes s\u00e3o <strong>8, 9 e 2.<\/strong><\/p>\n<p>Estes dados podem servir de orienta\u00e7\u00e3o para o seu pr\u00f3ximo progn\u00f3stico. Boa sorte!<\/p>\n","protected":false},"excerpt":{"rendered":"","protected":false},"author":2,"featured_media":0,"parent":3855,"menu_order":3,"comment_status":"closed","ping_status":"closed","template":"euromillions-results.php","meta":{"_et_pb_use_builder":"","_et_pb_old_content":"","_et_gb_content_width":"","exclude_from_search":false,"footnotes":""},"class_list":["post-3863","page","type-page","status-publish","hentry"],"yoast_head":"<!-- This site is optimized with the Yoast SEO plugin v23.7 - https:\/\/yoast.com\/wordpress\/plugins\/seo\/ -->\n<title>\u25b7 Resultados da Euromilh\u00f5es | N\u00fameros Ganhadores e Pr\u00eamios<\/title>\n<meta name=\"description\" content=\"Confira os resultados e pr\u00e9mios da Euromilh\u00f5es, bem como os n\u00fameros ganhadores e as distribui\u00e7\u00f5es de pr\u00e9mios dos \u00faltimos dois anos!\" \/>\n<meta name=\"robots\" content=\"index, follow, max-snippet:-1, max-image-preview:large, max-video-preview:-1\" \/>\n<link rel=\"canonical\" href=\"https:\/\/lottohoy.com\/pt-pt\/resultados\/euromillions\/\" \/>\n<meta property=\"og:locale\" content=\"pt_PT\" \/>\n<meta property=\"og:type\" content=\"article\" \/>\n<meta property=\"og:title\" content=\"\u25b7 Resultados da Euromilh\u00f5es | N\u00fameros Ganhadores e Pr\u00eamios\" \/>\n<meta property=\"og:description\" content=\"Confira os resultados e pr\u00e9mios da Euromilh\u00f5es, bem como os n\u00fameros ganhadores e as distribui\u00e7\u00f5es de pr\u00e9mios dos \u00faltimos dois anos!\" \/>\n<meta property=\"og:url\" content=\"https:\/\/lottohoy.com\/pt-pt\/resultados\/euromillions\/\" \/>\n<meta property=\"og:site_name\" content=\"Lottohoy\" \/>\n<meta property=\"article:modified_time\" content=\"2025-03-26T04:10:32+00:00\" \/>\n<meta name=\"twitter:card\" content=\"summary_large_image\" \/>\n<meta name=\"twitter:label1\" content=\"Est. reading time\" \/>\n\t<meta name=\"twitter:data1\" content=\"3 minutes\" \/>\n<script type=\"application\/ld+json\" class=\"yoast-schema-graph\">{\"@context\":\"https:\/\/schema.org\",\"@graph\":[{\"@type\":\"WebPage\",\"@id\":\"https:\/\/lottohoy.com\/pt-pt\/resultados\/euromillions\/\",\"url\":\"https:\/\/lottohoy.com\/pt-pt\/resultados\/euromillions\/\",\"name\":\"\u25b7 Resultados da Euromilh\u00f5es | N\u00fameros Ganhadores e Pr\u00eamios\",\"isPartOf\":{\"@id\":\"https:\/\/lottohoy.com\/pt-pt\/#website\"},\"datePublished\":\"2018-05-03T13:23:37+00:00\",\"dateModified\":\"2025-03-26T04:10:32+00:00\",\"description\":\"Confira os resultados e pr\u00e9mios da Euromilh\u00f5es, bem como os n\u00fameros ganhadores e as distribui\u00e7\u00f5es de pr\u00e9mios dos \u00faltimos dois anos!\",\"breadcrumb\":{\"@id\":\"https:\/\/lottohoy.com\/pt-pt\/resultados\/euromillions\/#breadcrumb\"},\"inLanguage\":\"pt-ts\",\"potentialAction\":[{\"@type\":\"ReadAction\",\"target\":[\"https:\/\/lottohoy.com\/pt-pt\/resultados\/euromillions\/\"]}]},{\"@type\":\"BreadcrumbList\",\"@id\":\"https:\/\/lottohoy.com\/pt-pt\/resultados\/euromillions\/#breadcrumb\",\"itemListElement\":[{\"@type\":\"ListItem\",\"position\":1,\"name\":\"Home\",\"item\":\"https:\/\/lottohoy.com\/pt-pt\/\"},{\"@type\":\"ListItem\",\"position\":2,\"name\":\"Resultados da Lotaria Online\",\"item\":\"https:\/\/lottohoy.com\/pt-pt\/resultados\/\"},{\"@type\":\"ListItem\",\"position\":3,\"name\":\"Resultados Loteria Euromilh\u00f5es\"}]},{\"@type\":\"WebSite\",\"@id\":\"https:\/\/lottohoy.com\/pt-pt\/#website\",\"url\":\"https:\/\/lottohoy.com\/pt-pt\/\",\"name\":\"Lottohoy\",\"description\":\"\",\"potentialAction\":[{\"@type\":\"SearchAction\",\"target\":{\"@type\":\"EntryPoint\",\"urlTemplate\":\"https:\/\/lottohoy.com\/pt-pt\/?s={search_term_string}\"},\"query-input\":{\"@type\":\"PropertyValueSpecification\",\"valueRequired\":true,\"valueName\":\"search_term_string\"}}],\"inLanguage\":\"pt-ts\"}]}<\/script>\n<!-- \/ Yoast SEO plugin. -->","yoast_head_json":{"title":"\u25b7 Resultados da Euromilh\u00f5es | N\u00fameros Ganhadores e Pr\u00eamios","description":"Confira os resultados e pr\u00e9mios da Euromilh\u00f5es, bem como os n\u00fameros ganhadores e as distribui\u00e7\u00f5es de pr\u00e9mios dos \u00faltimos dois anos!","robots":{"index":"index","follow":"follow","max-snippet":"max-snippet:-1","max-image-preview":"max-image-preview:large","max-video-preview":"max-video-preview:-1"},"canonical":"https:\/\/lottohoy.com\/pt-pt\/resultados\/euromillions\/","og_locale":"pt_PT","og_type":"article","og_title":"\u25b7 Resultados da Euromilh\u00f5es | N\u00fameros Ganhadores e Pr\u00eamios","og_description":"Confira os resultados e pr\u00e9mios da Euromilh\u00f5es, bem como os n\u00fameros ganhadores e as distribui\u00e7\u00f5es de pr\u00e9mios dos \u00faltimos dois anos!","og_url":"https:\/\/lottohoy.com\/pt-pt\/resultados\/euromillions\/","og_site_name":"Lottohoy","article_modified_time":"2025-03-26T04:10:32+00:00","twitter_card":"summary_large_image","twitter_misc":{"Est. reading time":"3 minutes"},"schema":{"@context":"https:\/\/schema.org","@graph":[{"@type":"WebPage","@id":"https:\/\/lottohoy.com\/pt-pt\/resultados\/euromillions\/","url":"https:\/\/lottohoy.com\/pt-pt\/resultados\/euromillions\/","name":"\u25b7 Resultados da Euromilh\u00f5es | N\u00fameros Ganhadores e Pr\u00eamios","isPartOf":{"@id":"https:\/\/lottohoy.com\/pt-pt\/#website"},"datePublished":"2018-05-03T13:23:37+00:00","dateModified":"2025-03-26T04:10:32+00:00","description":"Confira os resultados e pr\u00e9mios da Euromilh\u00f5es, bem como os n\u00fameros ganhadores e as distribui\u00e7\u00f5es de pr\u00e9mios dos \u00faltimos dois anos!","breadcrumb":{"@id":"https:\/\/lottohoy.com\/pt-pt\/resultados\/euromillions\/#breadcrumb"},"inLanguage":"pt-ts","potentialAction":[{"@type":"ReadAction","target":["https:\/\/lottohoy.com\/pt-pt\/resultados\/euromillions\/"]}]},{"@type":"BreadcrumbList","@id":"https:\/\/lottohoy.com\/pt-pt\/resultados\/euromillions\/#breadcrumb","itemListElement":[{"@type":"ListItem","position":1,"name":"Home","item":"https:\/\/lottohoy.com\/pt-pt\/"},{"@type":"ListItem","position":2,"name":"Resultados da Lotaria Online","item":"https:\/\/lottohoy.com\/pt-pt\/resultados\/"},{"@type":"ListItem","position":3,"name":"Resultados Loteria Euromilh\u00f5es"}]},{"@type":"WebSite","@id":"https:\/\/lottohoy.com\/pt-pt\/#website","url":"https:\/\/lottohoy.com\/pt-pt\/","name":"Lottohoy","description":"","potentialAction":[{"@type":"SearchAction","target":{"@type":"EntryPoint","urlTemplate":"https:\/\/lottohoy.com\/pt-pt\/?s={search_term_string}"},"query-input":{"@type":"PropertyValueSpecification","valueRequired":true,"valueName":"search_term_string"}}],"inLanguage":"pt-ts"}]}},"_links":{"self":[{"href":"https:\/\/lottohoy.com\/pt-pt\/wp-json\/wp\/v2\/pages\/3863","targetHints":{"allow":["GET"]}}],"collection":[{"href":"https:\/\/lottohoy.com\/pt-pt\/wp-json\/wp\/v2\/pages"}],"about":[{"href":"https:\/\/lottohoy.com\/pt-pt\/wp-json\/wp\/v2\/types\/page"}],"author":[{"embeddable":true,"href":"https:\/\/lottohoy.com\/pt-pt\/wp-json\/wp\/v2\/users\/2"}],"replies":[{"embeddable":true,"href":"https:\/\/lottohoy.com\/pt-pt\/wp-json\/wp\/v2\/comments?post=3863"}],"version-history":[{"count":2,"href":"https:\/\/lottohoy.com\/pt-pt\/wp-json\/wp\/v2\/pages\/3863\/revisions"}],"predecessor-version":[{"id":16929,"href":"https:\/\/lottohoy.com\/pt-pt\/wp-json\/wp\/v2\/pages\/3863\/revisions\/16929"}],"up":[{"embeddable":true,"href":"https:\/\/lottohoy.com\/pt-pt\/wp-json\/wp\/v2\/pages\/3855"}],"wp:attachment":[{"href":"https:\/\/lottohoy.com\/pt-pt\/wp-json\/wp\/v2\/media?parent=3863"}],"curies":[{"name":"wp","href":"https:\/\/api.w.org\/{rel}","templated":true}]}}