{"id":3861,"date":"2018-05-03T14:23:37","date_gmt":"2018-05-03T13:23:37","guid":{"rendered":"https:\/\/www.lottohoy.com\/?page_id=3861"},"modified":"2025-03-26T04:21:33","modified_gmt":"2025-03-26T04:21:33","slug":"eurojackpot","status":"publish","type":"page","link":"https:\/\/lottohoy.com\/pt-pt\/resultados\/eurojackpot\/","title":{"rendered":"Resultados Loteria Eurojackpot"},"content":{"rendered":"<p><!--more--><\/p>\n<h2><strong>Verifique os resultados da Eurojackpot<\/strong><\/h2>\n<p>\u00c9 importante comparar os n\u00fameros da combina\u00e7\u00e3o no bilhete com os n\u00fameros mostrados na p\u00e1gina oficial de <strong>resultados da Eurojackpot<\/strong>. Para evitar qualquer erro na leitura e transcri\u00e7\u00e3o do resultado oficial, recomenda-se a revis\u00e3o da combina\u00e7\u00e3o no bilhete v\u00e1rias vezes antes de se livrar dele.<\/p>\n<p>Abaixo est\u00e3o os resultados do <strong>\u00faltimo sorteio da Eurojackpot<\/strong> e a distribui\u00e7\u00e3o dos pr\u00e9mios por categorias. Voc\u00ea tamb\u00e9m pode verificar os resultados de todas as loterias.<\/p>\n<h2><strong>Os resultados da Eurojackpot de hoje<\/strong><\/h2>\n<p>Nesta p\u00e1gina voc\u00ea pode verificar os resultados do \u00faltimo sorteio da Eurojackpot, assim como os sorteios anteriores at\u00e9 2 anos de idade. Al\u00e9m disso, pode verificar o <a href=\"https:\/\/lottohoy.com\/pt-pt\/lotarias\/eurojackpot\/\"><strong><span style=\"color: #993366;\">jackpot acumulado at\u00e9 \u00e0 data<\/span><\/strong><\/a>, os vencedores e os pr\u00e9mios em cada uma das categorias.<\/p>\n<h3><strong>A vantagem de verificar a Eurojackpot na LottoHoy<\/strong><\/h3>\n<p><a href=\"https:\/\/lottohoy.com\/pt-pt\/auth\/registo-abra-a-sua-conta-de-jogador\/\"><span style=\"color: #993366;\"><strong>Ao criar uma conta de usu\u00e1rio<\/strong><\/span><\/a> em nossa plataforma, voc\u00ea ter\u00e1 informa\u00e7\u00f5es oportunas sobre os resultados de cada um dos seus jogos de loteria.<\/p>\n<p>Se ganhar um pr\u00e9mio nas diferentes <strong>categorias da Eurojackpot<\/strong>, os n\u00fameros vencedores e o montante do seu pr\u00e9mio ser\u00e3o automaticamente reflectidos na sua conta de utilizador e estar\u00e3o dispon\u00edveis a partir desse momento.<\/p>\n<h2><strong>Desenhos anteriores da Eurojackpot<\/strong><\/h2>\n<p>No canto superior direito da p\u00e1gina est\u00e1 uma <strong>fun\u00e7\u00e3o de calend\u00e1rio<\/strong> atrav\u00e9s da qual voc\u00ea pode selecionar a data correspondente ao sorteio que deseja consultar.<\/p>\n<p>Clicando em qualquer uma dessas datas, o escrut\u00ednio desse sorteio, a combina\u00e7\u00e3o vencedora e a distribui\u00e7\u00e3o dos pr\u00eamios por categorias. E lembre-se que se ganhar um pr\u00e9mio ser\u00e1 automaticamente introduzido no seu saldo para que possa <a href=\"https:\/\/lottohoy.com\/pt-pt\/jogar\/eurojackpot\/\"><span style=\"color: #993366;\"><strong>jogar a Eurojackpot <\/strong><\/span><\/a>novamente.<\/p>\n<h2><strong>Distribui\u00e7\u00e3o de pr\u00e9mios na Eurojackpot<\/strong><\/h2>\n<p>A tabela de resultados nesta p\u00e1gina, para al\u00e9m da combina\u00e7\u00e3o vencedora do \u00faltimo sorteio realizado, mostra a distribui\u00e7\u00e3o dos pr\u00e9mios que corresponderam a cada uma das <strong>12 categorias de pr\u00e9mios<\/strong> fornecidos pela Eurojackpot.<\/p>\n<p>A tabela mostra as v\u00e1rias combina\u00e7\u00f5es de n\u00fameros e s\u00f3is que devem ser bem sucedidos para ter direito a receber o pr\u00eamio em qualquer uma das categorias, bem como o <strong>valor em Euros (\u20ac)<\/strong> que corresponderia a cada sucesso.<\/p>\n<h2><strong>Os maiores pr\u00e9mios e jackpots atribu\u00eddos na Eurojackpot.<\/strong><\/h2>\n<p>Existe um <strong>jackpot m\u00ednimo garantido de \u20ac10.000.000<\/strong> para os vencedores da primeira categoria, ou seja, os 5 n\u00fameros e as duas solas. Se n\u00e3o houver vencedores da primeira categoria, o montante do pr\u00e9mio para essa categoria ser\u00e1 <strong>acumulado<\/strong> sucessivamente todas as semanas, at\u00e9 ao jackpot m\u00e1ximo de \u20ac 120.000.000.<\/p>\n<p>Quando o jackpot acumulado atinge o valor de 90 milh\u00f5es de euros, os valores restantes que s\u00e3o gerados para essa categoria, continuam a aumentar o valor previsto para essa segunda categoria. A segunda categoria de pr\u00eamios tamb\u00e9m tem um limite m\u00e1ximo de <strong>\u20ac120.000.000<\/strong> para acumula\u00e7\u00f5es sucessivas, e o restante passaria sucessivamente para as categorias inferiores.<\/p>\n<p>Desde o in\u00edcio deste super sorteio, em 7 ocasi\u00f5es o <strong>jackpot m\u00e1ximo de 120.000.000 \u20ac<\/strong> foi entregue.<\/p>\n<table class=\"t1\" style=\"width: 409px;\" cellspacing=\"0\" cellpadding=\"0\">\n<tbody>\n<tr>\n<td class=\"td1\" style=\"text-align: center; width: 127.266px;\" valign=\"top\">\n<p class=\"p1\"><b>Drawing date<\/b><\/p>\n<\/td>\n<td class=\"td1\" style=\"text-align: center; width: 127.922px;\" valign=\"top\">\n<p class=\"p1\"><b>Amount won<\/b><\/p>\n<\/td>\n<td class=\"td1\" style=\"text-align: center; width: 145.812px;\" valign=\"top\">\n<p class=\"p1\"><b>Winning country\/s<\/b><\/p>\n<\/td>\n<\/tr>\n<tr>\n<td class=\"td1\" style=\"text-align: center; width: 127.266px;\" valign=\"top\">\n<p class=\"p1\">6\/12\/ 2024<\/p>\n<\/td>\n<td class=\"td1\" style=\"text-align: center; width: 127.922px;\" valign=\"top\">\n<p class=\"p1\">120.000.000 \u20ac<\/p>\n<\/td>\n<td class=\"td1\" style=\"text-align: center; width: 145.812px;\" valign=\"top\">\n<p class=\"p1\">Alemania<\/p>\n<\/td>\n<\/tr>\n<tr>\n<td class=\"td1\" style=\"text-align: center; width: 127.266px;\" valign=\"top\">\n<p class=\"p1\">4\/6\/2024<\/p>\n<\/td>\n<td class=\"td1\" style=\"text-align: center; width: 127.922px;\" valign=\"top\">\n<p class=\"p1\">120.000.000 \u20ac<\/p>\n<\/td>\n<td class=\"td1\" style=\"text-align: center; width: 145.812px;\" valign=\"top\">\n<p class=\"p1\">Dinamarca<\/p>\n<\/td>\n<\/tr>\n<tr>\n<td class=\"td1\" style=\"text-align: center; width: 127.266px;\" valign=\"top\">\n<p class=\"p1\">23 \/4\/ 2024<\/p>\n<\/td>\n<td class=\"td1\" style=\"text-align: center; width: 127.922px;\" valign=\"top\">\n<p class=\"p1\">120.000.000 \u20ac<\/p>\n<\/td>\n<td class=\"td1\" style=\"text-align: center; width: 145.812px;\" valign=\"top\">\n<p class=\"p1\">Alemania, Eslovenia<\/p>\n<\/td>\n<\/tr>\n<tr>\n<td class=\"td1\" style=\"text-align: center; width: 127.266px;\" valign=\"top\">\n<p class=\"p1\">16 \/1\/2024<\/p>\n<\/td>\n<td class=\"td1\" style=\"text-align: center; width: 127.922px;\" valign=\"top\">\n<p class=\"p1\">120.000.000 \u20ac<\/p>\n<\/td>\n<td class=\"td1\" style=\"text-align: center; width: 145.812px;\" valign=\"top\">\n<p class=\"p1\">Noruega<\/p>\n<\/td>\n<\/tr>\n<tr>\n<td class=\"td1\" style=\"text-align: center; width: 127.266px;\" valign=\"top\">\n<p class=\"p1\">23\/6\/ 2023<\/p>\n<\/td>\n<td class=\"td1\" style=\"text-align: center; width: 127.922px;\" valign=\"top\">\n<p class=\"p1\">120.000.000 \u20ac<\/p>\n<\/td>\n<td class=\"td1\" style=\"text-align: center; width: 145.812px;\" valign=\"top\">\n<p class=\"p1\">Alemania<\/p>\n<\/td>\n<\/tr>\n<tr>\n<td class=\"td1\" style=\"text-align: center; width: 127.266px;\" valign=\"top\">\n<p class=\"p1\">8\/11\/2022<\/p>\n<\/td>\n<td class=\"td1\" style=\"text-align: center; width: 127.922px;\" valign=\"top\">\n<p class=\"p1\">120.000.000 \u20ac<\/p>\n<\/td>\n<td class=\"td1\" style=\"text-align: center; width: 145.812px;\" valign=\"top\">\n<p class=\"p1\">Alemania<\/p>\n<\/td>\n<\/tr>\n<tr>\n<td class=\"td1\" style=\"text-align: center; width: 127.266px;\" valign=\"top\">\n<p class=\"p1\">22\/6\/ 2022<\/p>\n<\/td>\n<td class=\"td1\" style=\"text-align: center; width: 127.922px;\" valign=\"top\">\n<p class=\"p1\">120.000.000 \u20ac<\/p>\n<\/td>\n<td class=\"td1\" style=\"text-align: center; width: 145.812px;\" valign=\"top\">\n<p class=\"p1\">Dinamarca<\/p>\n<\/td>\n<\/tr>\n<\/tbody>\n<\/table>\n","protected":false},"excerpt":{"rendered":"","protected":false},"author":2,"featured_media":0,"parent":3855,"menu_order":4,"comment_status":"closed","ping_status":"closed","template":"eurojackpot-results.php","meta":{"_et_pb_use_builder":"","_et_pb_old_content":"","_et_gb_content_width":"","exclude_from_search":false,"footnotes":""},"class_list":["post-3861","page","type-page","status-publish","hentry"],"yoast_head":"<!-- This site is optimized with the Yoast SEO plugin v23.7 - https:\/\/yoast.com\/wordpress\/plugins\/seo\/ -->\n<title>Resultados Eurojackpot - N\u00fameros Vencedores e Pr\u00e9mios \u2713<\/title>\n<meta name=\"description\" content=\"Veja os resultados dos \u00faltimos sorteios da Eurojackpot, jackpots, vencedores e pr\u00e9mios em cada uma das categorias. Todos aqui!\" \/>\n<meta name=\"robots\" content=\"index, follow, max-snippet:-1, max-image-preview:large, max-video-preview:-1\" \/>\n<link rel=\"canonical\" href=\"https:\/\/lottohoy.com\/pt-pt\/resultados\/eurojackpot\/\" \/>\n<meta property=\"og:locale\" content=\"pt_PT\" \/>\n<meta property=\"og:type\" content=\"article\" \/>\n<meta property=\"og:title\" content=\"Resultados Eurojackpot - N\u00fameros Vencedores e Pr\u00e9mios \u2713\" \/>\n<meta property=\"og:description\" content=\"Veja os resultados dos \u00faltimos sorteios da Eurojackpot, jackpots, vencedores e pr\u00e9mios em cada uma das categorias. Todos aqui!\" \/>\n<meta property=\"og:url\" content=\"https:\/\/lottohoy.com\/pt-pt\/resultados\/eurojackpot\/\" \/>\n<meta property=\"og:site_name\" content=\"Lottohoy\" \/>\n<meta property=\"article:modified_time\" content=\"2025-03-26T04:21:33+00:00\" \/>\n<meta name=\"twitter:card\" content=\"summary_large_image\" \/>\n<meta name=\"twitter:label1\" content=\"Est. reading time\" \/>\n\t<meta name=\"twitter:data1\" content=\"3 minutes\" \/>\n<script type=\"application\/ld+json\" class=\"yoast-schema-graph\">{\"@context\":\"https:\/\/schema.org\",\"@graph\":[{\"@type\":\"WebPage\",\"@id\":\"https:\/\/lottohoy.com\/pt-pt\/resultados\/eurojackpot\/\",\"url\":\"https:\/\/lottohoy.com\/pt-pt\/resultados\/eurojackpot\/\",\"name\":\"Resultados Eurojackpot - N\u00fameros Vencedores e Pr\u00e9mios \u2713\",\"isPartOf\":{\"@id\":\"https:\/\/lottohoy.com\/pt-pt\/#website\"},\"datePublished\":\"2018-05-03T13:23:37+00:00\",\"dateModified\":\"2025-03-26T04:21:33+00:00\",\"description\":\"Veja os resultados dos \u00faltimos sorteios da Eurojackpot, jackpots, vencedores e pr\u00e9mios em cada uma das categorias. Todos aqui!\",\"breadcrumb\":{\"@id\":\"https:\/\/lottohoy.com\/pt-pt\/resultados\/eurojackpot\/#breadcrumb\"},\"inLanguage\":\"pt-ts\",\"potentialAction\":[{\"@type\":\"ReadAction\",\"target\":[\"https:\/\/lottohoy.com\/pt-pt\/resultados\/eurojackpot\/\"]}]},{\"@type\":\"BreadcrumbList\",\"@id\":\"https:\/\/lottohoy.com\/pt-pt\/resultados\/eurojackpot\/#breadcrumb\",\"itemListElement\":[{\"@type\":\"ListItem\",\"position\":1,\"name\":\"Home\",\"item\":\"https:\/\/lottohoy.com\/pt-pt\/\"},{\"@type\":\"ListItem\",\"position\":2,\"name\":\"Resultados da Lotaria Online\",\"item\":\"https:\/\/lottohoy.com\/pt-pt\/resultados\/\"},{\"@type\":\"ListItem\",\"position\":3,\"name\":\"Resultados Loteria Eurojackpot\"}]},{\"@type\":\"WebSite\",\"@id\":\"https:\/\/lottohoy.com\/pt-pt\/#website\",\"url\":\"https:\/\/lottohoy.com\/pt-pt\/\",\"name\":\"Lottohoy\",\"description\":\"\",\"potentialAction\":[{\"@type\":\"SearchAction\",\"target\":{\"@type\":\"EntryPoint\",\"urlTemplate\":\"https:\/\/lottohoy.com\/pt-pt\/?s={search_term_string}\"},\"query-input\":{\"@type\":\"PropertyValueSpecification\",\"valueRequired\":true,\"valueName\":\"search_term_string\"}}],\"inLanguage\":\"pt-ts\"}]}<\/script>\n<!-- \/ Yoast SEO plugin. -->","yoast_head_json":{"title":"Resultados Eurojackpot - N\u00fameros Vencedores e Pr\u00e9mios \u2713","description":"Veja os resultados dos \u00faltimos sorteios da Eurojackpot, jackpots, vencedores e pr\u00e9mios em cada uma das categorias. Todos aqui!","robots":{"index":"index","follow":"follow","max-snippet":"max-snippet:-1","max-image-preview":"max-image-preview:large","max-video-preview":"max-video-preview:-1"},"canonical":"https:\/\/lottohoy.com\/pt-pt\/resultados\/eurojackpot\/","og_locale":"pt_PT","og_type":"article","og_title":"Resultados Eurojackpot - N\u00fameros Vencedores e Pr\u00e9mios \u2713","og_description":"Veja os resultados dos \u00faltimos sorteios da Eurojackpot, jackpots, vencedores e pr\u00e9mios em cada uma das categorias. Todos aqui!","og_url":"https:\/\/lottohoy.com\/pt-pt\/resultados\/eurojackpot\/","og_site_name":"Lottohoy","article_modified_time":"2025-03-26T04:21:33+00:00","twitter_card":"summary_large_image","twitter_misc":{"Est. reading time":"3 minutes"},"schema":{"@context":"https:\/\/schema.org","@graph":[{"@type":"WebPage","@id":"https:\/\/lottohoy.com\/pt-pt\/resultados\/eurojackpot\/","url":"https:\/\/lottohoy.com\/pt-pt\/resultados\/eurojackpot\/","name":"Resultados Eurojackpot - N\u00fameros Vencedores e Pr\u00e9mios \u2713","isPartOf":{"@id":"https:\/\/lottohoy.com\/pt-pt\/#website"},"datePublished":"2018-05-03T13:23:37+00:00","dateModified":"2025-03-26T04:21:33+00:00","description":"Veja os resultados dos \u00faltimos sorteios da Eurojackpot, jackpots, vencedores e pr\u00e9mios em cada uma das categorias. Todos aqui!","breadcrumb":{"@id":"https:\/\/lottohoy.com\/pt-pt\/resultados\/eurojackpot\/#breadcrumb"},"inLanguage":"pt-ts","potentialAction":[{"@type":"ReadAction","target":["https:\/\/lottohoy.com\/pt-pt\/resultados\/eurojackpot\/"]}]},{"@type":"BreadcrumbList","@id":"https:\/\/lottohoy.com\/pt-pt\/resultados\/eurojackpot\/#breadcrumb","itemListElement":[{"@type":"ListItem","position":1,"name":"Home","item":"https:\/\/lottohoy.com\/pt-pt\/"},{"@type":"ListItem","position":2,"name":"Resultados da Lotaria Online","item":"https:\/\/lottohoy.com\/pt-pt\/resultados\/"},{"@type":"ListItem","position":3,"name":"Resultados Loteria Eurojackpot"}]},{"@type":"WebSite","@id":"https:\/\/lottohoy.com\/pt-pt\/#website","url":"https:\/\/lottohoy.com\/pt-pt\/","name":"Lottohoy","description":"","potentialAction":[{"@type":"SearchAction","target":{"@type":"EntryPoint","urlTemplate":"https:\/\/lottohoy.com\/pt-pt\/?s={search_term_string}"},"query-input":{"@type":"PropertyValueSpecification","valueRequired":true,"valueName":"search_term_string"}}],"inLanguage":"pt-ts"}]}},"_links":{"self":[{"href":"https:\/\/lottohoy.com\/pt-pt\/wp-json\/wp\/v2\/pages\/3861","targetHints":{"allow":["GET"]}}],"collection":[{"href":"https:\/\/lottohoy.com\/pt-pt\/wp-json\/wp\/v2\/pages"}],"about":[{"href":"https:\/\/lottohoy.com\/pt-pt\/wp-json\/wp\/v2\/types\/page"}],"author":[{"embeddable":true,"href":"https:\/\/lottohoy.com\/pt-pt\/wp-json\/wp\/v2\/users\/2"}],"replies":[{"embeddable":true,"href":"https:\/\/lottohoy.com\/pt-pt\/wp-json\/wp\/v2\/comments?post=3861"}],"version-history":[{"count":3,"href":"https:\/\/lottohoy.com\/pt-pt\/wp-json\/wp\/v2\/pages\/3861\/revisions"}],"predecessor-version":[{"id":14980,"href":"https:\/\/lottohoy.com\/pt-pt\/wp-json\/wp\/v2\/pages\/3861\/revisions\/14980"}],"up":[{"embeddable":true,"href":"https:\/\/lottohoy.com\/pt-pt\/wp-json\/wp\/v2\/pages\/3855"}],"wp:attachment":[{"href":"https:\/\/lottohoy.com\/pt-pt\/wp-json\/wp\/v2\/media?parent=3861"}],"curies":[{"name":"wp","href":"https:\/\/api.w.org\/{rel}","templated":true}]}}