{"id":3855,"date":"2018-05-03T14:23:36","date_gmt":"2018-05-03T13:23:36","guid":{"rendered":"https:\/\/www.lottohoy.com\/?page_id=3855"},"modified":"2025-02-14T10:59:20","modified_gmt":"2025-02-14T10:59:20","slug":"resultados","status":"publish","type":"page","link":"https:\/\/lottohoy.com\/pt-pt\/resultados\/","title":{"rendered":"Resultados da Lotaria Online"},"content":{"rendered":"<p>Uma vez terminados os sorteios, os organizadores de <strong>todas as loterias<\/strong> oficializam o resultado, o que se reflete na m\u00eddia e\/ou em p\u00e1ginas especializadas. Em alguns casos, mesmo os desenhos podem ser seguidos ao vivo ou diferidos pela televis\u00e3o.<\/p>\n<p>Na LottoHoy, publicamos <strong>todos os resultados<\/strong> uma vez terminado o escrut\u00ednio, e ent\u00e3o a distribui\u00e7\u00e3o de pr\u00eamios nas diferentes categorias \u00e9 refletida.<\/p>\n<p><!--more--><\/p>\n<h2><strong>Como verificar os resultados da loteria<\/strong><\/h2>\n<p>Para verificar os resultados das loterias, voc\u00ea pode consultar a m\u00eddia dos organizadores da loteria em quest\u00e3o, ou a m\u00eddia de informa\u00e7\u00e3o geral (<em>r\u00e1dio e TV para sua imediatez, e pressionar no dia seguinte<\/em>).<\/p>\n<p>Os usu\u00e1rios de nossa plataforma recebem informa\u00e7\u00f5es do resultado diretamente e elas s\u00e3o refletidas em sua conta. Se for atribu\u00eddo um pr\u00e9mio, o montante \u00e9 creditado directamente no saldo de cada jogador&#8230;.<\/p>\n<h2><strong>Pr\u00e9mios da lotaria<\/strong><\/h2>\n<p>Os <strong>pr\u00eamios da loteria<\/strong> s\u00e3o muito diversos e dependem de v\u00e1rios fatores.<\/p>\n<p>Cada loteria tem seu pr\u00f3prio regulamento que indica a distribui\u00e7\u00e3o dos pr\u00eamios, as categorias que optam por esses pr\u00eamios e os valores m\u00e1ximos e m\u00ednimos para essas categorias.<\/p>\n<p>Em alguns casos, e com exce\u00e7\u00e3o do pr\u00eamio principal (jackpot, jackpot&#8230;), o valor alocado a essas categorias \u00e9 determinado por porcentagens da cole\u00e7\u00e3o para esse sorteio e, em outras loterias, \u00e9 um valor fixo antecipadamente.<\/p>\n<p>O pr\u00eamio da primeira categoria geralmente consiste de um montante inicial m\u00ednimo fixo e uma porcentagem do lucro do sorteio.<\/p>\n<p>Em algumas loterias, se n\u00e3o houver vencedor da primeira categoria, o valor previsto para o pr\u00eamio nessa categoria \u00e9 dividido entre os demais n\u00edveis.<\/p>\n<p>Em outros casos, e \u00e9 aqui que algumas loterias se tornam mais atraentes, se n\u00e3o houver vencedor dessa primeira categoria, esse valor \u00e9 acumulado e adicionado ao pr\u00f3ximo sorteio, gerando <a href=\"https:\/\/lottohoy.com\/pt-pt\/jackpots-da-loteria\/\"><span style=\"color: #993366;\"><strong>jackpots de loteria<\/strong><\/span><\/a> que atingem valores astron\u00f4micos. <em>Algumas loterias limitam o valor m\u00e1ximo e para um determinado per\u00edodo de sorteios sem ganhadores.<\/em><\/p>\n<p>O maior (Jackpot, jackpot &#8230;) acumulado at\u00e9 \u00e0 data foi na loteria <a href=\"https:\/\/lottohoy.com\/pt-pt\/jogar\/powerball\/\"><span style=\"color: #993366;\"><strong>Powerball<\/strong> <\/span><\/a>com um montante estimado de <del>1.500 milh\u00f5es de d\u00f3lares<\/del>.<strong>Em novembro de 2022, superou esse valor, deixando um recorde de US$ 2,04 bilh\u00f5es at\u00e9 o momento.<\/strong><\/p>\n","protected":false},"excerpt":{"rendered":"<p>Uma vez terminados os sorteios, os organizadores de todas as loterias oficializam o resultado, o que se reflete na m\u00eddia e\/ou em p\u00e1ginas especializadas. Em alguns casos, mesmo os desenhos podem ser seguidos ao vivo ou diferidos pela televis\u00e3o. Na LottoHoy, publicamos todos os resultados uma vez terminado o escrut\u00ednio, e ent\u00e3o a distribui\u00e7\u00e3o de [&hellip;]<\/p>\n","protected":false},"author":2,"featured_media":0,"parent":0,"menu_order":4,"comment_status":"closed","ping_status":"closed","template":"Results.php","meta":{"_et_pb_use_builder":"","_et_pb_old_content":"","_et_gb_content_width":"","exclude_from_search":false,"footnotes":""},"class_list":["post-3855","page","type-page","status-publish","hentry"],"yoast_head":"<!-- This site is optimized with the Yoast SEO plugin v23.7 - https:\/\/yoast.com\/wordpress\/plugins\/seo\/ -->\n<title>Resultados da Loteria - sorteios e pr\u00eamios da loteria - LottoToday<\/title>\n<meta name=\"description\" content=\"Resultados atualizados e quase imediatos das principais loterias internacionais, bem como a distribui\u00e7\u00e3o de pr\u00eamios, jackpots acumulados e muito mais.\" \/>\n<meta name=\"robots\" content=\"index, follow, max-snippet:-1, max-image-preview:large, max-video-preview:-1\" \/>\n<link rel=\"canonical\" href=\"https:\/\/lottohoy.com\/pt-pt\/resultados\/\" \/>\n<meta property=\"og:locale\" content=\"pt_PT\" \/>\n<meta property=\"og:type\" content=\"article\" \/>\n<meta property=\"og:title\" content=\"Resultados da Loteria - sorteios e pr\u00eamios da loteria - LottoToday\" \/>\n<meta property=\"og:description\" content=\"Resultados atualizados e quase imediatos das principais loterias internacionais, bem como a distribui\u00e7\u00e3o de pr\u00eamios, jackpots acumulados e muito mais.\" \/>\n<meta property=\"og:url\" content=\"https:\/\/lottohoy.com\/pt-pt\/resultados\/\" \/>\n<meta property=\"og:site_name\" content=\"Lottohoy\" \/>\n<meta property=\"article:modified_time\" content=\"2025-02-14T10:59:20+00:00\" \/>\n<meta name=\"twitter:card\" content=\"summary_large_image\" \/>\n<meta name=\"twitter:label1\" content=\"Est. reading time\" \/>\n\t<meta name=\"twitter:data1\" content=\"2 minutes\" \/>\n<script type=\"application\/ld+json\" class=\"yoast-schema-graph\">{\"@context\":\"https:\/\/schema.org\",\"@graph\":[{\"@type\":\"WebPage\",\"@id\":\"https:\/\/lottohoy.com\/pt-pt\/resultados\/\",\"url\":\"https:\/\/lottohoy.com\/pt-pt\/resultados\/\",\"name\":\"Resultados da Loteria - sorteios e pr\u00eamios da loteria - LottoToday\",\"isPartOf\":{\"@id\":\"https:\/\/lottohoy.com\/pt-pt\/#website\"},\"datePublished\":\"2018-05-03T13:23:36+00:00\",\"dateModified\":\"2025-02-14T10:59:20+00:00\",\"description\":\"Resultados atualizados e quase imediatos das principais loterias internacionais, bem como a distribui\u00e7\u00e3o de pr\u00eamios, jackpots acumulados e muito mais.\",\"breadcrumb\":{\"@id\":\"https:\/\/lottohoy.com\/pt-pt\/resultados\/#breadcrumb\"},\"inLanguage\":\"pt-ts\",\"potentialAction\":[{\"@type\":\"ReadAction\",\"target\":[\"https:\/\/lottohoy.com\/pt-pt\/resultados\/\"]}]},{\"@type\":\"BreadcrumbList\",\"@id\":\"https:\/\/lottohoy.com\/pt-pt\/resultados\/#breadcrumb\",\"itemListElement\":[{\"@type\":\"ListItem\",\"position\":1,\"name\":\"Home\",\"item\":\"https:\/\/lottohoy.com\/pt-pt\/\"},{\"@type\":\"ListItem\",\"position\":2,\"name\":\"Resultados da Lotaria Online\"}]},{\"@type\":\"WebSite\",\"@id\":\"https:\/\/lottohoy.com\/pt-pt\/#website\",\"url\":\"https:\/\/lottohoy.com\/pt-pt\/\",\"name\":\"Lottohoy\",\"description\":\"\",\"potentialAction\":[{\"@type\":\"SearchAction\",\"target\":{\"@type\":\"EntryPoint\",\"urlTemplate\":\"https:\/\/lottohoy.com\/pt-pt\/?s={search_term_string}\"},\"query-input\":{\"@type\":\"PropertyValueSpecification\",\"valueRequired\":true,\"valueName\":\"search_term_string\"}}],\"inLanguage\":\"pt-ts\"}]}<\/script>\n<!-- \/ Yoast SEO plugin. -->","yoast_head_json":{"title":"Resultados da Loteria - sorteios e pr\u00eamios da loteria - LottoToday","description":"Resultados atualizados e quase imediatos das principais loterias internacionais, bem como a distribui\u00e7\u00e3o de pr\u00eamios, jackpots acumulados e muito mais.","robots":{"index":"index","follow":"follow","max-snippet":"max-snippet:-1","max-image-preview":"max-image-preview:large","max-video-preview":"max-video-preview:-1"},"canonical":"https:\/\/lottohoy.com\/pt-pt\/resultados\/","og_locale":"pt_PT","og_type":"article","og_title":"Resultados da Loteria - sorteios e pr\u00eamios da loteria - LottoToday","og_description":"Resultados atualizados e quase imediatos das principais loterias internacionais, bem como a distribui\u00e7\u00e3o de pr\u00eamios, jackpots acumulados e muito mais.","og_url":"https:\/\/lottohoy.com\/pt-pt\/resultados\/","og_site_name":"Lottohoy","article_modified_time":"2025-02-14T10:59:20+00:00","twitter_card":"summary_large_image","twitter_misc":{"Est. reading time":"2 minutes"},"schema":{"@context":"https:\/\/schema.org","@graph":[{"@type":"WebPage","@id":"https:\/\/lottohoy.com\/pt-pt\/resultados\/","url":"https:\/\/lottohoy.com\/pt-pt\/resultados\/","name":"Resultados da Loteria - sorteios e pr\u00eamios da loteria - LottoToday","isPartOf":{"@id":"https:\/\/lottohoy.com\/pt-pt\/#website"},"datePublished":"2018-05-03T13:23:36+00:00","dateModified":"2025-02-14T10:59:20+00:00","description":"Resultados atualizados e quase imediatos das principais loterias internacionais, bem como a distribui\u00e7\u00e3o de pr\u00eamios, jackpots acumulados e muito mais.","breadcrumb":{"@id":"https:\/\/lottohoy.com\/pt-pt\/resultados\/#breadcrumb"},"inLanguage":"pt-ts","potentialAction":[{"@type":"ReadAction","target":["https:\/\/lottohoy.com\/pt-pt\/resultados\/"]}]},{"@type":"BreadcrumbList","@id":"https:\/\/lottohoy.com\/pt-pt\/resultados\/#breadcrumb","itemListElement":[{"@type":"ListItem","position":1,"name":"Home","item":"https:\/\/lottohoy.com\/pt-pt\/"},{"@type":"ListItem","position":2,"name":"Resultados da Lotaria Online"}]},{"@type":"WebSite","@id":"https:\/\/lottohoy.com\/pt-pt\/#website","url":"https:\/\/lottohoy.com\/pt-pt\/","name":"Lottohoy","description":"","potentialAction":[{"@type":"SearchAction","target":{"@type":"EntryPoint","urlTemplate":"https:\/\/lottohoy.com\/pt-pt\/?s={search_term_string}"},"query-input":{"@type":"PropertyValueSpecification","valueRequired":true,"valueName":"search_term_string"}}],"inLanguage":"pt-ts"}]}},"_links":{"self":[{"href":"https:\/\/lottohoy.com\/pt-pt\/wp-json\/wp\/v2\/pages\/3855","targetHints":{"allow":["GET"]}}],"collection":[{"href":"https:\/\/lottohoy.com\/pt-pt\/wp-json\/wp\/v2\/pages"}],"about":[{"href":"https:\/\/lottohoy.com\/pt-pt\/wp-json\/wp\/v2\/types\/page"}],"author":[{"embeddable":true,"href":"https:\/\/lottohoy.com\/pt-pt\/wp-json\/wp\/v2\/users\/2"}],"replies":[{"embeddable":true,"href":"https:\/\/lottohoy.com\/pt-pt\/wp-json\/wp\/v2\/comments?post=3855"}],"version-history":[{"count":2,"href":"https:\/\/lottohoy.com\/pt-pt\/wp-json\/wp\/v2\/pages\/3855\/revisions"}],"predecessor-version":[{"id":14927,"href":"https:\/\/lottohoy.com\/pt-pt\/wp-json\/wp\/v2\/pages\/3855\/revisions\/14927"}],"wp:attachment":[{"href":"https:\/\/lottohoy.com\/pt-pt\/wp-json\/wp\/v2\/media?parent=3855"}],"curies":[{"name":"wp","href":"https:\/\/api.w.org\/{rel}","templated":true}]}}