{"id":3853,"date":"2018-05-03T14:23:36","date_gmt":"2018-05-03T13:23:36","guid":{"rendered":"https:\/\/www.lottohoy.com\/?page_id=3853"},"modified":"2025-02-12T18:25:22","modified_gmt":"2025-02-12T18:25:22","slug":"lotto-uk","status":"publish","type":"page","link":"https:\/\/lottohoy.com\/pt-pt\/lotarias\/lotto-uk\/","title":{"rendered":"Informa\u00e7\u00e3o Loteria Brit\u00e2nica"},"content":{"rendered":"<p>A Loteria da Inglaterra, que come\u00e7ou em 1994, \u00e9 uma loteria Rino Unico realizada todas as quartas e s\u00e1bados. Tamb\u00e9m tem um pr\u00e9mio m\u00ednimo garantido de \u00a32,500,000.<\/p>\n<p><!--more--><\/p>\n<h2><strong>O que \u00e9 o Lotto UK?<\/strong><\/h2>\n<p>A Loteria do Reino Unido (Lotto UK) \u00e9 a loteria nacional do Reino Unido, pois j\u00e1 mencionamos que foi criada em 1994 e, desde ent\u00e3o, tem havido um interesse crescente por ela, portanto, houve algumas mudan\u00e7as em seus regulamentos.<\/p>\n<p>As bolas que comp\u00f5em e determinam as combina\u00e7\u00f5es vencedoras s\u00e3o 59 no total, e curiosamente s\u00e3o divididas em cores para que cada d\u00fazia de n\u00fameros seja de uma cor diferente (1 a 9 s\u00e3o brancos, 10 a 19 azuis, e seguidos por rosa, verde, amarelo e violeta).<\/p>\n<p>O sorteio consiste em extrair 6 bolas + uma s\u00e9tima como &#8220;b\u00f3nus&#8221;, e com cada boletim de apostas \u00e9 anexado um c\u00f3digo de letras e n\u00fameros para participar no Sorteio Milion\u00e1rio sem qualquer custo, nas administra\u00e7\u00f5es f\u00edsicas.<\/p>\n<p>O jackpot m\u00ednimo garantido \u00e9 de \u00a32.500.000, enquanto o m\u00e1ximo que pode ser alcan\u00e7ado com v\u00e1rias acumula\u00e7\u00f5es \u00e9 de 22 milh\u00f5es de libras.<\/p>\n<p>A distribui\u00e7\u00e3o de pr\u00eamios \u00e9 distribu\u00edda em 7 categorias de acordo com os detalhes:<\/p>\n<ul>\n<li><strong>Primeira categoria.<\/strong> Combinando os 6 n\u00fameros da combina\u00e7\u00e3o sorteada, o Jackpot ganha.<\/li>\n<li><strong>Segunda categoria<\/strong>. Ao igualar os 5 n\u00fameros + a bola b\u00f3nus, ganha um pr\u00e9mio estimado em 50.000\u20ac.<\/li>\n<li><strong>Terceira categoria<\/strong>. Combinando 5 n\u00fameros, voc\u00ea ganha um pr\u00eamio estimado de \u00a31.000.<\/li>\n<li><strong>Quarta categoria.<\/strong> Combinando 4 n\u00fameros, voc\u00ea ganha um pr\u00eamio estimado de \u00a3100.<\/li>\n<li><strong>Quinta categoria<\/strong>. Combinando 3 n\u00fameros, ele ganha 25 libras.<\/li>\n<li><strong>Sexta categoria<\/strong>. Combinando 2 n\u00fameros, ganhe um bilhete gr\u00e1tis da Lotto Lucky Dip.<\/li>\n<\/ul>\n<h2><strong>Como apostar na Loteria do Reino Unido (Lotto UK)?<\/strong><\/h2>\n<p>Jogar na Lotto UK em LottoHoy.com \u00e9 muito f\u00e1cil, se voc\u00ea j\u00e1 tem uma conta de usu\u00e1rio, simplesmente entre na tela da Lotto UK, fa\u00e7a as apostas desejadas e proceda ao pagamento atrav\u00e9s de qualquer um dos meios de pagamento que disponibilizamos ou fundos pr\u00f3prios na conta, se voc\u00ea os tiver.<\/p>\n<p>Para aqueles que ainda n\u00e3o t\u00eam uma conta de usu\u00e1rio, pode registrar em poucos segundos e, em seguida, o procedimento de entrada \u00e9 o mesmo.<\/p>\n<p>Uma vez na p\u00e1gina da <a href=\"https:\/\/lottohoy.com\/pt-pt\/jogar\/lotto-uk\/\"><span style=\"color: #800080;\"><strong>jogar Lotto UK<\/strong><\/span><\/a> podemos ver 5 blocos ou colunas com caixas numeradas de 1 a 59 respectivamente, e devemos escolher 6 n\u00fameros da primeira coluna (um bilhete) se quisermos fazer uma \u00fanica aposta.<\/p>\n<p>Se voc\u00ea quiser jogar mais colunas, esta p\u00e1gina mostra at\u00e9 5 colunas, mas clicando no quadrado que diz MAIS LINHAS, abre a possibilidade de ter 10 colunas para jogar.<\/p>\n<p>Uma vez decididas as colunas (apostas) que deseja, simplesmente CONTINUA e fa\u00e7a o pagamento.<\/p>\n<h3><strong>Pre\u00e7o da aposta Lotto UK<\/strong><\/h3>\n<p>O pre\u00e7o oficial de cada aposta na Loteria do Reino Unido \u00e9 de 4,75 \u20ac, mas este pre\u00e7o pode variar significativamente para aqueles que compram fora do Reino Unido e fazem a compra online.<\/p>\n<p>A diferen\u00e7a no pre\u00e7o da aposta pode ser motivada pelo pagamento de comiss\u00e3o ao agente f\u00edsico que efectua a compra no Reino Unido e pelos custos de gest\u00e3o da plataforma online.<\/p>\n<h2><strong>Probabilidade de ganhar na loteria do Reino Unido (Lotto UK)<\/strong><\/h2>\n<p>Todos n\u00f3s queremos ganhar o m\u00e1ximo de dinheiro poss\u00edvel quando jogamos na loteria. Na tabela abaixo pode ver a probabilidade de ganhar qualquer um dos pr\u00e9mios. Combine estas estat\u00edsticas com os \u00faltimos <a href=\"https:\/\/lottohoy.com\/pt-pt\/resultados\/lotto-uk\/\"><span style=\"color: #800080;\"><strong>resultados da Lotto UK<\/strong><\/span><\/a> para obter o m\u00e1ximo lucro.<\/p>\n<p><!--more--><\/p>\n","protected":false},"excerpt":{"rendered":"<p>A Loteria da Inglaterra, que come\u00e7ou em 1994, \u00e9 uma loteria Rino Unico realizada todas as quartas e s\u00e1bados. Tamb\u00e9m tem um pr\u00e9mio m\u00ednimo garantido de \u00a32,500,000.<\/p>\n","protected":false},"author":2,"featured_media":0,"parent":3820,"menu_order":3,"comment_status":"closed","ping_status":"closed","template":"lotto-uk-info.php","meta":{"_et_pb_use_builder":"","_et_pb_old_content":"","_et_gb_content_width":"","exclude_from_search":false,"footnotes":""},"class_list":["post-3853","page","type-page","status-publish","hentry"],"yoast_head":"<!-- This site is optimized with the Yoast SEO plugin v23.7 - https:\/\/yoast.com\/wordpress\/plugins\/seo\/ -->\n<title>Informa\u00e7\u00f5es sobre a Lotto UK - Regras, pre\u00e7os e pr\u00eamios - LottoHoy.com<\/title>\n<meta name=\"description\" content=\"A Lotto UK \u00e9 uma loteria da GB realizada todas as quartas-feiras e s\u00e1bados. Tem um pr\u00e9mio m\u00ednimo garantido de 2.500.000\u20ac. Jogue agora!\" \/>\n<meta name=\"robots\" content=\"index, follow, max-snippet:-1, max-image-preview:large, max-video-preview:-1\" \/>\n<link rel=\"canonical\" href=\"https:\/\/lottohoy.com\/pt-pt\/lotarias\/lotto-uk\/\" \/>\n<meta property=\"og:locale\" content=\"pt_PT\" \/>\n<meta property=\"og:type\" content=\"article\" \/>\n<meta property=\"og:title\" content=\"Informa\u00e7\u00f5es sobre a Lotto UK - Regras, pre\u00e7os e pr\u00eamios - LottoHoy.com\" \/>\n<meta property=\"og:description\" content=\"A Lotto UK \u00e9 uma loteria da GB realizada todas as quartas-feiras e s\u00e1bados. Tem um pr\u00e9mio m\u00ednimo garantido de 2.500.000\u20ac. Jogue agora!\" \/>\n<meta property=\"og:url\" content=\"https:\/\/lottohoy.com\/pt-pt\/lotarias\/lotto-uk\/\" \/>\n<meta property=\"og:site_name\" content=\"Lottohoy\" \/>\n<meta property=\"article:modified_time\" content=\"2025-02-12T18:25:22+00:00\" \/>\n<meta name=\"twitter:card\" content=\"summary_large_image\" \/>\n<meta name=\"twitter:label1\" content=\"Est. reading time\" \/>\n\t<meta name=\"twitter:data1\" content=\"3 minutes\" \/>\n<script type=\"application\/ld+json\" class=\"yoast-schema-graph\">{\"@context\":\"https:\/\/schema.org\",\"@graph\":[{\"@type\":\"WebPage\",\"@id\":\"https:\/\/lottohoy.com\/pt-pt\/lotarias\/lotto-uk\/\",\"url\":\"https:\/\/lottohoy.com\/pt-pt\/lotarias\/lotto-uk\/\",\"name\":\"Informa\u00e7\u00f5es sobre a Lotto UK - Regras, pre\u00e7os e pr\u00eamios - LottoHoy.com\",\"isPartOf\":{\"@id\":\"https:\/\/lottohoy.com\/pt-pt\/#website\"},\"datePublished\":\"2018-05-03T13:23:36+00:00\",\"dateModified\":\"2025-02-12T18:25:22+00:00\",\"description\":\"A Lotto UK \u00e9 uma loteria da GB realizada todas as quartas-feiras e s\u00e1bados. Tem um pr\u00e9mio m\u00ednimo garantido de 2.500.000\u20ac. Jogue agora!\",\"breadcrumb\":{\"@id\":\"https:\/\/lottohoy.com\/pt-pt\/lotarias\/lotto-uk\/#breadcrumb\"},\"inLanguage\":\"pt-ts\",\"potentialAction\":[{\"@type\":\"ReadAction\",\"target\":[\"https:\/\/lottohoy.com\/pt-pt\/lotarias\/lotto-uk\/\"]}]},{\"@type\":\"BreadcrumbList\",\"@id\":\"https:\/\/lottohoy.com\/pt-pt\/lotarias\/lotto-uk\/#breadcrumb\",\"itemListElement\":[{\"@type\":\"ListItem\",\"position\":1,\"name\":\"Home\",\"item\":\"https:\/\/lottohoy.com\/pt-pt\/\"},{\"@type\":\"ListItem\",\"position\":2,\"name\":\"Tudo sobre a loteria online\",\"item\":\"https:\/\/lottohoy.com\/pt-pt\/lotarias\/\"},{\"@type\":\"ListItem\",\"position\":3,\"name\":\"Informa\u00e7\u00e3o Loteria Brit\u00e2nica\"}]},{\"@type\":\"WebSite\",\"@id\":\"https:\/\/lottohoy.com\/pt-pt\/#website\",\"url\":\"https:\/\/lottohoy.com\/pt-pt\/\",\"name\":\"Lottohoy\",\"description\":\"\",\"potentialAction\":[{\"@type\":\"SearchAction\",\"target\":{\"@type\":\"EntryPoint\",\"urlTemplate\":\"https:\/\/lottohoy.com\/pt-pt\/?s={search_term_string}\"},\"query-input\":{\"@type\":\"PropertyValueSpecification\",\"valueRequired\":true,\"valueName\":\"search_term_string\"}}],\"inLanguage\":\"pt-ts\"}]}<\/script>\n<!-- \/ Yoast SEO plugin. -->","yoast_head_json":{"title":"Informa\u00e7\u00f5es sobre a Lotto UK - Regras, pre\u00e7os e pr\u00eamios - LottoHoy.com","description":"A Lotto UK \u00e9 uma loteria da GB realizada todas as quartas-feiras e s\u00e1bados. Tem um pr\u00e9mio m\u00ednimo garantido de 2.500.000\u20ac. Jogue agora!","robots":{"index":"index","follow":"follow","max-snippet":"max-snippet:-1","max-image-preview":"max-image-preview:large","max-video-preview":"max-video-preview:-1"},"canonical":"https:\/\/lottohoy.com\/pt-pt\/lotarias\/lotto-uk\/","og_locale":"pt_PT","og_type":"article","og_title":"Informa\u00e7\u00f5es sobre a Lotto UK - Regras, pre\u00e7os e pr\u00eamios - LottoHoy.com","og_description":"A Lotto UK \u00e9 uma loteria da GB realizada todas as quartas-feiras e s\u00e1bados. Tem um pr\u00e9mio m\u00ednimo garantido de 2.500.000\u20ac. Jogue agora!","og_url":"https:\/\/lottohoy.com\/pt-pt\/lotarias\/lotto-uk\/","og_site_name":"Lottohoy","article_modified_time":"2025-02-12T18:25:22+00:00","twitter_card":"summary_large_image","twitter_misc":{"Est. reading time":"3 minutes"},"schema":{"@context":"https:\/\/schema.org","@graph":[{"@type":"WebPage","@id":"https:\/\/lottohoy.com\/pt-pt\/lotarias\/lotto-uk\/","url":"https:\/\/lottohoy.com\/pt-pt\/lotarias\/lotto-uk\/","name":"Informa\u00e7\u00f5es sobre a Lotto UK - Regras, pre\u00e7os e pr\u00eamios - LottoHoy.com","isPartOf":{"@id":"https:\/\/lottohoy.com\/pt-pt\/#website"},"datePublished":"2018-05-03T13:23:36+00:00","dateModified":"2025-02-12T18:25:22+00:00","description":"A Lotto UK \u00e9 uma loteria da GB realizada todas as quartas-feiras e s\u00e1bados. Tem um pr\u00e9mio m\u00ednimo garantido de 2.500.000\u20ac. Jogue agora!","breadcrumb":{"@id":"https:\/\/lottohoy.com\/pt-pt\/lotarias\/lotto-uk\/#breadcrumb"},"inLanguage":"pt-ts","potentialAction":[{"@type":"ReadAction","target":["https:\/\/lottohoy.com\/pt-pt\/lotarias\/lotto-uk\/"]}]},{"@type":"BreadcrumbList","@id":"https:\/\/lottohoy.com\/pt-pt\/lotarias\/lotto-uk\/#breadcrumb","itemListElement":[{"@type":"ListItem","position":1,"name":"Home","item":"https:\/\/lottohoy.com\/pt-pt\/"},{"@type":"ListItem","position":2,"name":"Tudo sobre a loteria online","item":"https:\/\/lottohoy.com\/pt-pt\/lotarias\/"},{"@type":"ListItem","position":3,"name":"Informa\u00e7\u00e3o Loteria Brit\u00e2nica"}]},{"@type":"WebSite","@id":"https:\/\/lottohoy.com\/pt-pt\/#website","url":"https:\/\/lottohoy.com\/pt-pt\/","name":"Lottohoy","description":"","potentialAction":[{"@type":"SearchAction","target":{"@type":"EntryPoint","urlTemplate":"https:\/\/lottohoy.com\/pt-pt\/?s={search_term_string}"},"query-input":{"@type":"PropertyValueSpecification","valueRequired":true,"valueName":"search_term_string"}}],"inLanguage":"pt-ts"}]}},"_links":{"self":[{"href":"https:\/\/lottohoy.com\/pt-pt\/wp-json\/wp\/v2\/pages\/3853","targetHints":{"allow":["GET"]}}],"collection":[{"href":"https:\/\/lottohoy.com\/pt-pt\/wp-json\/wp\/v2\/pages"}],"about":[{"href":"https:\/\/lottohoy.com\/pt-pt\/wp-json\/wp\/v2\/types\/page"}],"author":[{"embeddable":true,"href":"https:\/\/lottohoy.com\/pt-pt\/wp-json\/wp\/v2\/users\/2"}],"replies":[{"embeddable":true,"href":"https:\/\/lottohoy.com\/pt-pt\/wp-json\/wp\/v2\/comments?post=3853"}],"version-history":[{"count":3,"href":"https:\/\/lottohoy.com\/pt-pt\/wp-json\/wp\/v2\/pages\/3853\/revisions"}],"predecessor-version":[{"id":14785,"href":"https:\/\/lottohoy.com\/pt-pt\/wp-json\/wp\/v2\/pages\/3853\/revisions\/14785"}],"up":[{"embeddable":true,"href":"https:\/\/lottohoy.com\/pt-pt\/wp-json\/wp\/v2\/pages\/3820"}],"wp:attachment":[{"href":"https:\/\/lottohoy.com\/pt-pt\/wp-json\/wp\/v2\/media?parent=3853"}],"curies":[{"name":"wp","href":"https:\/\/api.w.org\/{rel}","templated":true}]}}